{"id":154796,"date":"2024-05-13T14:19:17","date_gmt":"2024-05-13T12:19:17","guid":{"rendered":"https:\/\/www.eliassen.nl\/?product=zuil-roest-verlicht-allium"},"modified":"2024-12-05T17:23:54","modified_gmt":"2024-12-05T16:23:54","slug":"saule-rost-beleuchtet-allium-110cm","status":"publish","type":"product","link":"https:\/\/dev.eliassen.nl\/de\/saule-rost-beleuchtet-allium-110cm\/","title":{"rendered":"S\u00e4ule rost beleuchtet Allium 110cm"},"content":{"rendered":"<p>Diese beleuchtete S\u00e4ule sorgt f\u00fcr eine besondere Atmosph\u00e4re in Ihrem Garten. Auf diesem Sockel ist Allium zu sehen, das im Dunkeln warmwei\u00dfes Licht erstrahlen l\u00e4sst. Diese S\u00e4ule besteht aus 2 mm dickem, unbehandeltem Eisen, was ihr eine sch\u00f6ne und zeitlose (rost-)braune Farbe verleiht.<\/p>\n<p>Dieser Sockel ist mit einer kleinen LED-Leuchte ausgestattet, die von einer Ablage gehalten wird. Sie legen das LED-Licht nach unten, platzieren den Sockel dar\u00fcber und fertig.<\/p>\n<p>Sie werden von der m\u00e4rchenhaften Atmosph\u00e4re begeistert sein, die diese halbrunde S\u00e4ule erzeugt.<\/p>\n<p>Dieser Sockel kann mit einem Topf, einer Statue oder einer Sonnenuhr \u00fcberall im Garten aufgestellt werden.<\/p>\n<ul>\n<li>Gr\u00f6\u00dfe: ca. 22x22x110cm hoch<\/li>\n<li>Inklusive LED-Licht 1 Watt, mit einer Kabell\u00e4nge von 7,5 Metern<\/li>\n<li>Material: unbehandeltes Metall, 2 mm dick<\/li>\n<li>2 Jahre Garantie<\/li>\n<li>Achten Sie auf Rostflecken auf Zierpflaster<\/li>\n<\/ul>\n","protected":false},"excerpt":{"rendered":"<p>Diese beleuchtete S\u00e4ule sorgt f\u00fcr eine besondere Atmosph\u00e4re in Ihrem Garten. Auf diesem Sockel ist Allium zu sehen, das im Dunkeln warmwei\u00dfes Licht erstrahlen l\u00e4sst. Diese S\u00e4ule besteht aus 2 mm dickem, unbehandeltem Eisen, was ihr eine sch\u00f6ne und zeitlose (rost-)braune Farbe verleiht. Dieser Sockel ist mit einer kleinen LED-Leuchte ausgestattet, die von einer Ablage &hellip;<\/p>\n","protected":false},"featured_media":154793,"template":"","meta":{"_acf_changed":false},"product_brand":[],"product_cat":[899,797,782,746],"product_tag":[],"class_list":{"0":"post-154796","1":"product","2":"type-product","3":"status-publish","4":"has-post-thumbnail","6":"product_cat-ambientebeleuchtung-aussen","7":"product_cat-metallsockel","8":"product_cat-sockel","9":"product_cat-stimmungsvolle-beleuchtung","11":"first","12":"instock","13":"taxable","14":"shipping-taxable","15":"purchasable","16":"product-type-simple"},"acf":[],"yoast_head":"<!-- This site is optimized with the Yoast SEO plugin v23.8 - https:\/\/yoast.com\/wordpress\/plugins\/seo\/ -->\n<title>S\u00e4ule rost beleuchtet Allium 110cm - Eliassen.nl<\/title>\n<meta name=\"description\" content=\"M\u00f6chten Sie eine sch\u00f6ne und einzigartige Beleuchtung in Ihrem Garten? Diese rostfarbene S\u00e4ule in quadratischer Form mit Allium ist wundersch\u00f6n in ovaler Form...\" \/>\n<meta name=\"robots\" content=\"noindex, follow, max-snippet:-1, max-image-preview:large, max-video-preview:-1\" \/>\n<meta property=\"og:locale\" content=\"de_DE\" \/>\n<meta property=\"og:type\" content=\"article\" \/>\n<meta property=\"og:title\" content=\"S\u00e4ule rost beleuchtet Allium 110cm - Eliassen.nl\" \/>\n<meta property=\"og:description\" content=\"M\u00f6chten Sie eine sch\u00f6ne und einzigartige Beleuchtung in Ihrem Garten? Diese rostfarbene S\u00e4ule in quadratischer Form mit Allium ist wundersch\u00f6n in ovaler Form...\" \/>\n<meta property=\"og:url\" content=\"https:\/\/dev.eliassen.nl\/de\/saule-rost-beleuchtet-allium-110cm\/\" \/>\n<meta property=\"og:site_name\" content=\"Eliassen.nl\" \/>\n<meta property=\"article:publisher\" content=\"https:\/\/www.facebook.com\/TuincentrumEliassenAmmerzoden\" \/>\n<meta property=\"article:modified_time\" content=\"2024-12-05T16:23:54+00:00\" \/>\n<meta property=\"og:image\" content=\"https:\/\/dev.eliassen.nl\/wp-content\/uploads\/2024\/10\/verlichtesokkelallium110cmeliassennl.jpg\" \/>\n\t<meta property=\"og:image:width\" content=\"166\" \/>\n\t<meta property=\"og:image:height\" content=\"533\" \/>\n\t<meta property=\"og:image:type\" content=\"image\/jpeg\" \/>\n<meta name=\"twitter:card\" content=\"summary_large_image\" \/>\n<script type=\"application\/ld+json\" class=\"yoast-schema-graph\">{\"@context\":\"https:\/\/schema.org\",\"@graph\":[{\"@type\":\"WebPage\",\"@id\":\"https:\/\/dev.eliassen.nl\/de\/saule-rost-beleuchtet-allium-110cm\/\",\"url\":\"https:\/\/dev.eliassen.nl\/de\/saule-rost-beleuchtet-allium-110cm\/\",\"name\":\"S\u00e4ule rost beleuchtet Allium 110cm - Eliassen.nl\",\"isPartOf\":{\"@id\":\"https:\/\/dev.eliassen.nl\/de\/#website\"},\"primaryImageOfPage\":{\"@id\":\"https:\/\/dev.eliassen.nl\/de\/saule-rost-beleuchtet-allium-110cm\/#primaryimage\"},\"image\":{\"@id\":\"https:\/\/dev.eliassen.nl\/de\/saule-rost-beleuchtet-allium-110cm\/#primaryimage\"},\"thumbnailUrl\":\"https:\/\/dev.eliassen.nl\/wp-content\/uploads\/2024\/10\/verlichtesokkelallium110cmeliassennl.jpg\",\"datePublished\":\"2024-05-13T12:19:17+00:00\",\"dateModified\":\"2024-12-05T16:23:54+00:00\",\"description\":\"M\u00f6chten Sie eine sch\u00f6ne und einzigartige Beleuchtung in Ihrem Garten? Diese rostfarbene S\u00e4ule in quadratischer Form mit Allium ist wundersch\u00f6n in ovaler Form...\",\"breadcrumb\":{\"@id\":\"https:\/\/dev.eliassen.nl\/de\/saule-rost-beleuchtet-allium-110cm\/#breadcrumb\"},\"inLanguage\":\"de\",\"potentialAction\":[{\"@type\":\"ReadAction\",\"target\":[\"https:\/\/dev.eliassen.nl\/de\/saule-rost-beleuchtet-allium-110cm\/\"]}]},{\"@type\":\"ImageObject\",\"inLanguage\":\"de\",\"@id\":\"https:\/\/dev.eliassen.nl\/de\/saule-rost-beleuchtet-allium-110cm\/#primaryimage\",\"url\":\"https:\/\/dev.eliassen.nl\/wp-content\/uploads\/2024\/10\/verlichtesokkelallium110cmeliassennl.jpg\",\"contentUrl\":\"https:\/\/dev.eliassen.nl\/wp-content\/uploads\/2024\/10\/verlichtesokkelallium110cmeliassennl.jpg\",\"width\":166,\"height\":533,\"caption\":\"Verlichte sokkel Allium 110cm Eliassen.nl\"},{\"@type\":\"BreadcrumbList\",\"@id\":\"https:\/\/dev.eliassen.nl\/de\/saule-rost-beleuchtet-allium-110cm\/#breadcrumb\",\"itemListElement\":[{\"@type\":\"ListItem\",\"position\":1,\"name\":\"Home\",\"item\":\"https:\/\/dev.eliassen.nl\/de\/\"},{\"@type\":\"ListItem\",\"position\":2,\"name\":\"Shop\",\"item\":\"https:\/\/dev.eliassen.nl\/nl\/winkel\/\"},{\"@type\":\"ListItem\",\"position\":3,\"name\":\"Stimmungsvolle Beleuchtung\",\"item\":\"https:\/\/dev.eliassen.nl\/de\/stimmungsvolle-beleuchtung\/\"},{\"@type\":\"ListItem\",\"position\":4,\"name\":\"Ambientebeleuchtung au\u00dfen\",\"item\":\"https:\/\/dev.eliassen.nl\/de\/stimmungsvolle-beleuchtung\/ambientebeleuchtung-aussen\/\"},{\"@type\":\"ListItem\",\"position\":5,\"name\":\"S\u00e4ule rost beleuchtet Allium 110cm\"}]},{\"@type\":\"WebSite\",\"@id\":\"https:\/\/dev.eliassen.nl\/de\/#website\",\"url\":\"https:\/\/dev.eliassen.nl\/de\/\",\"name\":\"Eliassen Home & Garden Pleasure\",\"description\":\"\",\"publisher\":{\"@id\":\"https:\/\/dev.eliassen.nl\/de\/#organization\"},\"alternateName\":\"Eliassen.nl\",\"potentialAction\":[{\"@type\":\"SearchAction\",\"target\":{\"@type\":\"EntryPoint\",\"urlTemplate\":\"https:\/\/dev.eliassen.nl\/de\/?s={search_term_string}\"},\"query-input\":{\"@type\":\"PropertyValueSpecification\",\"valueRequired\":true,\"valueName\":\"search_term_string\"}}],\"inLanguage\":\"de\"},{\"@type\":\"Organization\",\"@id\":\"https:\/\/dev.eliassen.nl\/de\/#organization\",\"name\":\"Eliassen Home & Garden Pleasure\",\"url\":\"https:\/\/dev.eliassen.nl\/de\/\",\"logo\":{\"@type\":\"ImageObject\",\"inLanguage\":\"de\",\"@id\":\"https:\/\/dev.eliassen.nl\/de\/#\/schema\/logo\/image\/\",\"url\":\"https:\/\/www.eliassen.nl\/wp-content\/uploads\/2024\/01\/logo_4nd.jpg\",\"contentUrl\":\"https:\/\/www.eliassen.nl\/wp-content\/uploads\/2024\/01\/logo_4nd.jpg\",\"width\":500,\"height\":500,\"caption\":\"Eliassen Home & Garden Pleasure\"},\"image\":{\"@id\":\"https:\/\/dev.eliassen.nl\/de\/#\/schema\/logo\/image\/\"},\"sameAs\":[\"https:\/\/www.facebook.com\/TuincentrumEliassenAmmerzoden\",\"https:\/\/www.instagram.com\/eliassenhomeandgarden\/\",\"https:\/\/nl.pinterest.com\/eliassenhomeandgarden\/\",\"https:\/\/www.youtube.com\/@eliassenhomegardenpleasure4558\"]}]}<\/script>\n<!-- \/ Yoast SEO plugin. -->","yoast_head_json":{"title":"S\u00e4ule rost beleuchtet Allium 110cm - Eliassen.nl","description":"M\u00f6chten Sie eine sch\u00f6ne und einzigartige Beleuchtung in Ihrem Garten? Diese rostfarbene S\u00e4ule in quadratischer Form mit Allium ist wundersch\u00f6n in ovaler Form...","robots":{"index":"noindex","follow":"follow","max-snippet":"max-snippet:-1","max-image-preview":"max-image-preview:large","max-video-preview":"max-video-preview:-1"},"og_locale":"de_DE","og_type":"article","og_title":"S\u00e4ule rost beleuchtet Allium 110cm - Eliassen.nl","og_description":"M\u00f6chten Sie eine sch\u00f6ne und einzigartige Beleuchtung in Ihrem Garten? Diese rostfarbene S\u00e4ule in quadratischer Form mit Allium ist wundersch\u00f6n in ovaler Form...","og_url":"https:\/\/dev.eliassen.nl\/de\/saule-rost-beleuchtet-allium-110cm\/","og_site_name":"Eliassen.nl","article_publisher":"https:\/\/www.facebook.com\/TuincentrumEliassenAmmerzoden","article_modified_time":"2024-12-05T16:23:54+00:00","og_image":[{"width":166,"height":533,"url":"https:\/\/dev.eliassen.nl\/wp-content\/uploads\/2024\/10\/verlichtesokkelallium110cmeliassennl.jpg","type":"image\/jpeg"}],"twitter_card":"summary_large_image","schema":{"@context":"https:\/\/schema.org","@graph":[{"@type":"WebPage","@id":"https:\/\/dev.eliassen.nl\/de\/saule-rost-beleuchtet-allium-110cm\/","url":"https:\/\/dev.eliassen.nl\/de\/saule-rost-beleuchtet-allium-110cm\/","name":"S\u00e4ule rost beleuchtet Allium 110cm - Eliassen.nl","isPartOf":{"@id":"https:\/\/dev.eliassen.nl\/de\/#website"},"primaryImageOfPage":{"@id":"https:\/\/dev.eliassen.nl\/de\/saule-rost-beleuchtet-allium-110cm\/#primaryimage"},"image":{"@id":"https:\/\/dev.eliassen.nl\/de\/saule-rost-beleuchtet-allium-110cm\/#primaryimage"},"thumbnailUrl":"https:\/\/dev.eliassen.nl\/wp-content\/uploads\/2024\/10\/verlichtesokkelallium110cmeliassennl.jpg","datePublished":"2024-05-13T12:19:17+00:00","dateModified":"2024-12-05T16:23:54+00:00","description":"M\u00f6chten Sie eine sch\u00f6ne und einzigartige Beleuchtung in Ihrem Garten? Diese rostfarbene S\u00e4ule in quadratischer Form mit Allium ist wundersch\u00f6n in ovaler Form...","breadcrumb":{"@id":"https:\/\/dev.eliassen.nl\/de\/saule-rost-beleuchtet-allium-110cm\/#breadcrumb"},"inLanguage":"de","potentialAction":[{"@type":"ReadAction","target":["https:\/\/dev.eliassen.nl\/de\/saule-rost-beleuchtet-allium-110cm\/"]}]},{"@type":"ImageObject","inLanguage":"de","@id":"https:\/\/dev.eliassen.nl\/de\/saule-rost-beleuchtet-allium-110cm\/#primaryimage","url":"https:\/\/dev.eliassen.nl\/wp-content\/uploads\/2024\/10\/verlichtesokkelallium110cmeliassennl.jpg","contentUrl":"https:\/\/dev.eliassen.nl\/wp-content\/uploads\/2024\/10\/verlichtesokkelallium110cmeliassennl.jpg","width":166,"height":533,"caption":"Verlichte sokkel Allium 110cm Eliassen.nl"},{"@type":"BreadcrumbList","@id":"https:\/\/dev.eliassen.nl\/de\/saule-rost-beleuchtet-allium-110cm\/#breadcrumb","itemListElement":[{"@type":"ListItem","position":1,"name":"Home","item":"https:\/\/dev.eliassen.nl\/de\/"},{"@type":"ListItem","position":2,"name":"Shop","item":"https:\/\/dev.eliassen.nl\/nl\/winkel\/"},{"@type":"ListItem","position":3,"name":"Stimmungsvolle Beleuchtung","item":"https:\/\/dev.eliassen.nl\/de\/stimmungsvolle-beleuchtung\/"},{"@type":"ListItem","position":4,"name":"Ambientebeleuchtung au\u00dfen","item":"https:\/\/dev.eliassen.nl\/de\/stimmungsvolle-beleuchtung\/ambientebeleuchtung-aussen\/"},{"@type":"ListItem","position":5,"name":"S\u00e4ule rost beleuchtet Allium 110cm"}]},{"@type":"WebSite","@id":"https:\/\/dev.eliassen.nl\/de\/#website","url":"https:\/\/dev.eliassen.nl\/de\/","name":"Eliassen Home & Garden Pleasure","description":"","publisher":{"@id":"https:\/\/dev.eliassen.nl\/de\/#organization"},"alternateName":"Eliassen.nl","potentialAction":[{"@type":"SearchAction","target":{"@type":"EntryPoint","urlTemplate":"https:\/\/dev.eliassen.nl\/de\/?s={search_term_string}"},"query-input":{"@type":"PropertyValueSpecification","valueRequired":true,"valueName":"search_term_string"}}],"inLanguage":"de"},{"@type":"Organization","@id":"https:\/\/dev.eliassen.nl\/de\/#organization","name":"Eliassen Home & Garden Pleasure","url":"https:\/\/dev.eliassen.nl\/de\/","logo":{"@type":"ImageObject","inLanguage":"de","@id":"https:\/\/dev.eliassen.nl\/de\/#\/schema\/logo\/image\/","url":"https:\/\/www.eliassen.nl\/wp-content\/uploads\/2024\/01\/logo_4nd.jpg","contentUrl":"https:\/\/www.eliassen.nl\/wp-content\/uploads\/2024\/01\/logo_4nd.jpg","width":500,"height":500,"caption":"Eliassen Home & Garden Pleasure"},"image":{"@id":"https:\/\/dev.eliassen.nl\/de\/#\/schema\/logo\/image\/"},"sameAs":["https:\/\/www.facebook.com\/TuincentrumEliassenAmmerzoden","https:\/\/www.instagram.com\/eliassenhomeandgarden\/","https:\/\/nl.pinterest.com\/eliassenhomeandgarden\/","https:\/\/www.youtube.com\/@eliassenhomegardenpleasure4558"]}]}},"df_price":210,"df_sale_price":"","df_regular_price":210,"df_image_link":"https:\/\/dev.eliassen.nl\/wp-content\/uploads\/2024\/10\/verlichtesokkelallium110cmeliassennl.jpg","image":"https:\/\/dev.eliassen.nl\/wp-content\/uploads\/2024\/10\/verlichtesokkelallium110cmeliassennl.jpg","price_search":"<span class=\"woocommerce-Price-amount amount\"><bdi><span class=\"woocommerce-Price-currencySymbol\">&euro;<\/span>&nbsp;210,00<\/bdi><\/span>","category":"Ambientebeleuchtung au\u00dfen","_links":{"self":[{"href":"https:\/\/dev.eliassen.nl\/de\/wp-json\/wp\/v2\/product\/154796","targetHints":{"allow":["GET"]}}],"collection":[{"href":"https:\/\/dev.eliassen.nl\/de\/wp-json\/wp\/v2\/product"}],"about":[{"href":"https:\/\/dev.eliassen.nl\/de\/wp-json\/wp\/v2\/types\/product"}],"wp:featuredmedia":[{"embeddable":true,"href":"https:\/\/dev.eliassen.nl\/de\/wp-json\/wp\/v2\/media\/154793"}],"wp:attachment":[{"href":"https:\/\/dev.eliassen.nl\/de\/wp-json\/wp\/v2\/media?parent=154796"}],"wp:term":[{"taxonomy":"product_brand","embeddable":true,"href":"https:\/\/dev.eliassen.nl\/de\/wp-json\/wp\/v2\/product_brand?post=154796"},{"taxonomy":"product_cat","embeddable":true,"href":"https:\/\/dev.eliassen.nl\/de\/wp-json\/wp\/v2\/product_cat?post=154796"},{"taxonomy":"product_tag","embeddable":true,"href":"https:\/\/dev.eliassen.nl\/de\/wp-json\/wp\/v2\/product_tag?post=154796"}],"curies":[{"name":"wp","href":"https:\/\/api.w.org\/{rel}","templated":true}]}}