{"id":154886,"date":"2024-05-14T15:40:13","date_gmt":"2024-05-14T13:40:13","guid":{"rendered":"https:\/\/www.eliassen.nl\/?product=bloempot-hoofd-op-handen-antraciet-33cm"},"modified":"2024-12-05T17:24:22","modified_gmt":"2024-12-05T16:24:22","slug":"blumentopf-kopf-auf-handen-anthrazit-33cm","status":"publish","type":"product","link":"https:\/\/dev.eliassen.nl\/de\/blumentopf-kopf-auf-handen-anthrazit-33cm\/","title":{"rendered":"Blumentopf Kopf auf H\u00e4nden Anthrazit 33cm"},"content":{"rendered":"<p>Ihr Zuhause, Ihr Gesch\u00e4ft oder Ihre Veranda wird mit diesem kunstvollen Topf in Form eines abstrakten Damengesichts wundersch\u00f6n aussehen. Dieser sch\u00f6ne Blumentopf ist in der Farbe Anthrazit gehalten und wird Ihre Umgebung wundersch\u00f6n schm\u00fccken.<br \/>Man setzt eine sch\u00f6ne Pflanze hinein und wartet dann ab, wie die Reaktionen ausfallen.<br \/><strong>Wussten Sie, dass Sie uns auch besuchen k\u00f6nnen? Gerne geschehen, der Kaffee ist fertig!!<\/strong><\/p>\n<ul>\n<li>Gr\u00f6\u00dfe 19x19x33cm hoch<\/li>\n<li>Farbe: Grau<\/li>\n<li>Material: Faserton<\/li>\n<li>Schnell geliefert<\/li>\n<\/ul>\n","protected":false},"excerpt":{"rendered":"<p>Wundersch\u00f6ner, dekorativer Blumentopf 33cm.<\/p>\n","protected":false},"featured_media":154877,"template":"","meta":{"_acf_changed":false},"product_brand":[],"product_cat":[722,740,737],"product_tag":[],"class_list":{"0":"post-154886","1":"product","2":"type-product","3":"status-publish","4":"has-post-thumbnail","6":"product_cat-blumentoepfe-und-pflanzgefaesse","7":"product_cat-pflanzkuebel-fuer-den-aussenbereich-gross-leicht","8":"product_cat-toepfe-aus-naturstein","10":"first","11":"outofstock","12":"taxable","13":"shipping-taxable","14":"purchasable","15":"product-type-simple"},"acf":[],"yoast_head":"<!-- This site is optimized with the Yoast SEO plugin v23.8 - https:\/\/yoast.com\/wordpress\/plugins\/seo\/ -->\n<title>Blumentopf Kopf auf H\u00e4nden Anthrazit 33cm - Eliassen.nl<\/title>\n<meta name=\"description\" content=\"Suchen Sie einen dekorativen Blumentopf? Suchen Sie nicht l\u00e4nger! Dieser wundersch\u00f6ne Blumentopf in Form eines Frauengesichts wird in Ihrem Innen- und Au\u00dfenb...\" \/>\n<meta name=\"robots\" content=\"noindex, follow, max-snippet:-1, max-image-preview:large, max-video-preview:-1\" \/>\n<meta property=\"og:locale\" content=\"de_DE\" \/>\n<meta property=\"og:type\" content=\"article\" \/>\n<meta property=\"og:title\" content=\"Blumentopf Kopf auf H\u00e4nden Anthrazit 33cm - Eliassen.nl\" \/>\n<meta property=\"og:description\" content=\"Suchen Sie einen dekorativen Blumentopf? Suchen Sie nicht l\u00e4nger! Dieser wundersch\u00f6ne Blumentopf in Form eines Frauengesichts wird in Ihrem Innen- und Au\u00dfenb...\" \/>\n<meta property=\"og:url\" content=\"https:\/\/dev.eliassen.nl\/de\/blumentopf-kopf-auf-handen-anthrazit-33cm\/\" \/>\n<meta property=\"og:site_name\" content=\"Eliassen.nl\" \/>\n<meta property=\"article:publisher\" content=\"https:\/\/www.facebook.com\/TuincentrumEliassenAmmerzoden\" \/>\n<meta property=\"article:modified_time\" content=\"2024-12-05T16:24:22+00:00\" \/>\n<meta property=\"og:image\" content=\"https:\/\/dev.eliassen.nl\/wp-content\/uploads\/2024\/10\/bloempothoofdophandeneliassennlantraciet8511.jpg\" \/>\n\t<meta property=\"og:image:width\" content=\"273\" \/>\n\t<meta property=\"og:image:height\" content=\"414\" \/>\n\t<meta property=\"og:image:type\" content=\"image\/jpeg\" \/>\n<meta name=\"twitter:card\" content=\"summary_large_image\" \/>\n<script type=\"application\/ld+json\" class=\"yoast-schema-graph\">{\"@context\":\"https:\/\/schema.org\",\"@graph\":[{\"@type\":\"WebPage\",\"@id\":\"https:\/\/dev.eliassen.nl\/de\/blumentopf-kopf-auf-handen-anthrazit-33cm\/\",\"url\":\"https:\/\/dev.eliassen.nl\/de\/blumentopf-kopf-auf-handen-anthrazit-33cm\/\",\"name\":\"Blumentopf Kopf auf H\u00e4nden Anthrazit 33cm - Eliassen.nl\",\"isPartOf\":{\"@id\":\"https:\/\/dev.eliassen.nl\/de\/#website\"},\"primaryImageOfPage\":{\"@id\":\"https:\/\/dev.eliassen.nl\/de\/blumentopf-kopf-auf-handen-anthrazit-33cm\/#primaryimage\"},\"image\":{\"@id\":\"https:\/\/dev.eliassen.nl\/de\/blumentopf-kopf-auf-handen-anthrazit-33cm\/#primaryimage\"},\"thumbnailUrl\":\"https:\/\/dev.eliassen.nl\/wp-content\/uploads\/2024\/10\/bloempothoofdophandeneliassennlantraciet8511.jpg\",\"datePublished\":\"2024-05-14T13:40:13+00:00\",\"dateModified\":\"2024-12-05T16:24:22+00:00\",\"description\":\"Suchen Sie einen dekorativen Blumentopf? Suchen Sie nicht l\u00e4nger! Dieser wundersch\u00f6ne Blumentopf in Form eines Frauengesichts wird in Ihrem Innen- und Au\u00dfenb...\",\"breadcrumb\":{\"@id\":\"https:\/\/dev.eliassen.nl\/de\/blumentopf-kopf-auf-handen-anthrazit-33cm\/#breadcrumb\"},\"inLanguage\":\"de\",\"potentialAction\":[{\"@type\":\"ReadAction\",\"target\":[\"https:\/\/dev.eliassen.nl\/de\/blumentopf-kopf-auf-handen-anthrazit-33cm\/\"]}]},{\"@type\":\"ImageObject\",\"inLanguage\":\"de\",\"@id\":\"https:\/\/dev.eliassen.nl\/de\/blumentopf-kopf-auf-handen-anthrazit-33cm\/#primaryimage\",\"url\":\"https:\/\/dev.eliassen.nl\/wp-content\/uploads\/2024\/10\/bloempothoofdophandeneliassennlantraciet8511.jpg\",\"contentUrl\":\"https:\/\/dev.eliassen.nl\/wp-content\/uploads\/2024\/10\/bloempothoofdophandeneliassennlantraciet8511.jpg\",\"width\":273,\"height\":414,\"caption\":\"Bloempot hoofd op handen Eliassen.nl antraciet 851182 2\"},{\"@type\":\"BreadcrumbList\",\"@id\":\"https:\/\/dev.eliassen.nl\/de\/blumentopf-kopf-auf-handen-anthrazit-33cm\/#breadcrumb\",\"itemListElement\":[{\"@type\":\"ListItem\",\"position\":1,\"name\":\"Home\",\"item\":\"https:\/\/dev.eliassen.nl\/de\/\"},{\"@type\":\"ListItem\",\"position\":2,\"name\":\"Shop\",\"item\":\"https:\/\/dev.eliassen.nl\/nl\/winkel\/\"},{\"@type\":\"ListItem\",\"position\":3,\"name\":\"Blument\u00f6pfe und Pflanzgef\u00e4\u00dfe\",\"item\":\"https:\/\/dev.eliassen.nl\/de\/blumentoepfe-und-pflanzgefaesse\/\"},{\"@type\":\"ListItem\",\"position\":4,\"name\":\"Pflanzk\u00fcbel f\u00fcr den Au\u00dfenbereich gro\u00df leicht\",\"item\":\"https:\/\/dev.eliassen.nl\/de\/blumentoepfe-und-pflanzgefaesse\/pflanzkuebel-fuer-den-aussenbereich-gross-leicht\/\"},{\"@type\":\"ListItem\",\"position\":5,\"name\":\"Blumentopf Kopf auf H\u00e4nden Anthrazit 33cm\"}]},{\"@type\":\"WebSite\",\"@id\":\"https:\/\/dev.eliassen.nl\/de\/#website\",\"url\":\"https:\/\/dev.eliassen.nl\/de\/\",\"name\":\"Eliassen Home & Garden Pleasure\",\"description\":\"\",\"publisher\":{\"@id\":\"https:\/\/dev.eliassen.nl\/de\/#organization\"},\"alternateName\":\"Eliassen.nl\",\"potentialAction\":[{\"@type\":\"SearchAction\",\"target\":{\"@type\":\"EntryPoint\",\"urlTemplate\":\"https:\/\/dev.eliassen.nl\/de\/?s={search_term_string}\"},\"query-input\":{\"@type\":\"PropertyValueSpecification\",\"valueRequired\":true,\"valueName\":\"search_term_string\"}}],\"inLanguage\":\"de\"},{\"@type\":\"Organization\",\"@id\":\"https:\/\/dev.eliassen.nl\/de\/#organization\",\"name\":\"Eliassen Home & Garden Pleasure\",\"url\":\"https:\/\/dev.eliassen.nl\/de\/\",\"logo\":{\"@type\":\"ImageObject\",\"inLanguage\":\"de\",\"@id\":\"https:\/\/dev.eliassen.nl\/de\/#\/schema\/logo\/image\/\",\"url\":\"https:\/\/www.eliassen.nl\/wp-content\/uploads\/2024\/01\/logo_4nd.jpg\",\"contentUrl\":\"https:\/\/www.eliassen.nl\/wp-content\/uploads\/2024\/01\/logo_4nd.jpg\",\"width\":500,\"height\":500,\"caption\":\"Eliassen Home & Garden Pleasure\"},\"image\":{\"@id\":\"https:\/\/dev.eliassen.nl\/de\/#\/schema\/logo\/image\/\"},\"sameAs\":[\"https:\/\/www.facebook.com\/TuincentrumEliassenAmmerzoden\",\"https:\/\/www.instagram.com\/eliassenhomeandgarden\/\",\"https:\/\/nl.pinterest.com\/eliassenhomeandgarden\/\",\"https:\/\/www.youtube.com\/@eliassenhomegardenpleasure4558\"]}]}<\/script>\n<!-- \/ Yoast SEO plugin. -->","yoast_head_json":{"title":"Blumentopf Kopf auf H\u00e4nden Anthrazit 33cm - Eliassen.nl","description":"Suchen Sie einen dekorativen Blumentopf? Suchen Sie nicht l\u00e4nger! Dieser wundersch\u00f6ne Blumentopf in Form eines Frauengesichts wird in Ihrem Innen- und Au\u00dfenb...","robots":{"index":"noindex","follow":"follow","max-snippet":"max-snippet:-1","max-image-preview":"max-image-preview:large","max-video-preview":"max-video-preview:-1"},"og_locale":"de_DE","og_type":"article","og_title":"Blumentopf Kopf auf H\u00e4nden Anthrazit 33cm - Eliassen.nl","og_description":"Suchen Sie einen dekorativen Blumentopf? Suchen Sie nicht l\u00e4nger! Dieser wundersch\u00f6ne Blumentopf in Form eines Frauengesichts wird in Ihrem Innen- und Au\u00dfenb...","og_url":"https:\/\/dev.eliassen.nl\/de\/blumentopf-kopf-auf-handen-anthrazit-33cm\/","og_site_name":"Eliassen.nl","article_publisher":"https:\/\/www.facebook.com\/TuincentrumEliassenAmmerzoden","article_modified_time":"2024-12-05T16:24:22+00:00","og_image":[{"width":273,"height":414,"url":"https:\/\/dev.eliassen.nl\/wp-content\/uploads\/2024\/10\/bloempothoofdophandeneliassennlantraciet8511.jpg","type":"image\/jpeg"}],"twitter_card":"summary_large_image","schema":{"@context":"https:\/\/schema.org","@graph":[{"@type":"WebPage","@id":"https:\/\/dev.eliassen.nl\/de\/blumentopf-kopf-auf-handen-anthrazit-33cm\/","url":"https:\/\/dev.eliassen.nl\/de\/blumentopf-kopf-auf-handen-anthrazit-33cm\/","name":"Blumentopf Kopf auf H\u00e4nden Anthrazit 33cm - Eliassen.nl","isPartOf":{"@id":"https:\/\/dev.eliassen.nl\/de\/#website"},"primaryImageOfPage":{"@id":"https:\/\/dev.eliassen.nl\/de\/blumentopf-kopf-auf-handen-anthrazit-33cm\/#primaryimage"},"image":{"@id":"https:\/\/dev.eliassen.nl\/de\/blumentopf-kopf-auf-handen-anthrazit-33cm\/#primaryimage"},"thumbnailUrl":"https:\/\/dev.eliassen.nl\/wp-content\/uploads\/2024\/10\/bloempothoofdophandeneliassennlantraciet8511.jpg","datePublished":"2024-05-14T13:40:13+00:00","dateModified":"2024-12-05T16:24:22+00:00","description":"Suchen Sie einen dekorativen Blumentopf? Suchen Sie nicht l\u00e4nger! Dieser wundersch\u00f6ne Blumentopf in Form eines Frauengesichts wird in Ihrem Innen- und Au\u00dfenb...","breadcrumb":{"@id":"https:\/\/dev.eliassen.nl\/de\/blumentopf-kopf-auf-handen-anthrazit-33cm\/#breadcrumb"},"inLanguage":"de","potentialAction":[{"@type":"ReadAction","target":["https:\/\/dev.eliassen.nl\/de\/blumentopf-kopf-auf-handen-anthrazit-33cm\/"]}]},{"@type":"ImageObject","inLanguage":"de","@id":"https:\/\/dev.eliassen.nl\/de\/blumentopf-kopf-auf-handen-anthrazit-33cm\/#primaryimage","url":"https:\/\/dev.eliassen.nl\/wp-content\/uploads\/2024\/10\/bloempothoofdophandeneliassennlantraciet8511.jpg","contentUrl":"https:\/\/dev.eliassen.nl\/wp-content\/uploads\/2024\/10\/bloempothoofdophandeneliassennlantraciet8511.jpg","width":273,"height":414,"caption":"Bloempot hoofd op handen Eliassen.nl antraciet 851182 2"},{"@type":"BreadcrumbList","@id":"https:\/\/dev.eliassen.nl\/de\/blumentopf-kopf-auf-handen-anthrazit-33cm\/#breadcrumb","itemListElement":[{"@type":"ListItem","position":1,"name":"Home","item":"https:\/\/dev.eliassen.nl\/de\/"},{"@type":"ListItem","position":2,"name":"Shop","item":"https:\/\/dev.eliassen.nl\/nl\/winkel\/"},{"@type":"ListItem","position":3,"name":"Blument\u00f6pfe und Pflanzgef\u00e4\u00dfe","item":"https:\/\/dev.eliassen.nl\/de\/blumentoepfe-und-pflanzgefaesse\/"},{"@type":"ListItem","position":4,"name":"Pflanzk\u00fcbel f\u00fcr den Au\u00dfenbereich gro\u00df leicht","item":"https:\/\/dev.eliassen.nl\/de\/blumentoepfe-und-pflanzgefaesse\/pflanzkuebel-fuer-den-aussenbereich-gross-leicht\/"},{"@type":"ListItem","position":5,"name":"Blumentopf Kopf auf H\u00e4nden Anthrazit 33cm"}]},{"@type":"WebSite","@id":"https:\/\/dev.eliassen.nl\/de\/#website","url":"https:\/\/dev.eliassen.nl\/de\/","name":"Eliassen Home & Garden Pleasure","description":"","publisher":{"@id":"https:\/\/dev.eliassen.nl\/de\/#organization"},"alternateName":"Eliassen.nl","potentialAction":[{"@type":"SearchAction","target":{"@type":"EntryPoint","urlTemplate":"https:\/\/dev.eliassen.nl\/de\/?s={search_term_string}"},"query-input":{"@type":"PropertyValueSpecification","valueRequired":true,"valueName":"search_term_string"}}],"inLanguage":"de"},{"@type":"Organization","@id":"https:\/\/dev.eliassen.nl\/de\/#organization","name":"Eliassen Home & Garden Pleasure","url":"https:\/\/dev.eliassen.nl\/de\/","logo":{"@type":"ImageObject","inLanguage":"de","@id":"https:\/\/dev.eliassen.nl\/de\/#\/schema\/logo\/image\/","url":"https:\/\/www.eliassen.nl\/wp-content\/uploads\/2024\/01\/logo_4nd.jpg","contentUrl":"https:\/\/www.eliassen.nl\/wp-content\/uploads\/2024\/01\/logo_4nd.jpg","width":500,"height":500,"caption":"Eliassen Home & Garden Pleasure"},"image":{"@id":"https:\/\/dev.eliassen.nl\/de\/#\/schema\/logo\/image\/"},"sameAs":["https:\/\/www.facebook.com\/TuincentrumEliassenAmmerzoden","https:\/\/www.instagram.com\/eliassenhomeandgarden\/","https:\/\/nl.pinterest.com\/eliassenhomeandgarden\/","https:\/\/www.youtube.com\/@eliassenhomegardenpleasure4558"]}]}},"df_price":37.5,"df_sale_price":"","df_regular_price":37.5,"df_image_link":"https:\/\/dev.eliassen.nl\/wp-content\/uploads\/2024\/10\/bloempothoofdophandeneliassennlantraciet8511.jpg","image":"https:\/\/dev.eliassen.nl\/wp-content\/uploads\/2024\/10\/bloempothoofdophandeneliassennlantraciet8511.jpg","price_search":"<span class=\"woocommerce-Price-amount amount\"><bdi><span class=\"woocommerce-Price-currencySymbol\">&euro;<\/span>&nbsp;37,50<\/bdi><\/span>","category":"Blument\u00f6pfe und Pflanzgef\u00e4\u00dfe","_links":{"self":[{"href":"https:\/\/dev.eliassen.nl\/de\/wp-json\/wp\/v2\/product\/154886","targetHints":{"allow":["GET"]}}],"collection":[{"href":"https:\/\/dev.eliassen.nl\/de\/wp-json\/wp\/v2\/product"}],"about":[{"href":"https:\/\/dev.eliassen.nl\/de\/wp-json\/wp\/v2\/types\/product"}],"wp:featuredmedia":[{"embeddable":true,"href":"https:\/\/dev.eliassen.nl\/de\/wp-json\/wp\/v2\/media\/154877"}],"wp:attachment":[{"href":"https:\/\/dev.eliassen.nl\/de\/wp-json\/wp\/v2\/media?parent=154886"}],"wp:term":[{"taxonomy":"product_brand","embeddable":true,"href":"https:\/\/dev.eliassen.nl\/de\/wp-json\/wp\/v2\/product_brand?post=154886"},{"taxonomy":"product_cat","embeddable":true,"href":"https:\/\/dev.eliassen.nl\/de\/wp-json\/wp\/v2\/product_cat?post=154886"},{"taxonomy":"product_tag","embeddable":true,"href":"https:\/\/dev.eliassen.nl\/de\/wp-json\/wp\/v2\/product_tag?post=154886"}],"curies":[{"name":"wp","href":"https:\/\/api.w.org\/{rel}","templated":true}]}}