{"id":154964,"date":"2024-05-22T20:17:22","date_gmt":"2024-05-22T18:17:22","guid":{"rendered":"https:\/\/www.eliassen.nl\/?product=bloempot-stonelook-hampton-ecru-44cm"},"modified":"2024-12-05T17:24:46","modified_gmt":"2024-12-05T16:24:46","slug":"blumentopf-stonelook-hampton-ecru-44cm","status":"publish","type":"product","link":"https:\/\/dev.eliassen.nl\/de\/blumentopf-stonelook-hampton-ecru-44cm\/","title":{"rendered":"Blumentopf Stonelook Hampton ecru 44cm"},"content":{"rendered":"<p>Suchen Sie einen gro\u00dfen Blumentopf, der stabil und sch\u00f6n ist? Dann k\u00f6nnte dieser gro\u00dfe Topf eine gute Wahl f\u00fcr Sie sein.<\/p>\n<p>Dieser Blumentopf ist wundersch\u00f6n mit einer sehr feinen Steink\u00f6rnung f\u00fcr einen wundersch\u00f6nen Steineffekt und einem sehr leichten Schimmer gefertigt!!<\/p>\n<p>Dieser Topf ist UV-best\u00e4ndig, frostbest\u00e4ndig und f\u00fcr den Innen- und Au\u00dfenbereich geeignet. F\u00fcr den Au\u00dfenbereich L\u00f6cher in den Boden bohren.<\/p>\n<p><strong>Kann auch live abgeholt werden, der Kaffee oder Tee ist fertig!!<\/strong><\/p>\n<ul>\n<li>Gr\u00f6\u00dfe: Durchmesser 44 cm, H\u00f6he 36 cm, Innenma\u00dfe sind 21 x 40 x 37 cm hoch<\/li>\n<li>Material: PP-Kunststoff recycelt mit Steinkornoberfl\u00e4che<\/li>\n<li>Farbe: Ecru-Steineffekt mit sehr leichtem Schimmer.<\/li>\n<li>Geeignet f\u00fcr drinnen und drau\u00dfen<\/li>\n<li>Farbecht<\/li>\n<li>Sehr stark<\/li>\n<\/ul>\n","protected":false},"excerpt":{"rendered":"<p>Sehr starker und sch\u00f6ner Blumentopf<\/p>\n","protected":false},"featured_media":154955,"template":"","meta":{"_acf_changed":false},"product_brand":[],"product_cat":[722,740,7064],"product_tag":[],"class_list":{"0":"post-154964","1":"product","2":"type-product","3":"status-publish","4":"has-post-thumbnail","6":"product_cat-blumentoepfe-und-pflanzgefaesse","7":"product_cat-pflanzkuebel-fuer-den-aussenbereich-gross-leicht","8":"product_cat-werbeartikel","10":"first","11":"instock","12":"sale","13":"taxable","14":"shipping-taxable","15":"purchasable","16":"product-type-simple"},"acf":[],"yoast_head":"<!-- This site is optimized with the Yoast SEO plugin v23.8 - https:\/\/yoast.com\/wordpress\/plugins\/seo\/ -->\n<title>Bloempot Stonelook Hampton ecru 44cm<\/title>\n<meta name=\"description\" content=\"Zeer sterke en mooie grote bloempot in de kleur Ecru. Zowel als binnenpot of als buitenpot te gebruiken. UV en vorstbestendig! Ook te bekijken in onze winkel!\" \/>\n<meta name=\"robots\" content=\"noindex, follow, max-snippet:-1, max-image-preview:large, max-video-preview:-1\" \/>\n<meta property=\"og:locale\" content=\"de_DE\" \/>\n<meta property=\"og:type\" content=\"article\" \/>\n<meta property=\"og:title\" content=\"Bloempot Stonelook Hampton ecru 44cm\" \/>\n<meta property=\"og:description\" content=\"Zeer sterke en mooie grote bloempot in de kleur Ecru. Zowel als binnenpot of als buitenpot te gebruiken. UV en vorstbestendig! Ook te bekijken in onze winkel!\" \/>\n<meta property=\"og:url\" content=\"https:\/\/dev.eliassen.nl\/de\/blumentopf-stonelook-hampton-ecru-44cm\/\" \/>\n<meta property=\"og:site_name\" content=\"Eliassen.nl\" \/>\n<meta property=\"article:publisher\" content=\"https:\/\/www.facebook.com\/TuincentrumEliassenAmmerzoden\" \/>\n<meta property=\"article:modified_time\" content=\"2024-12-05T16:24:46+00:00\" \/>\n<meta property=\"og:image\" content=\"https:\/\/dev.eliassen.nl\/wp-content\/uploads\/2024\/10\/bloempothamptonecrueliassennlfe6000030.jpg\" \/>\n\t<meta property=\"og:image:width\" content=\"1600\" \/>\n\t<meta property=\"og:image:height\" content=\"1394\" \/>\n\t<meta property=\"og:image:type\" content=\"image\/jpeg\" \/>\n<meta name=\"twitter:card\" content=\"summary_large_image\" \/>\n<script type=\"application\/ld+json\" class=\"yoast-schema-graph\">{\"@context\":\"https:\/\/schema.org\",\"@graph\":[{\"@type\":\"WebPage\",\"@id\":\"https:\/\/dev.eliassen.nl\/de\/blumentopf-stonelook-hampton-ecru-44cm\/\",\"url\":\"https:\/\/dev.eliassen.nl\/de\/blumentopf-stonelook-hampton-ecru-44cm\/\",\"name\":\"Bloempot Stonelook Hampton ecru 44cm\",\"isPartOf\":{\"@id\":\"https:\/\/dev.eliassen.nl\/de\/#website\"},\"primaryImageOfPage\":{\"@id\":\"https:\/\/dev.eliassen.nl\/de\/blumentopf-stonelook-hampton-ecru-44cm\/#primaryimage\"},\"image\":{\"@id\":\"https:\/\/dev.eliassen.nl\/de\/blumentopf-stonelook-hampton-ecru-44cm\/#primaryimage\"},\"thumbnailUrl\":\"https:\/\/dev.eliassen.nl\/wp-content\/uploads\/2024\/10\/bloempothamptonecrueliassennlfe6000030.jpg\",\"datePublished\":\"2024-05-22T18:17:22+00:00\",\"dateModified\":\"2024-12-05T16:24:46+00:00\",\"description\":\"Zeer sterke en mooie grote bloempot in de kleur Ecru. Zowel als binnenpot of als buitenpot te gebruiken. UV en vorstbestendig! Ook te bekijken in onze winkel!\",\"breadcrumb\":{\"@id\":\"https:\/\/dev.eliassen.nl\/de\/blumentopf-stonelook-hampton-ecru-44cm\/#breadcrumb\"},\"inLanguage\":\"de\",\"potentialAction\":[{\"@type\":\"ReadAction\",\"target\":[\"https:\/\/dev.eliassen.nl\/de\/blumentopf-stonelook-hampton-ecru-44cm\/\"]}]},{\"@type\":\"ImageObject\",\"inLanguage\":\"de\",\"@id\":\"https:\/\/dev.eliassen.nl\/de\/blumentopf-stonelook-hampton-ecru-44cm\/#primaryimage\",\"url\":\"https:\/\/dev.eliassen.nl\/wp-content\/uploads\/2024\/10\/bloempothamptonecrueliassennlfe6000030.jpg\",\"contentUrl\":\"https:\/\/dev.eliassen.nl\/wp-content\/uploads\/2024\/10\/bloempothamptonecrueliassennlfe6000030.jpg\",\"width\":1600,\"height\":1394,\"caption\":\"Bloempot Hampton ecru Eliassen.nl FE6000030\"},{\"@type\":\"BreadcrumbList\",\"@id\":\"https:\/\/dev.eliassen.nl\/de\/blumentopf-stonelook-hampton-ecru-44cm\/#breadcrumb\",\"itemListElement\":[{\"@type\":\"ListItem\",\"position\":1,\"name\":\"Home\",\"item\":\"https:\/\/dev.eliassen.nl\/de\/\"},{\"@type\":\"ListItem\",\"position\":2,\"name\":\"Shop\",\"item\":\"https:\/\/dev.eliassen.nl\/nl\/winkel\/\"},{\"@type\":\"ListItem\",\"position\":3,\"name\":\"Blument\u00f6pfe und Pflanzgef\u00e4\u00dfe\",\"item\":\"https:\/\/dev.eliassen.nl\/de\/blumentoepfe-und-pflanzgefaesse\/\"},{\"@type\":\"ListItem\",\"position\":4,\"name\":\"Pflanzk\u00fcbel f\u00fcr den Au\u00dfenbereich gro\u00df leicht\",\"item\":\"https:\/\/dev.eliassen.nl\/de\/blumentoepfe-und-pflanzgefaesse\/pflanzkuebel-fuer-den-aussenbereich-gross-leicht\/\"},{\"@type\":\"ListItem\",\"position\":5,\"name\":\"Blumentopf Stonelook Hampton ecru 44cm\"}]},{\"@type\":\"WebSite\",\"@id\":\"https:\/\/dev.eliassen.nl\/de\/#website\",\"url\":\"https:\/\/dev.eliassen.nl\/de\/\",\"name\":\"Eliassen Home & Garden Pleasure\",\"description\":\"\",\"publisher\":{\"@id\":\"https:\/\/dev.eliassen.nl\/de\/#organization\"},\"alternateName\":\"Eliassen.nl\",\"potentialAction\":[{\"@type\":\"SearchAction\",\"target\":{\"@type\":\"EntryPoint\",\"urlTemplate\":\"https:\/\/dev.eliassen.nl\/de\/?s={search_term_string}\"},\"query-input\":{\"@type\":\"PropertyValueSpecification\",\"valueRequired\":true,\"valueName\":\"search_term_string\"}}],\"inLanguage\":\"de\"},{\"@type\":\"Organization\",\"@id\":\"https:\/\/dev.eliassen.nl\/de\/#organization\",\"name\":\"Eliassen Home & Garden Pleasure\",\"url\":\"https:\/\/dev.eliassen.nl\/de\/\",\"logo\":{\"@type\":\"ImageObject\",\"inLanguage\":\"de\",\"@id\":\"https:\/\/dev.eliassen.nl\/de\/#\/schema\/logo\/image\/\",\"url\":\"https:\/\/www.eliassen.nl\/wp-content\/uploads\/2024\/01\/logo_4nd.jpg\",\"contentUrl\":\"https:\/\/www.eliassen.nl\/wp-content\/uploads\/2024\/01\/logo_4nd.jpg\",\"width\":500,\"height\":500,\"caption\":\"Eliassen Home & Garden Pleasure\"},\"image\":{\"@id\":\"https:\/\/dev.eliassen.nl\/de\/#\/schema\/logo\/image\/\"},\"sameAs\":[\"https:\/\/www.facebook.com\/TuincentrumEliassenAmmerzoden\",\"https:\/\/www.instagram.com\/eliassenhomeandgarden\/\",\"https:\/\/nl.pinterest.com\/eliassenhomeandgarden\/\",\"https:\/\/www.youtube.com\/@eliassenhomegardenpleasure4558\"]}]}<\/script>\n<!-- \/ Yoast SEO plugin. -->","yoast_head_json":{"title":"Bloempot Stonelook Hampton ecru 44cm","description":"Zeer sterke en mooie grote bloempot in de kleur Ecru. Zowel als binnenpot of als buitenpot te gebruiken. UV en vorstbestendig! Ook te bekijken in onze winkel!","robots":{"index":"noindex","follow":"follow","max-snippet":"max-snippet:-1","max-image-preview":"max-image-preview:large","max-video-preview":"max-video-preview:-1"},"og_locale":"de_DE","og_type":"article","og_title":"Bloempot Stonelook Hampton ecru 44cm","og_description":"Zeer sterke en mooie grote bloempot in de kleur Ecru. Zowel als binnenpot of als buitenpot te gebruiken. UV en vorstbestendig! Ook te bekijken in onze winkel!","og_url":"https:\/\/dev.eliassen.nl\/de\/blumentopf-stonelook-hampton-ecru-44cm\/","og_site_name":"Eliassen.nl","article_publisher":"https:\/\/www.facebook.com\/TuincentrumEliassenAmmerzoden","article_modified_time":"2024-12-05T16:24:46+00:00","og_image":[{"width":1600,"height":1394,"url":"https:\/\/dev.eliassen.nl\/wp-content\/uploads\/2024\/10\/bloempothamptonecrueliassennlfe6000030.jpg","type":"image\/jpeg"}],"twitter_card":"summary_large_image","schema":{"@context":"https:\/\/schema.org","@graph":[{"@type":"WebPage","@id":"https:\/\/dev.eliassen.nl\/de\/blumentopf-stonelook-hampton-ecru-44cm\/","url":"https:\/\/dev.eliassen.nl\/de\/blumentopf-stonelook-hampton-ecru-44cm\/","name":"Bloempot Stonelook Hampton ecru 44cm","isPartOf":{"@id":"https:\/\/dev.eliassen.nl\/de\/#website"},"primaryImageOfPage":{"@id":"https:\/\/dev.eliassen.nl\/de\/blumentopf-stonelook-hampton-ecru-44cm\/#primaryimage"},"image":{"@id":"https:\/\/dev.eliassen.nl\/de\/blumentopf-stonelook-hampton-ecru-44cm\/#primaryimage"},"thumbnailUrl":"https:\/\/dev.eliassen.nl\/wp-content\/uploads\/2024\/10\/bloempothamptonecrueliassennlfe6000030.jpg","datePublished":"2024-05-22T18:17:22+00:00","dateModified":"2024-12-05T16:24:46+00:00","description":"Zeer sterke en mooie grote bloempot in de kleur Ecru. Zowel als binnenpot of als buitenpot te gebruiken. UV en vorstbestendig! Ook te bekijken in onze winkel!","breadcrumb":{"@id":"https:\/\/dev.eliassen.nl\/de\/blumentopf-stonelook-hampton-ecru-44cm\/#breadcrumb"},"inLanguage":"de","potentialAction":[{"@type":"ReadAction","target":["https:\/\/dev.eliassen.nl\/de\/blumentopf-stonelook-hampton-ecru-44cm\/"]}]},{"@type":"ImageObject","inLanguage":"de","@id":"https:\/\/dev.eliassen.nl\/de\/blumentopf-stonelook-hampton-ecru-44cm\/#primaryimage","url":"https:\/\/dev.eliassen.nl\/wp-content\/uploads\/2024\/10\/bloempothamptonecrueliassennlfe6000030.jpg","contentUrl":"https:\/\/dev.eliassen.nl\/wp-content\/uploads\/2024\/10\/bloempothamptonecrueliassennlfe6000030.jpg","width":1600,"height":1394,"caption":"Bloempot Hampton ecru Eliassen.nl FE6000030"},{"@type":"BreadcrumbList","@id":"https:\/\/dev.eliassen.nl\/de\/blumentopf-stonelook-hampton-ecru-44cm\/#breadcrumb","itemListElement":[{"@type":"ListItem","position":1,"name":"Home","item":"https:\/\/dev.eliassen.nl\/de\/"},{"@type":"ListItem","position":2,"name":"Shop","item":"https:\/\/dev.eliassen.nl\/nl\/winkel\/"},{"@type":"ListItem","position":3,"name":"Blument\u00f6pfe und Pflanzgef\u00e4\u00dfe","item":"https:\/\/dev.eliassen.nl\/de\/blumentoepfe-und-pflanzgefaesse\/"},{"@type":"ListItem","position":4,"name":"Pflanzk\u00fcbel f\u00fcr den Au\u00dfenbereich gro\u00df leicht","item":"https:\/\/dev.eliassen.nl\/de\/blumentoepfe-und-pflanzgefaesse\/pflanzkuebel-fuer-den-aussenbereich-gross-leicht\/"},{"@type":"ListItem","position":5,"name":"Blumentopf Stonelook Hampton ecru 44cm"}]},{"@type":"WebSite","@id":"https:\/\/dev.eliassen.nl\/de\/#website","url":"https:\/\/dev.eliassen.nl\/de\/","name":"Eliassen Home & Garden Pleasure","description":"","publisher":{"@id":"https:\/\/dev.eliassen.nl\/de\/#organization"},"alternateName":"Eliassen.nl","potentialAction":[{"@type":"SearchAction","target":{"@type":"EntryPoint","urlTemplate":"https:\/\/dev.eliassen.nl\/de\/?s={search_term_string}"},"query-input":{"@type":"PropertyValueSpecification","valueRequired":true,"valueName":"search_term_string"}}],"inLanguage":"de"},{"@type":"Organization","@id":"https:\/\/dev.eliassen.nl\/de\/#organization","name":"Eliassen Home & Garden Pleasure","url":"https:\/\/dev.eliassen.nl\/de\/","logo":{"@type":"ImageObject","inLanguage":"de","@id":"https:\/\/dev.eliassen.nl\/de\/#\/schema\/logo\/image\/","url":"https:\/\/www.eliassen.nl\/wp-content\/uploads\/2024\/01\/logo_4nd.jpg","contentUrl":"https:\/\/www.eliassen.nl\/wp-content\/uploads\/2024\/01\/logo_4nd.jpg","width":500,"height":500,"caption":"Eliassen Home & Garden Pleasure"},"image":{"@id":"https:\/\/dev.eliassen.nl\/de\/#\/schema\/logo\/image\/"},"sameAs":["https:\/\/www.facebook.com\/TuincentrumEliassenAmmerzoden","https:\/\/www.instagram.com\/eliassenhomeandgarden\/","https:\/\/nl.pinterest.com\/eliassenhomeandgarden\/","https:\/\/www.youtube.com\/@eliassenhomegardenpleasure4558"]}]}},"df_price":15,"df_sale_price":15,"df_regular_price":25,"df_image_link":"https:\/\/dev.eliassen.nl\/wp-content\/uploads\/2024\/10\/bloempothamptonecrueliassennlfe6000030.jpg","image":"https:\/\/dev.eliassen.nl\/wp-content\/uploads\/2024\/10\/bloempothamptonecrueliassennlfe6000030.jpg","price_search":"<span class=\"woocommerce-Price-amount amount\"><bdi><span class=\"woocommerce-Price-currencySymbol\">&euro;<\/span>&nbsp;15,00<\/bdi><\/span>","category":"Blument\u00f6pfe und Pflanzgef\u00e4\u00dfe","_links":{"self":[{"href":"https:\/\/dev.eliassen.nl\/de\/wp-json\/wp\/v2\/product\/154964","targetHints":{"allow":["GET"]}}],"collection":[{"href":"https:\/\/dev.eliassen.nl\/de\/wp-json\/wp\/v2\/product"}],"about":[{"href":"https:\/\/dev.eliassen.nl\/de\/wp-json\/wp\/v2\/types\/product"}],"wp:featuredmedia":[{"embeddable":true,"href":"https:\/\/dev.eliassen.nl\/de\/wp-json\/wp\/v2\/media\/154955"}],"wp:attachment":[{"href":"https:\/\/dev.eliassen.nl\/de\/wp-json\/wp\/v2\/media?parent=154964"}],"wp:term":[{"taxonomy":"product_brand","embeddable":true,"href":"https:\/\/dev.eliassen.nl\/de\/wp-json\/wp\/v2\/product_brand?post=154964"},{"taxonomy":"product_cat","embeddable":true,"href":"https:\/\/dev.eliassen.nl\/de\/wp-json\/wp\/v2\/product_cat?post=154964"},{"taxonomy":"product_tag","embeddable":true,"href":"https:\/\/dev.eliassen.nl\/de\/wp-json\/wp\/v2\/product_tag?post=154964"}],"curies":[{"name":"wp","href":"https:\/\/api.w.org\/{rel}","templated":true}]}}