{"id":155069,"date":"2024-05-22T20:48:26","date_gmt":"2024-05-22T18:48:26","guid":{"rendered":"https:\/\/www.eliassen.nl\/?product=schilderij-3d-afrikaanse-schoonheid-80x120cm"},"modified":"2024-12-05T17:24:58","modified_gmt":"2024-12-05T16:24:58","slug":"gemalde-3d-afrikanische-schonheit-80x120cm","status":"publish","type":"product","link":"https:\/\/dev.eliassen.nl\/de\/gemalde-3d-afrikanische-schonheit-80x120cm\/","title":{"rendered":"Gem\u00e4lde 3D afrikanische Sch\u00f6nheit 80x120cm"},"content":{"rendered":"<p>Ihr Zuhause wird mit dieser farbenfrohen Wanddekoration einer afrikanischen Frau wundersch\u00f6n aussehen. Dieses 3D-Gem\u00e4lde aus Metall ist vollst\u00e4ndig von Hand gefertigt. Alles an dieser Wanddekoration besteht aus Metall, der Hintergrund und auch die Figur.<\/p>\n<p>Da es von Hand bemalt und hergestellt wird, kann die Farbe leicht vom Foto abweichen, sie sind nie genau gleich. Diese leicht groben Gem\u00e4lde k\u00f6nnen immer kleinere Abweichungen enthalten, manchmal wird dies sogar bewusst gemacht, um die raue Atmosph\u00e4re zu erzeugen.<\/p>\n<p><strong>Wir haben auch fast die gesamte Kollektion dieser Serie im Gesch\u00e4ft, was in den Niederlanden einzigartig ist. Nirgendwo sonst finden Sie eine so gro\u00dfe Sammlung. Gern geschehen.<\/strong><\/p>\n<ul>\n<li>Gr\u00f6\u00dfe 80x120cm hoch<\/li>\n<li>Einfache Aufh\u00e4ngung mit 2 Schrauben<\/li>\n<li>Schnell geliefert<\/li>\n<\/ul>\n","protected":false},"excerpt":{"rendered":"<p>Gem\u00e4lde einer afrikanischen Frau<\/p>\n","protected":false},"featured_media":155063,"template":"","meta":{"_acf_changed":false},"product_brand":[],"product_cat":[419,434,410],"product_tag":[],"class_list":{"0":"post-155069","1":"product","2":"type-product","3":"status-publish","4":"has-post-thumbnail","6":"product_cat-3d-gemaelde-aus-metall","7":"product_cat-3d-gemaelde-aus-metall-im-format-80x120cm","8":"product_cat-gemaelde","10":"first","11":"outofstock","12":"taxable","13":"shipping-taxable","14":"purchasable","15":"product-type-simple"},"acf":[],"yoast_head":"<!-- This site is optimized with the Yoast SEO plugin v23.8 - https:\/\/yoast.com\/wordpress\/plugins\/seo\/ -->\n<title>Schilderij 3D Afrikaanse schoonheid 80x120cm<\/title>\n<meta name=\"description\" content=\"Schilderijen in 3d: Kom naar de grootste showroom van Eliassen, honderden modellen te bekijken. De koffie of thee staat klaar !!\" \/>\n<meta name=\"robots\" content=\"noindex, follow, max-snippet:-1, max-image-preview:large, max-video-preview:-1\" \/>\n<meta property=\"og:locale\" content=\"de_DE\" \/>\n<meta property=\"og:type\" content=\"article\" \/>\n<meta property=\"og:title\" content=\"Schilderij 3D Afrikaanse schoonheid 80x120cm\" \/>\n<meta property=\"og:description\" content=\"Schilderijen in 3d: Kom naar de grootste showroom van Eliassen, honderden modellen te bekijken. De koffie of thee staat klaar !!\" \/>\n<meta property=\"og:url\" content=\"https:\/\/dev.eliassen.nl\/de\/gemalde-3d-afrikanische-schonheit-80x120cm\/\" \/>\n<meta property=\"og:site_name\" content=\"Eliassen.nl\" \/>\n<meta property=\"article:publisher\" content=\"https:\/\/www.facebook.com\/TuincentrumEliassenAmmerzoden\" \/>\n<meta property=\"article:modified_time\" content=\"2024-12-05T16:24:58+00:00\" \/>\n<meta property=\"og:image\" content=\"https:\/\/dev.eliassen.nl\/wp-content\/uploads\/2024\/10\/vrouwnieuw.jpg\" \/>\n\t<meta property=\"og:image:width\" content=\"1375\" \/>\n\t<meta property=\"og:image:height\" content=\"2047\" \/>\n\t<meta property=\"og:image:type\" content=\"image\/jpeg\" \/>\n<meta name=\"twitter:card\" content=\"summary_large_image\" \/>\n<script type=\"application\/ld+json\" class=\"yoast-schema-graph\">{\"@context\":\"https:\/\/schema.org\",\"@graph\":[{\"@type\":\"WebPage\",\"@id\":\"https:\/\/dev.eliassen.nl\/de\/gemalde-3d-afrikanische-schonheit-80x120cm\/\",\"url\":\"https:\/\/dev.eliassen.nl\/de\/gemalde-3d-afrikanische-schonheit-80x120cm\/\",\"name\":\"Schilderij 3D Afrikaanse schoonheid 80x120cm\",\"isPartOf\":{\"@id\":\"https:\/\/dev.eliassen.nl\/de\/#website\"},\"primaryImageOfPage\":{\"@id\":\"https:\/\/dev.eliassen.nl\/de\/gemalde-3d-afrikanische-schonheit-80x120cm\/#primaryimage\"},\"image\":{\"@id\":\"https:\/\/dev.eliassen.nl\/de\/gemalde-3d-afrikanische-schonheit-80x120cm\/#primaryimage\"},\"thumbnailUrl\":\"https:\/\/dev.eliassen.nl\/wp-content\/uploads\/2024\/10\/vrouwnieuw.jpg\",\"datePublished\":\"2024-05-22T18:48:26+00:00\",\"dateModified\":\"2024-12-05T16:24:58+00:00\",\"description\":\"Schilderijen in 3d: Kom naar de grootste showroom van Eliassen, honderden modellen te bekijken. De koffie of thee staat klaar !!\",\"breadcrumb\":{\"@id\":\"https:\/\/dev.eliassen.nl\/de\/gemalde-3d-afrikanische-schonheit-80x120cm\/#breadcrumb\"},\"inLanguage\":\"de\",\"potentialAction\":[{\"@type\":\"ReadAction\",\"target\":[\"https:\/\/dev.eliassen.nl\/de\/gemalde-3d-afrikanische-schonheit-80x120cm\/\"]}]},{\"@type\":\"ImageObject\",\"inLanguage\":\"de\",\"@id\":\"https:\/\/dev.eliassen.nl\/de\/gemalde-3d-afrikanische-schonheit-80x120cm\/#primaryimage\",\"url\":\"https:\/\/dev.eliassen.nl\/wp-content\/uploads\/2024\/10\/vrouwnieuw.jpg\",\"contentUrl\":\"https:\/\/dev.eliassen.nl\/wp-content\/uploads\/2024\/10\/vrouwnieuw.jpg\",\"width\":1375,\"height\":2047,\"caption\":\"vrouw nieuw\"},{\"@type\":\"BreadcrumbList\",\"@id\":\"https:\/\/dev.eliassen.nl\/de\/gemalde-3d-afrikanische-schonheit-80x120cm\/#breadcrumb\",\"itemListElement\":[{\"@type\":\"ListItem\",\"position\":1,\"name\":\"Home\",\"item\":\"https:\/\/dev.eliassen.nl\/de\/\"},{\"@type\":\"ListItem\",\"position\":2,\"name\":\"Shop\",\"item\":\"https:\/\/dev.eliassen.nl\/nl\/winkel\/\"},{\"@type\":\"ListItem\",\"position\":3,\"name\":\"Gem\u00e4lde\",\"item\":\"https:\/\/dev.eliassen.nl\/de\/gemaelde\/\"},{\"@type\":\"ListItem\",\"position\":4,\"name\":\"3D-Gem\u00e4lde aus Metall\",\"item\":\"https:\/\/dev.eliassen.nl\/de\/gemaelde\/3d-gemaelde-aus-metall\/\"},{\"@type\":\"ListItem\",\"position\":5,\"name\":\"3D-Gem\u00e4lde aus Metall im Format 80x120cm\",\"item\":\"https:\/\/dev.eliassen.nl\/de\/gemaelde\/3d-gemaelde-aus-metall\/3d-gemaelde-aus-metall-im-format-80x120cm\/\"},{\"@type\":\"ListItem\",\"position\":6,\"name\":\"Gem\u00e4lde 3D afrikanische Sch\u00f6nheit 80x120cm\"}]},{\"@type\":\"WebSite\",\"@id\":\"https:\/\/dev.eliassen.nl\/de\/#website\",\"url\":\"https:\/\/dev.eliassen.nl\/de\/\",\"name\":\"Eliassen Home & Garden Pleasure\",\"description\":\"\",\"publisher\":{\"@id\":\"https:\/\/dev.eliassen.nl\/de\/#organization\"},\"alternateName\":\"Eliassen.nl\",\"potentialAction\":[{\"@type\":\"SearchAction\",\"target\":{\"@type\":\"EntryPoint\",\"urlTemplate\":\"https:\/\/dev.eliassen.nl\/de\/?s={search_term_string}\"},\"query-input\":{\"@type\":\"PropertyValueSpecification\",\"valueRequired\":true,\"valueName\":\"search_term_string\"}}],\"inLanguage\":\"de\"},{\"@type\":\"Organization\",\"@id\":\"https:\/\/dev.eliassen.nl\/de\/#organization\",\"name\":\"Eliassen Home & Garden Pleasure\",\"url\":\"https:\/\/dev.eliassen.nl\/de\/\",\"logo\":{\"@type\":\"ImageObject\",\"inLanguage\":\"de\",\"@id\":\"https:\/\/dev.eliassen.nl\/de\/#\/schema\/logo\/image\/\",\"url\":\"https:\/\/www.eliassen.nl\/wp-content\/uploads\/2024\/01\/logo_4nd.jpg\",\"contentUrl\":\"https:\/\/www.eliassen.nl\/wp-content\/uploads\/2024\/01\/logo_4nd.jpg\",\"width\":500,\"height\":500,\"caption\":\"Eliassen Home & Garden Pleasure\"},\"image\":{\"@id\":\"https:\/\/dev.eliassen.nl\/de\/#\/schema\/logo\/image\/\"},\"sameAs\":[\"https:\/\/www.facebook.com\/TuincentrumEliassenAmmerzoden\",\"https:\/\/www.instagram.com\/eliassenhomeandgarden\/\",\"https:\/\/nl.pinterest.com\/eliassenhomeandgarden\/\",\"https:\/\/www.youtube.com\/@eliassenhomegardenpleasure4558\"]}]}<\/script>\n<!-- \/ Yoast SEO plugin. -->","yoast_head_json":{"title":"Schilderij 3D Afrikaanse schoonheid 80x120cm","description":"Schilderijen in 3d: Kom naar de grootste showroom van Eliassen, honderden modellen te bekijken. De koffie of thee staat klaar !!","robots":{"index":"noindex","follow":"follow","max-snippet":"max-snippet:-1","max-image-preview":"max-image-preview:large","max-video-preview":"max-video-preview:-1"},"og_locale":"de_DE","og_type":"article","og_title":"Schilderij 3D Afrikaanse schoonheid 80x120cm","og_description":"Schilderijen in 3d: Kom naar de grootste showroom van Eliassen, honderden modellen te bekijken. De koffie of thee staat klaar !!","og_url":"https:\/\/dev.eliassen.nl\/de\/gemalde-3d-afrikanische-schonheit-80x120cm\/","og_site_name":"Eliassen.nl","article_publisher":"https:\/\/www.facebook.com\/TuincentrumEliassenAmmerzoden","article_modified_time":"2024-12-05T16:24:58+00:00","og_image":[{"width":1375,"height":2047,"url":"https:\/\/dev.eliassen.nl\/wp-content\/uploads\/2024\/10\/vrouwnieuw.jpg","type":"image\/jpeg"}],"twitter_card":"summary_large_image","schema":{"@context":"https:\/\/schema.org","@graph":[{"@type":"WebPage","@id":"https:\/\/dev.eliassen.nl\/de\/gemalde-3d-afrikanische-schonheit-80x120cm\/","url":"https:\/\/dev.eliassen.nl\/de\/gemalde-3d-afrikanische-schonheit-80x120cm\/","name":"Schilderij 3D Afrikaanse schoonheid 80x120cm","isPartOf":{"@id":"https:\/\/dev.eliassen.nl\/de\/#website"},"primaryImageOfPage":{"@id":"https:\/\/dev.eliassen.nl\/de\/gemalde-3d-afrikanische-schonheit-80x120cm\/#primaryimage"},"image":{"@id":"https:\/\/dev.eliassen.nl\/de\/gemalde-3d-afrikanische-schonheit-80x120cm\/#primaryimage"},"thumbnailUrl":"https:\/\/dev.eliassen.nl\/wp-content\/uploads\/2024\/10\/vrouwnieuw.jpg","datePublished":"2024-05-22T18:48:26+00:00","dateModified":"2024-12-05T16:24:58+00:00","description":"Schilderijen in 3d: Kom naar de grootste showroom van Eliassen, honderden modellen te bekijken. De koffie of thee staat klaar !!","breadcrumb":{"@id":"https:\/\/dev.eliassen.nl\/de\/gemalde-3d-afrikanische-schonheit-80x120cm\/#breadcrumb"},"inLanguage":"de","potentialAction":[{"@type":"ReadAction","target":["https:\/\/dev.eliassen.nl\/de\/gemalde-3d-afrikanische-schonheit-80x120cm\/"]}]},{"@type":"ImageObject","inLanguage":"de","@id":"https:\/\/dev.eliassen.nl\/de\/gemalde-3d-afrikanische-schonheit-80x120cm\/#primaryimage","url":"https:\/\/dev.eliassen.nl\/wp-content\/uploads\/2024\/10\/vrouwnieuw.jpg","contentUrl":"https:\/\/dev.eliassen.nl\/wp-content\/uploads\/2024\/10\/vrouwnieuw.jpg","width":1375,"height":2047,"caption":"vrouw nieuw"},{"@type":"BreadcrumbList","@id":"https:\/\/dev.eliassen.nl\/de\/gemalde-3d-afrikanische-schonheit-80x120cm\/#breadcrumb","itemListElement":[{"@type":"ListItem","position":1,"name":"Home","item":"https:\/\/dev.eliassen.nl\/de\/"},{"@type":"ListItem","position":2,"name":"Shop","item":"https:\/\/dev.eliassen.nl\/nl\/winkel\/"},{"@type":"ListItem","position":3,"name":"Gem\u00e4lde","item":"https:\/\/dev.eliassen.nl\/de\/gemaelde\/"},{"@type":"ListItem","position":4,"name":"3D-Gem\u00e4lde aus Metall","item":"https:\/\/dev.eliassen.nl\/de\/gemaelde\/3d-gemaelde-aus-metall\/"},{"@type":"ListItem","position":5,"name":"3D-Gem\u00e4lde aus Metall im Format 80x120cm","item":"https:\/\/dev.eliassen.nl\/de\/gemaelde\/3d-gemaelde-aus-metall\/3d-gemaelde-aus-metall-im-format-80x120cm\/"},{"@type":"ListItem","position":6,"name":"Gem\u00e4lde 3D afrikanische Sch\u00f6nheit 80x120cm"}]},{"@type":"WebSite","@id":"https:\/\/dev.eliassen.nl\/de\/#website","url":"https:\/\/dev.eliassen.nl\/de\/","name":"Eliassen Home & Garden Pleasure","description":"","publisher":{"@id":"https:\/\/dev.eliassen.nl\/de\/#organization"},"alternateName":"Eliassen.nl","potentialAction":[{"@type":"SearchAction","target":{"@type":"EntryPoint","urlTemplate":"https:\/\/dev.eliassen.nl\/de\/?s={search_term_string}"},"query-input":{"@type":"PropertyValueSpecification","valueRequired":true,"valueName":"search_term_string"}}],"inLanguage":"de"},{"@type":"Organization","@id":"https:\/\/dev.eliassen.nl\/de\/#organization","name":"Eliassen Home & Garden Pleasure","url":"https:\/\/dev.eliassen.nl\/de\/","logo":{"@type":"ImageObject","inLanguage":"de","@id":"https:\/\/dev.eliassen.nl\/de\/#\/schema\/logo\/image\/","url":"https:\/\/www.eliassen.nl\/wp-content\/uploads\/2024\/01\/logo_4nd.jpg","contentUrl":"https:\/\/www.eliassen.nl\/wp-content\/uploads\/2024\/01\/logo_4nd.jpg","width":500,"height":500,"caption":"Eliassen Home & Garden Pleasure"},"image":{"@id":"https:\/\/dev.eliassen.nl\/de\/#\/schema\/logo\/image\/"},"sameAs":["https:\/\/www.facebook.com\/TuincentrumEliassenAmmerzoden","https:\/\/www.instagram.com\/eliassenhomeandgarden\/","https:\/\/nl.pinterest.com\/eliassenhomeandgarden\/","https:\/\/www.youtube.com\/@eliassenhomegardenpleasure4558"]}]}},"df_price":209,"df_sale_price":"","df_regular_price":209,"df_image_link":"https:\/\/dev.eliassen.nl\/wp-content\/uploads\/2024\/10\/vrouwnieuw.jpg","image":"https:\/\/dev.eliassen.nl\/wp-content\/uploads\/2024\/10\/vrouwnieuw.jpg","price_search":"<span class=\"woocommerce-Price-amount amount\"><bdi><span class=\"woocommerce-Price-currencySymbol\">&euro;<\/span>&nbsp;209,00<\/bdi><\/span>","category":"3D-Gem\u00e4lde aus Metall","_links":{"self":[{"href":"https:\/\/dev.eliassen.nl\/de\/wp-json\/wp\/v2\/product\/155069","targetHints":{"allow":["GET"]}}],"collection":[{"href":"https:\/\/dev.eliassen.nl\/de\/wp-json\/wp\/v2\/product"}],"about":[{"href":"https:\/\/dev.eliassen.nl\/de\/wp-json\/wp\/v2\/types\/product"}],"wp:featuredmedia":[{"embeddable":true,"href":"https:\/\/dev.eliassen.nl\/de\/wp-json\/wp\/v2\/media\/155063"}],"wp:attachment":[{"href":"https:\/\/dev.eliassen.nl\/de\/wp-json\/wp\/v2\/media?parent=155069"}],"wp:term":[{"taxonomy":"product_brand","embeddable":true,"href":"https:\/\/dev.eliassen.nl\/de\/wp-json\/wp\/v2\/product_brand?post=155069"},{"taxonomy":"product_cat","embeddable":true,"href":"https:\/\/dev.eliassen.nl\/de\/wp-json\/wp\/v2\/product_cat?post=155069"},{"taxonomy":"product_tag","embeddable":true,"href":"https:\/\/dev.eliassen.nl\/de\/wp-json\/wp\/v2\/product_tag?post=155069"}],"curies":[{"name":"wp","href":"https:\/\/api.w.org\/{rel}","templated":true}]}}