{"id":155348,"date":"2024-06-06T16:49:06","date_gmt":"2024-06-06T14:49:06","guid":{"rendered":"https:\/\/www.eliassen.nl\/?product=beeld-brons-kind-met-appel-op-ladder-206cm"},"modified":"2024-12-05T17:26:22","modified_gmt":"2024-12-05T16:26:22","slug":"bronzestatue-kind-mit-apfel-auf-leiter-206cm","status":"publish","type":"product","link":"https:\/\/dev.eliassen.nl\/de\/bronzestatue-kind-mit-apfel-auf-leiter-206cm\/","title":{"rendered":"Bronzestatue Kind mit Apfel auf Leiter 206cm"},"content":{"rendered":"<p>Wundersch\u00f6ne Statue eines Jungen auf einer Leiter, der einen Apfel aus echter Bronze h\u00e4lt. Die Bronze dieser Statue hat einen garantierten Kupfergehalt von 75 %, was ihre Lebensdauer und ihr Aussehen erheblich verl\u00e4ngert.<\/p>\n<p>Diese Bronzestatue wurde mit der Methode des geschmolzenen Wachses hergestellt, einer uralten Technik. Auf die Form wird eine etwa 3 mm dicke Wachsschicht aufgetragen, anschlie\u00dfend wird der restliche Hohlraum mit Spezialton ausgef\u00fcllt. Wenn die Formvorbereitungen abgeschlossen sind, wird fl\u00fcssige Bronze von oben in die Form gegossen, das Wachs schmilzt und l\u00e4uft ab; Der entstandene Raum wird mit Bronze gef\u00fcllt. Nach dem Abk\u00fchlen wird die Form ge\u00f6ffnet, anschlie\u00dfend wird die Skulptur bearbeitet, poliert, geschliffen, Grate entfernt usw. Bei gr\u00f6\u00dferen Bronzeskulpturen und -statuen wird die Bronze in Teilen gegossen, wonach diese Teile sehr sorgf\u00e4ltig zusammengel\u00f6tet werden, wobei die N\u00e4hte versiegelt werden dann poliert und geschliffen zu einem kompletten Bronzeobjekt. Bronzestatuen werden mit verschiedenen S\u00e4uren behandelt, um die richtige Farbe zu erhalten. Jede Art von S\u00e4ure verursacht ihre eigene Oxidation, die dauerhaft ist.<\/p>\n<p>Bronzestatuen k\u00f6nnen auch drau\u00dfen gelassen werden, die Statue wird dann etwas matt, was viele Menschen sch\u00f6n finden. Wenn Sie den Glanz erhalten m\u00f6chten, sollten Sie die Bronzeskulptur zweimal im Jahr mit Bienenwachs einreiben.<\/p>\n<p><strong>Wir verf\u00fcgen \u00fcber die gr\u00f6\u00dfte Sammlung an Bronzestatuen, die auch live besichtigt werden k\u00f6nnen. Bitte kommen Sie vorbei und schauen Sie sich das an!! M\u00f6chten Sie eine bestimmte Bronzestatue besichtigen? Bitte rufen Sie uns an, damit wir best\u00e4tigen k\u00f6nnen, dass wir das Bild Ihrer Wahl haben!<\/strong><\/p>\n<ul>\n<li>Gr\u00f6\u00dfe: 48x80x206cm hoch<\/li>\n<li>Material: Bronze<\/li>\n<li>Schnell geliefert <strong>.<\/strong><\/li>\n<li>10 Jahre Garantie.<\/li>\n<\/ul>\n","protected":false},"excerpt":{"rendered":"<p>48x80x206cm hoch<\/p>\n","protected":false},"featured_media":155336,"template":"","meta":{"_acf_changed":false},"product_brand":[],"product_cat":[626,613,7239],"product_tag":[],"class_list":{"0":"post-155348","1":"product","2":"type-product","3":"status-publish","4":"has-post-thumbnail","6":"product_cat-bronzestatue-von-kindern","7":"product_cat-bronzestatuen","8":"product_cat-statuen-skulpturen","10":"first","11":"instock","12":"taxable","13":"shipping-taxable","14":"purchasable","15":"product-type-simple"},"acf":[],"yoast_head":"<!-- This site is optimized with the Yoast SEO plugin v23.8 - https:\/\/yoast.com\/wordpress\/plugins\/seo\/ -->\n<title>Bronzestatue Kind mit Apfel auf Leiter 206 cm - Eliassen.nl<\/title>\n<meta name=\"description\" content=\"M\u00f6chten Sie eine Bronzestatue eines Kindes kaufen? Dieses Bild zeigt einen Jungen, der auf einem Ladeger\u00e4t steht und einen Apfel hinh\u00e4lt.\" \/>\n<meta name=\"robots\" content=\"noindex, follow, max-snippet:-1, max-image-preview:large, max-video-preview:-1\" \/>\n<meta property=\"og:locale\" content=\"de_DE\" \/>\n<meta property=\"og:type\" content=\"article\" \/>\n<meta property=\"og:title\" content=\"Bronzestatue Kind mit Apfel auf Leiter 206 cm - Eliassen.nl\" \/>\n<meta property=\"og:description\" content=\"M\u00f6chten Sie eine Bronzestatue eines Kindes kaufen? Dieses Bild zeigt einen Jungen, der auf einem Ladeger\u00e4t steht und einen Apfel hinh\u00e4lt.\" \/>\n<meta property=\"og:url\" content=\"https:\/\/dev.eliassen.nl\/de\/bronzestatue-kind-mit-apfel-auf-leiter-206cm\/\" \/>\n<meta property=\"og:site_name\" content=\"Eliassen.nl\" \/>\n<meta property=\"article:publisher\" content=\"https:\/\/www.facebook.com\/TuincentrumEliassenAmmerzoden\" \/>\n<meta property=\"article:modified_time\" content=\"2024-12-05T16:26:22+00:00\" \/>\n<meta property=\"og:image\" content=\"https:\/\/dev.eliassen.nl\/wp-content\/uploads\/2024\/10\/beeldbronskindopladdermetappeleliassennl.jpg\" \/>\n\t<meta property=\"og:image:width\" content=\"1181\" \/>\n\t<meta property=\"og:image:height\" content=\"1771\" \/>\n\t<meta property=\"og:image:type\" content=\"image\/jpeg\" \/>\n<meta name=\"twitter:card\" content=\"summary_large_image\" \/>\n<script type=\"application\/ld+json\" class=\"yoast-schema-graph\">{\"@context\":\"https:\/\/schema.org\",\"@graph\":[{\"@type\":\"WebPage\",\"@id\":\"https:\/\/dev.eliassen.nl\/de\/bronzestatue-kind-mit-apfel-auf-leiter-206cm\/\",\"url\":\"https:\/\/dev.eliassen.nl\/de\/bronzestatue-kind-mit-apfel-auf-leiter-206cm\/\",\"name\":\"Bronzestatue Kind mit Apfel auf Leiter 206 cm - Eliassen.nl\",\"isPartOf\":{\"@id\":\"https:\/\/dev.eliassen.nl\/de\/#website\"},\"primaryImageOfPage\":{\"@id\":\"https:\/\/dev.eliassen.nl\/de\/bronzestatue-kind-mit-apfel-auf-leiter-206cm\/#primaryimage\"},\"image\":{\"@id\":\"https:\/\/dev.eliassen.nl\/de\/bronzestatue-kind-mit-apfel-auf-leiter-206cm\/#primaryimage\"},\"thumbnailUrl\":\"https:\/\/dev.eliassen.nl\/wp-content\/uploads\/2024\/10\/beeldbronskindopladdermetappeleliassennl.jpg\",\"datePublished\":\"2024-06-06T14:49:06+00:00\",\"dateModified\":\"2024-12-05T16:26:22+00:00\",\"description\":\"M\u00f6chten Sie eine Bronzestatue eines Kindes kaufen? Dieses Bild zeigt einen Jungen, der auf einem Ladeger\u00e4t steht und einen Apfel hinh\u00e4lt.\",\"breadcrumb\":{\"@id\":\"https:\/\/dev.eliassen.nl\/de\/bronzestatue-kind-mit-apfel-auf-leiter-206cm\/#breadcrumb\"},\"inLanguage\":\"de\",\"potentialAction\":[{\"@type\":\"ReadAction\",\"target\":[\"https:\/\/dev.eliassen.nl\/de\/bronzestatue-kind-mit-apfel-auf-leiter-206cm\/\"]}]},{\"@type\":\"ImageObject\",\"inLanguage\":\"de\",\"@id\":\"https:\/\/dev.eliassen.nl\/de\/bronzestatue-kind-mit-apfel-auf-leiter-206cm\/#primaryimage\",\"url\":\"https:\/\/dev.eliassen.nl\/wp-content\/uploads\/2024\/10\/beeldbronskindopladdermetappeleliassennl.jpg\",\"contentUrl\":\"https:\/\/dev.eliassen.nl\/wp-content\/uploads\/2024\/10\/beeldbronskindopladdermetappeleliassennl.jpg\",\"width\":1181,\"height\":1771,\"caption\":\"Beeld brons kind op ladder met appel Eliassen.nl\"},{\"@type\":\"BreadcrumbList\",\"@id\":\"https:\/\/dev.eliassen.nl\/de\/bronzestatue-kind-mit-apfel-auf-leiter-206cm\/#breadcrumb\",\"itemListElement\":[{\"@type\":\"ListItem\",\"position\":1,\"name\":\"Home\",\"item\":\"https:\/\/dev.eliassen.nl\/de\/\"},{\"@type\":\"ListItem\",\"position\":2,\"name\":\"Shop\",\"item\":\"https:\/\/dev.eliassen.nl\/nl\/winkel\/\"},{\"@type\":\"ListItem\",\"position\":3,\"name\":\"Bronzestatuen\",\"item\":\"https:\/\/dev.eliassen.nl\/de\/bilder\/bronzestatuen\/\"},{\"@type\":\"ListItem\",\"position\":4,\"name\":\"Bronzestatue von Kindern\",\"item\":\"https:\/\/dev.eliassen.nl\/de\/bilder\/bronzestatuen\/bronzestatue-von-kindern\/\"},{\"@type\":\"ListItem\",\"position\":5,\"name\":\"Bronzestatue Kind mit Apfel auf Leiter 206cm\"}]},{\"@type\":\"WebSite\",\"@id\":\"https:\/\/dev.eliassen.nl\/de\/#website\",\"url\":\"https:\/\/dev.eliassen.nl\/de\/\",\"name\":\"Eliassen Home & Garden Pleasure\",\"description\":\"\",\"publisher\":{\"@id\":\"https:\/\/dev.eliassen.nl\/de\/#organization\"},\"alternateName\":\"Eliassen.nl\",\"potentialAction\":[{\"@type\":\"SearchAction\",\"target\":{\"@type\":\"EntryPoint\",\"urlTemplate\":\"https:\/\/dev.eliassen.nl\/de\/?s={search_term_string}\"},\"query-input\":{\"@type\":\"PropertyValueSpecification\",\"valueRequired\":true,\"valueName\":\"search_term_string\"}}],\"inLanguage\":\"de\"},{\"@type\":\"Organization\",\"@id\":\"https:\/\/dev.eliassen.nl\/de\/#organization\",\"name\":\"Eliassen Home & Garden Pleasure\",\"url\":\"https:\/\/dev.eliassen.nl\/de\/\",\"logo\":{\"@type\":\"ImageObject\",\"inLanguage\":\"de\",\"@id\":\"https:\/\/dev.eliassen.nl\/de\/#\/schema\/logo\/image\/\",\"url\":\"https:\/\/www.eliassen.nl\/wp-content\/uploads\/2024\/01\/logo_4nd.jpg\",\"contentUrl\":\"https:\/\/www.eliassen.nl\/wp-content\/uploads\/2024\/01\/logo_4nd.jpg\",\"width\":500,\"height\":500,\"caption\":\"Eliassen Home & Garden Pleasure\"},\"image\":{\"@id\":\"https:\/\/dev.eliassen.nl\/de\/#\/schema\/logo\/image\/\"},\"sameAs\":[\"https:\/\/www.facebook.com\/TuincentrumEliassenAmmerzoden\",\"https:\/\/www.instagram.com\/eliassenhomeandgarden\/\",\"https:\/\/nl.pinterest.com\/eliassenhomeandgarden\/\",\"https:\/\/www.youtube.com\/@eliassenhomegardenpleasure4558\"]}]}<\/script>\n<!-- \/ Yoast SEO plugin. -->","yoast_head_json":{"title":"Bronzestatue Kind mit Apfel auf Leiter 206 cm - Eliassen.nl","description":"M\u00f6chten Sie eine Bronzestatue eines Kindes kaufen? Dieses Bild zeigt einen Jungen, der auf einem Ladeger\u00e4t steht und einen Apfel hinh\u00e4lt.","robots":{"index":"noindex","follow":"follow","max-snippet":"max-snippet:-1","max-image-preview":"max-image-preview:large","max-video-preview":"max-video-preview:-1"},"og_locale":"de_DE","og_type":"article","og_title":"Bronzestatue Kind mit Apfel auf Leiter 206 cm - Eliassen.nl","og_description":"M\u00f6chten Sie eine Bronzestatue eines Kindes kaufen? Dieses Bild zeigt einen Jungen, der auf einem Ladeger\u00e4t steht und einen Apfel hinh\u00e4lt.","og_url":"https:\/\/dev.eliassen.nl\/de\/bronzestatue-kind-mit-apfel-auf-leiter-206cm\/","og_site_name":"Eliassen.nl","article_publisher":"https:\/\/www.facebook.com\/TuincentrumEliassenAmmerzoden","article_modified_time":"2024-12-05T16:26:22+00:00","og_image":[{"width":1181,"height":1771,"url":"https:\/\/dev.eliassen.nl\/wp-content\/uploads\/2024\/10\/beeldbronskindopladdermetappeleliassennl.jpg","type":"image\/jpeg"}],"twitter_card":"summary_large_image","schema":{"@context":"https:\/\/schema.org","@graph":[{"@type":"WebPage","@id":"https:\/\/dev.eliassen.nl\/de\/bronzestatue-kind-mit-apfel-auf-leiter-206cm\/","url":"https:\/\/dev.eliassen.nl\/de\/bronzestatue-kind-mit-apfel-auf-leiter-206cm\/","name":"Bronzestatue Kind mit Apfel auf Leiter 206 cm - Eliassen.nl","isPartOf":{"@id":"https:\/\/dev.eliassen.nl\/de\/#website"},"primaryImageOfPage":{"@id":"https:\/\/dev.eliassen.nl\/de\/bronzestatue-kind-mit-apfel-auf-leiter-206cm\/#primaryimage"},"image":{"@id":"https:\/\/dev.eliassen.nl\/de\/bronzestatue-kind-mit-apfel-auf-leiter-206cm\/#primaryimage"},"thumbnailUrl":"https:\/\/dev.eliassen.nl\/wp-content\/uploads\/2024\/10\/beeldbronskindopladdermetappeleliassennl.jpg","datePublished":"2024-06-06T14:49:06+00:00","dateModified":"2024-12-05T16:26:22+00:00","description":"M\u00f6chten Sie eine Bronzestatue eines Kindes kaufen? Dieses Bild zeigt einen Jungen, der auf einem Ladeger\u00e4t steht und einen Apfel hinh\u00e4lt.","breadcrumb":{"@id":"https:\/\/dev.eliassen.nl\/de\/bronzestatue-kind-mit-apfel-auf-leiter-206cm\/#breadcrumb"},"inLanguage":"de","potentialAction":[{"@type":"ReadAction","target":["https:\/\/dev.eliassen.nl\/de\/bronzestatue-kind-mit-apfel-auf-leiter-206cm\/"]}]},{"@type":"ImageObject","inLanguage":"de","@id":"https:\/\/dev.eliassen.nl\/de\/bronzestatue-kind-mit-apfel-auf-leiter-206cm\/#primaryimage","url":"https:\/\/dev.eliassen.nl\/wp-content\/uploads\/2024\/10\/beeldbronskindopladdermetappeleliassennl.jpg","contentUrl":"https:\/\/dev.eliassen.nl\/wp-content\/uploads\/2024\/10\/beeldbronskindopladdermetappeleliassennl.jpg","width":1181,"height":1771,"caption":"Beeld brons kind op ladder met appel Eliassen.nl"},{"@type":"BreadcrumbList","@id":"https:\/\/dev.eliassen.nl\/de\/bronzestatue-kind-mit-apfel-auf-leiter-206cm\/#breadcrumb","itemListElement":[{"@type":"ListItem","position":1,"name":"Home","item":"https:\/\/dev.eliassen.nl\/de\/"},{"@type":"ListItem","position":2,"name":"Shop","item":"https:\/\/dev.eliassen.nl\/nl\/winkel\/"},{"@type":"ListItem","position":3,"name":"Bronzestatuen","item":"https:\/\/dev.eliassen.nl\/de\/bilder\/bronzestatuen\/"},{"@type":"ListItem","position":4,"name":"Bronzestatue von Kindern","item":"https:\/\/dev.eliassen.nl\/de\/bilder\/bronzestatuen\/bronzestatue-von-kindern\/"},{"@type":"ListItem","position":5,"name":"Bronzestatue Kind mit Apfel auf Leiter 206cm"}]},{"@type":"WebSite","@id":"https:\/\/dev.eliassen.nl\/de\/#website","url":"https:\/\/dev.eliassen.nl\/de\/","name":"Eliassen Home & Garden Pleasure","description":"","publisher":{"@id":"https:\/\/dev.eliassen.nl\/de\/#organization"},"alternateName":"Eliassen.nl","potentialAction":[{"@type":"SearchAction","target":{"@type":"EntryPoint","urlTemplate":"https:\/\/dev.eliassen.nl\/de\/?s={search_term_string}"},"query-input":{"@type":"PropertyValueSpecification","valueRequired":true,"valueName":"search_term_string"}}],"inLanguage":"de"},{"@type":"Organization","@id":"https:\/\/dev.eliassen.nl\/de\/#organization","name":"Eliassen Home & Garden Pleasure","url":"https:\/\/dev.eliassen.nl\/de\/","logo":{"@type":"ImageObject","inLanguage":"de","@id":"https:\/\/dev.eliassen.nl\/de\/#\/schema\/logo\/image\/","url":"https:\/\/www.eliassen.nl\/wp-content\/uploads\/2024\/01\/logo_4nd.jpg","contentUrl":"https:\/\/www.eliassen.nl\/wp-content\/uploads\/2024\/01\/logo_4nd.jpg","width":500,"height":500,"caption":"Eliassen Home & Garden Pleasure"},"image":{"@id":"https:\/\/dev.eliassen.nl\/de\/#\/schema\/logo\/image\/"},"sameAs":["https:\/\/www.facebook.com\/TuincentrumEliassenAmmerzoden","https:\/\/www.instagram.com\/eliassenhomeandgarden\/","https:\/\/nl.pinterest.com\/eliassenhomeandgarden\/","https:\/\/www.youtube.com\/@eliassenhomegardenpleasure4558"]}]}},"df_price":2495,"df_sale_price":"","df_regular_price":2495,"df_image_link":"https:\/\/dev.eliassen.nl\/wp-content\/uploads\/2024\/10\/beeldbronskindopladdermetappeleliassennl.jpg","image":"https:\/\/dev.eliassen.nl\/wp-content\/uploads\/2024\/10\/beeldbronskindopladdermetappeleliassennl.jpg","price_search":"<span class=\"woocommerce-Price-amount amount\"><bdi><span class=\"woocommerce-Price-currencySymbol\">&euro;<\/span>&nbsp;2.495,00<\/bdi><\/span>","category":"Bronzestatue von Kindern","_links":{"self":[{"href":"https:\/\/dev.eliassen.nl\/de\/wp-json\/wp\/v2\/product\/155348","targetHints":{"allow":["GET"]}}],"collection":[{"href":"https:\/\/dev.eliassen.nl\/de\/wp-json\/wp\/v2\/product"}],"about":[{"href":"https:\/\/dev.eliassen.nl\/de\/wp-json\/wp\/v2\/types\/product"}],"wp:featuredmedia":[{"embeddable":true,"href":"https:\/\/dev.eliassen.nl\/de\/wp-json\/wp\/v2\/media\/155336"}],"wp:attachment":[{"href":"https:\/\/dev.eliassen.nl\/de\/wp-json\/wp\/v2\/media?parent=155348"}],"wp:term":[{"taxonomy":"product_brand","embeddable":true,"href":"https:\/\/dev.eliassen.nl\/de\/wp-json\/wp\/v2\/product_brand?post=155348"},{"taxonomy":"product_cat","embeddable":true,"href":"https:\/\/dev.eliassen.nl\/de\/wp-json\/wp\/v2\/product_cat?post=155348"},{"taxonomy":"product_tag","embeddable":true,"href":"https:\/\/dev.eliassen.nl\/de\/wp-json\/wp\/v2\/product_tag?post=155348"}],"curies":[{"name":"wp","href":"https:\/\/api.w.org\/{rel}","templated":true}]}}