{"id":156041,"date":"2024-06-11T18:53:45","date_gmt":"2024-06-11T16:53:45","guid":{"rendered":"https:\/\/www.eliassen.nl\/?product=vogelschaal-mario-gietijzer-28cm"},"modified":"2024-12-05T17:27:52","modified_gmt":"2024-12-05T16:27:52","slug":"vogelnapf-mario-gusseisen-28cm","status":"publish","type":"product","link":"https:\/\/dev.eliassen.nl\/de\/vogelnapf-mario-gusseisen-28cm\/","title":{"rendered":"Vogelnapf Mario Gusseisen 28cm"},"content":{"rendered":"<p>Bieten Sie den V\u00f6geln mit diesem klassischen und dekorativen Vogelnapf einen sicheren und erh\u00f6hten Trinkplatz. Dieses sch\u00f6ne ma\u00dfstabsgetreue Modell kann an vielen Orten platziert werden. 3 V\u00f6gel haben sich bereits am Rand niedergelassen, es liegt an anderen V\u00f6geln, diesem Beispiel so schnell wie m\u00f6glich zu folgen. Auch als Vogeltr\u00e4nke eignet sich dieser Vogelnapf hervorragend.<\/p>\n<p>\u2022 als Vogeltr\u00e4nke oder Futternapf geeignet<\/p>\n<p>\u2022 Einfache Montage an einer Wand oder einem Fenster<\/p>\n<p>* Gr\u00f6\u00dfe: 20x28cm<\/p>\n","protected":false},"excerpt":{"rendered":"<p>Dunkelbraune Farbe, starke Qualit\u00e4t.<\/p>\n","protected":false},"featured_media":156032,"template":"","meta":{"_acf_changed":false},"product_brand":[],"product_cat":[707],"product_tag":[],"class_list":{"0":"post-156041","1":"product","2":"type-product","3":"status-publish","4":"has-post-thumbnail","6":"product_cat-vogeltraenken","8":"first","9":"outofstock","10":"taxable","11":"shipping-taxable","12":"purchasable","13":"product-type-simple"},"acf":[],"yoast_head":"<!-- This site is optimized with the Yoast SEO plugin v23.8 - https:\/\/yoast.com\/wordpress\/plugins\/seo\/ -->\n<title>Vogelnapf Mario Gusseisen 28cm - Eliassen.nl<\/title>\n<meta name=\"description\" content=\"Vogeltr\u00e4nke aus Gusseisen. Viele Modelle in unserem Shop erh\u00e4ltlich. Schnelle Online-Lieferzeiten. 28cm Durchmesser.\" \/>\n<meta name=\"robots\" content=\"noindex, follow, max-snippet:-1, max-image-preview:large, max-video-preview:-1\" \/>\n<meta property=\"og:locale\" content=\"de_DE\" \/>\n<meta property=\"og:type\" content=\"article\" \/>\n<meta property=\"og:title\" content=\"Vogelnapf Mario Gusseisen 28cm - Eliassen.nl\" \/>\n<meta property=\"og:description\" content=\"Vogeltr\u00e4nke aus Gusseisen. Viele Modelle in unserem Shop erh\u00e4ltlich. Schnelle Online-Lieferzeiten. 28cm Durchmesser.\" \/>\n<meta property=\"og:url\" content=\"https:\/\/dev.eliassen.nl\/de\/vogelnapf-mario-gusseisen-28cm\/\" \/>\n<meta property=\"og:site_name\" content=\"Eliassen.nl\" \/>\n<meta property=\"article:publisher\" content=\"https:\/\/www.facebook.com\/TuincentrumEliassenAmmerzoden\" \/>\n<meta property=\"article:modified_time\" content=\"2024-12-05T16:27:52+00:00\" \/>\n<meta property=\"og:image\" content=\"https:\/\/dev.eliassen.nl\/wp-content\/uploads\/2024\/10\/vogeldrinkschaalmaribruineliassennl326034rba.jpg\" \/>\n\t<meta property=\"og:image:width\" content=\"1440\" \/>\n\t<meta property=\"og:image:height\" content=\"1080\" \/>\n\t<meta property=\"og:image:type\" content=\"image\/jpeg\" \/>\n<meta name=\"twitter:card\" content=\"summary_large_image\" \/>\n<script type=\"application\/ld+json\" class=\"yoast-schema-graph\">{\"@context\":\"https:\/\/schema.org\",\"@graph\":[{\"@type\":\"WebPage\",\"@id\":\"https:\/\/dev.eliassen.nl\/de\/vogelnapf-mario-gusseisen-28cm\/\",\"url\":\"https:\/\/dev.eliassen.nl\/de\/vogelnapf-mario-gusseisen-28cm\/\",\"name\":\"Vogelnapf Mario Gusseisen 28cm - Eliassen.nl\",\"isPartOf\":{\"@id\":\"https:\/\/dev.eliassen.nl\/de\/#website\"},\"primaryImageOfPage\":{\"@id\":\"https:\/\/dev.eliassen.nl\/de\/vogelnapf-mario-gusseisen-28cm\/#primaryimage\"},\"image\":{\"@id\":\"https:\/\/dev.eliassen.nl\/de\/vogelnapf-mario-gusseisen-28cm\/#primaryimage\"},\"thumbnailUrl\":\"https:\/\/dev.eliassen.nl\/wp-content\/uploads\/2024\/10\/vogeldrinkschaalmaribruineliassennl326034rba.jpg\",\"datePublished\":\"2024-06-11T16:53:45+00:00\",\"dateModified\":\"2024-12-05T16:27:52+00:00\",\"description\":\"Vogeltr\u00e4nke aus Gusseisen. Viele Modelle in unserem Shop erh\u00e4ltlich. Schnelle Online-Lieferzeiten. 28cm Durchmesser.\",\"breadcrumb\":{\"@id\":\"https:\/\/dev.eliassen.nl\/de\/vogelnapf-mario-gusseisen-28cm\/#breadcrumb\"},\"inLanguage\":\"de\",\"potentialAction\":[{\"@type\":\"ReadAction\",\"target\":[\"https:\/\/dev.eliassen.nl\/de\/vogelnapf-mario-gusseisen-28cm\/\"]}]},{\"@type\":\"ImageObject\",\"inLanguage\":\"de\",\"@id\":\"https:\/\/dev.eliassen.nl\/de\/vogelnapf-mario-gusseisen-28cm\/#primaryimage\",\"url\":\"https:\/\/dev.eliassen.nl\/wp-content\/uploads\/2024\/10\/vogeldrinkschaalmaribruineliassennl326034rba.jpg\",\"contentUrl\":\"https:\/\/dev.eliassen.nl\/wp-content\/uploads\/2024\/10\/vogeldrinkschaalmaribruineliassennl326034rba.jpg\",\"width\":1440,\"height\":1080,\"caption\":\"Vogeldrinkschaal Mari bruin Eliassen.nl 326034RBa\"},{\"@type\":\"BreadcrumbList\",\"@id\":\"https:\/\/dev.eliassen.nl\/de\/vogelnapf-mario-gusseisen-28cm\/#breadcrumb\",\"itemListElement\":[{\"@type\":\"ListItem\",\"position\":1,\"name\":\"Home\",\"item\":\"https:\/\/dev.eliassen.nl\/de\/\"},{\"@type\":\"ListItem\",\"position\":2,\"name\":\"Shop\",\"item\":\"https:\/\/dev.eliassen.nl\/nl\/winkel\/\"},{\"@type\":\"ListItem\",\"position\":3,\"name\":\"Vogeltr\u00e4nken\",\"item\":\"https:\/\/dev.eliassen.nl\/de\/vogeltraenken\/\"},{\"@type\":\"ListItem\",\"position\":4,\"name\":\"Vogelnapf Mario Gusseisen 28cm\"}]},{\"@type\":\"WebSite\",\"@id\":\"https:\/\/dev.eliassen.nl\/de\/#website\",\"url\":\"https:\/\/dev.eliassen.nl\/de\/\",\"name\":\"Eliassen Home & Garden Pleasure\",\"description\":\"\",\"publisher\":{\"@id\":\"https:\/\/dev.eliassen.nl\/de\/#organization\"},\"alternateName\":\"Eliassen.nl\",\"potentialAction\":[{\"@type\":\"SearchAction\",\"target\":{\"@type\":\"EntryPoint\",\"urlTemplate\":\"https:\/\/dev.eliassen.nl\/de\/?s={search_term_string}\"},\"query-input\":{\"@type\":\"PropertyValueSpecification\",\"valueRequired\":true,\"valueName\":\"search_term_string\"}}],\"inLanguage\":\"de\"},{\"@type\":\"Organization\",\"@id\":\"https:\/\/dev.eliassen.nl\/de\/#organization\",\"name\":\"Eliassen Home & Garden Pleasure\",\"url\":\"https:\/\/dev.eliassen.nl\/de\/\",\"logo\":{\"@type\":\"ImageObject\",\"inLanguage\":\"de\",\"@id\":\"https:\/\/dev.eliassen.nl\/de\/#\/schema\/logo\/image\/\",\"url\":\"https:\/\/www.eliassen.nl\/wp-content\/uploads\/2024\/01\/logo_4nd.jpg\",\"contentUrl\":\"https:\/\/www.eliassen.nl\/wp-content\/uploads\/2024\/01\/logo_4nd.jpg\",\"width\":500,\"height\":500,\"caption\":\"Eliassen Home & Garden Pleasure\"},\"image\":{\"@id\":\"https:\/\/dev.eliassen.nl\/de\/#\/schema\/logo\/image\/\"},\"sameAs\":[\"https:\/\/www.facebook.com\/TuincentrumEliassenAmmerzoden\",\"https:\/\/www.instagram.com\/eliassenhomeandgarden\/\",\"https:\/\/nl.pinterest.com\/eliassenhomeandgarden\/\",\"https:\/\/www.youtube.com\/@eliassenhomegardenpleasure4558\"]}]}<\/script>\n<!-- \/ Yoast SEO plugin. -->","yoast_head_json":{"title":"Vogelnapf Mario Gusseisen 28cm - Eliassen.nl","description":"Vogeltr\u00e4nke aus Gusseisen. Viele Modelle in unserem Shop erh\u00e4ltlich. Schnelle Online-Lieferzeiten. 28cm Durchmesser.","robots":{"index":"noindex","follow":"follow","max-snippet":"max-snippet:-1","max-image-preview":"max-image-preview:large","max-video-preview":"max-video-preview:-1"},"og_locale":"de_DE","og_type":"article","og_title":"Vogelnapf Mario Gusseisen 28cm - Eliassen.nl","og_description":"Vogeltr\u00e4nke aus Gusseisen. Viele Modelle in unserem Shop erh\u00e4ltlich. Schnelle Online-Lieferzeiten. 28cm Durchmesser.","og_url":"https:\/\/dev.eliassen.nl\/de\/vogelnapf-mario-gusseisen-28cm\/","og_site_name":"Eliassen.nl","article_publisher":"https:\/\/www.facebook.com\/TuincentrumEliassenAmmerzoden","article_modified_time":"2024-12-05T16:27:52+00:00","og_image":[{"width":1440,"height":1080,"url":"https:\/\/dev.eliassen.nl\/wp-content\/uploads\/2024\/10\/vogeldrinkschaalmaribruineliassennl326034rba.jpg","type":"image\/jpeg"}],"twitter_card":"summary_large_image","schema":{"@context":"https:\/\/schema.org","@graph":[{"@type":"WebPage","@id":"https:\/\/dev.eliassen.nl\/de\/vogelnapf-mario-gusseisen-28cm\/","url":"https:\/\/dev.eliassen.nl\/de\/vogelnapf-mario-gusseisen-28cm\/","name":"Vogelnapf Mario Gusseisen 28cm - Eliassen.nl","isPartOf":{"@id":"https:\/\/dev.eliassen.nl\/de\/#website"},"primaryImageOfPage":{"@id":"https:\/\/dev.eliassen.nl\/de\/vogelnapf-mario-gusseisen-28cm\/#primaryimage"},"image":{"@id":"https:\/\/dev.eliassen.nl\/de\/vogelnapf-mario-gusseisen-28cm\/#primaryimage"},"thumbnailUrl":"https:\/\/dev.eliassen.nl\/wp-content\/uploads\/2024\/10\/vogeldrinkschaalmaribruineliassennl326034rba.jpg","datePublished":"2024-06-11T16:53:45+00:00","dateModified":"2024-12-05T16:27:52+00:00","description":"Vogeltr\u00e4nke aus Gusseisen. Viele Modelle in unserem Shop erh\u00e4ltlich. Schnelle Online-Lieferzeiten. 28cm Durchmesser.","breadcrumb":{"@id":"https:\/\/dev.eliassen.nl\/de\/vogelnapf-mario-gusseisen-28cm\/#breadcrumb"},"inLanguage":"de","potentialAction":[{"@type":"ReadAction","target":["https:\/\/dev.eliassen.nl\/de\/vogelnapf-mario-gusseisen-28cm\/"]}]},{"@type":"ImageObject","inLanguage":"de","@id":"https:\/\/dev.eliassen.nl\/de\/vogelnapf-mario-gusseisen-28cm\/#primaryimage","url":"https:\/\/dev.eliassen.nl\/wp-content\/uploads\/2024\/10\/vogeldrinkschaalmaribruineliassennl326034rba.jpg","contentUrl":"https:\/\/dev.eliassen.nl\/wp-content\/uploads\/2024\/10\/vogeldrinkschaalmaribruineliassennl326034rba.jpg","width":1440,"height":1080,"caption":"Vogeldrinkschaal Mari bruin Eliassen.nl 326034RBa"},{"@type":"BreadcrumbList","@id":"https:\/\/dev.eliassen.nl\/de\/vogelnapf-mario-gusseisen-28cm\/#breadcrumb","itemListElement":[{"@type":"ListItem","position":1,"name":"Home","item":"https:\/\/dev.eliassen.nl\/de\/"},{"@type":"ListItem","position":2,"name":"Shop","item":"https:\/\/dev.eliassen.nl\/nl\/winkel\/"},{"@type":"ListItem","position":3,"name":"Vogeltr\u00e4nken","item":"https:\/\/dev.eliassen.nl\/de\/vogeltraenken\/"},{"@type":"ListItem","position":4,"name":"Vogelnapf Mario Gusseisen 28cm"}]},{"@type":"WebSite","@id":"https:\/\/dev.eliassen.nl\/de\/#website","url":"https:\/\/dev.eliassen.nl\/de\/","name":"Eliassen Home & Garden Pleasure","description":"","publisher":{"@id":"https:\/\/dev.eliassen.nl\/de\/#organization"},"alternateName":"Eliassen.nl","potentialAction":[{"@type":"SearchAction","target":{"@type":"EntryPoint","urlTemplate":"https:\/\/dev.eliassen.nl\/de\/?s={search_term_string}"},"query-input":{"@type":"PropertyValueSpecification","valueRequired":true,"valueName":"search_term_string"}}],"inLanguage":"de"},{"@type":"Organization","@id":"https:\/\/dev.eliassen.nl\/de\/#organization","name":"Eliassen Home & Garden Pleasure","url":"https:\/\/dev.eliassen.nl\/de\/","logo":{"@type":"ImageObject","inLanguage":"de","@id":"https:\/\/dev.eliassen.nl\/de\/#\/schema\/logo\/image\/","url":"https:\/\/www.eliassen.nl\/wp-content\/uploads\/2024\/01\/logo_4nd.jpg","contentUrl":"https:\/\/www.eliassen.nl\/wp-content\/uploads\/2024\/01\/logo_4nd.jpg","width":500,"height":500,"caption":"Eliassen Home & Garden Pleasure"},"image":{"@id":"https:\/\/dev.eliassen.nl\/de\/#\/schema\/logo\/image\/"},"sameAs":["https:\/\/www.facebook.com\/TuincentrumEliassenAmmerzoden","https:\/\/www.instagram.com\/eliassenhomeandgarden\/","https:\/\/nl.pinterest.com\/eliassenhomeandgarden\/","https:\/\/www.youtube.com\/@eliassenhomegardenpleasure4558"]}]}},"df_price":32.5,"df_sale_price":"","df_regular_price":32.5,"df_image_link":"https:\/\/dev.eliassen.nl\/wp-content\/uploads\/2024\/10\/vogeldrinkschaalmaribruineliassennl326034rba.jpg","image":"https:\/\/dev.eliassen.nl\/wp-content\/uploads\/2024\/10\/vogeldrinkschaalmaribruineliassennl326034rba.jpg","price_search":"<span class=\"woocommerce-Price-amount amount\"><bdi><span class=\"woocommerce-Price-currencySymbol\">&euro;<\/span>&nbsp;32,50<\/bdi><\/span>","category":"Vogeltr\u00e4nken","_links":{"self":[{"href":"https:\/\/dev.eliassen.nl\/de\/wp-json\/wp\/v2\/product\/156041","targetHints":{"allow":["GET"]}}],"collection":[{"href":"https:\/\/dev.eliassen.nl\/de\/wp-json\/wp\/v2\/product"}],"about":[{"href":"https:\/\/dev.eliassen.nl\/de\/wp-json\/wp\/v2\/types\/product"}],"wp:featuredmedia":[{"embeddable":true,"href":"https:\/\/dev.eliassen.nl\/de\/wp-json\/wp\/v2\/media\/156032"}],"wp:attachment":[{"href":"https:\/\/dev.eliassen.nl\/de\/wp-json\/wp\/v2\/media?parent=156041"}],"wp:term":[{"taxonomy":"product_brand","embeddable":true,"href":"https:\/\/dev.eliassen.nl\/de\/wp-json\/wp\/v2\/product_brand?post=156041"},{"taxonomy":"product_cat","embeddable":true,"href":"https:\/\/dev.eliassen.nl\/de\/wp-json\/wp\/v2\/product_cat?post=156041"},{"taxonomy":"product_tag","embeddable":true,"href":"https:\/\/dev.eliassen.nl\/de\/wp-json\/wp\/v2\/product_tag?post=156041"}],"curies":[{"name":"wp","href":"https:\/\/api.w.org\/{rel}","templated":true}]}}