{"id":15643,"date":"2019-10-28T18:22:28","date_gmt":"2019-10-28T17:22:28","guid":{"rendered":"https:\/\/www.eliassen.nl\/?product=basis-schwarzer-granit-poliert-30x30x85cm-hoch-cop"},"modified":"2024-12-05T15:23:49","modified_gmt":"2024-12-05T14:23:49","slug":"sockel-schwarzer-granit-poliert-15x15x90cm-hoch","status":"publish","type":"product","link":"https:\/\/dev.eliassen.nl\/de\/sockel-schwarzer-granit-poliert-15x15x90cm-hoch\/","title":{"rendered":"Sockel schwarzer Granit poliert 15x15x90cm hoch"},"content":{"rendered":"<p>Ein Podest in Ihrem Haus oder Garten ist multifunktional, denn ein Podest ist f\u00fcr verschiedene Zwecke geeignet.<\/p>\n<p>Eine S\u00e4ule aus diesem Stein mit einem Topf, einer Sonnenuhr, einer Statue oder einem anderen Objekt wird ein sch\u00f6nes Objekt in Ihrem Haus oder Garten mit schickem Aussehen sein.<\/p>\n<p>Diese S\u00e4ulen werden aus nat\u00fcrlichem Granit gefertigt und anschlie\u00dfend poliert, wodurch ein hochgl\u00e4nzender Sockel entsteht. Die S\u00e4ulen sind an den Ecken mit Gummi an der Unterseite extra verst\u00e4rkt, um Sch\u00e4den an Ihrem Boden zu vermeiden.<\/p>\n<p>Bei diesem Naturmaterial kann es zu leichten Abweichungen wie Flecken, Vertiefungen oder \u00e4hnlichem kommen. Dies ist normal und kann nicht beanstandet werden.<\/p>\n<p>Wenn Sie diese S\u00e4ule zu Hause erhalten, wird sie im Werk gut verpackt und Sie m\u00fcssen sie selbst reinigen oder m\u00f6glicherweise mit einem Granit-Farbverst\u00e4rker behandeln.<\/p>\n<ul>\n<li>Gr\u00f6\u00dfe: 15 x 15 x 90 cm hoch<\/li>\n<li>Material: schwarzer Granit poliert<\/li>\n<li>Gewicht: 30 kg<\/li>\n<li>Kann drinnen und drau\u00dfen verwendet werden, bleibt sch\u00f6n<\/li>\n<li>Eigener Bestand.<\/li>\n<li>Kratzt nicht schnell<\/li>\n<li>Garantie: 5 Jahre<\/li>\n<li>Richtig verpackt.<\/li>\n<li>sch\u00f6n fertig.<\/li>\n<li><strong>Diese Kunst zeigt sich in unserem Gesch\u00e4ft<\/strong><\/li>\n<li><strong>Korrektes Foto folgt<\/strong><\/li>\n<\/ul>\n","protected":false},"excerpt":{"rendered":"<p>Polierte absolut schwarze Granits\u00e4ule<\/p>\n","protected":false},"featured_media":15634,"template":"","meta":{"_acf_changed":false},"product_brand":[6916],"product_cat":[782,785],"product_tag":[],"class_list":{"0":"post-15643","1":"product","2":"type-product","3":"status-publish","4":"has-post-thumbnail","6":"product_brand-eliassen-de","7":"product_cat-sockel","8":"product_cat-sockel-aus-naturstein","10":"first","11":"instock","12":"taxable","13":"shipping-taxable","14":"purchasable","15":"product-type-simple"},"acf":[],"yoast_head":"<!-- This site is optimized with the Yoast SEO plugin v23.8 - https:\/\/yoast.com\/wordpress\/plugins\/seo\/ -->\n<title>Sockel schwarzer Granit poliert 15x15x90cm hoch<\/title>\n<meta name=\"description\" content=\"M\u00f6chten Sie Granitsockel kaufen? Sehen Sie sich diese und mehrere Spalten jetzt auf der Website an! \u2713 Schnell geliefert \u2713 Mehrere Gr\u00f6\u00dfen \u2713 Kann auch live bes...\" \/>\n<meta name=\"robots\" content=\"noindex, follow, max-snippet:-1, max-image-preview:large, max-video-preview:-1\" \/>\n<meta property=\"og:locale\" content=\"de_DE\" \/>\n<meta property=\"og:type\" content=\"article\" \/>\n<meta property=\"og:title\" content=\"Sockel schwarzer Granit poliert 15x15x90cm hoch\" \/>\n<meta property=\"og:description\" content=\"M\u00f6chten Sie Granitsockel kaufen? Sehen Sie sich diese und mehrere Spalten jetzt auf der Website an! \u2713 Schnell geliefert \u2713 Mehrere Gr\u00f6\u00dfen \u2713 Kann auch live bes...\" \/>\n<meta property=\"og:url\" content=\"https:\/\/dev.eliassen.nl\/de\/sockel-schwarzer-granit-poliert-15x15x90cm-hoch\/\" \/>\n<meta property=\"og:site_name\" content=\"Eliassen.nl\" \/>\n<meta property=\"article:publisher\" content=\"https:\/\/www.facebook.com\/TuincentrumEliassenAmmerzoden\" \/>\n<meta property=\"article:modified_time\" content=\"2024-12-05T14:23:49+00:00\" \/>\n<meta property=\"og:image\" content=\"https:\/\/dev.eliassen.nl\/wp-content\/uploads\/2024\/01\/eliassensokkelzwartgranietgepolijst15x15x90cm.jpg\" \/>\n\t<meta property=\"og:image:width\" content=\"296\" \/>\n\t<meta property=\"og:image:height\" content=\"777\" \/>\n\t<meta property=\"og:image:type\" content=\"image\/jpeg\" \/>\n<meta name=\"twitter:card\" content=\"summary_large_image\" \/>\n<script type=\"application\/ld+json\" class=\"yoast-schema-graph\">{\"@context\":\"https:\/\/schema.org\",\"@graph\":[{\"@type\":\"WebPage\",\"@id\":\"https:\/\/dev.eliassen.nl\/de\/sockel-schwarzer-granit-poliert-15x15x90cm-hoch\/\",\"url\":\"https:\/\/dev.eliassen.nl\/de\/sockel-schwarzer-granit-poliert-15x15x90cm-hoch\/\",\"name\":\"Sockel schwarzer Granit poliert 15x15x90cm hoch\",\"isPartOf\":{\"@id\":\"https:\/\/dev.eliassen.nl\/de\/#website\"},\"primaryImageOfPage\":{\"@id\":\"https:\/\/dev.eliassen.nl\/de\/sockel-schwarzer-granit-poliert-15x15x90cm-hoch\/#primaryimage\"},\"image\":{\"@id\":\"https:\/\/dev.eliassen.nl\/de\/sockel-schwarzer-granit-poliert-15x15x90cm-hoch\/#primaryimage\"},\"thumbnailUrl\":\"https:\/\/dev.eliassen.nl\/wp-content\/uploads\/2024\/01\/eliassensokkelzwartgranietgepolijst15x15x90cm.jpg\",\"datePublished\":\"2019-10-28T17:22:28+00:00\",\"dateModified\":\"2024-12-05T14:23:49+00:00\",\"description\":\"M\u00f6chten Sie Granitsockel kaufen? Sehen Sie sich diese und mehrere Spalten jetzt auf der Website an! \u2713 Schnell geliefert \u2713 Mehrere Gr\u00f6\u00dfen \u2713 Kann auch live bes...\",\"breadcrumb\":{\"@id\":\"https:\/\/dev.eliassen.nl\/de\/sockel-schwarzer-granit-poliert-15x15x90cm-hoch\/#breadcrumb\"},\"inLanguage\":\"de\",\"potentialAction\":[{\"@type\":\"ReadAction\",\"target\":[\"https:\/\/dev.eliassen.nl\/de\/sockel-schwarzer-granit-poliert-15x15x90cm-hoch\/\"]}]},{\"@type\":\"ImageObject\",\"inLanguage\":\"de\",\"@id\":\"https:\/\/dev.eliassen.nl\/de\/sockel-schwarzer-granit-poliert-15x15x90cm-hoch\/#primaryimage\",\"url\":\"https:\/\/dev.eliassen.nl\/wp-content\/uploads\/2024\/01\/eliassensokkelzwartgranietgepolijst15x15x90cm.jpg\",\"contentUrl\":\"https:\/\/dev.eliassen.nl\/wp-content\/uploads\/2024\/01\/eliassensokkelzwartgranietgepolijst15x15x90cm.jpg\",\"width\":296,\"height\":777,\"caption\":\"eliassen-sokkel-zwart-graniet-gepolijst-15x15x90cm\"},{\"@type\":\"BreadcrumbList\",\"@id\":\"https:\/\/dev.eliassen.nl\/de\/sockel-schwarzer-granit-poliert-15x15x90cm-hoch\/#breadcrumb\",\"itemListElement\":[{\"@type\":\"ListItem\",\"position\":1,\"name\":\"Home\",\"item\":\"https:\/\/dev.eliassen.nl\/de\/\"},{\"@type\":\"ListItem\",\"position\":2,\"name\":\"Shop\",\"item\":\"https:\/\/dev.eliassen.nl\/nl\/winkel\/\"},{\"@type\":\"ListItem\",\"position\":3,\"name\":\"Sockel\",\"item\":\"https:\/\/dev.eliassen.nl\/de\/sockel\/\"},{\"@type\":\"ListItem\",\"position\":4,\"name\":\"Sockel aus Naturstein\",\"item\":\"https:\/\/dev.eliassen.nl\/de\/sockel\/sockel-aus-naturstein\/\"},{\"@type\":\"ListItem\",\"position\":5,\"name\":\"Sockel schwarzer Granit poliert 15x15x90cm hoch\"}]},{\"@type\":\"WebSite\",\"@id\":\"https:\/\/dev.eliassen.nl\/de\/#website\",\"url\":\"https:\/\/dev.eliassen.nl\/de\/\",\"name\":\"Eliassen Home & Garden Pleasure\",\"description\":\"\",\"publisher\":{\"@id\":\"https:\/\/dev.eliassen.nl\/de\/#organization\"},\"alternateName\":\"Eliassen.nl\",\"potentialAction\":[{\"@type\":\"SearchAction\",\"target\":{\"@type\":\"EntryPoint\",\"urlTemplate\":\"https:\/\/dev.eliassen.nl\/de\/?s={search_term_string}\"},\"query-input\":{\"@type\":\"PropertyValueSpecification\",\"valueRequired\":true,\"valueName\":\"search_term_string\"}}],\"inLanguage\":\"de\"},{\"@type\":\"Organization\",\"@id\":\"https:\/\/dev.eliassen.nl\/de\/#organization\",\"name\":\"Eliassen Home & Garden Pleasure\",\"url\":\"https:\/\/dev.eliassen.nl\/de\/\",\"logo\":{\"@type\":\"ImageObject\",\"inLanguage\":\"de\",\"@id\":\"https:\/\/dev.eliassen.nl\/de\/#\/schema\/logo\/image\/\",\"url\":\"https:\/\/www.eliassen.nl\/wp-content\/uploads\/2024\/01\/logo_4nd.jpg\",\"contentUrl\":\"https:\/\/www.eliassen.nl\/wp-content\/uploads\/2024\/01\/logo_4nd.jpg\",\"width\":500,\"height\":500,\"caption\":\"Eliassen Home & Garden Pleasure\"},\"image\":{\"@id\":\"https:\/\/dev.eliassen.nl\/de\/#\/schema\/logo\/image\/\"},\"sameAs\":[\"https:\/\/www.facebook.com\/TuincentrumEliassenAmmerzoden\",\"https:\/\/www.instagram.com\/eliassenhomeandgarden\/\",\"https:\/\/nl.pinterest.com\/eliassenhomeandgarden\/\",\"https:\/\/www.youtube.com\/@eliassenhomegardenpleasure4558\"]}]}<\/script>\n<!-- \/ Yoast SEO plugin. -->","yoast_head_json":{"title":"Sockel schwarzer Granit poliert 15x15x90cm hoch","description":"M\u00f6chten Sie Granitsockel kaufen? Sehen Sie sich diese und mehrere Spalten jetzt auf der Website an! \u2713 Schnell geliefert \u2713 Mehrere Gr\u00f6\u00dfen \u2713 Kann auch live bes...","robots":{"index":"noindex","follow":"follow","max-snippet":"max-snippet:-1","max-image-preview":"max-image-preview:large","max-video-preview":"max-video-preview:-1"},"og_locale":"de_DE","og_type":"article","og_title":"Sockel schwarzer Granit poliert 15x15x90cm hoch","og_description":"M\u00f6chten Sie Granitsockel kaufen? Sehen Sie sich diese und mehrere Spalten jetzt auf der Website an! \u2713 Schnell geliefert \u2713 Mehrere Gr\u00f6\u00dfen \u2713 Kann auch live bes...","og_url":"https:\/\/dev.eliassen.nl\/de\/sockel-schwarzer-granit-poliert-15x15x90cm-hoch\/","og_site_name":"Eliassen.nl","article_publisher":"https:\/\/www.facebook.com\/TuincentrumEliassenAmmerzoden","article_modified_time":"2024-12-05T14:23:49+00:00","og_image":[{"width":296,"height":777,"url":"https:\/\/dev.eliassen.nl\/wp-content\/uploads\/2024\/01\/eliassensokkelzwartgranietgepolijst15x15x90cm.jpg","type":"image\/jpeg"}],"twitter_card":"summary_large_image","schema":{"@context":"https:\/\/schema.org","@graph":[{"@type":"WebPage","@id":"https:\/\/dev.eliassen.nl\/de\/sockel-schwarzer-granit-poliert-15x15x90cm-hoch\/","url":"https:\/\/dev.eliassen.nl\/de\/sockel-schwarzer-granit-poliert-15x15x90cm-hoch\/","name":"Sockel schwarzer Granit poliert 15x15x90cm hoch","isPartOf":{"@id":"https:\/\/dev.eliassen.nl\/de\/#website"},"primaryImageOfPage":{"@id":"https:\/\/dev.eliassen.nl\/de\/sockel-schwarzer-granit-poliert-15x15x90cm-hoch\/#primaryimage"},"image":{"@id":"https:\/\/dev.eliassen.nl\/de\/sockel-schwarzer-granit-poliert-15x15x90cm-hoch\/#primaryimage"},"thumbnailUrl":"https:\/\/dev.eliassen.nl\/wp-content\/uploads\/2024\/01\/eliassensokkelzwartgranietgepolijst15x15x90cm.jpg","datePublished":"2019-10-28T17:22:28+00:00","dateModified":"2024-12-05T14:23:49+00:00","description":"M\u00f6chten Sie Granitsockel kaufen? Sehen Sie sich diese und mehrere Spalten jetzt auf der Website an! \u2713 Schnell geliefert \u2713 Mehrere Gr\u00f6\u00dfen \u2713 Kann auch live bes...","breadcrumb":{"@id":"https:\/\/dev.eliassen.nl\/de\/sockel-schwarzer-granit-poliert-15x15x90cm-hoch\/#breadcrumb"},"inLanguage":"de","potentialAction":[{"@type":"ReadAction","target":["https:\/\/dev.eliassen.nl\/de\/sockel-schwarzer-granit-poliert-15x15x90cm-hoch\/"]}]},{"@type":"ImageObject","inLanguage":"de","@id":"https:\/\/dev.eliassen.nl\/de\/sockel-schwarzer-granit-poliert-15x15x90cm-hoch\/#primaryimage","url":"https:\/\/dev.eliassen.nl\/wp-content\/uploads\/2024\/01\/eliassensokkelzwartgranietgepolijst15x15x90cm.jpg","contentUrl":"https:\/\/dev.eliassen.nl\/wp-content\/uploads\/2024\/01\/eliassensokkelzwartgranietgepolijst15x15x90cm.jpg","width":296,"height":777,"caption":"eliassen-sokkel-zwart-graniet-gepolijst-15x15x90cm"},{"@type":"BreadcrumbList","@id":"https:\/\/dev.eliassen.nl\/de\/sockel-schwarzer-granit-poliert-15x15x90cm-hoch\/#breadcrumb","itemListElement":[{"@type":"ListItem","position":1,"name":"Home","item":"https:\/\/dev.eliassen.nl\/de\/"},{"@type":"ListItem","position":2,"name":"Shop","item":"https:\/\/dev.eliassen.nl\/nl\/winkel\/"},{"@type":"ListItem","position":3,"name":"Sockel","item":"https:\/\/dev.eliassen.nl\/de\/sockel\/"},{"@type":"ListItem","position":4,"name":"Sockel aus Naturstein","item":"https:\/\/dev.eliassen.nl\/de\/sockel\/sockel-aus-naturstein\/"},{"@type":"ListItem","position":5,"name":"Sockel schwarzer Granit poliert 15x15x90cm hoch"}]},{"@type":"WebSite","@id":"https:\/\/dev.eliassen.nl\/de\/#website","url":"https:\/\/dev.eliassen.nl\/de\/","name":"Eliassen Home & Garden Pleasure","description":"","publisher":{"@id":"https:\/\/dev.eliassen.nl\/de\/#organization"},"alternateName":"Eliassen.nl","potentialAction":[{"@type":"SearchAction","target":{"@type":"EntryPoint","urlTemplate":"https:\/\/dev.eliassen.nl\/de\/?s={search_term_string}"},"query-input":{"@type":"PropertyValueSpecification","valueRequired":true,"valueName":"search_term_string"}}],"inLanguage":"de"},{"@type":"Organization","@id":"https:\/\/dev.eliassen.nl\/de\/#organization","name":"Eliassen Home & Garden Pleasure","url":"https:\/\/dev.eliassen.nl\/de\/","logo":{"@type":"ImageObject","inLanguage":"de","@id":"https:\/\/dev.eliassen.nl\/de\/#\/schema\/logo\/image\/","url":"https:\/\/www.eliassen.nl\/wp-content\/uploads\/2024\/01\/logo_4nd.jpg","contentUrl":"https:\/\/www.eliassen.nl\/wp-content\/uploads\/2024\/01\/logo_4nd.jpg","width":500,"height":500,"caption":"Eliassen Home & Garden Pleasure"},"image":{"@id":"https:\/\/dev.eliassen.nl\/de\/#\/schema\/logo\/image\/"},"sameAs":["https:\/\/www.facebook.com\/TuincentrumEliassenAmmerzoden","https:\/\/www.instagram.com\/eliassenhomeandgarden\/","https:\/\/nl.pinterest.com\/eliassenhomeandgarden\/","https:\/\/www.youtube.com\/@eliassenhomegardenpleasure4558"]}]}},"df_price":195,"df_sale_price":"","df_regular_price":195,"df_image_link":"https:\/\/dev.eliassen.nl\/wp-content\/uploads\/2024\/01\/eliassensokkelzwartgranietgepolijst15x15x90cm.jpg","image":"https:\/\/dev.eliassen.nl\/wp-content\/uploads\/2024\/01\/eliassensokkelzwartgranietgepolijst15x15x90cm.jpg","price_search":"<span class=\"woocommerce-Price-amount amount\"><bdi><span class=\"woocommerce-Price-currencySymbol\">&euro;<\/span>&nbsp;195,00<\/bdi><\/span>","category":"Sockel","_links":{"self":[{"href":"https:\/\/dev.eliassen.nl\/de\/wp-json\/wp\/v2\/product\/15643","targetHints":{"allow":["GET"]}}],"collection":[{"href":"https:\/\/dev.eliassen.nl\/de\/wp-json\/wp\/v2\/product"}],"about":[{"href":"https:\/\/dev.eliassen.nl\/de\/wp-json\/wp\/v2\/types\/product"}],"wp:featuredmedia":[{"embeddable":true,"href":"https:\/\/dev.eliassen.nl\/de\/wp-json\/wp\/v2\/media\/15634"}],"wp:attachment":[{"href":"https:\/\/dev.eliassen.nl\/de\/wp-json\/wp\/v2\/media?parent=15643"}],"wp:term":[{"taxonomy":"product_brand","embeddable":true,"href":"https:\/\/dev.eliassen.nl\/de\/wp-json\/wp\/v2\/product_brand?post=15643"},{"taxonomy":"product_cat","embeddable":true,"href":"https:\/\/dev.eliassen.nl\/de\/wp-json\/wp\/v2\/product_cat?post=15643"},{"taxonomy":"product_tag","embeddable":true,"href":"https:\/\/dev.eliassen.nl\/de\/wp-json\/wp\/v2\/product_tag?post=15643"}],"curies":[{"name":"wp","href":"https:\/\/api.w.org\/{rel}","templated":true}]}}