{"id":156584,"date":"2024-06-25T09:58:00","date_gmt":"2024-06-25T07:58:00","guid":{"rendered":"https:\/\/www.eliassen.nl\/?product=kunstplant-strelitzia-260cm"},"modified":"2024-12-05T17:28:33","modified_gmt":"2024-12-05T16:28:33","slug":"kunstpflanze-strelitzia-260cm","status":"publish","type":"product","link":"https:\/\/dev.eliassen.nl\/de\/kunstpflanze-strelitzia-260cm\/","title":{"rendered":"Kunstpflanze Strelitzia 260cm"},"content":{"rendered":"<p>Diese k\u00fcnstliche Strelizia-Pflanze schafft eine sch\u00f6ne Atmosph\u00e4re in Ihrem Zuhause, Garten oder Arbeitsumfeld.<\/p>\n<p>Hergestellt aus einem wundersch\u00f6nen Material, das sich kaum von einer echten Strelitzie unterscheidet, haben selbst die j\u00fcngsten Bl\u00e4tter eine hellere Farbe als echte Pflanzen. Alle Stiele und Bl\u00e4tter haben einen Stahlkern, sodass Sie die k\u00fcnstlichen Bl\u00e4tter leicht in die richtige Form biegen k\u00f6nnen.<\/p>\n<p>Der Topf ist beschwert, wodurch diese Seidenpflanze \u00e4u\u00dferst stabil ist.<\/p>\n<ul>\n<li>H\u00f6he: 260 cm, kann auf einen Durchmesser von 165 cm gebogen werden<\/li>\n<li>Topfgr\u00f6\u00dfe: 16x17cm<\/li>\n<li>Auch im Freien erlaubt, im Schutz und Schatten wird bevorzugt<\/li>\n<li>1 Jahr Garantie<\/li>\n<\/ul>\n","protected":false},"excerpt":{"rendered":"<p>+3 Kunstpflanzen = 10 % Rabatt! Wundersch\u00f6ne dunkelgr\u00fcne Kunstpflanze Strelitzia<\/p>\n","protected":false},"featured_media":156581,"template":"","meta":{"_acf_changed":false},"product_brand":[],"product_cat":[7002],"product_tag":[],"class_list":{"0":"post-156584","1":"product","2":"type-product","3":"status-publish","4":"has-post-thumbnail","6":"product_cat-kuenstliche-pflanzen","8":"first","9":"instock","10":"sale","11":"taxable","12":"shipping-taxable","13":"purchasable","14":"product-type-simple"},"acf":[],"yoast_head":"<!-- This site is optimized with the Yoast SEO plugin v23.8 - https:\/\/yoast.com\/wordpress\/plugins\/seo\/ -->\n<title>Kunstplant Strelitzia 260cm<\/title>\n<meta name=\"description\" content=\"Kunstplant Strelizia 260cm bestel snel in de webshop van Eliassen of kom live kijken. De koffie staat klaar !!\" \/>\n<meta name=\"robots\" content=\"noindex, follow, max-snippet:-1, max-image-preview:large, max-video-preview:-1\" \/>\n<meta property=\"og:locale\" content=\"de_DE\" \/>\n<meta property=\"og:type\" content=\"article\" \/>\n<meta property=\"og:title\" content=\"Kunstplant Strelitzia 260cm\" \/>\n<meta property=\"og:description\" content=\"Kunstplant Strelizia 260cm bestel snel in de webshop van Eliassen of kom live kijken. De koffie staat klaar !!\" \/>\n<meta property=\"og:url\" content=\"https:\/\/dev.eliassen.nl\/de\/kunstpflanze-strelitzia-260cm\/\" \/>\n<meta property=\"og:site_name\" content=\"Eliassen.nl\" \/>\n<meta property=\"article:publisher\" content=\"https:\/\/www.facebook.com\/TuincentrumEliassenAmmerzoden\" \/>\n<meta property=\"article:modified_time\" content=\"2024-12-05T16:28:33+00:00\" \/>\n<meta property=\"og:image\" content=\"https:\/\/dev.eliassen.nl\/wp-content\/uploads\/2024\/10\/kunstplantstrelitzia260cmeliassennl118782.jpg\" \/>\n\t<meta property=\"og:image:width\" content=\"640\" \/>\n\t<meta property=\"og:image:height\" content=\"480\" \/>\n\t<meta property=\"og:image:type\" content=\"image\/jpeg\" \/>\n<meta name=\"twitter:card\" content=\"summary_large_image\" \/>\n<script type=\"application\/ld+json\" class=\"yoast-schema-graph\">{\"@context\":\"https:\/\/schema.org\",\"@graph\":[{\"@type\":\"WebPage\",\"@id\":\"https:\/\/dev.eliassen.nl\/de\/kunstpflanze-strelitzia-260cm\/\",\"url\":\"https:\/\/dev.eliassen.nl\/de\/kunstpflanze-strelitzia-260cm\/\",\"name\":\"Kunstplant Strelitzia 260cm\",\"isPartOf\":{\"@id\":\"https:\/\/dev.eliassen.nl\/de\/#website\"},\"primaryImageOfPage\":{\"@id\":\"https:\/\/dev.eliassen.nl\/de\/kunstpflanze-strelitzia-260cm\/#primaryimage\"},\"image\":{\"@id\":\"https:\/\/dev.eliassen.nl\/de\/kunstpflanze-strelitzia-260cm\/#primaryimage\"},\"thumbnailUrl\":\"https:\/\/dev.eliassen.nl\/wp-content\/uploads\/2024\/10\/kunstplantstrelitzia260cmeliassennl118782.jpg\",\"datePublished\":\"2024-06-25T07:58:00+00:00\",\"dateModified\":\"2024-12-05T16:28:33+00:00\",\"description\":\"Kunstplant Strelizia 260cm bestel snel in de webshop van Eliassen of kom live kijken. De koffie staat klaar !!\",\"breadcrumb\":{\"@id\":\"https:\/\/dev.eliassen.nl\/de\/kunstpflanze-strelitzia-260cm\/#breadcrumb\"},\"inLanguage\":\"de\",\"potentialAction\":[{\"@type\":\"ReadAction\",\"target\":[\"https:\/\/dev.eliassen.nl\/de\/kunstpflanze-strelitzia-260cm\/\"]}]},{\"@type\":\"ImageObject\",\"inLanguage\":\"de\",\"@id\":\"https:\/\/dev.eliassen.nl\/de\/kunstpflanze-strelitzia-260cm\/#primaryimage\",\"url\":\"https:\/\/dev.eliassen.nl\/wp-content\/uploads\/2024\/10\/kunstplantstrelitzia260cmeliassennl118782.jpg\",\"contentUrl\":\"https:\/\/dev.eliassen.nl\/wp-content\/uploads\/2024\/10\/kunstplantstrelitzia260cmeliassennl118782.jpg\",\"width\":640,\"height\":480,\"caption\":\"Kunstplant Strelitzia 260cm Eliassen.nl 118782\"},{\"@type\":\"BreadcrumbList\",\"@id\":\"https:\/\/dev.eliassen.nl\/de\/kunstpflanze-strelitzia-260cm\/#breadcrumb\",\"itemListElement\":[{\"@type\":\"ListItem\",\"position\":1,\"name\":\"Home\",\"item\":\"https:\/\/dev.eliassen.nl\/de\/\"},{\"@type\":\"ListItem\",\"position\":2,\"name\":\"Shop\",\"item\":\"https:\/\/dev.eliassen.nl\/nl\/winkel\/\"},{\"@type\":\"ListItem\",\"position\":3,\"name\":\"K\u00fcnstliche Pflanzen\",\"item\":\"https:\/\/dev.eliassen.nl\/de\/product-categorie\/kuenstliche-pflanzen\/\"},{\"@type\":\"ListItem\",\"position\":4,\"name\":\"Kunstpflanze Strelitzia 260cm\"}]},{\"@type\":\"WebSite\",\"@id\":\"https:\/\/dev.eliassen.nl\/de\/#website\",\"url\":\"https:\/\/dev.eliassen.nl\/de\/\",\"name\":\"Eliassen Home & Garden Pleasure\",\"description\":\"\",\"publisher\":{\"@id\":\"https:\/\/dev.eliassen.nl\/de\/#organization\"},\"alternateName\":\"Eliassen.nl\",\"potentialAction\":[{\"@type\":\"SearchAction\",\"target\":{\"@type\":\"EntryPoint\",\"urlTemplate\":\"https:\/\/dev.eliassen.nl\/de\/?s={search_term_string}\"},\"query-input\":{\"@type\":\"PropertyValueSpecification\",\"valueRequired\":true,\"valueName\":\"search_term_string\"}}],\"inLanguage\":\"de\"},{\"@type\":\"Organization\",\"@id\":\"https:\/\/dev.eliassen.nl\/de\/#organization\",\"name\":\"Eliassen Home & Garden Pleasure\",\"url\":\"https:\/\/dev.eliassen.nl\/de\/\",\"logo\":{\"@type\":\"ImageObject\",\"inLanguage\":\"de\",\"@id\":\"https:\/\/dev.eliassen.nl\/de\/#\/schema\/logo\/image\/\",\"url\":\"https:\/\/www.eliassen.nl\/wp-content\/uploads\/2024\/01\/logo_4nd.jpg\",\"contentUrl\":\"https:\/\/www.eliassen.nl\/wp-content\/uploads\/2024\/01\/logo_4nd.jpg\",\"width\":500,\"height\":500,\"caption\":\"Eliassen Home & Garden Pleasure\"},\"image\":{\"@id\":\"https:\/\/dev.eliassen.nl\/de\/#\/schema\/logo\/image\/\"},\"sameAs\":[\"https:\/\/www.facebook.com\/TuincentrumEliassenAmmerzoden\",\"https:\/\/www.instagram.com\/eliassenhomeandgarden\/\",\"https:\/\/nl.pinterest.com\/eliassenhomeandgarden\/\",\"https:\/\/www.youtube.com\/@eliassenhomegardenpleasure4558\"]}]}<\/script>\n<!-- \/ Yoast SEO plugin. -->","yoast_head_json":{"title":"Kunstplant Strelitzia 260cm","description":"Kunstplant Strelizia 260cm bestel snel in de webshop van Eliassen of kom live kijken. De koffie staat klaar !!","robots":{"index":"noindex","follow":"follow","max-snippet":"max-snippet:-1","max-image-preview":"max-image-preview:large","max-video-preview":"max-video-preview:-1"},"og_locale":"de_DE","og_type":"article","og_title":"Kunstplant Strelitzia 260cm","og_description":"Kunstplant Strelizia 260cm bestel snel in de webshop van Eliassen of kom live kijken. De koffie staat klaar !!","og_url":"https:\/\/dev.eliassen.nl\/de\/kunstpflanze-strelitzia-260cm\/","og_site_name":"Eliassen.nl","article_publisher":"https:\/\/www.facebook.com\/TuincentrumEliassenAmmerzoden","article_modified_time":"2024-12-05T16:28:33+00:00","og_image":[{"width":640,"height":480,"url":"https:\/\/dev.eliassen.nl\/wp-content\/uploads\/2024\/10\/kunstplantstrelitzia260cmeliassennl118782.jpg","type":"image\/jpeg"}],"twitter_card":"summary_large_image","schema":{"@context":"https:\/\/schema.org","@graph":[{"@type":"WebPage","@id":"https:\/\/dev.eliassen.nl\/de\/kunstpflanze-strelitzia-260cm\/","url":"https:\/\/dev.eliassen.nl\/de\/kunstpflanze-strelitzia-260cm\/","name":"Kunstplant Strelitzia 260cm","isPartOf":{"@id":"https:\/\/dev.eliassen.nl\/de\/#website"},"primaryImageOfPage":{"@id":"https:\/\/dev.eliassen.nl\/de\/kunstpflanze-strelitzia-260cm\/#primaryimage"},"image":{"@id":"https:\/\/dev.eliassen.nl\/de\/kunstpflanze-strelitzia-260cm\/#primaryimage"},"thumbnailUrl":"https:\/\/dev.eliassen.nl\/wp-content\/uploads\/2024\/10\/kunstplantstrelitzia260cmeliassennl118782.jpg","datePublished":"2024-06-25T07:58:00+00:00","dateModified":"2024-12-05T16:28:33+00:00","description":"Kunstplant Strelizia 260cm bestel snel in de webshop van Eliassen of kom live kijken. De koffie staat klaar !!","breadcrumb":{"@id":"https:\/\/dev.eliassen.nl\/de\/kunstpflanze-strelitzia-260cm\/#breadcrumb"},"inLanguage":"de","potentialAction":[{"@type":"ReadAction","target":["https:\/\/dev.eliassen.nl\/de\/kunstpflanze-strelitzia-260cm\/"]}]},{"@type":"ImageObject","inLanguage":"de","@id":"https:\/\/dev.eliassen.nl\/de\/kunstpflanze-strelitzia-260cm\/#primaryimage","url":"https:\/\/dev.eliassen.nl\/wp-content\/uploads\/2024\/10\/kunstplantstrelitzia260cmeliassennl118782.jpg","contentUrl":"https:\/\/dev.eliassen.nl\/wp-content\/uploads\/2024\/10\/kunstplantstrelitzia260cmeliassennl118782.jpg","width":640,"height":480,"caption":"Kunstplant Strelitzia 260cm Eliassen.nl 118782"},{"@type":"BreadcrumbList","@id":"https:\/\/dev.eliassen.nl\/de\/kunstpflanze-strelitzia-260cm\/#breadcrumb","itemListElement":[{"@type":"ListItem","position":1,"name":"Home","item":"https:\/\/dev.eliassen.nl\/de\/"},{"@type":"ListItem","position":2,"name":"Shop","item":"https:\/\/dev.eliassen.nl\/nl\/winkel\/"},{"@type":"ListItem","position":3,"name":"K\u00fcnstliche Pflanzen","item":"https:\/\/dev.eliassen.nl\/de\/product-categorie\/kuenstliche-pflanzen\/"},{"@type":"ListItem","position":4,"name":"Kunstpflanze Strelitzia 260cm"}]},{"@type":"WebSite","@id":"https:\/\/dev.eliassen.nl\/de\/#website","url":"https:\/\/dev.eliassen.nl\/de\/","name":"Eliassen Home & Garden Pleasure","description":"","publisher":{"@id":"https:\/\/dev.eliassen.nl\/de\/#organization"},"alternateName":"Eliassen.nl","potentialAction":[{"@type":"SearchAction","target":{"@type":"EntryPoint","urlTemplate":"https:\/\/dev.eliassen.nl\/de\/?s={search_term_string}"},"query-input":{"@type":"PropertyValueSpecification","valueRequired":true,"valueName":"search_term_string"}}],"inLanguage":"de"},{"@type":"Organization","@id":"https:\/\/dev.eliassen.nl\/de\/#organization","name":"Eliassen Home & Garden Pleasure","url":"https:\/\/dev.eliassen.nl\/de\/","logo":{"@type":"ImageObject","inLanguage":"de","@id":"https:\/\/dev.eliassen.nl\/de\/#\/schema\/logo\/image\/","url":"https:\/\/www.eliassen.nl\/wp-content\/uploads\/2024\/01\/logo_4nd.jpg","contentUrl":"https:\/\/www.eliassen.nl\/wp-content\/uploads\/2024\/01\/logo_4nd.jpg","width":500,"height":500,"caption":"Eliassen Home & Garden Pleasure"},"image":{"@id":"https:\/\/dev.eliassen.nl\/de\/#\/schema\/logo\/image\/"},"sameAs":["https:\/\/www.facebook.com\/TuincentrumEliassenAmmerzoden","https:\/\/www.instagram.com\/eliassenhomeandgarden\/","https:\/\/nl.pinterest.com\/eliassenhomeandgarden\/","https:\/\/www.youtube.com\/@eliassenhomegardenpleasure4558"]}]}},"df_price":127,"df_sale_price":127,"df_regular_price":159,"df_image_link":"https:\/\/dev.eliassen.nl\/wp-content\/uploads\/2024\/10\/kunstplantstrelitzia260cmeliassennl118782.jpg","image":"https:\/\/dev.eliassen.nl\/wp-content\/uploads\/2024\/10\/kunstplantstrelitzia260cmeliassennl118782.jpg","price_search":"<span class=\"woocommerce-Price-amount amount\"><bdi><span class=\"woocommerce-Price-currencySymbol\">&euro;<\/span>&nbsp;127,00<\/bdi><\/span>","category":"K\u00fcnstliche Pflanzen","_links":{"self":[{"href":"https:\/\/dev.eliassen.nl\/de\/wp-json\/wp\/v2\/product\/156584","targetHints":{"allow":["GET"]}}],"collection":[{"href":"https:\/\/dev.eliassen.nl\/de\/wp-json\/wp\/v2\/product"}],"about":[{"href":"https:\/\/dev.eliassen.nl\/de\/wp-json\/wp\/v2\/types\/product"}],"wp:featuredmedia":[{"embeddable":true,"href":"https:\/\/dev.eliassen.nl\/de\/wp-json\/wp\/v2\/media\/156581"}],"wp:attachment":[{"href":"https:\/\/dev.eliassen.nl\/de\/wp-json\/wp\/v2\/media?parent=156584"}],"wp:term":[{"taxonomy":"product_brand","embeddable":true,"href":"https:\/\/dev.eliassen.nl\/de\/wp-json\/wp\/v2\/product_brand?post=156584"},{"taxonomy":"product_cat","embeddable":true,"href":"https:\/\/dev.eliassen.nl\/de\/wp-json\/wp\/v2\/product_cat?post=156584"},{"taxonomy":"product_tag","embeddable":true,"href":"https:\/\/dev.eliassen.nl\/de\/wp-json\/wp\/v2\/product_tag?post=156584"}],"curies":[{"name":"wp","href":"https:\/\/api.w.org\/{rel}","templated":true}]}}