{"id":157193,"date":"2024-07-04T18:52:17","date_gmt":"2024-07-04T16:52:17","guid":{"rendered":"https:\/\/www.eliassen.nl\/?product=vogelschaal-romance-75cm"},"modified":"2024-12-05T17:30:02","modified_gmt":"2024-12-05T16:30:02","slug":"vogelnapf-romance-75cm","status":"publish","type":"product","link":"https:\/\/dev.eliassen.nl\/de\/vogelnapf-romance-75cm\/","title":{"rendered":"Vogelnapf Romance 75cm"},"content":{"rendered":"<p>Was gibt es Sch\u00f6neres, als V\u00f6gel in Ihrem Vogelnapf baden, trinken und fressen zu sehen? V\u00f6gel werden endlos zu Ihrem Wasser oder Futter str\u00f6men. Diese Vogelschale mit einem Vogel mit ausgebreiteten Fl\u00fcgeln ist aus Eisen gefertigt und anschlie\u00dfend mit einer antiken gr\u00fcnen Farbe beschichtet. Dieser Vogelfutternapf ist zweiteilig, Sie m\u00fcssen nur die Beine unter den Napf schrauben.<\/p>\n<ul>\n<li>Gr\u00f6\u00dfe: 41 x 44 x 75 cm hoch<\/li>\n<li>Material: Eisen<\/li>\n<li>Farbe: Hellgr\u00fcn<\/li>\n<\/ul>\n<p>\u00a0<\/p>\n","protected":false},"excerpt":{"rendered":"<p>Vogelnapf aus Metall mit Vogel.<\/p>\n","protected":false},"featured_media":157178,"template":"","meta":{"_acf_changed":false},"product_brand":[],"product_cat":[707],"product_tag":[],"class_list":{"0":"post-157193","1":"product","2":"type-product","3":"status-publish","4":"has-post-thumbnail","6":"product_cat-vogeltraenken","8":"first","9":"outofstock","10":"taxable","11":"shipping-taxable","12":"purchasable","13":"product-type-simple"},"acf":[],"yoast_head":"<!-- This site is optimized with the Yoast SEO plugin v23.8 - https:\/\/yoast.com\/wordpress\/plugins\/seo\/ -->\n<title>Vogelschaal Romance 75cm<\/title>\n<meta name=\"description\" content=\"Vogelschaal metaal met vogel. Kom kijken in de showroom van Eliassen ! De koffie staat klaar.\" \/>\n<meta name=\"robots\" content=\"noindex, follow, max-snippet:-1, max-image-preview:large, max-video-preview:-1\" \/>\n<meta property=\"og:locale\" content=\"de_DE\" \/>\n<meta property=\"og:type\" content=\"article\" \/>\n<meta property=\"og:title\" content=\"Vogelschaal Romance 75cm\" \/>\n<meta property=\"og:description\" content=\"Vogelschaal metaal met vogel. Kom kijken in de showroom van Eliassen ! De koffie staat klaar.\" \/>\n<meta property=\"og:url\" content=\"https:\/\/dev.eliassen.nl\/de\/vogelnapf-romance-75cm\/\" \/>\n<meta property=\"og:site_name\" content=\"Eliassen.nl\" \/>\n<meta property=\"article:publisher\" content=\"https:\/\/www.facebook.com\/TuincentrumEliassenAmmerzoden\" \/>\n<meta property=\"article:modified_time\" content=\"2024-12-05T16:30:02+00:00\" \/>\n<meta property=\"og:image\" content=\"https:\/\/dev.eliassen.nl\/wp-content\/uploads\/2024\/10\/vogelbadromanceeliassennlxz81.jpg\" \/>\n\t<meta property=\"og:image:width\" content=\"560\" \/>\n\t<meta property=\"og:image:height\" content=\"560\" \/>\n\t<meta property=\"og:image:type\" content=\"image\/jpeg\" \/>\n<meta name=\"twitter:card\" content=\"summary_large_image\" \/>\n<script type=\"application\/ld+json\" class=\"yoast-schema-graph\">{\"@context\":\"https:\/\/schema.org\",\"@graph\":[{\"@type\":\"WebPage\",\"@id\":\"https:\/\/dev.eliassen.nl\/de\/vogelnapf-romance-75cm\/\",\"url\":\"https:\/\/dev.eliassen.nl\/de\/vogelnapf-romance-75cm\/\",\"name\":\"Vogelschaal Romance 75cm\",\"isPartOf\":{\"@id\":\"https:\/\/dev.eliassen.nl\/de\/#website\"},\"primaryImageOfPage\":{\"@id\":\"https:\/\/dev.eliassen.nl\/de\/vogelnapf-romance-75cm\/#primaryimage\"},\"image\":{\"@id\":\"https:\/\/dev.eliassen.nl\/de\/vogelnapf-romance-75cm\/#primaryimage\"},\"thumbnailUrl\":\"https:\/\/dev.eliassen.nl\/wp-content\/uploads\/2024\/10\/vogelbadromanceeliassennlxz81.jpg\",\"datePublished\":\"2024-07-04T16:52:17+00:00\",\"dateModified\":\"2024-12-05T16:30:02+00:00\",\"description\":\"Vogelschaal metaal met vogel. Kom kijken in de showroom van Eliassen ! De koffie staat klaar.\",\"breadcrumb\":{\"@id\":\"https:\/\/dev.eliassen.nl\/de\/vogelnapf-romance-75cm\/#breadcrumb\"},\"inLanguage\":\"de\",\"potentialAction\":[{\"@type\":\"ReadAction\",\"target\":[\"https:\/\/dev.eliassen.nl\/de\/vogelnapf-romance-75cm\/\"]}]},{\"@type\":\"ImageObject\",\"inLanguage\":\"de\",\"@id\":\"https:\/\/dev.eliassen.nl\/de\/vogelnapf-romance-75cm\/#primaryimage\",\"url\":\"https:\/\/dev.eliassen.nl\/wp-content\/uploads\/2024\/10\/vogelbadromanceeliassennlxz81.jpg\",\"contentUrl\":\"https:\/\/dev.eliassen.nl\/wp-content\/uploads\/2024\/10\/vogelbadromanceeliassennlxz81.jpg\",\"width\":560,\"height\":560,\"caption\":\"Vogelbad Romance Eliassen.nl XZ-81\"},{\"@type\":\"BreadcrumbList\",\"@id\":\"https:\/\/dev.eliassen.nl\/de\/vogelnapf-romance-75cm\/#breadcrumb\",\"itemListElement\":[{\"@type\":\"ListItem\",\"position\":1,\"name\":\"Home\",\"item\":\"https:\/\/dev.eliassen.nl\/de\/\"},{\"@type\":\"ListItem\",\"position\":2,\"name\":\"Shop\",\"item\":\"https:\/\/dev.eliassen.nl\/nl\/winkel\/\"},{\"@type\":\"ListItem\",\"position\":3,\"name\":\"Vogeltr\u00e4nken\",\"item\":\"https:\/\/dev.eliassen.nl\/de\/vogeltraenken\/\"},{\"@type\":\"ListItem\",\"position\":4,\"name\":\"Vogelnapf Romance 75cm\"}]},{\"@type\":\"WebSite\",\"@id\":\"https:\/\/dev.eliassen.nl\/de\/#website\",\"url\":\"https:\/\/dev.eliassen.nl\/de\/\",\"name\":\"Eliassen Home & Garden Pleasure\",\"description\":\"\",\"publisher\":{\"@id\":\"https:\/\/dev.eliassen.nl\/de\/#organization\"},\"alternateName\":\"Eliassen.nl\",\"potentialAction\":[{\"@type\":\"SearchAction\",\"target\":{\"@type\":\"EntryPoint\",\"urlTemplate\":\"https:\/\/dev.eliassen.nl\/de\/?s={search_term_string}\"},\"query-input\":{\"@type\":\"PropertyValueSpecification\",\"valueRequired\":true,\"valueName\":\"search_term_string\"}}],\"inLanguage\":\"de\"},{\"@type\":\"Organization\",\"@id\":\"https:\/\/dev.eliassen.nl\/de\/#organization\",\"name\":\"Eliassen Home & Garden Pleasure\",\"url\":\"https:\/\/dev.eliassen.nl\/de\/\",\"logo\":{\"@type\":\"ImageObject\",\"inLanguage\":\"de\",\"@id\":\"https:\/\/dev.eliassen.nl\/de\/#\/schema\/logo\/image\/\",\"url\":\"https:\/\/www.eliassen.nl\/wp-content\/uploads\/2024\/01\/logo_4nd.jpg\",\"contentUrl\":\"https:\/\/www.eliassen.nl\/wp-content\/uploads\/2024\/01\/logo_4nd.jpg\",\"width\":500,\"height\":500,\"caption\":\"Eliassen Home & Garden Pleasure\"},\"image\":{\"@id\":\"https:\/\/dev.eliassen.nl\/de\/#\/schema\/logo\/image\/\"},\"sameAs\":[\"https:\/\/www.facebook.com\/TuincentrumEliassenAmmerzoden\",\"https:\/\/www.instagram.com\/eliassenhomeandgarden\/\",\"https:\/\/nl.pinterest.com\/eliassenhomeandgarden\/\",\"https:\/\/www.youtube.com\/@eliassenhomegardenpleasure4558\"]}]}<\/script>\n<!-- \/ Yoast SEO plugin. -->","yoast_head_json":{"title":"Vogelschaal Romance 75cm","description":"Vogelschaal metaal met vogel. Kom kijken in de showroom van Eliassen ! De koffie staat klaar.","robots":{"index":"noindex","follow":"follow","max-snippet":"max-snippet:-1","max-image-preview":"max-image-preview:large","max-video-preview":"max-video-preview:-1"},"og_locale":"de_DE","og_type":"article","og_title":"Vogelschaal Romance 75cm","og_description":"Vogelschaal metaal met vogel. Kom kijken in de showroom van Eliassen ! De koffie staat klaar.","og_url":"https:\/\/dev.eliassen.nl\/de\/vogelnapf-romance-75cm\/","og_site_name":"Eliassen.nl","article_publisher":"https:\/\/www.facebook.com\/TuincentrumEliassenAmmerzoden","article_modified_time":"2024-12-05T16:30:02+00:00","og_image":[{"width":560,"height":560,"url":"https:\/\/dev.eliassen.nl\/wp-content\/uploads\/2024\/10\/vogelbadromanceeliassennlxz81.jpg","type":"image\/jpeg"}],"twitter_card":"summary_large_image","schema":{"@context":"https:\/\/schema.org","@graph":[{"@type":"WebPage","@id":"https:\/\/dev.eliassen.nl\/de\/vogelnapf-romance-75cm\/","url":"https:\/\/dev.eliassen.nl\/de\/vogelnapf-romance-75cm\/","name":"Vogelschaal Romance 75cm","isPartOf":{"@id":"https:\/\/dev.eliassen.nl\/de\/#website"},"primaryImageOfPage":{"@id":"https:\/\/dev.eliassen.nl\/de\/vogelnapf-romance-75cm\/#primaryimage"},"image":{"@id":"https:\/\/dev.eliassen.nl\/de\/vogelnapf-romance-75cm\/#primaryimage"},"thumbnailUrl":"https:\/\/dev.eliassen.nl\/wp-content\/uploads\/2024\/10\/vogelbadromanceeliassennlxz81.jpg","datePublished":"2024-07-04T16:52:17+00:00","dateModified":"2024-12-05T16:30:02+00:00","description":"Vogelschaal metaal met vogel. Kom kijken in de showroom van Eliassen ! De koffie staat klaar.","breadcrumb":{"@id":"https:\/\/dev.eliassen.nl\/de\/vogelnapf-romance-75cm\/#breadcrumb"},"inLanguage":"de","potentialAction":[{"@type":"ReadAction","target":["https:\/\/dev.eliassen.nl\/de\/vogelnapf-romance-75cm\/"]}]},{"@type":"ImageObject","inLanguage":"de","@id":"https:\/\/dev.eliassen.nl\/de\/vogelnapf-romance-75cm\/#primaryimage","url":"https:\/\/dev.eliassen.nl\/wp-content\/uploads\/2024\/10\/vogelbadromanceeliassennlxz81.jpg","contentUrl":"https:\/\/dev.eliassen.nl\/wp-content\/uploads\/2024\/10\/vogelbadromanceeliassennlxz81.jpg","width":560,"height":560,"caption":"Vogelbad Romance Eliassen.nl XZ-81"},{"@type":"BreadcrumbList","@id":"https:\/\/dev.eliassen.nl\/de\/vogelnapf-romance-75cm\/#breadcrumb","itemListElement":[{"@type":"ListItem","position":1,"name":"Home","item":"https:\/\/dev.eliassen.nl\/de\/"},{"@type":"ListItem","position":2,"name":"Shop","item":"https:\/\/dev.eliassen.nl\/nl\/winkel\/"},{"@type":"ListItem","position":3,"name":"Vogeltr\u00e4nken","item":"https:\/\/dev.eliassen.nl\/de\/vogeltraenken\/"},{"@type":"ListItem","position":4,"name":"Vogelnapf Romance 75cm"}]},{"@type":"WebSite","@id":"https:\/\/dev.eliassen.nl\/de\/#website","url":"https:\/\/dev.eliassen.nl\/de\/","name":"Eliassen Home & Garden Pleasure","description":"","publisher":{"@id":"https:\/\/dev.eliassen.nl\/de\/#organization"},"alternateName":"Eliassen.nl","potentialAction":[{"@type":"SearchAction","target":{"@type":"EntryPoint","urlTemplate":"https:\/\/dev.eliassen.nl\/de\/?s={search_term_string}"},"query-input":{"@type":"PropertyValueSpecification","valueRequired":true,"valueName":"search_term_string"}}],"inLanguage":"de"},{"@type":"Organization","@id":"https:\/\/dev.eliassen.nl\/de\/#organization","name":"Eliassen Home & Garden Pleasure","url":"https:\/\/dev.eliassen.nl\/de\/","logo":{"@type":"ImageObject","inLanguage":"de","@id":"https:\/\/dev.eliassen.nl\/de\/#\/schema\/logo\/image\/","url":"https:\/\/www.eliassen.nl\/wp-content\/uploads\/2024\/01\/logo_4nd.jpg","contentUrl":"https:\/\/www.eliassen.nl\/wp-content\/uploads\/2024\/01\/logo_4nd.jpg","width":500,"height":500,"caption":"Eliassen Home & Garden Pleasure"},"image":{"@id":"https:\/\/dev.eliassen.nl\/de\/#\/schema\/logo\/image\/"},"sameAs":["https:\/\/www.facebook.com\/TuincentrumEliassenAmmerzoden","https:\/\/www.instagram.com\/eliassenhomeandgarden\/","https:\/\/nl.pinterest.com\/eliassenhomeandgarden\/","https:\/\/www.youtube.com\/@eliassenhomegardenpleasure4558"]}]}},"df_price":55,"df_sale_price":"","df_regular_price":55,"df_image_link":"https:\/\/dev.eliassen.nl\/wp-content\/uploads\/2024\/10\/vogelbadromanceeliassennlxz81.jpg","image":"https:\/\/dev.eliassen.nl\/wp-content\/uploads\/2024\/10\/vogelbadromanceeliassennlxz81.jpg","price_search":"<span class=\"woocommerce-Price-amount amount\"><bdi><span class=\"woocommerce-Price-currencySymbol\">&euro;<\/span>&nbsp;55,00<\/bdi><\/span>","category":"Vogeltr\u00e4nken","_links":{"self":[{"href":"https:\/\/dev.eliassen.nl\/de\/wp-json\/wp\/v2\/product\/157193","targetHints":{"allow":["GET"]}}],"collection":[{"href":"https:\/\/dev.eliassen.nl\/de\/wp-json\/wp\/v2\/product"}],"about":[{"href":"https:\/\/dev.eliassen.nl\/de\/wp-json\/wp\/v2\/types\/product"}],"wp:featuredmedia":[{"embeddable":true,"href":"https:\/\/dev.eliassen.nl\/de\/wp-json\/wp\/v2\/media\/157178"}],"wp:attachment":[{"href":"https:\/\/dev.eliassen.nl\/de\/wp-json\/wp\/v2\/media?parent=157193"}],"wp:term":[{"taxonomy":"product_brand","embeddable":true,"href":"https:\/\/dev.eliassen.nl\/de\/wp-json\/wp\/v2\/product_brand?post=157193"},{"taxonomy":"product_cat","embeddable":true,"href":"https:\/\/dev.eliassen.nl\/de\/wp-json\/wp\/v2\/product_cat?post=157193"},{"taxonomy":"product_tag","embeddable":true,"href":"https:\/\/dev.eliassen.nl\/de\/wp-json\/wp\/v2\/product_tag?post=157193"}],"curies":[{"name":"wp","href":"https:\/\/api.w.org\/{rel}","templated":true}]}}