{"id":157610,"date":"2024-07-09T15:46:35","date_gmt":"2024-07-09T13:46:35","guid":{"rendered":"https:\/\/www.eliassen.nl\/?product=muurbloem-roos-roze-16cm"},"modified":"2024-12-05T17:30:24","modified_gmt":"2024-12-05T16:30:24","slug":"mauerblumchen-rose-rosa-16cm","status":"publish","type":"product","link":"https:\/\/dev.eliassen.nl\/de\/mauerblumchen-rose-rosa-16cm\/","title":{"rendered":"Mauerbl\u00fcmchen Rose rosa 16cm"},"content":{"rendered":"<p>Ihr Wohn- oder Arbeitsumfeld wird mit den Dekoblumen gem\u00fctlich und farbenfroh. Diese Rosenbl\u00fcte besteht aus Polyresin und hat eine sehr sch\u00f6ne rot-rosa Farbe.<\/p>\n<p>Diese Dekoblume verf\u00fcgt \u00fcber einen Aufh\u00e4ngeschlitz, so dass ein kleiner Nagel oder eine Schraube ausreicht, um diese Wanddekoration aufzuh\u00e4ngen.<\/p>\n<p>Erstellen Sie eine sch\u00f6ne Komposition mit anderen Wandblumenmodellen f\u00fcr einen sehr sch\u00f6nen Dekorationseffekt. Nat\u00fcrlich k\u00f6nnen diese Blumen auch liegend verwendet werden, zum Beispiel auf einem Tablett, mit Kerzen oder Kerzenst\u00e4ndern, mit einem Foto usw.<\/p>\n<ul>\n<li>Durchmesser: 16 cm<\/li>\n<li>Farbe: rosarot<\/li>\n<li>Material: Polyresin<\/li>\n<li>Nur f\u00fcr den Innenbereich geeignet<\/li>\n<li><strong>Auch live bei uns im Laden zu sehen!<\/strong><\/li>\n<\/ul>\n","protected":false},"excerpt":{"rendered":"<p>Sch\u00f6nes Dekorationsobjekt f\u00fcr die Wand oder den Schrank<\/p>\n","protected":false},"featured_media":157598,"template":"","meta":{"_acf_changed":false},"product_brand":[6948],"product_cat":[533,509],"product_tag":[],"class_list":{"0":"post-157610","1":"product","2":"type-product","3":"status-publish","4":"has-post-thumbnail","6":"product_brand-homebound-de","7":"product_cat-andere-wanddekorationen","8":"product_cat-wanddekoration","10":"first","11":"instock","12":"taxable","13":"shipping-taxable","14":"purchasable","15":"product-type-simple"},"acf":[],"yoast_head":"<!-- This site is optimized with the Yoast SEO plugin v23.8 - https:\/\/yoast.com\/wordpress\/plugins\/seo\/ -->\n<title>Muurbloem Roos roze 16cm<\/title>\n<meta name=\"description\" content=\"Mooi decoratie bloemen; ook daarvan staan er heel veel in de webshop van Eliassen, nagenoeg alles ook live te zien . De koffie staat klaar !!\" \/>\n<meta name=\"robots\" content=\"noindex, follow, max-snippet:-1, max-image-preview:large, max-video-preview:-1\" \/>\n<meta property=\"og:locale\" content=\"de_DE\" \/>\n<meta property=\"og:type\" content=\"article\" \/>\n<meta property=\"og:title\" content=\"Muurbloem Roos roze 16cm\" \/>\n<meta property=\"og:description\" content=\"Mooi decoratie bloemen; ook daarvan staan er heel veel in de webshop van Eliassen, nagenoeg alles ook live te zien . De koffie staat klaar !!\" \/>\n<meta property=\"og:url\" content=\"https:\/\/dev.eliassen.nl\/de\/mauerblumchen-rose-rosa-16cm\/\" \/>\n<meta property=\"og:site_name\" content=\"Eliassen.nl\" \/>\n<meta property=\"article:publisher\" content=\"https:\/\/www.facebook.com\/TuincentrumEliassenAmmerzoden\" \/>\n<meta property=\"article:modified_time\" content=\"2024-12-05T16:30:24+00:00\" \/>\n<meta property=\"og:image\" content=\"https:\/\/dev.eliassen.nl\/wp-content\/uploads\/2024\/10\/muurbloemrozeroos16cmeliassennlbm3624.jpg\" \/>\n\t<meta property=\"og:image:width\" content=\"1000\" \/>\n\t<meta property=\"og:image:height\" content=\"1000\" \/>\n\t<meta property=\"og:image:type\" content=\"image\/jpeg\" \/>\n<meta name=\"twitter:card\" content=\"summary_large_image\" \/>\n<script type=\"application\/ld+json\" class=\"yoast-schema-graph\">{\"@context\":\"https:\/\/schema.org\",\"@graph\":[{\"@type\":\"WebPage\",\"@id\":\"https:\/\/dev.eliassen.nl\/de\/mauerblumchen-rose-rosa-16cm\/\",\"url\":\"https:\/\/dev.eliassen.nl\/de\/mauerblumchen-rose-rosa-16cm\/\",\"name\":\"Muurbloem Roos roze 16cm\",\"isPartOf\":{\"@id\":\"https:\/\/dev.eliassen.nl\/de\/#website\"},\"primaryImageOfPage\":{\"@id\":\"https:\/\/dev.eliassen.nl\/de\/mauerblumchen-rose-rosa-16cm\/#primaryimage\"},\"image\":{\"@id\":\"https:\/\/dev.eliassen.nl\/de\/mauerblumchen-rose-rosa-16cm\/#primaryimage\"},\"thumbnailUrl\":\"https:\/\/dev.eliassen.nl\/wp-content\/uploads\/2024\/10\/muurbloemrozeroos16cmeliassennlbm3624.jpg\",\"datePublished\":\"2024-07-09T13:46:35+00:00\",\"dateModified\":\"2024-12-05T16:30:24+00:00\",\"description\":\"Mooi decoratie bloemen; ook daarvan staan er heel veel in de webshop van Eliassen, nagenoeg alles ook live te zien . De koffie staat klaar !!\",\"breadcrumb\":{\"@id\":\"https:\/\/dev.eliassen.nl\/de\/mauerblumchen-rose-rosa-16cm\/#breadcrumb\"},\"inLanguage\":\"de\",\"potentialAction\":[{\"@type\":\"ReadAction\",\"target\":[\"https:\/\/dev.eliassen.nl\/de\/mauerblumchen-rose-rosa-16cm\/\"]}]},{\"@type\":\"ImageObject\",\"inLanguage\":\"de\",\"@id\":\"https:\/\/dev.eliassen.nl\/de\/mauerblumchen-rose-rosa-16cm\/#primaryimage\",\"url\":\"https:\/\/dev.eliassen.nl\/wp-content\/uploads\/2024\/10\/muurbloemrozeroos16cmeliassennlbm3624.jpg\",\"contentUrl\":\"https:\/\/dev.eliassen.nl\/wp-content\/uploads\/2024\/10\/muurbloemrozeroos16cmeliassennlbm3624.jpg\",\"width\":1000,\"height\":1000,\"caption\":\"Muurbloem roze roos 16cm Eliassen.nl BM3624\"},{\"@type\":\"BreadcrumbList\",\"@id\":\"https:\/\/dev.eliassen.nl\/de\/mauerblumchen-rose-rosa-16cm\/#breadcrumb\",\"itemListElement\":[{\"@type\":\"ListItem\",\"position\":1,\"name\":\"Home\",\"item\":\"https:\/\/dev.eliassen.nl\/de\/\"},{\"@type\":\"ListItem\",\"position\":2,\"name\":\"Shop\",\"item\":\"https:\/\/dev.eliassen.nl\/nl\/winkel\/\"},{\"@type\":\"ListItem\",\"position\":3,\"name\":\"Wanddekoration\",\"item\":\"https:\/\/dev.eliassen.nl\/de\/wanddekoration\/\"},{\"@type\":\"ListItem\",\"position\":4,\"name\":\"Andere Wanddekorationen\",\"item\":\"https:\/\/dev.eliassen.nl\/de\/wanddekoration\/andere-wanddekorationen\/\"},{\"@type\":\"ListItem\",\"position\":5,\"name\":\"Mauerbl\u00fcmchen Rose rosa 16cm\"}]},{\"@type\":\"WebSite\",\"@id\":\"https:\/\/dev.eliassen.nl\/de\/#website\",\"url\":\"https:\/\/dev.eliassen.nl\/de\/\",\"name\":\"Eliassen Home & Garden Pleasure\",\"description\":\"\",\"publisher\":{\"@id\":\"https:\/\/dev.eliassen.nl\/de\/#organization\"},\"alternateName\":\"Eliassen.nl\",\"potentialAction\":[{\"@type\":\"SearchAction\",\"target\":{\"@type\":\"EntryPoint\",\"urlTemplate\":\"https:\/\/dev.eliassen.nl\/de\/?s={search_term_string}\"},\"query-input\":{\"@type\":\"PropertyValueSpecification\",\"valueRequired\":true,\"valueName\":\"search_term_string\"}}],\"inLanguage\":\"de\"},{\"@type\":\"Organization\",\"@id\":\"https:\/\/dev.eliassen.nl\/de\/#organization\",\"name\":\"Eliassen Home & Garden Pleasure\",\"url\":\"https:\/\/dev.eliassen.nl\/de\/\",\"logo\":{\"@type\":\"ImageObject\",\"inLanguage\":\"de\",\"@id\":\"https:\/\/dev.eliassen.nl\/de\/#\/schema\/logo\/image\/\",\"url\":\"https:\/\/www.eliassen.nl\/wp-content\/uploads\/2024\/01\/logo_4nd.jpg\",\"contentUrl\":\"https:\/\/www.eliassen.nl\/wp-content\/uploads\/2024\/01\/logo_4nd.jpg\",\"width\":500,\"height\":500,\"caption\":\"Eliassen Home & Garden Pleasure\"},\"image\":{\"@id\":\"https:\/\/dev.eliassen.nl\/de\/#\/schema\/logo\/image\/\"},\"sameAs\":[\"https:\/\/www.facebook.com\/TuincentrumEliassenAmmerzoden\",\"https:\/\/www.instagram.com\/eliassenhomeandgarden\/\",\"https:\/\/nl.pinterest.com\/eliassenhomeandgarden\/\",\"https:\/\/www.youtube.com\/@eliassenhomegardenpleasure4558\"]}]}<\/script>\n<!-- \/ Yoast SEO plugin. -->","yoast_head_json":{"title":"Muurbloem Roos roze 16cm","description":"Mooi decoratie bloemen; ook daarvan staan er heel veel in de webshop van Eliassen, nagenoeg alles ook live te zien . De koffie staat klaar !!","robots":{"index":"noindex","follow":"follow","max-snippet":"max-snippet:-1","max-image-preview":"max-image-preview:large","max-video-preview":"max-video-preview:-1"},"og_locale":"de_DE","og_type":"article","og_title":"Muurbloem Roos roze 16cm","og_description":"Mooi decoratie bloemen; ook daarvan staan er heel veel in de webshop van Eliassen, nagenoeg alles ook live te zien . De koffie staat klaar !!","og_url":"https:\/\/dev.eliassen.nl\/de\/mauerblumchen-rose-rosa-16cm\/","og_site_name":"Eliassen.nl","article_publisher":"https:\/\/www.facebook.com\/TuincentrumEliassenAmmerzoden","article_modified_time":"2024-12-05T16:30:24+00:00","og_image":[{"width":1000,"height":1000,"url":"https:\/\/dev.eliassen.nl\/wp-content\/uploads\/2024\/10\/muurbloemrozeroos16cmeliassennlbm3624.jpg","type":"image\/jpeg"}],"twitter_card":"summary_large_image","schema":{"@context":"https:\/\/schema.org","@graph":[{"@type":"WebPage","@id":"https:\/\/dev.eliassen.nl\/de\/mauerblumchen-rose-rosa-16cm\/","url":"https:\/\/dev.eliassen.nl\/de\/mauerblumchen-rose-rosa-16cm\/","name":"Muurbloem Roos roze 16cm","isPartOf":{"@id":"https:\/\/dev.eliassen.nl\/de\/#website"},"primaryImageOfPage":{"@id":"https:\/\/dev.eliassen.nl\/de\/mauerblumchen-rose-rosa-16cm\/#primaryimage"},"image":{"@id":"https:\/\/dev.eliassen.nl\/de\/mauerblumchen-rose-rosa-16cm\/#primaryimage"},"thumbnailUrl":"https:\/\/dev.eliassen.nl\/wp-content\/uploads\/2024\/10\/muurbloemrozeroos16cmeliassennlbm3624.jpg","datePublished":"2024-07-09T13:46:35+00:00","dateModified":"2024-12-05T16:30:24+00:00","description":"Mooi decoratie bloemen; ook daarvan staan er heel veel in de webshop van Eliassen, nagenoeg alles ook live te zien . De koffie staat klaar !!","breadcrumb":{"@id":"https:\/\/dev.eliassen.nl\/de\/mauerblumchen-rose-rosa-16cm\/#breadcrumb"},"inLanguage":"de","potentialAction":[{"@type":"ReadAction","target":["https:\/\/dev.eliassen.nl\/de\/mauerblumchen-rose-rosa-16cm\/"]}]},{"@type":"ImageObject","inLanguage":"de","@id":"https:\/\/dev.eliassen.nl\/de\/mauerblumchen-rose-rosa-16cm\/#primaryimage","url":"https:\/\/dev.eliassen.nl\/wp-content\/uploads\/2024\/10\/muurbloemrozeroos16cmeliassennlbm3624.jpg","contentUrl":"https:\/\/dev.eliassen.nl\/wp-content\/uploads\/2024\/10\/muurbloemrozeroos16cmeliassennlbm3624.jpg","width":1000,"height":1000,"caption":"Muurbloem roze roos 16cm Eliassen.nl BM3624"},{"@type":"BreadcrumbList","@id":"https:\/\/dev.eliassen.nl\/de\/mauerblumchen-rose-rosa-16cm\/#breadcrumb","itemListElement":[{"@type":"ListItem","position":1,"name":"Home","item":"https:\/\/dev.eliassen.nl\/de\/"},{"@type":"ListItem","position":2,"name":"Shop","item":"https:\/\/dev.eliassen.nl\/nl\/winkel\/"},{"@type":"ListItem","position":3,"name":"Wanddekoration","item":"https:\/\/dev.eliassen.nl\/de\/wanddekoration\/"},{"@type":"ListItem","position":4,"name":"Andere Wanddekorationen","item":"https:\/\/dev.eliassen.nl\/de\/wanddekoration\/andere-wanddekorationen\/"},{"@type":"ListItem","position":5,"name":"Mauerbl\u00fcmchen Rose rosa 16cm"}]},{"@type":"WebSite","@id":"https:\/\/dev.eliassen.nl\/de\/#website","url":"https:\/\/dev.eliassen.nl\/de\/","name":"Eliassen Home & Garden Pleasure","description":"","publisher":{"@id":"https:\/\/dev.eliassen.nl\/de\/#organization"},"alternateName":"Eliassen.nl","potentialAction":[{"@type":"SearchAction","target":{"@type":"EntryPoint","urlTemplate":"https:\/\/dev.eliassen.nl\/de\/?s={search_term_string}"},"query-input":{"@type":"PropertyValueSpecification","valueRequired":true,"valueName":"search_term_string"}}],"inLanguage":"de"},{"@type":"Organization","@id":"https:\/\/dev.eliassen.nl\/de\/#organization","name":"Eliassen Home & Garden Pleasure","url":"https:\/\/dev.eliassen.nl\/de\/","logo":{"@type":"ImageObject","inLanguage":"de","@id":"https:\/\/dev.eliassen.nl\/de\/#\/schema\/logo\/image\/","url":"https:\/\/www.eliassen.nl\/wp-content\/uploads\/2024\/01\/logo_4nd.jpg","contentUrl":"https:\/\/www.eliassen.nl\/wp-content\/uploads\/2024\/01\/logo_4nd.jpg","width":500,"height":500,"caption":"Eliassen Home & Garden Pleasure"},"image":{"@id":"https:\/\/dev.eliassen.nl\/de\/#\/schema\/logo\/image\/"},"sameAs":["https:\/\/www.facebook.com\/TuincentrumEliassenAmmerzoden","https:\/\/www.instagram.com\/eliassenhomeandgarden\/","https:\/\/nl.pinterest.com\/eliassenhomeandgarden\/","https:\/\/www.youtube.com\/@eliassenhomegardenpleasure4558"]}]}},"df_price":11.95,"df_sale_price":"","df_regular_price":11.95,"df_image_link":"https:\/\/dev.eliassen.nl\/wp-content\/uploads\/2024\/10\/muurbloemrozeroos16cmeliassennlbm3624.jpg","image":"https:\/\/dev.eliassen.nl\/wp-content\/uploads\/2024\/10\/muurbloemrozeroos16cmeliassennlbm3624.jpg","price_search":"<span class=\"woocommerce-Price-amount amount\"><bdi><span class=\"woocommerce-Price-currencySymbol\">&euro;<\/span>&nbsp;11,95<\/bdi><\/span>","category":"Andere Wanddekorationen","_links":{"self":[{"href":"https:\/\/dev.eliassen.nl\/de\/wp-json\/wp\/v2\/product\/157610","targetHints":{"allow":["GET"]}}],"collection":[{"href":"https:\/\/dev.eliassen.nl\/de\/wp-json\/wp\/v2\/product"}],"about":[{"href":"https:\/\/dev.eliassen.nl\/de\/wp-json\/wp\/v2\/types\/product"}],"wp:featuredmedia":[{"embeddable":true,"href":"https:\/\/dev.eliassen.nl\/de\/wp-json\/wp\/v2\/media\/157598"}],"wp:attachment":[{"href":"https:\/\/dev.eliassen.nl\/de\/wp-json\/wp\/v2\/media?parent=157610"}],"wp:term":[{"taxonomy":"product_brand","embeddable":true,"href":"https:\/\/dev.eliassen.nl\/de\/wp-json\/wp\/v2\/product_brand?post=157610"},{"taxonomy":"product_cat","embeddable":true,"href":"https:\/\/dev.eliassen.nl\/de\/wp-json\/wp\/v2\/product_cat?post=157610"},{"taxonomy":"product_tag","embeddable":true,"href":"https:\/\/dev.eliassen.nl\/de\/wp-json\/wp\/v2\/product_tag?post=157610"}],"curies":[{"name":"wp","href":"https:\/\/api.w.org\/{rel}","templated":true}]}}