{"id":157766,"date":"2024-07-10T10:13:36","date_gmt":"2024-07-10T08:13:36","guid":{"rendered":"https:\/\/www.eliassen.nl\/?product=bronzen-elf-1"},"modified":"2024-12-05T17:30:34","modified_gmt":"2024-12-05T16:30:34","slug":"bronze-elf-auf-kante-sitzend-23cm","status":"publish","type":"product","link":"https:\/\/dev.eliassen.nl\/de\/bronze-elf-auf-kante-sitzend-23cm\/","title":{"rendered":"Bronze-Elf auf Kante sitzend 23cm"},"content":{"rendered":"<p>Wundersch\u00f6ne Bronzestatue eines sitzenden Elfen. Hergestellt aus hochwertiger Bronze und auf einem Marmorsockel platziert. Diese Statue ist bis ins kleinste Detail wundersch\u00f6n detailliert. Sie haben sicherlich einen Platz in Ihrem Zuhause, an dem dieser auf einer Kante sitzende Elf zur Geltung kommt.<\/p>\n<p>Seit Jahrhunderten gelten Elfen als Wesen mit magischen Kr\u00e4ften und \u00fcbernat\u00fcrlicher Sch\u00f6nheit, die gew\u00f6hnlichen Menschen gegen\u00fcber ambivalent sind und ihnen helfen oder sie unterst\u00fctzen k\u00f6nnen.<\/p>\n<ul>\n<li>Gr\u00f6\u00dfe: 23x7x13cm hoch, inklusive Sockel<\/li>\n<li>Farbe: Braun-Gold-Rot<\/li>\n<li>Schnell geliefert <strong>.<\/strong><\/li>\n<li>30 Jahre Garantie.<\/li>\n<li><strong>Mindestens 500 Bronzestatuen k\u00f6nnen auch live in unserem Shop besichtigt werden.<\/strong><\/li>\n<\/ul>\n<p>\u00a0<\/p>\n","protected":false},"excerpt":{"rendered":"<p>Bronze-Elf auf Marmorsockel<\/p>\n","protected":false},"featured_media":157757,"template":"","meta":{"_acf_changed":false},"product_brand":[],"product_cat":[644,613,7239],"product_tag":[],"class_list":{"0":"post-157766","1":"product","2":"type-product","3":"status-publish","4":"has-post-thumbnail","6":"product_cat-andere-bronzestatuen","7":"product_cat-bronzestatuen","8":"product_cat-statuen-skulpturen","10":"first","11":"instock","12":"taxable","13":"shipping-taxable","14":"purchasable","15":"product-type-simple"},"acf":[],"yoast_head":"<!-- This site is optimized with the Yoast SEO plugin v23.8 - https:\/\/yoast.com\/wordpress\/plugins\/seo\/ -->\n<title>Bronzen Elf 1<\/title>\n<meta name=\"description\" content=\"Beeld van een Elf of fee op voet. Bronzen beelden Eliassen: 500 modellen live te bekijken, de koffie staat voor u klaar !!\" \/>\n<meta name=\"robots\" content=\"noindex, follow, max-snippet:-1, max-image-preview:large, max-video-preview:-1\" \/>\n<meta property=\"og:locale\" content=\"de_DE\" \/>\n<meta property=\"og:type\" content=\"article\" \/>\n<meta property=\"og:title\" content=\"Bronzen Elf 1\" \/>\n<meta property=\"og:description\" content=\"Beeld van een Elf of fee op voet. Bronzen beelden Eliassen: 500 modellen live te bekijken, de koffie staat voor u klaar !!\" \/>\n<meta property=\"og:url\" content=\"https:\/\/dev.eliassen.nl\/de\/bronze-elf-auf-kante-sitzend-23cm\/\" \/>\n<meta property=\"og:site_name\" content=\"Eliassen.nl\" \/>\n<meta property=\"article:publisher\" content=\"https:\/\/www.facebook.com\/TuincentrumEliassenAmmerzoden\" \/>\n<meta property=\"article:modified_time\" content=\"2024-12-05T16:30:34+00:00\" \/>\n<meta property=\"og:image\" content=\"https:\/\/dev.eliassen.nl\/wp-content\/uploads\/2024\/10\/elfbronsknieopgetrokkeneliassennlyb781.jpg\" \/>\n\t<meta property=\"og:image:width\" content=\"2048\" \/>\n\t<meta property=\"og:image:height\" content=\"2048\" \/>\n\t<meta property=\"og:image:type\" content=\"image\/jpeg\" \/>\n<meta name=\"twitter:card\" content=\"summary_large_image\" \/>\n<script type=\"application\/ld+json\" class=\"yoast-schema-graph\">{\"@context\":\"https:\/\/schema.org\",\"@graph\":[{\"@type\":\"WebPage\",\"@id\":\"https:\/\/dev.eliassen.nl\/de\/bronze-elf-auf-kante-sitzend-23cm\/\",\"url\":\"https:\/\/dev.eliassen.nl\/de\/bronze-elf-auf-kante-sitzend-23cm\/\",\"name\":\"Bronzen Elf 1\",\"isPartOf\":{\"@id\":\"https:\/\/dev.eliassen.nl\/de\/#website\"},\"primaryImageOfPage\":{\"@id\":\"https:\/\/dev.eliassen.nl\/de\/bronze-elf-auf-kante-sitzend-23cm\/#primaryimage\"},\"image\":{\"@id\":\"https:\/\/dev.eliassen.nl\/de\/bronze-elf-auf-kante-sitzend-23cm\/#primaryimage\"},\"thumbnailUrl\":\"https:\/\/dev.eliassen.nl\/wp-content\/uploads\/2024\/10\/elfbronsknieopgetrokkeneliassennlyb781.jpg\",\"datePublished\":\"2024-07-10T08:13:36+00:00\",\"dateModified\":\"2024-12-05T16:30:34+00:00\",\"description\":\"Beeld van een Elf of fee op voet. Bronzen beelden Eliassen: 500 modellen live te bekijken, de koffie staat voor u klaar !!\",\"breadcrumb\":{\"@id\":\"https:\/\/dev.eliassen.nl\/de\/bronze-elf-auf-kante-sitzend-23cm\/#breadcrumb\"},\"inLanguage\":\"de\",\"potentialAction\":[{\"@type\":\"ReadAction\",\"target\":[\"https:\/\/dev.eliassen.nl\/de\/bronze-elf-auf-kante-sitzend-23cm\/\"]}]},{\"@type\":\"ImageObject\",\"inLanguage\":\"de\",\"@id\":\"https:\/\/dev.eliassen.nl\/de\/bronze-elf-auf-kante-sitzend-23cm\/#primaryimage\",\"url\":\"https:\/\/dev.eliassen.nl\/wp-content\/uploads\/2024\/10\/elfbronsknieopgetrokkeneliassennlyb781.jpg\",\"contentUrl\":\"https:\/\/dev.eliassen.nl\/wp-content\/uploads\/2024\/10\/elfbronsknieopgetrokkeneliassennlyb781.jpg\",\"width\":2048,\"height\":2048,\"caption\":\"Elf brons knie opgetrokken Eliassen.nl YB781\"},{\"@type\":\"BreadcrumbList\",\"@id\":\"https:\/\/dev.eliassen.nl\/de\/bronze-elf-auf-kante-sitzend-23cm\/#breadcrumb\",\"itemListElement\":[{\"@type\":\"ListItem\",\"position\":1,\"name\":\"Home\",\"item\":\"https:\/\/dev.eliassen.nl\/de\/\"},{\"@type\":\"ListItem\",\"position\":2,\"name\":\"Shop\",\"item\":\"https:\/\/dev.eliassen.nl\/nl\/winkel\/\"},{\"@type\":\"ListItem\",\"position\":3,\"name\":\"Bronzestatuen\",\"item\":\"https:\/\/dev.eliassen.nl\/de\/bilder\/bronzestatuen\/\"},{\"@type\":\"ListItem\",\"position\":4,\"name\":\"Andere Bronzestatuen\",\"item\":\"https:\/\/dev.eliassen.nl\/de\/bilder\/bronzestatuen\/andere-bronzestatuen\/\"},{\"@type\":\"ListItem\",\"position\":5,\"name\":\"Bronze-Elf auf Kante sitzend 23cm\"}]},{\"@type\":\"WebSite\",\"@id\":\"https:\/\/dev.eliassen.nl\/de\/#website\",\"url\":\"https:\/\/dev.eliassen.nl\/de\/\",\"name\":\"Eliassen Home & Garden Pleasure\",\"description\":\"\",\"publisher\":{\"@id\":\"https:\/\/dev.eliassen.nl\/de\/#organization\"},\"alternateName\":\"Eliassen.nl\",\"potentialAction\":[{\"@type\":\"SearchAction\",\"target\":{\"@type\":\"EntryPoint\",\"urlTemplate\":\"https:\/\/dev.eliassen.nl\/de\/?s={search_term_string}\"},\"query-input\":{\"@type\":\"PropertyValueSpecification\",\"valueRequired\":true,\"valueName\":\"search_term_string\"}}],\"inLanguage\":\"de\"},{\"@type\":\"Organization\",\"@id\":\"https:\/\/dev.eliassen.nl\/de\/#organization\",\"name\":\"Eliassen Home & Garden Pleasure\",\"url\":\"https:\/\/dev.eliassen.nl\/de\/\",\"logo\":{\"@type\":\"ImageObject\",\"inLanguage\":\"de\",\"@id\":\"https:\/\/dev.eliassen.nl\/de\/#\/schema\/logo\/image\/\",\"url\":\"https:\/\/www.eliassen.nl\/wp-content\/uploads\/2024\/01\/logo_4nd.jpg\",\"contentUrl\":\"https:\/\/www.eliassen.nl\/wp-content\/uploads\/2024\/01\/logo_4nd.jpg\",\"width\":500,\"height\":500,\"caption\":\"Eliassen Home & Garden Pleasure\"},\"image\":{\"@id\":\"https:\/\/dev.eliassen.nl\/de\/#\/schema\/logo\/image\/\"},\"sameAs\":[\"https:\/\/www.facebook.com\/TuincentrumEliassenAmmerzoden\",\"https:\/\/www.instagram.com\/eliassenhomeandgarden\/\",\"https:\/\/nl.pinterest.com\/eliassenhomeandgarden\/\",\"https:\/\/www.youtube.com\/@eliassenhomegardenpleasure4558\"]}]}<\/script>\n<!-- \/ Yoast SEO plugin. -->","yoast_head_json":{"title":"Bronzen Elf 1","description":"Beeld van een Elf of fee op voet. Bronzen beelden Eliassen: 500 modellen live te bekijken, de koffie staat voor u klaar !!","robots":{"index":"noindex","follow":"follow","max-snippet":"max-snippet:-1","max-image-preview":"max-image-preview:large","max-video-preview":"max-video-preview:-1"},"og_locale":"de_DE","og_type":"article","og_title":"Bronzen Elf 1","og_description":"Beeld van een Elf of fee op voet. Bronzen beelden Eliassen: 500 modellen live te bekijken, de koffie staat voor u klaar !!","og_url":"https:\/\/dev.eliassen.nl\/de\/bronze-elf-auf-kante-sitzend-23cm\/","og_site_name":"Eliassen.nl","article_publisher":"https:\/\/www.facebook.com\/TuincentrumEliassenAmmerzoden","article_modified_time":"2024-12-05T16:30:34+00:00","og_image":[{"width":2048,"height":2048,"url":"https:\/\/dev.eliassen.nl\/wp-content\/uploads\/2024\/10\/elfbronsknieopgetrokkeneliassennlyb781.jpg","type":"image\/jpeg"}],"twitter_card":"summary_large_image","schema":{"@context":"https:\/\/schema.org","@graph":[{"@type":"WebPage","@id":"https:\/\/dev.eliassen.nl\/de\/bronze-elf-auf-kante-sitzend-23cm\/","url":"https:\/\/dev.eliassen.nl\/de\/bronze-elf-auf-kante-sitzend-23cm\/","name":"Bronzen Elf 1","isPartOf":{"@id":"https:\/\/dev.eliassen.nl\/de\/#website"},"primaryImageOfPage":{"@id":"https:\/\/dev.eliassen.nl\/de\/bronze-elf-auf-kante-sitzend-23cm\/#primaryimage"},"image":{"@id":"https:\/\/dev.eliassen.nl\/de\/bronze-elf-auf-kante-sitzend-23cm\/#primaryimage"},"thumbnailUrl":"https:\/\/dev.eliassen.nl\/wp-content\/uploads\/2024\/10\/elfbronsknieopgetrokkeneliassennlyb781.jpg","datePublished":"2024-07-10T08:13:36+00:00","dateModified":"2024-12-05T16:30:34+00:00","description":"Beeld van een Elf of fee op voet. Bronzen beelden Eliassen: 500 modellen live te bekijken, de koffie staat voor u klaar !!","breadcrumb":{"@id":"https:\/\/dev.eliassen.nl\/de\/bronze-elf-auf-kante-sitzend-23cm\/#breadcrumb"},"inLanguage":"de","potentialAction":[{"@type":"ReadAction","target":["https:\/\/dev.eliassen.nl\/de\/bronze-elf-auf-kante-sitzend-23cm\/"]}]},{"@type":"ImageObject","inLanguage":"de","@id":"https:\/\/dev.eliassen.nl\/de\/bronze-elf-auf-kante-sitzend-23cm\/#primaryimage","url":"https:\/\/dev.eliassen.nl\/wp-content\/uploads\/2024\/10\/elfbronsknieopgetrokkeneliassennlyb781.jpg","contentUrl":"https:\/\/dev.eliassen.nl\/wp-content\/uploads\/2024\/10\/elfbronsknieopgetrokkeneliassennlyb781.jpg","width":2048,"height":2048,"caption":"Elf brons knie opgetrokken Eliassen.nl YB781"},{"@type":"BreadcrumbList","@id":"https:\/\/dev.eliassen.nl\/de\/bronze-elf-auf-kante-sitzend-23cm\/#breadcrumb","itemListElement":[{"@type":"ListItem","position":1,"name":"Home","item":"https:\/\/dev.eliassen.nl\/de\/"},{"@type":"ListItem","position":2,"name":"Shop","item":"https:\/\/dev.eliassen.nl\/nl\/winkel\/"},{"@type":"ListItem","position":3,"name":"Bronzestatuen","item":"https:\/\/dev.eliassen.nl\/de\/bilder\/bronzestatuen\/"},{"@type":"ListItem","position":4,"name":"Andere Bronzestatuen","item":"https:\/\/dev.eliassen.nl\/de\/bilder\/bronzestatuen\/andere-bronzestatuen\/"},{"@type":"ListItem","position":5,"name":"Bronze-Elf auf Kante sitzend 23cm"}]},{"@type":"WebSite","@id":"https:\/\/dev.eliassen.nl\/de\/#website","url":"https:\/\/dev.eliassen.nl\/de\/","name":"Eliassen Home & Garden Pleasure","description":"","publisher":{"@id":"https:\/\/dev.eliassen.nl\/de\/#organization"},"alternateName":"Eliassen.nl","potentialAction":[{"@type":"SearchAction","target":{"@type":"EntryPoint","urlTemplate":"https:\/\/dev.eliassen.nl\/de\/?s={search_term_string}"},"query-input":{"@type":"PropertyValueSpecification","valueRequired":true,"valueName":"search_term_string"}}],"inLanguage":"de"},{"@type":"Organization","@id":"https:\/\/dev.eliassen.nl\/de\/#organization","name":"Eliassen Home & Garden Pleasure","url":"https:\/\/dev.eliassen.nl\/de\/","logo":{"@type":"ImageObject","inLanguage":"de","@id":"https:\/\/dev.eliassen.nl\/de\/#\/schema\/logo\/image\/","url":"https:\/\/www.eliassen.nl\/wp-content\/uploads\/2024\/01\/logo_4nd.jpg","contentUrl":"https:\/\/www.eliassen.nl\/wp-content\/uploads\/2024\/01\/logo_4nd.jpg","width":500,"height":500,"caption":"Eliassen Home & Garden Pleasure"},"image":{"@id":"https:\/\/dev.eliassen.nl\/de\/#\/schema\/logo\/image\/"},"sameAs":["https:\/\/www.facebook.com\/TuincentrumEliassenAmmerzoden","https:\/\/www.instagram.com\/eliassenhomeandgarden\/","https:\/\/nl.pinterest.com\/eliassenhomeandgarden\/","https:\/\/www.youtube.com\/@eliassenhomegardenpleasure4558"]}]}},"df_price":169,"df_sale_price":"","df_regular_price":169,"df_image_link":"https:\/\/dev.eliassen.nl\/wp-content\/uploads\/2024\/10\/elfbronsknieopgetrokkeneliassennlyb781.jpg","image":"https:\/\/dev.eliassen.nl\/wp-content\/uploads\/2024\/10\/elfbronsknieopgetrokkeneliassennlyb781.jpg","price_search":"<span class=\"woocommerce-Price-amount amount\"><bdi><span class=\"woocommerce-Price-currencySymbol\">&euro;<\/span>&nbsp;169,00<\/bdi><\/span>","category":"Andere Bronzestatuen","_links":{"self":[{"href":"https:\/\/dev.eliassen.nl\/de\/wp-json\/wp\/v2\/product\/157766","targetHints":{"allow":["GET"]}}],"collection":[{"href":"https:\/\/dev.eliassen.nl\/de\/wp-json\/wp\/v2\/product"}],"about":[{"href":"https:\/\/dev.eliassen.nl\/de\/wp-json\/wp\/v2\/types\/product"}],"wp:featuredmedia":[{"embeddable":true,"href":"https:\/\/dev.eliassen.nl\/de\/wp-json\/wp\/v2\/media\/157757"}],"wp:attachment":[{"href":"https:\/\/dev.eliassen.nl\/de\/wp-json\/wp\/v2\/media?parent=157766"}],"wp:term":[{"taxonomy":"product_brand","embeddable":true,"href":"https:\/\/dev.eliassen.nl\/de\/wp-json\/wp\/v2\/product_brand?post=157766"},{"taxonomy":"product_cat","embeddable":true,"href":"https:\/\/dev.eliassen.nl\/de\/wp-json\/wp\/v2\/product_cat?post=157766"},{"taxonomy":"product_tag","embeddable":true,"href":"https:\/\/dev.eliassen.nl\/de\/wp-json\/wp\/v2\/product_tag?post=157766"}],"curies":[{"name":"wp","href":"https:\/\/api.w.org\/{rel}","templated":true}]}}