{"id":15823,"date":"2019-10-28T18:22:49","date_gmt":"2019-10-28T17:22:49","guid":{"rendered":"https:\/\/www.eliassen.nl\/?product=basis-schwarzer-granit-matt-30x30x100cm-copy"},"modified":"2024-12-05T15:24:04","modified_gmt":"2024-12-05T14:24:04","slug":"sockel-schwarzer-granit-matt-35x35x120cm","status":"publish","type":"product","link":"https:\/\/dev.eliassen.nl\/de\/sockel-schwarzer-granit-matt-35x35x120cm\/","title":{"rendered":"Sockel schwarzer Granit matt 35x35x120cm"},"content":{"rendered":"<p>Eine S\u00e4ule in Ihrem Haus oder Garten ist multifunktional. Der Kauf eines mattschwarzen Sockels ist daher eine wunderbare Erg\u00e4nzung f\u00fcr Ihr Interieur oder als Gartendekoration, auch weil ein Sockel f\u00fcr verschiedene Zwecke geeignet ist.<\/p>\n<p>Dieser Granitsockel, zum Beispiel mit einem Topf, einer Sonnenuhr, einer Statue oder einem anderen Objekt, wird ein sch\u00f6nes Objekt in Ihrem Haus oder Garten mit schickem Aussehen sein.<\/p>\n<p>Diese S\u00e4ulen werden aus nat\u00fcrlichem Granit hergestellt und dann geschliffen, was zu einem matten Sockel f\u00fchrt. Die S\u00e4ulen sind an den Ecken extra verst\u00e4rkt und an der Unterseite mit Gummi versehen, um Sch\u00e4den an Ihrem Boden zu vermeiden.<\/p>\n<p>Bei diesem Naturmaterial kann es zu leichten Abweichungen wie Flecken, Vertiefungen etc. Dies ist normal und kann nicht beanstandet werden.<\/p>\n<p>Wenn Sie diese S\u00e4ule zu Hause erhalten, ist sie werkseitig gut verpackt und Sie m\u00fcssen sie noch selbst reinigen oder eventuell mit einem Granit-Farbvertiefer behandeln.<\/p>\n<ul>\n<li>Gr\u00f6\u00dfe: 35 x 35 x 120 cm hoch<\/li>\n<li>Material: geschliffener schwarzer Granit<\/li>\n<li>Gewicht: 100 kg<\/li>\n<li>Kann im Innen- und Au\u00dfenbereich verwendet werden<\/li>\n<li>Sch\u00f6n fertig<\/li>\n<li>Eigener Bestand.<\/li>\n<li>Kratzt nicht leicht<\/li>\n<li>Garantie: 5 Jahre<\/li>\n<li>Richtig verpackt.<\/li>\n<li><strong>Diese Kunst ist auch in unserem Shop zu sehen.<\/strong><\/li>\n<li><strong>Korrektes Foto folgt<\/strong><\/li>\n<\/ul>\n","protected":false},"excerpt":{"rendered":"<p>Geschliffene S\u00e4ule aus absolut schwarzem Granit<\/p>\n","protected":false},"featured_media":15808,"template":"","meta":{"_acf_changed":false},"product_brand":[6916],"product_cat":[782,785],"product_tag":[],"class_list":{"0":"post-15823","1":"product","2":"type-product","3":"status-publish","4":"has-post-thumbnail","6":"product_brand-eliassen-de","7":"product_cat-sockel","8":"product_cat-sockel-aus-naturstein","10":"first","11":"instock","12":"taxable","13":"shipping-taxable","14":"purchasable","15":"product-type-simple"},"acf":[],"yoast_head":"<!-- This site is optimized with the Yoast SEO plugin v23.8 - https:\/\/yoast.com\/wordpress\/plugins\/seo\/ -->\n<title>Sockel Granit schwarz matt 35x35x120cm | Eliassen<\/title>\n<meta name=\"description\" content=\"Bei Eliassen k\u00f6nnen Sie Sockel schwarz granit matt 35x35x120cm online kaufen oder live im Showroom ansehen. Wir haben die sch\u00f6nsten Bronzestatuen, Sockel\" \/>\n<meta name=\"robots\" content=\"noindex, follow, max-snippet:-1, max-image-preview:large, max-video-preview:-1\" \/>\n<meta property=\"og:locale\" content=\"de_DE\" \/>\n<meta property=\"og:type\" content=\"article\" \/>\n<meta property=\"og:title\" content=\"Sockel Granit schwarz matt 35x35x120cm | Eliassen\" \/>\n<meta property=\"og:description\" content=\"Bei Eliassen k\u00f6nnen Sie Sockel schwarz granit matt 35x35x120cm online kaufen oder live im Showroom ansehen. Wir haben die sch\u00f6nsten Bronzestatuen, Sockel\" \/>\n<meta property=\"og:url\" content=\"https:\/\/dev.eliassen.nl\/de\/sockel-schwarzer-granit-matt-35x35x120cm\/\" \/>\n<meta property=\"og:site_name\" content=\"Eliassen.nl\" \/>\n<meta property=\"article:publisher\" content=\"https:\/\/www.facebook.com\/TuincentrumEliassenAmmerzoden\" \/>\n<meta property=\"article:modified_time\" content=\"2024-12-05T14:24:04+00:00\" \/>\n<meta property=\"og:image\" content=\"https:\/\/dev.eliassen.nl\/wp-content\/uploads\/2024\/01\/naamloos_6nd.png\" \/>\n\t<meta property=\"og:image:width\" content=\"459\" \/>\n\t<meta property=\"og:image:height\" content=\"868\" \/>\n\t<meta property=\"og:image:type\" content=\"image\/png\" \/>\n<meta name=\"twitter:card\" content=\"summary_large_image\" \/>\n<script type=\"application\/ld+json\" class=\"yoast-schema-graph\">{\"@context\":\"https:\/\/schema.org\",\"@graph\":[{\"@type\":\"WebPage\",\"@id\":\"https:\/\/dev.eliassen.nl\/de\/sockel-schwarzer-granit-matt-35x35x120cm\/\",\"url\":\"https:\/\/dev.eliassen.nl\/de\/sockel-schwarzer-granit-matt-35x35x120cm\/\",\"name\":\"Sockel Granit schwarz matt 35x35x120cm | Eliassen\",\"isPartOf\":{\"@id\":\"https:\/\/dev.eliassen.nl\/de\/#website\"},\"primaryImageOfPage\":{\"@id\":\"https:\/\/dev.eliassen.nl\/de\/sockel-schwarzer-granit-matt-35x35x120cm\/#primaryimage\"},\"image\":{\"@id\":\"https:\/\/dev.eliassen.nl\/de\/sockel-schwarzer-granit-matt-35x35x120cm\/#primaryimage\"},\"thumbnailUrl\":\"https:\/\/dev.eliassen.nl\/wp-content\/uploads\/2024\/01\/naamloos_6nd.png\",\"datePublished\":\"2019-10-28T17:22:49+00:00\",\"dateModified\":\"2024-12-05T14:24:04+00:00\",\"description\":\"Bei Eliassen k\u00f6nnen Sie Sockel schwarz granit matt 35x35x120cm online kaufen oder live im Showroom ansehen. Wir haben die sch\u00f6nsten Bronzestatuen, Sockel\",\"breadcrumb\":{\"@id\":\"https:\/\/dev.eliassen.nl\/de\/sockel-schwarzer-granit-matt-35x35x120cm\/#breadcrumb\"},\"inLanguage\":\"de\",\"potentialAction\":[{\"@type\":\"ReadAction\",\"target\":[\"https:\/\/dev.eliassen.nl\/de\/sockel-schwarzer-granit-matt-35x35x120cm\/\"]}]},{\"@type\":\"ImageObject\",\"inLanguage\":\"de\",\"@id\":\"https:\/\/dev.eliassen.nl\/de\/sockel-schwarzer-granit-matt-35x35x120cm\/#primaryimage\",\"url\":\"https:\/\/dev.eliassen.nl\/wp-content\/uploads\/2024\/01\/naamloos_6nd.png\",\"contentUrl\":\"https:\/\/dev.eliassen.nl\/wp-content\/uploads\/2024\/01\/naamloos_6nd.png\",\"width\":459,\"height\":868,\"caption\":\"Naamloos\"},{\"@type\":\"BreadcrumbList\",\"@id\":\"https:\/\/dev.eliassen.nl\/de\/sockel-schwarzer-granit-matt-35x35x120cm\/#breadcrumb\",\"itemListElement\":[{\"@type\":\"ListItem\",\"position\":1,\"name\":\"Home\",\"item\":\"https:\/\/dev.eliassen.nl\/de\/\"},{\"@type\":\"ListItem\",\"position\":2,\"name\":\"Shop\",\"item\":\"https:\/\/dev.eliassen.nl\/nl\/winkel\/\"},{\"@type\":\"ListItem\",\"position\":3,\"name\":\"Sockel\",\"item\":\"https:\/\/dev.eliassen.nl\/de\/sockel\/\"},{\"@type\":\"ListItem\",\"position\":4,\"name\":\"Sockel aus Naturstein\",\"item\":\"https:\/\/dev.eliassen.nl\/de\/sockel\/sockel-aus-naturstein\/\"},{\"@type\":\"ListItem\",\"position\":5,\"name\":\"Sockel schwarzer Granit matt 35x35x120cm\"}]},{\"@type\":\"WebSite\",\"@id\":\"https:\/\/dev.eliassen.nl\/de\/#website\",\"url\":\"https:\/\/dev.eliassen.nl\/de\/\",\"name\":\"Eliassen Home & Garden Pleasure\",\"description\":\"\",\"publisher\":{\"@id\":\"https:\/\/dev.eliassen.nl\/de\/#organization\"},\"alternateName\":\"Eliassen.nl\",\"potentialAction\":[{\"@type\":\"SearchAction\",\"target\":{\"@type\":\"EntryPoint\",\"urlTemplate\":\"https:\/\/dev.eliassen.nl\/de\/?s={search_term_string}\"},\"query-input\":{\"@type\":\"PropertyValueSpecification\",\"valueRequired\":true,\"valueName\":\"search_term_string\"}}],\"inLanguage\":\"de\"},{\"@type\":\"Organization\",\"@id\":\"https:\/\/dev.eliassen.nl\/de\/#organization\",\"name\":\"Eliassen Home & Garden Pleasure\",\"url\":\"https:\/\/dev.eliassen.nl\/de\/\",\"logo\":{\"@type\":\"ImageObject\",\"inLanguage\":\"de\",\"@id\":\"https:\/\/dev.eliassen.nl\/de\/#\/schema\/logo\/image\/\",\"url\":\"https:\/\/www.eliassen.nl\/wp-content\/uploads\/2024\/01\/logo_4nd.jpg\",\"contentUrl\":\"https:\/\/www.eliassen.nl\/wp-content\/uploads\/2024\/01\/logo_4nd.jpg\",\"width\":500,\"height\":500,\"caption\":\"Eliassen Home & Garden Pleasure\"},\"image\":{\"@id\":\"https:\/\/dev.eliassen.nl\/de\/#\/schema\/logo\/image\/\"},\"sameAs\":[\"https:\/\/www.facebook.com\/TuincentrumEliassenAmmerzoden\",\"https:\/\/www.instagram.com\/eliassenhomeandgarden\/\",\"https:\/\/nl.pinterest.com\/eliassenhomeandgarden\/\",\"https:\/\/www.youtube.com\/@eliassenhomegardenpleasure4558\"]}]}<\/script>\n<!-- \/ Yoast SEO plugin. -->","yoast_head_json":{"title":"Sockel Granit schwarz matt 35x35x120cm | Eliassen","description":"Bei Eliassen k\u00f6nnen Sie Sockel schwarz granit matt 35x35x120cm online kaufen oder live im Showroom ansehen. Wir haben die sch\u00f6nsten Bronzestatuen, Sockel","robots":{"index":"noindex","follow":"follow","max-snippet":"max-snippet:-1","max-image-preview":"max-image-preview:large","max-video-preview":"max-video-preview:-1"},"og_locale":"de_DE","og_type":"article","og_title":"Sockel Granit schwarz matt 35x35x120cm | Eliassen","og_description":"Bei Eliassen k\u00f6nnen Sie Sockel schwarz granit matt 35x35x120cm online kaufen oder live im Showroom ansehen. Wir haben die sch\u00f6nsten Bronzestatuen, Sockel","og_url":"https:\/\/dev.eliassen.nl\/de\/sockel-schwarzer-granit-matt-35x35x120cm\/","og_site_name":"Eliassen.nl","article_publisher":"https:\/\/www.facebook.com\/TuincentrumEliassenAmmerzoden","article_modified_time":"2024-12-05T14:24:04+00:00","og_image":[{"width":459,"height":868,"url":"https:\/\/dev.eliassen.nl\/wp-content\/uploads\/2024\/01\/naamloos_6nd.png","type":"image\/png"}],"twitter_card":"summary_large_image","schema":{"@context":"https:\/\/schema.org","@graph":[{"@type":"WebPage","@id":"https:\/\/dev.eliassen.nl\/de\/sockel-schwarzer-granit-matt-35x35x120cm\/","url":"https:\/\/dev.eliassen.nl\/de\/sockel-schwarzer-granit-matt-35x35x120cm\/","name":"Sockel Granit schwarz matt 35x35x120cm | Eliassen","isPartOf":{"@id":"https:\/\/dev.eliassen.nl\/de\/#website"},"primaryImageOfPage":{"@id":"https:\/\/dev.eliassen.nl\/de\/sockel-schwarzer-granit-matt-35x35x120cm\/#primaryimage"},"image":{"@id":"https:\/\/dev.eliassen.nl\/de\/sockel-schwarzer-granit-matt-35x35x120cm\/#primaryimage"},"thumbnailUrl":"https:\/\/dev.eliassen.nl\/wp-content\/uploads\/2024\/01\/naamloos_6nd.png","datePublished":"2019-10-28T17:22:49+00:00","dateModified":"2024-12-05T14:24:04+00:00","description":"Bei Eliassen k\u00f6nnen Sie Sockel schwarz granit matt 35x35x120cm online kaufen oder live im Showroom ansehen. Wir haben die sch\u00f6nsten Bronzestatuen, Sockel","breadcrumb":{"@id":"https:\/\/dev.eliassen.nl\/de\/sockel-schwarzer-granit-matt-35x35x120cm\/#breadcrumb"},"inLanguage":"de","potentialAction":[{"@type":"ReadAction","target":["https:\/\/dev.eliassen.nl\/de\/sockel-schwarzer-granit-matt-35x35x120cm\/"]}]},{"@type":"ImageObject","inLanguage":"de","@id":"https:\/\/dev.eliassen.nl\/de\/sockel-schwarzer-granit-matt-35x35x120cm\/#primaryimage","url":"https:\/\/dev.eliassen.nl\/wp-content\/uploads\/2024\/01\/naamloos_6nd.png","contentUrl":"https:\/\/dev.eliassen.nl\/wp-content\/uploads\/2024\/01\/naamloos_6nd.png","width":459,"height":868,"caption":"Naamloos"},{"@type":"BreadcrumbList","@id":"https:\/\/dev.eliassen.nl\/de\/sockel-schwarzer-granit-matt-35x35x120cm\/#breadcrumb","itemListElement":[{"@type":"ListItem","position":1,"name":"Home","item":"https:\/\/dev.eliassen.nl\/de\/"},{"@type":"ListItem","position":2,"name":"Shop","item":"https:\/\/dev.eliassen.nl\/nl\/winkel\/"},{"@type":"ListItem","position":3,"name":"Sockel","item":"https:\/\/dev.eliassen.nl\/de\/sockel\/"},{"@type":"ListItem","position":4,"name":"Sockel aus Naturstein","item":"https:\/\/dev.eliassen.nl\/de\/sockel\/sockel-aus-naturstein\/"},{"@type":"ListItem","position":5,"name":"Sockel schwarzer Granit matt 35x35x120cm"}]},{"@type":"WebSite","@id":"https:\/\/dev.eliassen.nl\/de\/#website","url":"https:\/\/dev.eliassen.nl\/de\/","name":"Eliassen Home & Garden Pleasure","description":"","publisher":{"@id":"https:\/\/dev.eliassen.nl\/de\/#organization"},"alternateName":"Eliassen.nl","potentialAction":[{"@type":"SearchAction","target":{"@type":"EntryPoint","urlTemplate":"https:\/\/dev.eliassen.nl\/de\/?s={search_term_string}"},"query-input":{"@type":"PropertyValueSpecification","valueRequired":true,"valueName":"search_term_string"}}],"inLanguage":"de"},{"@type":"Organization","@id":"https:\/\/dev.eliassen.nl\/de\/#organization","name":"Eliassen Home & Garden Pleasure","url":"https:\/\/dev.eliassen.nl\/de\/","logo":{"@type":"ImageObject","inLanguage":"de","@id":"https:\/\/dev.eliassen.nl\/de\/#\/schema\/logo\/image\/","url":"https:\/\/www.eliassen.nl\/wp-content\/uploads\/2024\/01\/logo_4nd.jpg","contentUrl":"https:\/\/www.eliassen.nl\/wp-content\/uploads\/2024\/01\/logo_4nd.jpg","width":500,"height":500,"caption":"Eliassen Home & Garden Pleasure"},"image":{"@id":"https:\/\/dev.eliassen.nl\/de\/#\/schema\/logo\/image\/"},"sameAs":["https:\/\/www.facebook.com\/TuincentrumEliassenAmmerzoden","https:\/\/www.instagram.com\/eliassenhomeandgarden\/","https:\/\/nl.pinterest.com\/eliassenhomeandgarden\/","https:\/\/www.youtube.com\/@eliassenhomegardenpleasure4558"]}]}},"df_price":425,"df_sale_price":"","df_regular_price":425,"df_image_link":"https:\/\/dev.eliassen.nl\/wp-content\/uploads\/2024\/01\/naamloos_6nd.png","image":"https:\/\/dev.eliassen.nl\/wp-content\/uploads\/2024\/01\/naamloos_6nd.png","price_search":"<span class=\"woocommerce-Price-amount amount\"><bdi><span class=\"woocommerce-Price-currencySymbol\">&euro;<\/span>&nbsp;425,00<\/bdi><\/span>","category":"Sockel","_links":{"self":[{"href":"https:\/\/dev.eliassen.nl\/de\/wp-json\/wp\/v2\/product\/15823","targetHints":{"allow":["GET"]}}],"collection":[{"href":"https:\/\/dev.eliassen.nl\/de\/wp-json\/wp\/v2\/product"}],"about":[{"href":"https:\/\/dev.eliassen.nl\/de\/wp-json\/wp\/v2\/types\/product"}],"wp:featuredmedia":[{"embeddable":true,"href":"https:\/\/dev.eliassen.nl\/de\/wp-json\/wp\/v2\/media\/15808"}],"wp:attachment":[{"href":"https:\/\/dev.eliassen.nl\/de\/wp-json\/wp\/v2\/media?parent=15823"}],"wp:term":[{"taxonomy":"product_brand","embeddable":true,"href":"https:\/\/dev.eliassen.nl\/de\/wp-json\/wp\/v2\/product_brand?post=15823"},{"taxonomy":"product_cat","embeddable":true,"href":"https:\/\/dev.eliassen.nl\/de\/wp-json\/wp\/v2\/product_cat?post=15823"},{"taxonomy":"product_tag","embeddable":true,"href":"https:\/\/dev.eliassen.nl\/de\/wp-json\/wp\/v2\/product_tag?post=15823"}],"curies":[{"name":"wp","href":"https:\/\/api.w.org\/{rel}","templated":true}]}}