{"id":1591,"date":"2019-10-28T15:21:00","date_gmt":"2019-10-28T14:21:00","guid":{"rendered":"https:\/\/www.eliassen.nl\/?product=mumur-100-cm-terrasse-brunnen"},"modified":"2024-12-05T15:01:10","modified_gmt":"2024-12-05T14:01:10","slug":"terrassenbrunnen-mumur-100-cm","status":"publish","type":"product","link":"https:\/\/dev.eliassen.nl\/de\/product\/terrassenbrunnen-mumur-100-cm\/","title":{"rendered":"Terrassenbrunnen Mumur 100 cm"},"content":{"rendered":"<p>Das Wasserspiel besteht aus dunkelgrauem Granit mit LED-Beleuchtung. H\u00f6he 100 cm, Backfl\u00e4che 80x60cm. Lieferung komplett mit Pumpe, Schl\u00e4uchen, Steinen und LED-Beleuchtung oben an den S\u00e4ulen. Mit Strahler im Dunkeln, ein sehr sch\u00f6ner Effekt durch die Rippen, \u00fcber die das Wasser l\u00e4uft. Kein Graben erforderlich, der Beh\u00e4lter dient gleichzeitig als Wasserversorgung.<\/p>\n<p><strong>Vergessen Sie nicht, unser Ausstellungsgel\u00e4nde mit 300 Models zu besuchen, wo Sie auch eine gute Beratung erhalten!<\/strong><\/p>\n<ul>\n<li>Gr\u00f6\u00dfe 60x80x100cm hoch!!<\/li>\n<li>Material: polierter Granit.<\/li>\n<li>inkl. Pumpe LED-Leuchten und Dekosteine<\/li>\n<li>Kabell\u00e4nge Pumpe 10 m, LEDs 5 m<\/li>\n<li>mit Ablassschraube<\/li>\n<li>schnell geliefert<\/li>\n<\/ul>\n<p><iframe loading=\"lazy\" src=\"https:\/\/www.youtube.com\/embed\/VSdemwnRmos\" width=\"560\" height=\"315\" frameborder=\"0\" allowfullscreen=\"allowfullscreen\"><\/iframe><\/p>\n","protected":false},"excerpt":{"rendered":"<p>Das Wasserspiel besteht aus dunkelgrauem Granit mit LED-Beleuchtung. H\u00f6he 100 cm, Backfl\u00e4che 80x60cm. Lieferung komplett mit Pumpe, Schl\u00e4uchen, Steinen und LED-Beleuchtung oben an den S\u00e4ulen. Mit Strahler im Dunkeln, ein sehr sch\u00f6ner Effekt durch die Rippen, \u00fcber die das Wasser l\u00e4uft. Kein Graben erforderlich, der Beh\u00e4lter dient gleichzeitig als Wasserversorgung. Vergessen Sie nicht, unser Ausstellungsgel\u00e4nde &hellip;<\/p>\n","protected":false},"featured_media":1582,"template":"","meta":{"_acf_changed":false},"product_brand":[6916],"product_cat":[548,536],"product_tag":[],"class_list":{"0":"post-1591","1":"product","2":"type-product","3":"status-publish","4":"has-post-thumbnail","6":"product_brand-eliassen-de","7":"product_cat-terrassenbrunnen","8":"product_cat-wassereigenschaften","10":"first","11":"instock","12":"taxable","13":"shipping-taxable","14":"purchasable","15":"product-type-simple"},"acf":[],"yoast_head":"<!-- This site is optimized with the Yoast SEO plugin v23.8 - https:\/\/yoast.com\/wordpress\/plugins\/seo\/ -->\n<title>Terrassenbrunnen Mumur 100 cm - Eliassen<\/title>\n<meta name=\"description\" content=\"Auf der Suche nach einem Wasserspiel? Jetzt bestellen Terrassenbrunnen Mumur Granit 100cm. Sie k\u00f6nnen Wasserspiele ganz einfach auf unserer Website kaufen. \u2713...\" \/>\n<meta name=\"robots\" content=\"noindex, follow, max-snippet:-1, max-image-preview:large, max-video-preview:-1\" \/>\n<meta property=\"og:locale\" content=\"de_DE\" \/>\n<meta property=\"og:type\" content=\"article\" \/>\n<meta property=\"og:title\" content=\"Terrassenbrunnen Mumur 100 cm - Eliassen\" \/>\n<meta property=\"og:description\" content=\"Auf der Suche nach einem Wasserspiel? Jetzt bestellen Terrassenbrunnen Mumur Granit 100cm. Sie k\u00f6nnen Wasserspiele ganz einfach auf unserer Website kaufen. \u2713...\" \/>\n<meta property=\"og:url\" content=\"https:\/\/dev.eliassen.nl\/de\/product\/terrassenbrunnen-mumur-100-cm\/\" \/>\n<meta property=\"og:site_name\" content=\"Eliassen.nl\" \/>\n<meta property=\"article:publisher\" content=\"https:\/\/www.facebook.com\/TuincentrumEliassenAmmerzoden\" \/>\n<meta property=\"article:modified_time\" content=\"2024-12-05T14:01:10+00:00\" \/>\n<meta property=\"og:image\" content=\"https:\/\/dev.eliassen.nl\/wp-content\/uploads\/2024\/01\/eliassenterrasfonteinmumurgraniet100cm.jpg\" \/>\n\t<meta property=\"og:image:width\" content=\"519\" \/>\n\t<meta property=\"og:image:height\" content=\"775\" \/>\n\t<meta property=\"og:image:type\" content=\"image\/jpeg\" \/>\n<meta name=\"twitter:card\" content=\"summary_large_image\" \/>\n<script type=\"application\/ld+json\" class=\"yoast-schema-graph\">{\"@context\":\"https:\/\/schema.org\",\"@graph\":[{\"@type\":\"WebPage\",\"@id\":\"https:\/\/dev.eliassen.nl\/de\/product\/terrassenbrunnen-mumur-100-cm\/\",\"url\":\"https:\/\/dev.eliassen.nl\/de\/product\/terrassenbrunnen-mumur-100-cm\/\",\"name\":\"Terrassenbrunnen Mumur 100 cm - Eliassen\",\"isPartOf\":{\"@id\":\"https:\/\/dev.eliassen.nl\/de\/#website\"},\"primaryImageOfPage\":{\"@id\":\"https:\/\/dev.eliassen.nl\/de\/product\/terrassenbrunnen-mumur-100-cm\/#primaryimage\"},\"image\":{\"@id\":\"https:\/\/dev.eliassen.nl\/de\/product\/terrassenbrunnen-mumur-100-cm\/#primaryimage\"},\"thumbnailUrl\":\"https:\/\/dev.eliassen.nl\/wp-content\/uploads\/2024\/01\/eliassenterrasfonteinmumurgraniet100cm.jpg\",\"datePublished\":\"2019-10-28T14:21:00+00:00\",\"dateModified\":\"2024-12-05T14:01:10+00:00\",\"description\":\"Auf der Suche nach einem Wasserspiel? Jetzt bestellen Terrassenbrunnen Mumur Granit 100cm. Sie k\u00f6nnen Wasserspiele ganz einfach auf unserer Website kaufen. \u2713...\",\"breadcrumb\":{\"@id\":\"https:\/\/dev.eliassen.nl\/de\/product\/terrassenbrunnen-mumur-100-cm\/#breadcrumb\"},\"inLanguage\":\"de\",\"potentialAction\":[{\"@type\":\"ReadAction\",\"target\":[\"https:\/\/dev.eliassen.nl\/de\/product\/terrassenbrunnen-mumur-100-cm\/\"]}]},{\"@type\":\"ImageObject\",\"inLanguage\":\"de\",\"@id\":\"https:\/\/dev.eliassen.nl\/de\/product\/terrassenbrunnen-mumur-100-cm\/#primaryimage\",\"url\":\"https:\/\/dev.eliassen.nl\/wp-content\/uploads\/2024\/01\/eliassenterrasfonteinmumurgraniet100cm.jpg\",\"contentUrl\":\"https:\/\/dev.eliassen.nl\/wp-content\/uploads\/2024\/01\/eliassenterrasfonteinmumurgraniet100cm.jpg\",\"width\":519,\"height\":775,\"caption\":\"Eliassen Terrasfontein Mumur graniet 100 cm\"},{\"@type\":\"BreadcrumbList\",\"@id\":\"https:\/\/dev.eliassen.nl\/de\/product\/terrassenbrunnen-mumur-100-cm\/#breadcrumb\",\"itemListElement\":[{\"@type\":\"ListItem\",\"position\":1,\"name\":\"Home\",\"item\":\"https:\/\/dev.eliassen.nl\/de\/\"},{\"@type\":\"ListItem\",\"position\":2,\"name\":\"Shop\",\"item\":\"https:\/\/dev.eliassen.nl\/nl\/winkel\/\"},{\"@type\":\"ListItem\",\"position\":3,\"name\":\"Wasserspiele\",\"item\":\"https:\/\/dev.eliassen.nl\/de\/wassereigenschaften\/\"},{\"@type\":\"ListItem\",\"position\":4,\"name\":\"Terrassenbrunnen\",\"item\":\"https:\/\/dev.eliassen.nl\/de\/wassereigenschaften\/terrassenbrunnen\/\"},{\"@type\":\"ListItem\",\"position\":5,\"name\":\"Terrassenbrunnen Mumur 100 cm\"}]},{\"@type\":\"WebSite\",\"@id\":\"https:\/\/dev.eliassen.nl\/de\/#website\",\"url\":\"https:\/\/dev.eliassen.nl\/de\/\",\"name\":\"Eliassen Home & Garden Pleasure\",\"description\":\"\",\"publisher\":{\"@id\":\"https:\/\/dev.eliassen.nl\/de\/#organization\"},\"alternateName\":\"Eliassen.nl\",\"potentialAction\":[{\"@type\":\"SearchAction\",\"target\":{\"@type\":\"EntryPoint\",\"urlTemplate\":\"https:\/\/dev.eliassen.nl\/de\/?s={search_term_string}\"},\"query-input\":{\"@type\":\"PropertyValueSpecification\",\"valueRequired\":true,\"valueName\":\"search_term_string\"}}],\"inLanguage\":\"de\"},{\"@type\":\"Organization\",\"@id\":\"https:\/\/dev.eliassen.nl\/de\/#organization\",\"name\":\"Eliassen Home & Garden Pleasure\",\"url\":\"https:\/\/dev.eliassen.nl\/de\/\",\"logo\":{\"@type\":\"ImageObject\",\"inLanguage\":\"de\",\"@id\":\"https:\/\/dev.eliassen.nl\/de\/#\/schema\/logo\/image\/\",\"url\":\"https:\/\/www.eliassen.nl\/wp-content\/uploads\/2024\/01\/logo_4nd.jpg\",\"contentUrl\":\"https:\/\/www.eliassen.nl\/wp-content\/uploads\/2024\/01\/logo_4nd.jpg\",\"width\":500,\"height\":500,\"caption\":\"Eliassen Home & Garden Pleasure\"},\"image\":{\"@id\":\"https:\/\/dev.eliassen.nl\/de\/#\/schema\/logo\/image\/\"},\"sameAs\":[\"https:\/\/www.facebook.com\/TuincentrumEliassenAmmerzoden\",\"https:\/\/www.instagram.com\/eliassenhomeandgarden\/\",\"https:\/\/nl.pinterest.com\/eliassenhomeandgarden\/\",\"https:\/\/www.youtube.com\/@eliassenhomegardenpleasure4558\"]}]}<\/script>\n<!-- \/ Yoast SEO plugin. -->","yoast_head_json":{"title":"Terrassenbrunnen Mumur 100 cm - Eliassen","description":"Auf der Suche nach einem Wasserspiel? Jetzt bestellen Terrassenbrunnen Mumur Granit 100cm. Sie k\u00f6nnen Wasserspiele ganz einfach auf unserer Website kaufen. \u2713...","robots":{"index":"noindex","follow":"follow","max-snippet":"max-snippet:-1","max-image-preview":"max-image-preview:large","max-video-preview":"max-video-preview:-1"},"og_locale":"de_DE","og_type":"article","og_title":"Terrassenbrunnen Mumur 100 cm - Eliassen","og_description":"Auf der Suche nach einem Wasserspiel? Jetzt bestellen Terrassenbrunnen Mumur Granit 100cm. Sie k\u00f6nnen Wasserspiele ganz einfach auf unserer Website kaufen. \u2713...","og_url":"https:\/\/dev.eliassen.nl\/de\/product\/terrassenbrunnen-mumur-100-cm\/","og_site_name":"Eliassen.nl","article_publisher":"https:\/\/www.facebook.com\/TuincentrumEliassenAmmerzoden","article_modified_time":"2024-12-05T14:01:10+00:00","og_image":[{"width":519,"height":775,"url":"https:\/\/dev.eliassen.nl\/wp-content\/uploads\/2024\/01\/eliassenterrasfonteinmumurgraniet100cm.jpg","type":"image\/jpeg"}],"twitter_card":"summary_large_image","schema":{"@context":"https:\/\/schema.org","@graph":[{"@type":"WebPage","@id":"https:\/\/dev.eliassen.nl\/de\/product\/terrassenbrunnen-mumur-100-cm\/","url":"https:\/\/dev.eliassen.nl\/de\/product\/terrassenbrunnen-mumur-100-cm\/","name":"Terrassenbrunnen Mumur 100 cm - Eliassen","isPartOf":{"@id":"https:\/\/dev.eliassen.nl\/de\/#website"},"primaryImageOfPage":{"@id":"https:\/\/dev.eliassen.nl\/de\/product\/terrassenbrunnen-mumur-100-cm\/#primaryimage"},"image":{"@id":"https:\/\/dev.eliassen.nl\/de\/product\/terrassenbrunnen-mumur-100-cm\/#primaryimage"},"thumbnailUrl":"https:\/\/dev.eliassen.nl\/wp-content\/uploads\/2024\/01\/eliassenterrasfonteinmumurgraniet100cm.jpg","datePublished":"2019-10-28T14:21:00+00:00","dateModified":"2024-12-05T14:01:10+00:00","description":"Auf der Suche nach einem Wasserspiel? Jetzt bestellen Terrassenbrunnen Mumur Granit 100cm. Sie k\u00f6nnen Wasserspiele ganz einfach auf unserer Website kaufen. \u2713...","breadcrumb":{"@id":"https:\/\/dev.eliassen.nl\/de\/product\/terrassenbrunnen-mumur-100-cm\/#breadcrumb"},"inLanguage":"de","potentialAction":[{"@type":"ReadAction","target":["https:\/\/dev.eliassen.nl\/de\/product\/terrassenbrunnen-mumur-100-cm\/"]}]},{"@type":"ImageObject","inLanguage":"de","@id":"https:\/\/dev.eliassen.nl\/de\/product\/terrassenbrunnen-mumur-100-cm\/#primaryimage","url":"https:\/\/dev.eliassen.nl\/wp-content\/uploads\/2024\/01\/eliassenterrasfonteinmumurgraniet100cm.jpg","contentUrl":"https:\/\/dev.eliassen.nl\/wp-content\/uploads\/2024\/01\/eliassenterrasfonteinmumurgraniet100cm.jpg","width":519,"height":775,"caption":"Eliassen Terrasfontein Mumur graniet 100 cm"},{"@type":"BreadcrumbList","@id":"https:\/\/dev.eliassen.nl\/de\/product\/terrassenbrunnen-mumur-100-cm\/#breadcrumb","itemListElement":[{"@type":"ListItem","position":1,"name":"Home","item":"https:\/\/dev.eliassen.nl\/de\/"},{"@type":"ListItem","position":2,"name":"Shop","item":"https:\/\/dev.eliassen.nl\/nl\/winkel\/"},{"@type":"ListItem","position":3,"name":"Wasserspiele","item":"https:\/\/dev.eliassen.nl\/de\/wassereigenschaften\/"},{"@type":"ListItem","position":4,"name":"Terrassenbrunnen","item":"https:\/\/dev.eliassen.nl\/de\/wassereigenschaften\/terrassenbrunnen\/"},{"@type":"ListItem","position":5,"name":"Terrassenbrunnen Mumur 100 cm"}]},{"@type":"WebSite","@id":"https:\/\/dev.eliassen.nl\/de\/#website","url":"https:\/\/dev.eliassen.nl\/de\/","name":"Eliassen Home & Garden Pleasure","description":"","publisher":{"@id":"https:\/\/dev.eliassen.nl\/de\/#organization"},"alternateName":"Eliassen.nl","potentialAction":[{"@type":"SearchAction","target":{"@type":"EntryPoint","urlTemplate":"https:\/\/dev.eliassen.nl\/de\/?s={search_term_string}"},"query-input":{"@type":"PropertyValueSpecification","valueRequired":true,"valueName":"search_term_string"}}],"inLanguage":"de"},{"@type":"Organization","@id":"https:\/\/dev.eliassen.nl\/de\/#organization","name":"Eliassen Home & Garden Pleasure","url":"https:\/\/dev.eliassen.nl\/de\/","logo":{"@type":"ImageObject","inLanguage":"de","@id":"https:\/\/dev.eliassen.nl\/de\/#\/schema\/logo\/image\/","url":"https:\/\/www.eliassen.nl\/wp-content\/uploads\/2024\/01\/logo_4nd.jpg","contentUrl":"https:\/\/www.eliassen.nl\/wp-content\/uploads\/2024\/01\/logo_4nd.jpg","width":500,"height":500,"caption":"Eliassen Home & Garden Pleasure"},"image":{"@id":"https:\/\/dev.eliassen.nl\/de\/#\/schema\/logo\/image\/"},"sameAs":["https:\/\/www.facebook.com\/TuincentrumEliassenAmmerzoden","https:\/\/www.instagram.com\/eliassenhomeandgarden\/","https:\/\/nl.pinterest.com\/eliassenhomeandgarden\/","https:\/\/www.youtube.com\/@eliassenhomegardenpleasure4558"]}]}},"df_price":650,"df_sale_price":"","df_regular_price":650,"df_image_link":"https:\/\/dev.eliassen.nl\/wp-content\/uploads\/2024\/01\/eliassenterrasfonteinmumurgraniet100cm.jpg","image":"https:\/\/dev.eliassen.nl\/wp-content\/uploads\/2024\/01\/eliassenterrasfonteinmumurgraniet100cm.jpg","price_search":"<span class=\"woocommerce-Price-amount amount\"><bdi><span class=\"woocommerce-Price-currencySymbol\">&euro;<\/span>&nbsp;650,00<\/bdi><\/span>","category":"Terrassenbrunnen","_links":{"self":[{"href":"https:\/\/dev.eliassen.nl\/de\/wp-json\/wp\/v2\/product\/1591","targetHints":{"allow":["GET"]}}],"collection":[{"href":"https:\/\/dev.eliassen.nl\/de\/wp-json\/wp\/v2\/product"}],"about":[{"href":"https:\/\/dev.eliassen.nl\/de\/wp-json\/wp\/v2\/types\/product"}],"wp:featuredmedia":[{"embeddable":true,"href":"https:\/\/dev.eliassen.nl\/de\/wp-json\/wp\/v2\/media\/1582"}],"wp:attachment":[{"href":"https:\/\/dev.eliassen.nl\/de\/wp-json\/wp\/v2\/media?parent=1591"}],"wp:term":[{"taxonomy":"product_brand","embeddable":true,"href":"https:\/\/dev.eliassen.nl\/de\/wp-json\/wp\/v2\/product_brand?post=1591"},{"taxonomy":"product_cat","embeddable":true,"href":"https:\/\/dev.eliassen.nl\/de\/wp-json\/wp\/v2\/product_cat?post=1591"},{"taxonomy":"product_tag","embeddable":true,"href":"https:\/\/dev.eliassen.nl\/de\/wp-json\/wp\/v2\/product_tag?post=1591"}],"curies":[{"name":"wp","href":"https:\/\/api.w.org\/{rel}","templated":true}]}}