{"id":160347,"date":"2024-08-30T10:02:25","date_gmt":"2024-08-30T08:02:25","guid":{"rendered":"https:\/\/www.eliassen.nl\/?product=schilderij-vierkant-structuur-paneel-kolibrie-80x8"},"modified":"2024-12-05T17:35:51","modified_gmt":"2024-12-05T16:35:51","slug":"gemalde-quadratische-strukturplatte-kolibri-80x80cm","status":"publish","type":"product","link":"https:\/\/dev.eliassen.nl\/de\/gemalde-quadratische-strukturplatte-kolibri-80x80cm\/","title":{"rendered":"Gem\u00e4lde quadratische Strukturplatte Kolibri 80x80cm"},"content":{"rendered":"<p>M\u00f6chten Sie ein wundersch\u00f6n scharfes Gem\u00e4lde mit dem Bild eines Kolibri, finden aber, dass Glas zu stark gl\u00e4nzt? Dann ist diese Gem\u00e4ldeserie eine gute Alternative. Dieses Gem\u00e4lde besteht aus einer strukturierten MDF-Platte, auf der dieses Bild gestochen scharf und in wundersch\u00f6ner Satinoptik abgebildet ist. Bei dieser Art der Malerei werden Sie nicht durch Reflexionen gest\u00f6rt. Dieses Gem\u00e4lde ist auf der R\u00fcckseite mit einem 15 mm dicken MDF-Rahmen verst\u00e4rkt.<\/p>\n<p>Wenn Sie eine oder zwei Schrauben in Ihre Wand bohren, k\u00f6nnen Sie das Gem\u00e4lde ganz einfach an dem daf\u00fcr vorgesehenen Rahmen auf der R\u00fcckseite aufh\u00e4ngen.<\/p>\n<p>Dieses Tafelbild ist an der Seite sch\u00f6n geschw\u00e4rzt und steht insgesamt 18 mm von der Wand entfernt, sodass es frei von der Wand h\u00e4ngt.<\/p>\n<p>Dieses quadratische Dekopaneel ist in 3 Gr\u00f6\u00dfen erh\u00e4ltlich:\u2026\u2026\u2026\u2026\u2026\u2026\u2026\u2026\u2026..<\/p>\n<p>Die Gr\u00f6\u00dfe\u2026\u2026\u2026. Kann bei uns live besichtigt werden, die anderen Gr\u00f6\u00dfen m\u00fcssen bestellt werden, die Lieferzeit betr\u00e4gt ca. 1 Woche. <strong>W\u00e4hlen Sie oben Ihre Gr\u00f6\u00dfe!<\/strong><\/p>\n<p><strong>Vergessen Sie nicht, unser Gesch\u00e4ft zu besichtigen. Nirgendwo werden Sie eine so gro\u00dfe Gem\u00e4ldesammlung sehen, und der Kaffee steht f\u00fcr Sie bereit!<\/strong><\/p>\n<ul>\n<li>Material: gepresstes Holz<\/li>\n<li>Nur zur Verwendung im Innenbereich, nicht im Badezimmer<\/li>\n<li>UV-best\u00e4ndig<\/li>\n<li>Garantie 2 Jahre.<\/li>\n<\/ul>\n","protected":false},"excerpt":{"rendered":"<p>\u2713 UV-best\u00e4ndig \u2713 Satin-Optik \u2713 Mit Struktur<\/p>\n","protected":false},"featured_media":160343,"template":"","meta":{"_acf_changed":false},"product_brand":[6964],"product_cat":[410,7029],"product_tag":[],"class_list":{"0":"post-160347","1":"product","2":"type-product","3":"status-publish","4":"has-post-thumbnail","6":"product_brand-alexsar-art-de","7":"product_cat-gemaelde","8":"product_cat-relief-wanddekoration","10":"first","11":"instock","12":"taxable","13":"shipping-taxable","14":"purchasable","15":"product-type-variable"},"acf":[],"yoast_head":"<!-- This site is optimized with the Yoast SEO plugin v23.8 - https:\/\/yoast.com\/wordpress\/plugins\/seo\/ -->\n<title>Gem\u00e4lde quadratische Strukturplatte Kolibri 80x80cm - Eliassen.nl<\/title>\n<meta name=\"description\" content=\"Diese Gem\u00e4ldeserie gl\u00e4nzt weniger als Glasgem\u00e4lde. Dieses Modell verf\u00fcgt \u00fcber eine Struktur f\u00fcr einen besonderen Effekt. \u2713 Erschwinglich \u2713 Seidenglanz\" \/>\n<meta name=\"robots\" content=\"noindex, follow, max-snippet:-1, max-image-preview:large, max-video-preview:-1\" \/>\n<meta property=\"og:locale\" content=\"de_DE\" \/>\n<meta property=\"og:type\" content=\"article\" \/>\n<meta property=\"og:title\" content=\"Gem\u00e4lde quadratische Strukturplatte Kolibri 80x80cm - Eliassen.nl\" \/>\n<meta property=\"og:description\" content=\"Diese Gem\u00e4ldeserie gl\u00e4nzt weniger als Glasgem\u00e4lde. Dieses Modell verf\u00fcgt \u00fcber eine Struktur f\u00fcr einen besonderen Effekt. \u2713 Erschwinglich \u2713 Seidenglanz\" \/>\n<meta property=\"og:url\" content=\"https:\/\/dev.eliassen.nl\/de\/gemalde-quadratische-strukturplatte-kolibri-80x80cm\/\" \/>\n<meta property=\"og:site_name\" content=\"Eliassen.nl\" \/>\n<meta property=\"article:publisher\" content=\"https:\/\/www.facebook.com\/TuincentrumEliassenAmmerzoden\" \/>\n<meta property=\"article:modified_time\" content=\"2024-12-05T16:35:51+00:00\" \/>\n<meta property=\"og:image\" content=\"https:\/\/dev.eliassen.nl\/wp-content\/uploads\/2024\/10\/schilderijpaneeleliassennl0902kolibrie1x1_2nd.jpg\" \/>\n\t<meta property=\"og:image:width\" content=\"1200\" \/>\n\t<meta property=\"og:image:height\" content=\"1200\" \/>\n\t<meta property=\"og:image:type\" content=\"image\/jpeg\" \/>\n<meta name=\"twitter:card\" content=\"summary_large_image\" \/>\n<script type=\"application\/ld+json\" class=\"yoast-schema-graph\">{\"@context\":\"https:\/\/schema.org\",\"@graph\":[{\"@type\":\"WebPage\",\"@id\":\"https:\/\/dev.eliassen.nl\/de\/gemalde-quadratische-strukturplatte-kolibri-80x80cm\/\",\"url\":\"https:\/\/dev.eliassen.nl\/de\/gemalde-quadratische-strukturplatte-kolibri-80x80cm\/\",\"name\":\"Gem\u00e4lde quadratische Strukturplatte Kolibri 80x80cm - Eliassen.nl\",\"isPartOf\":{\"@id\":\"https:\/\/dev.eliassen.nl\/de\/#website\"},\"primaryImageOfPage\":{\"@id\":\"https:\/\/dev.eliassen.nl\/de\/gemalde-quadratische-strukturplatte-kolibri-80x80cm\/#primaryimage\"},\"image\":{\"@id\":\"https:\/\/dev.eliassen.nl\/de\/gemalde-quadratische-strukturplatte-kolibri-80x80cm\/#primaryimage\"},\"thumbnailUrl\":\"https:\/\/dev.eliassen.nl\/wp-content\/uploads\/2024\/10\/schilderijpaneeleliassennl0902kolibrie1x1_2nd.jpg\",\"datePublished\":\"2024-08-30T08:02:25+00:00\",\"dateModified\":\"2024-12-05T16:35:51+00:00\",\"description\":\"Diese Gem\u00e4ldeserie gl\u00e4nzt weniger als Glasgem\u00e4lde. Dieses Modell verf\u00fcgt \u00fcber eine Struktur f\u00fcr einen besonderen Effekt. \u2713 Erschwinglich \u2713 Seidenglanz\",\"breadcrumb\":{\"@id\":\"https:\/\/dev.eliassen.nl\/de\/gemalde-quadratische-strukturplatte-kolibri-80x80cm\/#breadcrumb\"},\"inLanguage\":\"de\",\"potentialAction\":[{\"@type\":\"ReadAction\",\"target\":[\"https:\/\/dev.eliassen.nl\/de\/gemalde-quadratische-strukturplatte-kolibri-80x80cm\/\"]}]},{\"@type\":\"ImageObject\",\"inLanguage\":\"de\",\"@id\":\"https:\/\/dev.eliassen.nl\/de\/gemalde-quadratische-strukturplatte-kolibri-80x80cm\/#primaryimage\",\"url\":\"https:\/\/dev.eliassen.nl\/wp-content\/uploads\/2024\/10\/schilderijpaneeleliassennl0902kolibrie1x1_2nd.jpg\",\"contentUrl\":\"https:\/\/dev.eliassen.nl\/wp-content\/uploads\/2024\/10\/schilderijpaneeleliassennl0902kolibrie1x1_2nd.jpg\",\"width\":1200,\"height\":1200,\"caption\":\"Schilderij paneel Eliassen.nl 0902-Kolibrie-1x1\"},{\"@type\":\"BreadcrumbList\",\"@id\":\"https:\/\/dev.eliassen.nl\/de\/gemalde-quadratische-strukturplatte-kolibri-80x80cm\/#breadcrumb\",\"itemListElement\":[{\"@type\":\"ListItem\",\"position\":1,\"name\":\"Home\",\"item\":\"https:\/\/dev.eliassen.nl\/de\/\"},{\"@type\":\"ListItem\",\"position\":2,\"name\":\"Shop\",\"item\":\"https:\/\/dev.eliassen.nl\/nl\/winkel\/\"},{\"@type\":\"ListItem\",\"position\":3,\"name\":\"Gem\u00e4lde\",\"item\":\"https:\/\/dev.eliassen.nl\/de\/gemaelde\/\"},{\"@type\":\"ListItem\",\"position\":4,\"name\":\"Relief-Wanddekoration\",\"item\":\"https:\/\/dev.eliassen.nl\/de\/product-categorie\/gemaelde\/relief-wanddekoration\/\"},{\"@type\":\"ListItem\",\"position\":5,\"name\":\"Gem\u00e4lde quadratische Strukturplatte Kolibri 80x80cm\"}]},{\"@type\":\"WebSite\",\"@id\":\"https:\/\/dev.eliassen.nl\/de\/#website\",\"url\":\"https:\/\/dev.eliassen.nl\/de\/\",\"name\":\"Eliassen Home & Garden Pleasure\",\"description\":\"\",\"publisher\":{\"@id\":\"https:\/\/dev.eliassen.nl\/de\/#organization\"},\"alternateName\":\"Eliassen.nl\",\"potentialAction\":[{\"@type\":\"SearchAction\",\"target\":{\"@type\":\"EntryPoint\",\"urlTemplate\":\"https:\/\/dev.eliassen.nl\/de\/?s={search_term_string}\"},\"query-input\":{\"@type\":\"PropertyValueSpecification\",\"valueRequired\":true,\"valueName\":\"search_term_string\"}}],\"inLanguage\":\"de\"},{\"@type\":\"Organization\",\"@id\":\"https:\/\/dev.eliassen.nl\/de\/#organization\",\"name\":\"Eliassen Home & Garden Pleasure\",\"url\":\"https:\/\/dev.eliassen.nl\/de\/\",\"logo\":{\"@type\":\"ImageObject\",\"inLanguage\":\"de\",\"@id\":\"https:\/\/dev.eliassen.nl\/de\/#\/schema\/logo\/image\/\",\"url\":\"https:\/\/www.eliassen.nl\/wp-content\/uploads\/2024\/01\/logo_4nd.jpg\",\"contentUrl\":\"https:\/\/www.eliassen.nl\/wp-content\/uploads\/2024\/01\/logo_4nd.jpg\",\"width\":500,\"height\":500,\"caption\":\"Eliassen Home & Garden Pleasure\"},\"image\":{\"@id\":\"https:\/\/dev.eliassen.nl\/de\/#\/schema\/logo\/image\/\"},\"sameAs\":[\"https:\/\/www.facebook.com\/TuincentrumEliassenAmmerzoden\",\"https:\/\/www.instagram.com\/eliassenhomeandgarden\/\",\"https:\/\/nl.pinterest.com\/eliassenhomeandgarden\/\",\"https:\/\/www.youtube.com\/@eliassenhomegardenpleasure4558\"]}]}<\/script>\n<!-- \/ Yoast SEO plugin. -->","yoast_head_json":{"title":"Gem\u00e4lde quadratische Strukturplatte Kolibri 80x80cm - Eliassen.nl","description":"Diese Gem\u00e4ldeserie gl\u00e4nzt weniger als Glasgem\u00e4lde. Dieses Modell verf\u00fcgt \u00fcber eine Struktur f\u00fcr einen besonderen Effekt. \u2713 Erschwinglich \u2713 Seidenglanz","robots":{"index":"noindex","follow":"follow","max-snippet":"max-snippet:-1","max-image-preview":"max-image-preview:large","max-video-preview":"max-video-preview:-1"},"og_locale":"de_DE","og_type":"article","og_title":"Gem\u00e4lde quadratische Strukturplatte Kolibri 80x80cm - Eliassen.nl","og_description":"Diese Gem\u00e4ldeserie gl\u00e4nzt weniger als Glasgem\u00e4lde. Dieses Modell verf\u00fcgt \u00fcber eine Struktur f\u00fcr einen besonderen Effekt. \u2713 Erschwinglich \u2713 Seidenglanz","og_url":"https:\/\/dev.eliassen.nl\/de\/gemalde-quadratische-strukturplatte-kolibri-80x80cm\/","og_site_name":"Eliassen.nl","article_publisher":"https:\/\/www.facebook.com\/TuincentrumEliassenAmmerzoden","article_modified_time":"2024-12-05T16:35:51+00:00","og_image":[{"width":1200,"height":1200,"url":"https:\/\/dev.eliassen.nl\/wp-content\/uploads\/2024\/10\/schilderijpaneeleliassennl0902kolibrie1x1_2nd.jpg","type":"image\/jpeg"}],"twitter_card":"summary_large_image","schema":{"@context":"https:\/\/schema.org","@graph":[{"@type":"WebPage","@id":"https:\/\/dev.eliassen.nl\/de\/gemalde-quadratische-strukturplatte-kolibri-80x80cm\/","url":"https:\/\/dev.eliassen.nl\/de\/gemalde-quadratische-strukturplatte-kolibri-80x80cm\/","name":"Gem\u00e4lde quadratische Strukturplatte Kolibri 80x80cm - Eliassen.nl","isPartOf":{"@id":"https:\/\/dev.eliassen.nl\/de\/#website"},"primaryImageOfPage":{"@id":"https:\/\/dev.eliassen.nl\/de\/gemalde-quadratische-strukturplatte-kolibri-80x80cm\/#primaryimage"},"image":{"@id":"https:\/\/dev.eliassen.nl\/de\/gemalde-quadratische-strukturplatte-kolibri-80x80cm\/#primaryimage"},"thumbnailUrl":"https:\/\/dev.eliassen.nl\/wp-content\/uploads\/2024\/10\/schilderijpaneeleliassennl0902kolibrie1x1_2nd.jpg","datePublished":"2024-08-30T08:02:25+00:00","dateModified":"2024-12-05T16:35:51+00:00","description":"Diese Gem\u00e4ldeserie gl\u00e4nzt weniger als Glasgem\u00e4lde. Dieses Modell verf\u00fcgt \u00fcber eine Struktur f\u00fcr einen besonderen Effekt. \u2713 Erschwinglich \u2713 Seidenglanz","breadcrumb":{"@id":"https:\/\/dev.eliassen.nl\/de\/gemalde-quadratische-strukturplatte-kolibri-80x80cm\/#breadcrumb"},"inLanguage":"de","potentialAction":[{"@type":"ReadAction","target":["https:\/\/dev.eliassen.nl\/de\/gemalde-quadratische-strukturplatte-kolibri-80x80cm\/"]}]},{"@type":"ImageObject","inLanguage":"de","@id":"https:\/\/dev.eliassen.nl\/de\/gemalde-quadratische-strukturplatte-kolibri-80x80cm\/#primaryimage","url":"https:\/\/dev.eliassen.nl\/wp-content\/uploads\/2024\/10\/schilderijpaneeleliassennl0902kolibrie1x1_2nd.jpg","contentUrl":"https:\/\/dev.eliassen.nl\/wp-content\/uploads\/2024\/10\/schilderijpaneeleliassennl0902kolibrie1x1_2nd.jpg","width":1200,"height":1200,"caption":"Schilderij paneel Eliassen.nl 0902-Kolibrie-1x1"},{"@type":"BreadcrumbList","@id":"https:\/\/dev.eliassen.nl\/de\/gemalde-quadratische-strukturplatte-kolibri-80x80cm\/#breadcrumb","itemListElement":[{"@type":"ListItem","position":1,"name":"Home","item":"https:\/\/dev.eliassen.nl\/de\/"},{"@type":"ListItem","position":2,"name":"Shop","item":"https:\/\/dev.eliassen.nl\/nl\/winkel\/"},{"@type":"ListItem","position":3,"name":"Gem\u00e4lde","item":"https:\/\/dev.eliassen.nl\/de\/gemaelde\/"},{"@type":"ListItem","position":4,"name":"Relief-Wanddekoration","item":"https:\/\/dev.eliassen.nl\/de\/product-categorie\/gemaelde\/relief-wanddekoration\/"},{"@type":"ListItem","position":5,"name":"Gem\u00e4lde quadratische Strukturplatte Kolibri 80x80cm"}]},{"@type":"WebSite","@id":"https:\/\/dev.eliassen.nl\/de\/#website","url":"https:\/\/dev.eliassen.nl\/de\/","name":"Eliassen Home & Garden Pleasure","description":"","publisher":{"@id":"https:\/\/dev.eliassen.nl\/de\/#organization"},"alternateName":"Eliassen.nl","potentialAction":[{"@type":"SearchAction","target":{"@type":"EntryPoint","urlTemplate":"https:\/\/dev.eliassen.nl\/de\/?s={search_term_string}"},"query-input":{"@type":"PropertyValueSpecification","valueRequired":true,"valueName":"search_term_string"}}],"inLanguage":"de"},{"@type":"Organization","@id":"https:\/\/dev.eliassen.nl\/de\/#organization","name":"Eliassen Home & Garden Pleasure","url":"https:\/\/dev.eliassen.nl\/de\/","logo":{"@type":"ImageObject","inLanguage":"de","@id":"https:\/\/dev.eliassen.nl\/de\/#\/schema\/logo\/image\/","url":"https:\/\/www.eliassen.nl\/wp-content\/uploads\/2024\/01\/logo_4nd.jpg","contentUrl":"https:\/\/www.eliassen.nl\/wp-content\/uploads\/2024\/01\/logo_4nd.jpg","width":500,"height":500,"caption":"Eliassen Home & Garden Pleasure"},"image":{"@id":"https:\/\/dev.eliassen.nl\/de\/#\/schema\/logo\/image\/"},"sameAs":["https:\/\/www.facebook.com\/TuincentrumEliassenAmmerzoden","https:\/\/www.instagram.com\/eliassenhomeandgarden\/","https:\/\/nl.pinterest.com\/eliassenhomeandgarden\/","https:\/\/www.youtube.com\/@eliassenhomegardenpleasure4558"]}]}},"df_price":70,"df_sale_price":"","df_regular_price":70,"df_image_link":"https:\/\/dev.eliassen.nl\/wp-content\/uploads\/2024\/10\/schilderijpaneeleliassennl0902kolibrie1x1_2nd.jpg","image":"https:\/\/dev.eliassen.nl\/wp-content\/uploads\/2024\/10\/schilderijpaneeleliassennl0902kolibrie1x1_2nd.jpg","price_search":"<span class=\"woocommerce-Price-amount amount\"><bdi><span class=\"woocommerce-Price-currencySymbol\">&euro;<\/span>&nbsp;70,00<\/bdi><\/span>","category":"Gem\u00e4lde","_links":{"self":[{"href":"https:\/\/dev.eliassen.nl\/de\/wp-json\/wp\/v2\/product\/160347","targetHints":{"allow":["GET"]}}],"collection":[{"href":"https:\/\/dev.eliassen.nl\/de\/wp-json\/wp\/v2\/product"}],"about":[{"href":"https:\/\/dev.eliassen.nl\/de\/wp-json\/wp\/v2\/types\/product"}],"wp:featuredmedia":[{"embeddable":true,"href":"https:\/\/dev.eliassen.nl\/de\/wp-json\/wp\/v2\/media\/160343"}],"wp:attachment":[{"href":"https:\/\/dev.eliassen.nl\/de\/wp-json\/wp\/v2\/media?parent=160347"}],"wp:term":[{"taxonomy":"product_brand","embeddable":true,"href":"https:\/\/dev.eliassen.nl\/de\/wp-json\/wp\/v2\/product_brand?post=160347"},{"taxonomy":"product_cat","embeddable":true,"href":"https:\/\/dev.eliassen.nl\/de\/wp-json\/wp\/v2\/product_cat?post=160347"},{"taxonomy":"product_tag","embeddable":true,"href":"https:\/\/dev.eliassen.nl\/de\/wp-json\/wp\/v2\/product_tag?post=160347"}],"curies":[{"name":"wp","href":"https:\/\/api.w.org\/{rel}","templated":true}]}}