{"id":160427,"date":"2024-09-05T19:17:46","date_gmt":"2024-09-05T17:17:46","guid":{"rendered":"https:\/\/www.eliassen.nl\/?product=windgong-metaal-lieveheers-beestjes-65cm"},"modified":"2024-12-05T17:36:08","modified_gmt":"2024-12-05T16:36:08","slug":"windspiel-metall-marienkaefer-65cm","status":"publish","type":"product","link":"https:\/\/dev.eliassen.nl\/de\/windspiel-metall-marienkaefer-65cm\/","title":{"rendered":"Windspiel Metall Marienk\u00e4fer 65cm"},"content":{"rendered":"<p>Sind Sie auf der Suche nach einer lustigen Dekoration f\u00fcr Ihren Garten?<br \/>\nDann ist ein Windspiel eine sch\u00f6ne Idee. Mit einem Windspiel erhalten Sie einen fr\u00f6hlichen Klang in Ihrem Garten. Wenn der Wind weht, kommt es in Bewegung und die Schmetterlinge setzen sich in Bewegung. Der Klang, der dann zu h\u00f6ren ist, ist je nach Windspiel und Art unterschiedlich. Viele Menschen empfinden mehr Ruhe und Gem\u00fctlichkeit, wenn sie ein Windspiel in ihrem Garten h\u00e4ngen haben. Dieses Windspiel ist aus Metall gefertigt und besteht aus verschiedenen Marienk\u00e4fern in roten und schwarzen Farben. Diese Marienk\u00e4fer h\u00e4ngen in Reihen in unterschiedlichen H\u00f6hen.<\/p>\n<ul>\n<li>Handgemacht<\/li>\n<li>Schnelle Lieferung<\/li>\n<li>Abmessungen: 20x1x65cm hoch<\/li>\n<\/ul>\n","protected":false},"excerpt":{"rendered":"<p>\u2713 Handgemacht<\/p>\n","protected":false},"featured_media":160424,"template":"","meta":{"_acf_changed":false},"product_brand":[],"product_cat":[665,659,836],"product_tag":[],"class_list":{"0":"post-160427","1":"product","2":"type-product","3":"status-publish","4":"has-post-thumbnail","6":"product_cat-dekofiguren-aus-metall","7":"product_cat-dekoration-aus-metall","8":"product_cat-gartenstecker","10":"first","11":"instock","12":"taxable","13":"shipping-taxable","14":"purchasable","15":"product-type-simple"},"acf":[],"yoast_head":"<!-- This site is optimized with the Yoast SEO plugin v23.8 - https:\/\/yoast.com\/wordpress\/plugins\/seo\/ -->\n<title>Windspiel Metall Marienk\u00e4fer 65cm - Eliassen.nl<\/title>\n<meta name=\"description\" content=\"Sind Sie auf der Suche nach mehr Fr\u00f6hlichkeit in Ihrem Garten? Dieses handgefertigte Windspiel mit Marienk\u00e4fern in Rot-Schwarz ist eine fr\u00f6hliche Erg\u00e4nzung.\" \/>\n<meta name=\"robots\" content=\"noindex, follow, max-snippet:-1, max-image-preview:large, max-video-preview:-1\" \/>\n<meta property=\"og:locale\" content=\"de_DE\" \/>\n<meta property=\"og:type\" content=\"article\" \/>\n<meta property=\"og:title\" content=\"Windspiel Metall Marienk\u00e4fer 65cm - Eliassen.nl\" \/>\n<meta property=\"og:description\" content=\"Sind Sie auf der Suche nach mehr Fr\u00f6hlichkeit in Ihrem Garten? Dieses handgefertigte Windspiel mit Marienk\u00e4fern in Rot-Schwarz ist eine fr\u00f6hliche Erg\u00e4nzung.\" \/>\n<meta property=\"og:url\" content=\"https:\/\/dev.eliassen.nl\/de\/windspiel-metall-marienkaefer-65cm\/\" \/>\n<meta property=\"og:site_name\" content=\"Eliassen.nl\" \/>\n<meta property=\"article:publisher\" content=\"https:\/\/www.facebook.com\/TuincentrumEliassenAmmerzoden\" \/>\n<meta property=\"article:modified_time\" content=\"2024-12-05T16:36:08+00:00\" \/>\n<meta property=\"og:image\" content=\"https:\/\/dev.eliassen.nl\/wp-content\/uploads\/2024\/10\/windgonglieveheersbeestjeseliassennlmd16237.jpg\" \/>\n\t<meta property=\"og:image:width\" content=\"540\" \/>\n\t<meta property=\"og:image:height\" content=\"699\" \/>\n\t<meta property=\"og:image:type\" content=\"image\/jpeg\" \/>\n<meta name=\"twitter:card\" content=\"summary_large_image\" \/>\n<script type=\"application\/ld+json\" class=\"yoast-schema-graph\">{\"@context\":\"https:\/\/schema.org\",\"@graph\":[{\"@type\":\"WebPage\",\"@id\":\"https:\/\/dev.eliassen.nl\/de\/windspiel-metall-marienkaefer-65cm\/\",\"url\":\"https:\/\/dev.eliassen.nl\/de\/windspiel-metall-marienkaefer-65cm\/\",\"name\":\"Windspiel Metall Marienk\u00e4fer 65cm - Eliassen.nl\",\"isPartOf\":{\"@id\":\"https:\/\/dev.eliassen.nl\/de\/#website\"},\"primaryImageOfPage\":{\"@id\":\"https:\/\/dev.eliassen.nl\/de\/windspiel-metall-marienkaefer-65cm\/#primaryimage\"},\"image\":{\"@id\":\"https:\/\/dev.eliassen.nl\/de\/windspiel-metall-marienkaefer-65cm\/#primaryimage\"},\"thumbnailUrl\":\"https:\/\/dev.eliassen.nl\/wp-content\/uploads\/2024\/10\/windgonglieveheersbeestjeseliassennlmd16237.jpg\",\"datePublished\":\"2024-09-05T17:17:46+00:00\",\"dateModified\":\"2024-12-05T16:36:08+00:00\",\"description\":\"Sind Sie auf der Suche nach mehr Fr\u00f6hlichkeit in Ihrem Garten? Dieses handgefertigte Windspiel mit Marienk\u00e4fern in Rot-Schwarz ist eine fr\u00f6hliche Erg\u00e4nzung.\",\"breadcrumb\":{\"@id\":\"https:\/\/dev.eliassen.nl\/de\/windspiel-metall-marienkaefer-65cm\/#breadcrumb\"},\"inLanguage\":\"de\",\"potentialAction\":[{\"@type\":\"ReadAction\",\"target\":[\"https:\/\/dev.eliassen.nl\/de\/windspiel-metall-marienkaefer-65cm\/\"]}]},{\"@type\":\"ImageObject\",\"inLanguage\":\"de\",\"@id\":\"https:\/\/dev.eliassen.nl\/de\/windspiel-metall-marienkaefer-65cm\/#primaryimage\",\"url\":\"https:\/\/dev.eliassen.nl\/wp-content\/uploads\/2024\/10\/windgonglieveheersbeestjeseliassennlmd16237.jpg\",\"contentUrl\":\"https:\/\/dev.eliassen.nl\/wp-content\/uploads\/2024\/10\/windgonglieveheersbeestjeseliassennlmd16237.jpg\",\"width\":540,\"height\":699,\"caption\":\"Windspiel Sweetheart critters Eliassen.nl MD16237\"},{\"@type\":\"BreadcrumbList\",\"@id\":\"https:\/\/dev.eliassen.nl\/de\/windspiel-metall-marienkaefer-65cm\/#breadcrumb\",\"itemListElement\":[{\"@type\":\"ListItem\",\"position\":1,\"name\":\"Home\",\"item\":\"https:\/\/dev.eliassen.nl\/de\/\"},{\"@type\":\"ListItem\",\"position\":2,\"name\":\"Shop\",\"item\":\"https:\/\/dev.eliassen.nl\/nl\/winkel\/\"},{\"@type\":\"ListItem\",\"position\":3,\"name\":\"Gartenstecker\",\"item\":\"https:\/\/dev.eliassen.nl\/de\/gartenstecker\/\"},{\"@type\":\"ListItem\",\"position\":4,\"name\":\"Windm\u00fchlen\",\"item\":\"https:\/\/dev.eliassen.nl\/de\/gartenstecker\/windmuehlen\/\"},{\"@type\":\"ListItem\",\"position\":5,\"name\":\"Windspiel Metall Marienk\u00e4fer 65cm\"}]},{\"@type\":\"WebSite\",\"@id\":\"https:\/\/dev.eliassen.nl\/de\/#website\",\"url\":\"https:\/\/dev.eliassen.nl\/de\/\",\"name\":\"Eliassen Home & Garden Pleasure\",\"description\":\"\",\"publisher\":{\"@id\":\"https:\/\/dev.eliassen.nl\/de\/#organization\"},\"alternateName\":\"Eliassen.nl\",\"potentialAction\":[{\"@type\":\"SearchAction\",\"target\":{\"@type\":\"EntryPoint\",\"urlTemplate\":\"https:\/\/dev.eliassen.nl\/de\/?s={search_term_string}\"},\"query-input\":{\"@type\":\"PropertyValueSpecification\",\"valueRequired\":true,\"valueName\":\"search_term_string\"}}],\"inLanguage\":\"de\"},{\"@type\":\"Organization\",\"@id\":\"https:\/\/dev.eliassen.nl\/de\/#organization\",\"name\":\"Eliassen Home & Garden Pleasure\",\"url\":\"https:\/\/dev.eliassen.nl\/de\/\",\"logo\":{\"@type\":\"ImageObject\",\"inLanguage\":\"de\",\"@id\":\"https:\/\/dev.eliassen.nl\/de\/#\/schema\/logo\/image\/\",\"url\":\"https:\/\/www.eliassen.nl\/wp-content\/uploads\/2024\/01\/logo_4nd.jpg\",\"contentUrl\":\"https:\/\/www.eliassen.nl\/wp-content\/uploads\/2024\/01\/logo_4nd.jpg\",\"width\":500,\"height\":500,\"caption\":\"Eliassen Home & Garden Pleasure\"},\"image\":{\"@id\":\"https:\/\/dev.eliassen.nl\/de\/#\/schema\/logo\/image\/\"},\"sameAs\":[\"https:\/\/www.facebook.com\/TuincentrumEliassenAmmerzoden\",\"https:\/\/www.instagram.com\/eliassenhomeandgarden\/\",\"https:\/\/nl.pinterest.com\/eliassenhomeandgarden\/\",\"https:\/\/www.youtube.com\/@eliassenhomegardenpleasure4558\"]}]}<\/script>\n<!-- \/ Yoast SEO plugin. -->","yoast_head_json":{"title":"Windspiel Metall Marienk\u00e4fer 65cm - Eliassen.nl","description":"Sind Sie auf der Suche nach mehr Fr\u00f6hlichkeit in Ihrem Garten? Dieses handgefertigte Windspiel mit Marienk\u00e4fern in Rot-Schwarz ist eine fr\u00f6hliche Erg\u00e4nzung.","robots":{"index":"noindex","follow":"follow","max-snippet":"max-snippet:-1","max-image-preview":"max-image-preview:large","max-video-preview":"max-video-preview:-1"},"og_locale":"de_DE","og_type":"article","og_title":"Windspiel Metall Marienk\u00e4fer 65cm - Eliassen.nl","og_description":"Sind Sie auf der Suche nach mehr Fr\u00f6hlichkeit in Ihrem Garten? Dieses handgefertigte Windspiel mit Marienk\u00e4fern in Rot-Schwarz ist eine fr\u00f6hliche Erg\u00e4nzung.","og_url":"https:\/\/dev.eliassen.nl\/de\/windspiel-metall-marienkaefer-65cm\/","og_site_name":"Eliassen.nl","article_publisher":"https:\/\/www.facebook.com\/TuincentrumEliassenAmmerzoden","article_modified_time":"2024-12-05T16:36:08+00:00","og_image":[{"width":540,"height":699,"url":"https:\/\/dev.eliassen.nl\/wp-content\/uploads\/2024\/10\/windgonglieveheersbeestjeseliassennlmd16237.jpg","type":"image\/jpeg"}],"twitter_card":"summary_large_image","schema":{"@context":"https:\/\/schema.org","@graph":[{"@type":"WebPage","@id":"https:\/\/dev.eliassen.nl\/de\/windspiel-metall-marienkaefer-65cm\/","url":"https:\/\/dev.eliassen.nl\/de\/windspiel-metall-marienkaefer-65cm\/","name":"Windspiel Metall Marienk\u00e4fer 65cm - Eliassen.nl","isPartOf":{"@id":"https:\/\/dev.eliassen.nl\/de\/#website"},"primaryImageOfPage":{"@id":"https:\/\/dev.eliassen.nl\/de\/windspiel-metall-marienkaefer-65cm\/#primaryimage"},"image":{"@id":"https:\/\/dev.eliassen.nl\/de\/windspiel-metall-marienkaefer-65cm\/#primaryimage"},"thumbnailUrl":"https:\/\/dev.eliassen.nl\/wp-content\/uploads\/2024\/10\/windgonglieveheersbeestjeseliassennlmd16237.jpg","datePublished":"2024-09-05T17:17:46+00:00","dateModified":"2024-12-05T16:36:08+00:00","description":"Sind Sie auf der Suche nach mehr Fr\u00f6hlichkeit in Ihrem Garten? Dieses handgefertigte Windspiel mit Marienk\u00e4fern in Rot-Schwarz ist eine fr\u00f6hliche Erg\u00e4nzung.","breadcrumb":{"@id":"https:\/\/dev.eliassen.nl\/de\/windspiel-metall-marienkaefer-65cm\/#breadcrumb"},"inLanguage":"de","potentialAction":[{"@type":"ReadAction","target":["https:\/\/dev.eliassen.nl\/de\/windspiel-metall-marienkaefer-65cm\/"]}]},{"@type":"ImageObject","inLanguage":"de","@id":"https:\/\/dev.eliassen.nl\/de\/windspiel-metall-marienkaefer-65cm\/#primaryimage","url":"https:\/\/dev.eliassen.nl\/wp-content\/uploads\/2024\/10\/windgonglieveheersbeestjeseliassennlmd16237.jpg","contentUrl":"https:\/\/dev.eliassen.nl\/wp-content\/uploads\/2024\/10\/windgonglieveheersbeestjeseliassennlmd16237.jpg","width":540,"height":699,"caption":"Windspiel Sweetheart critters Eliassen.nl MD16237"},{"@type":"BreadcrumbList","@id":"https:\/\/dev.eliassen.nl\/de\/windspiel-metall-marienkaefer-65cm\/#breadcrumb","itemListElement":[{"@type":"ListItem","position":1,"name":"Home","item":"https:\/\/dev.eliassen.nl\/de\/"},{"@type":"ListItem","position":2,"name":"Shop","item":"https:\/\/dev.eliassen.nl\/nl\/winkel\/"},{"@type":"ListItem","position":3,"name":"Gartenstecker","item":"https:\/\/dev.eliassen.nl\/de\/gartenstecker\/"},{"@type":"ListItem","position":4,"name":"Windm\u00fchlen","item":"https:\/\/dev.eliassen.nl\/de\/gartenstecker\/windmuehlen\/"},{"@type":"ListItem","position":5,"name":"Windspiel Metall Marienk\u00e4fer 65cm"}]},{"@type":"WebSite","@id":"https:\/\/dev.eliassen.nl\/de\/#website","url":"https:\/\/dev.eliassen.nl\/de\/","name":"Eliassen Home & Garden Pleasure","description":"","publisher":{"@id":"https:\/\/dev.eliassen.nl\/de\/#organization"},"alternateName":"Eliassen.nl","potentialAction":[{"@type":"SearchAction","target":{"@type":"EntryPoint","urlTemplate":"https:\/\/dev.eliassen.nl\/de\/?s={search_term_string}"},"query-input":{"@type":"PropertyValueSpecification","valueRequired":true,"valueName":"search_term_string"}}],"inLanguage":"de"},{"@type":"Organization","@id":"https:\/\/dev.eliassen.nl\/de\/#organization","name":"Eliassen Home & Garden Pleasure","url":"https:\/\/dev.eliassen.nl\/de\/","logo":{"@type":"ImageObject","inLanguage":"de","@id":"https:\/\/dev.eliassen.nl\/de\/#\/schema\/logo\/image\/","url":"https:\/\/www.eliassen.nl\/wp-content\/uploads\/2024\/01\/logo_4nd.jpg","contentUrl":"https:\/\/www.eliassen.nl\/wp-content\/uploads\/2024\/01\/logo_4nd.jpg","width":500,"height":500,"caption":"Eliassen Home & Garden Pleasure"},"image":{"@id":"https:\/\/dev.eliassen.nl\/de\/#\/schema\/logo\/image\/"},"sameAs":["https:\/\/www.facebook.com\/TuincentrumEliassenAmmerzoden","https:\/\/www.instagram.com\/eliassenhomeandgarden\/","https:\/\/nl.pinterest.com\/eliassenhomeandgarden\/","https:\/\/www.youtube.com\/@eliassenhomegardenpleasure4558"]}]}},"df_price":19.95,"df_sale_price":"","df_regular_price":19.95,"df_image_link":"https:\/\/dev.eliassen.nl\/wp-content\/uploads\/2024\/10\/windgonglieveheersbeestjeseliassennlmd16237.jpg","image":"https:\/\/dev.eliassen.nl\/wp-content\/uploads\/2024\/10\/windgonglieveheersbeestjeseliassennlmd16237.jpg","price_search":"<span class=\"woocommerce-Price-amount amount\"><bdi><span class=\"woocommerce-Price-currencySymbol\">&euro;<\/span>&nbsp;19,95<\/bdi><\/span>","category":"Dekofiguren aus Metall","_links":{"self":[{"href":"https:\/\/dev.eliassen.nl\/de\/wp-json\/wp\/v2\/product\/160427","targetHints":{"allow":["GET"]}}],"collection":[{"href":"https:\/\/dev.eliassen.nl\/de\/wp-json\/wp\/v2\/product"}],"about":[{"href":"https:\/\/dev.eliassen.nl\/de\/wp-json\/wp\/v2\/types\/product"}],"wp:featuredmedia":[{"embeddable":true,"href":"https:\/\/dev.eliassen.nl\/de\/wp-json\/wp\/v2\/media\/160424"}],"wp:attachment":[{"href":"https:\/\/dev.eliassen.nl\/de\/wp-json\/wp\/v2\/media?parent=160427"}],"wp:term":[{"taxonomy":"product_brand","embeddable":true,"href":"https:\/\/dev.eliassen.nl\/de\/wp-json\/wp\/v2\/product_brand?post=160427"},{"taxonomy":"product_cat","embeddable":true,"href":"https:\/\/dev.eliassen.nl\/de\/wp-json\/wp\/v2\/product_cat?post=160427"},{"taxonomy":"product_tag","embeddable":true,"href":"https:\/\/dev.eliassen.nl\/de\/wp-json\/wp\/v2\/product_tag?post=160427"}],"curies":[{"name":"wp","href":"https:\/\/api.w.org\/{rel}","templated":true}]}}