{"id":161258,"date":"2024-09-23T15:58:37","date_gmt":"2024-09-23T13:58:37","guid":{"rendered":"https:\/\/www.eliassen.nl\/?product=copy-of-tuinsteker-balans-wijze-vogel-met-bril-en-153899734"},"modified":"2024-12-05T17:37:47","modified_gmt":"2024-12-05T16:37:47","slug":"gartenstecker-vogeltranke-metall-mit-vogel-auf-stab-26x127cm","status":"publish","type":"product","link":"https:\/\/dev.eliassen.nl\/de\/gartenstecker-vogeltranke-metall-mit-vogel-auf-stab-26x127cm\/","title":{"rendered":"Gartenstecker Vogeltr\u00e4nke Metall mit Vogel auf Stab 26x127cm"},"content":{"rendered":"<p>Ein sch\u00f6ner Artikel f\u00fcr Ihren Garten. Gartenspie\u00df und Vogeltr\u00e4nke in einem.<br \/>Es macht Spa\u00df, diesen fr\u00f6hlichen Gartenstecker zu verschenken oder zu empfangen.<br \/>Der Stecker ist mit einem stabilen Stift ausgestattet, so dass er in jeder Art von Boden sicher steht.<br \/>Lieferung als Bausatz.<\/p>\n<ul>\n<li>Farbe: Verschiedene Farben<\/li>\n<li>Material: Metall<\/li>\n<li>Beh\u00e4ltergr\u00f6\u00dfen: ca. 26 cm Durchmesser und 5 cm Tiefe<\/li>\n<li>Gesamtma\u00dfe: ca. 26x127cm hoch<\/li>\n<li>Schnell geliefert<\/li>\n<li>Eigener Bestand<\/li>\n<li>Bitte beachten Sie: Dies ist kein Spielzeug!<\/li>\n<\/ul>\n","protected":false},"excerpt":{"rendered":"<p>Aus Metall<\/p>\n","protected":false},"featured_media":161243,"template":"","meta":{"_acf_changed":false},"product_brand":[],"product_cat":[851,836,707],"product_tag":[],"class_list":{"0":"post-161258","1":"product","2":"type-product","3":"status-publish","4":"has-post-thumbnail","6":"product_cat-gartenpfaehle-aus-still","7":"product_cat-gartenstecker","8":"product_cat-vogeltraenken","10":"first","11":"instock","12":"taxable","13":"shipping-taxable","14":"purchasable","15":"product-type-simple"},"acf":[],"yoast_head":"<!-- This site is optimized with the Yoast SEO plugin v23.8 - https:\/\/yoast.com\/wordpress\/plugins\/seo\/ -->\n<title>Tuinsteker vogeldrinkschaal metaal met vogel op stang 26x127cm Eliasse<\/title>\n<meta name=\"description\" content=\"bent u opzoek naar een metalen vogeldrinkschaal? Dit model gemaakt van metaal is een tuinsteker en een vogeldrinkschaal in \u00e9\u00e9n.\" \/>\n<meta name=\"robots\" content=\"noindex, follow, max-snippet:-1, max-image-preview:large, max-video-preview:-1\" \/>\n<meta property=\"og:locale\" content=\"de_DE\" \/>\n<meta property=\"og:type\" content=\"article\" \/>\n<meta property=\"og:title\" content=\"Tuinsteker vogeldrinkschaal metaal met vogel op stang 26x127cm Eliasse\" \/>\n<meta property=\"og:description\" content=\"bent u opzoek naar een metalen vogeldrinkschaal? Dit model gemaakt van metaal is een tuinsteker en een vogeldrinkschaal in \u00e9\u00e9n.\" \/>\n<meta property=\"og:url\" content=\"https:\/\/dev.eliassen.nl\/de\/gartenstecker-vogeltranke-metall-mit-vogel-auf-stab-26x127cm\/\" \/>\n<meta property=\"og:site_name\" content=\"Eliassen.nl\" \/>\n<meta property=\"article:publisher\" content=\"https:\/\/www.facebook.com\/TuincentrumEliassenAmmerzoden\" \/>\n<meta property=\"article:modified_time\" content=\"2024-12-05T16:37:47+00:00\" \/>\n<meta property=\"og:image\" content=\"https:\/\/dev.eliassen.nl\/wp-content\/uploads\/2024\/10\/tuinstekervogeldrinkschaalmetaalmetvogelopst.jpg\" \/>\n\t<meta property=\"og:image:width\" content=\"1401\" \/>\n\t<meta property=\"og:image:height\" content=\"1869\" \/>\n\t<meta property=\"og:image:type\" content=\"image\/jpeg\" \/>\n<meta name=\"twitter:card\" content=\"summary_large_image\" \/>\n<script type=\"application\/ld+json\" class=\"yoast-schema-graph\">{\"@context\":\"https:\/\/schema.org\",\"@graph\":[{\"@type\":\"WebPage\",\"@id\":\"https:\/\/dev.eliassen.nl\/de\/gartenstecker-vogeltranke-metall-mit-vogel-auf-stab-26x127cm\/\",\"url\":\"https:\/\/dev.eliassen.nl\/de\/gartenstecker-vogeltranke-metall-mit-vogel-auf-stab-26x127cm\/\",\"name\":\"Tuinsteker vogeldrinkschaal metaal met vogel op stang 26x127cm Eliasse\",\"isPartOf\":{\"@id\":\"https:\/\/dev.eliassen.nl\/de\/#website\"},\"primaryImageOfPage\":{\"@id\":\"https:\/\/dev.eliassen.nl\/de\/gartenstecker-vogeltranke-metall-mit-vogel-auf-stab-26x127cm\/#primaryimage\"},\"image\":{\"@id\":\"https:\/\/dev.eliassen.nl\/de\/gartenstecker-vogeltranke-metall-mit-vogel-auf-stab-26x127cm\/#primaryimage\"},\"thumbnailUrl\":\"https:\/\/dev.eliassen.nl\/wp-content\/uploads\/2024\/10\/tuinstekervogeldrinkschaalmetaalmetvogelopst.jpg\",\"datePublished\":\"2024-09-23T13:58:37+00:00\",\"dateModified\":\"2024-12-05T16:37:47+00:00\",\"description\":\"bent u opzoek naar een metalen vogeldrinkschaal? Dit model gemaakt van metaal is een tuinsteker en een vogeldrinkschaal in \u00e9\u00e9n.\",\"breadcrumb\":{\"@id\":\"https:\/\/dev.eliassen.nl\/de\/gartenstecker-vogeltranke-metall-mit-vogel-auf-stab-26x127cm\/#breadcrumb\"},\"inLanguage\":\"de\",\"potentialAction\":[{\"@type\":\"ReadAction\",\"target\":[\"https:\/\/dev.eliassen.nl\/de\/gartenstecker-vogeltranke-metall-mit-vogel-auf-stab-26x127cm\/\"]}]},{\"@type\":\"ImageObject\",\"inLanguage\":\"de\",\"@id\":\"https:\/\/dev.eliassen.nl\/de\/gartenstecker-vogeltranke-metall-mit-vogel-auf-stab-26x127cm\/#primaryimage\",\"url\":\"https:\/\/dev.eliassen.nl\/wp-content\/uploads\/2024\/10\/tuinstekervogeldrinkschaalmetaalmetvogelopst.jpg\",\"contentUrl\":\"https:\/\/dev.eliassen.nl\/wp-content\/uploads\/2024\/10\/tuinstekervogeldrinkschaalmetaalmetvogelopst.jpg\",\"width\":1401,\"height\":1869,\"caption\":\"Tuinsteker vogeldrinkschaal metaal met vogel op stang 26x127cm eliassen.nl 5\"},{\"@type\":\"BreadcrumbList\",\"@id\":\"https:\/\/dev.eliassen.nl\/de\/gartenstecker-vogeltranke-metall-mit-vogel-auf-stab-26x127cm\/#breadcrumb\",\"itemListElement\":[{\"@type\":\"ListItem\",\"position\":1,\"name\":\"Home\",\"item\":\"https:\/\/dev.eliassen.nl\/de\/\"},{\"@type\":\"ListItem\",\"position\":2,\"name\":\"Shop\",\"item\":\"https:\/\/dev.eliassen.nl\/nl\/winkel\/\"},{\"@type\":\"ListItem\",\"position\":3,\"name\":\"Gartenstecker\",\"item\":\"https:\/\/dev.eliassen.nl\/de\/gartenstecker\/\"},{\"@type\":\"ListItem\",\"position\":4,\"name\":\"Gartenpf\u00e4hle aus still\",\"item\":\"https:\/\/dev.eliassen.nl\/de\/gartenstecker\/gartenpfaehle-aus-still\/\"},{\"@type\":\"ListItem\",\"position\":5,\"name\":\"Gartenstecker Vogeltr\u00e4nke Metall mit Vogel auf Stab 26x127cm\"}]},{\"@type\":\"WebSite\",\"@id\":\"https:\/\/dev.eliassen.nl\/de\/#website\",\"url\":\"https:\/\/dev.eliassen.nl\/de\/\",\"name\":\"Eliassen Home & Garden Pleasure\",\"description\":\"\",\"publisher\":{\"@id\":\"https:\/\/dev.eliassen.nl\/de\/#organization\"},\"alternateName\":\"Eliassen.nl\",\"potentialAction\":[{\"@type\":\"SearchAction\",\"target\":{\"@type\":\"EntryPoint\",\"urlTemplate\":\"https:\/\/dev.eliassen.nl\/de\/?s={search_term_string}\"},\"query-input\":{\"@type\":\"PropertyValueSpecification\",\"valueRequired\":true,\"valueName\":\"search_term_string\"}}],\"inLanguage\":\"de\"},{\"@type\":\"Organization\",\"@id\":\"https:\/\/dev.eliassen.nl\/de\/#organization\",\"name\":\"Eliassen Home & Garden Pleasure\",\"url\":\"https:\/\/dev.eliassen.nl\/de\/\",\"logo\":{\"@type\":\"ImageObject\",\"inLanguage\":\"de\",\"@id\":\"https:\/\/dev.eliassen.nl\/de\/#\/schema\/logo\/image\/\",\"url\":\"https:\/\/www.eliassen.nl\/wp-content\/uploads\/2024\/01\/logo_4nd.jpg\",\"contentUrl\":\"https:\/\/www.eliassen.nl\/wp-content\/uploads\/2024\/01\/logo_4nd.jpg\",\"width\":500,\"height\":500,\"caption\":\"Eliassen Home & Garden Pleasure\"},\"image\":{\"@id\":\"https:\/\/dev.eliassen.nl\/de\/#\/schema\/logo\/image\/\"},\"sameAs\":[\"https:\/\/www.facebook.com\/TuincentrumEliassenAmmerzoden\",\"https:\/\/www.instagram.com\/eliassenhomeandgarden\/\",\"https:\/\/nl.pinterest.com\/eliassenhomeandgarden\/\",\"https:\/\/www.youtube.com\/@eliassenhomegardenpleasure4558\"]}]}<\/script>\n<!-- \/ Yoast SEO plugin. -->","yoast_head_json":{"title":"Tuinsteker vogeldrinkschaal metaal met vogel op stang 26x127cm Eliasse","description":"bent u opzoek naar een metalen vogeldrinkschaal? Dit model gemaakt van metaal is een tuinsteker en een vogeldrinkschaal in \u00e9\u00e9n.","robots":{"index":"noindex","follow":"follow","max-snippet":"max-snippet:-1","max-image-preview":"max-image-preview:large","max-video-preview":"max-video-preview:-1"},"og_locale":"de_DE","og_type":"article","og_title":"Tuinsteker vogeldrinkschaal metaal met vogel op stang 26x127cm Eliasse","og_description":"bent u opzoek naar een metalen vogeldrinkschaal? Dit model gemaakt van metaal is een tuinsteker en een vogeldrinkschaal in \u00e9\u00e9n.","og_url":"https:\/\/dev.eliassen.nl\/de\/gartenstecker-vogeltranke-metall-mit-vogel-auf-stab-26x127cm\/","og_site_name":"Eliassen.nl","article_publisher":"https:\/\/www.facebook.com\/TuincentrumEliassenAmmerzoden","article_modified_time":"2024-12-05T16:37:47+00:00","og_image":[{"width":1401,"height":1869,"url":"https:\/\/dev.eliassen.nl\/wp-content\/uploads\/2024\/10\/tuinstekervogeldrinkschaalmetaalmetvogelopst.jpg","type":"image\/jpeg"}],"twitter_card":"summary_large_image","schema":{"@context":"https:\/\/schema.org","@graph":[{"@type":"WebPage","@id":"https:\/\/dev.eliassen.nl\/de\/gartenstecker-vogeltranke-metall-mit-vogel-auf-stab-26x127cm\/","url":"https:\/\/dev.eliassen.nl\/de\/gartenstecker-vogeltranke-metall-mit-vogel-auf-stab-26x127cm\/","name":"Tuinsteker vogeldrinkschaal metaal met vogel op stang 26x127cm Eliasse","isPartOf":{"@id":"https:\/\/dev.eliassen.nl\/de\/#website"},"primaryImageOfPage":{"@id":"https:\/\/dev.eliassen.nl\/de\/gartenstecker-vogeltranke-metall-mit-vogel-auf-stab-26x127cm\/#primaryimage"},"image":{"@id":"https:\/\/dev.eliassen.nl\/de\/gartenstecker-vogeltranke-metall-mit-vogel-auf-stab-26x127cm\/#primaryimage"},"thumbnailUrl":"https:\/\/dev.eliassen.nl\/wp-content\/uploads\/2024\/10\/tuinstekervogeldrinkschaalmetaalmetvogelopst.jpg","datePublished":"2024-09-23T13:58:37+00:00","dateModified":"2024-12-05T16:37:47+00:00","description":"bent u opzoek naar een metalen vogeldrinkschaal? Dit model gemaakt van metaal is een tuinsteker en een vogeldrinkschaal in \u00e9\u00e9n.","breadcrumb":{"@id":"https:\/\/dev.eliassen.nl\/de\/gartenstecker-vogeltranke-metall-mit-vogel-auf-stab-26x127cm\/#breadcrumb"},"inLanguage":"de","potentialAction":[{"@type":"ReadAction","target":["https:\/\/dev.eliassen.nl\/de\/gartenstecker-vogeltranke-metall-mit-vogel-auf-stab-26x127cm\/"]}]},{"@type":"ImageObject","inLanguage":"de","@id":"https:\/\/dev.eliassen.nl\/de\/gartenstecker-vogeltranke-metall-mit-vogel-auf-stab-26x127cm\/#primaryimage","url":"https:\/\/dev.eliassen.nl\/wp-content\/uploads\/2024\/10\/tuinstekervogeldrinkschaalmetaalmetvogelopst.jpg","contentUrl":"https:\/\/dev.eliassen.nl\/wp-content\/uploads\/2024\/10\/tuinstekervogeldrinkschaalmetaalmetvogelopst.jpg","width":1401,"height":1869,"caption":"Tuinsteker vogeldrinkschaal metaal met vogel op stang 26x127cm eliassen.nl 5"},{"@type":"BreadcrumbList","@id":"https:\/\/dev.eliassen.nl\/de\/gartenstecker-vogeltranke-metall-mit-vogel-auf-stab-26x127cm\/#breadcrumb","itemListElement":[{"@type":"ListItem","position":1,"name":"Home","item":"https:\/\/dev.eliassen.nl\/de\/"},{"@type":"ListItem","position":2,"name":"Shop","item":"https:\/\/dev.eliassen.nl\/nl\/winkel\/"},{"@type":"ListItem","position":3,"name":"Gartenstecker","item":"https:\/\/dev.eliassen.nl\/de\/gartenstecker\/"},{"@type":"ListItem","position":4,"name":"Gartenpf\u00e4hle aus still","item":"https:\/\/dev.eliassen.nl\/de\/gartenstecker\/gartenpfaehle-aus-still\/"},{"@type":"ListItem","position":5,"name":"Gartenstecker Vogeltr\u00e4nke Metall mit Vogel auf Stab 26x127cm"}]},{"@type":"WebSite","@id":"https:\/\/dev.eliassen.nl\/de\/#website","url":"https:\/\/dev.eliassen.nl\/de\/","name":"Eliassen Home & Garden Pleasure","description":"","publisher":{"@id":"https:\/\/dev.eliassen.nl\/de\/#organization"},"alternateName":"Eliassen.nl","potentialAction":[{"@type":"SearchAction","target":{"@type":"EntryPoint","urlTemplate":"https:\/\/dev.eliassen.nl\/de\/?s={search_term_string}"},"query-input":{"@type":"PropertyValueSpecification","valueRequired":true,"valueName":"search_term_string"}}],"inLanguage":"de"},{"@type":"Organization","@id":"https:\/\/dev.eliassen.nl\/de\/#organization","name":"Eliassen Home & Garden Pleasure","url":"https:\/\/dev.eliassen.nl\/de\/","logo":{"@type":"ImageObject","inLanguage":"de","@id":"https:\/\/dev.eliassen.nl\/de\/#\/schema\/logo\/image\/","url":"https:\/\/www.eliassen.nl\/wp-content\/uploads\/2024\/01\/logo_4nd.jpg","contentUrl":"https:\/\/www.eliassen.nl\/wp-content\/uploads\/2024\/01\/logo_4nd.jpg","width":500,"height":500,"caption":"Eliassen Home & Garden Pleasure"},"image":{"@id":"https:\/\/dev.eliassen.nl\/de\/#\/schema\/logo\/image\/"},"sameAs":["https:\/\/www.facebook.com\/TuincentrumEliassenAmmerzoden","https:\/\/www.instagram.com\/eliassenhomeandgarden\/","https:\/\/nl.pinterest.com\/eliassenhomeandgarden\/","https:\/\/www.youtube.com\/@eliassenhomegardenpleasure4558"]}]}},"df_price":39.5,"df_sale_price":"","df_regular_price":39.5,"df_image_link":"https:\/\/dev.eliassen.nl\/wp-content\/uploads\/2024\/10\/tuinstekervogeldrinkschaalmetaalmetvogelopst.jpg","image":"https:\/\/dev.eliassen.nl\/wp-content\/uploads\/2024\/10\/tuinstekervogeldrinkschaalmetaalmetvogelopst.jpg","price_search":"<span class=\"woocommerce-Price-amount amount\"><bdi><span class=\"woocommerce-Price-currencySymbol\">&euro;<\/span>&nbsp;39,50<\/bdi><\/span>","category":"Gartenpf\u00e4hle aus still","_links":{"self":[{"href":"https:\/\/dev.eliassen.nl\/de\/wp-json\/wp\/v2\/product\/161258","targetHints":{"allow":["GET"]}}],"collection":[{"href":"https:\/\/dev.eliassen.nl\/de\/wp-json\/wp\/v2\/product"}],"about":[{"href":"https:\/\/dev.eliassen.nl\/de\/wp-json\/wp\/v2\/types\/product"}],"wp:featuredmedia":[{"embeddable":true,"href":"https:\/\/dev.eliassen.nl\/de\/wp-json\/wp\/v2\/media\/161243"}],"wp:attachment":[{"href":"https:\/\/dev.eliassen.nl\/de\/wp-json\/wp\/v2\/media?parent=161258"}],"wp:term":[{"taxonomy":"product_brand","embeddable":true,"href":"https:\/\/dev.eliassen.nl\/de\/wp-json\/wp\/v2\/product_brand?post=161258"},{"taxonomy":"product_cat","embeddable":true,"href":"https:\/\/dev.eliassen.nl\/de\/wp-json\/wp\/v2\/product_cat?post=161258"},{"taxonomy":"product_tag","embeddable":true,"href":"https:\/\/dev.eliassen.nl\/de\/wp-json\/wp\/v2\/product_tag?post=161258"}],"curies":[{"name":"wp","href":"https:\/\/api.w.org\/{rel}","templated":true}]}}