{"id":161318,"date":"2024-09-23T16:11:46","date_gmt":"2024-09-23T14:11:46","guid":{"rendered":"https:\/\/www.eliassen.nl\/?product=copy-of-bistroset-auvergne-oud-groen"},"modified":"2024-12-05T17:37:51","modified_gmt":"2024-12-05T16:37:51","slug":"klassischer-beistelltisch-aus-metall-dunkelbraun-58-cm","status":"publish","type":"product","link":"https:\/\/dev.eliassen.nl\/de\/klassischer-beistelltisch-aus-metall-dunkelbraun-58-cm\/","title":{"rendered":"Klassischer Beistelltisch aus Metall, dunkelbraun, 58 cm"},"content":{"rendered":"<p>Bringen Sie mit diesem klassischen runden Beistelltisch pure Sch\u00f6nheit in Ihr Zuhause oder Ihren Garten. Dieser Industrietisch hat eine braune Farbe und ist eine sch\u00f6ne Erg\u00e4nzung f\u00fcr Ihre Dose oder Ihren Innenbereich, wenn Sie auf der Suche nach einem klassischen Beistelltisch aus Metall in brauner Farbe sind.<\/p>\n<ul>\n<li>Ma\u00dfe: insgesamt ca. 29 x 58 cm hoch und die Oberseite hat einen Durchmesser von ca. 26 cm<\/li>\n<li>Lieferung als Bausatz.<\/li>\n<li>Material: Metall<\/li>\n<li>Schnell geliefert<\/li>\n<\/ul>\n","protected":false},"excerpt":{"rendered":"<p>\u2713 Kann auch als Planungstisch verwendet werden \u2713 Klassische Optik<\/p>\n","protected":false},"featured_media":161309,"template":"","meta":{"_acf_changed":false},"product_brand":[],"product_cat":[761,1244,782,752],"product_tag":[],"class_list":{"0":"post-161318","1":"product","2":"type-product","3":"status-publish","4":"has-post-thumbnail","6":"product_cat-gartenmoebel","7":"product_cat-pflanzentische-11304174","8":"product_cat-sockel","9":"product_cat-weitere-artikel","11":"first","12":"instock","13":"taxable","14":"shipping-taxable","15":"purchasable","16":"product-type-simple"},"acf":[],"yoast_head":"<!-- This site is optimized with the Yoast SEO plugin v23.8 - https:\/\/yoast.com\/wordpress\/plugins\/seo\/ -->\n<title>Bijzettafel klassiek metaal donkerbruin 58cm - Eliassen.nl<\/title>\n<meta name=\"description\" content=\"dit model bijzettafel kunt u gebruiken als tafel maar ook als plantentafel. Dit model is donkerbruin van kleur en heeft een klassieke uitstraling. Blad is 26cm\" \/>\n<meta name=\"robots\" content=\"noindex, follow, max-snippet:-1, max-image-preview:large, max-video-preview:-1\" \/>\n<meta property=\"og:locale\" content=\"de_DE\" \/>\n<meta property=\"og:type\" content=\"article\" \/>\n<meta property=\"og:title\" content=\"Bijzettafel klassiek metaal donkerbruin 58cm - Eliassen.nl\" \/>\n<meta property=\"og:description\" content=\"dit model bijzettafel kunt u gebruiken als tafel maar ook als plantentafel. Dit model is donkerbruin van kleur en heeft een klassieke uitstraling. Blad is 26cm\" \/>\n<meta property=\"og:url\" content=\"https:\/\/dev.eliassen.nl\/de\/klassischer-beistelltisch-aus-metall-dunkelbraun-58-cm\/\" \/>\n<meta property=\"og:site_name\" content=\"Eliassen.nl\" \/>\n<meta property=\"article:publisher\" content=\"https:\/\/www.facebook.com\/TuincentrumEliassenAmmerzoden\" \/>\n<meta property=\"article:modified_time\" content=\"2024-12-05T16:37:51+00:00\" \/>\n<meta property=\"og:image\" content=\"https:\/\/dev.eliassen.nl\/wp-content\/uploads\/2024\/10\/bijzettafelklassiekmetaaldonkerbruin58cmelias.jpg\" \/>\n\t<meta property=\"og:image:width\" content=\"1530\" \/>\n\t<meta property=\"og:image:height\" content=\"2040\" \/>\n\t<meta property=\"og:image:type\" content=\"image\/jpeg\" \/>\n<meta name=\"twitter:card\" content=\"summary_large_image\" \/>\n<script type=\"application\/ld+json\" class=\"yoast-schema-graph\">{\"@context\":\"https:\/\/schema.org\",\"@graph\":[{\"@type\":\"WebPage\",\"@id\":\"https:\/\/dev.eliassen.nl\/de\/klassischer-beistelltisch-aus-metall-dunkelbraun-58-cm\/\",\"url\":\"https:\/\/dev.eliassen.nl\/de\/klassischer-beistelltisch-aus-metall-dunkelbraun-58-cm\/\",\"name\":\"Bijzettafel klassiek metaal donkerbruin 58cm - Eliassen.nl\",\"isPartOf\":{\"@id\":\"https:\/\/dev.eliassen.nl\/de\/#website\"},\"primaryImageOfPage\":{\"@id\":\"https:\/\/dev.eliassen.nl\/de\/klassischer-beistelltisch-aus-metall-dunkelbraun-58-cm\/#primaryimage\"},\"image\":{\"@id\":\"https:\/\/dev.eliassen.nl\/de\/klassischer-beistelltisch-aus-metall-dunkelbraun-58-cm\/#primaryimage\"},\"thumbnailUrl\":\"https:\/\/dev.eliassen.nl\/wp-content\/uploads\/2024\/10\/bijzettafelklassiekmetaaldonkerbruin58cmelias.jpg\",\"datePublished\":\"2024-09-23T14:11:46+00:00\",\"dateModified\":\"2024-12-05T16:37:51+00:00\",\"description\":\"dit model bijzettafel kunt u gebruiken als tafel maar ook als plantentafel. Dit model is donkerbruin van kleur en heeft een klassieke uitstraling. Blad is 26cm\",\"breadcrumb\":{\"@id\":\"https:\/\/dev.eliassen.nl\/de\/klassischer-beistelltisch-aus-metall-dunkelbraun-58-cm\/#breadcrumb\"},\"inLanguage\":\"de\",\"potentialAction\":[{\"@type\":\"ReadAction\",\"target\":[\"https:\/\/dev.eliassen.nl\/de\/klassischer-beistelltisch-aus-metall-dunkelbraun-58-cm\/\"]}]},{\"@type\":\"ImageObject\",\"inLanguage\":\"de\",\"@id\":\"https:\/\/dev.eliassen.nl\/de\/klassischer-beistelltisch-aus-metall-dunkelbraun-58-cm\/#primaryimage\",\"url\":\"https:\/\/dev.eliassen.nl\/wp-content\/uploads\/2024\/10\/bijzettafelklassiekmetaaldonkerbruin58cmelias.jpg\",\"contentUrl\":\"https:\/\/dev.eliassen.nl\/wp-content\/uploads\/2024\/10\/bijzettafelklassiekmetaaldonkerbruin58cmelias.jpg\",\"width\":1530,\"height\":2040,\"caption\":\"Bijzettafel klassiek metaal donkerbruin 58cm eliassen.nl 5\"},{\"@type\":\"BreadcrumbList\",\"@id\":\"https:\/\/dev.eliassen.nl\/de\/klassischer-beistelltisch-aus-metall-dunkelbraun-58-cm\/#breadcrumb\",\"itemListElement\":[{\"@type\":\"ListItem\",\"position\":1,\"name\":\"Home\",\"item\":\"https:\/\/dev.eliassen.nl\/de\/\"},{\"@type\":\"ListItem\",\"position\":2,\"name\":\"Shop\",\"item\":\"https:\/\/dev.eliassen.nl\/nl\/winkel\/\"},{\"@type\":\"ListItem\",\"position\":3,\"name\":\"Weitere Artikel\",\"item\":\"https:\/\/dev.eliassen.nl\/de\/weitere-artikel\/\"},{\"@type\":\"ListItem\",\"position\":4,\"name\":\"Gartenm\u00f6bel\",\"item\":\"https:\/\/dev.eliassen.nl\/de\/garten-andere\/gartenmoebel\/\"},{\"@type\":\"ListItem\",\"position\":5,\"name\":\"Klassischer Beistelltisch aus Metall, dunkelbraun, 58 cm\"}]},{\"@type\":\"WebSite\",\"@id\":\"https:\/\/dev.eliassen.nl\/de\/#website\",\"url\":\"https:\/\/dev.eliassen.nl\/de\/\",\"name\":\"Eliassen Home & Garden Pleasure\",\"description\":\"\",\"publisher\":{\"@id\":\"https:\/\/dev.eliassen.nl\/de\/#organization\"},\"alternateName\":\"Eliassen.nl\",\"potentialAction\":[{\"@type\":\"SearchAction\",\"target\":{\"@type\":\"EntryPoint\",\"urlTemplate\":\"https:\/\/dev.eliassen.nl\/de\/?s={search_term_string}\"},\"query-input\":{\"@type\":\"PropertyValueSpecification\",\"valueRequired\":true,\"valueName\":\"search_term_string\"}}],\"inLanguage\":\"de\"},{\"@type\":\"Organization\",\"@id\":\"https:\/\/dev.eliassen.nl\/de\/#organization\",\"name\":\"Eliassen Home & Garden Pleasure\",\"url\":\"https:\/\/dev.eliassen.nl\/de\/\",\"logo\":{\"@type\":\"ImageObject\",\"inLanguage\":\"de\",\"@id\":\"https:\/\/dev.eliassen.nl\/de\/#\/schema\/logo\/image\/\",\"url\":\"https:\/\/www.eliassen.nl\/wp-content\/uploads\/2024\/01\/logo_4nd.jpg\",\"contentUrl\":\"https:\/\/www.eliassen.nl\/wp-content\/uploads\/2024\/01\/logo_4nd.jpg\",\"width\":500,\"height\":500,\"caption\":\"Eliassen Home & Garden Pleasure\"},\"image\":{\"@id\":\"https:\/\/dev.eliassen.nl\/de\/#\/schema\/logo\/image\/\"},\"sameAs\":[\"https:\/\/www.facebook.com\/TuincentrumEliassenAmmerzoden\",\"https:\/\/www.instagram.com\/eliassenhomeandgarden\/\",\"https:\/\/nl.pinterest.com\/eliassenhomeandgarden\/\",\"https:\/\/www.youtube.com\/@eliassenhomegardenpleasure4558\"]}]}<\/script>\n<!-- \/ Yoast SEO plugin. -->","yoast_head_json":{"title":"Bijzettafel klassiek metaal donkerbruin 58cm - Eliassen.nl","description":"dit model bijzettafel kunt u gebruiken als tafel maar ook als plantentafel. Dit model is donkerbruin van kleur en heeft een klassieke uitstraling. Blad is 26cm","robots":{"index":"noindex","follow":"follow","max-snippet":"max-snippet:-1","max-image-preview":"max-image-preview:large","max-video-preview":"max-video-preview:-1"},"og_locale":"de_DE","og_type":"article","og_title":"Bijzettafel klassiek metaal donkerbruin 58cm - Eliassen.nl","og_description":"dit model bijzettafel kunt u gebruiken als tafel maar ook als plantentafel. Dit model is donkerbruin van kleur en heeft een klassieke uitstraling. Blad is 26cm","og_url":"https:\/\/dev.eliassen.nl\/de\/klassischer-beistelltisch-aus-metall-dunkelbraun-58-cm\/","og_site_name":"Eliassen.nl","article_publisher":"https:\/\/www.facebook.com\/TuincentrumEliassenAmmerzoden","article_modified_time":"2024-12-05T16:37:51+00:00","og_image":[{"width":1530,"height":2040,"url":"https:\/\/dev.eliassen.nl\/wp-content\/uploads\/2024\/10\/bijzettafelklassiekmetaaldonkerbruin58cmelias.jpg","type":"image\/jpeg"}],"twitter_card":"summary_large_image","schema":{"@context":"https:\/\/schema.org","@graph":[{"@type":"WebPage","@id":"https:\/\/dev.eliassen.nl\/de\/klassischer-beistelltisch-aus-metall-dunkelbraun-58-cm\/","url":"https:\/\/dev.eliassen.nl\/de\/klassischer-beistelltisch-aus-metall-dunkelbraun-58-cm\/","name":"Bijzettafel klassiek metaal donkerbruin 58cm - Eliassen.nl","isPartOf":{"@id":"https:\/\/dev.eliassen.nl\/de\/#website"},"primaryImageOfPage":{"@id":"https:\/\/dev.eliassen.nl\/de\/klassischer-beistelltisch-aus-metall-dunkelbraun-58-cm\/#primaryimage"},"image":{"@id":"https:\/\/dev.eliassen.nl\/de\/klassischer-beistelltisch-aus-metall-dunkelbraun-58-cm\/#primaryimage"},"thumbnailUrl":"https:\/\/dev.eliassen.nl\/wp-content\/uploads\/2024\/10\/bijzettafelklassiekmetaaldonkerbruin58cmelias.jpg","datePublished":"2024-09-23T14:11:46+00:00","dateModified":"2024-12-05T16:37:51+00:00","description":"dit model bijzettafel kunt u gebruiken als tafel maar ook als plantentafel. Dit model is donkerbruin van kleur en heeft een klassieke uitstraling. Blad is 26cm","breadcrumb":{"@id":"https:\/\/dev.eliassen.nl\/de\/klassischer-beistelltisch-aus-metall-dunkelbraun-58-cm\/#breadcrumb"},"inLanguage":"de","potentialAction":[{"@type":"ReadAction","target":["https:\/\/dev.eliassen.nl\/de\/klassischer-beistelltisch-aus-metall-dunkelbraun-58-cm\/"]}]},{"@type":"ImageObject","inLanguage":"de","@id":"https:\/\/dev.eliassen.nl\/de\/klassischer-beistelltisch-aus-metall-dunkelbraun-58-cm\/#primaryimage","url":"https:\/\/dev.eliassen.nl\/wp-content\/uploads\/2024\/10\/bijzettafelklassiekmetaaldonkerbruin58cmelias.jpg","contentUrl":"https:\/\/dev.eliassen.nl\/wp-content\/uploads\/2024\/10\/bijzettafelklassiekmetaaldonkerbruin58cmelias.jpg","width":1530,"height":2040,"caption":"Bijzettafel klassiek metaal donkerbruin 58cm eliassen.nl 5"},{"@type":"BreadcrumbList","@id":"https:\/\/dev.eliassen.nl\/de\/klassischer-beistelltisch-aus-metall-dunkelbraun-58-cm\/#breadcrumb","itemListElement":[{"@type":"ListItem","position":1,"name":"Home","item":"https:\/\/dev.eliassen.nl\/de\/"},{"@type":"ListItem","position":2,"name":"Shop","item":"https:\/\/dev.eliassen.nl\/nl\/winkel\/"},{"@type":"ListItem","position":3,"name":"Weitere Artikel","item":"https:\/\/dev.eliassen.nl\/de\/weitere-artikel\/"},{"@type":"ListItem","position":4,"name":"Gartenm\u00f6bel","item":"https:\/\/dev.eliassen.nl\/de\/garten-andere\/gartenmoebel\/"},{"@type":"ListItem","position":5,"name":"Klassischer Beistelltisch aus Metall, dunkelbraun, 58 cm"}]},{"@type":"WebSite","@id":"https:\/\/dev.eliassen.nl\/de\/#website","url":"https:\/\/dev.eliassen.nl\/de\/","name":"Eliassen Home & Garden Pleasure","description":"","publisher":{"@id":"https:\/\/dev.eliassen.nl\/de\/#organization"},"alternateName":"Eliassen.nl","potentialAction":[{"@type":"SearchAction","target":{"@type":"EntryPoint","urlTemplate":"https:\/\/dev.eliassen.nl\/de\/?s={search_term_string}"},"query-input":{"@type":"PropertyValueSpecification","valueRequired":true,"valueName":"search_term_string"}}],"inLanguage":"de"},{"@type":"Organization","@id":"https:\/\/dev.eliassen.nl\/de\/#organization","name":"Eliassen Home & Garden Pleasure","url":"https:\/\/dev.eliassen.nl\/de\/","logo":{"@type":"ImageObject","inLanguage":"de","@id":"https:\/\/dev.eliassen.nl\/de\/#\/schema\/logo\/image\/","url":"https:\/\/www.eliassen.nl\/wp-content\/uploads\/2024\/01\/logo_4nd.jpg","contentUrl":"https:\/\/www.eliassen.nl\/wp-content\/uploads\/2024\/01\/logo_4nd.jpg","width":500,"height":500,"caption":"Eliassen Home & Garden Pleasure"},"image":{"@id":"https:\/\/dev.eliassen.nl\/de\/#\/schema\/logo\/image\/"},"sameAs":["https:\/\/www.facebook.com\/TuincentrumEliassenAmmerzoden","https:\/\/www.instagram.com\/eliassenhomeandgarden\/","https:\/\/nl.pinterest.com\/eliassenhomeandgarden\/","https:\/\/www.youtube.com\/@eliassenhomegardenpleasure4558"]}]}},"df_price":35,"df_sale_price":"","df_regular_price":35,"df_image_link":"https:\/\/dev.eliassen.nl\/wp-content\/uploads\/2024\/10\/bijzettafelklassiekmetaaldonkerbruin58cmelias.jpg","image":"https:\/\/dev.eliassen.nl\/wp-content\/uploads\/2024\/10\/bijzettafelklassiekmetaaldonkerbruin58cmelias.jpg","price_search":"<span class=\"woocommerce-Price-amount amount\"><bdi><span class=\"woocommerce-Price-currencySymbol\">&euro;<\/span>&nbsp;35,00<\/bdi><\/span>","category":"Gartenm\u00f6bel","_links":{"self":[{"href":"https:\/\/dev.eliassen.nl\/de\/wp-json\/wp\/v2\/product\/161318","targetHints":{"allow":["GET"]}}],"collection":[{"href":"https:\/\/dev.eliassen.nl\/de\/wp-json\/wp\/v2\/product"}],"about":[{"href":"https:\/\/dev.eliassen.nl\/de\/wp-json\/wp\/v2\/types\/product"}],"wp:featuredmedia":[{"embeddable":true,"href":"https:\/\/dev.eliassen.nl\/de\/wp-json\/wp\/v2\/media\/161309"}],"wp:attachment":[{"href":"https:\/\/dev.eliassen.nl\/de\/wp-json\/wp\/v2\/media?parent=161318"}],"wp:term":[{"taxonomy":"product_brand","embeddable":true,"href":"https:\/\/dev.eliassen.nl\/de\/wp-json\/wp\/v2\/product_brand?post=161318"},{"taxonomy":"product_cat","embeddable":true,"href":"https:\/\/dev.eliassen.nl\/de\/wp-json\/wp\/v2\/product_cat?post=161318"},{"taxonomy":"product_tag","embeddable":true,"href":"https:\/\/dev.eliassen.nl\/de\/wp-json\/wp\/v2\/product_tag?post=161318"}],"curies":[{"name":"wp","href":"https:\/\/api.w.org\/{rel}","templated":true}]}}