{"id":162119,"date":"2024-09-26T09:53:07","date_gmt":"2024-09-26T07:53:07","guid":{"rendered":"https:\/\/www.eliassen.nl\/?product=strass-schilderij-dame-met-glas-2-52x152cm-mat"},"modified":"2024-12-05T17:39:20","modified_gmt":"2024-12-05T16:39:20","slug":"strassgemalde-dame-mit-glas-2-52x152cm-matt","status":"publish","type":"product","link":"https:\/\/dev.eliassen.nl\/de\/strassgemalde-dame-mit-glas-2-52x152cm-matt\/","title":{"rendered":"Strassgem\u00e4lde Dame mit Glas 2 52x152cm matt"},"content":{"rendered":"<p class=\"x_MsoNormal\" data-olk-copy-source=\"MessageBody\">Suchen Sie ein hypermodernes Leinwandgem\u00e4lde mit verschiedenen Strass-Akzenten? Dann ist dieses Modelgem\u00e4lde mit einer sch\u00f6nen Dame bei einem Glas Wein genau das Richtige f\u00fcr Sie. Dieses sehr hohe Leinwandgem\u00e4lde hat sehr sch\u00f6ne Akzente mit Steinen auf dem Kleid und dem Weinglas, wurde sorgf\u00e4ltig mit den sch\u00f6nsten Farbkompositionen und mit viel Liebe zum letzten Schliff angefertigt!<\/p>\n<p>Dieses Leinwandgem\u00e4lde wurde bei der Herstellung einem sehr modernen Verfahren unterzogen. Die Leinwand wird bedruckt, dann werden alle Steine auf die Leinwand geklebt. Das Gem\u00e4lde wird zus\u00e4tzlich mit Acrylfarbe veredelt.<\/p>\n<p class=\"x_MsoNormal\">Abschlie\u00dfend wird eine d\u00fcnne UV-best\u00e4ndige Folie \u00fcber die gesamte Leinwand gespannt und anschlie\u00dfend abgesaugt. Das Ergebnis ist ein wundersch\u00f6nes seidenmattes Gem\u00e4lde, bei dem die Strasssteine f\u00fcr einen angesagten, aber auch eleganten Look sorgen<\/p>\n<p class=\"x_MsoNormal\">Wir haben fast die gesamte Kollektion dieser Serie im Gesch\u00e4ft ausgestellt und k\u00f6nnen online bestellt werden, was in den Niederlanden einzigartig ist.<\/p>\n<ul type=\"disc\">\n<li class=\"x_MsoNormal\">Gr\u00f6\u00dfe 52x152cm<\/li>\n<li class=\"x_MsoNormal\">Ausgestattet mit einem schwarzen Backrahmen von 4 cm Dicke und 8 mm Breite vorne<\/li>\n<li class=\"x_MsoNormal\">Robuste Leinwand<\/li>\n<li class=\"x_MsoNormal\">Einfache Aufh\u00e4ngung mit 1 Schraube<\/li>\n<li class=\"x_MsoNormal\">Schnell geliefert<\/li>\n<li class=\"x_MsoNormal\"><b>Gr\u00f6\u00dfte Sammlung in den Benelux-L\u00e4ndern, die auch live besichtigt werden kann.<\/b><\/li>\n<li class=\"x_MsoNormal\">1 Jahr Garantie<\/li>\n<li class=\"x_MsoNormal\">Nur zur Verwendung im Innenbereich<\/li>\n<\/ul>\n","protected":false},"excerpt":{"rendered":"<p>Modernes Leinwandgem\u00e4lde mit vielen Strass-Akzenten.<\/p>\n","protected":false},"featured_media":162098,"template":"","meta":{"_acf_changed":false},"product_brand":[],"product_cat":[410,476,7038],"product_tag":[],"class_list":{"0":"post-162119","1":"product","2":"type-product","3":"status-publish","4":"has-post-thumbnail","6":"product_cat-gemaelde","7":"product_cat-gemaelde-auf-leinwand","8":"product_cat-strass-leinwandgemaelde","10":"first","11":"instock","12":"taxable","13":"shipping-taxable","14":"purchasable","15":"product-type-simple"},"acf":[],"yoast_head":"<!-- This site is optimized with the Yoast SEO plugin v23.8 - https:\/\/yoast.com\/wordpress\/plugins\/seo\/ -->\n<title>Strassgem\u00e4lde Dame mit Glas 2 52x152cm matt - Eliassen.nl<\/title>\n<meta name=\"description\" content=\"Suchen Sie ein modernes Gem\u00e4lde? Sie werden diese modernen Leinwandbilder mit Strasseffekten auf jeden Fall lieben. Bei uns live zu sehen! Online verf\u00fcgbar.\" \/>\n<meta name=\"robots\" content=\"noindex, follow, max-snippet:-1, max-image-preview:large, max-video-preview:-1\" \/>\n<meta property=\"og:locale\" content=\"de_DE\" \/>\n<meta property=\"og:type\" content=\"article\" \/>\n<meta property=\"og:title\" content=\"Strassgem\u00e4lde Dame mit Glas 2 52x152cm matt - Eliassen.nl\" \/>\n<meta property=\"og:description\" content=\"Suchen Sie ein modernes Gem\u00e4lde? Sie werden diese modernen Leinwandbilder mit Strasseffekten auf jeden Fall lieben. Bei uns live zu sehen! Online verf\u00fcgbar.\" \/>\n<meta property=\"og:url\" content=\"https:\/\/dev.eliassen.nl\/de\/strassgemalde-dame-mit-glas-2-52x152cm-matt\/\" \/>\n<meta property=\"og:site_name\" content=\"Eliassen.nl\" \/>\n<meta property=\"article:publisher\" content=\"https:\/\/www.facebook.com\/TuincentrumEliassenAmmerzoden\" \/>\n<meta property=\"article:modified_time\" content=\"2024-12-05T16:39:20+00:00\" \/>\n<meta property=\"og:image\" content=\"https:\/\/dev.eliassen.nl\/wp-content\/uploads\/2024\/10\/strasscanvasschilderijeliassennldameglasinl.jpg\" \/>\n\t<meta property=\"og:image:width\" content=\"753\" \/>\n\t<meta property=\"og:image:height\" content=\"2048\" \/>\n\t<meta property=\"og:image:type\" content=\"image\/jpeg\" \/>\n<meta name=\"twitter:card\" content=\"summary_large_image\" \/>\n<script type=\"application\/ld+json\" class=\"yoast-schema-graph\">{\"@context\":\"https:\/\/schema.org\",\"@graph\":[{\"@type\":\"WebPage\",\"@id\":\"https:\/\/dev.eliassen.nl\/de\/strassgemalde-dame-mit-glas-2-52x152cm-matt\/\",\"url\":\"https:\/\/dev.eliassen.nl\/de\/strassgemalde-dame-mit-glas-2-52x152cm-matt\/\",\"name\":\"Strassgem\u00e4lde Dame mit Glas 2 52x152cm matt - Eliassen.nl\",\"isPartOf\":{\"@id\":\"https:\/\/dev.eliassen.nl\/de\/#website\"},\"primaryImageOfPage\":{\"@id\":\"https:\/\/dev.eliassen.nl\/de\/strassgemalde-dame-mit-glas-2-52x152cm-matt\/#primaryimage\"},\"image\":{\"@id\":\"https:\/\/dev.eliassen.nl\/de\/strassgemalde-dame-mit-glas-2-52x152cm-matt\/#primaryimage\"},\"thumbnailUrl\":\"https:\/\/dev.eliassen.nl\/wp-content\/uploads\/2024\/10\/strasscanvasschilderijeliassennldameglasinl.jpg\",\"datePublished\":\"2024-09-26T07:53:07+00:00\",\"dateModified\":\"2024-12-05T16:39:20+00:00\",\"description\":\"Suchen Sie ein modernes Gem\u00e4lde? Sie werden diese modernen Leinwandbilder mit Strasseffekten auf jeden Fall lieben. Bei uns live zu sehen! Online verf\u00fcgbar.\",\"breadcrumb\":{\"@id\":\"https:\/\/dev.eliassen.nl\/de\/strassgemalde-dame-mit-glas-2-52x152cm-matt\/#breadcrumb\"},\"inLanguage\":\"de\",\"potentialAction\":[{\"@type\":\"ReadAction\",\"target\":[\"https:\/\/dev.eliassen.nl\/de\/strassgemalde-dame-mit-glas-2-52x152cm-matt\/\"]}]},{\"@type\":\"ImageObject\",\"inLanguage\":\"de\",\"@id\":\"https:\/\/dev.eliassen.nl\/de\/strassgemalde-dame-mit-glas-2-52x152cm-matt\/#primaryimage\",\"url\":\"https:\/\/dev.eliassen.nl\/wp-content\/uploads\/2024\/10\/strasscanvasschilderijeliassennldameglasinl.jpg\",\"contentUrl\":\"https:\/\/dev.eliassen.nl\/wp-content\/uploads\/2024\/10\/strasscanvasschilderijeliassennldameglasinl.jpg\",\"width\":753,\"height\":2048,\"caption\":\"Strass canvas schilderij Eliassen.nl Dame glas in linkerhand 6101-1 52x152 cm\"},{\"@type\":\"BreadcrumbList\",\"@id\":\"https:\/\/dev.eliassen.nl\/de\/strassgemalde-dame-mit-glas-2-52x152cm-matt\/#breadcrumb\",\"itemListElement\":[{\"@type\":\"ListItem\",\"position\":1,\"name\":\"Home\",\"item\":\"https:\/\/dev.eliassen.nl\/de\/\"},{\"@type\":\"ListItem\",\"position\":2,\"name\":\"Shop\",\"item\":\"https:\/\/dev.eliassen.nl\/nl\/winkel\/\"},{\"@type\":\"ListItem\",\"position\":3,\"name\":\"Gem\u00e4lde\",\"item\":\"https:\/\/dev.eliassen.nl\/de\/gemaelde\/\"},{\"@type\":\"ListItem\",\"position\":4,\"name\":\"Gem\u00e4lde auf Leinwand\",\"item\":\"https:\/\/dev.eliassen.nl\/de\/gemaelde\/gemaelde-auf-leinwand\/\"},{\"@type\":\"ListItem\",\"position\":5,\"name\":\"Strassgem\u00e4lde Dame mit Glas 2 52x152cm matt\"}]},{\"@type\":\"WebSite\",\"@id\":\"https:\/\/dev.eliassen.nl\/de\/#website\",\"url\":\"https:\/\/dev.eliassen.nl\/de\/\",\"name\":\"Eliassen Home & Garden Pleasure\",\"description\":\"\",\"publisher\":{\"@id\":\"https:\/\/dev.eliassen.nl\/de\/#organization\"},\"alternateName\":\"Eliassen.nl\",\"potentialAction\":[{\"@type\":\"SearchAction\",\"target\":{\"@type\":\"EntryPoint\",\"urlTemplate\":\"https:\/\/dev.eliassen.nl\/de\/?s={search_term_string}\"},\"query-input\":{\"@type\":\"PropertyValueSpecification\",\"valueRequired\":true,\"valueName\":\"search_term_string\"}}],\"inLanguage\":\"de\"},{\"@type\":\"Organization\",\"@id\":\"https:\/\/dev.eliassen.nl\/de\/#organization\",\"name\":\"Eliassen Home & Garden Pleasure\",\"url\":\"https:\/\/dev.eliassen.nl\/de\/\",\"logo\":{\"@type\":\"ImageObject\",\"inLanguage\":\"de\",\"@id\":\"https:\/\/dev.eliassen.nl\/de\/#\/schema\/logo\/image\/\",\"url\":\"https:\/\/www.eliassen.nl\/wp-content\/uploads\/2024\/01\/logo_4nd.jpg\",\"contentUrl\":\"https:\/\/www.eliassen.nl\/wp-content\/uploads\/2024\/01\/logo_4nd.jpg\",\"width\":500,\"height\":500,\"caption\":\"Eliassen Home & Garden Pleasure\"},\"image\":{\"@id\":\"https:\/\/dev.eliassen.nl\/de\/#\/schema\/logo\/image\/\"},\"sameAs\":[\"https:\/\/www.facebook.com\/TuincentrumEliassenAmmerzoden\",\"https:\/\/www.instagram.com\/eliassenhomeandgarden\/\",\"https:\/\/nl.pinterest.com\/eliassenhomeandgarden\/\",\"https:\/\/www.youtube.com\/@eliassenhomegardenpleasure4558\"]}]}<\/script>\n<!-- \/ Yoast SEO plugin. -->","yoast_head_json":{"title":"Strassgem\u00e4lde Dame mit Glas 2 52x152cm matt - Eliassen.nl","description":"Suchen Sie ein modernes Gem\u00e4lde? Sie werden diese modernen Leinwandbilder mit Strasseffekten auf jeden Fall lieben. Bei uns live zu sehen! Online verf\u00fcgbar.","robots":{"index":"noindex","follow":"follow","max-snippet":"max-snippet:-1","max-image-preview":"max-image-preview:large","max-video-preview":"max-video-preview:-1"},"og_locale":"de_DE","og_type":"article","og_title":"Strassgem\u00e4lde Dame mit Glas 2 52x152cm matt - Eliassen.nl","og_description":"Suchen Sie ein modernes Gem\u00e4lde? Sie werden diese modernen Leinwandbilder mit Strasseffekten auf jeden Fall lieben. Bei uns live zu sehen! Online verf\u00fcgbar.","og_url":"https:\/\/dev.eliassen.nl\/de\/strassgemalde-dame-mit-glas-2-52x152cm-matt\/","og_site_name":"Eliassen.nl","article_publisher":"https:\/\/www.facebook.com\/TuincentrumEliassenAmmerzoden","article_modified_time":"2024-12-05T16:39:20+00:00","og_image":[{"width":753,"height":2048,"url":"https:\/\/dev.eliassen.nl\/wp-content\/uploads\/2024\/10\/strasscanvasschilderijeliassennldameglasinl.jpg","type":"image\/jpeg"}],"twitter_card":"summary_large_image","schema":{"@context":"https:\/\/schema.org","@graph":[{"@type":"WebPage","@id":"https:\/\/dev.eliassen.nl\/de\/strassgemalde-dame-mit-glas-2-52x152cm-matt\/","url":"https:\/\/dev.eliassen.nl\/de\/strassgemalde-dame-mit-glas-2-52x152cm-matt\/","name":"Strassgem\u00e4lde Dame mit Glas 2 52x152cm matt - Eliassen.nl","isPartOf":{"@id":"https:\/\/dev.eliassen.nl\/de\/#website"},"primaryImageOfPage":{"@id":"https:\/\/dev.eliassen.nl\/de\/strassgemalde-dame-mit-glas-2-52x152cm-matt\/#primaryimage"},"image":{"@id":"https:\/\/dev.eliassen.nl\/de\/strassgemalde-dame-mit-glas-2-52x152cm-matt\/#primaryimage"},"thumbnailUrl":"https:\/\/dev.eliassen.nl\/wp-content\/uploads\/2024\/10\/strasscanvasschilderijeliassennldameglasinl.jpg","datePublished":"2024-09-26T07:53:07+00:00","dateModified":"2024-12-05T16:39:20+00:00","description":"Suchen Sie ein modernes Gem\u00e4lde? Sie werden diese modernen Leinwandbilder mit Strasseffekten auf jeden Fall lieben. Bei uns live zu sehen! Online verf\u00fcgbar.","breadcrumb":{"@id":"https:\/\/dev.eliassen.nl\/de\/strassgemalde-dame-mit-glas-2-52x152cm-matt\/#breadcrumb"},"inLanguage":"de","potentialAction":[{"@type":"ReadAction","target":["https:\/\/dev.eliassen.nl\/de\/strassgemalde-dame-mit-glas-2-52x152cm-matt\/"]}]},{"@type":"ImageObject","inLanguage":"de","@id":"https:\/\/dev.eliassen.nl\/de\/strassgemalde-dame-mit-glas-2-52x152cm-matt\/#primaryimage","url":"https:\/\/dev.eliassen.nl\/wp-content\/uploads\/2024\/10\/strasscanvasschilderijeliassennldameglasinl.jpg","contentUrl":"https:\/\/dev.eliassen.nl\/wp-content\/uploads\/2024\/10\/strasscanvasschilderijeliassennldameglasinl.jpg","width":753,"height":2048,"caption":"Strass canvas schilderij Eliassen.nl Dame glas in linkerhand 6101-1 52x152 cm"},{"@type":"BreadcrumbList","@id":"https:\/\/dev.eliassen.nl\/de\/strassgemalde-dame-mit-glas-2-52x152cm-matt\/#breadcrumb","itemListElement":[{"@type":"ListItem","position":1,"name":"Home","item":"https:\/\/dev.eliassen.nl\/de\/"},{"@type":"ListItem","position":2,"name":"Shop","item":"https:\/\/dev.eliassen.nl\/nl\/winkel\/"},{"@type":"ListItem","position":3,"name":"Gem\u00e4lde","item":"https:\/\/dev.eliassen.nl\/de\/gemaelde\/"},{"@type":"ListItem","position":4,"name":"Gem\u00e4lde auf Leinwand","item":"https:\/\/dev.eliassen.nl\/de\/gemaelde\/gemaelde-auf-leinwand\/"},{"@type":"ListItem","position":5,"name":"Strassgem\u00e4lde Dame mit Glas 2 52x152cm matt"}]},{"@type":"WebSite","@id":"https:\/\/dev.eliassen.nl\/de\/#website","url":"https:\/\/dev.eliassen.nl\/de\/","name":"Eliassen Home & Garden Pleasure","description":"","publisher":{"@id":"https:\/\/dev.eliassen.nl\/de\/#organization"},"alternateName":"Eliassen.nl","potentialAction":[{"@type":"SearchAction","target":{"@type":"EntryPoint","urlTemplate":"https:\/\/dev.eliassen.nl\/de\/?s={search_term_string}"},"query-input":{"@type":"PropertyValueSpecification","valueRequired":true,"valueName":"search_term_string"}}],"inLanguage":"de"},{"@type":"Organization","@id":"https:\/\/dev.eliassen.nl\/de\/#organization","name":"Eliassen Home & Garden Pleasure","url":"https:\/\/dev.eliassen.nl\/de\/","logo":{"@type":"ImageObject","inLanguage":"de","@id":"https:\/\/dev.eliassen.nl\/de\/#\/schema\/logo\/image\/","url":"https:\/\/www.eliassen.nl\/wp-content\/uploads\/2024\/01\/logo_4nd.jpg","contentUrl":"https:\/\/www.eliassen.nl\/wp-content\/uploads\/2024\/01\/logo_4nd.jpg","width":500,"height":500,"caption":"Eliassen Home & Garden Pleasure"},"image":{"@id":"https:\/\/dev.eliassen.nl\/de\/#\/schema\/logo\/image\/"},"sameAs":["https:\/\/www.facebook.com\/TuincentrumEliassenAmmerzoden","https:\/\/www.instagram.com\/eliassenhomeandgarden\/","https:\/\/nl.pinterest.com\/eliassenhomeandgarden\/","https:\/\/www.youtube.com\/@eliassenhomegardenpleasure4558"]}]}},"df_price":109,"df_sale_price":"","df_regular_price":109,"df_image_link":"https:\/\/dev.eliassen.nl\/wp-content\/uploads\/2024\/10\/strasscanvasschilderijeliassennldameglasinl.jpg","image":"https:\/\/dev.eliassen.nl\/wp-content\/uploads\/2024\/10\/strasscanvasschilderijeliassennldameglasinl.jpg","price_search":"<span class=\"woocommerce-Price-amount amount\"><bdi><span class=\"woocommerce-Price-currencySymbol\">&euro;<\/span>&nbsp;109,00<\/bdi><\/span>","category":"Gem\u00e4lde","_links":{"self":[{"href":"https:\/\/dev.eliassen.nl\/de\/wp-json\/wp\/v2\/product\/162119","targetHints":{"allow":["GET"]}}],"collection":[{"href":"https:\/\/dev.eliassen.nl\/de\/wp-json\/wp\/v2\/product"}],"about":[{"href":"https:\/\/dev.eliassen.nl\/de\/wp-json\/wp\/v2\/types\/product"}],"wp:featuredmedia":[{"embeddable":true,"href":"https:\/\/dev.eliassen.nl\/de\/wp-json\/wp\/v2\/media\/162098"}],"wp:attachment":[{"href":"https:\/\/dev.eliassen.nl\/de\/wp-json\/wp\/v2\/media?parent=162119"}],"wp:term":[{"taxonomy":"product_brand","embeddable":true,"href":"https:\/\/dev.eliassen.nl\/de\/wp-json\/wp\/v2\/product_brand?post=162119"},{"taxonomy":"product_cat","embeddable":true,"href":"https:\/\/dev.eliassen.nl\/de\/wp-json\/wp\/v2\/product_cat?post=162119"},{"taxonomy":"product_tag","embeddable":true,"href":"https:\/\/dev.eliassen.nl\/de\/wp-json\/wp\/v2\/product_tag?post=162119"}],"curies":[{"name":"wp","href":"https:\/\/api.w.org\/{rel}","templated":true}]}}