{"id":162389,"date":"2024-09-26T10:23:50","date_gmt":"2024-09-26T08:23:50","guid":{"rendered":"https:\/\/www.eliassen.nl\/?product=strass-schilderij-koe-naar-links-52x73cm-hoogglans"},"modified":"2024-12-05T17:39:43","modified_gmt":"2024-12-05T16:39:43","slug":"strassgemalde-kuh-nach-links-52x73cm-hochglanz","status":"publish","type":"product","link":"https:\/\/dev.eliassen.nl\/de\/strassgemalde-kuh-nach-links-52x73cm-hochglanz\/","title":{"rendered":"Strassgem\u00e4lde Kuh nach links 52x73cm Hochglanz"},"content":{"rendered":"<p class=\"x_MsoNormal\" data-olk-copy-source=\"MessageBody\">Suchen Sie ein hypermodernes Leinwandgem\u00e4lde mit verschiedenen Strass-Akzenten? Dann ist dieses Modelgem\u00e4lde mit einer cool gekleideten Kuh genau das Richtige f\u00fcr Sie. Dieses hohe Leinwandgem\u00e4lde hat sehr sch\u00f6ne Akzente mit Steinen auf dem Anzug und der Brille der Kuh, wurde sorgf\u00e4ltig mit den sch\u00f6nsten Farbkompositionen und mit viel Liebe zum letzten Schliff angefertigt!<\/p>\n<p>Dieses Leinwandgem\u00e4lde wurde bei der Herstellung einem sehr modernen Verfahren unterzogen. Die Leinwand wird bedruckt, dann werden alle Steine auf die Leinwand geklebt. Das Gem\u00e4lde wird zus\u00e4tzlich mit Acrylfarbe veredelt.<\/p>\n<p class=\"x_MsoNormal\">Abschlie\u00dfend wird eine d\u00fcnne UV-best\u00e4ndige Folie \u00fcber die gesamte Leinwand gespannt und anschlie\u00dfend abgesaugt. Das Ergebnis ist ein wundersch\u00f6nes seidenmattes Gem\u00e4lde, bei dem die Strasssteine f\u00fcr einen angesagten, aber auch eleganten Look sorgen<\/p>\n<p class=\"x_MsoNormal\">Wir haben fast die gesamte Kollektion dieser Serie im Gesch\u00e4ft ausgestellt und k\u00f6nnen online bestellt werden, was in den Niederlanden einzigartig ist.<\/p>\n<ul type=\"disc\">\n<li class=\"x_MsoNormal\">Gr\u00f6\u00dfe 52x73cm<\/li>\n<li class=\"x_MsoNormal\">Ausgestattet mit einem schwarzen Backrahmen von 4 cm Dicke und 8 mm Breite vorne<\/li>\n<li class=\"x_MsoNormal\">Robuste Leinwand<\/li>\n<li class=\"x_MsoNormal\">Einfache Aufh\u00e4ngung mit 1 Schraube<\/li>\n<li class=\"x_MsoNormal\">Schnell geliefert<\/li>\n<li class=\"x_MsoNormal\"><b>Gr\u00f6\u00dfte Sammlung in den Benelux-L\u00e4ndern, die auch live besichtigt werden kann.<\/b><\/li>\n<li class=\"x_MsoNormal\">1 Jahr Garantie<\/li>\n<li class=\"x_MsoNormal\">Nur zur Verwendung im Innenbereich<\/li>\n<\/ul>\n","protected":false},"excerpt":{"rendered":"<p>Modernes Leinwandgem\u00e4lde mit vielen Strass-Akzenten.<\/p>\n","protected":false},"featured_media":162371,"template":"","meta":{"_acf_changed":false},"product_brand":[],"product_cat":[410,7038],"product_tag":[],"class_list":{"0":"post-162389","1":"product","2":"type-product","3":"status-publish","4":"has-post-thumbnail","6":"product_cat-gemaelde","7":"product_cat-strass-leinwandgemaelde","9":"first","10":"instock","11":"taxable","12":"shipping-taxable","13":"purchasable","14":"product-type-simple"},"acf":[],"yoast_head":"<!-- This site is optimized with the Yoast SEO plugin v23.8 - https:\/\/yoast.com\/wordpress\/plugins\/seo\/ -->\n<title>Strassgem\u00e4lde Kuh nach links 52x73cm Hochglanz - Eliassen.nl<\/title>\n<meta name=\"description\" content=\"Suchen Sie ein modernes Gem\u00e4lde? Sie werden diese modernen Leinwandbilder mit Strasseffekten auf jeden Fall lieben. Bei uns live zu sehen! Online verf\u00fcgbar.\" \/>\n<meta name=\"robots\" content=\"noindex, follow, max-snippet:-1, max-image-preview:large, max-video-preview:-1\" \/>\n<meta property=\"og:locale\" content=\"de_DE\" \/>\n<meta property=\"og:type\" content=\"article\" \/>\n<meta property=\"og:title\" content=\"Strassgem\u00e4lde Kuh nach links 52x73cm Hochglanz - Eliassen.nl\" \/>\n<meta property=\"og:description\" content=\"Suchen Sie ein modernes Gem\u00e4lde? Sie werden diese modernen Leinwandbilder mit Strasseffekten auf jeden Fall lieben. Bei uns live zu sehen! Online verf\u00fcgbar.\" \/>\n<meta property=\"og:url\" content=\"https:\/\/dev.eliassen.nl\/de\/strassgemalde-kuh-nach-links-52x73cm-hochglanz\/\" \/>\n<meta property=\"og:site_name\" content=\"Eliassen.nl\" \/>\n<meta property=\"article:publisher\" content=\"https:\/\/www.facebook.com\/TuincentrumEliassenAmmerzoden\" \/>\n<meta property=\"article:modified_time\" content=\"2024-12-05T16:39:43+00:00\" \/>\n<meta property=\"og:image\" content=\"https:\/\/dev.eliassen.nl\/wp-content\/uploads\/2024\/10\/strasscanvasschilderijeliassennlkoenaarlinks.jpg\" \/>\n\t<meta property=\"og:image:width\" content=\"882\" \/>\n\t<meta property=\"og:image:height\" content=\"1226\" \/>\n\t<meta property=\"og:image:type\" content=\"image\/jpeg\" \/>\n<meta name=\"twitter:card\" content=\"summary_large_image\" \/>\n<script type=\"application\/ld+json\" class=\"yoast-schema-graph\">{\"@context\":\"https:\/\/schema.org\",\"@graph\":[{\"@type\":\"WebPage\",\"@id\":\"https:\/\/dev.eliassen.nl\/de\/strassgemalde-kuh-nach-links-52x73cm-hochglanz\/\",\"url\":\"https:\/\/dev.eliassen.nl\/de\/strassgemalde-kuh-nach-links-52x73cm-hochglanz\/\",\"name\":\"Strassgem\u00e4lde Kuh nach links 52x73cm Hochglanz - Eliassen.nl\",\"isPartOf\":{\"@id\":\"https:\/\/dev.eliassen.nl\/de\/#website\"},\"primaryImageOfPage\":{\"@id\":\"https:\/\/dev.eliassen.nl\/de\/strassgemalde-kuh-nach-links-52x73cm-hochglanz\/#primaryimage\"},\"image\":{\"@id\":\"https:\/\/dev.eliassen.nl\/de\/strassgemalde-kuh-nach-links-52x73cm-hochglanz\/#primaryimage\"},\"thumbnailUrl\":\"https:\/\/dev.eliassen.nl\/wp-content\/uploads\/2024\/10\/strasscanvasschilderijeliassennlkoenaarlinks.jpg\",\"datePublished\":\"2024-09-26T08:23:50+00:00\",\"dateModified\":\"2024-12-05T16:39:43+00:00\",\"description\":\"Suchen Sie ein modernes Gem\u00e4lde? Sie werden diese modernen Leinwandbilder mit Strasseffekten auf jeden Fall lieben. Bei uns live zu sehen! Online verf\u00fcgbar.\",\"breadcrumb\":{\"@id\":\"https:\/\/dev.eliassen.nl\/de\/strassgemalde-kuh-nach-links-52x73cm-hochglanz\/#breadcrumb\"},\"inLanguage\":\"de\",\"potentialAction\":[{\"@type\":\"ReadAction\",\"target\":[\"https:\/\/dev.eliassen.nl\/de\/strassgemalde-kuh-nach-links-52x73cm-hochglanz\/\"]}]},{\"@type\":\"ImageObject\",\"inLanguage\":\"de\",\"@id\":\"https:\/\/dev.eliassen.nl\/de\/strassgemalde-kuh-nach-links-52x73cm-hochglanz\/#primaryimage\",\"url\":\"https:\/\/dev.eliassen.nl\/wp-content\/uploads\/2024\/10\/strasscanvasschilderijeliassennlkoenaarlinks.jpg\",\"contentUrl\":\"https:\/\/dev.eliassen.nl\/wp-content\/uploads\/2024\/10\/strasscanvasschilderijeliassennlkoenaarlinks.jpg\",\"width\":882,\"height\":1226,\"caption\":\"Strass canvas schilderij Eliassen.nl Koe naar links 6109-1 52,5x72,5 cm\"},{\"@type\":\"BreadcrumbList\",\"@id\":\"https:\/\/dev.eliassen.nl\/de\/strassgemalde-kuh-nach-links-52x73cm-hochglanz\/#breadcrumb\",\"itemListElement\":[{\"@type\":\"ListItem\",\"position\":1,\"name\":\"Home\",\"item\":\"https:\/\/dev.eliassen.nl\/de\/\"},{\"@type\":\"ListItem\",\"position\":2,\"name\":\"Shop\",\"item\":\"https:\/\/dev.eliassen.nl\/nl\/winkel\/\"},{\"@type\":\"ListItem\",\"position\":3,\"name\":\"Gem\u00e4lde\",\"item\":\"https:\/\/dev.eliassen.nl\/de\/gemaelde\/\"},{\"@type\":\"ListItem\",\"position\":4,\"name\":\"Strassgem\u00e4lde Kuh nach links 52x73cm Hochglanz\"}]},{\"@type\":\"WebSite\",\"@id\":\"https:\/\/dev.eliassen.nl\/de\/#website\",\"url\":\"https:\/\/dev.eliassen.nl\/de\/\",\"name\":\"Eliassen Home & Garden Pleasure\",\"description\":\"\",\"publisher\":{\"@id\":\"https:\/\/dev.eliassen.nl\/de\/#organization\"},\"alternateName\":\"Eliassen.nl\",\"potentialAction\":[{\"@type\":\"SearchAction\",\"target\":{\"@type\":\"EntryPoint\",\"urlTemplate\":\"https:\/\/dev.eliassen.nl\/de\/?s={search_term_string}\"},\"query-input\":{\"@type\":\"PropertyValueSpecification\",\"valueRequired\":true,\"valueName\":\"search_term_string\"}}],\"inLanguage\":\"de\"},{\"@type\":\"Organization\",\"@id\":\"https:\/\/dev.eliassen.nl\/de\/#organization\",\"name\":\"Eliassen Home & Garden Pleasure\",\"url\":\"https:\/\/dev.eliassen.nl\/de\/\",\"logo\":{\"@type\":\"ImageObject\",\"inLanguage\":\"de\",\"@id\":\"https:\/\/dev.eliassen.nl\/de\/#\/schema\/logo\/image\/\",\"url\":\"https:\/\/www.eliassen.nl\/wp-content\/uploads\/2024\/01\/logo_4nd.jpg\",\"contentUrl\":\"https:\/\/www.eliassen.nl\/wp-content\/uploads\/2024\/01\/logo_4nd.jpg\",\"width\":500,\"height\":500,\"caption\":\"Eliassen Home & Garden Pleasure\"},\"image\":{\"@id\":\"https:\/\/dev.eliassen.nl\/de\/#\/schema\/logo\/image\/\"},\"sameAs\":[\"https:\/\/www.facebook.com\/TuincentrumEliassenAmmerzoden\",\"https:\/\/www.instagram.com\/eliassenhomeandgarden\/\",\"https:\/\/nl.pinterest.com\/eliassenhomeandgarden\/\",\"https:\/\/www.youtube.com\/@eliassenhomegardenpleasure4558\"]}]}<\/script>\n<!-- \/ Yoast SEO plugin. -->","yoast_head_json":{"title":"Strassgem\u00e4lde Kuh nach links 52x73cm Hochglanz - Eliassen.nl","description":"Suchen Sie ein modernes Gem\u00e4lde? Sie werden diese modernen Leinwandbilder mit Strasseffekten auf jeden Fall lieben. Bei uns live zu sehen! Online verf\u00fcgbar.","robots":{"index":"noindex","follow":"follow","max-snippet":"max-snippet:-1","max-image-preview":"max-image-preview:large","max-video-preview":"max-video-preview:-1"},"og_locale":"de_DE","og_type":"article","og_title":"Strassgem\u00e4lde Kuh nach links 52x73cm Hochglanz - Eliassen.nl","og_description":"Suchen Sie ein modernes Gem\u00e4lde? Sie werden diese modernen Leinwandbilder mit Strasseffekten auf jeden Fall lieben. Bei uns live zu sehen! Online verf\u00fcgbar.","og_url":"https:\/\/dev.eliassen.nl\/de\/strassgemalde-kuh-nach-links-52x73cm-hochglanz\/","og_site_name":"Eliassen.nl","article_publisher":"https:\/\/www.facebook.com\/TuincentrumEliassenAmmerzoden","article_modified_time":"2024-12-05T16:39:43+00:00","og_image":[{"width":882,"height":1226,"url":"https:\/\/dev.eliassen.nl\/wp-content\/uploads\/2024\/10\/strasscanvasschilderijeliassennlkoenaarlinks.jpg","type":"image\/jpeg"}],"twitter_card":"summary_large_image","schema":{"@context":"https:\/\/schema.org","@graph":[{"@type":"WebPage","@id":"https:\/\/dev.eliassen.nl\/de\/strassgemalde-kuh-nach-links-52x73cm-hochglanz\/","url":"https:\/\/dev.eliassen.nl\/de\/strassgemalde-kuh-nach-links-52x73cm-hochglanz\/","name":"Strassgem\u00e4lde Kuh nach links 52x73cm Hochglanz - Eliassen.nl","isPartOf":{"@id":"https:\/\/dev.eliassen.nl\/de\/#website"},"primaryImageOfPage":{"@id":"https:\/\/dev.eliassen.nl\/de\/strassgemalde-kuh-nach-links-52x73cm-hochglanz\/#primaryimage"},"image":{"@id":"https:\/\/dev.eliassen.nl\/de\/strassgemalde-kuh-nach-links-52x73cm-hochglanz\/#primaryimage"},"thumbnailUrl":"https:\/\/dev.eliassen.nl\/wp-content\/uploads\/2024\/10\/strasscanvasschilderijeliassennlkoenaarlinks.jpg","datePublished":"2024-09-26T08:23:50+00:00","dateModified":"2024-12-05T16:39:43+00:00","description":"Suchen Sie ein modernes Gem\u00e4lde? Sie werden diese modernen Leinwandbilder mit Strasseffekten auf jeden Fall lieben. Bei uns live zu sehen! Online verf\u00fcgbar.","breadcrumb":{"@id":"https:\/\/dev.eliassen.nl\/de\/strassgemalde-kuh-nach-links-52x73cm-hochglanz\/#breadcrumb"},"inLanguage":"de","potentialAction":[{"@type":"ReadAction","target":["https:\/\/dev.eliassen.nl\/de\/strassgemalde-kuh-nach-links-52x73cm-hochglanz\/"]}]},{"@type":"ImageObject","inLanguage":"de","@id":"https:\/\/dev.eliassen.nl\/de\/strassgemalde-kuh-nach-links-52x73cm-hochglanz\/#primaryimage","url":"https:\/\/dev.eliassen.nl\/wp-content\/uploads\/2024\/10\/strasscanvasschilderijeliassennlkoenaarlinks.jpg","contentUrl":"https:\/\/dev.eliassen.nl\/wp-content\/uploads\/2024\/10\/strasscanvasschilderijeliassennlkoenaarlinks.jpg","width":882,"height":1226,"caption":"Strass canvas schilderij Eliassen.nl Koe naar links 6109-1 52,5x72,5 cm"},{"@type":"BreadcrumbList","@id":"https:\/\/dev.eliassen.nl\/de\/strassgemalde-kuh-nach-links-52x73cm-hochglanz\/#breadcrumb","itemListElement":[{"@type":"ListItem","position":1,"name":"Home","item":"https:\/\/dev.eliassen.nl\/de\/"},{"@type":"ListItem","position":2,"name":"Shop","item":"https:\/\/dev.eliassen.nl\/nl\/winkel\/"},{"@type":"ListItem","position":3,"name":"Gem\u00e4lde","item":"https:\/\/dev.eliassen.nl\/de\/gemaelde\/"},{"@type":"ListItem","position":4,"name":"Strassgem\u00e4lde Kuh nach links 52x73cm Hochglanz"}]},{"@type":"WebSite","@id":"https:\/\/dev.eliassen.nl\/de\/#website","url":"https:\/\/dev.eliassen.nl\/de\/","name":"Eliassen Home & Garden Pleasure","description":"","publisher":{"@id":"https:\/\/dev.eliassen.nl\/de\/#organization"},"alternateName":"Eliassen.nl","potentialAction":[{"@type":"SearchAction","target":{"@type":"EntryPoint","urlTemplate":"https:\/\/dev.eliassen.nl\/de\/?s={search_term_string}"},"query-input":{"@type":"PropertyValueSpecification","valueRequired":true,"valueName":"search_term_string"}}],"inLanguage":"de"},{"@type":"Organization","@id":"https:\/\/dev.eliassen.nl\/de\/#organization","name":"Eliassen Home & Garden Pleasure","url":"https:\/\/dev.eliassen.nl\/de\/","logo":{"@type":"ImageObject","inLanguage":"de","@id":"https:\/\/dev.eliassen.nl\/de\/#\/schema\/logo\/image\/","url":"https:\/\/www.eliassen.nl\/wp-content\/uploads\/2024\/01\/logo_4nd.jpg","contentUrl":"https:\/\/www.eliassen.nl\/wp-content\/uploads\/2024\/01\/logo_4nd.jpg","width":500,"height":500,"caption":"Eliassen Home & Garden Pleasure"},"image":{"@id":"https:\/\/dev.eliassen.nl\/de\/#\/schema\/logo\/image\/"},"sameAs":["https:\/\/www.facebook.com\/TuincentrumEliassenAmmerzoden","https:\/\/www.instagram.com\/eliassenhomeandgarden\/","https:\/\/nl.pinterest.com\/eliassenhomeandgarden\/","https:\/\/www.youtube.com\/@eliassenhomegardenpleasure4558"]}]}},"df_price":65,"df_sale_price":"","df_regular_price":65,"df_image_link":"https:\/\/dev.eliassen.nl\/wp-content\/uploads\/2024\/10\/strasscanvasschilderijeliassennlkoenaarlinks.jpg","image":"https:\/\/dev.eliassen.nl\/wp-content\/uploads\/2024\/10\/strasscanvasschilderijeliassennlkoenaarlinks.jpg","price_search":"<span class=\"woocommerce-Price-amount amount\"><bdi><span class=\"woocommerce-Price-currencySymbol\">&euro;<\/span>&nbsp;65,00<\/bdi><\/span>","category":"Gem\u00e4lde","_links":{"self":[{"href":"https:\/\/dev.eliassen.nl\/de\/wp-json\/wp\/v2\/product\/162389","targetHints":{"allow":["GET"]}}],"collection":[{"href":"https:\/\/dev.eliassen.nl\/de\/wp-json\/wp\/v2\/product"}],"about":[{"href":"https:\/\/dev.eliassen.nl\/de\/wp-json\/wp\/v2\/types\/product"}],"wp:featuredmedia":[{"embeddable":true,"href":"https:\/\/dev.eliassen.nl\/de\/wp-json\/wp\/v2\/media\/162371"}],"wp:attachment":[{"href":"https:\/\/dev.eliassen.nl\/de\/wp-json\/wp\/v2\/media?parent=162389"}],"wp:term":[{"taxonomy":"product_brand","embeddable":true,"href":"https:\/\/dev.eliassen.nl\/de\/wp-json\/wp\/v2\/product_brand?post=162389"},{"taxonomy":"product_cat","embeddable":true,"href":"https:\/\/dev.eliassen.nl\/de\/wp-json\/wp\/v2\/product_cat?post=162389"},{"taxonomy":"product_tag","embeddable":true,"href":"https:\/\/dev.eliassen.nl\/de\/wp-json\/wp\/v2\/product_tag?post=162389"}],"curies":[{"name":"wp","href":"https:\/\/api.w.org\/{rel}","templated":true}]}}