{"id":162758,"date":"2024-09-26T11:48:37","date_gmt":"2024-09-26T09:48:37","guid":{"rendered":"https:\/\/www.eliassen.nl\/?product=strass-glasschilderij-chanel-dollar-biljet-160x70c"},"modified":"2024-12-05T17:40:29","modified_gmt":"2024-12-05T16:40:29","slug":"strassglasmalerei-chanel-dollar-banknote-160x70cm","status":"publish","type":"product","link":"https:\/\/dev.eliassen.nl\/de\/strassglasmalerei-chanel-dollar-banknote-160x70cm\/","title":{"rendered":"Strassglasmalerei Chanel Dollar-Banknote 160x70cm"},"content":{"rendered":"<p class=\"x_MsoNormal\">Suchen Sie ein hypermodernes Glasgem\u00e4lde mit verschiedenen Strass-Akzenten? Dann ist dieses Glasmalerei-Modell mit einem Dollarschein mit Chanel-Effekten genau das Richtige f\u00fcr Sie. Dieses breite Glasgem\u00e4lde hat sehr sch\u00f6ne Akzente mit Steinen \u00fcber die gesamte Banknote, ist sorgf\u00e4ltig mit den sch\u00f6nsten Farbkompositionen und mit viel Liebe zum letzten Schliff gefertigt!<\/p>\n<p class=\"x_MsoNormal\">Das Ergebnis ist ein wundersch\u00f6nes Hochglanzgem\u00e4lde, bei dem die Strasssteine f\u00fcr einen angesagten, aber auch schicken Look sorgen.<\/p>\n<p class=\"x_MsoNormal\">Wir haben auch fast die gesamte Kollektion dieser Serie im Gesch\u00e4ft, was in den Niederlanden einzigartig ist.<\/p>\n<p class=\"x_MsoNormal\" data-olk-copy-source=\"MessageBody\">\u2022 Gr\u00f6\u00dfe 160x70cm<\/p>\n<p class=\"x_MsoNormal\">\u2022 Ausgestattet mit Aufh\u00e4ngematerial<\/p>\n<p class=\"x_MsoNormal\">\u2022 4 mm dickes Sicherheitsglas<\/p>\n<p class=\"x_MsoNormal\">\u2022 Einfache Aufh\u00e4ngung mit 2 Schrauben<\/p>\n<p class=\"x_MsoNormal\">\u2022 Schnell geliefert<\/p>\n<p class=\"x_MsoNormal\">\u2022 Gr\u00f6\u00dfte Sammlung in den Benelux-L\u00e4ndern, die auch live besichtigt werden kann.<\/p>\n<p class=\"x_MsoNormal\">\u2022 1 Jahr Garantie<\/p>\n<p class=\"x_MsoNormal\">\u2022 Nur f\u00fcr den Innenbereich geeignet<\/p>\n","protected":false},"excerpt":{"rendered":"<p>Moderne Glasmalerei mit vielen Strass-Akzenten.<\/p>\n","protected":false},"featured_media":162755,"template":"","meta":{"_acf_changed":false},"product_brand":[],"product_cat":[410,443,7035],"product_tag":[],"class_list":{"0":"post-162758","1":"product","2":"type-product","3":"status-publish","4":"has-post-thumbnail","6":"product_cat-gemaelde","7":"product_cat-glasmalereien","8":"product_cat-strass-glasgemaelde","10":"first","11":"instock","12":"taxable","13":"shipping-taxable","14":"purchasable","15":"product-type-simple"},"acf":[],"yoast_head":"<!-- This site is optimized with the Yoast SEO plugin v23.8 - https:\/\/yoast.com\/wordpress\/plugins\/seo\/ -->\n<title>Strassglasmalerei Chanel Dollar-Banknote 160x70cm - Eliassen.nl<\/title>\n<meta name=\"description\" content=\"Suchen Sie ein modernes Glasgem\u00e4lde? Diese modernen Glasgem\u00e4lde mit Strasseffekten werden Ihnen bestimmt gefallen. Bei uns live zu sehen! Online verf\u00fcgbar.\" \/>\n<meta name=\"robots\" content=\"noindex, follow, max-snippet:-1, max-image-preview:large, max-video-preview:-1\" \/>\n<meta property=\"og:locale\" content=\"de_DE\" \/>\n<meta property=\"og:type\" content=\"article\" \/>\n<meta property=\"og:title\" content=\"Strassglasmalerei Chanel Dollar-Banknote 160x70cm - Eliassen.nl\" \/>\n<meta property=\"og:description\" content=\"Suchen Sie ein modernes Glasgem\u00e4lde? Diese modernen Glasgem\u00e4lde mit Strasseffekten werden Ihnen bestimmt gefallen. Bei uns live zu sehen! Online verf\u00fcgbar.\" \/>\n<meta property=\"og:url\" content=\"https:\/\/dev.eliassen.nl\/de\/strassglasmalerei-chanel-dollar-banknote-160x70cm\/\" \/>\n<meta property=\"og:site_name\" content=\"Eliassen.nl\" \/>\n<meta property=\"article:publisher\" content=\"https:\/\/www.facebook.com\/TuincentrumEliassenAmmerzoden\" \/>\n<meta property=\"article:modified_time\" content=\"2024-12-05T16:40:29+00:00\" \/>\n<meta property=\"og:image\" content=\"https:\/\/dev.eliassen.nl\/wp-content\/uploads\/2024\/10\/strassglasschilderijeliassennchaneldollarbilj.jpg\" \/>\n\t<meta property=\"og:image:width\" content=\"2048\" \/>\n\t<meta property=\"og:image:height\" content=\"896\" \/>\n\t<meta property=\"og:image:type\" content=\"image\/jpeg\" \/>\n<meta name=\"twitter:card\" content=\"summary_large_image\" \/>\n<script type=\"application\/ld+json\" class=\"yoast-schema-graph\">{\"@context\":\"https:\/\/schema.org\",\"@graph\":[{\"@type\":\"WebPage\",\"@id\":\"https:\/\/dev.eliassen.nl\/de\/strassglasmalerei-chanel-dollar-banknote-160x70cm\/\",\"url\":\"https:\/\/dev.eliassen.nl\/de\/strassglasmalerei-chanel-dollar-banknote-160x70cm\/\",\"name\":\"Strassglasmalerei Chanel Dollar-Banknote 160x70cm - Eliassen.nl\",\"isPartOf\":{\"@id\":\"https:\/\/dev.eliassen.nl\/de\/#website\"},\"primaryImageOfPage\":{\"@id\":\"https:\/\/dev.eliassen.nl\/de\/strassglasmalerei-chanel-dollar-banknote-160x70cm\/#primaryimage\"},\"image\":{\"@id\":\"https:\/\/dev.eliassen.nl\/de\/strassglasmalerei-chanel-dollar-banknote-160x70cm\/#primaryimage\"},\"thumbnailUrl\":\"https:\/\/dev.eliassen.nl\/wp-content\/uploads\/2024\/10\/strassglasschilderijeliassennchaneldollarbilj.jpg\",\"datePublished\":\"2024-09-26T09:48:37+00:00\",\"dateModified\":\"2024-12-05T16:40:29+00:00\",\"description\":\"Suchen Sie ein modernes Glasgem\u00e4lde? Diese modernen Glasgem\u00e4lde mit Strasseffekten werden Ihnen bestimmt gefallen. Bei uns live zu sehen! Online verf\u00fcgbar.\",\"breadcrumb\":{\"@id\":\"https:\/\/dev.eliassen.nl\/de\/strassglasmalerei-chanel-dollar-banknote-160x70cm\/#breadcrumb\"},\"inLanguage\":\"de\",\"potentialAction\":[{\"@type\":\"ReadAction\",\"target\":[\"https:\/\/dev.eliassen.nl\/de\/strassglasmalerei-chanel-dollar-banknote-160x70cm\/\"]}]},{\"@type\":\"ImageObject\",\"inLanguage\":\"de\",\"@id\":\"https:\/\/dev.eliassen.nl\/de\/strassglasmalerei-chanel-dollar-banknote-160x70cm\/#primaryimage\",\"url\":\"https:\/\/dev.eliassen.nl\/wp-content\/uploads\/2024\/10\/strassglasschilderijeliassennchaneldollarbilj.jpg\",\"contentUrl\":\"https:\/\/dev.eliassen.nl\/wp-content\/uploads\/2024\/10\/strassglasschilderijeliassennchaneldollarbilj.jpg\",\"width\":2048,\"height\":896,\"caption\":\"Strass glasschilderij Eliassen.n Chanel dollar biljet s-368\"},{\"@type\":\"BreadcrumbList\",\"@id\":\"https:\/\/dev.eliassen.nl\/de\/strassglasmalerei-chanel-dollar-banknote-160x70cm\/#breadcrumb\",\"itemListElement\":[{\"@type\":\"ListItem\",\"position\":1,\"name\":\"Home\",\"item\":\"https:\/\/dev.eliassen.nl\/de\/\"},{\"@type\":\"ListItem\",\"position\":2,\"name\":\"Shop\",\"item\":\"https:\/\/dev.eliassen.nl\/nl\/winkel\/\"},{\"@type\":\"ListItem\",\"position\":3,\"name\":\"Glasmalereien\",\"item\":\"https:\/\/dev.eliassen.nl\/de\/gemaelde\/glasmalereien\/\"},{\"@type\":\"ListItem\",\"position\":4,\"name\":\"Strass-Glasgem\u00e4lde\",\"item\":\"https:\/\/dev.eliassen.nl\/de\/product-categorie\/glasmalereien\/strass-glasgemaelde\/\"},{\"@type\":\"ListItem\",\"position\":5,\"name\":\"Strassglasmalerei Chanel Dollar-Banknote 160x70cm\"}]},{\"@type\":\"WebSite\",\"@id\":\"https:\/\/dev.eliassen.nl\/de\/#website\",\"url\":\"https:\/\/dev.eliassen.nl\/de\/\",\"name\":\"Eliassen Home & Garden Pleasure\",\"description\":\"\",\"publisher\":{\"@id\":\"https:\/\/dev.eliassen.nl\/de\/#organization\"},\"alternateName\":\"Eliassen.nl\",\"potentialAction\":[{\"@type\":\"SearchAction\",\"target\":{\"@type\":\"EntryPoint\",\"urlTemplate\":\"https:\/\/dev.eliassen.nl\/de\/?s={search_term_string}\"},\"query-input\":{\"@type\":\"PropertyValueSpecification\",\"valueRequired\":true,\"valueName\":\"search_term_string\"}}],\"inLanguage\":\"de\"},{\"@type\":\"Organization\",\"@id\":\"https:\/\/dev.eliassen.nl\/de\/#organization\",\"name\":\"Eliassen Home & Garden Pleasure\",\"url\":\"https:\/\/dev.eliassen.nl\/de\/\",\"logo\":{\"@type\":\"ImageObject\",\"inLanguage\":\"de\",\"@id\":\"https:\/\/dev.eliassen.nl\/de\/#\/schema\/logo\/image\/\",\"url\":\"https:\/\/www.eliassen.nl\/wp-content\/uploads\/2024\/01\/logo_4nd.jpg\",\"contentUrl\":\"https:\/\/www.eliassen.nl\/wp-content\/uploads\/2024\/01\/logo_4nd.jpg\",\"width\":500,\"height\":500,\"caption\":\"Eliassen Home & Garden Pleasure\"},\"image\":{\"@id\":\"https:\/\/dev.eliassen.nl\/de\/#\/schema\/logo\/image\/\"},\"sameAs\":[\"https:\/\/www.facebook.com\/TuincentrumEliassenAmmerzoden\",\"https:\/\/www.instagram.com\/eliassenhomeandgarden\/\",\"https:\/\/nl.pinterest.com\/eliassenhomeandgarden\/\",\"https:\/\/www.youtube.com\/@eliassenhomegardenpleasure4558\"]}]}<\/script>\n<!-- \/ Yoast SEO plugin. -->","yoast_head_json":{"title":"Strassglasmalerei Chanel Dollar-Banknote 160x70cm - Eliassen.nl","description":"Suchen Sie ein modernes Glasgem\u00e4lde? Diese modernen Glasgem\u00e4lde mit Strasseffekten werden Ihnen bestimmt gefallen. Bei uns live zu sehen! Online verf\u00fcgbar.","robots":{"index":"noindex","follow":"follow","max-snippet":"max-snippet:-1","max-image-preview":"max-image-preview:large","max-video-preview":"max-video-preview:-1"},"og_locale":"de_DE","og_type":"article","og_title":"Strassglasmalerei Chanel Dollar-Banknote 160x70cm - Eliassen.nl","og_description":"Suchen Sie ein modernes Glasgem\u00e4lde? Diese modernen Glasgem\u00e4lde mit Strasseffekten werden Ihnen bestimmt gefallen. Bei uns live zu sehen! Online verf\u00fcgbar.","og_url":"https:\/\/dev.eliassen.nl\/de\/strassglasmalerei-chanel-dollar-banknote-160x70cm\/","og_site_name":"Eliassen.nl","article_publisher":"https:\/\/www.facebook.com\/TuincentrumEliassenAmmerzoden","article_modified_time":"2024-12-05T16:40:29+00:00","og_image":[{"width":2048,"height":896,"url":"https:\/\/dev.eliassen.nl\/wp-content\/uploads\/2024\/10\/strassglasschilderijeliassennchaneldollarbilj.jpg","type":"image\/jpeg"}],"twitter_card":"summary_large_image","schema":{"@context":"https:\/\/schema.org","@graph":[{"@type":"WebPage","@id":"https:\/\/dev.eliassen.nl\/de\/strassglasmalerei-chanel-dollar-banknote-160x70cm\/","url":"https:\/\/dev.eliassen.nl\/de\/strassglasmalerei-chanel-dollar-banknote-160x70cm\/","name":"Strassglasmalerei Chanel Dollar-Banknote 160x70cm - Eliassen.nl","isPartOf":{"@id":"https:\/\/dev.eliassen.nl\/de\/#website"},"primaryImageOfPage":{"@id":"https:\/\/dev.eliassen.nl\/de\/strassglasmalerei-chanel-dollar-banknote-160x70cm\/#primaryimage"},"image":{"@id":"https:\/\/dev.eliassen.nl\/de\/strassglasmalerei-chanel-dollar-banknote-160x70cm\/#primaryimage"},"thumbnailUrl":"https:\/\/dev.eliassen.nl\/wp-content\/uploads\/2024\/10\/strassglasschilderijeliassennchaneldollarbilj.jpg","datePublished":"2024-09-26T09:48:37+00:00","dateModified":"2024-12-05T16:40:29+00:00","description":"Suchen Sie ein modernes Glasgem\u00e4lde? Diese modernen Glasgem\u00e4lde mit Strasseffekten werden Ihnen bestimmt gefallen. Bei uns live zu sehen! Online verf\u00fcgbar.","breadcrumb":{"@id":"https:\/\/dev.eliassen.nl\/de\/strassglasmalerei-chanel-dollar-banknote-160x70cm\/#breadcrumb"},"inLanguage":"de","potentialAction":[{"@type":"ReadAction","target":["https:\/\/dev.eliassen.nl\/de\/strassglasmalerei-chanel-dollar-banknote-160x70cm\/"]}]},{"@type":"ImageObject","inLanguage":"de","@id":"https:\/\/dev.eliassen.nl\/de\/strassglasmalerei-chanel-dollar-banknote-160x70cm\/#primaryimage","url":"https:\/\/dev.eliassen.nl\/wp-content\/uploads\/2024\/10\/strassglasschilderijeliassennchaneldollarbilj.jpg","contentUrl":"https:\/\/dev.eliassen.nl\/wp-content\/uploads\/2024\/10\/strassglasschilderijeliassennchaneldollarbilj.jpg","width":2048,"height":896,"caption":"Strass glasschilderij Eliassen.n Chanel dollar biljet s-368"},{"@type":"BreadcrumbList","@id":"https:\/\/dev.eliassen.nl\/de\/strassglasmalerei-chanel-dollar-banknote-160x70cm\/#breadcrumb","itemListElement":[{"@type":"ListItem","position":1,"name":"Home","item":"https:\/\/dev.eliassen.nl\/de\/"},{"@type":"ListItem","position":2,"name":"Shop","item":"https:\/\/dev.eliassen.nl\/nl\/winkel\/"},{"@type":"ListItem","position":3,"name":"Glasmalereien","item":"https:\/\/dev.eliassen.nl\/de\/gemaelde\/glasmalereien\/"},{"@type":"ListItem","position":4,"name":"Strass-Glasgem\u00e4lde","item":"https:\/\/dev.eliassen.nl\/de\/product-categorie\/glasmalereien\/strass-glasgemaelde\/"},{"@type":"ListItem","position":5,"name":"Strassglasmalerei Chanel Dollar-Banknote 160x70cm"}]},{"@type":"WebSite","@id":"https:\/\/dev.eliassen.nl\/de\/#website","url":"https:\/\/dev.eliassen.nl\/de\/","name":"Eliassen Home & Garden Pleasure","description":"","publisher":{"@id":"https:\/\/dev.eliassen.nl\/de\/#organization"},"alternateName":"Eliassen.nl","potentialAction":[{"@type":"SearchAction","target":{"@type":"EntryPoint","urlTemplate":"https:\/\/dev.eliassen.nl\/de\/?s={search_term_string}"},"query-input":{"@type":"PropertyValueSpecification","valueRequired":true,"valueName":"search_term_string"}}],"inLanguage":"de"},{"@type":"Organization","@id":"https:\/\/dev.eliassen.nl\/de\/#organization","name":"Eliassen Home & Garden Pleasure","url":"https:\/\/dev.eliassen.nl\/de\/","logo":{"@type":"ImageObject","inLanguage":"de","@id":"https:\/\/dev.eliassen.nl\/de\/#\/schema\/logo\/image\/","url":"https:\/\/www.eliassen.nl\/wp-content\/uploads\/2024\/01\/logo_4nd.jpg","contentUrl":"https:\/\/www.eliassen.nl\/wp-content\/uploads\/2024\/01\/logo_4nd.jpg","width":500,"height":500,"caption":"Eliassen Home & Garden Pleasure"},"image":{"@id":"https:\/\/dev.eliassen.nl\/de\/#\/schema\/logo\/image\/"},"sameAs":["https:\/\/www.facebook.com\/TuincentrumEliassenAmmerzoden","https:\/\/www.instagram.com\/eliassenhomeandgarden\/","https:\/\/nl.pinterest.com\/eliassenhomeandgarden\/","https:\/\/www.youtube.com\/@eliassenhomegardenpleasure4558"]}]}},"df_price":249,"df_sale_price":"","df_regular_price":249,"df_image_link":"https:\/\/dev.eliassen.nl\/wp-content\/uploads\/2024\/10\/strassglasschilderijeliassennchaneldollarbilj.jpg","image":"https:\/\/dev.eliassen.nl\/wp-content\/uploads\/2024\/10\/strassglasschilderijeliassennchaneldollarbilj.jpg","price_search":"<span class=\"woocommerce-Price-amount amount\"><bdi><span class=\"woocommerce-Price-currencySymbol\">&euro;<\/span>&nbsp;249,00<\/bdi><\/span>","category":"Gem\u00e4lde","_links":{"self":[{"href":"https:\/\/dev.eliassen.nl\/de\/wp-json\/wp\/v2\/product\/162758","targetHints":{"allow":["GET"]}}],"collection":[{"href":"https:\/\/dev.eliassen.nl\/de\/wp-json\/wp\/v2\/product"}],"about":[{"href":"https:\/\/dev.eliassen.nl\/de\/wp-json\/wp\/v2\/types\/product"}],"wp:featuredmedia":[{"embeddable":true,"href":"https:\/\/dev.eliassen.nl\/de\/wp-json\/wp\/v2\/media\/162755"}],"wp:attachment":[{"href":"https:\/\/dev.eliassen.nl\/de\/wp-json\/wp\/v2\/media?parent=162758"}],"wp:term":[{"taxonomy":"product_brand","embeddable":true,"href":"https:\/\/dev.eliassen.nl\/de\/wp-json\/wp\/v2\/product_brand?post=162758"},{"taxonomy":"product_cat","embeddable":true,"href":"https:\/\/dev.eliassen.nl\/de\/wp-json\/wp\/v2\/product_cat?post=162758"},{"taxonomy":"product_tag","embeddable":true,"href":"https:\/\/dev.eliassen.nl\/de\/wp-json\/wp\/v2\/product_tag?post=162758"}],"curies":[{"name":"wp","href":"https:\/\/api.w.org\/{rel}","templated":true}]}}