{"id":162941,"date":"2024-09-26T12:23:46","date_gmt":"2024-09-26T10:23:46","guid":{"rendered":"https:\/\/www.eliassen.nl\/?product=pot-metaal-dutch-blauw-hoog-in-3-maten"},"modified":"2024-12-05T17:40:44","modified_gmt":"2024-12-05T16:40:44","slug":"topf-aus-metall-dutch-blue-hoch-in-3-grossen","status":"publish","type":"product","link":"https:\/\/dev.eliassen.nl\/de\/topf-aus-metall-dutch-blue-hoch-in-3-grossen\/","title":{"rendered":"Topf aus Metall Dutch Blue hoch in 3 Gr\u00f6\u00dfen"},"content":{"rendered":"<div class=\"video-container\"><iframe loading=\"lazy\" title=\"Ter Steege Lammie potten en vazen van metaal - Kleurrijke modellen bij Eliassen nl\" width=\"500\" height=\"281\" src=\"https:\/\/www.youtube.com\/embed\/0MFGgMmhODE?feature=oembed&#038;enablejsapi=1&#038;origin=https:\/\/www.eliassen.nl\" frameborder=\"0\" allow=\"accelerometer; autoplay; clipboard-write; encrypted-media; gyroscope; picture-in-picture; web-share\" referrerpolicy=\"strict-origin-when-cross-origin\" allowfullscreen><\/iframe><\/div>\n<p>Wir m\u00f6chten Ihnen unsere Indoor-T\u00f6pfe aus der Lammie-Serie vorstellen. Diese Blumentopfserie wurde von der K\u00fcnstlerin Lammie entworfen, die bei der niederl\u00e4ndischen Firma Ter Steege arbeitet.<\/p>\n<p>Alle Modelle dieser Serie sind sehr farbenfroh gestaltet, was f\u00fcr ein fr\u00f6hliches, aber stilvolles Erscheinungsbild sorgt.<\/p>\n<p>Diese T\u00f6pfe und Vasen sind sorgf\u00e4ltig aus wasserfestem Metall gefertigt und verf\u00fcgen \u00fcber eine sch\u00f6ne Farb\u00fcbertragung auf der Oberseite. Die Innenseite ist schwarz beschichtet.<\/p>\n<p>Auch wenn diese Topfserie wasserdicht ist, empfiehlt es sich dennoch, einen wasserdichten, geeigneten Topf oder eine Vase in den \u00dcbertopf zu stellen, in den die frischen Blumen gestellt werden, um Rostbildung zu verhindern. Dass dies bei Seidenblumen nat\u00fcrlich nicht n\u00f6tig ist, versteht sich von selbst.<\/p>\n<p>Dieser Topf aus der Dutch Blue-Serie von Lammie ist ein wunderbar markantes und farbenfrohes Dekorationsst\u00fcck f\u00fcr Ihr Zuhause, Sie werden es nicht bereuen.<\/p>\n<p>Kommen Sie gerne vorbei und sehen Sie sich diese Serie live in unserem Showroom an!<\/p>\n<ul>\n<li>\u00d6ffnungsdurchmesser:<\/li>\n<li>Material: Eisen<\/li>\n<li>Nicht f\u00fcr den Au\u00dfenbereich geeignet<\/li>\n<\/ul>\n","protected":false},"excerpt":{"rendered":"<p>\u2713 Lammie-Serie \u2713 Eisen \u2713 F\u00fcr den Innenbereich<\/p>\n","protected":false},"featured_media":162920,"template":"","meta":{"_acf_changed":false},"product_brand":[6966],"product_cat":[722,7032],"product_tag":[],"class_list":{"0":"post-162941","1":"product","2":"type-product","3":"status-publish","4":"has-post-thumbnail","6":"product_brand-lammie-de","7":"product_cat-blumentoepfe-und-pflanzgefaesse","8":"product_cat-metalltoepfe-und-vasen","10":"first","11":"instock","12":"taxable","13":"shipping-taxable","14":"purchasable","15":"product-type-variable"},"acf":[],"yoast_head":"<!-- This site is optimized with the Yoast SEO plugin v23.8 - https:\/\/yoast.com\/wordpress\/plugins\/seo\/ -->\n<title>Pot metaal Dutch blauw hoog in 3 maten - Eliassen.nl<\/title>\n<meta name=\"description\" content=\"Deze serie vazen en potten uit de \u00e9chte Lammie serie zijn een ware lust voor het oog. Kleurrijk en veel bloemen zijn het thema voor deze kunst!\" \/>\n<meta name=\"robots\" content=\"noindex, follow, max-snippet:-1, max-image-preview:large, max-video-preview:-1\" \/>\n<meta property=\"og:locale\" content=\"de_DE\" \/>\n<meta property=\"og:type\" content=\"article\" \/>\n<meta property=\"og:title\" content=\"Pot metaal Dutch blauw hoog in 3 maten - Eliassen.nl\" \/>\n<meta property=\"og:description\" content=\"Deze serie vazen en potten uit de \u00e9chte Lammie serie zijn een ware lust voor het oog. Kleurrijk en veel bloemen zijn het thema voor deze kunst!\" \/>\n<meta property=\"og:url\" content=\"https:\/\/dev.eliassen.nl\/de\/topf-aus-metall-dutch-blue-hoch-in-3-grossen\/\" \/>\n<meta property=\"og:site_name\" content=\"Eliassen.nl\" \/>\n<meta property=\"article:publisher\" content=\"https:\/\/www.facebook.com\/TuincentrumEliassenAmmerzoden\" \/>\n<meta property=\"article:modified_time\" content=\"2024-12-05T16:40:44+00:00\" \/>\n<meta property=\"og:image\" content=\"https:\/\/dev.eliassen.nl\/wp-content\/uploads\/2024\/10\/potmetaaldutchblauwhoogin2mateneliassennl.jpg\" \/>\n\t<meta property=\"og:image:width\" content=\"1700\" \/>\n\t<meta property=\"og:image:height\" content=\"1133\" \/>\n\t<meta property=\"og:image:type\" content=\"image\/jpeg\" \/>\n<meta name=\"twitter:card\" content=\"summary_large_image\" \/>\n<script type=\"application\/ld+json\" class=\"yoast-schema-graph\">{\"@context\":\"https:\/\/schema.org\",\"@graph\":[{\"@type\":\"WebPage\",\"@id\":\"https:\/\/dev.eliassen.nl\/de\/topf-aus-metall-dutch-blue-hoch-in-3-grossen\/\",\"url\":\"https:\/\/dev.eliassen.nl\/de\/topf-aus-metall-dutch-blue-hoch-in-3-grossen\/\",\"name\":\"Pot metaal Dutch blauw hoog in 3 maten - Eliassen.nl\",\"isPartOf\":{\"@id\":\"https:\/\/dev.eliassen.nl\/de\/#website\"},\"primaryImageOfPage\":{\"@id\":\"https:\/\/dev.eliassen.nl\/de\/topf-aus-metall-dutch-blue-hoch-in-3-grossen\/#primaryimage\"},\"image\":{\"@id\":\"https:\/\/dev.eliassen.nl\/de\/topf-aus-metall-dutch-blue-hoch-in-3-grossen\/#primaryimage\"},\"thumbnailUrl\":\"https:\/\/dev.eliassen.nl\/wp-content\/uploads\/2024\/10\/potmetaaldutchblauwhoogin2mateneliassennl.jpg\",\"datePublished\":\"2024-09-26T10:23:46+00:00\",\"dateModified\":\"2024-12-05T16:40:44+00:00\",\"description\":\"Deze serie vazen en potten uit de \u00e9chte Lammie serie zijn een ware lust voor het oog. Kleurrijk en veel bloemen zijn het thema voor deze kunst!\",\"breadcrumb\":{\"@id\":\"https:\/\/dev.eliassen.nl\/de\/topf-aus-metall-dutch-blue-hoch-in-3-grossen\/#breadcrumb\"},\"inLanguage\":\"de\",\"potentialAction\":[{\"@type\":\"ReadAction\",\"target\":[\"https:\/\/dev.eliassen.nl\/de\/topf-aus-metall-dutch-blue-hoch-in-3-grossen\/\"]}]},{\"@type\":\"ImageObject\",\"inLanguage\":\"de\",\"@id\":\"https:\/\/dev.eliassen.nl\/de\/topf-aus-metall-dutch-blue-hoch-in-3-grossen\/#primaryimage\",\"url\":\"https:\/\/dev.eliassen.nl\/wp-content\/uploads\/2024\/10\/potmetaaldutchblauwhoogin2mateneliassennl.jpg\",\"contentUrl\":\"https:\/\/dev.eliassen.nl\/wp-content\/uploads\/2024\/10\/potmetaaldutchblauwhoogin2mateneliassennl.jpg\",\"width\":1700,\"height\":1133,\"caption\":\"Pot metaal Dutch blauw hoog in 2 maten eliassen.nl 2\"},{\"@type\":\"BreadcrumbList\",\"@id\":\"https:\/\/dev.eliassen.nl\/de\/topf-aus-metall-dutch-blue-hoch-in-3-grossen\/#breadcrumb\",\"itemListElement\":[{\"@type\":\"ListItem\",\"position\":1,\"name\":\"Home\",\"item\":\"https:\/\/dev.eliassen.nl\/de\/\"},{\"@type\":\"ListItem\",\"position\":2,\"name\":\"Shop\",\"item\":\"https:\/\/dev.eliassen.nl\/nl\/winkel\/\"},{\"@type\":\"ListItem\",\"position\":3,\"name\":\"Blument\u00f6pfe und Pflanzgef\u00e4\u00dfe\",\"item\":\"https:\/\/dev.eliassen.nl\/de\/blumentoepfe-und-pflanzgefaesse\/\"},{\"@type\":\"ListItem\",\"position\":4,\"name\":\"Topf aus Metall Dutch Blue hoch in 3 Gr\u00f6\u00dfen\"}]},{\"@type\":\"WebSite\",\"@id\":\"https:\/\/dev.eliassen.nl\/de\/#website\",\"url\":\"https:\/\/dev.eliassen.nl\/de\/\",\"name\":\"Eliassen Home & Garden Pleasure\",\"description\":\"\",\"publisher\":{\"@id\":\"https:\/\/dev.eliassen.nl\/de\/#organization\"},\"alternateName\":\"Eliassen.nl\",\"potentialAction\":[{\"@type\":\"SearchAction\",\"target\":{\"@type\":\"EntryPoint\",\"urlTemplate\":\"https:\/\/dev.eliassen.nl\/de\/?s={search_term_string}\"},\"query-input\":{\"@type\":\"PropertyValueSpecification\",\"valueRequired\":true,\"valueName\":\"search_term_string\"}}],\"inLanguage\":\"de\"},{\"@type\":\"Organization\",\"@id\":\"https:\/\/dev.eliassen.nl\/de\/#organization\",\"name\":\"Eliassen Home & Garden Pleasure\",\"url\":\"https:\/\/dev.eliassen.nl\/de\/\",\"logo\":{\"@type\":\"ImageObject\",\"inLanguage\":\"de\",\"@id\":\"https:\/\/dev.eliassen.nl\/de\/#\/schema\/logo\/image\/\",\"url\":\"https:\/\/www.eliassen.nl\/wp-content\/uploads\/2024\/01\/logo_4nd.jpg\",\"contentUrl\":\"https:\/\/www.eliassen.nl\/wp-content\/uploads\/2024\/01\/logo_4nd.jpg\",\"width\":500,\"height\":500,\"caption\":\"Eliassen Home & Garden Pleasure\"},\"image\":{\"@id\":\"https:\/\/dev.eliassen.nl\/de\/#\/schema\/logo\/image\/\"},\"sameAs\":[\"https:\/\/www.facebook.com\/TuincentrumEliassenAmmerzoden\",\"https:\/\/www.instagram.com\/eliassenhomeandgarden\/\",\"https:\/\/nl.pinterest.com\/eliassenhomeandgarden\/\",\"https:\/\/www.youtube.com\/@eliassenhomegardenpleasure4558\"]}]}<\/script>\n<!-- \/ Yoast SEO plugin. -->","yoast_head_json":{"title":"Pot metaal Dutch blauw hoog in 3 maten - Eliassen.nl","description":"Deze serie vazen en potten uit de \u00e9chte Lammie serie zijn een ware lust voor het oog. Kleurrijk en veel bloemen zijn het thema voor deze kunst!","robots":{"index":"noindex","follow":"follow","max-snippet":"max-snippet:-1","max-image-preview":"max-image-preview:large","max-video-preview":"max-video-preview:-1"},"og_locale":"de_DE","og_type":"article","og_title":"Pot metaal Dutch blauw hoog in 3 maten - Eliassen.nl","og_description":"Deze serie vazen en potten uit de \u00e9chte Lammie serie zijn een ware lust voor het oog. Kleurrijk en veel bloemen zijn het thema voor deze kunst!","og_url":"https:\/\/dev.eliassen.nl\/de\/topf-aus-metall-dutch-blue-hoch-in-3-grossen\/","og_site_name":"Eliassen.nl","article_publisher":"https:\/\/www.facebook.com\/TuincentrumEliassenAmmerzoden","article_modified_time":"2024-12-05T16:40:44+00:00","og_image":[{"width":1700,"height":1133,"url":"https:\/\/dev.eliassen.nl\/wp-content\/uploads\/2024\/10\/potmetaaldutchblauwhoogin2mateneliassennl.jpg","type":"image\/jpeg"}],"twitter_card":"summary_large_image","schema":{"@context":"https:\/\/schema.org","@graph":[{"@type":"WebPage","@id":"https:\/\/dev.eliassen.nl\/de\/topf-aus-metall-dutch-blue-hoch-in-3-grossen\/","url":"https:\/\/dev.eliassen.nl\/de\/topf-aus-metall-dutch-blue-hoch-in-3-grossen\/","name":"Pot metaal Dutch blauw hoog in 3 maten - Eliassen.nl","isPartOf":{"@id":"https:\/\/dev.eliassen.nl\/de\/#website"},"primaryImageOfPage":{"@id":"https:\/\/dev.eliassen.nl\/de\/topf-aus-metall-dutch-blue-hoch-in-3-grossen\/#primaryimage"},"image":{"@id":"https:\/\/dev.eliassen.nl\/de\/topf-aus-metall-dutch-blue-hoch-in-3-grossen\/#primaryimage"},"thumbnailUrl":"https:\/\/dev.eliassen.nl\/wp-content\/uploads\/2024\/10\/potmetaaldutchblauwhoogin2mateneliassennl.jpg","datePublished":"2024-09-26T10:23:46+00:00","dateModified":"2024-12-05T16:40:44+00:00","description":"Deze serie vazen en potten uit de \u00e9chte Lammie serie zijn een ware lust voor het oog. Kleurrijk en veel bloemen zijn het thema voor deze kunst!","breadcrumb":{"@id":"https:\/\/dev.eliassen.nl\/de\/topf-aus-metall-dutch-blue-hoch-in-3-grossen\/#breadcrumb"},"inLanguage":"de","potentialAction":[{"@type":"ReadAction","target":["https:\/\/dev.eliassen.nl\/de\/topf-aus-metall-dutch-blue-hoch-in-3-grossen\/"]}]},{"@type":"ImageObject","inLanguage":"de","@id":"https:\/\/dev.eliassen.nl\/de\/topf-aus-metall-dutch-blue-hoch-in-3-grossen\/#primaryimage","url":"https:\/\/dev.eliassen.nl\/wp-content\/uploads\/2024\/10\/potmetaaldutchblauwhoogin2mateneliassennl.jpg","contentUrl":"https:\/\/dev.eliassen.nl\/wp-content\/uploads\/2024\/10\/potmetaaldutchblauwhoogin2mateneliassennl.jpg","width":1700,"height":1133,"caption":"Pot metaal Dutch blauw hoog in 2 maten eliassen.nl 2"},{"@type":"BreadcrumbList","@id":"https:\/\/dev.eliassen.nl\/de\/topf-aus-metall-dutch-blue-hoch-in-3-grossen\/#breadcrumb","itemListElement":[{"@type":"ListItem","position":1,"name":"Home","item":"https:\/\/dev.eliassen.nl\/de\/"},{"@type":"ListItem","position":2,"name":"Shop","item":"https:\/\/dev.eliassen.nl\/nl\/winkel\/"},{"@type":"ListItem","position":3,"name":"Blument\u00f6pfe und Pflanzgef\u00e4\u00dfe","item":"https:\/\/dev.eliassen.nl\/de\/blumentoepfe-und-pflanzgefaesse\/"},{"@type":"ListItem","position":4,"name":"Topf aus Metall Dutch Blue hoch in 3 Gr\u00f6\u00dfen"}]},{"@type":"WebSite","@id":"https:\/\/dev.eliassen.nl\/de\/#website","url":"https:\/\/dev.eliassen.nl\/de\/","name":"Eliassen Home & Garden Pleasure","description":"","publisher":{"@id":"https:\/\/dev.eliassen.nl\/de\/#organization"},"alternateName":"Eliassen.nl","potentialAction":[{"@type":"SearchAction","target":{"@type":"EntryPoint","urlTemplate":"https:\/\/dev.eliassen.nl\/de\/?s={search_term_string}"},"query-input":{"@type":"PropertyValueSpecification","valueRequired":true,"valueName":"search_term_string"}}],"inLanguage":"de"},{"@type":"Organization","@id":"https:\/\/dev.eliassen.nl\/de\/#organization","name":"Eliassen Home & Garden Pleasure","url":"https:\/\/dev.eliassen.nl\/de\/","logo":{"@type":"ImageObject","inLanguage":"de","@id":"https:\/\/dev.eliassen.nl\/de\/#\/schema\/logo\/image\/","url":"https:\/\/www.eliassen.nl\/wp-content\/uploads\/2024\/01\/logo_4nd.jpg","contentUrl":"https:\/\/www.eliassen.nl\/wp-content\/uploads\/2024\/01\/logo_4nd.jpg","width":500,"height":500,"caption":"Eliassen Home & Garden Pleasure"},"image":{"@id":"https:\/\/dev.eliassen.nl\/de\/#\/schema\/logo\/image\/"},"sameAs":["https:\/\/www.facebook.com\/TuincentrumEliassenAmmerzoden","https:\/\/www.instagram.com\/eliassenhomeandgarden\/","https:\/\/nl.pinterest.com\/eliassenhomeandgarden\/","https:\/\/www.youtube.com\/@eliassenhomegardenpleasure4558"]}]}},"df_price":43.95,"df_sale_price":"","df_regular_price":43.95,"df_image_link":"https:\/\/dev.eliassen.nl\/wp-content\/uploads\/2024\/10\/potmetaaldutchblauwhoogin2mateneliassennl.jpg","image":"https:\/\/dev.eliassen.nl\/wp-content\/uploads\/2024\/10\/potmetaaldutchblauwhoogin2mateneliassennl.jpg","price_search":"<span class=\"woocommerce-Price-amount amount\"><bdi><span class=\"woocommerce-Price-currencySymbol\">&euro;<\/span>&nbsp;43,95<\/bdi><\/span>","category":"Blument\u00f6pfe und Pflanzgef\u00e4\u00dfe","_links":{"self":[{"href":"https:\/\/dev.eliassen.nl\/de\/wp-json\/wp\/v2\/product\/162941","targetHints":{"allow":["GET"]}}],"collection":[{"href":"https:\/\/dev.eliassen.nl\/de\/wp-json\/wp\/v2\/product"}],"about":[{"href":"https:\/\/dev.eliassen.nl\/de\/wp-json\/wp\/v2\/types\/product"}],"wp:featuredmedia":[{"embeddable":true,"href":"https:\/\/dev.eliassen.nl\/de\/wp-json\/wp\/v2\/media\/162920"}],"wp:attachment":[{"href":"https:\/\/dev.eliassen.nl\/de\/wp-json\/wp\/v2\/media?parent=162941"}],"wp:term":[{"taxonomy":"product_brand","embeddable":true,"href":"https:\/\/dev.eliassen.nl\/de\/wp-json\/wp\/v2\/product_brand?post=162941"},{"taxonomy":"product_cat","embeddable":true,"href":"https:\/\/dev.eliassen.nl\/de\/wp-json\/wp\/v2\/product_cat?post=162941"},{"taxonomy":"product_tag","embeddable":true,"href":"https:\/\/dev.eliassen.nl\/de\/wp-json\/wp\/v2\/product_tag?post=162941"}],"curies":[{"name":"wp","href":"https:\/\/api.w.org\/{rel}","templated":true}]}}