{"id":162971,"date":"2024-09-26T14:58:01","date_gmt":"2024-09-26T12:58:01","guid":{"rendered":"https:\/\/www.eliassen.nl\/?product=copy-of-pot-melamine-palermo-marble-groen-30cm"},"modified":"2024-12-05T17:40:46","modified_gmt":"2024-12-05T16:40:46","slug":"melamin-topf-palermo-marmor-grun-35cm","status":"publish","type":"product","link":"https:\/\/dev.eliassen.nl\/de\/melamin-topf-palermo-marmor-grun-35cm\/","title":{"rendered":"Melamin-Topf Palermo Marmor Gr\u00fcn 35cm"},"content":{"rendered":"<p>Brandneu ist diese Palermo-Serie von T\u00f6pfen. Hergestellt aus sehr starkem, kaum zerbrechlichem und unzerst\u00f6rbarem Melamin. Wer kennt Melamin nicht von Geschirr, M\u00f6beln und anderen Utensilien f\u00fcr Haus, Garten und K\u00fcche?<\/p>\n<p>Dieser gr\u00fcn-graue Palermo-Topf mit einem Durchmesser von &#8230;&#8230; ist wundersch\u00f6n mit einer hochgl\u00e4nzenden Au\u00dfenseite in Marmoroptik gefertigt. Sie sollten diese T\u00f6pfe einmal in natura sehen, denn der sch\u00f6ne Glanz ist auf Fotos kaum zu erkennen.<\/p>\n<p>Sie k\u00f6nnen diesen Blumentopf aus Melamin sowohl f\u00fcr den Innen- als auch f\u00fcr den Au\u00dfenbereich verwenden. Der Boden ist mit einem Gummistopfen versehen, so dass der Topf abgedichtet werden kann und Ihr sch\u00f6ner Boden nicht gef\u00e4hrdet wird.<\/p>\n<p>Schauen Sie doch einfach mal vorbei, um sich diese sch\u00f6ne, brandneue Topfserie anzusehen.<\/p>\n<p>Gr\u00f6\u00dfe f\u00fcr drau\u00dfen:<br \/>\nInnengr\u00f6\u00dfe:<br \/>\nFarbe: Hochglanzgr\u00fcn mit Marmoreffekt<br \/>\nMaterial: Melamin<br \/>\nFrostbest\u00e4ndig<br \/>\nF\u00fcr den Innen- und Au\u00dfenbereich geeignet<br \/>\nGarantie 2 Jahre<\/p>\n","protected":false},"excerpt":{"rendered":"<p>\u2713 Sehr stabil \u2713 F\u00fcr den Innen- und Au\u00dfenbereich geeignet \u2713 Mit Gummistopfen<\/p>\n","protected":false},"featured_media":162962,"template":"","meta":{"_acf_changed":false},"product_brand":[],"product_cat":[722,740,725],"product_tag":[],"class_list":{"0":"post-162971","1":"product","2":"type-product","3":"status-publish","4":"has-post-thumbnail","6":"product_cat-blumentoepfe-und-pflanzgefaesse","7":"product_cat-pflanzkuebel-fuer-den-aussenbereich-gross-leicht","8":"product_cat-vasen-und-toepfe-im-modernen-design","10":"first","11":"instock","12":"taxable","13":"shipping-taxable","14":"purchasable","15":"product-type-simple"},"acf":[],"yoast_head":"<!-- This site is optimized with the Yoast SEO plugin v23.8 - https:\/\/yoast.com\/wordpress\/plugins\/seo\/ -->\n<title>Melamin-Topf Palermo Marmor Gr\u00fcn 35cm - Eliassen.nl<\/title>\n<meta name=\"description\" content=\"Unglaublich starke T\u00f6pfe f\u00fcr den Innen- und Au\u00dfenbereich finden Sie hier. Starke T\u00f6pfe aus Melamin mit einem Stopfen in verschiedenen Farben und Gr\u00f6\u00dfen.\" \/>\n<meta name=\"robots\" content=\"noindex, follow, max-snippet:-1, max-image-preview:large, max-video-preview:-1\" \/>\n<meta property=\"og:locale\" content=\"de_DE\" \/>\n<meta property=\"og:type\" content=\"article\" \/>\n<meta property=\"og:title\" content=\"Melamin-Topf Palermo Marmor Gr\u00fcn 35cm - Eliassen.nl\" \/>\n<meta property=\"og:description\" content=\"Unglaublich starke T\u00f6pfe f\u00fcr den Innen- und Au\u00dfenbereich finden Sie hier. Starke T\u00f6pfe aus Melamin mit einem Stopfen in verschiedenen Farben und Gr\u00f6\u00dfen.\" \/>\n<meta property=\"og:url\" content=\"https:\/\/dev.eliassen.nl\/de\/melamin-topf-palermo-marmor-grun-35cm\/\" \/>\n<meta property=\"og:site_name\" content=\"Eliassen.nl\" \/>\n<meta property=\"article:publisher\" content=\"https:\/\/www.facebook.com\/TuincentrumEliassenAmmerzoden\" \/>\n<meta property=\"article:modified_time\" content=\"2024-12-05T16:40:46+00:00\" \/>\n<meta property=\"og:image\" content=\"https:\/\/dev.eliassen.nl\/wp-content\/uploads\/2024\/10\/potmelaminepalermomarblegroen35cmeliassennl.jpg\" \/>\n\t<meta property=\"og:image:width\" content=\"684\" \/>\n\t<meta property=\"og:image:height\" content=\"670\" \/>\n\t<meta property=\"og:image:type\" content=\"image\/jpeg\" \/>\n<meta name=\"twitter:card\" content=\"summary_large_image\" \/>\n<script type=\"application\/ld+json\" class=\"yoast-schema-graph\">{\"@context\":\"https:\/\/schema.org\",\"@graph\":[{\"@type\":\"WebPage\",\"@id\":\"https:\/\/dev.eliassen.nl\/de\/melamin-topf-palermo-marmor-grun-35cm\/\",\"url\":\"https:\/\/dev.eliassen.nl\/de\/melamin-topf-palermo-marmor-grun-35cm\/\",\"name\":\"Melamin-Topf Palermo Marmor Gr\u00fcn 35cm - Eliassen.nl\",\"isPartOf\":{\"@id\":\"https:\/\/dev.eliassen.nl\/de\/#website\"},\"primaryImageOfPage\":{\"@id\":\"https:\/\/dev.eliassen.nl\/de\/melamin-topf-palermo-marmor-grun-35cm\/#primaryimage\"},\"image\":{\"@id\":\"https:\/\/dev.eliassen.nl\/de\/melamin-topf-palermo-marmor-grun-35cm\/#primaryimage\"},\"thumbnailUrl\":\"https:\/\/dev.eliassen.nl\/wp-content\/uploads\/2024\/10\/potmelaminepalermomarblegroen35cmeliassennl.jpg\",\"datePublished\":\"2024-09-26T12:58:01+00:00\",\"dateModified\":\"2024-12-05T16:40:46+00:00\",\"description\":\"Unglaublich starke T\u00f6pfe f\u00fcr den Innen- und Au\u00dfenbereich finden Sie hier. Starke T\u00f6pfe aus Melamin mit einem Stopfen in verschiedenen Farben und Gr\u00f6\u00dfen.\",\"breadcrumb\":{\"@id\":\"https:\/\/dev.eliassen.nl\/de\/melamin-topf-palermo-marmor-grun-35cm\/#breadcrumb\"},\"inLanguage\":\"de\",\"potentialAction\":[{\"@type\":\"ReadAction\",\"target\":[\"https:\/\/dev.eliassen.nl\/de\/melamin-topf-palermo-marmor-grun-35cm\/\"]}]},{\"@type\":\"ImageObject\",\"inLanguage\":\"de\",\"@id\":\"https:\/\/dev.eliassen.nl\/de\/melamin-topf-palermo-marmor-grun-35cm\/#primaryimage\",\"url\":\"https:\/\/dev.eliassen.nl\/wp-content\/uploads\/2024\/10\/potmelaminepalermomarblegroen35cmeliassennl.jpg\",\"contentUrl\":\"https:\/\/dev.eliassen.nl\/wp-content\/uploads\/2024\/10\/potmelaminepalermomarblegroen35cmeliassennl.jpg\",\"width\":684,\"height\":670,\"caption\":\"Pot melamine Palermo Marble Groen 35cm eliassen.nl 1\"},{\"@type\":\"BreadcrumbList\",\"@id\":\"https:\/\/dev.eliassen.nl\/de\/melamin-topf-palermo-marmor-grun-35cm\/#breadcrumb\",\"itemListElement\":[{\"@type\":\"ListItem\",\"position\":1,\"name\":\"Home\",\"item\":\"https:\/\/dev.eliassen.nl\/de\/\"},{\"@type\":\"ListItem\",\"position\":2,\"name\":\"Shop\",\"item\":\"https:\/\/dev.eliassen.nl\/nl\/winkel\/\"},{\"@type\":\"ListItem\",\"position\":3,\"name\":\"Blument\u00f6pfe und Pflanzgef\u00e4\u00dfe\",\"item\":\"https:\/\/dev.eliassen.nl\/de\/blumentoepfe-und-pflanzgefaesse\/\"},{\"@type\":\"ListItem\",\"position\":4,\"name\":\"Pflanzk\u00fcbel f\u00fcr den Au\u00dfenbereich gro\u00df leicht\",\"item\":\"https:\/\/dev.eliassen.nl\/de\/blumentoepfe-und-pflanzgefaesse\/pflanzkuebel-fuer-den-aussenbereich-gross-leicht\/\"},{\"@type\":\"ListItem\",\"position\":5,\"name\":\"Melamin-Topf Palermo Marmor Gr\u00fcn 35cm\"}]},{\"@type\":\"WebSite\",\"@id\":\"https:\/\/dev.eliassen.nl\/de\/#website\",\"url\":\"https:\/\/dev.eliassen.nl\/de\/\",\"name\":\"Eliassen Home & Garden Pleasure\",\"description\":\"\",\"publisher\":{\"@id\":\"https:\/\/dev.eliassen.nl\/de\/#organization\"},\"alternateName\":\"Eliassen.nl\",\"potentialAction\":[{\"@type\":\"SearchAction\",\"target\":{\"@type\":\"EntryPoint\",\"urlTemplate\":\"https:\/\/dev.eliassen.nl\/de\/?s={search_term_string}\"},\"query-input\":{\"@type\":\"PropertyValueSpecification\",\"valueRequired\":true,\"valueName\":\"search_term_string\"}}],\"inLanguage\":\"de\"},{\"@type\":\"Organization\",\"@id\":\"https:\/\/dev.eliassen.nl\/de\/#organization\",\"name\":\"Eliassen Home & Garden Pleasure\",\"url\":\"https:\/\/dev.eliassen.nl\/de\/\",\"logo\":{\"@type\":\"ImageObject\",\"inLanguage\":\"de\",\"@id\":\"https:\/\/dev.eliassen.nl\/de\/#\/schema\/logo\/image\/\",\"url\":\"https:\/\/www.eliassen.nl\/wp-content\/uploads\/2024\/01\/logo_4nd.jpg\",\"contentUrl\":\"https:\/\/www.eliassen.nl\/wp-content\/uploads\/2024\/01\/logo_4nd.jpg\",\"width\":500,\"height\":500,\"caption\":\"Eliassen Home & Garden Pleasure\"},\"image\":{\"@id\":\"https:\/\/dev.eliassen.nl\/de\/#\/schema\/logo\/image\/\"},\"sameAs\":[\"https:\/\/www.facebook.com\/TuincentrumEliassenAmmerzoden\",\"https:\/\/www.instagram.com\/eliassenhomeandgarden\/\",\"https:\/\/nl.pinterest.com\/eliassenhomeandgarden\/\",\"https:\/\/www.youtube.com\/@eliassenhomegardenpleasure4558\"]}]}<\/script>\n<!-- \/ Yoast SEO plugin. -->","yoast_head_json":{"title":"Melamin-Topf Palermo Marmor Gr\u00fcn 35cm - Eliassen.nl","description":"Unglaublich starke T\u00f6pfe f\u00fcr den Innen- und Au\u00dfenbereich finden Sie hier. Starke T\u00f6pfe aus Melamin mit einem Stopfen in verschiedenen Farben und Gr\u00f6\u00dfen.","robots":{"index":"noindex","follow":"follow","max-snippet":"max-snippet:-1","max-image-preview":"max-image-preview:large","max-video-preview":"max-video-preview:-1"},"og_locale":"de_DE","og_type":"article","og_title":"Melamin-Topf Palermo Marmor Gr\u00fcn 35cm - Eliassen.nl","og_description":"Unglaublich starke T\u00f6pfe f\u00fcr den Innen- und Au\u00dfenbereich finden Sie hier. Starke T\u00f6pfe aus Melamin mit einem Stopfen in verschiedenen Farben und Gr\u00f6\u00dfen.","og_url":"https:\/\/dev.eliassen.nl\/de\/melamin-topf-palermo-marmor-grun-35cm\/","og_site_name":"Eliassen.nl","article_publisher":"https:\/\/www.facebook.com\/TuincentrumEliassenAmmerzoden","article_modified_time":"2024-12-05T16:40:46+00:00","og_image":[{"width":684,"height":670,"url":"https:\/\/dev.eliassen.nl\/wp-content\/uploads\/2024\/10\/potmelaminepalermomarblegroen35cmeliassennl.jpg","type":"image\/jpeg"}],"twitter_card":"summary_large_image","schema":{"@context":"https:\/\/schema.org","@graph":[{"@type":"WebPage","@id":"https:\/\/dev.eliassen.nl\/de\/melamin-topf-palermo-marmor-grun-35cm\/","url":"https:\/\/dev.eliassen.nl\/de\/melamin-topf-palermo-marmor-grun-35cm\/","name":"Melamin-Topf Palermo Marmor Gr\u00fcn 35cm - Eliassen.nl","isPartOf":{"@id":"https:\/\/dev.eliassen.nl\/de\/#website"},"primaryImageOfPage":{"@id":"https:\/\/dev.eliassen.nl\/de\/melamin-topf-palermo-marmor-grun-35cm\/#primaryimage"},"image":{"@id":"https:\/\/dev.eliassen.nl\/de\/melamin-topf-palermo-marmor-grun-35cm\/#primaryimage"},"thumbnailUrl":"https:\/\/dev.eliassen.nl\/wp-content\/uploads\/2024\/10\/potmelaminepalermomarblegroen35cmeliassennl.jpg","datePublished":"2024-09-26T12:58:01+00:00","dateModified":"2024-12-05T16:40:46+00:00","description":"Unglaublich starke T\u00f6pfe f\u00fcr den Innen- und Au\u00dfenbereich finden Sie hier. Starke T\u00f6pfe aus Melamin mit einem Stopfen in verschiedenen Farben und Gr\u00f6\u00dfen.","breadcrumb":{"@id":"https:\/\/dev.eliassen.nl\/de\/melamin-topf-palermo-marmor-grun-35cm\/#breadcrumb"},"inLanguage":"de","potentialAction":[{"@type":"ReadAction","target":["https:\/\/dev.eliassen.nl\/de\/melamin-topf-palermo-marmor-grun-35cm\/"]}]},{"@type":"ImageObject","inLanguage":"de","@id":"https:\/\/dev.eliassen.nl\/de\/melamin-topf-palermo-marmor-grun-35cm\/#primaryimage","url":"https:\/\/dev.eliassen.nl\/wp-content\/uploads\/2024\/10\/potmelaminepalermomarblegroen35cmeliassennl.jpg","contentUrl":"https:\/\/dev.eliassen.nl\/wp-content\/uploads\/2024\/10\/potmelaminepalermomarblegroen35cmeliassennl.jpg","width":684,"height":670,"caption":"Pot melamine Palermo Marble Groen 35cm eliassen.nl 1"},{"@type":"BreadcrumbList","@id":"https:\/\/dev.eliassen.nl\/de\/melamin-topf-palermo-marmor-grun-35cm\/#breadcrumb","itemListElement":[{"@type":"ListItem","position":1,"name":"Home","item":"https:\/\/dev.eliassen.nl\/de\/"},{"@type":"ListItem","position":2,"name":"Shop","item":"https:\/\/dev.eliassen.nl\/nl\/winkel\/"},{"@type":"ListItem","position":3,"name":"Blument\u00f6pfe und Pflanzgef\u00e4\u00dfe","item":"https:\/\/dev.eliassen.nl\/de\/blumentoepfe-und-pflanzgefaesse\/"},{"@type":"ListItem","position":4,"name":"Pflanzk\u00fcbel f\u00fcr den Au\u00dfenbereich gro\u00df leicht","item":"https:\/\/dev.eliassen.nl\/de\/blumentoepfe-und-pflanzgefaesse\/pflanzkuebel-fuer-den-aussenbereich-gross-leicht\/"},{"@type":"ListItem","position":5,"name":"Melamin-Topf Palermo Marmor Gr\u00fcn 35cm"}]},{"@type":"WebSite","@id":"https:\/\/dev.eliassen.nl\/de\/#website","url":"https:\/\/dev.eliassen.nl\/de\/","name":"Eliassen Home & Garden Pleasure","description":"","publisher":{"@id":"https:\/\/dev.eliassen.nl\/de\/#organization"},"alternateName":"Eliassen.nl","potentialAction":[{"@type":"SearchAction","target":{"@type":"EntryPoint","urlTemplate":"https:\/\/dev.eliassen.nl\/de\/?s={search_term_string}"},"query-input":{"@type":"PropertyValueSpecification","valueRequired":true,"valueName":"search_term_string"}}],"inLanguage":"de"},{"@type":"Organization","@id":"https:\/\/dev.eliassen.nl\/de\/#organization","name":"Eliassen Home & Garden Pleasure","url":"https:\/\/dev.eliassen.nl\/de\/","logo":{"@type":"ImageObject","inLanguage":"de","@id":"https:\/\/dev.eliassen.nl\/de\/#\/schema\/logo\/image\/","url":"https:\/\/www.eliassen.nl\/wp-content\/uploads\/2024\/01\/logo_4nd.jpg","contentUrl":"https:\/\/www.eliassen.nl\/wp-content\/uploads\/2024\/01\/logo_4nd.jpg","width":500,"height":500,"caption":"Eliassen Home & Garden Pleasure"},"image":{"@id":"https:\/\/dev.eliassen.nl\/de\/#\/schema\/logo\/image\/"},"sameAs":["https:\/\/www.facebook.com\/TuincentrumEliassenAmmerzoden","https:\/\/www.instagram.com\/eliassenhomeandgarden\/","https:\/\/nl.pinterest.com\/eliassenhomeandgarden\/","https:\/\/www.youtube.com\/@eliassenhomegardenpleasure4558"]}]}},"df_price":30.95,"df_sale_price":"","df_regular_price":30.95,"df_image_link":"https:\/\/dev.eliassen.nl\/wp-content\/uploads\/2024\/10\/potmelaminepalermomarblegroen35cmeliassennl.jpg","image":"https:\/\/dev.eliassen.nl\/wp-content\/uploads\/2024\/10\/potmelaminepalermomarblegroen35cmeliassennl.jpg","price_search":"<span class=\"woocommerce-Price-amount amount\"><bdi><span class=\"woocommerce-Price-currencySymbol\">&euro;<\/span>&nbsp;30,95<\/bdi><\/span>","category":"Blument\u00f6pfe und Pflanzgef\u00e4\u00dfe","_links":{"self":[{"href":"https:\/\/dev.eliassen.nl\/de\/wp-json\/wp\/v2\/product\/162971","targetHints":{"allow":["GET"]}}],"collection":[{"href":"https:\/\/dev.eliassen.nl\/de\/wp-json\/wp\/v2\/product"}],"about":[{"href":"https:\/\/dev.eliassen.nl\/de\/wp-json\/wp\/v2\/types\/product"}],"wp:featuredmedia":[{"embeddable":true,"href":"https:\/\/dev.eliassen.nl\/de\/wp-json\/wp\/v2\/media\/162962"}],"wp:attachment":[{"href":"https:\/\/dev.eliassen.nl\/de\/wp-json\/wp\/v2\/media?parent=162971"}],"wp:term":[{"taxonomy":"product_brand","embeddable":true,"href":"https:\/\/dev.eliassen.nl\/de\/wp-json\/wp\/v2\/product_brand?post=162971"},{"taxonomy":"product_cat","embeddable":true,"href":"https:\/\/dev.eliassen.nl\/de\/wp-json\/wp\/v2\/product_cat?post=162971"},{"taxonomy":"product_tag","embeddable":true,"href":"https:\/\/dev.eliassen.nl\/de\/wp-json\/wp\/v2\/product_tag?post=162971"}],"curies":[{"name":"wp","href":"https:\/\/api.w.org\/{rel}","templated":true}]}}