{"id":163031,"date":"2024-09-26T17:24:04","date_gmt":"2024-09-26T15:24:04","guid":{"rendered":"https:\/\/www.eliassen.nl\/?product=vaas-marysia-antraciet-122cm"},"modified":"2024-12-05T17:40:59","modified_gmt":"2024-12-05T16:40:59","slug":"vase-marysia-anthrazit-122cm","status":"publish","type":"product","link":"https:\/\/dev.eliassen.nl\/de\/vase-marysia-anthrazit-122cm\/","title":{"rendered":"Vase Marysia Anthrazit 122cm"},"content":{"rendered":"<p>Lernen Sie diese moderne Marrysia-Vase aus Messing von Countryfield kennen, eine wundersch\u00f6ne Erg\u00e4nzung f\u00fcr Ihr sch\u00f6nes Zuhause oder Ihren Arbeitsplatz! Mit ihrem auff\u00e4lligen Design wird diese moderne Metallvase ein sch\u00f6ner Blickfang sein. Nat\u00fcrlich k\u00f6nnen Sie Blumen hineinstellen, aber auch ohne Inhalt hat diese Vase sicherlich einen gro\u00dfen dekorativen Wert. Diese Vase besteht aus Metall mit einem antiken Anthrazit-Finish, diese Farbe wird Ihnen bestimmt gefallen.<\/p>\n<p><strong>Wir haben auch fast die gesamte Serie in unserem Showroom, kommen Sie uns jederzeit besuchen!<\/strong><\/p>\n<ul>\n<li>Gr\u00f6\u00dfe: 42x122cm<\/li>\n<li>Farbe: Anthrazit<\/li>\n<li>Material: Metall<\/li>\n<li>Verwendung: Innenbereich<\/li>\n<li>Tipp: Verwenden Sie f\u00fcr frische Schnittblumen eine Innenvase<\/li>\n<\/ul>\n","protected":false},"excerpt":{"rendered":"<p>Sch\u00f6ne moderne dunkle Vase<\/p>\n","protected":false},"featured_media":163028,"template":"","meta":{"_acf_changed":false},"product_brand":[6962],"product_cat":[722,7032],"product_tag":[],"class_list":{"0":"post-163031","1":"product","2":"type-product","3":"status-publish","4":"has-post-thumbnail","6":"product_brand-countryfield-de","7":"product_cat-blumentoepfe-und-pflanzgefaesse","8":"product_cat-metalltoepfe-und-vasen","10":"first","11":"instock","12":"taxable","13":"shipping-taxable","14":"purchasable","15":"product-type-simple"},"acf":[],"yoast_head":"<!-- This site is optimized with the Yoast SEO plugin v23.8 - https:\/\/yoast.com\/wordpress\/plugins\/seo\/ -->\n<title>Vase Marysia Anthrazit 122cm<\/title>\n<meta name=\"description\" content=\"Metallt\u00f6pfe, Vasen, sehen Sie sich unser Sortiment in unserem Webshop an oder kommen Sie vorbei und sehen Sie uns live!\" \/>\n<meta name=\"robots\" content=\"noindex, follow, max-snippet:-1, max-image-preview:large, max-video-preview:-1\" \/>\n<meta property=\"og:locale\" content=\"de_DE\" \/>\n<meta property=\"og:type\" content=\"article\" \/>\n<meta property=\"og:title\" content=\"Vase Marysia Anthrazit 122cm\" \/>\n<meta property=\"og:description\" content=\"Metallt\u00f6pfe, Vasen, sehen Sie sich unser Sortiment in unserem Webshop an oder kommen Sie vorbei und sehen Sie uns live!\" \/>\n<meta property=\"og:url\" content=\"https:\/\/dev.eliassen.nl\/de\/vase-marysia-anthrazit-122cm\/\" \/>\n<meta property=\"og:site_name\" content=\"Eliassen.nl\" \/>\n<meta property=\"article:publisher\" content=\"https:\/\/www.facebook.com\/TuincentrumEliassenAmmerzoden\" \/>\n<meta property=\"article:modified_time\" content=\"2024-12-05T16:40:59+00:00\" \/>\n<meta property=\"og:image\" content=\"https:\/\/dev.eliassen.nl\/wp-content\/uploads\/2024\/10\/vaasmarysiaantraciet122cmcountryfielddecostar.jpg\" \/>\n\t<meta property=\"og:image:width\" content=\"2048\" \/>\n\t<meta property=\"og:image:height\" content=\"1366\" \/>\n\t<meta property=\"og:image:type\" content=\"image\/jpeg\" \/>\n<meta name=\"twitter:card\" content=\"summary_large_image\" \/>\n<script type=\"application\/ld+json\" class=\"yoast-schema-graph\">{\"@context\":\"https:\/\/schema.org\",\"@graph\":[{\"@type\":\"WebPage\",\"@id\":\"https:\/\/dev.eliassen.nl\/de\/vase-marysia-anthrazit-122cm\/\",\"url\":\"https:\/\/dev.eliassen.nl\/de\/vase-marysia-anthrazit-122cm\/\",\"name\":\"Vase Marysia Anthrazit 122cm\",\"isPartOf\":{\"@id\":\"https:\/\/dev.eliassen.nl\/de\/#website\"},\"primaryImageOfPage\":{\"@id\":\"https:\/\/dev.eliassen.nl\/de\/vase-marysia-anthrazit-122cm\/#primaryimage\"},\"image\":{\"@id\":\"https:\/\/dev.eliassen.nl\/de\/vase-marysia-anthrazit-122cm\/#primaryimage\"},\"thumbnailUrl\":\"https:\/\/dev.eliassen.nl\/wp-content\/uploads\/2024\/10\/vaasmarysiaantraciet122cmcountryfielddecostar.jpg\",\"datePublished\":\"2024-09-26T15:24:04+00:00\",\"dateModified\":\"2024-12-05T16:40:59+00:00\",\"description\":\"Metallt\u00f6pfe, Vasen, sehen Sie sich unser Sortiment in unserem Webshop an oder kommen Sie vorbei und sehen Sie uns live!\",\"breadcrumb\":{\"@id\":\"https:\/\/dev.eliassen.nl\/de\/vase-marysia-anthrazit-122cm\/#breadcrumb\"},\"inLanguage\":\"de\",\"potentialAction\":[{\"@type\":\"ReadAction\",\"target\":[\"https:\/\/dev.eliassen.nl\/de\/vase-marysia-anthrazit-122cm\/\"]}]},{\"@type\":\"ImageObject\",\"inLanguage\":\"de\",\"@id\":\"https:\/\/dev.eliassen.nl\/de\/vase-marysia-anthrazit-122cm\/#primaryimage\",\"url\":\"https:\/\/dev.eliassen.nl\/wp-content\/uploads\/2024\/10\/vaasmarysiaantraciet122cmcountryfielddecostar.jpg\",\"contentUrl\":\"https:\/\/dev.eliassen.nl\/wp-content\/uploads\/2024\/10\/vaasmarysiaantraciet122cmcountryfielddecostar.jpg\",\"width\":2048,\"height\":1366,\"caption\":\"Vaas Marysia antraciet 122cm countryfield Decostar 802761\"},{\"@type\":\"BreadcrumbList\",\"@id\":\"https:\/\/dev.eliassen.nl\/de\/vase-marysia-anthrazit-122cm\/#breadcrumb\",\"itemListElement\":[{\"@type\":\"ListItem\",\"position\":1,\"name\":\"Home\",\"item\":\"https:\/\/dev.eliassen.nl\/de\/\"},{\"@type\":\"ListItem\",\"position\":2,\"name\":\"Shop\",\"item\":\"https:\/\/dev.eliassen.nl\/nl\/winkel\/\"},{\"@type\":\"ListItem\",\"position\":3,\"name\":\"Blument\u00f6pfe und Pflanzgef\u00e4\u00dfe\",\"item\":\"https:\/\/dev.eliassen.nl\/de\/blumentoepfe-und-pflanzgefaesse\/\"},{\"@type\":\"ListItem\",\"position\":4,\"name\":\"Vase Marysia Anthrazit 122cm\"}]},{\"@type\":\"WebSite\",\"@id\":\"https:\/\/dev.eliassen.nl\/de\/#website\",\"url\":\"https:\/\/dev.eliassen.nl\/de\/\",\"name\":\"Eliassen Home & Garden Pleasure\",\"description\":\"\",\"publisher\":{\"@id\":\"https:\/\/dev.eliassen.nl\/de\/#organization\"},\"alternateName\":\"Eliassen.nl\",\"potentialAction\":[{\"@type\":\"SearchAction\",\"target\":{\"@type\":\"EntryPoint\",\"urlTemplate\":\"https:\/\/dev.eliassen.nl\/de\/?s={search_term_string}\"},\"query-input\":{\"@type\":\"PropertyValueSpecification\",\"valueRequired\":true,\"valueName\":\"search_term_string\"}}],\"inLanguage\":\"de\"},{\"@type\":\"Organization\",\"@id\":\"https:\/\/dev.eliassen.nl\/de\/#organization\",\"name\":\"Eliassen Home & Garden Pleasure\",\"url\":\"https:\/\/dev.eliassen.nl\/de\/\",\"logo\":{\"@type\":\"ImageObject\",\"inLanguage\":\"de\",\"@id\":\"https:\/\/dev.eliassen.nl\/de\/#\/schema\/logo\/image\/\",\"url\":\"https:\/\/www.eliassen.nl\/wp-content\/uploads\/2024\/01\/logo_4nd.jpg\",\"contentUrl\":\"https:\/\/www.eliassen.nl\/wp-content\/uploads\/2024\/01\/logo_4nd.jpg\",\"width\":500,\"height\":500,\"caption\":\"Eliassen Home & Garden Pleasure\"},\"image\":{\"@id\":\"https:\/\/dev.eliassen.nl\/de\/#\/schema\/logo\/image\/\"},\"sameAs\":[\"https:\/\/www.facebook.com\/TuincentrumEliassenAmmerzoden\",\"https:\/\/www.instagram.com\/eliassenhomeandgarden\/\",\"https:\/\/nl.pinterest.com\/eliassenhomeandgarden\/\",\"https:\/\/www.youtube.com\/@eliassenhomegardenpleasure4558\"]}]}<\/script>\n<!-- \/ Yoast SEO plugin. -->","yoast_head_json":{"title":"Vase Marysia Anthrazit 122cm","description":"Metallt\u00f6pfe, Vasen, sehen Sie sich unser Sortiment in unserem Webshop an oder kommen Sie vorbei und sehen Sie uns live!","robots":{"index":"noindex","follow":"follow","max-snippet":"max-snippet:-1","max-image-preview":"max-image-preview:large","max-video-preview":"max-video-preview:-1"},"og_locale":"de_DE","og_type":"article","og_title":"Vase Marysia Anthrazit 122cm","og_description":"Metallt\u00f6pfe, Vasen, sehen Sie sich unser Sortiment in unserem Webshop an oder kommen Sie vorbei und sehen Sie uns live!","og_url":"https:\/\/dev.eliassen.nl\/de\/vase-marysia-anthrazit-122cm\/","og_site_name":"Eliassen.nl","article_publisher":"https:\/\/www.facebook.com\/TuincentrumEliassenAmmerzoden","article_modified_time":"2024-12-05T16:40:59+00:00","og_image":[{"width":2048,"height":1366,"url":"https:\/\/dev.eliassen.nl\/wp-content\/uploads\/2024\/10\/vaasmarysiaantraciet122cmcountryfielddecostar.jpg","type":"image\/jpeg"}],"twitter_card":"summary_large_image","schema":{"@context":"https:\/\/schema.org","@graph":[{"@type":"WebPage","@id":"https:\/\/dev.eliassen.nl\/de\/vase-marysia-anthrazit-122cm\/","url":"https:\/\/dev.eliassen.nl\/de\/vase-marysia-anthrazit-122cm\/","name":"Vase Marysia Anthrazit 122cm","isPartOf":{"@id":"https:\/\/dev.eliassen.nl\/de\/#website"},"primaryImageOfPage":{"@id":"https:\/\/dev.eliassen.nl\/de\/vase-marysia-anthrazit-122cm\/#primaryimage"},"image":{"@id":"https:\/\/dev.eliassen.nl\/de\/vase-marysia-anthrazit-122cm\/#primaryimage"},"thumbnailUrl":"https:\/\/dev.eliassen.nl\/wp-content\/uploads\/2024\/10\/vaasmarysiaantraciet122cmcountryfielddecostar.jpg","datePublished":"2024-09-26T15:24:04+00:00","dateModified":"2024-12-05T16:40:59+00:00","description":"Metallt\u00f6pfe, Vasen, sehen Sie sich unser Sortiment in unserem Webshop an oder kommen Sie vorbei und sehen Sie uns live!","breadcrumb":{"@id":"https:\/\/dev.eliassen.nl\/de\/vase-marysia-anthrazit-122cm\/#breadcrumb"},"inLanguage":"de","potentialAction":[{"@type":"ReadAction","target":["https:\/\/dev.eliassen.nl\/de\/vase-marysia-anthrazit-122cm\/"]}]},{"@type":"ImageObject","inLanguage":"de","@id":"https:\/\/dev.eliassen.nl\/de\/vase-marysia-anthrazit-122cm\/#primaryimage","url":"https:\/\/dev.eliassen.nl\/wp-content\/uploads\/2024\/10\/vaasmarysiaantraciet122cmcountryfielddecostar.jpg","contentUrl":"https:\/\/dev.eliassen.nl\/wp-content\/uploads\/2024\/10\/vaasmarysiaantraciet122cmcountryfielddecostar.jpg","width":2048,"height":1366,"caption":"Vaas Marysia antraciet 122cm countryfield Decostar 802761"},{"@type":"BreadcrumbList","@id":"https:\/\/dev.eliassen.nl\/de\/vase-marysia-anthrazit-122cm\/#breadcrumb","itemListElement":[{"@type":"ListItem","position":1,"name":"Home","item":"https:\/\/dev.eliassen.nl\/de\/"},{"@type":"ListItem","position":2,"name":"Shop","item":"https:\/\/dev.eliassen.nl\/nl\/winkel\/"},{"@type":"ListItem","position":3,"name":"Blument\u00f6pfe und Pflanzgef\u00e4\u00dfe","item":"https:\/\/dev.eliassen.nl\/de\/blumentoepfe-und-pflanzgefaesse\/"},{"@type":"ListItem","position":4,"name":"Vase Marysia Anthrazit 122cm"}]},{"@type":"WebSite","@id":"https:\/\/dev.eliassen.nl\/de\/#website","url":"https:\/\/dev.eliassen.nl\/de\/","name":"Eliassen Home & Garden Pleasure","description":"","publisher":{"@id":"https:\/\/dev.eliassen.nl\/de\/#organization"},"alternateName":"Eliassen.nl","potentialAction":[{"@type":"SearchAction","target":{"@type":"EntryPoint","urlTemplate":"https:\/\/dev.eliassen.nl\/de\/?s={search_term_string}"},"query-input":{"@type":"PropertyValueSpecification","valueRequired":true,"valueName":"search_term_string"}}],"inLanguage":"de"},{"@type":"Organization","@id":"https:\/\/dev.eliassen.nl\/de\/#organization","name":"Eliassen Home & Garden Pleasure","url":"https:\/\/dev.eliassen.nl\/de\/","logo":{"@type":"ImageObject","inLanguage":"de","@id":"https:\/\/dev.eliassen.nl\/de\/#\/schema\/logo\/image\/","url":"https:\/\/www.eliassen.nl\/wp-content\/uploads\/2024\/01\/logo_4nd.jpg","contentUrl":"https:\/\/www.eliassen.nl\/wp-content\/uploads\/2024\/01\/logo_4nd.jpg","width":500,"height":500,"caption":"Eliassen Home & Garden Pleasure"},"image":{"@id":"https:\/\/dev.eliassen.nl\/de\/#\/schema\/logo\/image\/"},"sameAs":["https:\/\/www.facebook.com\/TuincentrumEliassenAmmerzoden","https:\/\/www.instagram.com\/eliassenhomeandgarden\/","https:\/\/nl.pinterest.com\/eliassenhomeandgarden\/","https:\/\/www.youtube.com\/@eliassenhomegardenpleasure4558"]}]}},"df_price":369,"df_sale_price":"","df_regular_price":369,"df_image_link":"https:\/\/dev.eliassen.nl\/wp-content\/uploads\/2024\/10\/vaasmarysiaantraciet122cmcountryfielddecostar.jpg","image":"https:\/\/dev.eliassen.nl\/wp-content\/uploads\/2024\/10\/vaasmarysiaantraciet122cmcountryfielddecostar.jpg","price_search":"<span class=\"woocommerce-Price-amount amount\"><bdi><span class=\"woocommerce-Price-currencySymbol\">&euro;<\/span>&nbsp;369,00<\/bdi><\/span>","category":"Blument\u00f6pfe und Pflanzgef\u00e4\u00dfe","_links":{"self":[{"href":"https:\/\/dev.eliassen.nl\/de\/wp-json\/wp\/v2\/product\/163031","targetHints":{"allow":["GET"]}}],"collection":[{"href":"https:\/\/dev.eliassen.nl\/de\/wp-json\/wp\/v2\/product"}],"about":[{"href":"https:\/\/dev.eliassen.nl\/de\/wp-json\/wp\/v2\/types\/product"}],"wp:featuredmedia":[{"embeddable":true,"href":"https:\/\/dev.eliassen.nl\/de\/wp-json\/wp\/v2\/media\/163028"}],"wp:attachment":[{"href":"https:\/\/dev.eliassen.nl\/de\/wp-json\/wp\/v2\/media?parent=163031"}],"wp:term":[{"taxonomy":"product_brand","embeddable":true,"href":"https:\/\/dev.eliassen.nl\/de\/wp-json\/wp\/v2\/product_brand?post=163031"},{"taxonomy":"product_cat","embeddable":true,"href":"https:\/\/dev.eliassen.nl\/de\/wp-json\/wp\/v2\/product_cat?post=163031"},{"taxonomy":"product_tag","embeddable":true,"href":"https:\/\/dev.eliassen.nl\/de\/wp-json\/wp\/v2\/product_tag?post=163031"}],"curies":[{"name":"wp","href":"https:\/\/api.w.org\/{rel}","templated":true}]}}