{"id":163340,"date":"2024-10-09T16:39:53","date_gmt":"2024-10-09T14:39:53","guid":{"rendered":"https:\/\/www.eliassen.nl\/?product=afrikaans-bronzen-beeld-gelukkig-gezin-21cm"},"modified":"2024-12-05T17:41:13","modified_gmt":"2024-12-05T16:41:13","slug":"afrikanische-bronzestatue-gluckliche-familie-21cm","status":"publish","type":"product","link":"https:\/\/dev.eliassen.nl\/de\/afrikanische-bronzestatue-gluckliche-familie-21cm\/","title":{"rendered":"Afrikanische Bronzestatue Gl\u00fcckliche Familie 21cm"},"content":{"rendered":"<p>Wundersch\u00f6ne massive Bronzestatue eines stehenden Paares mit Kind, gefertigt aus hochwertiger Bronze. Wundersch\u00f6n f\u00fcr Ihr Zuhause oder zum Verschenken.<\/p>\n<p>Diese Statue wurde, wie schon seit Hunderten von Jahren, auf sehr primitive Weise hergestellt, mit einem holzbefeuerten Schmelzofen und in einer Form gegossen, die jedes Mal erneuert werden muss. Nach dem Gussprozess wird die Bronzestatue weiter poliert, poliert und bemalt.<\/p>\n<p>Dieses Produkt tr\u00e4gt zur Besch\u00e4ftigung im Sahel-Land Burkino Faso bei, die Menschen dort sind uns sehr dankbar f\u00fcr die Bestellungen und dass daf\u00fcr ein fairer Preis gezahlt wird, der den Menschen dort den Aufbau eines vern\u00fcnftigen Lebens erm\u00f6glicht.<\/p>\n<p>In unserem Gesch\u00e4ft haben wir viele Sockel und S\u00e4ulen, auf denen diese Bronzeskulptur gut zur Geltung kommt. Kommen Sie und sehen Sie es mit Ihren eigenen Augen.<\/p>\n<ul>\n<li>Gr\u00f6\u00dfe: 20x20cm hoch.<\/li>\n<li>Farbe: Dunkelbraun\/Hellbraun<\/li>\n<li>Einzigartiges Fair-Trade-Produkt.<\/li>\n<li>Material: Massive Bronze<\/li>\n<li>15 Jahre Garantie.<\/li>\n<li><strong>Viele dieser Bronzestatuenserien k\u00f6nnen auch live in unserem Shop besichtigt werden!<\/strong><\/li>\n<\/ul>\n","protected":false},"excerpt":{"rendered":"<p>massive Bronzestatue<\/p>\n","protected":false},"featured_media":163334,"template":"","meta":{"_acf_changed":false},"product_brand":[6916],"product_cat":[1373,613,7239],"product_tag":[],"class_list":{"0":"post-163340","1":"product","2":"type-product","3":"status-publish","4":"has-post-thumbnail","6":"product_brand-eliassen-de","7":"product_cat-afrikanische-bronzestatuen","8":"product_cat-bronzestatuen","9":"product_cat-statuen-skulpturen","11":"first","12":"outofstock","13":"taxable","14":"shipping-taxable","15":"purchasable","16":"product-type-simple"},"acf":[],"yoast_head":"<!-- This site is optimized with the Yoast SEO plugin v23.8 - https:\/\/yoast.com\/wordpress\/plugins\/seo\/ -->\n<title>Afrikanische Bronzestatue Gl\u00fcckliche Familie 21cm<\/title>\n<meta name=\"description\" content=\"Wundersch\u00f6ne afrikanische Bronzestatue, die Liebe und\/oder Freundschaft darstellt. Ein wundersch\u00f6nes Fair-Trade-Produkt. Ein sch\u00f6nes Geschenk f\u00fcr sich selbst...\" \/>\n<meta name=\"robots\" content=\"noindex, follow, max-snippet:-1, max-image-preview:large, max-video-preview:-1\" \/>\n<meta property=\"og:locale\" content=\"de_DE\" \/>\n<meta property=\"og:type\" content=\"article\" \/>\n<meta property=\"og:title\" content=\"Afrikanische Bronzestatue Gl\u00fcckliche Familie 21cm\" \/>\n<meta property=\"og:description\" content=\"Wundersch\u00f6ne afrikanische Bronzestatue, die Liebe und\/oder Freundschaft darstellt. Ein wundersch\u00f6nes Fair-Trade-Produkt. Ein sch\u00f6nes Geschenk f\u00fcr sich selbst...\" \/>\n<meta property=\"og:url\" content=\"https:\/\/dev.eliassen.nl\/de\/afrikanische-bronzestatue-gluckliche-familie-21cm\/\" \/>\n<meta property=\"og:site_name\" content=\"Eliassen.nl\" \/>\n<meta property=\"article:publisher\" content=\"https:\/\/www.facebook.com\/TuincentrumEliassenAmmerzoden\" \/>\n<meta property=\"article:modified_time\" content=\"2024-12-05T16:41:13+00:00\" \/>\n<meta property=\"og:image\" content=\"https:\/\/dev.eliassen.nl\/wp-content\/uploads\/2024\/11\/promlxdbknd.jpg\" \/>\n\t<meta property=\"og:image:width\" content=\"1674\" \/>\n\t<meta property=\"og:image:height\" content=\"2048\" \/>\n\t<meta property=\"og:image:type\" content=\"image\/jpeg\" \/>\n<meta name=\"twitter:card\" content=\"summary_large_image\" \/>\n<script type=\"application\/ld+json\" class=\"yoast-schema-graph\">{\"@context\":\"https:\/\/schema.org\",\"@graph\":[{\"@type\":\"WebPage\",\"@id\":\"https:\/\/dev.eliassen.nl\/de\/afrikanische-bronzestatue-gluckliche-familie-21cm\/\",\"url\":\"https:\/\/dev.eliassen.nl\/de\/afrikanische-bronzestatue-gluckliche-familie-21cm\/\",\"name\":\"Afrikanische Bronzestatue Gl\u00fcckliche Familie 21cm\",\"isPartOf\":{\"@id\":\"https:\/\/dev.eliassen.nl\/de\/#website\"},\"primaryImageOfPage\":{\"@id\":\"https:\/\/dev.eliassen.nl\/de\/afrikanische-bronzestatue-gluckliche-familie-21cm\/#primaryimage\"},\"image\":{\"@id\":\"https:\/\/dev.eliassen.nl\/de\/afrikanische-bronzestatue-gluckliche-familie-21cm\/#primaryimage\"},\"thumbnailUrl\":\"https:\/\/dev.eliassen.nl\/wp-content\/uploads\/2024\/11\/promlxdbknd.jpg\",\"datePublished\":\"2024-10-09T14:39:53+00:00\",\"dateModified\":\"2024-12-05T16:41:13+00:00\",\"description\":\"Wundersch\u00f6ne afrikanische Bronzestatue, die Liebe und\/oder Freundschaft darstellt. Ein wundersch\u00f6nes Fair-Trade-Produkt. Ein sch\u00f6nes Geschenk f\u00fcr sich selbst...\",\"breadcrumb\":{\"@id\":\"https:\/\/dev.eliassen.nl\/de\/afrikanische-bronzestatue-gluckliche-familie-21cm\/#breadcrumb\"},\"inLanguage\":\"de\",\"potentialAction\":[{\"@type\":\"ReadAction\",\"target\":[\"https:\/\/dev.eliassen.nl\/de\/afrikanische-bronzestatue-gluckliche-familie-21cm\/\"]}]},{\"@type\":\"ImageObject\",\"inLanguage\":\"de\",\"@id\":\"https:\/\/dev.eliassen.nl\/de\/afrikanische-bronzestatue-gluckliche-familie-21cm\/#primaryimage\",\"url\":\"https:\/\/dev.eliassen.nl\/wp-content\/uploads\/2024\/11\/promlxdbknd.jpg\",\"contentUrl\":\"https:\/\/dev.eliassen.nl\/wp-content\/uploads\/2024\/11\/promlxdbknd.jpg\",\"width\":1674,\"height\":2048,\"caption\":\"pro-MLXdbKnD\"},{\"@type\":\"BreadcrumbList\",\"@id\":\"https:\/\/dev.eliassen.nl\/de\/afrikanische-bronzestatue-gluckliche-familie-21cm\/#breadcrumb\",\"itemListElement\":[{\"@type\":\"ListItem\",\"position\":1,\"name\":\"Home\",\"item\":\"https:\/\/dev.eliassen.nl\/de\/\"},{\"@type\":\"ListItem\",\"position\":2,\"name\":\"Shop\",\"item\":\"https:\/\/dev.eliassen.nl\/nl\/winkel\/\"},{\"@type\":\"ListItem\",\"position\":3,\"name\":\"Bronzestatuen\",\"item\":\"https:\/\/dev.eliassen.nl\/de\/bilder\/bronzestatuen\/\"},{\"@type\":\"ListItem\",\"position\":4,\"name\":\"Afrikanische Bronzestatuen\",\"item\":\"https:\/\/dev.eliassen.nl\/de\/bilder\/bronzestatuen\/afrikanische-bronzestatuen\/\"},{\"@type\":\"ListItem\",\"position\":5,\"name\":\"Afrikanische Bronzestatue Gl\u00fcckliche Familie 21cm\"}]},{\"@type\":\"WebSite\",\"@id\":\"https:\/\/dev.eliassen.nl\/de\/#website\",\"url\":\"https:\/\/dev.eliassen.nl\/de\/\",\"name\":\"Eliassen Home & Garden Pleasure\",\"description\":\"\",\"publisher\":{\"@id\":\"https:\/\/dev.eliassen.nl\/de\/#organization\"},\"alternateName\":\"Eliassen.nl\",\"potentialAction\":[{\"@type\":\"SearchAction\",\"target\":{\"@type\":\"EntryPoint\",\"urlTemplate\":\"https:\/\/dev.eliassen.nl\/de\/?s={search_term_string}\"},\"query-input\":{\"@type\":\"PropertyValueSpecification\",\"valueRequired\":true,\"valueName\":\"search_term_string\"}}],\"inLanguage\":\"de\"},{\"@type\":\"Organization\",\"@id\":\"https:\/\/dev.eliassen.nl\/de\/#organization\",\"name\":\"Eliassen Home & Garden Pleasure\",\"url\":\"https:\/\/dev.eliassen.nl\/de\/\",\"logo\":{\"@type\":\"ImageObject\",\"inLanguage\":\"de\",\"@id\":\"https:\/\/dev.eliassen.nl\/de\/#\/schema\/logo\/image\/\",\"url\":\"https:\/\/www.eliassen.nl\/wp-content\/uploads\/2024\/01\/logo_4nd.jpg\",\"contentUrl\":\"https:\/\/www.eliassen.nl\/wp-content\/uploads\/2024\/01\/logo_4nd.jpg\",\"width\":500,\"height\":500,\"caption\":\"Eliassen Home & Garden Pleasure\"},\"image\":{\"@id\":\"https:\/\/dev.eliassen.nl\/de\/#\/schema\/logo\/image\/\"},\"sameAs\":[\"https:\/\/www.facebook.com\/TuincentrumEliassenAmmerzoden\",\"https:\/\/www.instagram.com\/eliassenhomeandgarden\/\",\"https:\/\/nl.pinterest.com\/eliassenhomeandgarden\/\",\"https:\/\/www.youtube.com\/@eliassenhomegardenpleasure4558\"]}]}<\/script>\n<!-- \/ Yoast SEO plugin. -->","yoast_head_json":{"title":"Afrikanische Bronzestatue Gl\u00fcckliche Familie 21cm","description":"Wundersch\u00f6ne afrikanische Bronzestatue, die Liebe und\/oder Freundschaft darstellt. Ein wundersch\u00f6nes Fair-Trade-Produkt. Ein sch\u00f6nes Geschenk f\u00fcr sich selbst...","robots":{"index":"noindex","follow":"follow","max-snippet":"max-snippet:-1","max-image-preview":"max-image-preview:large","max-video-preview":"max-video-preview:-1"},"og_locale":"de_DE","og_type":"article","og_title":"Afrikanische Bronzestatue Gl\u00fcckliche Familie 21cm","og_description":"Wundersch\u00f6ne afrikanische Bronzestatue, die Liebe und\/oder Freundschaft darstellt. Ein wundersch\u00f6nes Fair-Trade-Produkt. Ein sch\u00f6nes Geschenk f\u00fcr sich selbst...","og_url":"https:\/\/dev.eliassen.nl\/de\/afrikanische-bronzestatue-gluckliche-familie-21cm\/","og_site_name":"Eliassen.nl","article_publisher":"https:\/\/www.facebook.com\/TuincentrumEliassenAmmerzoden","article_modified_time":"2024-12-05T16:41:13+00:00","og_image":[{"width":1674,"height":2048,"url":"https:\/\/dev.eliassen.nl\/wp-content\/uploads\/2024\/11\/promlxdbknd.jpg","type":"image\/jpeg"}],"twitter_card":"summary_large_image","schema":{"@context":"https:\/\/schema.org","@graph":[{"@type":"WebPage","@id":"https:\/\/dev.eliassen.nl\/de\/afrikanische-bronzestatue-gluckliche-familie-21cm\/","url":"https:\/\/dev.eliassen.nl\/de\/afrikanische-bronzestatue-gluckliche-familie-21cm\/","name":"Afrikanische Bronzestatue Gl\u00fcckliche Familie 21cm","isPartOf":{"@id":"https:\/\/dev.eliassen.nl\/de\/#website"},"primaryImageOfPage":{"@id":"https:\/\/dev.eliassen.nl\/de\/afrikanische-bronzestatue-gluckliche-familie-21cm\/#primaryimage"},"image":{"@id":"https:\/\/dev.eliassen.nl\/de\/afrikanische-bronzestatue-gluckliche-familie-21cm\/#primaryimage"},"thumbnailUrl":"https:\/\/dev.eliassen.nl\/wp-content\/uploads\/2024\/11\/promlxdbknd.jpg","datePublished":"2024-10-09T14:39:53+00:00","dateModified":"2024-12-05T16:41:13+00:00","description":"Wundersch\u00f6ne afrikanische Bronzestatue, die Liebe und\/oder Freundschaft darstellt. Ein wundersch\u00f6nes Fair-Trade-Produkt. Ein sch\u00f6nes Geschenk f\u00fcr sich selbst...","breadcrumb":{"@id":"https:\/\/dev.eliassen.nl\/de\/afrikanische-bronzestatue-gluckliche-familie-21cm\/#breadcrumb"},"inLanguage":"de","potentialAction":[{"@type":"ReadAction","target":["https:\/\/dev.eliassen.nl\/de\/afrikanische-bronzestatue-gluckliche-familie-21cm\/"]}]},{"@type":"ImageObject","inLanguage":"de","@id":"https:\/\/dev.eliassen.nl\/de\/afrikanische-bronzestatue-gluckliche-familie-21cm\/#primaryimage","url":"https:\/\/dev.eliassen.nl\/wp-content\/uploads\/2024\/11\/promlxdbknd.jpg","contentUrl":"https:\/\/dev.eliassen.nl\/wp-content\/uploads\/2024\/11\/promlxdbknd.jpg","width":1674,"height":2048,"caption":"pro-MLXdbKnD"},{"@type":"BreadcrumbList","@id":"https:\/\/dev.eliassen.nl\/de\/afrikanische-bronzestatue-gluckliche-familie-21cm\/#breadcrumb","itemListElement":[{"@type":"ListItem","position":1,"name":"Home","item":"https:\/\/dev.eliassen.nl\/de\/"},{"@type":"ListItem","position":2,"name":"Shop","item":"https:\/\/dev.eliassen.nl\/nl\/winkel\/"},{"@type":"ListItem","position":3,"name":"Bronzestatuen","item":"https:\/\/dev.eliassen.nl\/de\/bilder\/bronzestatuen\/"},{"@type":"ListItem","position":4,"name":"Afrikanische Bronzestatuen","item":"https:\/\/dev.eliassen.nl\/de\/bilder\/bronzestatuen\/afrikanische-bronzestatuen\/"},{"@type":"ListItem","position":5,"name":"Afrikanische Bronzestatue Gl\u00fcckliche Familie 21cm"}]},{"@type":"WebSite","@id":"https:\/\/dev.eliassen.nl\/de\/#website","url":"https:\/\/dev.eliassen.nl\/de\/","name":"Eliassen Home & Garden Pleasure","description":"","publisher":{"@id":"https:\/\/dev.eliassen.nl\/de\/#organization"},"alternateName":"Eliassen.nl","potentialAction":[{"@type":"SearchAction","target":{"@type":"EntryPoint","urlTemplate":"https:\/\/dev.eliassen.nl\/de\/?s={search_term_string}"},"query-input":{"@type":"PropertyValueSpecification","valueRequired":true,"valueName":"search_term_string"}}],"inLanguage":"de"},{"@type":"Organization","@id":"https:\/\/dev.eliassen.nl\/de\/#organization","name":"Eliassen Home & Garden Pleasure","url":"https:\/\/dev.eliassen.nl\/de\/","logo":{"@type":"ImageObject","inLanguage":"de","@id":"https:\/\/dev.eliassen.nl\/de\/#\/schema\/logo\/image\/","url":"https:\/\/www.eliassen.nl\/wp-content\/uploads\/2024\/01\/logo_4nd.jpg","contentUrl":"https:\/\/www.eliassen.nl\/wp-content\/uploads\/2024\/01\/logo_4nd.jpg","width":500,"height":500,"caption":"Eliassen Home & Garden Pleasure"},"image":{"@id":"https:\/\/dev.eliassen.nl\/de\/#\/schema\/logo\/image\/"},"sameAs":["https:\/\/www.facebook.com\/TuincentrumEliassenAmmerzoden","https:\/\/www.instagram.com\/eliassenhomeandgarden\/","https:\/\/nl.pinterest.com\/eliassenhomeandgarden\/","https:\/\/www.youtube.com\/@eliassenhomegardenpleasure4558"]}]}},"df_price":179,"df_sale_price":"","df_regular_price":179,"df_image_link":"https:\/\/dev.eliassen.nl\/wp-content\/uploads\/2024\/11\/promlxdbknd.jpg","image":"https:\/\/dev.eliassen.nl\/wp-content\/uploads\/2024\/11\/promlxdbknd.jpg","price_search":"<span class=\"woocommerce-Price-amount amount\"><bdi><span class=\"woocommerce-Price-currencySymbol\">&euro;<\/span>&nbsp;179,00<\/bdi><\/span>","category":"Afrikanische Bronzestatuen","_links":{"self":[{"href":"https:\/\/dev.eliassen.nl\/de\/wp-json\/wp\/v2\/product\/163340","targetHints":{"allow":["GET"]}}],"collection":[{"href":"https:\/\/dev.eliassen.nl\/de\/wp-json\/wp\/v2\/product"}],"about":[{"href":"https:\/\/dev.eliassen.nl\/de\/wp-json\/wp\/v2\/types\/product"}],"wp:featuredmedia":[{"embeddable":true,"href":"https:\/\/dev.eliassen.nl\/de\/wp-json\/wp\/v2\/media\/163334"}],"wp:attachment":[{"href":"https:\/\/dev.eliassen.nl\/de\/wp-json\/wp\/v2\/media?parent=163340"}],"wp:term":[{"taxonomy":"product_brand","embeddable":true,"href":"https:\/\/dev.eliassen.nl\/de\/wp-json\/wp\/v2\/product_brand?post=163340"},{"taxonomy":"product_cat","embeddable":true,"href":"https:\/\/dev.eliassen.nl\/de\/wp-json\/wp\/v2\/product_cat?post=163340"},{"taxonomy":"product_tag","embeddable":true,"href":"https:\/\/dev.eliassen.nl\/de\/wp-json\/wp\/v2\/product_tag?post=163340"}],"curies":[{"name":"wp","href":"https:\/\/api.w.org\/{rel}","templated":true}]}}