{"id":163403,"date":"2024-10-11T10:06:40","date_gmt":"2024-10-11T08:06:40","guid":{"rendered":"https:\/\/www.eliassen.nl\/?product=kunstplant-waaierpalm-45cm"},"modified":"2024-10-31T16:39:26","modified_gmt":"2024-10-31T16:39:26","slug":"kunstliche-pflanzenfacherpalme-45cm","status":"publish","type":"product","link":"https:\/\/dev.eliassen.nl\/de\/product\/kunstliche-pflanzenfacherpalme-45cm\/","title":{"rendered":"K\u00fcnstliche Pflanzenf\u00e4cherpalme 45cm"},"content":{"rendered":"<p>Machen Sie Ihren Garten, Ihr Zuhause oder Ihre Arbeitsumgebung gem\u00fctlich mit dieser wundersch\u00f6nen F\u00e4cherpalme mit einer H\u00f6he von 45 cm.<\/p>\n<p>Dieses naturgetreue Modell einer F\u00e4cherpalme mit wundersch\u00f6nen \u201eflie\u00dfenden\u201c Bl\u00e4ttern besteht aus feinsten recycelten Kunststoffarten und steht aufgrund des Topfes, in den die Pflanze gestellt wird, gut f\u00fcr sich. Diese Pflanze hat eine H\u00f6he von 45 cm. Kombiniert mit anderen Seidenpflanzen, zusammen in einem gro\u00dfen Topf, k\u00f6nnen Sie ein wundersch\u00f6nes Pflanzenarrangement gestalten, um das Sie sich keine Sorgen mehr machen m\u00fcssen.<\/p>\n<p>Sind die Pflanzen zu trocken oder zu nass, brauchen sie D\u00fcnger, ist die Luftfeuchtigkeit gut? Das sind alles Fragen, die Sie sich bei diesen Kunstpflanzen nicht mehr stellen m\u00fcssen. Ein gelegentliches Abwischen mit einem feuchten Tuch gen\u00fcgt.<\/p>\n<p><strong>Auch von Kunstpflanzen k\u00f6nnen Sie bei uns fast alles live besichtigen!!<\/strong><\/p>\n<p><strong>Bestellen Sie gleich 3 Kunstpflanzen bei uns und Sie erhalten 10 % Rabatt!!<\/strong><\/p>\n<ul>\n<li>Gr\u00f6\u00dfe: 45 cm hoch<\/li>\n<li>Gewicht: ca. 3kg<\/li>\n<li>Material: Recycelter Kunststoff, PVC-frei<\/li>\n<li>Farbe: gr\u00fcn<\/li>\n<li>Kann auch drau\u00dfen, an einem gesch\u00fctzten Ort und nicht in der vollen Sonne aufgestellt werden<\/li>\n<li>Garantie: 1 Jahr<\/li>\n<\/ul>\n","protected":false},"excerpt":{"rendered":"<p>Beim Kauf von mehr als 3 Kunstpflanzen erhalten Sie 10 % Rabatt.<\/p>\n","protected":false},"featured_media":163400,"template":"","meta":{"_acf_changed":false},"product_brand":[],"product_cat":[7002],"product_tag":[],"class_list":{"0":"post-163403","1":"product","2":"type-product","3":"status-publish","4":"has-post-thumbnail","6":"product_cat-kuenstliche-pflanzen","8":"first","9":"instock","10":"taxable","11":"shipping-taxable","12":"purchasable","13":"product-type-simple"},"acf":[],"yoast_head":"<!-- This site is optimized with the Yoast SEO plugin v23.8 - https:\/\/yoast.com\/wordpress\/plugins\/seo\/ -->\n<title>K\u00fcnstliche Pflanzenf\u00e4cherpalme 45 cm - Eliassen.nl<\/title>\n<meta name=\"description\" content=\"Suchen Sie eine k\u00fcnstliche Pflanze f\u00fcr Ihr Zuhause oder Ihr B\u00fcro? Sie werden diese wundersch\u00f6ne F\u00e4cherpalme mit einer H\u00f6he von 45 cm sicherlich zu sch\u00e4tzen w...\" \/>\n<meta name=\"robots\" content=\"noindex, follow, max-snippet:-1, max-image-preview:large, max-video-preview:-1\" \/>\n<meta property=\"og:locale\" content=\"de_DE\" \/>\n<meta property=\"og:type\" content=\"article\" \/>\n<meta property=\"og:title\" content=\"K\u00fcnstliche Pflanzenf\u00e4cherpalme 45 cm - Eliassen.nl\" \/>\n<meta property=\"og:description\" content=\"Suchen Sie eine k\u00fcnstliche Pflanze f\u00fcr Ihr Zuhause oder Ihr B\u00fcro? Sie werden diese wundersch\u00f6ne F\u00e4cherpalme mit einer H\u00f6he von 45 cm sicherlich zu sch\u00e4tzen w...\" \/>\n<meta property=\"og:url\" content=\"https:\/\/dev.eliassen.nl\/de\/product\/kunstliche-pflanzenfacherpalme-45cm\/\" \/>\n<meta property=\"og:site_name\" content=\"Eliassen.nl\" \/>\n<meta property=\"article:publisher\" content=\"https:\/\/www.facebook.com\/TuincentrumEliassenAmmerzoden\" \/>\n<meta property=\"article:modified_time\" content=\"2024-10-31T16:39:26+00:00\" \/>\n<meta property=\"og:image\" content=\"https:\/\/dev.eliassen.nl\/wp-content\/uploads\/2024\/11\/kunstplantwaaierpalm45cmeliassennl17058045.jpg\" \/>\n\t<meta property=\"og:image:width\" content=\"1371\" \/>\n\t<meta property=\"og:image:height\" content=\"2048\" \/>\n\t<meta property=\"og:image:type\" content=\"image\/jpeg\" \/>\n<meta name=\"twitter:card\" content=\"summary_large_image\" \/>\n<script type=\"application\/ld+json\" class=\"yoast-schema-graph\">{\"@context\":\"https:\/\/schema.org\",\"@graph\":[{\"@type\":\"WebPage\",\"@id\":\"https:\/\/dev.eliassen.nl\/de\/product\/kunstliche-pflanzenfacherpalme-45cm\/\",\"url\":\"https:\/\/dev.eliassen.nl\/de\/product\/kunstliche-pflanzenfacherpalme-45cm\/\",\"name\":\"K\u00fcnstliche Pflanzenf\u00e4cherpalme 45 cm - Eliassen.nl\",\"isPartOf\":{\"@id\":\"https:\/\/dev.eliassen.nl\/de\/#website\"},\"primaryImageOfPage\":{\"@id\":\"https:\/\/dev.eliassen.nl\/de\/product\/kunstliche-pflanzenfacherpalme-45cm\/#primaryimage\"},\"image\":{\"@id\":\"https:\/\/dev.eliassen.nl\/de\/product\/kunstliche-pflanzenfacherpalme-45cm\/#primaryimage\"},\"thumbnailUrl\":\"https:\/\/dev.eliassen.nl\/wp-content\/uploads\/2024\/11\/kunstplantwaaierpalm45cmeliassennl17058045.jpg\",\"datePublished\":\"2024-10-11T08:06:40+00:00\",\"dateModified\":\"2024-10-31T16:39:26+00:00\",\"description\":\"Suchen Sie eine k\u00fcnstliche Pflanze f\u00fcr Ihr Zuhause oder Ihr B\u00fcro? Sie werden diese wundersch\u00f6ne F\u00e4cherpalme mit einer H\u00f6he von 45 cm sicherlich zu sch\u00e4tzen w...\",\"breadcrumb\":{\"@id\":\"https:\/\/dev.eliassen.nl\/de\/product\/kunstliche-pflanzenfacherpalme-45cm\/#breadcrumb\"},\"inLanguage\":\"de\",\"potentialAction\":[{\"@type\":\"ReadAction\",\"target\":[\"https:\/\/dev.eliassen.nl\/de\/product\/kunstliche-pflanzenfacherpalme-45cm\/\"]}]},{\"@type\":\"ImageObject\",\"inLanguage\":\"de\",\"@id\":\"https:\/\/dev.eliassen.nl\/de\/product\/kunstliche-pflanzenfacherpalme-45cm\/#primaryimage\",\"url\":\"https:\/\/dev.eliassen.nl\/wp-content\/uploads\/2024\/11\/kunstplantwaaierpalm45cmeliassennl17058045.jpg\",\"contentUrl\":\"https:\/\/dev.eliassen.nl\/wp-content\/uploads\/2024\/11\/kunstplantwaaierpalm45cmeliassennl17058045.jpg\",\"width\":1371,\"height\":2048,\"caption\":\"Kunstplant waaierpalm 45cm Eliassen.nl 17058 045\"},{\"@type\":\"BreadcrumbList\",\"@id\":\"https:\/\/dev.eliassen.nl\/de\/product\/kunstliche-pflanzenfacherpalme-45cm\/#breadcrumb\",\"itemListElement\":[{\"@type\":\"ListItem\",\"position\":1,\"name\":\"Home\",\"item\":\"https:\/\/dev.eliassen.nl\/de\/\"},{\"@type\":\"ListItem\",\"position\":2,\"name\":\"Shop\",\"item\":\"https:\/\/dev.eliassen.nl\/nl\/winkel\/\"},{\"@type\":\"ListItem\",\"position\":3,\"name\":\"K\u00fcnstliche Pflanzen\",\"item\":\"https:\/\/dev.eliassen.nl\/de\/product-categorie\/kuenstliche-pflanzen\/\"},{\"@type\":\"ListItem\",\"position\":4,\"name\":\"K\u00fcnstliche Pflanzenf\u00e4cherpalme 45cm\"}]},{\"@type\":\"WebSite\",\"@id\":\"https:\/\/dev.eliassen.nl\/de\/#website\",\"url\":\"https:\/\/dev.eliassen.nl\/de\/\",\"name\":\"Eliassen Home & Garden Pleasure\",\"description\":\"\",\"publisher\":{\"@id\":\"https:\/\/dev.eliassen.nl\/de\/#organization\"},\"alternateName\":\"Eliassen.nl\",\"potentialAction\":[{\"@type\":\"SearchAction\",\"target\":{\"@type\":\"EntryPoint\",\"urlTemplate\":\"https:\/\/dev.eliassen.nl\/de\/?s={search_term_string}\"},\"query-input\":{\"@type\":\"PropertyValueSpecification\",\"valueRequired\":true,\"valueName\":\"search_term_string\"}}],\"inLanguage\":\"de\"},{\"@type\":\"Organization\",\"@id\":\"https:\/\/dev.eliassen.nl\/de\/#organization\",\"name\":\"Eliassen Home & Garden Pleasure\",\"url\":\"https:\/\/dev.eliassen.nl\/de\/\",\"logo\":{\"@type\":\"ImageObject\",\"inLanguage\":\"de\",\"@id\":\"https:\/\/dev.eliassen.nl\/de\/#\/schema\/logo\/image\/\",\"url\":\"https:\/\/www.eliassen.nl\/wp-content\/uploads\/2024\/01\/logo_4nd.jpg\",\"contentUrl\":\"https:\/\/www.eliassen.nl\/wp-content\/uploads\/2024\/01\/logo_4nd.jpg\",\"width\":500,\"height\":500,\"caption\":\"Eliassen Home & Garden Pleasure\"},\"image\":{\"@id\":\"https:\/\/dev.eliassen.nl\/de\/#\/schema\/logo\/image\/\"},\"sameAs\":[\"https:\/\/www.facebook.com\/TuincentrumEliassenAmmerzoden\",\"https:\/\/www.instagram.com\/eliassenhomeandgarden\/\",\"https:\/\/nl.pinterest.com\/eliassenhomeandgarden\/\",\"https:\/\/www.youtube.com\/@eliassenhomegardenpleasure4558\"]}]}<\/script>\n<!-- \/ Yoast SEO plugin. -->","yoast_head_json":{"title":"K\u00fcnstliche Pflanzenf\u00e4cherpalme 45 cm - Eliassen.nl","description":"Suchen Sie eine k\u00fcnstliche Pflanze f\u00fcr Ihr Zuhause oder Ihr B\u00fcro? Sie werden diese wundersch\u00f6ne F\u00e4cherpalme mit einer H\u00f6he von 45 cm sicherlich zu sch\u00e4tzen w...","robots":{"index":"noindex","follow":"follow","max-snippet":"max-snippet:-1","max-image-preview":"max-image-preview:large","max-video-preview":"max-video-preview:-1"},"og_locale":"de_DE","og_type":"article","og_title":"K\u00fcnstliche Pflanzenf\u00e4cherpalme 45 cm - Eliassen.nl","og_description":"Suchen Sie eine k\u00fcnstliche Pflanze f\u00fcr Ihr Zuhause oder Ihr B\u00fcro? Sie werden diese wundersch\u00f6ne F\u00e4cherpalme mit einer H\u00f6he von 45 cm sicherlich zu sch\u00e4tzen w...","og_url":"https:\/\/dev.eliassen.nl\/de\/product\/kunstliche-pflanzenfacherpalme-45cm\/","og_site_name":"Eliassen.nl","article_publisher":"https:\/\/www.facebook.com\/TuincentrumEliassenAmmerzoden","article_modified_time":"2024-10-31T16:39:26+00:00","og_image":[{"width":1371,"height":2048,"url":"https:\/\/dev.eliassen.nl\/wp-content\/uploads\/2024\/11\/kunstplantwaaierpalm45cmeliassennl17058045.jpg","type":"image\/jpeg"}],"twitter_card":"summary_large_image","schema":{"@context":"https:\/\/schema.org","@graph":[{"@type":"WebPage","@id":"https:\/\/dev.eliassen.nl\/de\/product\/kunstliche-pflanzenfacherpalme-45cm\/","url":"https:\/\/dev.eliassen.nl\/de\/product\/kunstliche-pflanzenfacherpalme-45cm\/","name":"K\u00fcnstliche Pflanzenf\u00e4cherpalme 45 cm - Eliassen.nl","isPartOf":{"@id":"https:\/\/dev.eliassen.nl\/de\/#website"},"primaryImageOfPage":{"@id":"https:\/\/dev.eliassen.nl\/de\/product\/kunstliche-pflanzenfacherpalme-45cm\/#primaryimage"},"image":{"@id":"https:\/\/dev.eliassen.nl\/de\/product\/kunstliche-pflanzenfacherpalme-45cm\/#primaryimage"},"thumbnailUrl":"https:\/\/dev.eliassen.nl\/wp-content\/uploads\/2024\/11\/kunstplantwaaierpalm45cmeliassennl17058045.jpg","datePublished":"2024-10-11T08:06:40+00:00","dateModified":"2024-10-31T16:39:26+00:00","description":"Suchen Sie eine k\u00fcnstliche Pflanze f\u00fcr Ihr Zuhause oder Ihr B\u00fcro? Sie werden diese wundersch\u00f6ne F\u00e4cherpalme mit einer H\u00f6he von 45 cm sicherlich zu sch\u00e4tzen w...","breadcrumb":{"@id":"https:\/\/dev.eliassen.nl\/de\/product\/kunstliche-pflanzenfacherpalme-45cm\/#breadcrumb"},"inLanguage":"de","potentialAction":[{"@type":"ReadAction","target":["https:\/\/dev.eliassen.nl\/de\/product\/kunstliche-pflanzenfacherpalme-45cm\/"]}]},{"@type":"ImageObject","inLanguage":"de","@id":"https:\/\/dev.eliassen.nl\/de\/product\/kunstliche-pflanzenfacherpalme-45cm\/#primaryimage","url":"https:\/\/dev.eliassen.nl\/wp-content\/uploads\/2024\/11\/kunstplantwaaierpalm45cmeliassennl17058045.jpg","contentUrl":"https:\/\/dev.eliassen.nl\/wp-content\/uploads\/2024\/11\/kunstplantwaaierpalm45cmeliassennl17058045.jpg","width":1371,"height":2048,"caption":"Kunstplant waaierpalm 45cm Eliassen.nl 17058 045"},{"@type":"BreadcrumbList","@id":"https:\/\/dev.eliassen.nl\/de\/product\/kunstliche-pflanzenfacherpalme-45cm\/#breadcrumb","itemListElement":[{"@type":"ListItem","position":1,"name":"Home","item":"https:\/\/dev.eliassen.nl\/de\/"},{"@type":"ListItem","position":2,"name":"Shop","item":"https:\/\/dev.eliassen.nl\/nl\/winkel\/"},{"@type":"ListItem","position":3,"name":"K\u00fcnstliche Pflanzen","item":"https:\/\/dev.eliassen.nl\/de\/product-categorie\/kuenstliche-pflanzen\/"},{"@type":"ListItem","position":4,"name":"K\u00fcnstliche Pflanzenf\u00e4cherpalme 45cm"}]},{"@type":"WebSite","@id":"https:\/\/dev.eliassen.nl\/de\/#website","url":"https:\/\/dev.eliassen.nl\/de\/","name":"Eliassen Home & Garden Pleasure","description":"","publisher":{"@id":"https:\/\/dev.eliassen.nl\/de\/#organization"},"alternateName":"Eliassen.nl","potentialAction":[{"@type":"SearchAction","target":{"@type":"EntryPoint","urlTemplate":"https:\/\/dev.eliassen.nl\/de\/?s={search_term_string}"},"query-input":{"@type":"PropertyValueSpecification","valueRequired":true,"valueName":"search_term_string"}}],"inLanguage":"de"},{"@type":"Organization","@id":"https:\/\/dev.eliassen.nl\/de\/#organization","name":"Eliassen Home & Garden Pleasure","url":"https:\/\/dev.eliassen.nl\/de\/","logo":{"@type":"ImageObject","inLanguage":"de","@id":"https:\/\/dev.eliassen.nl\/de\/#\/schema\/logo\/image\/","url":"https:\/\/www.eliassen.nl\/wp-content\/uploads\/2024\/01\/logo_4nd.jpg","contentUrl":"https:\/\/www.eliassen.nl\/wp-content\/uploads\/2024\/01\/logo_4nd.jpg","width":500,"height":500,"caption":"Eliassen Home & Garden Pleasure"},"image":{"@id":"https:\/\/dev.eliassen.nl\/de\/#\/schema\/logo\/image\/"},"sameAs":["https:\/\/www.facebook.com\/TuincentrumEliassenAmmerzoden","https:\/\/www.instagram.com\/eliassenhomeandgarden\/","https:\/\/nl.pinterest.com\/eliassenhomeandgarden\/","https:\/\/www.youtube.com\/@eliassenhomegardenpleasure4558"]}]}},"df_price":17.5,"df_sale_price":"","df_regular_price":17.5,"df_image_link":"https:\/\/dev.eliassen.nl\/wp-content\/uploads\/2024\/11\/kunstplantwaaierpalm45cmeliassennl17058045.jpg","image":"https:\/\/dev.eliassen.nl\/wp-content\/uploads\/2024\/11\/kunstplantwaaierpalm45cmeliassennl17058045.jpg","price_search":"<span class=\"woocommerce-Price-amount amount\"><bdi><span class=\"woocommerce-Price-currencySymbol\">&euro;<\/span>&nbsp;17,50<\/bdi><\/span>","category":"K\u00fcnstliche Pflanzen","_links":{"self":[{"href":"https:\/\/dev.eliassen.nl\/de\/wp-json\/wp\/v2\/product\/163403","targetHints":{"allow":["GET"]}}],"collection":[{"href":"https:\/\/dev.eliassen.nl\/de\/wp-json\/wp\/v2\/product"}],"about":[{"href":"https:\/\/dev.eliassen.nl\/de\/wp-json\/wp\/v2\/types\/product"}],"wp:featuredmedia":[{"embeddable":true,"href":"https:\/\/dev.eliassen.nl\/de\/wp-json\/wp\/v2\/media\/163400"}],"wp:attachment":[{"href":"https:\/\/dev.eliassen.nl\/de\/wp-json\/wp\/v2\/media?parent=163403"}],"wp:term":[{"taxonomy":"product_brand","embeddable":true,"href":"https:\/\/dev.eliassen.nl\/de\/wp-json\/wp\/v2\/product_brand?post=163403"},{"taxonomy":"product_cat","embeddable":true,"href":"https:\/\/dev.eliassen.nl\/de\/wp-json\/wp\/v2\/product_cat?post=163403"},{"taxonomy":"product_tag","embeddable":true,"href":"https:\/\/dev.eliassen.nl\/de\/wp-json\/wp\/v2\/product_tag?post=163403"}],"curies":[{"name":"wp","href":"https:\/\/api.w.org\/{rel}","templated":true}]}}