{"id":163493,"date":"2024-10-13T16:43:46","date_gmt":"2024-10-13T14:43:46","guid":{"rendered":"https:\/\/www.eliassen.nl\/?product=kunstplant-guzmania-60cm-rood"},"modified":"2024-10-31T16:45:45","modified_gmt":"2024-10-31T16:45:45","slug":"kunstpflanze-guzmania-60cm-rot","status":"publish","type":"product","link":"https:\/\/dev.eliassen.nl\/de\/product\/kunstpflanze-guzmania-60cm-rot\/","title":{"rendered":"Kunstpflanze Guzmania 60cm rot"},"content":{"rendered":"<p>Machen Sie Ihren Garten, Ihr Zuhause oder Ihre Arbeitsumgebung gem\u00fctlich mit diesem wundersch\u00f6nen 60 cm gro\u00dfen Guzmania in Rot.<\/p>\n<p>Dieses naturgetreue Guzmania-Modell mit langen, schmalen Bl\u00e4ttern besteht aus feinsten recycelten Kunststoffsorten und steht aufgrund des Topfes, in dem die Pflanze platziert ist, f\u00fcr sich allein. Diese rote Guzmania f\u00fcllt leere Stellen sehr schnell mit schmalen Bl\u00e4ttern. Kombiniert mit anderen Seidenpflanzen, zusammen in einem gro\u00dfen Topf, k\u00f6nnen Sie ein wundersch\u00f6nes Pflanzenarrangement gestalten, um das Sie sich keine Sorgen mehr machen m\u00fcssen.<\/p>\n<p>Sind die Pflanzen zu trocken oder zu nass, brauchen sie D\u00fcnger, ist die Luftfeuchtigkeit gut? Das sind alles Fragen, die Sie sich bei diesen Kunstpflanzen nicht mehr stellen m\u00fcssen. Ein gelegentliches Abwischen mit einem feuchten Tuch gen\u00fcgt.<\/p>\n<p><strong>Auch von Kunstpflanzen k\u00f6nnen Sie bei uns fast alles live besichtigen!!<\/strong><\/p>\n<p><strong>Bestellen Sie gleich 3 Kunstpflanzen bei uns und Sie erhalten 10 % Rabatt!!<\/strong><\/p>\n<ul>\n<li>Gr\u00f6\u00dfe: 60 cm hoch<\/li>\n<li>Topfgr\u00f6\u00dfen: &#8230;&#8230;..<\/li>\n<li>Material: Recycelter Kunststoff, PVC-frei<\/li>\n<li>Farbe: Gr\u00fcn und Rot<\/li>\n<li>Kann auch drau\u00dfen an einem gesch\u00fctzten Ort und nicht in der vollen Sonne aufgestellt werden<\/li>\n<li>Garantie: 1 Jahr<\/li>\n<\/ul>\n","protected":false},"excerpt":{"rendered":"<p>Machen Sie Ihren Garten, Ihr Zuhause oder Ihre Arbeitsumgebung gem\u00fctlich mit diesem wundersch\u00f6nen 60 cm gro\u00dfen Guzmania in Rot. Dieses naturgetreue Guzmania-Modell mit langen, schmalen Bl\u00e4ttern besteht aus feinsten recycelten Kunststoffsorten und steht aufgrund des Topfes, in dem die Pflanze platziert ist, f\u00fcr sich allein. Diese rote Guzmania f\u00fcllt leere Stellen sehr schnell mit schmalen &hellip;<\/p>\n","protected":false},"featured_media":163490,"template":"","meta":{"_acf_changed":false},"product_brand":[],"product_cat":[7002],"product_tag":[],"class_list":{"0":"post-163493","1":"product","2":"type-product","3":"status-publish","4":"has-post-thumbnail","6":"product_cat-kuenstliche-pflanzen","8":"first","9":"instock","10":"taxable","11":"shipping-taxable","12":"purchasable","13":"product-type-simple"},"acf":[],"yoast_head":"<!-- This site is optimized with the Yoast SEO plugin v23.8 - https:\/\/yoast.com\/wordpress\/plugins\/seo\/ -->\n<title>Kunstplant Guzmania 60cm rood - Eliassen.nl<\/title>\n<meta name=\"description\" content=\"Bent u op zoek naar een kunstplant voor uw huis of kantoor? Deze Guzmania met een hoogte van 60cm zult u zeker waarderen. In de winkel of online.\" \/>\n<meta name=\"robots\" content=\"noindex, follow, max-snippet:-1, max-image-preview:large, max-video-preview:-1\" \/>\n<meta property=\"og:locale\" content=\"de_DE\" \/>\n<meta property=\"og:type\" content=\"article\" \/>\n<meta property=\"og:title\" content=\"Kunstplant Guzmania 60cm rood - Eliassen.nl\" \/>\n<meta property=\"og:description\" content=\"Bent u op zoek naar een kunstplant voor uw huis of kantoor? Deze Guzmania met een hoogte van 60cm zult u zeker waarderen. In de winkel of online.\" \/>\n<meta property=\"og:url\" content=\"https:\/\/dev.eliassen.nl\/de\/product\/kunstpflanze-guzmania-60cm-rot\/\" \/>\n<meta property=\"og:site_name\" content=\"Eliassen.nl\" \/>\n<meta property=\"article:publisher\" content=\"https:\/\/www.facebook.com\/TuincentrumEliassenAmmerzoden\" \/>\n<meta property=\"article:modified_time\" content=\"2024-10-31T16:45:45+00:00\" \/>\n<meta property=\"og:image\" content=\"https:\/\/dev.eliassen.nl\/wp-content\/uploads\/2024\/11\/kunstplantguzmania60cmroodeliassennl40802526.jpg\" \/>\n\t<meta property=\"og:image:width\" content=\"1371\" \/>\n\t<meta property=\"og:image:height\" content=\"2048\" \/>\n\t<meta property=\"og:image:type\" content=\"image\/jpeg\" \/>\n<meta name=\"twitter:card\" content=\"summary_large_image\" \/>\n<script type=\"application\/ld+json\" class=\"yoast-schema-graph\">{\"@context\":\"https:\/\/schema.org\",\"@graph\":[{\"@type\":\"WebPage\",\"@id\":\"https:\/\/dev.eliassen.nl\/de\/product\/kunstpflanze-guzmania-60cm-rot\/\",\"url\":\"https:\/\/dev.eliassen.nl\/de\/product\/kunstpflanze-guzmania-60cm-rot\/\",\"name\":\"Kunstplant Guzmania 60cm rood - Eliassen.nl\",\"isPartOf\":{\"@id\":\"https:\/\/dev.eliassen.nl\/de\/#website\"},\"primaryImageOfPage\":{\"@id\":\"https:\/\/dev.eliassen.nl\/de\/product\/kunstpflanze-guzmania-60cm-rot\/#primaryimage\"},\"image\":{\"@id\":\"https:\/\/dev.eliassen.nl\/de\/product\/kunstpflanze-guzmania-60cm-rot\/#primaryimage\"},\"thumbnailUrl\":\"https:\/\/dev.eliassen.nl\/wp-content\/uploads\/2024\/11\/kunstplantguzmania60cmroodeliassennl40802526.jpg\",\"datePublished\":\"2024-10-13T14:43:46+00:00\",\"dateModified\":\"2024-10-31T16:45:45+00:00\",\"description\":\"Bent u op zoek naar een kunstplant voor uw huis of kantoor? Deze Guzmania met een hoogte van 60cm zult u zeker waarderen. In de winkel of online.\",\"breadcrumb\":{\"@id\":\"https:\/\/dev.eliassen.nl\/de\/product\/kunstpflanze-guzmania-60cm-rot\/#breadcrumb\"},\"inLanguage\":\"de\",\"potentialAction\":[{\"@type\":\"ReadAction\",\"target\":[\"https:\/\/dev.eliassen.nl\/de\/product\/kunstpflanze-guzmania-60cm-rot\/\"]}]},{\"@type\":\"ImageObject\",\"inLanguage\":\"de\",\"@id\":\"https:\/\/dev.eliassen.nl\/de\/product\/kunstpflanze-guzmania-60cm-rot\/#primaryimage\",\"url\":\"https:\/\/dev.eliassen.nl\/wp-content\/uploads\/2024\/11\/kunstplantguzmania60cmroodeliassennl40802526.jpg\",\"contentUrl\":\"https:\/\/dev.eliassen.nl\/wp-content\/uploads\/2024\/11\/kunstplantguzmania60cmroodeliassennl40802526.jpg\",\"width\":1371,\"height\":2048,\"caption\":\"Kunstplant Guzmania 60cm rood Eliassen.nl 40802 526\"},{\"@type\":\"BreadcrumbList\",\"@id\":\"https:\/\/dev.eliassen.nl\/de\/product\/kunstpflanze-guzmania-60cm-rot\/#breadcrumb\",\"itemListElement\":[{\"@type\":\"ListItem\",\"position\":1,\"name\":\"Home\",\"item\":\"https:\/\/dev.eliassen.nl\/de\/\"},{\"@type\":\"ListItem\",\"position\":2,\"name\":\"Shop\",\"item\":\"https:\/\/dev.eliassen.nl\/nl\/winkel\/\"},{\"@type\":\"ListItem\",\"position\":3,\"name\":\"K\u00fcnstliche Pflanzen\",\"item\":\"https:\/\/dev.eliassen.nl\/de\/product-categorie\/kuenstliche-pflanzen\/\"},{\"@type\":\"ListItem\",\"position\":4,\"name\":\"Kunstpflanze Guzmania 60cm rot\"}]},{\"@type\":\"WebSite\",\"@id\":\"https:\/\/dev.eliassen.nl\/de\/#website\",\"url\":\"https:\/\/dev.eliassen.nl\/de\/\",\"name\":\"Eliassen Home & Garden Pleasure\",\"description\":\"\",\"publisher\":{\"@id\":\"https:\/\/dev.eliassen.nl\/de\/#organization\"},\"alternateName\":\"Eliassen.nl\",\"potentialAction\":[{\"@type\":\"SearchAction\",\"target\":{\"@type\":\"EntryPoint\",\"urlTemplate\":\"https:\/\/dev.eliassen.nl\/de\/?s={search_term_string}\"},\"query-input\":{\"@type\":\"PropertyValueSpecification\",\"valueRequired\":true,\"valueName\":\"search_term_string\"}}],\"inLanguage\":\"de\"},{\"@type\":\"Organization\",\"@id\":\"https:\/\/dev.eliassen.nl\/de\/#organization\",\"name\":\"Eliassen Home & Garden Pleasure\",\"url\":\"https:\/\/dev.eliassen.nl\/de\/\",\"logo\":{\"@type\":\"ImageObject\",\"inLanguage\":\"de\",\"@id\":\"https:\/\/dev.eliassen.nl\/de\/#\/schema\/logo\/image\/\",\"url\":\"https:\/\/www.eliassen.nl\/wp-content\/uploads\/2024\/01\/logo_4nd.jpg\",\"contentUrl\":\"https:\/\/www.eliassen.nl\/wp-content\/uploads\/2024\/01\/logo_4nd.jpg\",\"width\":500,\"height\":500,\"caption\":\"Eliassen Home & Garden Pleasure\"},\"image\":{\"@id\":\"https:\/\/dev.eliassen.nl\/de\/#\/schema\/logo\/image\/\"},\"sameAs\":[\"https:\/\/www.facebook.com\/TuincentrumEliassenAmmerzoden\",\"https:\/\/www.instagram.com\/eliassenhomeandgarden\/\",\"https:\/\/nl.pinterest.com\/eliassenhomeandgarden\/\",\"https:\/\/www.youtube.com\/@eliassenhomegardenpleasure4558\"]}]}<\/script>\n<!-- \/ Yoast SEO plugin. -->","yoast_head_json":{"title":"Kunstplant Guzmania 60cm rood - Eliassen.nl","description":"Bent u op zoek naar een kunstplant voor uw huis of kantoor? Deze Guzmania met een hoogte van 60cm zult u zeker waarderen. In de winkel of online.","robots":{"index":"noindex","follow":"follow","max-snippet":"max-snippet:-1","max-image-preview":"max-image-preview:large","max-video-preview":"max-video-preview:-1"},"og_locale":"de_DE","og_type":"article","og_title":"Kunstplant Guzmania 60cm rood - Eliassen.nl","og_description":"Bent u op zoek naar een kunstplant voor uw huis of kantoor? Deze Guzmania met een hoogte van 60cm zult u zeker waarderen. In de winkel of online.","og_url":"https:\/\/dev.eliassen.nl\/de\/product\/kunstpflanze-guzmania-60cm-rot\/","og_site_name":"Eliassen.nl","article_publisher":"https:\/\/www.facebook.com\/TuincentrumEliassenAmmerzoden","article_modified_time":"2024-10-31T16:45:45+00:00","og_image":[{"width":1371,"height":2048,"url":"https:\/\/dev.eliassen.nl\/wp-content\/uploads\/2024\/11\/kunstplantguzmania60cmroodeliassennl40802526.jpg","type":"image\/jpeg"}],"twitter_card":"summary_large_image","schema":{"@context":"https:\/\/schema.org","@graph":[{"@type":"WebPage","@id":"https:\/\/dev.eliassen.nl\/de\/product\/kunstpflanze-guzmania-60cm-rot\/","url":"https:\/\/dev.eliassen.nl\/de\/product\/kunstpflanze-guzmania-60cm-rot\/","name":"Kunstplant Guzmania 60cm rood - Eliassen.nl","isPartOf":{"@id":"https:\/\/dev.eliassen.nl\/de\/#website"},"primaryImageOfPage":{"@id":"https:\/\/dev.eliassen.nl\/de\/product\/kunstpflanze-guzmania-60cm-rot\/#primaryimage"},"image":{"@id":"https:\/\/dev.eliassen.nl\/de\/product\/kunstpflanze-guzmania-60cm-rot\/#primaryimage"},"thumbnailUrl":"https:\/\/dev.eliassen.nl\/wp-content\/uploads\/2024\/11\/kunstplantguzmania60cmroodeliassennl40802526.jpg","datePublished":"2024-10-13T14:43:46+00:00","dateModified":"2024-10-31T16:45:45+00:00","description":"Bent u op zoek naar een kunstplant voor uw huis of kantoor? Deze Guzmania met een hoogte van 60cm zult u zeker waarderen. In de winkel of online.","breadcrumb":{"@id":"https:\/\/dev.eliassen.nl\/de\/product\/kunstpflanze-guzmania-60cm-rot\/#breadcrumb"},"inLanguage":"de","potentialAction":[{"@type":"ReadAction","target":["https:\/\/dev.eliassen.nl\/de\/product\/kunstpflanze-guzmania-60cm-rot\/"]}]},{"@type":"ImageObject","inLanguage":"de","@id":"https:\/\/dev.eliassen.nl\/de\/product\/kunstpflanze-guzmania-60cm-rot\/#primaryimage","url":"https:\/\/dev.eliassen.nl\/wp-content\/uploads\/2024\/11\/kunstplantguzmania60cmroodeliassennl40802526.jpg","contentUrl":"https:\/\/dev.eliassen.nl\/wp-content\/uploads\/2024\/11\/kunstplantguzmania60cmroodeliassennl40802526.jpg","width":1371,"height":2048,"caption":"Kunstplant Guzmania 60cm rood Eliassen.nl 40802 526"},{"@type":"BreadcrumbList","@id":"https:\/\/dev.eliassen.nl\/de\/product\/kunstpflanze-guzmania-60cm-rot\/#breadcrumb","itemListElement":[{"@type":"ListItem","position":1,"name":"Home","item":"https:\/\/dev.eliassen.nl\/de\/"},{"@type":"ListItem","position":2,"name":"Shop","item":"https:\/\/dev.eliassen.nl\/nl\/winkel\/"},{"@type":"ListItem","position":3,"name":"K\u00fcnstliche Pflanzen","item":"https:\/\/dev.eliassen.nl\/de\/product-categorie\/kuenstliche-pflanzen\/"},{"@type":"ListItem","position":4,"name":"Kunstpflanze Guzmania 60cm rot"}]},{"@type":"WebSite","@id":"https:\/\/dev.eliassen.nl\/de\/#website","url":"https:\/\/dev.eliassen.nl\/de\/","name":"Eliassen Home & Garden Pleasure","description":"","publisher":{"@id":"https:\/\/dev.eliassen.nl\/de\/#organization"},"alternateName":"Eliassen.nl","potentialAction":[{"@type":"SearchAction","target":{"@type":"EntryPoint","urlTemplate":"https:\/\/dev.eliassen.nl\/de\/?s={search_term_string}"},"query-input":{"@type":"PropertyValueSpecification","valueRequired":true,"valueName":"search_term_string"}}],"inLanguage":"de"},{"@type":"Organization","@id":"https:\/\/dev.eliassen.nl\/de\/#organization","name":"Eliassen Home & Garden Pleasure","url":"https:\/\/dev.eliassen.nl\/de\/","logo":{"@type":"ImageObject","inLanguage":"de","@id":"https:\/\/dev.eliassen.nl\/de\/#\/schema\/logo\/image\/","url":"https:\/\/www.eliassen.nl\/wp-content\/uploads\/2024\/01\/logo_4nd.jpg","contentUrl":"https:\/\/www.eliassen.nl\/wp-content\/uploads\/2024\/01\/logo_4nd.jpg","width":500,"height":500,"caption":"Eliassen Home & Garden Pleasure"},"image":{"@id":"https:\/\/dev.eliassen.nl\/de\/#\/schema\/logo\/image\/"},"sameAs":["https:\/\/www.facebook.com\/TuincentrumEliassenAmmerzoden","https:\/\/www.instagram.com\/eliassenhomeandgarden\/","https:\/\/nl.pinterest.com\/eliassenhomeandgarden\/","https:\/\/www.youtube.com\/@eliassenhomegardenpleasure4558"]}]}},"df_price":34.5,"df_sale_price":"","df_regular_price":34.5,"df_image_link":"https:\/\/dev.eliassen.nl\/wp-content\/uploads\/2024\/11\/kunstplantguzmania60cmroodeliassennl40802526.jpg","image":"https:\/\/dev.eliassen.nl\/wp-content\/uploads\/2024\/11\/kunstplantguzmania60cmroodeliassennl40802526.jpg","price_search":"<span class=\"woocommerce-Price-amount amount\"><bdi><span class=\"woocommerce-Price-currencySymbol\">&euro;<\/span>&nbsp;34,50<\/bdi><\/span>","category":"K\u00fcnstliche Pflanzen","_links":{"self":[{"href":"https:\/\/dev.eliassen.nl\/de\/wp-json\/wp\/v2\/product\/163493","targetHints":{"allow":["GET"]}}],"collection":[{"href":"https:\/\/dev.eliassen.nl\/de\/wp-json\/wp\/v2\/product"}],"about":[{"href":"https:\/\/dev.eliassen.nl\/de\/wp-json\/wp\/v2\/types\/product"}],"wp:featuredmedia":[{"embeddable":true,"href":"https:\/\/dev.eliassen.nl\/de\/wp-json\/wp\/v2\/media\/163490"}],"wp:attachment":[{"href":"https:\/\/dev.eliassen.nl\/de\/wp-json\/wp\/v2\/media?parent=163493"}],"wp:term":[{"taxonomy":"product_brand","embeddable":true,"href":"https:\/\/dev.eliassen.nl\/de\/wp-json\/wp\/v2\/product_brand?post=163493"},{"taxonomy":"product_cat","embeddable":true,"href":"https:\/\/dev.eliassen.nl\/de\/wp-json\/wp\/v2\/product_cat?post=163493"},{"taxonomy":"product_tag","embeddable":true,"href":"https:\/\/dev.eliassen.nl\/de\/wp-json\/wp\/v2\/product_tag?post=163493"}],"curies":[{"name":"wp","href":"https:\/\/api.w.org\/{rel}","templated":true}]}}