{"id":163709,"date":"2024-10-16T19:41:07","date_gmt":"2024-10-16T17:41:07","guid":{"rendered":"https:\/\/www.eliassen.nl\/?product=hangplant-in-pot-eucalyptus-grijs-xxl-70cm"},"modified":"2024-12-05T17:41:39","modified_gmt":"2024-12-05T16:41:39","slug":"hangepflanze-im-topf-eukalyptus-grau-xxl-70cm","status":"publish","type":"product","link":"https:\/\/dev.eliassen.nl\/de\/hangepflanze-im-topf-eukalyptus-grau-xxl-70cm\/","title":{"rendered":"H\u00e4ngepflanze im Topf Eukalyptus grau XXL 70cm"},"content":{"rendered":"<p>Machen Sie Ihren Garten, Ihr Zuhause oder Ihre Arbeitsumgebung gem\u00fctlich mit dieser wundersch\u00f6nen 70 cm gro\u00dfen Eukalyptus-H\u00e4ngepflanze.<\/p>\n<p>Diese naturgetreue Modell-Eukalyptuspflanze mit vielen Bl\u00e4ttern besteht aus feinsten recycelten Kunststoffsorten und steht aufgrund des Topfes, in den die Pflanze gestellt wird, f\u00fcr sich allein. Durch das h\u00e4ngende Modell und den sehr vollen Topf f\u00fcllt diese Eukalyptuspflanze leere R\u00e4ume sehr schnell.<\/p>\n<p>Sind die Pflanzen zu trocken oder zu nass, brauchen sie D\u00fcnger, ist die Luftfeuchtigkeit gut? Das sind alles Fragen, die Sie sich bei diesen Kunstpflanzen nicht mehr stellen m\u00fcssen. Ein gelegentliches Abwischen mit einem feuchten Tuch gen\u00fcgt.<\/p>\n<p><strong>Auch von Kunstpflanzen k\u00f6nnen Sie bei uns fast alles live besichtigen!!<\/strong><\/p>\n<p><strong>Bestellen Sie gleich 3 Kunstpflanzen bei uns und Sie erhalten 10 % Rabatt!!<\/strong><\/p>\n<ul>\n<li>Gr\u00f6\u00dfe: 13 x 13 cm Topfgr\u00f6\u00dfe x 70 cm L\u00e4nge<\/li>\n<li>Gewicht: 5kg<\/li>\n<li>Material: Recycelter Kunststoff, PVC-frei<\/li>\n<li>Farbe: gr\u00fcn\/grau im schwarzen Topf<\/li>\n<li>Kann auch drau\u00dfen, an einem gesch\u00fctzten Ort und nicht in der vollen Sonne aufgestellt werden<\/li>\n<li>Garantie: 1 Jahr<\/li>\n<\/ul>\n","protected":false},"excerpt":{"rendered":"<p>Beim Kauf von mehr als 3 Kunstpflanzen erhalten Sie 10 % Rabatt.<\/p>\n","protected":false},"featured_media":163706,"template":"","meta":{"_acf_changed":false},"product_brand":[],"product_cat":[7002],"product_tag":[],"class_list":{"0":"post-163709","1":"product","2":"type-product","3":"status-publish","4":"has-post-thumbnail","6":"product_cat-kuenstliche-pflanzen","8":"first","9":"instock","10":"taxable","11":"shipping-taxable","12":"purchasable","13":"product-type-simple"},"acf":[],"yoast_head":"<!-- This site is optimized with the Yoast SEO plugin v23.8 - https:\/\/yoast.com\/wordpress\/plugins\/seo\/ -->\n<title>H\u00e4ngepflanze im Topf Eukalyptus grau XXL 70cm - Eliassen.nl<\/title>\n<meta name=\"description\" content=\"Suchen Sie eine k\u00fcnstliche Pflanze f\u00fcr Ihr Zuhause oder Ihr B\u00fcro? Sie werden diese Eukalyptus-H\u00e4ngepflanze mit einer L\u00e4nge von 70 cm sicherlich zu sch\u00e4tzen w...\" \/>\n<meta name=\"robots\" content=\"noindex, follow, max-snippet:-1, max-image-preview:large, max-video-preview:-1\" \/>\n<meta property=\"og:locale\" content=\"de_DE\" \/>\n<meta property=\"og:type\" content=\"article\" \/>\n<meta property=\"og:title\" content=\"H\u00e4ngepflanze im Topf Eukalyptus grau XXL 70cm - Eliassen.nl\" \/>\n<meta property=\"og:description\" content=\"Suchen Sie eine k\u00fcnstliche Pflanze f\u00fcr Ihr Zuhause oder Ihr B\u00fcro? Sie werden diese Eukalyptus-H\u00e4ngepflanze mit einer L\u00e4nge von 70 cm sicherlich zu sch\u00e4tzen w...\" \/>\n<meta property=\"og:url\" content=\"https:\/\/dev.eliassen.nl\/de\/hangepflanze-im-topf-eukalyptus-grau-xxl-70cm\/\" \/>\n<meta property=\"og:site_name\" content=\"Eliassen.nl\" \/>\n<meta property=\"article:publisher\" content=\"https:\/\/www.facebook.com\/TuincentrumEliassenAmmerzoden\" \/>\n<meta property=\"article:modified_time\" content=\"2024-12-05T16:41:39+00:00\" \/>\n<meta property=\"og:image\" content=\"https:\/\/dev.eliassen.nl\/wp-content\/uploads\/2024\/11\/kunsthangplanteucalyptus70cmeliassennl06485pp.jpg\" \/>\n\t<meta property=\"og:image:width\" content=\"1368\" \/>\n\t<meta property=\"og:image:height\" content=\"2048\" \/>\n\t<meta property=\"og:image:type\" content=\"image\/jpeg\" \/>\n<meta name=\"twitter:card\" content=\"summary_large_image\" \/>\n<script type=\"application\/ld+json\" class=\"yoast-schema-graph\">{\"@context\":\"https:\/\/schema.org\",\"@graph\":[{\"@type\":\"WebPage\",\"@id\":\"https:\/\/dev.eliassen.nl\/de\/hangepflanze-im-topf-eukalyptus-grau-xxl-70cm\/\",\"url\":\"https:\/\/dev.eliassen.nl\/de\/hangepflanze-im-topf-eukalyptus-grau-xxl-70cm\/\",\"name\":\"H\u00e4ngepflanze im Topf Eukalyptus grau XXL 70cm - Eliassen.nl\",\"isPartOf\":{\"@id\":\"https:\/\/dev.eliassen.nl\/de\/#website\"},\"primaryImageOfPage\":{\"@id\":\"https:\/\/dev.eliassen.nl\/de\/hangepflanze-im-topf-eukalyptus-grau-xxl-70cm\/#primaryimage\"},\"image\":{\"@id\":\"https:\/\/dev.eliassen.nl\/de\/hangepflanze-im-topf-eukalyptus-grau-xxl-70cm\/#primaryimage\"},\"thumbnailUrl\":\"https:\/\/dev.eliassen.nl\/wp-content\/uploads\/2024\/11\/kunsthangplanteucalyptus70cmeliassennl06485pp.jpg\",\"datePublished\":\"2024-10-16T17:41:07+00:00\",\"dateModified\":\"2024-12-05T16:41:39+00:00\",\"description\":\"Suchen Sie eine k\u00fcnstliche Pflanze f\u00fcr Ihr Zuhause oder Ihr B\u00fcro? Sie werden diese Eukalyptus-H\u00e4ngepflanze mit einer L\u00e4nge von 70 cm sicherlich zu sch\u00e4tzen w...\",\"breadcrumb\":{\"@id\":\"https:\/\/dev.eliassen.nl\/de\/hangepflanze-im-topf-eukalyptus-grau-xxl-70cm\/#breadcrumb\"},\"inLanguage\":\"de\",\"potentialAction\":[{\"@type\":\"ReadAction\",\"target\":[\"https:\/\/dev.eliassen.nl\/de\/hangepflanze-im-topf-eukalyptus-grau-xxl-70cm\/\"]}]},{\"@type\":\"ImageObject\",\"inLanguage\":\"de\",\"@id\":\"https:\/\/dev.eliassen.nl\/de\/hangepflanze-im-topf-eukalyptus-grau-xxl-70cm\/#primaryimage\",\"url\":\"https:\/\/dev.eliassen.nl\/wp-content\/uploads\/2024\/11\/kunsthangplanteucalyptus70cmeliassennl06485pp.jpg\",\"contentUrl\":\"https:\/\/dev.eliassen.nl\/wp-content\/uploads\/2024\/11\/kunsthangplanteucalyptus70cmeliassennl06485pp.jpg\",\"width\":1368,\"height\":2048,\"caption\":\"Kunst hangplant Eucalyptus 70cm Eliassen.nl 06485PP\"},{\"@type\":\"BreadcrumbList\",\"@id\":\"https:\/\/dev.eliassen.nl\/de\/hangepflanze-im-topf-eukalyptus-grau-xxl-70cm\/#breadcrumb\",\"itemListElement\":[{\"@type\":\"ListItem\",\"position\":1,\"name\":\"Home\",\"item\":\"https:\/\/dev.eliassen.nl\/de\/\"},{\"@type\":\"ListItem\",\"position\":2,\"name\":\"Shop\",\"item\":\"https:\/\/dev.eliassen.nl\/nl\/winkel\/\"},{\"@type\":\"ListItem\",\"position\":3,\"name\":\"K\u00fcnstliche Pflanzen\",\"item\":\"https:\/\/dev.eliassen.nl\/de\/product-categorie\/kuenstliche-pflanzen\/\"},{\"@type\":\"ListItem\",\"position\":4,\"name\":\"H\u00e4ngepflanze im Topf Eukalyptus grau XXL 70cm\"}]},{\"@type\":\"WebSite\",\"@id\":\"https:\/\/dev.eliassen.nl\/de\/#website\",\"url\":\"https:\/\/dev.eliassen.nl\/de\/\",\"name\":\"Eliassen Home & Garden Pleasure\",\"description\":\"\",\"publisher\":{\"@id\":\"https:\/\/dev.eliassen.nl\/de\/#organization\"},\"alternateName\":\"Eliassen.nl\",\"potentialAction\":[{\"@type\":\"SearchAction\",\"target\":{\"@type\":\"EntryPoint\",\"urlTemplate\":\"https:\/\/dev.eliassen.nl\/de\/?s={search_term_string}\"},\"query-input\":{\"@type\":\"PropertyValueSpecification\",\"valueRequired\":true,\"valueName\":\"search_term_string\"}}],\"inLanguage\":\"de\"},{\"@type\":\"Organization\",\"@id\":\"https:\/\/dev.eliassen.nl\/de\/#organization\",\"name\":\"Eliassen Home & Garden Pleasure\",\"url\":\"https:\/\/dev.eliassen.nl\/de\/\",\"logo\":{\"@type\":\"ImageObject\",\"inLanguage\":\"de\",\"@id\":\"https:\/\/dev.eliassen.nl\/de\/#\/schema\/logo\/image\/\",\"url\":\"https:\/\/www.eliassen.nl\/wp-content\/uploads\/2024\/01\/logo_4nd.jpg\",\"contentUrl\":\"https:\/\/www.eliassen.nl\/wp-content\/uploads\/2024\/01\/logo_4nd.jpg\",\"width\":500,\"height\":500,\"caption\":\"Eliassen Home & Garden Pleasure\"},\"image\":{\"@id\":\"https:\/\/dev.eliassen.nl\/de\/#\/schema\/logo\/image\/\"},\"sameAs\":[\"https:\/\/www.facebook.com\/TuincentrumEliassenAmmerzoden\",\"https:\/\/www.instagram.com\/eliassenhomeandgarden\/\",\"https:\/\/nl.pinterest.com\/eliassenhomeandgarden\/\",\"https:\/\/www.youtube.com\/@eliassenhomegardenpleasure4558\"]}]}<\/script>\n<!-- \/ Yoast SEO plugin. -->","yoast_head_json":{"title":"H\u00e4ngepflanze im Topf Eukalyptus grau XXL 70cm - Eliassen.nl","description":"Suchen Sie eine k\u00fcnstliche Pflanze f\u00fcr Ihr Zuhause oder Ihr B\u00fcro? Sie werden diese Eukalyptus-H\u00e4ngepflanze mit einer L\u00e4nge von 70 cm sicherlich zu sch\u00e4tzen w...","robots":{"index":"noindex","follow":"follow","max-snippet":"max-snippet:-1","max-image-preview":"max-image-preview:large","max-video-preview":"max-video-preview:-1"},"og_locale":"de_DE","og_type":"article","og_title":"H\u00e4ngepflanze im Topf Eukalyptus grau XXL 70cm - Eliassen.nl","og_description":"Suchen Sie eine k\u00fcnstliche Pflanze f\u00fcr Ihr Zuhause oder Ihr B\u00fcro? Sie werden diese Eukalyptus-H\u00e4ngepflanze mit einer L\u00e4nge von 70 cm sicherlich zu sch\u00e4tzen w...","og_url":"https:\/\/dev.eliassen.nl\/de\/hangepflanze-im-topf-eukalyptus-grau-xxl-70cm\/","og_site_name":"Eliassen.nl","article_publisher":"https:\/\/www.facebook.com\/TuincentrumEliassenAmmerzoden","article_modified_time":"2024-12-05T16:41:39+00:00","og_image":[{"width":1368,"height":2048,"url":"https:\/\/dev.eliassen.nl\/wp-content\/uploads\/2024\/11\/kunsthangplanteucalyptus70cmeliassennl06485pp.jpg","type":"image\/jpeg"}],"twitter_card":"summary_large_image","schema":{"@context":"https:\/\/schema.org","@graph":[{"@type":"WebPage","@id":"https:\/\/dev.eliassen.nl\/de\/hangepflanze-im-topf-eukalyptus-grau-xxl-70cm\/","url":"https:\/\/dev.eliassen.nl\/de\/hangepflanze-im-topf-eukalyptus-grau-xxl-70cm\/","name":"H\u00e4ngepflanze im Topf Eukalyptus grau XXL 70cm - Eliassen.nl","isPartOf":{"@id":"https:\/\/dev.eliassen.nl\/de\/#website"},"primaryImageOfPage":{"@id":"https:\/\/dev.eliassen.nl\/de\/hangepflanze-im-topf-eukalyptus-grau-xxl-70cm\/#primaryimage"},"image":{"@id":"https:\/\/dev.eliassen.nl\/de\/hangepflanze-im-topf-eukalyptus-grau-xxl-70cm\/#primaryimage"},"thumbnailUrl":"https:\/\/dev.eliassen.nl\/wp-content\/uploads\/2024\/11\/kunsthangplanteucalyptus70cmeliassennl06485pp.jpg","datePublished":"2024-10-16T17:41:07+00:00","dateModified":"2024-12-05T16:41:39+00:00","description":"Suchen Sie eine k\u00fcnstliche Pflanze f\u00fcr Ihr Zuhause oder Ihr B\u00fcro? Sie werden diese Eukalyptus-H\u00e4ngepflanze mit einer L\u00e4nge von 70 cm sicherlich zu sch\u00e4tzen w...","breadcrumb":{"@id":"https:\/\/dev.eliassen.nl\/de\/hangepflanze-im-topf-eukalyptus-grau-xxl-70cm\/#breadcrumb"},"inLanguage":"de","potentialAction":[{"@type":"ReadAction","target":["https:\/\/dev.eliassen.nl\/de\/hangepflanze-im-topf-eukalyptus-grau-xxl-70cm\/"]}]},{"@type":"ImageObject","inLanguage":"de","@id":"https:\/\/dev.eliassen.nl\/de\/hangepflanze-im-topf-eukalyptus-grau-xxl-70cm\/#primaryimage","url":"https:\/\/dev.eliassen.nl\/wp-content\/uploads\/2024\/11\/kunsthangplanteucalyptus70cmeliassennl06485pp.jpg","contentUrl":"https:\/\/dev.eliassen.nl\/wp-content\/uploads\/2024\/11\/kunsthangplanteucalyptus70cmeliassennl06485pp.jpg","width":1368,"height":2048,"caption":"Kunst hangplant Eucalyptus 70cm Eliassen.nl 06485PP"},{"@type":"BreadcrumbList","@id":"https:\/\/dev.eliassen.nl\/de\/hangepflanze-im-topf-eukalyptus-grau-xxl-70cm\/#breadcrumb","itemListElement":[{"@type":"ListItem","position":1,"name":"Home","item":"https:\/\/dev.eliassen.nl\/de\/"},{"@type":"ListItem","position":2,"name":"Shop","item":"https:\/\/dev.eliassen.nl\/nl\/winkel\/"},{"@type":"ListItem","position":3,"name":"K\u00fcnstliche Pflanzen","item":"https:\/\/dev.eliassen.nl\/de\/product-categorie\/kuenstliche-pflanzen\/"},{"@type":"ListItem","position":4,"name":"H\u00e4ngepflanze im Topf Eukalyptus grau XXL 70cm"}]},{"@type":"WebSite","@id":"https:\/\/dev.eliassen.nl\/de\/#website","url":"https:\/\/dev.eliassen.nl\/de\/","name":"Eliassen Home & Garden Pleasure","description":"","publisher":{"@id":"https:\/\/dev.eliassen.nl\/de\/#organization"},"alternateName":"Eliassen.nl","potentialAction":[{"@type":"SearchAction","target":{"@type":"EntryPoint","urlTemplate":"https:\/\/dev.eliassen.nl\/de\/?s={search_term_string}"},"query-input":{"@type":"PropertyValueSpecification","valueRequired":true,"valueName":"search_term_string"}}],"inLanguage":"de"},{"@type":"Organization","@id":"https:\/\/dev.eliassen.nl\/de\/#organization","name":"Eliassen Home & Garden Pleasure","url":"https:\/\/dev.eliassen.nl\/de\/","logo":{"@type":"ImageObject","inLanguage":"de","@id":"https:\/\/dev.eliassen.nl\/de\/#\/schema\/logo\/image\/","url":"https:\/\/www.eliassen.nl\/wp-content\/uploads\/2024\/01\/logo_4nd.jpg","contentUrl":"https:\/\/www.eliassen.nl\/wp-content\/uploads\/2024\/01\/logo_4nd.jpg","width":500,"height":500,"caption":"Eliassen Home & Garden Pleasure"},"image":{"@id":"https:\/\/dev.eliassen.nl\/de\/#\/schema\/logo\/image\/"},"sameAs":["https:\/\/www.facebook.com\/TuincentrumEliassenAmmerzoden","https:\/\/www.instagram.com\/eliassenhomeandgarden\/","https:\/\/nl.pinterest.com\/eliassenhomeandgarden\/","https:\/\/www.youtube.com\/@eliassenhomegardenpleasure4558"]}]}},"df_price":42.5,"df_sale_price":"","df_regular_price":42.5,"df_image_link":"https:\/\/dev.eliassen.nl\/wp-content\/uploads\/2024\/11\/kunsthangplanteucalyptus70cmeliassennl06485pp.jpg","image":"https:\/\/dev.eliassen.nl\/wp-content\/uploads\/2024\/11\/kunsthangplanteucalyptus70cmeliassennl06485pp.jpg","price_search":"<span class=\"woocommerce-Price-amount amount\"><bdi><span class=\"woocommerce-Price-currencySymbol\">&euro;<\/span>&nbsp;42,50<\/bdi><\/span>","category":"K\u00fcnstliche Pflanzen","_links":{"self":[{"href":"https:\/\/dev.eliassen.nl\/de\/wp-json\/wp\/v2\/product\/163709","targetHints":{"allow":["GET"]}}],"collection":[{"href":"https:\/\/dev.eliassen.nl\/de\/wp-json\/wp\/v2\/product"}],"about":[{"href":"https:\/\/dev.eliassen.nl\/de\/wp-json\/wp\/v2\/types\/product"}],"wp:featuredmedia":[{"embeddable":true,"href":"https:\/\/dev.eliassen.nl\/de\/wp-json\/wp\/v2\/media\/163706"}],"wp:attachment":[{"href":"https:\/\/dev.eliassen.nl\/de\/wp-json\/wp\/v2\/media?parent=163709"}],"wp:term":[{"taxonomy":"product_brand","embeddable":true,"href":"https:\/\/dev.eliassen.nl\/de\/wp-json\/wp\/v2\/product_brand?post=163709"},{"taxonomy":"product_cat","embeddable":true,"href":"https:\/\/dev.eliassen.nl\/de\/wp-json\/wp\/v2\/product_cat?post=163709"},{"taxonomy":"product_tag","embeddable":true,"href":"https:\/\/dev.eliassen.nl\/de\/wp-json\/wp\/v2\/product_tag?post=163709"}],"curies":[{"name":"wp","href":"https:\/\/api.w.org\/{rel}","templated":true}]}}