{"id":164686,"date":"2024-10-29T14:02:23","date_gmt":"2024-10-29T13:02:23","guid":{"rendered":"https:\/\/www.eliassen.nl\/?product=solar-pomp-solarmax-2500-auccu-fonteinpomp"},"modified":"2024-12-05T17:41:46","modified_gmt":"2024-12-05T16:41:46","slug":"solarpumpe-solarmax-2500-auccu-springbrunnenpumpe","status":"publish","type":"product","link":"https:\/\/dev.eliassen.nl\/de\/solarpumpe-solarmax-2500-auccu-springbrunnenpumpe\/","title":{"rendered":"Solarpumpe SolarMax 2500 auccu Springbrunnenpumpe"},"content":{"rendered":"<div class=\"cms-styling\" id=\"pdetailInfoText\">Eine SolarMax-Pumpe von Ubbink ist die L\u00f6sung, wenn Sie keine Steckdose in der N\u00e4he haben. Diese umweltbewusste Springbrunnenpumpe ist ideal f\u00fcr G\u00e4rten, die der Sonne zugewandt sind und \u00fcber einen Teich oder Springbrunnen verf\u00fcgen. Diese Teichpumpe verf\u00fcgt \u00fcber die einzigartige Versorgung mit Solarenergie. Mit der Sonne k\u00f6nnen Sie ganz einfach einen sch\u00f6nen Brunnen im Garten gestalten. Die SolarMax 2500-Pumpe enth\u00e4lt alle unten in den Spezifikationen genannten D\u00fcsen. Sie haben einfach die g\u00fcnstigste Energieform f\u00fcr Ihren Teich oder Brunnen zur Verf\u00fcgung!<\/p>\n<p>Mit der Ubbink SolarMax 2500 verf\u00fcgen Sie \u00fcber eine Pumpe, die das Wasser in Ihrem Teich oder Wasserspiel mithilfe eines kompakten Solarpanels problemlos in Form eines sch\u00f6nen Wasserstrahls bewegen kann. Mit dieser Solarenergiepumpe verf\u00fcgen Sie \u00fcber eine Teichpumpe, die mit Hilfe einer Batterie arbeitet. So haben Sie auch bei bew\u00f6lktem Wetter eine funktionierende Pumpe!<\/p>\n<p><b>Technische Spezifikationen:<\/b><br \/>Abmessungen des Solarpanels: 62 x 45,5 x 23 cm<br \/>Pumpengr\u00f6\u00dfe: 15,1 x 9,8 x 9,7<br \/>Batteriegr\u00f6\u00dfe: 9,75 x 15,1 x 9,8<br \/>Leistung des Solarpanels: 50 Watt<br \/>Stromverbrauch Pumpe: 14 Watt<br \/>Maximale H\u00f6he: 2,10 Meter<br \/>Wasserertrag: 2480 Liter pro Stunde direkt an der Pumpe gemessen<br \/>Netzkabel: 5 Meter<br \/>Im Lieferumfang enthalten: Vulkan-, Lava- und Wasserblasenaufsatz<br \/>Akkulaufzeit je nach eingestelltem Wasserdurchfluss: 6-8 Stunden<\/div>\n<div class=\"cms-styling\">Garantie 2 Jahre<\/div>\n","protected":false},"excerpt":{"rendered":"<p>Pumpe ohne Steckdose<\/p>\n","protected":false},"featured_media":164668,"template":"","meta":{"_acf_changed":false},"product_brand":[6918],"product_cat":[545,536],"product_tag":[],"class_list":{"0":"post-164686","1":"product","2":"type-product","3":"status-publish","4":"has-post-thumbnail","6":"product_brand-ubbink-de","7":"product_cat-teile-wasserspiele","8":"product_cat-wassereigenschaften","10":"first","11":"instock","12":"taxable","13":"shipping-taxable","14":"purchasable","15":"product-type-simple"},"acf":[],"yoast_head":"<!-- This site is optimized with the Yoast SEO plugin v23.8 - https:\/\/yoast.com\/wordpress\/plugins\/seo\/ -->\n<title>Solarpumpe SolarMax 2500 auccu Springbrunnenpumpe<\/title>\n<meta name=\"description\" content=\"Werfen Sie einen kurzen Blick auf Eliassen, um Ersatzteile f\u00fcr Ihren Brunnen oder Ihr Wasserspiel zu erhalten.\" \/>\n<meta name=\"robots\" content=\"noindex, follow, max-snippet:-1, max-image-preview:large, max-video-preview:-1\" \/>\n<meta property=\"og:locale\" content=\"de_DE\" \/>\n<meta property=\"og:type\" content=\"article\" \/>\n<meta property=\"og:title\" content=\"Solarpumpe SolarMax 2500 auccu Springbrunnenpumpe\" \/>\n<meta property=\"og:description\" content=\"Werfen Sie einen kurzen Blick auf Eliassen, um Ersatzteile f\u00fcr Ihren Brunnen oder Ihr Wasserspiel zu erhalten.\" \/>\n<meta property=\"og:url\" content=\"https:\/\/dev.eliassen.nl\/de\/solarpumpe-solarmax-2500-auccu-springbrunnenpumpe\/\" \/>\n<meta property=\"og:site_name\" content=\"Eliassen.nl\" \/>\n<meta property=\"article:publisher\" content=\"https:\/\/www.facebook.com\/TuincentrumEliassenAmmerzoden\" \/>\n<meta property=\"article:modified_time\" content=\"2024-12-05T16:41:46+00:00\" \/>\n<meta property=\"og:image\" content=\"https:\/\/dev.eliassen.nl\/wp-content\/uploads\/2024\/11\/vijverpompsolarmaxeliassennl2500accu.webp\" \/>\n\t<meta property=\"og:image:width\" content=\"1920\" \/>\n\t<meta property=\"og:image:height\" content=\"1920\" \/>\n\t<meta property=\"og:image:type\" content=\"image\/webp\" \/>\n<meta name=\"twitter:card\" content=\"summary_large_image\" \/>\n<script type=\"application\/ld+json\" class=\"yoast-schema-graph\">{\"@context\":\"https:\/\/schema.org\",\"@graph\":[{\"@type\":\"WebPage\",\"@id\":\"https:\/\/dev.eliassen.nl\/de\/solarpumpe-solarmax-2500-auccu-springbrunnenpumpe\/\",\"url\":\"https:\/\/dev.eliassen.nl\/de\/solarpumpe-solarmax-2500-auccu-springbrunnenpumpe\/\",\"name\":\"Solarpumpe SolarMax 2500 auccu Springbrunnenpumpe\",\"isPartOf\":{\"@id\":\"https:\/\/dev.eliassen.nl\/de\/#website\"},\"primaryImageOfPage\":{\"@id\":\"https:\/\/dev.eliassen.nl\/de\/solarpumpe-solarmax-2500-auccu-springbrunnenpumpe\/#primaryimage\"},\"image\":{\"@id\":\"https:\/\/dev.eliassen.nl\/de\/solarpumpe-solarmax-2500-auccu-springbrunnenpumpe\/#primaryimage\"},\"thumbnailUrl\":\"https:\/\/dev.eliassen.nl\/wp-content\/uploads\/2024\/11\/vijverpompsolarmaxeliassennl2500accu.webp\",\"datePublished\":\"2024-10-29T13:02:23+00:00\",\"dateModified\":\"2024-12-05T16:41:46+00:00\",\"description\":\"Werfen Sie einen kurzen Blick auf Eliassen, um Ersatzteile f\u00fcr Ihren Brunnen oder Ihr Wasserspiel zu erhalten.\",\"breadcrumb\":{\"@id\":\"https:\/\/dev.eliassen.nl\/de\/solarpumpe-solarmax-2500-auccu-springbrunnenpumpe\/#breadcrumb\"},\"inLanguage\":\"de\",\"potentialAction\":[{\"@type\":\"ReadAction\",\"target\":[\"https:\/\/dev.eliassen.nl\/de\/solarpumpe-solarmax-2500-auccu-springbrunnenpumpe\/\"]}]},{\"@type\":\"ImageObject\",\"inLanguage\":\"de\",\"@id\":\"https:\/\/dev.eliassen.nl\/de\/solarpumpe-solarmax-2500-auccu-springbrunnenpumpe\/#primaryimage\",\"url\":\"https:\/\/dev.eliassen.nl\/wp-content\/uploads\/2024\/11\/vijverpompsolarmaxeliassennl2500accu.webp\",\"contentUrl\":\"https:\/\/dev.eliassen.nl\/wp-content\/uploads\/2024\/11\/vijverpompsolarmaxeliassennl2500accu.webp\",\"width\":1920,\"height\":1920,\"caption\":\"Vijverpomp solarmax Eliassen.nl-2500-accu\"},{\"@type\":\"BreadcrumbList\",\"@id\":\"https:\/\/dev.eliassen.nl\/de\/solarpumpe-solarmax-2500-auccu-springbrunnenpumpe\/#breadcrumb\",\"itemListElement\":[{\"@type\":\"ListItem\",\"position\":1,\"name\":\"Home\",\"item\":\"https:\/\/dev.eliassen.nl\/de\/\"},{\"@type\":\"ListItem\",\"position\":2,\"name\":\"Shop\",\"item\":\"https:\/\/dev.eliassen.nl\/nl\/winkel\/\"},{\"@type\":\"ListItem\",\"position\":3,\"name\":\"Wasserspiele\",\"item\":\"https:\/\/dev.eliassen.nl\/de\/wassereigenschaften\/\"},{\"@type\":\"ListItem\",\"position\":4,\"name\":\"Teile Wasserspiele\",\"item\":\"https:\/\/dev.eliassen.nl\/de\/wassereigenschaften\/teile-wasserspiele\/\"},{\"@type\":\"ListItem\",\"position\":5,\"name\":\"Solarpumpe SolarMax 2500 auccu Springbrunnenpumpe\"}]},{\"@type\":\"WebSite\",\"@id\":\"https:\/\/dev.eliassen.nl\/de\/#website\",\"url\":\"https:\/\/dev.eliassen.nl\/de\/\",\"name\":\"Eliassen Home & Garden Pleasure\",\"description\":\"\",\"publisher\":{\"@id\":\"https:\/\/dev.eliassen.nl\/de\/#organization\"},\"alternateName\":\"Eliassen.nl\",\"potentialAction\":[{\"@type\":\"SearchAction\",\"target\":{\"@type\":\"EntryPoint\",\"urlTemplate\":\"https:\/\/dev.eliassen.nl\/de\/?s={search_term_string}\"},\"query-input\":{\"@type\":\"PropertyValueSpecification\",\"valueRequired\":true,\"valueName\":\"search_term_string\"}}],\"inLanguage\":\"de\"},{\"@type\":\"Organization\",\"@id\":\"https:\/\/dev.eliassen.nl\/de\/#organization\",\"name\":\"Eliassen Home & Garden Pleasure\",\"url\":\"https:\/\/dev.eliassen.nl\/de\/\",\"logo\":{\"@type\":\"ImageObject\",\"inLanguage\":\"de\",\"@id\":\"https:\/\/dev.eliassen.nl\/de\/#\/schema\/logo\/image\/\",\"url\":\"https:\/\/www.eliassen.nl\/wp-content\/uploads\/2024\/01\/logo_4nd.jpg\",\"contentUrl\":\"https:\/\/www.eliassen.nl\/wp-content\/uploads\/2024\/01\/logo_4nd.jpg\",\"width\":500,\"height\":500,\"caption\":\"Eliassen Home & Garden Pleasure\"},\"image\":{\"@id\":\"https:\/\/dev.eliassen.nl\/de\/#\/schema\/logo\/image\/\"},\"sameAs\":[\"https:\/\/www.facebook.com\/TuincentrumEliassenAmmerzoden\",\"https:\/\/www.instagram.com\/eliassenhomeandgarden\/\",\"https:\/\/nl.pinterest.com\/eliassenhomeandgarden\/\",\"https:\/\/www.youtube.com\/@eliassenhomegardenpleasure4558\"]}]}<\/script>\n<!-- \/ Yoast SEO plugin. -->","yoast_head_json":{"title":"Solarpumpe SolarMax 2500 auccu Springbrunnenpumpe","description":"Werfen Sie einen kurzen Blick auf Eliassen, um Ersatzteile f\u00fcr Ihren Brunnen oder Ihr Wasserspiel zu erhalten.","robots":{"index":"noindex","follow":"follow","max-snippet":"max-snippet:-1","max-image-preview":"max-image-preview:large","max-video-preview":"max-video-preview:-1"},"og_locale":"de_DE","og_type":"article","og_title":"Solarpumpe SolarMax 2500 auccu Springbrunnenpumpe","og_description":"Werfen Sie einen kurzen Blick auf Eliassen, um Ersatzteile f\u00fcr Ihren Brunnen oder Ihr Wasserspiel zu erhalten.","og_url":"https:\/\/dev.eliassen.nl\/de\/solarpumpe-solarmax-2500-auccu-springbrunnenpumpe\/","og_site_name":"Eliassen.nl","article_publisher":"https:\/\/www.facebook.com\/TuincentrumEliassenAmmerzoden","article_modified_time":"2024-12-05T16:41:46+00:00","og_image":[{"width":1920,"height":1920,"url":"https:\/\/dev.eliassen.nl\/wp-content\/uploads\/2024\/11\/vijverpompsolarmaxeliassennl2500accu.webp","type":"image\/webp"}],"twitter_card":"summary_large_image","schema":{"@context":"https:\/\/schema.org","@graph":[{"@type":"WebPage","@id":"https:\/\/dev.eliassen.nl\/de\/solarpumpe-solarmax-2500-auccu-springbrunnenpumpe\/","url":"https:\/\/dev.eliassen.nl\/de\/solarpumpe-solarmax-2500-auccu-springbrunnenpumpe\/","name":"Solarpumpe SolarMax 2500 auccu Springbrunnenpumpe","isPartOf":{"@id":"https:\/\/dev.eliassen.nl\/de\/#website"},"primaryImageOfPage":{"@id":"https:\/\/dev.eliassen.nl\/de\/solarpumpe-solarmax-2500-auccu-springbrunnenpumpe\/#primaryimage"},"image":{"@id":"https:\/\/dev.eliassen.nl\/de\/solarpumpe-solarmax-2500-auccu-springbrunnenpumpe\/#primaryimage"},"thumbnailUrl":"https:\/\/dev.eliassen.nl\/wp-content\/uploads\/2024\/11\/vijverpompsolarmaxeliassennl2500accu.webp","datePublished":"2024-10-29T13:02:23+00:00","dateModified":"2024-12-05T16:41:46+00:00","description":"Werfen Sie einen kurzen Blick auf Eliassen, um Ersatzteile f\u00fcr Ihren Brunnen oder Ihr Wasserspiel zu erhalten.","breadcrumb":{"@id":"https:\/\/dev.eliassen.nl\/de\/solarpumpe-solarmax-2500-auccu-springbrunnenpumpe\/#breadcrumb"},"inLanguage":"de","potentialAction":[{"@type":"ReadAction","target":["https:\/\/dev.eliassen.nl\/de\/solarpumpe-solarmax-2500-auccu-springbrunnenpumpe\/"]}]},{"@type":"ImageObject","inLanguage":"de","@id":"https:\/\/dev.eliassen.nl\/de\/solarpumpe-solarmax-2500-auccu-springbrunnenpumpe\/#primaryimage","url":"https:\/\/dev.eliassen.nl\/wp-content\/uploads\/2024\/11\/vijverpompsolarmaxeliassennl2500accu.webp","contentUrl":"https:\/\/dev.eliassen.nl\/wp-content\/uploads\/2024\/11\/vijverpompsolarmaxeliassennl2500accu.webp","width":1920,"height":1920,"caption":"Vijverpomp solarmax Eliassen.nl-2500-accu"},{"@type":"BreadcrumbList","@id":"https:\/\/dev.eliassen.nl\/de\/solarpumpe-solarmax-2500-auccu-springbrunnenpumpe\/#breadcrumb","itemListElement":[{"@type":"ListItem","position":1,"name":"Home","item":"https:\/\/dev.eliassen.nl\/de\/"},{"@type":"ListItem","position":2,"name":"Shop","item":"https:\/\/dev.eliassen.nl\/nl\/winkel\/"},{"@type":"ListItem","position":3,"name":"Wasserspiele","item":"https:\/\/dev.eliassen.nl\/de\/wassereigenschaften\/"},{"@type":"ListItem","position":4,"name":"Teile Wasserspiele","item":"https:\/\/dev.eliassen.nl\/de\/wassereigenschaften\/teile-wasserspiele\/"},{"@type":"ListItem","position":5,"name":"Solarpumpe SolarMax 2500 auccu Springbrunnenpumpe"}]},{"@type":"WebSite","@id":"https:\/\/dev.eliassen.nl\/de\/#website","url":"https:\/\/dev.eliassen.nl\/de\/","name":"Eliassen Home & Garden Pleasure","description":"","publisher":{"@id":"https:\/\/dev.eliassen.nl\/de\/#organization"},"alternateName":"Eliassen.nl","potentialAction":[{"@type":"SearchAction","target":{"@type":"EntryPoint","urlTemplate":"https:\/\/dev.eliassen.nl\/de\/?s={search_term_string}"},"query-input":{"@type":"PropertyValueSpecification","valueRequired":true,"valueName":"search_term_string"}}],"inLanguage":"de"},{"@type":"Organization","@id":"https:\/\/dev.eliassen.nl\/de\/#organization","name":"Eliassen Home & Garden Pleasure","url":"https:\/\/dev.eliassen.nl\/de\/","logo":{"@type":"ImageObject","inLanguage":"de","@id":"https:\/\/dev.eliassen.nl\/de\/#\/schema\/logo\/image\/","url":"https:\/\/www.eliassen.nl\/wp-content\/uploads\/2024\/01\/logo_4nd.jpg","contentUrl":"https:\/\/www.eliassen.nl\/wp-content\/uploads\/2024\/01\/logo_4nd.jpg","width":500,"height":500,"caption":"Eliassen Home & Garden Pleasure"},"image":{"@id":"https:\/\/dev.eliassen.nl\/de\/#\/schema\/logo\/image\/"},"sameAs":["https:\/\/www.facebook.com\/TuincentrumEliassenAmmerzoden","https:\/\/www.instagram.com\/eliassenhomeandgarden\/","https:\/\/nl.pinterest.com\/eliassenhomeandgarden\/","https:\/\/www.youtube.com\/@eliassenhomegardenpleasure4558"]}]}},"df_price":199,"df_sale_price":"","df_regular_price":199,"df_image_link":"https:\/\/dev.eliassen.nl\/wp-content\/uploads\/2024\/11\/vijverpompsolarmaxeliassennl2500accu.webp","image":"https:\/\/dev.eliassen.nl\/wp-content\/uploads\/2024\/11\/vijverpompsolarmaxeliassennl2500accu.webp","price_search":"<span class=\"woocommerce-Price-amount amount\"><bdi><span class=\"woocommerce-Price-currencySymbol\">&euro;<\/span>&nbsp;199,00<\/bdi><\/span>","category":"Teile Wasserspiele","_links":{"self":[{"href":"https:\/\/dev.eliassen.nl\/de\/wp-json\/wp\/v2\/product\/164686","targetHints":{"allow":["GET"]}}],"collection":[{"href":"https:\/\/dev.eliassen.nl\/de\/wp-json\/wp\/v2\/product"}],"about":[{"href":"https:\/\/dev.eliassen.nl\/de\/wp-json\/wp\/v2\/types\/product"}],"wp:featuredmedia":[{"embeddable":true,"href":"https:\/\/dev.eliassen.nl\/de\/wp-json\/wp\/v2\/media\/164668"}],"wp:attachment":[{"href":"https:\/\/dev.eliassen.nl\/de\/wp-json\/wp\/v2\/media?parent=164686"}],"wp:term":[{"taxonomy":"product_brand","embeddable":true,"href":"https:\/\/dev.eliassen.nl\/de\/wp-json\/wp\/v2\/product_brand?post=164686"},{"taxonomy":"product_cat","embeddable":true,"href":"https:\/\/dev.eliassen.nl\/de\/wp-json\/wp\/v2\/product_cat?post=164686"},{"taxonomy":"product_tag","embeddable":true,"href":"https:\/\/dev.eliassen.nl\/de\/wp-json\/wp\/v2\/product_tag?post=164686"}],"curies":[{"name":"wp","href":"https:\/\/api.w.org\/{rel}","templated":true}]}}