{"id":164698,"date":"2024-10-28T16:14:25","date_gmt":"2024-10-28T15:14:25","guid":{"rendered":"https:\/\/www.eliassen.nl\/?product=miniatuurmodel-blik-kerst-fiets"},"modified":"2024-12-05T17:41:48","modified_gmt":"2024-12-05T16:41:48","slug":"miniaturmodell-aus-blech-weihnachtsfahrrad-24-cm","status":"publish","type":"product","link":"https:\/\/dev.eliassen.nl\/de\/miniaturmodell-aus-blech-weihnachtsfahrrad-24-cm\/","title":{"rendered":"Miniaturmodell aus Blech, Weihnachtsfahrrad, 24 cm"},"content":{"rendered":"<p>Wundersch\u00f6n handgefertigtes gro\u00dfes rotes Weihnachtsfahrrad aus Metall mit Weihnachtsdekorationen.<br \/>Mit h\u00f6chster Pr\u00e4zision aus Metall gefertigt.<\/p>\n<p>Diese Weihnachtsdekoration sieht an der Wand im Innenbereich wundersch\u00f6n aus, kann aber auch drau\u00dfen an einer Wand oder \u00e4hnlichem angebracht werden. Eine sehr sch\u00f6ne Weihnachtsdekoration f\u00fcr Ihr Zuhause oder Ihr Unternehmen oder zum Verschenken.<br \/>Da es sich um ein handgefertigtes Produkt handelt, k\u00f6nnen Farben und Details leicht vom Foto abweichen.<\/p>\n<ul>\n<li><strong>Fast alles aus dieser Serie an Weihnachtsdekorationen k\u00f6nnen Sie auch in unserem Shop besichtigen<\/strong><\/li>\n<li>Material: Metall<\/li>\n<li>Gr\u00f6\u00dfe: 24x9x13cm hoch.<\/li>\n<li>Verpackt im stabilen Karton<\/li>\n<li>Schnelle Lieferung<\/li>\n<\/ul>\n<p>Bitte beachten Sie, dass es sich hierbei nicht um ein Spielzeug handelt<\/p>\n","protected":false},"excerpt":{"rendered":"<p>Metallfahrrad mit Weihnachtsgeschenken<\/p>\n","protected":false},"featured_media":164695,"template":"","meta":{"_acf_changed":false},"product_brand":[6916],"product_cat":[659,668,7041],"product_tag":[],"class_list":{"0":"post-164698","1":"product","2":"type-product","3":"status-publish","4":"has-post-thumbnail","6":"product_brand-eliassen-de","7":"product_cat-dekoration-aus-metall","8":"product_cat-miniaturfahrzeuge-aus-metall","9":"product_cat-weihnachtsartikel","11":"first","12":"instock","13":"taxable","14":"shipping-taxable","15":"purchasable","16":"product-type-simple"},"acf":[],"yoast_head":"<!-- This site is optimized with the Yoast SEO plugin v23.8 - https:\/\/yoast.com\/wordpress\/plugins\/seo\/ -->\n<title>Miniaturmodell eines Weihnachtsfahrrads aus Blech<\/title>\n<meta name=\"description\" content=\"Wundersch\u00f6nes Modell eines Weihnachtsfahrrads aus Metall. Auff\u00e4llige rote Farbe. Kommen Sie und schauen Sie sich diese Serie live an!!\" \/>\n<meta name=\"robots\" content=\"noindex, follow, max-snippet:-1, max-image-preview:large, max-video-preview:-1\" \/>\n<meta property=\"og:locale\" content=\"de_DE\" \/>\n<meta property=\"og:type\" content=\"article\" \/>\n<meta property=\"og:title\" content=\"Miniaturmodell eines Weihnachtsfahrrads aus Blech\" \/>\n<meta property=\"og:description\" content=\"Wundersch\u00f6nes Modell eines Weihnachtsfahrrads aus Metall. Auff\u00e4llige rote Farbe. Kommen Sie und schauen Sie sich diese Serie live an!!\" \/>\n<meta property=\"og:url\" content=\"https:\/\/dev.eliassen.nl\/de\/miniaturmodell-aus-blech-weihnachtsfahrrad-24-cm\/\" \/>\n<meta property=\"og:site_name\" content=\"Eliassen.nl\" \/>\n<meta property=\"article:publisher\" content=\"https:\/\/www.facebook.com\/TuincentrumEliassenAmmerzoden\" \/>\n<meta property=\"article:modified_time\" content=\"2024-12-05T16:41:48+00:00\" \/>\n<meta property=\"og:image\" content=\"https:\/\/dev.eliassen.nl\/wp-content\/uploads\/2024\/11\/miniatuurfietsinkerstsfeereliassennlbl301.jpg\" \/>\n\t<meta property=\"og:image:width\" content=\"560\" \/>\n\t<meta property=\"og:image:height\" content=\"560\" \/>\n\t<meta property=\"og:image:type\" content=\"image\/jpeg\" \/>\n<meta name=\"twitter:card\" content=\"summary_large_image\" \/>\n<script type=\"application\/ld+json\" class=\"yoast-schema-graph\">{\"@context\":\"https:\/\/schema.org\",\"@graph\":[{\"@type\":\"WebPage\",\"@id\":\"https:\/\/dev.eliassen.nl\/de\/miniaturmodell-aus-blech-weihnachtsfahrrad-24-cm\/\",\"url\":\"https:\/\/dev.eliassen.nl\/de\/miniaturmodell-aus-blech-weihnachtsfahrrad-24-cm\/\",\"name\":\"Miniaturmodell eines Weihnachtsfahrrads aus Blech\",\"isPartOf\":{\"@id\":\"https:\/\/dev.eliassen.nl\/de\/#website\"},\"primaryImageOfPage\":{\"@id\":\"https:\/\/dev.eliassen.nl\/de\/miniaturmodell-aus-blech-weihnachtsfahrrad-24-cm\/#primaryimage\"},\"image\":{\"@id\":\"https:\/\/dev.eliassen.nl\/de\/miniaturmodell-aus-blech-weihnachtsfahrrad-24-cm\/#primaryimage\"},\"thumbnailUrl\":\"https:\/\/dev.eliassen.nl\/wp-content\/uploads\/2024\/11\/miniatuurfietsinkerstsfeereliassennlbl301.jpg\",\"datePublished\":\"2024-10-28T15:14:25+00:00\",\"dateModified\":\"2024-12-05T16:41:48+00:00\",\"description\":\"Wundersch\u00f6nes Modell eines Weihnachtsfahrrads aus Metall. Auff\u00e4llige rote Farbe. Kommen Sie und schauen Sie sich diese Serie live an!!\",\"breadcrumb\":{\"@id\":\"https:\/\/dev.eliassen.nl\/de\/miniaturmodell-aus-blech-weihnachtsfahrrad-24-cm\/#breadcrumb\"},\"inLanguage\":\"de\",\"potentialAction\":[{\"@type\":\"ReadAction\",\"target\":[\"https:\/\/dev.eliassen.nl\/de\/miniaturmodell-aus-blech-weihnachtsfahrrad-24-cm\/\"]}]},{\"@type\":\"ImageObject\",\"inLanguage\":\"de\",\"@id\":\"https:\/\/dev.eliassen.nl\/de\/miniaturmodell-aus-blech-weihnachtsfahrrad-24-cm\/#primaryimage\",\"url\":\"https:\/\/dev.eliassen.nl\/wp-content\/uploads\/2024\/11\/miniatuurfietsinkerstsfeereliassennlbl301.jpg\",\"contentUrl\":\"https:\/\/dev.eliassen.nl\/wp-content\/uploads\/2024\/11\/miniatuurfietsinkerstsfeereliassennlbl301.jpg\",\"width\":560,\"height\":560,\"caption\":\"Miniatuur fiets in kerstsfeer Eliassen.nl BL-301\"},{\"@type\":\"BreadcrumbList\",\"@id\":\"https:\/\/dev.eliassen.nl\/de\/miniaturmodell-aus-blech-weihnachtsfahrrad-24-cm\/#breadcrumb\",\"itemListElement\":[{\"@type\":\"ListItem\",\"position\":1,\"name\":\"Home\",\"item\":\"https:\/\/dev.eliassen.nl\/de\/\"},{\"@type\":\"ListItem\",\"position\":2,\"name\":\"Shop\",\"item\":\"https:\/\/dev.eliassen.nl\/nl\/winkel\/\"},{\"@type\":\"ListItem\",\"position\":3,\"name\":\"Dekoration aus Metall\",\"item\":\"https:\/\/dev.eliassen.nl\/de\/dekoration-aus-metall\/\"},{\"@type\":\"ListItem\",\"position\":4,\"name\":\"Miniaturfahrzeuge aus Metall\",\"item\":\"https:\/\/dev.eliassen.nl\/de\/dekoration-aus-metall\/miniaturfahrzeuge-aus-metall\/\"},{\"@type\":\"ListItem\",\"position\":5,\"name\":\"Miniaturmodell aus Blech, Weihnachtsfahrrad, 24 cm\"}]},{\"@type\":\"WebSite\",\"@id\":\"https:\/\/dev.eliassen.nl\/de\/#website\",\"url\":\"https:\/\/dev.eliassen.nl\/de\/\",\"name\":\"Eliassen Home & Garden Pleasure\",\"description\":\"\",\"publisher\":{\"@id\":\"https:\/\/dev.eliassen.nl\/de\/#organization\"},\"alternateName\":\"Eliassen.nl\",\"potentialAction\":[{\"@type\":\"SearchAction\",\"target\":{\"@type\":\"EntryPoint\",\"urlTemplate\":\"https:\/\/dev.eliassen.nl\/de\/?s={search_term_string}\"},\"query-input\":{\"@type\":\"PropertyValueSpecification\",\"valueRequired\":true,\"valueName\":\"search_term_string\"}}],\"inLanguage\":\"de\"},{\"@type\":\"Organization\",\"@id\":\"https:\/\/dev.eliassen.nl\/de\/#organization\",\"name\":\"Eliassen Home & Garden Pleasure\",\"url\":\"https:\/\/dev.eliassen.nl\/de\/\",\"logo\":{\"@type\":\"ImageObject\",\"inLanguage\":\"de\",\"@id\":\"https:\/\/dev.eliassen.nl\/de\/#\/schema\/logo\/image\/\",\"url\":\"https:\/\/www.eliassen.nl\/wp-content\/uploads\/2024\/01\/logo_4nd.jpg\",\"contentUrl\":\"https:\/\/www.eliassen.nl\/wp-content\/uploads\/2024\/01\/logo_4nd.jpg\",\"width\":500,\"height\":500,\"caption\":\"Eliassen Home & Garden Pleasure\"},\"image\":{\"@id\":\"https:\/\/dev.eliassen.nl\/de\/#\/schema\/logo\/image\/\"},\"sameAs\":[\"https:\/\/www.facebook.com\/TuincentrumEliassenAmmerzoden\",\"https:\/\/www.instagram.com\/eliassenhomeandgarden\/\",\"https:\/\/nl.pinterest.com\/eliassenhomeandgarden\/\",\"https:\/\/www.youtube.com\/@eliassenhomegardenpleasure4558\"]}]}<\/script>\n<!-- \/ Yoast SEO plugin. -->","yoast_head_json":{"title":"Miniaturmodell eines Weihnachtsfahrrads aus Blech","description":"Wundersch\u00f6nes Modell eines Weihnachtsfahrrads aus Metall. Auff\u00e4llige rote Farbe. Kommen Sie und schauen Sie sich diese Serie live an!!","robots":{"index":"noindex","follow":"follow","max-snippet":"max-snippet:-1","max-image-preview":"max-image-preview:large","max-video-preview":"max-video-preview:-1"},"og_locale":"de_DE","og_type":"article","og_title":"Miniaturmodell eines Weihnachtsfahrrads aus Blech","og_description":"Wundersch\u00f6nes Modell eines Weihnachtsfahrrads aus Metall. Auff\u00e4llige rote Farbe. Kommen Sie und schauen Sie sich diese Serie live an!!","og_url":"https:\/\/dev.eliassen.nl\/de\/miniaturmodell-aus-blech-weihnachtsfahrrad-24-cm\/","og_site_name":"Eliassen.nl","article_publisher":"https:\/\/www.facebook.com\/TuincentrumEliassenAmmerzoden","article_modified_time":"2024-12-05T16:41:48+00:00","og_image":[{"width":560,"height":560,"url":"https:\/\/dev.eliassen.nl\/wp-content\/uploads\/2024\/11\/miniatuurfietsinkerstsfeereliassennlbl301.jpg","type":"image\/jpeg"}],"twitter_card":"summary_large_image","schema":{"@context":"https:\/\/schema.org","@graph":[{"@type":"WebPage","@id":"https:\/\/dev.eliassen.nl\/de\/miniaturmodell-aus-blech-weihnachtsfahrrad-24-cm\/","url":"https:\/\/dev.eliassen.nl\/de\/miniaturmodell-aus-blech-weihnachtsfahrrad-24-cm\/","name":"Miniaturmodell eines Weihnachtsfahrrads aus Blech","isPartOf":{"@id":"https:\/\/dev.eliassen.nl\/de\/#website"},"primaryImageOfPage":{"@id":"https:\/\/dev.eliassen.nl\/de\/miniaturmodell-aus-blech-weihnachtsfahrrad-24-cm\/#primaryimage"},"image":{"@id":"https:\/\/dev.eliassen.nl\/de\/miniaturmodell-aus-blech-weihnachtsfahrrad-24-cm\/#primaryimage"},"thumbnailUrl":"https:\/\/dev.eliassen.nl\/wp-content\/uploads\/2024\/11\/miniatuurfietsinkerstsfeereliassennlbl301.jpg","datePublished":"2024-10-28T15:14:25+00:00","dateModified":"2024-12-05T16:41:48+00:00","description":"Wundersch\u00f6nes Modell eines Weihnachtsfahrrads aus Metall. Auff\u00e4llige rote Farbe. Kommen Sie und schauen Sie sich diese Serie live an!!","breadcrumb":{"@id":"https:\/\/dev.eliassen.nl\/de\/miniaturmodell-aus-blech-weihnachtsfahrrad-24-cm\/#breadcrumb"},"inLanguage":"de","potentialAction":[{"@type":"ReadAction","target":["https:\/\/dev.eliassen.nl\/de\/miniaturmodell-aus-blech-weihnachtsfahrrad-24-cm\/"]}]},{"@type":"ImageObject","inLanguage":"de","@id":"https:\/\/dev.eliassen.nl\/de\/miniaturmodell-aus-blech-weihnachtsfahrrad-24-cm\/#primaryimage","url":"https:\/\/dev.eliassen.nl\/wp-content\/uploads\/2024\/11\/miniatuurfietsinkerstsfeereliassennlbl301.jpg","contentUrl":"https:\/\/dev.eliassen.nl\/wp-content\/uploads\/2024\/11\/miniatuurfietsinkerstsfeereliassennlbl301.jpg","width":560,"height":560,"caption":"Miniatuur fiets in kerstsfeer Eliassen.nl BL-301"},{"@type":"BreadcrumbList","@id":"https:\/\/dev.eliassen.nl\/de\/miniaturmodell-aus-blech-weihnachtsfahrrad-24-cm\/#breadcrumb","itemListElement":[{"@type":"ListItem","position":1,"name":"Home","item":"https:\/\/dev.eliassen.nl\/de\/"},{"@type":"ListItem","position":2,"name":"Shop","item":"https:\/\/dev.eliassen.nl\/nl\/winkel\/"},{"@type":"ListItem","position":3,"name":"Dekoration aus Metall","item":"https:\/\/dev.eliassen.nl\/de\/dekoration-aus-metall\/"},{"@type":"ListItem","position":4,"name":"Miniaturfahrzeuge aus Metall","item":"https:\/\/dev.eliassen.nl\/de\/dekoration-aus-metall\/miniaturfahrzeuge-aus-metall\/"},{"@type":"ListItem","position":5,"name":"Miniaturmodell aus Blech, Weihnachtsfahrrad, 24 cm"}]},{"@type":"WebSite","@id":"https:\/\/dev.eliassen.nl\/de\/#website","url":"https:\/\/dev.eliassen.nl\/de\/","name":"Eliassen Home & Garden Pleasure","description":"","publisher":{"@id":"https:\/\/dev.eliassen.nl\/de\/#organization"},"alternateName":"Eliassen.nl","potentialAction":[{"@type":"SearchAction","target":{"@type":"EntryPoint","urlTemplate":"https:\/\/dev.eliassen.nl\/de\/?s={search_term_string}"},"query-input":{"@type":"PropertyValueSpecification","valueRequired":true,"valueName":"search_term_string"}}],"inLanguage":"de"},{"@type":"Organization","@id":"https:\/\/dev.eliassen.nl\/de\/#organization","name":"Eliassen Home & Garden Pleasure","url":"https:\/\/dev.eliassen.nl\/de\/","logo":{"@type":"ImageObject","inLanguage":"de","@id":"https:\/\/dev.eliassen.nl\/de\/#\/schema\/logo\/image\/","url":"https:\/\/www.eliassen.nl\/wp-content\/uploads\/2024\/01\/logo_4nd.jpg","contentUrl":"https:\/\/www.eliassen.nl\/wp-content\/uploads\/2024\/01\/logo_4nd.jpg","width":500,"height":500,"caption":"Eliassen Home & Garden Pleasure"},"image":{"@id":"https:\/\/dev.eliassen.nl\/de\/#\/schema\/logo\/image\/"},"sameAs":["https:\/\/www.facebook.com\/TuincentrumEliassenAmmerzoden","https:\/\/www.instagram.com\/eliassenhomeandgarden\/","https:\/\/nl.pinterest.com\/eliassenhomeandgarden\/","https:\/\/www.youtube.com\/@eliassenhomegardenpleasure4558"]}]}},"df_price":18.5,"df_sale_price":"","df_regular_price":18.5,"df_image_link":"https:\/\/dev.eliassen.nl\/wp-content\/uploads\/2024\/11\/miniatuurfietsinkerstsfeereliassennlbl301.jpg","image":"https:\/\/dev.eliassen.nl\/wp-content\/uploads\/2024\/11\/miniatuurfietsinkerstsfeereliassennlbl301.jpg","price_search":"<span class=\"woocommerce-Price-amount amount\"><bdi><span class=\"woocommerce-Price-currencySymbol\">&euro;<\/span>&nbsp;18,50<\/bdi><\/span>","category":"Dekoration aus Metall","_links":{"self":[{"href":"https:\/\/dev.eliassen.nl\/de\/wp-json\/wp\/v2\/product\/164698","targetHints":{"allow":["GET"]}}],"collection":[{"href":"https:\/\/dev.eliassen.nl\/de\/wp-json\/wp\/v2\/product"}],"about":[{"href":"https:\/\/dev.eliassen.nl\/de\/wp-json\/wp\/v2\/types\/product"}],"wp:featuredmedia":[{"embeddable":true,"href":"https:\/\/dev.eliassen.nl\/de\/wp-json\/wp\/v2\/media\/164695"}],"wp:attachment":[{"href":"https:\/\/dev.eliassen.nl\/de\/wp-json\/wp\/v2\/media?parent=164698"}],"wp:term":[{"taxonomy":"product_brand","embeddable":true,"href":"https:\/\/dev.eliassen.nl\/de\/wp-json\/wp\/v2\/product_brand?post=164698"},{"taxonomy":"product_cat","embeddable":true,"href":"https:\/\/dev.eliassen.nl\/de\/wp-json\/wp\/v2\/product_cat?post=164698"},{"taxonomy":"product_tag","embeddable":true,"href":"https:\/\/dev.eliassen.nl\/de\/wp-json\/wp\/v2\/product_tag?post=164698"}],"curies":[{"name":"wp","href":"https:\/\/api.w.org\/{rel}","templated":true}]}}