{"id":164815,"date":"2024-10-26T12:18:11","date_gmt":"2024-10-26T10:18:11","guid":{"rendered":"https:\/\/www.eliassen.nl\/?product=kerstbal-groot-wit-34cm-hoog"},"modified":"2024-12-05T17:41:54","modified_gmt":"2024-12-05T16:41:54","slug":"weihnachtskugel-gross-weiss-34cm-hoch","status":"publish","type":"product","link":"https:\/\/dev.eliassen.nl\/de\/weihnachtskugel-gross-weiss-34cm-hoch\/","title":{"rendered":"Weihnachtskugel gro\u00df wei\u00df 34cm hoch"},"content":{"rendered":"<p>Wundersch\u00f6n handgefertigte gro\u00dfe Weihnachtskugel aus wei\u00dfem Metall mit innenliegender Weihnachtsglocke.<br \/>Mit h\u00f6chster Pr\u00e4zision aus Metall gefertigt.<\/p>\n<p>Diese Weihnachtskugel hat ein Juteseil und eine Glocke in der Mitte, sodass diese Kugel bei etwas Wind eine gem\u00fctliche Weihnachtsstimmung drau\u00dfen schafft. Sie k\u00f6nnen es auch zu Hause oder am Arbeitsplatz aufh\u00e4ngen oder abstellen.<br \/>Eine sehr sch\u00f6ne Weihnachtsdekoration f\u00fcr Ihr Zuhause oder Ihr Unternehmen oder zum Verschenken.<br \/>Da es sich um ein handgefertigtes Produkt handelt, k\u00f6nnen Farben und Details leicht vom Foto abweichen.<\/p>\n<ul>\n<li><strong>Fast alles aus dieser Serie kann auch in unserem Shop besichtigt werden<\/strong><\/li>\n<li>Material: Metall<\/li>\n<li>Gr\u00f6\u00dfe: Durchmesser 36 cm, H\u00f6he 46 cm.<\/li>\n<li>Verpackt im stabilen Karton<\/li>\n<li>Schnelle Lieferung<\/li>\n<\/ul>\n<p>Bitte beachten Sie, dass es sich hierbei nicht um ein Spielzeug handelt<\/p>\n","protected":false},"excerpt":{"rendered":"<p>Weihnachtskugel gro\u00df aus Metall wei\u00df mit Glockenklang<\/p>\n","protected":false},"featured_media":164806,"template":"","meta":{"_acf_changed":false},"product_brand":[],"product_cat":[659,668,7041],"product_tag":[],"class_list":{"0":"post-164815","1":"product","2":"type-product","3":"status-publish","4":"has-post-thumbnail","6":"product_cat-dekoration-aus-metall","7":"product_cat-miniaturfahrzeuge-aus-metall","8":"product_cat-weihnachtsartikel","10":"first","11":"instock","12":"taxable","13":"shipping-taxable","14":"purchasable","15":"product-type-simple"},"acf":[],"yoast_head":"<!-- This site is optimized with the Yoast SEO plugin v23.8 - https:\/\/yoast.com\/wordpress\/plugins\/seo\/ -->\n<title>Weihnachtskugel gro\u00df wei\u00df 34cm hoch<\/title>\n<meta name=\"description\" content=\"Sch\u00f6ne gro\u00dfe Weihnachtskugel aus Metall. Ein dekoratives Objekt in Ihrem Zimmer oder Garten. Auff\u00e4llige wei\u00dfe Farbe. Kommen Sie und schauen Sie sich diese Se...\" \/>\n<meta name=\"robots\" content=\"noindex, follow, max-snippet:-1, max-image-preview:large, max-video-preview:-1\" \/>\n<meta property=\"og:locale\" content=\"de_DE\" \/>\n<meta property=\"og:type\" content=\"article\" \/>\n<meta property=\"og:title\" content=\"Weihnachtskugel gro\u00df wei\u00df 34cm hoch\" \/>\n<meta property=\"og:description\" content=\"Sch\u00f6ne gro\u00dfe Weihnachtskugel aus Metall. Ein dekoratives Objekt in Ihrem Zimmer oder Garten. Auff\u00e4llige wei\u00dfe Farbe. Kommen Sie und schauen Sie sich diese Se...\" \/>\n<meta property=\"og:url\" content=\"https:\/\/dev.eliassen.nl\/de\/weihnachtskugel-gross-weiss-34cm-hoch\/\" \/>\n<meta property=\"og:site_name\" content=\"Eliassen.nl\" \/>\n<meta property=\"article:publisher\" content=\"https:\/\/www.facebook.com\/TuincentrumEliassenAmmerzoden\" \/>\n<meta property=\"article:modified_time\" content=\"2024-12-05T16:41:54+00:00\" \/>\n<meta property=\"og:image\" content=\"https:\/\/dev.eliassen.nl\/wp-content\/uploads\/2024\/11\/kerstbalgrootwiteliassennl.jpg\" \/>\n\t<meta property=\"og:image:width\" content=\"480\" \/>\n\t<meta property=\"og:image:height\" content=\"640\" \/>\n\t<meta property=\"og:image:type\" content=\"image\/jpeg\" \/>\n<meta name=\"twitter:card\" content=\"summary_large_image\" \/>\n<script type=\"application\/ld+json\" class=\"yoast-schema-graph\">{\"@context\":\"https:\/\/schema.org\",\"@graph\":[{\"@type\":\"WebPage\",\"@id\":\"https:\/\/dev.eliassen.nl\/de\/weihnachtskugel-gross-weiss-34cm-hoch\/\",\"url\":\"https:\/\/dev.eliassen.nl\/de\/weihnachtskugel-gross-weiss-34cm-hoch\/\",\"name\":\"Weihnachtskugel gro\u00df wei\u00df 34cm hoch\",\"isPartOf\":{\"@id\":\"https:\/\/dev.eliassen.nl\/de\/#website\"},\"primaryImageOfPage\":{\"@id\":\"https:\/\/dev.eliassen.nl\/de\/weihnachtskugel-gross-weiss-34cm-hoch\/#primaryimage\"},\"image\":{\"@id\":\"https:\/\/dev.eliassen.nl\/de\/weihnachtskugel-gross-weiss-34cm-hoch\/#primaryimage\"},\"thumbnailUrl\":\"https:\/\/dev.eliassen.nl\/wp-content\/uploads\/2024\/11\/kerstbalgrootwiteliassennl.jpg\",\"datePublished\":\"2024-10-26T10:18:11+00:00\",\"dateModified\":\"2024-12-05T16:41:54+00:00\",\"description\":\"Sch\u00f6ne gro\u00dfe Weihnachtskugel aus Metall. Ein dekoratives Objekt in Ihrem Zimmer oder Garten. Auff\u00e4llige wei\u00dfe Farbe. Kommen Sie und schauen Sie sich diese Se...\",\"breadcrumb\":{\"@id\":\"https:\/\/dev.eliassen.nl\/de\/weihnachtskugel-gross-weiss-34cm-hoch\/#breadcrumb\"},\"inLanguage\":\"de\",\"potentialAction\":[{\"@type\":\"ReadAction\",\"target\":[\"https:\/\/dev.eliassen.nl\/de\/weihnachtskugel-gross-weiss-34cm-hoch\/\"]}]},{\"@type\":\"ImageObject\",\"inLanguage\":\"de\",\"@id\":\"https:\/\/dev.eliassen.nl\/de\/weihnachtskugel-gross-weiss-34cm-hoch\/#primaryimage\",\"url\":\"https:\/\/dev.eliassen.nl\/wp-content\/uploads\/2024\/11\/kerstbalgrootwiteliassennl.jpg\",\"contentUrl\":\"https:\/\/dev.eliassen.nl\/wp-content\/uploads\/2024\/11\/kerstbalgrootwiteliassennl.jpg\",\"width\":480,\"height\":640,\"caption\":\"Kerstbal Groot wit Eliassen.nl\"},{\"@type\":\"BreadcrumbList\",\"@id\":\"https:\/\/dev.eliassen.nl\/de\/weihnachtskugel-gross-weiss-34cm-hoch\/#breadcrumb\",\"itemListElement\":[{\"@type\":\"ListItem\",\"position\":1,\"name\":\"Home\",\"item\":\"https:\/\/dev.eliassen.nl\/de\/\"},{\"@type\":\"ListItem\",\"position\":2,\"name\":\"Shop\",\"item\":\"https:\/\/dev.eliassen.nl\/nl\/winkel\/\"},{\"@type\":\"ListItem\",\"position\":3,\"name\":\"Dekoration aus Metall\",\"item\":\"https:\/\/dev.eliassen.nl\/de\/dekoration-aus-metall\/\"},{\"@type\":\"ListItem\",\"position\":4,\"name\":\"Miniaturfahrzeuge aus Metall\",\"item\":\"https:\/\/dev.eliassen.nl\/de\/dekoration-aus-metall\/miniaturfahrzeuge-aus-metall\/\"},{\"@type\":\"ListItem\",\"position\":5,\"name\":\"Weihnachtskugel gro\u00df wei\u00df 34cm hoch\"}]},{\"@type\":\"WebSite\",\"@id\":\"https:\/\/dev.eliassen.nl\/de\/#website\",\"url\":\"https:\/\/dev.eliassen.nl\/de\/\",\"name\":\"Eliassen Home & Garden Pleasure\",\"description\":\"\",\"publisher\":{\"@id\":\"https:\/\/dev.eliassen.nl\/de\/#organization\"},\"alternateName\":\"Eliassen.nl\",\"potentialAction\":[{\"@type\":\"SearchAction\",\"target\":{\"@type\":\"EntryPoint\",\"urlTemplate\":\"https:\/\/dev.eliassen.nl\/de\/?s={search_term_string}\"},\"query-input\":{\"@type\":\"PropertyValueSpecification\",\"valueRequired\":true,\"valueName\":\"search_term_string\"}}],\"inLanguage\":\"de\"},{\"@type\":\"Organization\",\"@id\":\"https:\/\/dev.eliassen.nl\/de\/#organization\",\"name\":\"Eliassen Home & Garden Pleasure\",\"url\":\"https:\/\/dev.eliassen.nl\/de\/\",\"logo\":{\"@type\":\"ImageObject\",\"inLanguage\":\"de\",\"@id\":\"https:\/\/dev.eliassen.nl\/de\/#\/schema\/logo\/image\/\",\"url\":\"https:\/\/www.eliassen.nl\/wp-content\/uploads\/2024\/01\/logo_4nd.jpg\",\"contentUrl\":\"https:\/\/www.eliassen.nl\/wp-content\/uploads\/2024\/01\/logo_4nd.jpg\",\"width\":500,\"height\":500,\"caption\":\"Eliassen Home & Garden Pleasure\"},\"image\":{\"@id\":\"https:\/\/dev.eliassen.nl\/de\/#\/schema\/logo\/image\/\"},\"sameAs\":[\"https:\/\/www.facebook.com\/TuincentrumEliassenAmmerzoden\",\"https:\/\/www.instagram.com\/eliassenhomeandgarden\/\",\"https:\/\/nl.pinterest.com\/eliassenhomeandgarden\/\",\"https:\/\/www.youtube.com\/@eliassenhomegardenpleasure4558\"]}]}<\/script>\n<!-- \/ Yoast SEO plugin. -->","yoast_head_json":{"title":"Weihnachtskugel gro\u00df wei\u00df 34cm hoch","description":"Sch\u00f6ne gro\u00dfe Weihnachtskugel aus Metall. Ein dekoratives Objekt in Ihrem Zimmer oder Garten. Auff\u00e4llige wei\u00dfe Farbe. Kommen Sie und schauen Sie sich diese Se...","robots":{"index":"noindex","follow":"follow","max-snippet":"max-snippet:-1","max-image-preview":"max-image-preview:large","max-video-preview":"max-video-preview:-1"},"og_locale":"de_DE","og_type":"article","og_title":"Weihnachtskugel gro\u00df wei\u00df 34cm hoch","og_description":"Sch\u00f6ne gro\u00dfe Weihnachtskugel aus Metall. Ein dekoratives Objekt in Ihrem Zimmer oder Garten. Auff\u00e4llige wei\u00dfe Farbe. Kommen Sie und schauen Sie sich diese Se...","og_url":"https:\/\/dev.eliassen.nl\/de\/weihnachtskugel-gross-weiss-34cm-hoch\/","og_site_name":"Eliassen.nl","article_publisher":"https:\/\/www.facebook.com\/TuincentrumEliassenAmmerzoden","article_modified_time":"2024-12-05T16:41:54+00:00","og_image":[{"width":480,"height":640,"url":"https:\/\/dev.eliassen.nl\/wp-content\/uploads\/2024\/11\/kerstbalgrootwiteliassennl.jpg","type":"image\/jpeg"}],"twitter_card":"summary_large_image","schema":{"@context":"https:\/\/schema.org","@graph":[{"@type":"WebPage","@id":"https:\/\/dev.eliassen.nl\/de\/weihnachtskugel-gross-weiss-34cm-hoch\/","url":"https:\/\/dev.eliassen.nl\/de\/weihnachtskugel-gross-weiss-34cm-hoch\/","name":"Weihnachtskugel gro\u00df wei\u00df 34cm hoch","isPartOf":{"@id":"https:\/\/dev.eliassen.nl\/de\/#website"},"primaryImageOfPage":{"@id":"https:\/\/dev.eliassen.nl\/de\/weihnachtskugel-gross-weiss-34cm-hoch\/#primaryimage"},"image":{"@id":"https:\/\/dev.eliassen.nl\/de\/weihnachtskugel-gross-weiss-34cm-hoch\/#primaryimage"},"thumbnailUrl":"https:\/\/dev.eliassen.nl\/wp-content\/uploads\/2024\/11\/kerstbalgrootwiteliassennl.jpg","datePublished":"2024-10-26T10:18:11+00:00","dateModified":"2024-12-05T16:41:54+00:00","description":"Sch\u00f6ne gro\u00dfe Weihnachtskugel aus Metall. Ein dekoratives Objekt in Ihrem Zimmer oder Garten. Auff\u00e4llige wei\u00dfe Farbe. Kommen Sie und schauen Sie sich diese Se...","breadcrumb":{"@id":"https:\/\/dev.eliassen.nl\/de\/weihnachtskugel-gross-weiss-34cm-hoch\/#breadcrumb"},"inLanguage":"de","potentialAction":[{"@type":"ReadAction","target":["https:\/\/dev.eliassen.nl\/de\/weihnachtskugel-gross-weiss-34cm-hoch\/"]}]},{"@type":"ImageObject","inLanguage":"de","@id":"https:\/\/dev.eliassen.nl\/de\/weihnachtskugel-gross-weiss-34cm-hoch\/#primaryimage","url":"https:\/\/dev.eliassen.nl\/wp-content\/uploads\/2024\/11\/kerstbalgrootwiteliassennl.jpg","contentUrl":"https:\/\/dev.eliassen.nl\/wp-content\/uploads\/2024\/11\/kerstbalgrootwiteliassennl.jpg","width":480,"height":640,"caption":"Kerstbal Groot wit Eliassen.nl"},{"@type":"BreadcrumbList","@id":"https:\/\/dev.eliassen.nl\/de\/weihnachtskugel-gross-weiss-34cm-hoch\/#breadcrumb","itemListElement":[{"@type":"ListItem","position":1,"name":"Home","item":"https:\/\/dev.eliassen.nl\/de\/"},{"@type":"ListItem","position":2,"name":"Shop","item":"https:\/\/dev.eliassen.nl\/nl\/winkel\/"},{"@type":"ListItem","position":3,"name":"Dekoration aus Metall","item":"https:\/\/dev.eliassen.nl\/de\/dekoration-aus-metall\/"},{"@type":"ListItem","position":4,"name":"Miniaturfahrzeuge aus Metall","item":"https:\/\/dev.eliassen.nl\/de\/dekoration-aus-metall\/miniaturfahrzeuge-aus-metall\/"},{"@type":"ListItem","position":5,"name":"Weihnachtskugel gro\u00df wei\u00df 34cm hoch"}]},{"@type":"WebSite","@id":"https:\/\/dev.eliassen.nl\/de\/#website","url":"https:\/\/dev.eliassen.nl\/de\/","name":"Eliassen Home & Garden Pleasure","description":"","publisher":{"@id":"https:\/\/dev.eliassen.nl\/de\/#organization"},"alternateName":"Eliassen.nl","potentialAction":[{"@type":"SearchAction","target":{"@type":"EntryPoint","urlTemplate":"https:\/\/dev.eliassen.nl\/de\/?s={search_term_string}"},"query-input":{"@type":"PropertyValueSpecification","valueRequired":true,"valueName":"search_term_string"}}],"inLanguage":"de"},{"@type":"Organization","@id":"https:\/\/dev.eliassen.nl\/de\/#organization","name":"Eliassen Home & Garden Pleasure","url":"https:\/\/dev.eliassen.nl\/de\/","logo":{"@type":"ImageObject","inLanguage":"de","@id":"https:\/\/dev.eliassen.nl\/de\/#\/schema\/logo\/image\/","url":"https:\/\/www.eliassen.nl\/wp-content\/uploads\/2024\/01\/logo_4nd.jpg","contentUrl":"https:\/\/www.eliassen.nl\/wp-content\/uploads\/2024\/01\/logo_4nd.jpg","width":500,"height":500,"caption":"Eliassen Home & Garden Pleasure"},"image":{"@id":"https:\/\/dev.eliassen.nl\/de\/#\/schema\/logo\/image\/"},"sameAs":["https:\/\/www.facebook.com\/TuincentrumEliassenAmmerzoden","https:\/\/www.instagram.com\/eliassenhomeandgarden\/","https:\/\/nl.pinterest.com\/eliassenhomeandgarden\/","https:\/\/www.youtube.com\/@eliassenhomegardenpleasure4558"]}]}},"df_price":45,"df_sale_price":"","df_regular_price":45,"df_image_link":"https:\/\/dev.eliassen.nl\/wp-content\/uploads\/2024\/11\/kerstbalgrootwiteliassennl.jpg","image":"https:\/\/dev.eliassen.nl\/wp-content\/uploads\/2024\/11\/kerstbalgrootwiteliassennl.jpg","price_search":"<span class=\"woocommerce-Price-amount amount\"><bdi><span class=\"woocommerce-Price-currencySymbol\">&euro;<\/span>&nbsp;45,00<\/bdi><\/span>","category":"Dekoration aus Metall","_links":{"self":[{"href":"https:\/\/dev.eliassen.nl\/de\/wp-json\/wp\/v2\/product\/164815","targetHints":{"allow":["GET"]}}],"collection":[{"href":"https:\/\/dev.eliassen.nl\/de\/wp-json\/wp\/v2\/product"}],"about":[{"href":"https:\/\/dev.eliassen.nl\/de\/wp-json\/wp\/v2\/types\/product"}],"wp:featuredmedia":[{"embeddable":true,"href":"https:\/\/dev.eliassen.nl\/de\/wp-json\/wp\/v2\/media\/164806"}],"wp:attachment":[{"href":"https:\/\/dev.eliassen.nl\/de\/wp-json\/wp\/v2\/media?parent=164815"}],"wp:term":[{"taxonomy":"product_brand","embeddable":true,"href":"https:\/\/dev.eliassen.nl\/de\/wp-json\/wp\/v2\/product_brand?post=164815"},{"taxonomy":"product_cat","embeddable":true,"href":"https:\/\/dev.eliassen.nl\/de\/wp-json\/wp\/v2\/product_cat?post=164815"},{"taxonomy":"product_tag","embeddable":true,"href":"https:\/\/dev.eliassen.nl\/de\/wp-json\/wp\/v2\/product_tag?post=164815"}],"curies":[{"name":"wp","href":"https:\/\/api.w.org\/{rel}","templated":true}]}}