{"id":164839,"date":"2024-10-26T12:11:50","date_gmt":"2024-10-26T10:11:50","guid":{"rendered":"https:\/\/www.eliassen.nl\/?product=kerst-wand-deurversiering-lolly-61cm"},"modified":"2024-12-05T17:41:56","modified_gmt":"2024-12-05T16:41:56","slug":"weihnachtswand-turdekoration-lolly-61cm","status":"publish","type":"product","link":"https:\/\/dev.eliassen.nl\/de\/weihnachtswand-turdekoration-lolly-61cm\/","title":{"rendered":"Weihnachtswand-T\u00fcrdekoration Lolly 61cm"},"content":{"rendered":"<p>Wundersch\u00f6n handgefertigte gro\u00dfe Weihnachtswanddekoration aus wei\u00df\/rotem Metall in Form eines Lutschers.<br \/>Mit h\u00f6chster Pr\u00e4zision aus Metall gefertigt.<\/p>\n<p>Diese Wanddekoration sieht drinnen an der Wand wundersch\u00f6n aus, aber sicherlich auch drau\u00dfen vor oder neben der Haust\u00fcr, vor dem Gartenhaus, vor einem Baum usw. Ein sehr sch\u00f6nes St\u00fcck Weihnachtsdekoration in Ihrem Zuhause oder Gesch\u00e4ft oder zum Verschenken ein Geschenk.<br \/>Farben und Details k\u00f6nnen leicht vom Foto abweichen, da es sich um ein handgefertigtes Produkt handelt.<\/p>\n<ul>\n<li><strong>Fast alles aus dieser Serie an Weihnachtsdekorationen k\u00f6nnen Sie auch in unserem Shop besichtigen<\/strong><\/li>\n<li>Material: Metall<\/li>\n<li>Gr\u00f6\u00dfe: 20x5x61cm hoch.<\/li>\n<li>Verpackt im stabilen Karton<\/li>\n<li>Schnelle Lieferung<\/li>\n<\/ul>\n<p>Bitte beachten Sie, dass es sich hierbei nicht um ein Spielzeug handelt<\/p>\n<p>.<\/p>\n<p>\u00a0<\/p>\n","protected":false},"excerpt":{"rendered":"<p>Weihnachtswanddekoration 61cm<\/p>\n","protected":false},"featured_media":164830,"template":"","meta":{"_acf_changed":false},"product_brand":[],"product_cat":[659,668,7041],"product_tag":[],"class_list":{"0":"post-164839","1":"product","2":"type-product","3":"status-publish","4":"has-post-thumbnail","6":"product_cat-dekoration-aus-metall","7":"product_cat-miniaturfahrzeuge-aus-metall","8":"product_cat-weihnachtsartikel","10":"first","11":"instock","12":"taxable","13":"shipping-taxable","14":"purchasable","15":"product-type-simple"},"acf":[],"yoast_head":"<!-- This site is optimized with the Yoast SEO plugin v23.8 - https:\/\/yoast.com\/wordpress\/plugins\/seo\/ -->\n<title>Weihnachtswand-T\u00fcrdekoration Lolly 61cm<\/title>\n<meta name=\"description\" content=\"Wundersch\u00f6ne Modell-Weihnachtsdekoration aus Metall. Ein dekoratives Objekt in Ihrem Zimmer oder Garten. Auff\u00e4llige rote Farbe. Kommen Sie und schauen Sie si...\" \/>\n<meta name=\"robots\" content=\"noindex, follow, max-snippet:-1, max-image-preview:large, max-video-preview:-1\" \/>\n<meta property=\"og:locale\" content=\"de_DE\" \/>\n<meta property=\"og:type\" content=\"article\" \/>\n<meta property=\"og:title\" content=\"Weihnachtswand-T\u00fcrdekoration Lolly 61cm\" \/>\n<meta property=\"og:description\" content=\"Wundersch\u00f6ne Modell-Weihnachtsdekoration aus Metall. Ein dekoratives Objekt in Ihrem Zimmer oder Garten. Auff\u00e4llige rote Farbe. Kommen Sie und schauen Sie si...\" \/>\n<meta property=\"og:url\" content=\"https:\/\/dev.eliassen.nl\/de\/weihnachtswand-turdekoration-lolly-61cm\/\" \/>\n<meta property=\"og:site_name\" content=\"Eliassen.nl\" \/>\n<meta property=\"article:publisher\" content=\"https:\/\/www.facebook.com\/TuincentrumEliassenAmmerzoden\" \/>\n<meta property=\"article:modified_time\" content=\"2024-12-05T16:41:56+00:00\" \/>\n<meta property=\"og:image\" content=\"https:\/\/dev.eliassen.nl\/wp-content\/uploads\/2024\/11\/kerstwanddeurversieringlolly61cmeliassennl.jpg\" \/>\n\t<meta property=\"og:image:width\" content=\"501\" \/>\n\t<meta property=\"og:image:height\" content=\"1000\" \/>\n\t<meta property=\"og:image:type\" content=\"image\/jpeg\" \/>\n<meta name=\"twitter:card\" content=\"summary_large_image\" \/>\n<script type=\"application\/ld+json\" class=\"yoast-schema-graph\">{\"@context\":\"https:\/\/schema.org\",\"@graph\":[{\"@type\":\"WebPage\",\"@id\":\"https:\/\/dev.eliassen.nl\/de\/weihnachtswand-turdekoration-lolly-61cm\/\",\"url\":\"https:\/\/dev.eliassen.nl\/de\/weihnachtswand-turdekoration-lolly-61cm\/\",\"name\":\"Weihnachtswand-T\u00fcrdekoration Lolly 61cm\",\"isPartOf\":{\"@id\":\"https:\/\/dev.eliassen.nl\/de\/#website\"},\"primaryImageOfPage\":{\"@id\":\"https:\/\/dev.eliassen.nl\/de\/weihnachtswand-turdekoration-lolly-61cm\/#primaryimage\"},\"image\":{\"@id\":\"https:\/\/dev.eliassen.nl\/de\/weihnachtswand-turdekoration-lolly-61cm\/#primaryimage\"},\"thumbnailUrl\":\"https:\/\/dev.eliassen.nl\/wp-content\/uploads\/2024\/11\/kerstwanddeurversieringlolly61cmeliassennl.jpg\",\"datePublished\":\"2024-10-26T10:11:50+00:00\",\"dateModified\":\"2024-12-05T16:41:56+00:00\",\"description\":\"Wundersch\u00f6ne Modell-Weihnachtsdekoration aus Metall. Ein dekoratives Objekt in Ihrem Zimmer oder Garten. Auff\u00e4llige rote Farbe. Kommen Sie und schauen Sie si...\",\"breadcrumb\":{\"@id\":\"https:\/\/dev.eliassen.nl\/de\/weihnachtswand-turdekoration-lolly-61cm\/#breadcrumb\"},\"inLanguage\":\"de\",\"potentialAction\":[{\"@type\":\"ReadAction\",\"target\":[\"https:\/\/dev.eliassen.nl\/de\/weihnachtswand-turdekoration-lolly-61cm\/\"]}]},{\"@type\":\"ImageObject\",\"inLanguage\":\"de\",\"@id\":\"https:\/\/dev.eliassen.nl\/de\/weihnachtswand-turdekoration-lolly-61cm\/#primaryimage\",\"url\":\"https:\/\/dev.eliassen.nl\/wp-content\/uploads\/2024\/11\/kerstwanddeurversieringlolly61cmeliassennl.jpg\",\"contentUrl\":\"https:\/\/dev.eliassen.nl\/wp-content\/uploads\/2024\/11\/kerstwanddeurversieringlolly61cmeliassennl.jpg\",\"width\":501,\"height\":1000,\"caption\":\"Kerst wand-deurversiering Lolly 61cm Eliassen.nl\"},{\"@type\":\"BreadcrumbList\",\"@id\":\"https:\/\/dev.eliassen.nl\/de\/weihnachtswand-turdekoration-lolly-61cm\/#breadcrumb\",\"itemListElement\":[{\"@type\":\"ListItem\",\"position\":1,\"name\":\"Home\",\"item\":\"https:\/\/dev.eliassen.nl\/de\/\"},{\"@type\":\"ListItem\",\"position\":2,\"name\":\"Shop\",\"item\":\"https:\/\/dev.eliassen.nl\/nl\/winkel\/\"},{\"@type\":\"ListItem\",\"position\":3,\"name\":\"Dekoration aus Metall\",\"item\":\"https:\/\/dev.eliassen.nl\/de\/dekoration-aus-metall\/\"},{\"@type\":\"ListItem\",\"position\":4,\"name\":\"Miniaturfahrzeuge aus Metall\",\"item\":\"https:\/\/dev.eliassen.nl\/de\/dekoration-aus-metall\/miniaturfahrzeuge-aus-metall\/\"},{\"@type\":\"ListItem\",\"position\":5,\"name\":\"Weihnachtswand-T\u00fcrdekoration Lolly 61cm\"}]},{\"@type\":\"WebSite\",\"@id\":\"https:\/\/dev.eliassen.nl\/de\/#website\",\"url\":\"https:\/\/dev.eliassen.nl\/de\/\",\"name\":\"Eliassen Home & Garden Pleasure\",\"description\":\"\",\"publisher\":{\"@id\":\"https:\/\/dev.eliassen.nl\/de\/#organization\"},\"alternateName\":\"Eliassen.nl\",\"potentialAction\":[{\"@type\":\"SearchAction\",\"target\":{\"@type\":\"EntryPoint\",\"urlTemplate\":\"https:\/\/dev.eliassen.nl\/de\/?s={search_term_string}\"},\"query-input\":{\"@type\":\"PropertyValueSpecification\",\"valueRequired\":true,\"valueName\":\"search_term_string\"}}],\"inLanguage\":\"de\"},{\"@type\":\"Organization\",\"@id\":\"https:\/\/dev.eliassen.nl\/de\/#organization\",\"name\":\"Eliassen Home & Garden Pleasure\",\"url\":\"https:\/\/dev.eliassen.nl\/de\/\",\"logo\":{\"@type\":\"ImageObject\",\"inLanguage\":\"de\",\"@id\":\"https:\/\/dev.eliassen.nl\/de\/#\/schema\/logo\/image\/\",\"url\":\"https:\/\/www.eliassen.nl\/wp-content\/uploads\/2024\/01\/logo_4nd.jpg\",\"contentUrl\":\"https:\/\/www.eliassen.nl\/wp-content\/uploads\/2024\/01\/logo_4nd.jpg\",\"width\":500,\"height\":500,\"caption\":\"Eliassen Home & Garden Pleasure\"},\"image\":{\"@id\":\"https:\/\/dev.eliassen.nl\/de\/#\/schema\/logo\/image\/\"},\"sameAs\":[\"https:\/\/www.facebook.com\/TuincentrumEliassenAmmerzoden\",\"https:\/\/www.instagram.com\/eliassenhomeandgarden\/\",\"https:\/\/nl.pinterest.com\/eliassenhomeandgarden\/\",\"https:\/\/www.youtube.com\/@eliassenhomegardenpleasure4558\"]}]}<\/script>\n<!-- \/ Yoast SEO plugin. -->","yoast_head_json":{"title":"Weihnachtswand-T\u00fcrdekoration Lolly 61cm","description":"Wundersch\u00f6ne Modell-Weihnachtsdekoration aus Metall. Ein dekoratives Objekt in Ihrem Zimmer oder Garten. Auff\u00e4llige rote Farbe. Kommen Sie und schauen Sie si...","robots":{"index":"noindex","follow":"follow","max-snippet":"max-snippet:-1","max-image-preview":"max-image-preview:large","max-video-preview":"max-video-preview:-1"},"og_locale":"de_DE","og_type":"article","og_title":"Weihnachtswand-T\u00fcrdekoration Lolly 61cm","og_description":"Wundersch\u00f6ne Modell-Weihnachtsdekoration aus Metall. Ein dekoratives Objekt in Ihrem Zimmer oder Garten. Auff\u00e4llige rote Farbe. Kommen Sie und schauen Sie si...","og_url":"https:\/\/dev.eliassen.nl\/de\/weihnachtswand-turdekoration-lolly-61cm\/","og_site_name":"Eliassen.nl","article_publisher":"https:\/\/www.facebook.com\/TuincentrumEliassenAmmerzoden","article_modified_time":"2024-12-05T16:41:56+00:00","og_image":[{"width":501,"height":1000,"url":"https:\/\/dev.eliassen.nl\/wp-content\/uploads\/2024\/11\/kerstwanddeurversieringlolly61cmeliassennl.jpg","type":"image\/jpeg"}],"twitter_card":"summary_large_image","schema":{"@context":"https:\/\/schema.org","@graph":[{"@type":"WebPage","@id":"https:\/\/dev.eliassen.nl\/de\/weihnachtswand-turdekoration-lolly-61cm\/","url":"https:\/\/dev.eliassen.nl\/de\/weihnachtswand-turdekoration-lolly-61cm\/","name":"Weihnachtswand-T\u00fcrdekoration Lolly 61cm","isPartOf":{"@id":"https:\/\/dev.eliassen.nl\/de\/#website"},"primaryImageOfPage":{"@id":"https:\/\/dev.eliassen.nl\/de\/weihnachtswand-turdekoration-lolly-61cm\/#primaryimage"},"image":{"@id":"https:\/\/dev.eliassen.nl\/de\/weihnachtswand-turdekoration-lolly-61cm\/#primaryimage"},"thumbnailUrl":"https:\/\/dev.eliassen.nl\/wp-content\/uploads\/2024\/11\/kerstwanddeurversieringlolly61cmeliassennl.jpg","datePublished":"2024-10-26T10:11:50+00:00","dateModified":"2024-12-05T16:41:56+00:00","description":"Wundersch\u00f6ne Modell-Weihnachtsdekoration aus Metall. Ein dekoratives Objekt in Ihrem Zimmer oder Garten. Auff\u00e4llige rote Farbe. Kommen Sie und schauen Sie si...","breadcrumb":{"@id":"https:\/\/dev.eliassen.nl\/de\/weihnachtswand-turdekoration-lolly-61cm\/#breadcrumb"},"inLanguage":"de","potentialAction":[{"@type":"ReadAction","target":["https:\/\/dev.eliassen.nl\/de\/weihnachtswand-turdekoration-lolly-61cm\/"]}]},{"@type":"ImageObject","inLanguage":"de","@id":"https:\/\/dev.eliassen.nl\/de\/weihnachtswand-turdekoration-lolly-61cm\/#primaryimage","url":"https:\/\/dev.eliassen.nl\/wp-content\/uploads\/2024\/11\/kerstwanddeurversieringlolly61cmeliassennl.jpg","contentUrl":"https:\/\/dev.eliassen.nl\/wp-content\/uploads\/2024\/11\/kerstwanddeurversieringlolly61cmeliassennl.jpg","width":501,"height":1000,"caption":"Kerst wand-deurversiering Lolly 61cm Eliassen.nl"},{"@type":"BreadcrumbList","@id":"https:\/\/dev.eliassen.nl\/de\/weihnachtswand-turdekoration-lolly-61cm\/#breadcrumb","itemListElement":[{"@type":"ListItem","position":1,"name":"Home","item":"https:\/\/dev.eliassen.nl\/de\/"},{"@type":"ListItem","position":2,"name":"Shop","item":"https:\/\/dev.eliassen.nl\/nl\/winkel\/"},{"@type":"ListItem","position":3,"name":"Dekoration aus Metall","item":"https:\/\/dev.eliassen.nl\/de\/dekoration-aus-metall\/"},{"@type":"ListItem","position":4,"name":"Miniaturfahrzeuge aus Metall","item":"https:\/\/dev.eliassen.nl\/de\/dekoration-aus-metall\/miniaturfahrzeuge-aus-metall\/"},{"@type":"ListItem","position":5,"name":"Weihnachtswand-T\u00fcrdekoration Lolly 61cm"}]},{"@type":"WebSite","@id":"https:\/\/dev.eliassen.nl\/de\/#website","url":"https:\/\/dev.eliassen.nl\/de\/","name":"Eliassen Home & Garden Pleasure","description":"","publisher":{"@id":"https:\/\/dev.eliassen.nl\/de\/#organization"},"alternateName":"Eliassen.nl","potentialAction":[{"@type":"SearchAction","target":{"@type":"EntryPoint","urlTemplate":"https:\/\/dev.eliassen.nl\/de\/?s={search_term_string}"},"query-input":{"@type":"PropertyValueSpecification","valueRequired":true,"valueName":"search_term_string"}}],"inLanguage":"de"},{"@type":"Organization","@id":"https:\/\/dev.eliassen.nl\/de\/#organization","name":"Eliassen Home & Garden Pleasure","url":"https:\/\/dev.eliassen.nl\/de\/","logo":{"@type":"ImageObject","inLanguage":"de","@id":"https:\/\/dev.eliassen.nl\/de\/#\/schema\/logo\/image\/","url":"https:\/\/www.eliassen.nl\/wp-content\/uploads\/2024\/01\/logo_4nd.jpg","contentUrl":"https:\/\/www.eliassen.nl\/wp-content\/uploads\/2024\/01\/logo_4nd.jpg","width":500,"height":500,"caption":"Eliassen Home & Garden Pleasure"},"image":{"@id":"https:\/\/dev.eliassen.nl\/de\/#\/schema\/logo\/image\/"},"sameAs":["https:\/\/www.facebook.com\/TuincentrumEliassenAmmerzoden","https:\/\/www.instagram.com\/eliassenhomeandgarden\/","https:\/\/nl.pinterest.com\/eliassenhomeandgarden\/","https:\/\/www.youtube.com\/@eliassenhomegardenpleasure4558"]}]}},"df_price":32.5,"df_sale_price":"","df_regular_price":32.5,"df_image_link":"https:\/\/dev.eliassen.nl\/wp-content\/uploads\/2024\/11\/kerstwanddeurversieringlolly61cmeliassennl.jpg","image":"https:\/\/dev.eliassen.nl\/wp-content\/uploads\/2024\/11\/kerstwanddeurversieringlolly61cmeliassennl.jpg","price_search":"<span class=\"woocommerce-Price-amount amount\"><bdi><span class=\"woocommerce-Price-currencySymbol\">&euro;<\/span>&nbsp;32,50<\/bdi><\/span>","category":"Dekoration aus Metall","_links":{"self":[{"href":"https:\/\/dev.eliassen.nl\/de\/wp-json\/wp\/v2\/product\/164839","targetHints":{"allow":["GET"]}}],"collection":[{"href":"https:\/\/dev.eliassen.nl\/de\/wp-json\/wp\/v2\/product"}],"about":[{"href":"https:\/\/dev.eliassen.nl\/de\/wp-json\/wp\/v2\/types\/product"}],"wp:featuredmedia":[{"embeddable":true,"href":"https:\/\/dev.eliassen.nl\/de\/wp-json\/wp\/v2\/media\/164830"}],"wp:attachment":[{"href":"https:\/\/dev.eliassen.nl\/de\/wp-json\/wp\/v2\/media?parent=164839"}],"wp:term":[{"taxonomy":"product_brand","embeddable":true,"href":"https:\/\/dev.eliassen.nl\/de\/wp-json\/wp\/v2\/product_brand?post=164839"},{"taxonomy":"product_cat","embeddable":true,"href":"https:\/\/dev.eliassen.nl\/de\/wp-json\/wp\/v2\/product_cat?post=164839"},{"taxonomy":"product_tag","embeddable":true,"href":"https:\/\/dev.eliassen.nl\/de\/wp-json\/wp\/v2\/product_tag?post=164839"}],"curies":[{"name":"wp","href":"https:\/\/api.w.org\/{rel}","templated":true}]}}