{"id":164857,"date":"2024-10-26T12:08:06","date_gmt":"2024-10-26T10:08:06","guid":{"rendered":"https:\/\/www.eliassen.nl\/?product=kerst-wand-deurversiering-zuurstokjes-60cm"},"modified":"2024-12-05T17:41:57","modified_gmt":"2024-12-05T16:41:57","slug":"weihnachtliche-wand-und-turdekoration-zuckerstangen-60-cm","status":"publish","type":"product","link":"https:\/\/dev.eliassen.nl\/de\/weihnachtliche-wand-und-turdekoration-zuckerstangen-60-cm\/","title":{"rendered":"Weihnachtliche Wand- und T\u00fcrdekoration Zuckerstangen 60 cm"},"content":{"rendered":"<p>Wundersch\u00f6n handgefertigte gro\u00dfe Weihnachtswanddekoration aus wei\u00df\/rotem Metall in Form von 2 Zuckerstangen mit Schleife.<br \/>Mit h\u00f6chster Pr\u00e4zision aus Metall gefertigt.<\/p>\n<p>Diese Wanddekoration sieht drinnen an der Wand wundersch\u00f6n aus, aber sicherlich auch drau\u00dfen vor oder neben der Haust\u00fcr, vor dem Gartenhaus, vor einem Baum usw. Ein sehr sch\u00f6nes St\u00fcck Weihnachtsdekoration in Ihrem Zuhause oder Gesch\u00e4ft oder zum Verschenken ein Geschenk.<br \/>Farben und Details k\u00f6nnen leicht vom Foto abweichen, da es sich um ein handgefertigtes Produkt handelt.<\/p>\n<ul>\n<li><strong>Fast alles aus dieser Serie an Weihnachtsdekorationen k\u00f6nnen Sie auch in unserem Shop besichtigen<\/strong><\/li>\n<li>Material: Metall<\/li>\n<li>Gr\u00f6\u00dfe: 31x8x60cm hoch.<\/li>\n<li>Verpackt im stabilen Karton<\/li>\n<li>Schnelle Lieferung<\/li>\n<\/ul>\n<p>Bitte beachten Sie, dass es sich hierbei nicht um ein Spielzeug handelt<\/p>\n<p>\u00a0<\/p>\n","protected":false},"excerpt":{"rendered":"<p>Weihnachtswanddekoration aus Metall<\/p>\n","protected":false},"featured_media":164842,"template":"","meta":{"_acf_changed":false},"product_brand":[],"product_cat":[659,668,7041],"product_tag":[],"class_list":{"0":"post-164857","1":"product","2":"type-product","3":"status-publish","4":"has-post-thumbnail","6":"product_cat-dekoration-aus-metall","7":"product_cat-miniaturfahrzeuge-aus-metall","8":"product_cat-weihnachtsartikel","10":"first","11":"instock","12":"taxable","13":"shipping-taxable","14":"purchasable","15":"product-type-simple"},"acf":[],"yoast_head":"<!-- This site is optimized with the Yoast SEO plugin v23.8 - https:\/\/yoast.com\/wordpress\/plugins\/seo\/ -->\n<title>Weihnachtliche Wand- und T\u00fcrdekoration Zuckerstangen 60 cm<\/title>\n<meta name=\"description\" content=\"Wundersch\u00f6ne weihnachtliche Wanddeko aus Metall. Ein dekoratives Objekt in Ihrem Zimmer oder drau\u00dfen. Auff\u00e4llige rote Farbe. Kommen Sie und schauen Sie sic...\" \/>\n<meta name=\"robots\" content=\"noindex, follow, max-snippet:-1, max-image-preview:large, max-video-preview:-1\" \/>\n<meta property=\"og:locale\" content=\"de_DE\" \/>\n<meta property=\"og:type\" content=\"article\" \/>\n<meta property=\"og:title\" content=\"Weihnachtliche Wand- und T\u00fcrdekoration Zuckerstangen 60 cm\" \/>\n<meta property=\"og:description\" content=\"Wundersch\u00f6ne weihnachtliche Wanddeko aus Metall. Ein dekoratives Objekt in Ihrem Zimmer oder drau\u00dfen. Auff\u00e4llige rote Farbe. Kommen Sie und schauen Sie sic...\" \/>\n<meta property=\"og:url\" content=\"https:\/\/dev.eliassen.nl\/de\/weihnachtliche-wand-und-turdekoration-zuckerstangen-60-cm\/\" \/>\n<meta property=\"og:site_name\" content=\"Eliassen.nl\" \/>\n<meta property=\"article:publisher\" content=\"https:\/\/www.facebook.com\/TuincentrumEliassenAmmerzoden\" \/>\n<meta property=\"article:modified_time\" content=\"2024-12-05T16:41:57+00:00\" \/>\n<meta property=\"og:image\" content=\"https:\/\/dev.eliassen.nl\/wp-content\/uploads\/2024\/11\/ijzerenkerstzuurstokjesmuureliassennl.png\" \/>\n\t<meta property=\"og:image:width\" content=\"377\" \/>\n\t<meta property=\"og:image:height\" content=\"464\" \/>\n\t<meta property=\"og:image:type\" content=\"image\/png\" \/>\n<meta name=\"twitter:card\" content=\"summary_large_image\" \/>\n<script type=\"application\/ld+json\" class=\"yoast-schema-graph\">{\"@context\":\"https:\/\/schema.org\",\"@graph\":[{\"@type\":\"WebPage\",\"@id\":\"https:\/\/dev.eliassen.nl\/de\/weihnachtliche-wand-und-turdekoration-zuckerstangen-60-cm\/\",\"url\":\"https:\/\/dev.eliassen.nl\/de\/weihnachtliche-wand-und-turdekoration-zuckerstangen-60-cm\/\",\"name\":\"Weihnachtliche Wand- und T\u00fcrdekoration Zuckerstangen 60 cm\",\"isPartOf\":{\"@id\":\"https:\/\/dev.eliassen.nl\/de\/#website\"},\"primaryImageOfPage\":{\"@id\":\"https:\/\/dev.eliassen.nl\/de\/weihnachtliche-wand-und-turdekoration-zuckerstangen-60-cm\/#primaryimage\"},\"image\":{\"@id\":\"https:\/\/dev.eliassen.nl\/de\/weihnachtliche-wand-und-turdekoration-zuckerstangen-60-cm\/#primaryimage\"},\"thumbnailUrl\":\"https:\/\/dev.eliassen.nl\/wp-content\/uploads\/2024\/11\/ijzerenkerstzuurstokjesmuureliassennl.png\",\"datePublished\":\"2024-10-26T10:08:06+00:00\",\"dateModified\":\"2024-12-05T16:41:57+00:00\",\"description\":\"Wundersch\u00f6ne weihnachtliche Wanddeko aus Metall. Ein dekoratives Objekt in Ihrem Zimmer oder drau\u00dfen. Auff\u00e4llige rote Farbe. Kommen Sie und schauen Sie sic...\",\"breadcrumb\":{\"@id\":\"https:\/\/dev.eliassen.nl\/de\/weihnachtliche-wand-und-turdekoration-zuckerstangen-60-cm\/#breadcrumb\"},\"inLanguage\":\"de\",\"potentialAction\":[{\"@type\":\"ReadAction\",\"target\":[\"https:\/\/dev.eliassen.nl\/de\/weihnachtliche-wand-und-turdekoration-zuckerstangen-60-cm\/\"]}]},{\"@type\":\"ImageObject\",\"inLanguage\":\"de\",\"@id\":\"https:\/\/dev.eliassen.nl\/de\/weihnachtliche-wand-und-turdekoration-zuckerstangen-60-cm\/#primaryimage\",\"url\":\"https:\/\/dev.eliassen.nl\/wp-content\/uploads\/2024\/11\/ijzerenkerstzuurstokjesmuureliassennl.png\",\"contentUrl\":\"https:\/\/dev.eliassen.nl\/wp-content\/uploads\/2024\/11\/ijzerenkerstzuurstokjesmuureliassennl.png\",\"width\":377,\"height\":464,\"caption\":\"ijzeren-kerstzuurstokjes muur Eliassen.nl\"},{\"@type\":\"BreadcrumbList\",\"@id\":\"https:\/\/dev.eliassen.nl\/de\/weihnachtliche-wand-und-turdekoration-zuckerstangen-60-cm\/#breadcrumb\",\"itemListElement\":[{\"@type\":\"ListItem\",\"position\":1,\"name\":\"Home\",\"item\":\"https:\/\/dev.eliassen.nl\/de\/\"},{\"@type\":\"ListItem\",\"position\":2,\"name\":\"Shop\",\"item\":\"https:\/\/dev.eliassen.nl\/nl\/winkel\/\"},{\"@type\":\"ListItem\",\"position\":3,\"name\":\"Dekoration aus Metall\",\"item\":\"https:\/\/dev.eliassen.nl\/de\/dekoration-aus-metall\/\"},{\"@type\":\"ListItem\",\"position\":4,\"name\":\"Miniaturfahrzeuge aus Metall\",\"item\":\"https:\/\/dev.eliassen.nl\/de\/dekoration-aus-metall\/miniaturfahrzeuge-aus-metall\/\"},{\"@type\":\"ListItem\",\"position\":5,\"name\":\"Weihnachtliche Wand- und T\u00fcrdekoration Zuckerstangen 60 cm\"}]},{\"@type\":\"WebSite\",\"@id\":\"https:\/\/dev.eliassen.nl\/de\/#website\",\"url\":\"https:\/\/dev.eliassen.nl\/de\/\",\"name\":\"Eliassen Home & Garden Pleasure\",\"description\":\"\",\"publisher\":{\"@id\":\"https:\/\/dev.eliassen.nl\/de\/#organization\"},\"alternateName\":\"Eliassen.nl\",\"potentialAction\":[{\"@type\":\"SearchAction\",\"target\":{\"@type\":\"EntryPoint\",\"urlTemplate\":\"https:\/\/dev.eliassen.nl\/de\/?s={search_term_string}\"},\"query-input\":{\"@type\":\"PropertyValueSpecification\",\"valueRequired\":true,\"valueName\":\"search_term_string\"}}],\"inLanguage\":\"de\"},{\"@type\":\"Organization\",\"@id\":\"https:\/\/dev.eliassen.nl\/de\/#organization\",\"name\":\"Eliassen Home & Garden Pleasure\",\"url\":\"https:\/\/dev.eliassen.nl\/de\/\",\"logo\":{\"@type\":\"ImageObject\",\"inLanguage\":\"de\",\"@id\":\"https:\/\/dev.eliassen.nl\/de\/#\/schema\/logo\/image\/\",\"url\":\"https:\/\/www.eliassen.nl\/wp-content\/uploads\/2024\/01\/logo_4nd.jpg\",\"contentUrl\":\"https:\/\/www.eliassen.nl\/wp-content\/uploads\/2024\/01\/logo_4nd.jpg\",\"width\":500,\"height\":500,\"caption\":\"Eliassen Home & Garden Pleasure\"},\"image\":{\"@id\":\"https:\/\/dev.eliassen.nl\/de\/#\/schema\/logo\/image\/\"},\"sameAs\":[\"https:\/\/www.facebook.com\/TuincentrumEliassenAmmerzoden\",\"https:\/\/www.instagram.com\/eliassenhomeandgarden\/\",\"https:\/\/nl.pinterest.com\/eliassenhomeandgarden\/\",\"https:\/\/www.youtube.com\/@eliassenhomegardenpleasure4558\"]}]}<\/script>\n<!-- \/ Yoast SEO plugin. -->","yoast_head_json":{"title":"Weihnachtliche Wand- und T\u00fcrdekoration Zuckerstangen 60 cm","description":"Wundersch\u00f6ne weihnachtliche Wanddeko aus Metall. Ein dekoratives Objekt in Ihrem Zimmer oder drau\u00dfen. Auff\u00e4llige rote Farbe. Kommen Sie und schauen Sie sic...","robots":{"index":"noindex","follow":"follow","max-snippet":"max-snippet:-1","max-image-preview":"max-image-preview:large","max-video-preview":"max-video-preview:-1"},"og_locale":"de_DE","og_type":"article","og_title":"Weihnachtliche Wand- und T\u00fcrdekoration Zuckerstangen 60 cm","og_description":"Wundersch\u00f6ne weihnachtliche Wanddeko aus Metall. Ein dekoratives Objekt in Ihrem Zimmer oder drau\u00dfen. Auff\u00e4llige rote Farbe. Kommen Sie und schauen Sie sic...","og_url":"https:\/\/dev.eliassen.nl\/de\/weihnachtliche-wand-und-turdekoration-zuckerstangen-60-cm\/","og_site_name":"Eliassen.nl","article_publisher":"https:\/\/www.facebook.com\/TuincentrumEliassenAmmerzoden","article_modified_time":"2024-12-05T16:41:57+00:00","og_image":[{"width":377,"height":464,"url":"https:\/\/dev.eliassen.nl\/wp-content\/uploads\/2024\/11\/ijzerenkerstzuurstokjesmuureliassennl.png","type":"image\/png"}],"twitter_card":"summary_large_image","schema":{"@context":"https:\/\/schema.org","@graph":[{"@type":"WebPage","@id":"https:\/\/dev.eliassen.nl\/de\/weihnachtliche-wand-und-turdekoration-zuckerstangen-60-cm\/","url":"https:\/\/dev.eliassen.nl\/de\/weihnachtliche-wand-und-turdekoration-zuckerstangen-60-cm\/","name":"Weihnachtliche Wand- und T\u00fcrdekoration Zuckerstangen 60 cm","isPartOf":{"@id":"https:\/\/dev.eliassen.nl\/de\/#website"},"primaryImageOfPage":{"@id":"https:\/\/dev.eliassen.nl\/de\/weihnachtliche-wand-und-turdekoration-zuckerstangen-60-cm\/#primaryimage"},"image":{"@id":"https:\/\/dev.eliassen.nl\/de\/weihnachtliche-wand-und-turdekoration-zuckerstangen-60-cm\/#primaryimage"},"thumbnailUrl":"https:\/\/dev.eliassen.nl\/wp-content\/uploads\/2024\/11\/ijzerenkerstzuurstokjesmuureliassennl.png","datePublished":"2024-10-26T10:08:06+00:00","dateModified":"2024-12-05T16:41:57+00:00","description":"Wundersch\u00f6ne weihnachtliche Wanddeko aus Metall. Ein dekoratives Objekt in Ihrem Zimmer oder drau\u00dfen. Auff\u00e4llige rote Farbe. Kommen Sie und schauen Sie sic...","breadcrumb":{"@id":"https:\/\/dev.eliassen.nl\/de\/weihnachtliche-wand-und-turdekoration-zuckerstangen-60-cm\/#breadcrumb"},"inLanguage":"de","potentialAction":[{"@type":"ReadAction","target":["https:\/\/dev.eliassen.nl\/de\/weihnachtliche-wand-und-turdekoration-zuckerstangen-60-cm\/"]}]},{"@type":"ImageObject","inLanguage":"de","@id":"https:\/\/dev.eliassen.nl\/de\/weihnachtliche-wand-und-turdekoration-zuckerstangen-60-cm\/#primaryimage","url":"https:\/\/dev.eliassen.nl\/wp-content\/uploads\/2024\/11\/ijzerenkerstzuurstokjesmuureliassennl.png","contentUrl":"https:\/\/dev.eliassen.nl\/wp-content\/uploads\/2024\/11\/ijzerenkerstzuurstokjesmuureliassennl.png","width":377,"height":464,"caption":"ijzeren-kerstzuurstokjes muur Eliassen.nl"},{"@type":"BreadcrumbList","@id":"https:\/\/dev.eliassen.nl\/de\/weihnachtliche-wand-und-turdekoration-zuckerstangen-60-cm\/#breadcrumb","itemListElement":[{"@type":"ListItem","position":1,"name":"Home","item":"https:\/\/dev.eliassen.nl\/de\/"},{"@type":"ListItem","position":2,"name":"Shop","item":"https:\/\/dev.eliassen.nl\/nl\/winkel\/"},{"@type":"ListItem","position":3,"name":"Dekoration aus Metall","item":"https:\/\/dev.eliassen.nl\/de\/dekoration-aus-metall\/"},{"@type":"ListItem","position":4,"name":"Miniaturfahrzeuge aus Metall","item":"https:\/\/dev.eliassen.nl\/de\/dekoration-aus-metall\/miniaturfahrzeuge-aus-metall\/"},{"@type":"ListItem","position":5,"name":"Weihnachtliche Wand- und T\u00fcrdekoration Zuckerstangen 60 cm"}]},{"@type":"WebSite","@id":"https:\/\/dev.eliassen.nl\/de\/#website","url":"https:\/\/dev.eliassen.nl\/de\/","name":"Eliassen Home & Garden Pleasure","description":"","publisher":{"@id":"https:\/\/dev.eliassen.nl\/de\/#organization"},"alternateName":"Eliassen.nl","potentialAction":[{"@type":"SearchAction","target":{"@type":"EntryPoint","urlTemplate":"https:\/\/dev.eliassen.nl\/de\/?s={search_term_string}"},"query-input":{"@type":"PropertyValueSpecification","valueRequired":true,"valueName":"search_term_string"}}],"inLanguage":"de"},{"@type":"Organization","@id":"https:\/\/dev.eliassen.nl\/de\/#organization","name":"Eliassen Home & Garden Pleasure","url":"https:\/\/dev.eliassen.nl\/de\/","logo":{"@type":"ImageObject","inLanguage":"de","@id":"https:\/\/dev.eliassen.nl\/de\/#\/schema\/logo\/image\/","url":"https:\/\/www.eliassen.nl\/wp-content\/uploads\/2024\/01\/logo_4nd.jpg","contentUrl":"https:\/\/www.eliassen.nl\/wp-content\/uploads\/2024\/01\/logo_4nd.jpg","width":500,"height":500,"caption":"Eliassen Home & Garden Pleasure"},"image":{"@id":"https:\/\/dev.eliassen.nl\/de\/#\/schema\/logo\/image\/"},"sameAs":["https:\/\/www.facebook.com\/TuincentrumEliassenAmmerzoden","https:\/\/www.instagram.com\/eliassenhomeandgarden\/","https:\/\/nl.pinterest.com\/eliassenhomeandgarden\/","https:\/\/www.youtube.com\/@eliassenhomegardenpleasure4558"]}]}},"df_price":27.5,"df_sale_price":"","df_regular_price":27.5,"df_image_link":"https:\/\/dev.eliassen.nl\/wp-content\/uploads\/2024\/11\/ijzerenkerstzuurstokjesmuureliassennl.png","image":"https:\/\/dev.eliassen.nl\/wp-content\/uploads\/2024\/11\/ijzerenkerstzuurstokjesmuureliassennl.png","price_search":"<span class=\"woocommerce-Price-amount amount\"><bdi><span class=\"woocommerce-Price-currencySymbol\">&euro;<\/span>&nbsp;27,50<\/bdi><\/span>","category":"Dekoration aus Metall","_links":{"self":[{"href":"https:\/\/dev.eliassen.nl\/de\/wp-json\/wp\/v2\/product\/164857","targetHints":{"allow":["GET"]}}],"collection":[{"href":"https:\/\/dev.eliassen.nl\/de\/wp-json\/wp\/v2\/product"}],"about":[{"href":"https:\/\/dev.eliassen.nl\/de\/wp-json\/wp\/v2\/types\/product"}],"wp:featuredmedia":[{"embeddable":true,"href":"https:\/\/dev.eliassen.nl\/de\/wp-json\/wp\/v2\/media\/164842"}],"wp:attachment":[{"href":"https:\/\/dev.eliassen.nl\/de\/wp-json\/wp\/v2\/media?parent=164857"}],"wp:term":[{"taxonomy":"product_brand","embeddable":true,"href":"https:\/\/dev.eliassen.nl\/de\/wp-json\/wp\/v2\/product_brand?post=164857"},{"taxonomy":"product_cat","embeddable":true,"href":"https:\/\/dev.eliassen.nl\/de\/wp-json\/wp\/v2\/product_cat?post=164857"},{"taxonomy":"product_tag","embeddable":true,"href":"https:\/\/dev.eliassen.nl\/de\/wp-json\/wp\/v2\/product_tag?post=164857"}],"curies":[{"name":"wp","href":"https:\/\/api.w.org\/{rel}","templated":true}]}}