{"id":164896,"date":"2024-10-26T12:00:55","date_gmt":"2024-10-26T10:00:55","guid":{"rendered":"https:\/\/www.eliassen.nl\/?product=muur-deur-decoratiebord-wit-99cm"},"modified":"2024-12-05T17:41:58","modified_gmt":"2024-12-05T16:41:58","slug":"wand-tur-weihnachtsdekorationsschild-weiss-99-cm","status":"publish","type":"product","link":"https:\/\/dev.eliassen.nl\/de\/wand-tur-weihnachtsdekorationsschild-weiss-99-cm\/","title":{"rendered":"Wand-T\u00fcr-Weihnachtsdekorationsschild Wei\u00df 99 cm"},"content":{"rendered":"<p>Wundersch\u00f6n handgefertigte gro\u00dfe Weihnachtswanddekoration aus wei\u00dfem Metall in Form eines Textschilds.<br \/>Mit h\u00f6chster Pr\u00e4zision aus Metall gefertigt.<\/p>\n<p>Diese Wanddekoration sieht drinnen an der Wand wundersch\u00f6n aus, aber sicherlich auch drau\u00dfen an oder neben der Haust\u00fcr, am Gartenhaus, an einem Baum usw. Dieses Schild kann auf dem Boden h\u00e4ngen oder stehen. Eine sehr sch\u00f6ne Weihnachtsdekoration f\u00fcr Ihr Zuhause oder Ihr Unternehmen oder zum Verschenken.<br \/>Da es sich um ein handgefertigtes Produkt handelt, k\u00f6nnen Farben und Details leicht vom Foto abweichen.<\/p>\n<ul>\n<li><strong>Fast alles aus dieser Serie an Weihnachtsdekorationen k\u00f6nnen Sie auch in unserem Shop besichtigen<\/strong><\/li>\n<li>Material: Metall<\/li>\n<li>Gr\u00f6\u00dfe: 20x4x99cm hoch.<\/li>\n<li>Verpackt im stabilen Karton<\/li>\n<li>Schnelle Lieferung<\/li>\n<\/ul>\n","protected":false},"excerpt":{"rendered":"<p>H\u00e4ngeschild gro\u00df Weihnachten wei\u00df<\/p>\n","protected":false},"featured_media":164878,"template":"","meta":{"_acf_changed":false},"product_brand":[],"product_cat":[515,659,668,509,7041],"product_tag":[],"class_list":{"0":"post-164896","1":"product","2":"type-product","3":"status-publish","4":"has-post-thumbnail","6":"product_cat-3d-wanddekoration-mit-rahmen","7":"product_cat-dekoration-aus-metall","8":"product_cat-miniaturfahrzeuge-aus-metall","9":"product_cat-wanddekoration","10":"product_cat-weihnachtsartikel","12":"first","13":"instock","14":"taxable","15":"shipping-taxable","16":"purchasable","17":"product-type-simple"},"acf":[],"yoast_head":"<!-- This site is optimized with the Yoast SEO plugin v23.8 - https:\/\/yoast.com\/wordpress\/plugins\/seo\/ -->\n<title>Wand-T\u00fcr-Weihnachtsdekorationsschild Wei\u00df 99 cm<\/title>\n<meta name=\"description\" content=\"Wundersch\u00f6nes, hochh\u00e4ngendes Weihnachtsschild aus Metall. Auff\u00e4llige wei\u00dfe Farbe. Kommen Sie und schauen Sie sich diese Serie live an!!\" \/>\n<meta name=\"robots\" content=\"noindex, follow, max-snippet:-1, max-image-preview:large, max-video-preview:-1\" \/>\n<meta property=\"og:locale\" content=\"de_DE\" \/>\n<meta property=\"og:type\" content=\"article\" \/>\n<meta property=\"og:title\" content=\"Wand-T\u00fcr-Weihnachtsdekorationsschild Wei\u00df 99 cm\" \/>\n<meta property=\"og:description\" content=\"Wundersch\u00f6nes, hochh\u00e4ngendes Weihnachtsschild aus Metall. Auff\u00e4llige wei\u00dfe Farbe. Kommen Sie und schauen Sie sich diese Serie live an!!\" \/>\n<meta property=\"og:url\" content=\"https:\/\/dev.eliassen.nl\/de\/wand-tur-weihnachtsdekorationsschild-weiss-99-cm\/\" \/>\n<meta property=\"og:site_name\" content=\"Eliassen.nl\" \/>\n<meta property=\"article:publisher\" content=\"https:\/\/www.facebook.com\/TuincentrumEliassenAmmerzoden\" \/>\n<meta property=\"article:modified_time\" content=\"2024-12-05T16:41:58+00:00\" \/>\n<meta property=\"og:image\" content=\"https:\/\/dev.eliassen.nl\/wp-content\/uploads\/2024\/11\/ijzerenwanddecoratiemerrychristmaseliassennl.jpg\" \/>\n\t<meta property=\"og:image:width\" content=\"178\" \/>\n\t<meta property=\"og:image:height\" content=\"640\" \/>\n\t<meta property=\"og:image:type\" content=\"image\/jpeg\" \/>\n<meta name=\"twitter:card\" content=\"summary_large_image\" \/>\n<script type=\"application\/ld+json\" class=\"yoast-schema-graph\">{\"@context\":\"https:\/\/schema.org\",\"@graph\":[{\"@type\":\"WebPage\",\"@id\":\"https:\/\/dev.eliassen.nl\/de\/wand-tur-weihnachtsdekorationsschild-weiss-99-cm\/\",\"url\":\"https:\/\/dev.eliassen.nl\/de\/wand-tur-weihnachtsdekorationsschild-weiss-99-cm\/\",\"name\":\"Wand-T\u00fcr-Weihnachtsdekorationsschild Wei\u00df 99 cm\",\"isPartOf\":{\"@id\":\"https:\/\/dev.eliassen.nl\/de\/#website\"},\"primaryImageOfPage\":{\"@id\":\"https:\/\/dev.eliassen.nl\/de\/wand-tur-weihnachtsdekorationsschild-weiss-99-cm\/#primaryimage\"},\"image\":{\"@id\":\"https:\/\/dev.eliassen.nl\/de\/wand-tur-weihnachtsdekorationsschild-weiss-99-cm\/#primaryimage\"},\"thumbnailUrl\":\"https:\/\/dev.eliassen.nl\/wp-content\/uploads\/2024\/11\/ijzerenwanddecoratiemerrychristmaseliassennl.jpg\",\"datePublished\":\"2024-10-26T10:00:55+00:00\",\"dateModified\":\"2024-12-05T16:41:58+00:00\",\"description\":\"Wundersch\u00f6nes, hochh\u00e4ngendes Weihnachtsschild aus Metall. Auff\u00e4llige wei\u00dfe Farbe. Kommen Sie und schauen Sie sich diese Serie live an!!\",\"breadcrumb\":{\"@id\":\"https:\/\/dev.eliassen.nl\/de\/wand-tur-weihnachtsdekorationsschild-weiss-99-cm\/#breadcrumb\"},\"inLanguage\":\"de\",\"potentialAction\":[{\"@type\":\"ReadAction\",\"target\":[\"https:\/\/dev.eliassen.nl\/de\/wand-tur-weihnachtsdekorationsschild-weiss-99-cm\/\"]}]},{\"@type\":\"ImageObject\",\"inLanguage\":\"de\",\"@id\":\"https:\/\/dev.eliassen.nl\/de\/wand-tur-weihnachtsdekorationsschild-weiss-99-cm\/#primaryimage\",\"url\":\"https:\/\/dev.eliassen.nl\/wp-content\/uploads\/2024\/11\/ijzerenwanddecoratiemerrychristmaseliassennl.jpg\",\"contentUrl\":\"https:\/\/dev.eliassen.nl\/wp-content\/uploads\/2024\/11\/ijzerenwanddecoratiemerrychristmaseliassennl.jpg\",\"width\":178,\"height\":640,\"caption\":\"ijzeren-wanddecoratie-merry-christmas-Eliassen.nl\"},{\"@type\":\"BreadcrumbList\",\"@id\":\"https:\/\/dev.eliassen.nl\/de\/wand-tur-weihnachtsdekorationsschild-weiss-99-cm\/#breadcrumb\",\"itemListElement\":[{\"@type\":\"ListItem\",\"position\":1,\"name\":\"Home\",\"item\":\"https:\/\/dev.eliassen.nl\/de\/\"},{\"@type\":\"ListItem\",\"position\":2,\"name\":\"Shop\",\"item\":\"https:\/\/dev.eliassen.nl\/nl\/winkel\/\"},{\"@type\":\"ListItem\",\"position\":3,\"name\":\"Wanddekoration\",\"item\":\"https:\/\/dev.eliassen.nl\/de\/wanddekoration\/\"},{\"@type\":\"ListItem\",\"position\":4,\"name\":\"3D-Wanddekoration mit Rahmen\",\"item\":\"https:\/\/dev.eliassen.nl\/de\/wanddekoration\/3d-wanddekoration-mit-rahmen\/\"},{\"@type\":\"ListItem\",\"position\":5,\"name\":\"Wand-T\u00fcr-Weihnachtsdekorationsschild Wei\u00df 99 cm\"}]},{\"@type\":\"WebSite\",\"@id\":\"https:\/\/dev.eliassen.nl\/de\/#website\",\"url\":\"https:\/\/dev.eliassen.nl\/de\/\",\"name\":\"Eliassen Home & Garden Pleasure\",\"description\":\"\",\"publisher\":{\"@id\":\"https:\/\/dev.eliassen.nl\/de\/#organization\"},\"alternateName\":\"Eliassen.nl\",\"potentialAction\":[{\"@type\":\"SearchAction\",\"target\":{\"@type\":\"EntryPoint\",\"urlTemplate\":\"https:\/\/dev.eliassen.nl\/de\/?s={search_term_string}\"},\"query-input\":{\"@type\":\"PropertyValueSpecification\",\"valueRequired\":true,\"valueName\":\"search_term_string\"}}],\"inLanguage\":\"de\"},{\"@type\":\"Organization\",\"@id\":\"https:\/\/dev.eliassen.nl\/de\/#organization\",\"name\":\"Eliassen Home & Garden Pleasure\",\"url\":\"https:\/\/dev.eliassen.nl\/de\/\",\"logo\":{\"@type\":\"ImageObject\",\"inLanguage\":\"de\",\"@id\":\"https:\/\/dev.eliassen.nl\/de\/#\/schema\/logo\/image\/\",\"url\":\"https:\/\/www.eliassen.nl\/wp-content\/uploads\/2024\/01\/logo_4nd.jpg\",\"contentUrl\":\"https:\/\/www.eliassen.nl\/wp-content\/uploads\/2024\/01\/logo_4nd.jpg\",\"width\":500,\"height\":500,\"caption\":\"Eliassen Home & Garden Pleasure\"},\"image\":{\"@id\":\"https:\/\/dev.eliassen.nl\/de\/#\/schema\/logo\/image\/\"},\"sameAs\":[\"https:\/\/www.facebook.com\/TuincentrumEliassenAmmerzoden\",\"https:\/\/www.instagram.com\/eliassenhomeandgarden\/\",\"https:\/\/nl.pinterest.com\/eliassenhomeandgarden\/\",\"https:\/\/www.youtube.com\/@eliassenhomegardenpleasure4558\"]}]}<\/script>\n<!-- \/ Yoast SEO plugin. -->","yoast_head_json":{"title":"Wand-T\u00fcr-Weihnachtsdekorationsschild Wei\u00df 99 cm","description":"Wundersch\u00f6nes, hochh\u00e4ngendes Weihnachtsschild aus Metall. Auff\u00e4llige wei\u00dfe Farbe. Kommen Sie und schauen Sie sich diese Serie live an!!","robots":{"index":"noindex","follow":"follow","max-snippet":"max-snippet:-1","max-image-preview":"max-image-preview:large","max-video-preview":"max-video-preview:-1"},"og_locale":"de_DE","og_type":"article","og_title":"Wand-T\u00fcr-Weihnachtsdekorationsschild Wei\u00df 99 cm","og_description":"Wundersch\u00f6nes, hochh\u00e4ngendes Weihnachtsschild aus Metall. Auff\u00e4llige wei\u00dfe Farbe. Kommen Sie und schauen Sie sich diese Serie live an!!","og_url":"https:\/\/dev.eliassen.nl\/de\/wand-tur-weihnachtsdekorationsschild-weiss-99-cm\/","og_site_name":"Eliassen.nl","article_publisher":"https:\/\/www.facebook.com\/TuincentrumEliassenAmmerzoden","article_modified_time":"2024-12-05T16:41:58+00:00","og_image":[{"width":178,"height":640,"url":"https:\/\/dev.eliassen.nl\/wp-content\/uploads\/2024\/11\/ijzerenwanddecoratiemerrychristmaseliassennl.jpg","type":"image\/jpeg"}],"twitter_card":"summary_large_image","schema":{"@context":"https:\/\/schema.org","@graph":[{"@type":"WebPage","@id":"https:\/\/dev.eliassen.nl\/de\/wand-tur-weihnachtsdekorationsschild-weiss-99-cm\/","url":"https:\/\/dev.eliassen.nl\/de\/wand-tur-weihnachtsdekorationsschild-weiss-99-cm\/","name":"Wand-T\u00fcr-Weihnachtsdekorationsschild Wei\u00df 99 cm","isPartOf":{"@id":"https:\/\/dev.eliassen.nl\/de\/#website"},"primaryImageOfPage":{"@id":"https:\/\/dev.eliassen.nl\/de\/wand-tur-weihnachtsdekorationsschild-weiss-99-cm\/#primaryimage"},"image":{"@id":"https:\/\/dev.eliassen.nl\/de\/wand-tur-weihnachtsdekorationsschild-weiss-99-cm\/#primaryimage"},"thumbnailUrl":"https:\/\/dev.eliassen.nl\/wp-content\/uploads\/2024\/11\/ijzerenwanddecoratiemerrychristmaseliassennl.jpg","datePublished":"2024-10-26T10:00:55+00:00","dateModified":"2024-12-05T16:41:58+00:00","description":"Wundersch\u00f6nes, hochh\u00e4ngendes Weihnachtsschild aus Metall. Auff\u00e4llige wei\u00dfe Farbe. Kommen Sie und schauen Sie sich diese Serie live an!!","breadcrumb":{"@id":"https:\/\/dev.eliassen.nl\/de\/wand-tur-weihnachtsdekorationsschild-weiss-99-cm\/#breadcrumb"},"inLanguage":"de","potentialAction":[{"@type":"ReadAction","target":["https:\/\/dev.eliassen.nl\/de\/wand-tur-weihnachtsdekorationsschild-weiss-99-cm\/"]}]},{"@type":"ImageObject","inLanguage":"de","@id":"https:\/\/dev.eliassen.nl\/de\/wand-tur-weihnachtsdekorationsschild-weiss-99-cm\/#primaryimage","url":"https:\/\/dev.eliassen.nl\/wp-content\/uploads\/2024\/11\/ijzerenwanddecoratiemerrychristmaseliassennl.jpg","contentUrl":"https:\/\/dev.eliassen.nl\/wp-content\/uploads\/2024\/11\/ijzerenwanddecoratiemerrychristmaseliassennl.jpg","width":178,"height":640,"caption":"ijzeren-wanddecoratie-merry-christmas-Eliassen.nl"},{"@type":"BreadcrumbList","@id":"https:\/\/dev.eliassen.nl\/de\/wand-tur-weihnachtsdekorationsschild-weiss-99-cm\/#breadcrumb","itemListElement":[{"@type":"ListItem","position":1,"name":"Home","item":"https:\/\/dev.eliassen.nl\/de\/"},{"@type":"ListItem","position":2,"name":"Shop","item":"https:\/\/dev.eliassen.nl\/nl\/winkel\/"},{"@type":"ListItem","position":3,"name":"Wanddekoration","item":"https:\/\/dev.eliassen.nl\/de\/wanddekoration\/"},{"@type":"ListItem","position":4,"name":"3D-Wanddekoration mit Rahmen","item":"https:\/\/dev.eliassen.nl\/de\/wanddekoration\/3d-wanddekoration-mit-rahmen\/"},{"@type":"ListItem","position":5,"name":"Wand-T\u00fcr-Weihnachtsdekorationsschild Wei\u00df 99 cm"}]},{"@type":"WebSite","@id":"https:\/\/dev.eliassen.nl\/de\/#website","url":"https:\/\/dev.eliassen.nl\/de\/","name":"Eliassen Home & Garden Pleasure","description":"","publisher":{"@id":"https:\/\/dev.eliassen.nl\/de\/#organization"},"alternateName":"Eliassen.nl","potentialAction":[{"@type":"SearchAction","target":{"@type":"EntryPoint","urlTemplate":"https:\/\/dev.eliassen.nl\/de\/?s={search_term_string}"},"query-input":{"@type":"PropertyValueSpecification","valueRequired":true,"valueName":"search_term_string"}}],"inLanguage":"de"},{"@type":"Organization","@id":"https:\/\/dev.eliassen.nl\/de\/#organization","name":"Eliassen Home & Garden Pleasure","url":"https:\/\/dev.eliassen.nl\/de\/","logo":{"@type":"ImageObject","inLanguage":"de","@id":"https:\/\/dev.eliassen.nl\/de\/#\/schema\/logo\/image\/","url":"https:\/\/www.eliassen.nl\/wp-content\/uploads\/2024\/01\/logo_4nd.jpg","contentUrl":"https:\/\/www.eliassen.nl\/wp-content\/uploads\/2024\/01\/logo_4nd.jpg","width":500,"height":500,"caption":"Eliassen Home & Garden Pleasure"},"image":{"@id":"https:\/\/dev.eliassen.nl\/de\/#\/schema\/logo\/image\/"},"sameAs":["https:\/\/www.facebook.com\/TuincentrumEliassenAmmerzoden","https:\/\/www.instagram.com\/eliassenhomeandgarden\/","https:\/\/nl.pinterest.com\/eliassenhomeandgarden\/","https:\/\/www.youtube.com\/@eliassenhomegardenpleasure4558"]}]}},"df_price":36.5,"df_sale_price":"","df_regular_price":36.5,"df_image_link":"https:\/\/dev.eliassen.nl\/wp-content\/uploads\/2024\/11\/ijzerenwanddecoratiemerrychristmaseliassennl.jpg","image":"https:\/\/dev.eliassen.nl\/wp-content\/uploads\/2024\/11\/ijzerenwanddecoratiemerrychristmaseliassennl.jpg","price_search":"<span class=\"woocommerce-Price-amount amount\"><bdi><span class=\"woocommerce-Price-currencySymbol\">&euro;<\/span>&nbsp;36,50<\/bdi><\/span>","category":"3D-Wanddekoration mit Rahmen","_links":{"self":[{"href":"https:\/\/dev.eliassen.nl\/de\/wp-json\/wp\/v2\/product\/164896","targetHints":{"allow":["GET"]}}],"collection":[{"href":"https:\/\/dev.eliassen.nl\/de\/wp-json\/wp\/v2\/product"}],"about":[{"href":"https:\/\/dev.eliassen.nl\/de\/wp-json\/wp\/v2\/types\/product"}],"wp:featuredmedia":[{"embeddable":true,"href":"https:\/\/dev.eliassen.nl\/de\/wp-json\/wp\/v2\/media\/164878"}],"wp:attachment":[{"href":"https:\/\/dev.eliassen.nl\/de\/wp-json\/wp\/v2\/media?parent=164896"}],"wp:term":[{"taxonomy":"product_brand","embeddable":true,"href":"https:\/\/dev.eliassen.nl\/de\/wp-json\/wp\/v2\/product_brand?post=164896"},{"taxonomy":"product_cat","embeddable":true,"href":"https:\/\/dev.eliassen.nl\/de\/wp-json\/wp\/v2\/product_cat?post=164896"},{"taxonomy":"product_tag","embeddable":true,"href":"https:\/\/dev.eliassen.nl\/de\/wp-json\/wp\/v2\/product_tag?post=164896"}],"curies":[{"name":"wp","href":"https:\/\/api.w.org\/{rel}","templated":true}]}}