{"id":164914,"date":"2024-10-26T11:52:50","date_gmt":"2024-10-26T09:52:50","guid":{"rendered":"https:\/\/www.eliassen.nl\/?product=kerst-decoratie-blokken-122cm"},"modified":"2024-12-05T17:41:59","modified_gmt":"2024-12-05T16:41:59","slug":"weihnachtsdekorationsblocke-122cm","status":"publish","type":"product","link":"https:\/\/dev.eliassen.nl\/de\/weihnachtsdekorationsblocke-122cm\/","title":{"rendered":"Weihnachtsdekorationsbl\u00f6cke 122cm"},"content":{"rendered":"<p>Wundersch\u00f6n handgefertigte gro\u00dfe Weihnachtsdekoration aus Metall in Form von 2 Reihen Geschenken mit dem Text \u201eFrohe Weihnachten\u201c.<br \/>Mit h\u00f6chster Pr\u00e4zision aus Metall gefertigt.<\/p>\n<p>Diese Weihnachtsdekoration macht sich drinnen auf einem Sideboard oder auf der Fensterbank wunderbar, aber sicherlich auch drau\u00dfen an einer Wand oder \u00e4hnlichem. Diese Reihe von Weihnachtsgeschenken ist auf beiden Seiten mit Buchstaben versehen, sodass Sie auf der Fensterbank den Text au\u00dfen und innen sehen k\u00f6nnen. Eine sehr sch\u00f6ne Weihnachtsdekoration f\u00fcr Ihr Zuhause, Ihr Zuhause oder Ihr Gesch\u00e4ft oder zum Verschenken.<br \/>Da es sich um ein handgefertigtes Produkt handelt, k\u00f6nnen Farben und Details leicht vom Foto abweichen.<\/p>\n<ul>\n<li><strong>Fast alles aus dieser Serie an Weihnachtsdekorationen k\u00f6nnen Sie auch in unserem Shop besichtigen<\/strong><\/li>\n<li>Material: Metall<\/li>\n<li>Gr\u00f6\u00dfe: 122x7x16cm hoch. Auf 2 Seiten angebrachte Buchstaben<\/li>\n<li>Verpackt in stabilen Kartons<\/li>\n<li>Schnelle Lieferung<\/li>\n<\/ul>\n<p>Bitte beachten Sie, dass es sich hierbei nicht um ein Spielzeug handelt<\/p>\n","protected":false},"excerpt":{"rendered":"<p>Lange Reihe Buchstabenbl\u00f6cke 122 cm<\/p>\n","protected":false},"featured_media":164899,"template":"","meta":{"_acf_changed":false},"product_brand":[],"product_cat":[659,668,7041],"product_tag":[],"class_list":{"0":"post-164914","1":"product","2":"type-product","3":"status-publish","4":"has-post-thumbnail","6":"product_cat-dekoration-aus-metall","7":"product_cat-miniaturfahrzeuge-aus-metall","8":"product_cat-weihnachtsartikel","10":"first","11":"instock","12":"taxable","13":"shipping-taxable","14":"purchasable","15":"product-type-simple"},"acf":[],"yoast_head":"<!-- This site is optimized with the Yoast SEO plugin v23.8 - https:\/\/yoast.com\/wordpress\/plugins\/seo\/ -->\n<title>Weihnachtsdekorationsbl\u00f6cke 122cm<\/title>\n<meta name=\"description\" content=\"Weihnachtsdekoration f\u00fcr Ihren Schrank oder Ihre Fensterbank. Auch live bei uns zu sehen!!\" \/>\n<meta name=\"robots\" content=\"noindex, follow, max-snippet:-1, max-image-preview:large, max-video-preview:-1\" \/>\n<meta property=\"og:locale\" content=\"de_DE\" \/>\n<meta property=\"og:type\" content=\"article\" \/>\n<meta property=\"og:title\" content=\"Weihnachtsdekorationsbl\u00f6cke 122cm\" \/>\n<meta property=\"og:description\" content=\"Weihnachtsdekoration f\u00fcr Ihren Schrank oder Ihre Fensterbank. Auch live bei uns zu sehen!!\" \/>\n<meta property=\"og:url\" content=\"https:\/\/dev.eliassen.nl\/de\/weihnachtsdekorationsblocke-122cm\/\" \/>\n<meta property=\"og:site_name\" content=\"Eliassen.nl\" \/>\n<meta property=\"article:publisher\" content=\"https:\/\/www.facebook.com\/TuincentrumEliassenAmmerzoden\" \/>\n<meta property=\"article:modified_time\" content=\"2024-12-05T16:41:59+00:00\" \/>\n<meta property=\"og:image\" content=\"https:\/\/dev.eliassen.nl\/wp-content\/uploads\/2024\/11\/kerstdecoratieblokkeneliassennl.jpg\" \/>\n\t<meta property=\"og:image:width\" content=\"2047\" \/>\n\t<meta property=\"og:image:height\" content=\"609\" \/>\n\t<meta property=\"og:image:type\" content=\"image\/jpeg\" \/>\n<meta name=\"twitter:card\" content=\"summary_large_image\" \/>\n<script type=\"application\/ld+json\" class=\"yoast-schema-graph\">{\"@context\":\"https:\/\/schema.org\",\"@graph\":[{\"@type\":\"WebPage\",\"@id\":\"https:\/\/dev.eliassen.nl\/de\/weihnachtsdekorationsblocke-122cm\/\",\"url\":\"https:\/\/dev.eliassen.nl\/de\/weihnachtsdekorationsblocke-122cm\/\",\"name\":\"Weihnachtsdekorationsbl\u00f6cke 122cm\",\"isPartOf\":{\"@id\":\"https:\/\/dev.eliassen.nl\/de\/#website\"},\"primaryImageOfPage\":{\"@id\":\"https:\/\/dev.eliassen.nl\/de\/weihnachtsdekorationsblocke-122cm\/#primaryimage\"},\"image\":{\"@id\":\"https:\/\/dev.eliassen.nl\/de\/weihnachtsdekorationsblocke-122cm\/#primaryimage\"},\"thumbnailUrl\":\"https:\/\/dev.eliassen.nl\/wp-content\/uploads\/2024\/11\/kerstdecoratieblokkeneliassennl.jpg\",\"datePublished\":\"2024-10-26T09:52:50+00:00\",\"dateModified\":\"2024-12-05T16:41:59+00:00\",\"description\":\"Weihnachtsdekoration f\u00fcr Ihren Schrank oder Ihre Fensterbank. Auch live bei uns zu sehen!!\",\"breadcrumb\":{\"@id\":\"https:\/\/dev.eliassen.nl\/de\/weihnachtsdekorationsblocke-122cm\/#breadcrumb\"},\"inLanguage\":\"de\",\"potentialAction\":[{\"@type\":\"ReadAction\",\"target\":[\"https:\/\/dev.eliassen.nl\/de\/weihnachtsdekorationsblocke-122cm\/\"]}]},{\"@type\":\"ImageObject\",\"inLanguage\":\"de\",\"@id\":\"https:\/\/dev.eliassen.nl\/de\/weihnachtsdekorationsblocke-122cm\/#primaryimage\",\"url\":\"https:\/\/dev.eliassen.nl\/wp-content\/uploads\/2024\/11\/kerstdecoratieblokkeneliassennl.jpg\",\"contentUrl\":\"https:\/\/dev.eliassen.nl\/wp-content\/uploads\/2024\/11\/kerstdecoratieblokkeneliassennl.jpg\",\"width\":2047,\"height\":609,\"caption\":\"Kerst decoratie blokken Eliassen.nl\"},{\"@type\":\"BreadcrumbList\",\"@id\":\"https:\/\/dev.eliassen.nl\/de\/weihnachtsdekorationsblocke-122cm\/#breadcrumb\",\"itemListElement\":[{\"@type\":\"ListItem\",\"position\":1,\"name\":\"Home\",\"item\":\"https:\/\/dev.eliassen.nl\/de\/\"},{\"@type\":\"ListItem\",\"position\":2,\"name\":\"Shop\",\"item\":\"https:\/\/dev.eliassen.nl\/nl\/winkel\/\"},{\"@type\":\"ListItem\",\"position\":3,\"name\":\"Dekoration aus Metall\",\"item\":\"https:\/\/dev.eliassen.nl\/de\/dekoration-aus-metall\/\"},{\"@type\":\"ListItem\",\"position\":4,\"name\":\"Miniaturfahrzeuge aus Metall\",\"item\":\"https:\/\/dev.eliassen.nl\/de\/dekoration-aus-metall\/miniaturfahrzeuge-aus-metall\/\"},{\"@type\":\"ListItem\",\"position\":5,\"name\":\"Weihnachtsdekorationsbl\u00f6cke 122cm\"}]},{\"@type\":\"WebSite\",\"@id\":\"https:\/\/dev.eliassen.nl\/de\/#website\",\"url\":\"https:\/\/dev.eliassen.nl\/de\/\",\"name\":\"Eliassen Home & Garden Pleasure\",\"description\":\"\",\"publisher\":{\"@id\":\"https:\/\/dev.eliassen.nl\/de\/#organization\"},\"alternateName\":\"Eliassen.nl\",\"potentialAction\":[{\"@type\":\"SearchAction\",\"target\":{\"@type\":\"EntryPoint\",\"urlTemplate\":\"https:\/\/dev.eliassen.nl\/de\/?s={search_term_string}\"},\"query-input\":{\"@type\":\"PropertyValueSpecification\",\"valueRequired\":true,\"valueName\":\"search_term_string\"}}],\"inLanguage\":\"de\"},{\"@type\":\"Organization\",\"@id\":\"https:\/\/dev.eliassen.nl\/de\/#organization\",\"name\":\"Eliassen Home & Garden Pleasure\",\"url\":\"https:\/\/dev.eliassen.nl\/de\/\",\"logo\":{\"@type\":\"ImageObject\",\"inLanguage\":\"de\",\"@id\":\"https:\/\/dev.eliassen.nl\/de\/#\/schema\/logo\/image\/\",\"url\":\"https:\/\/www.eliassen.nl\/wp-content\/uploads\/2024\/01\/logo_4nd.jpg\",\"contentUrl\":\"https:\/\/www.eliassen.nl\/wp-content\/uploads\/2024\/01\/logo_4nd.jpg\",\"width\":500,\"height\":500,\"caption\":\"Eliassen Home & Garden Pleasure\"},\"image\":{\"@id\":\"https:\/\/dev.eliassen.nl\/de\/#\/schema\/logo\/image\/\"},\"sameAs\":[\"https:\/\/www.facebook.com\/TuincentrumEliassenAmmerzoden\",\"https:\/\/www.instagram.com\/eliassenhomeandgarden\/\",\"https:\/\/nl.pinterest.com\/eliassenhomeandgarden\/\",\"https:\/\/www.youtube.com\/@eliassenhomegardenpleasure4558\"]}]}<\/script>\n<!-- \/ Yoast SEO plugin. -->","yoast_head_json":{"title":"Weihnachtsdekorationsbl\u00f6cke 122cm","description":"Weihnachtsdekoration f\u00fcr Ihren Schrank oder Ihre Fensterbank. Auch live bei uns zu sehen!!","robots":{"index":"noindex","follow":"follow","max-snippet":"max-snippet:-1","max-image-preview":"max-image-preview:large","max-video-preview":"max-video-preview:-1"},"og_locale":"de_DE","og_type":"article","og_title":"Weihnachtsdekorationsbl\u00f6cke 122cm","og_description":"Weihnachtsdekoration f\u00fcr Ihren Schrank oder Ihre Fensterbank. Auch live bei uns zu sehen!!","og_url":"https:\/\/dev.eliassen.nl\/de\/weihnachtsdekorationsblocke-122cm\/","og_site_name":"Eliassen.nl","article_publisher":"https:\/\/www.facebook.com\/TuincentrumEliassenAmmerzoden","article_modified_time":"2024-12-05T16:41:59+00:00","og_image":[{"width":2047,"height":609,"url":"https:\/\/dev.eliassen.nl\/wp-content\/uploads\/2024\/11\/kerstdecoratieblokkeneliassennl.jpg","type":"image\/jpeg"}],"twitter_card":"summary_large_image","schema":{"@context":"https:\/\/schema.org","@graph":[{"@type":"WebPage","@id":"https:\/\/dev.eliassen.nl\/de\/weihnachtsdekorationsblocke-122cm\/","url":"https:\/\/dev.eliassen.nl\/de\/weihnachtsdekorationsblocke-122cm\/","name":"Weihnachtsdekorationsbl\u00f6cke 122cm","isPartOf":{"@id":"https:\/\/dev.eliassen.nl\/de\/#website"},"primaryImageOfPage":{"@id":"https:\/\/dev.eliassen.nl\/de\/weihnachtsdekorationsblocke-122cm\/#primaryimage"},"image":{"@id":"https:\/\/dev.eliassen.nl\/de\/weihnachtsdekorationsblocke-122cm\/#primaryimage"},"thumbnailUrl":"https:\/\/dev.eliassen.nl\/wp-content\/uploads\/2024\/11\/kerstdecoratieblokkeneliassennl.jpg","datePublished":"2024-10-26T09:52:50+00:00","dateModified":"2024-12-05T16:41:59+00:00","description":"Weihnachtsdekoration f\u00fcr Ihren Schrank oder Ihre Fensterbank. Auch live bei uns zu sehen!!","breadcrumb":{"@id":"https:\/\/dev.eliassen.nl\/de\/weihnachtsdekorationsblocke-122cm\/#breadcrumb"},"inLanguage":"de","potentialAction":[{"@type":"ReadAction","target":["https:\/\/dev.eliassen.nl\/de\/weihnachtsdekorationsblocke-122cm\/"]}]},{"@type":"ImageObject","inLanguage":"de","@id":"https:\/\/dev.eliassen.nl\/de\/weihnachtsdekorationsblocke-122cm\/#primaryimage","url":"https:\/\/dev.eliassen.nl\/wp-content\/uploads\/2024\/11\/kerstdecoratieblokkeneliassennl.jpg","contentUrl":"https:\/\/dev.eliassen.nl\/wp-content\/uploads\/2024\/11\/kerstdecoratieblokkeneliassennl.jpg","width":2047,"height":609,"caption":"Kerst decoratie blokken Eliassen.nl"},{"@type":"BreadcrumbList","@id":"https:\/\/dev.eliassen.nl\/de\/weihnachtsdekorationsblocke-122cm\/#breadcrumb","itemListElement":[{"@type":"ListItem","position":1,"name":"Home","item":"https:\/\/dev.eliassen.nl\/de\/"},{"@type":"ListItem","position":2,"name":"Shop","item":"https:\/\/dev.eliassen.nl\/nl\/winkel\/"},{"@type":"ListItem","position":3,"name":"Dekoration aus Metall","item":"https:\/\/dev.eliassen.nl\/de\/dekoration-aus-metall\/"},{"@type":"ListItem","position":4,"name":"Miniaturfahrzeuge aus Metall","item":"https:\/\/dev.eliassen.nl\/de\/dekoration-aus-metall\/miniaturfahrzeuge-aus-metall\/"},{"@type":"ListItem","position":5,"name":"Weihnachtsdekorationsbl\u00f6cke 122cm"}]},{"@type":"WebSite","@id":"https:\/\/dev.eliassen.nl\/de\/#website","url":"https:\/\/dev.eliassen.nl\/de\/","name":"Eliassen Home & Garden Pleasure","description":"","publisher":{"@id":"https:\/\/dev.eliassen.nl\/de\/#organization"},"alternateName":"Eliassen.nl","potentialAction":[{"@type":"SearchAction","target":{"@type":"EntryPoint","urlTemplate":"https:\/\/dev.eliassen.nl\/de\/?s={search_term_string}"},"query-input":{"@type":"PropertyValueSpecification","valueRequired":true,"valueName":"search_term_string"}}],"inLanguage":"de"},{"@type":"Organization","@id":"https:\/\/dev.eliassen.nl\/de\/#organization","name":"Eliassen Home & Garden Pleasure","url":"https:\/\/dev.eliassen.nl\/de\/","logo":{"@type":"ImageObject","inLanguage":"de","@id":"https:\/\/dev.eliassen.nl\/de\/#\/schema\/logo\/image\/","url":"https:\/\/www.eliassen.nl\/wp-content\/uploads\/2024\/01\/logo_4nd.jpg","contentUrl":"https:\/\/www.eliassen.nl\/wp-content\/uploads\/2024\/01\/logo_4nd.jpg","width":500,"height":500,"caption":"Eliassen Home & Garden Pleasure"},"image":{"@id":"https:\/\/dev.eliassen.nl\/de\/#\/schema\/logo\/image\/"},"sameAs":["https:\/\/www.facebook.com\/TuincentrumEliassenAmmerzoden","https:\/\/www.instagram.com\/eliassenhomeandgarden\/","https:\/\/nl.pinterest.com\/eliassenhomeandgarden\/","https:\/\/www.youtube.com\/@eliassenhomegardenpleasure4558"]}]}},"df_price":64.5,"df_sale_price":"","df_regular_price":64.5,"df_image_link":"https:\/\/dev.eliassen.nl\/wp-content\/uploads\/2024\/11\/kerstdecoratieblokkeneliassennl.jpg","image":"https:\/\/dev.eliassen.nl\/wp-content\/uploads\/2024\/11\/kerstdecoratieblokkeneliassennl.jpg","price_search":"<span class=\"woocommerce-Price-amount amount\"><bdi><span class=\"woocommerce-Price-currencySymbol\">&euro;<\/span>&nbsp;64,50<\/bdi><\/span>","category":"Dekoration aus Metall","_links":{"self":[{"href":"https:\/\/dev.eliassen.nl\/de\/wp-json\/wp\/v2\/product\/164914","targetHints":{"allow":["GET"]}}],"collection":[{"href":"https:\/\/dev.eliassen.nl\/de\/wp-json\/wp\/v2\/product"}],"about":[{"href":"https:\/\/dev.eliassen.nl\/de\/wp-json\/wp\/v2\/types\/product"}],"wp:featuredmedia":[{"embeddable":true,"href":"https:\/\/dev.eliassen.nl\/de\/wp-json\/wp\/v2\/media\/164899"}],"wp:attachment":[{"href":"https:\/\/dev.eliassen.nl\/de\/wp-json\/wp\/v2\/media?parent=164914"}],"wp:term":[{"taxonomy":"product_brand","embeddable":true,"href":"https:\/\/dev.eliassen.nl\/de\/wp-json\/wp\/v2\/product_brand?post=164914"},{"taxonomy":"product_cat","embeddable":true,"href":"https:\/\/dev.eliassen.nl\/de\/wp-json\/wp\/v2\/product_cat?post=164914"},{"taxonomy":"product_tag","embeddable":true,"href":"https:\/\/dev.eliassen.nl\/de\/wp-json\/wp\/v2\/product_tag?post=164914"}],"curies":[{"name":"wp","href":"https:\/\/api.w.org\/{rel}","templated":true}]}}