{"id":164965,"date":"2024-10-25T16:03:37","date_gmt":"2024-10-25T14:03:37","guid":{"rendered":"https:\/\/www.eliassen.nl\/?product=kunst-kerstboom-noble-tree-150cm"},"modified":"2024-10-29T13:59:51","modified_gmt":"2024-10-29T13:59:51","slug":"kunstlicher-weihnachtsbaum-schmaler-edelbaum-150cm","status":"publish","type":"product","link":"https:\/\/dev.eliassen.nl\/de\/product\/kunstlicher-weihnachtsbaum-schmaler-edelbaum-150cm\/","title":{"rendered":"K\u00fcnstlicher Weihnachtsbaum schmaler Edelbaum 150cm"},"content":{"rendered":"<p>Kostenloser Versand, dieser sch\u00f6ne schmale k\u00fcnstliche Weihnachtsbaum mit einer H\u00f6he von 180 cm ist aus recyceltem PVC gefertigt und f\u00fcr eine langj\u00e4hrige Nutzung geeignet. Besser f\u00fcr die Umwelt k\u00f6nnte es nicht sein.<\/p>\n<p>Der Baum ist sch\u00f6n voll und hat echte Nadeln. Ausgestattet mit einem stabilen Metallsockel mit 4 Beinen.<\/p>\n<p>Ausklappbares System, also kein Stecksystem. Sie m\u00fcssen nur die Zweige aufklappen. Ein idealer Weihnachtsbaum an Orten, wo wenig Platz ist.<\/p>\n<ul>\n<li>Gr\u00f6\u00dfe: H\u00f6he 150 cm, <strong>Durchmesser 65 cm<\/strong><\/li>\n<li>Material: Recyceltes PVC<\/li>\n<li>Farbe: dunkelgr\u00fcn<\/li>\n<li>Anzahl der Spitzen: 1226<\/li>\n<li>Marke: Everfrost<\/li>\n<li><strong>Der Versand erfolgt kostenfrei, eine Abholung ist daher nicht m\u00f6glich<\/strong><\/li>\n<li>Garantie 5 Jahre bei normalem Gebrauch<\/li>\n<li>Lieferzeit 3-4 Werktage<\/li>\n<\/ul>\n","protected":false},"excerpt":{"rendered":"<p>Wundersch\u00f6ner schmaler k\u00fcnstlicher Weihnachtsbaum f\u00fcr wenig Geld<\/p>\n","protected":false},"featured_media":164956,"template":"","meta":{"_acf_changed":false},"product_brand":[],"product_cat":[7002,7041],"product_tag":[],"class_list":{"0":"post-164965","1":"product","2":"type-product","3":"status-publish","4":"has-post-thumbnail","6":"product_cat-kuenstliche-pflanzen","7":"product_cat-weihnachtsartikel","9":"first","10":"onbackorder","11":"taxable","12":"shipping-taxable","13":"purchasable","14":"product-type-simple"},"acf":[],"yoast_head":"<!-- This site is optimized with the Yoast SEO plugin v23.8 - https:\/\/yoast.com\/wordpress\/plugins\/seo\/ -->\n<title>K\u00fcnstlicher Weihnachtsbaum schmaler Edelbaum 150cm<\/title>\n<meta name=\"description\" content=\"Wundersch\u00f6ner schmaler k\u00fcnstlicher Weihnachtsbaum. Dunkelgr\u00fcn, versandkostenfrei, kann daher nicht bei uns abgeholt werden!!\" \/>\n<meta name=\"robots\" content=\"noindex, follow, max-snippet:-1, max-image-preview:large, max-video-preview:-1\" \/>\n<meta property=\"og:locale\" content=\"de_DE\" \/>\n<meta property=\"og:type\" content=\"article\" \/>\n<meta property=\"og:title\" content=\"K\u00fcnstlicher Weihnachtsbaum schmaler Edelbaum 150cm\" \/>\n<meta property=\"og:description\" content=\"Wundersch\u00f6ner schmaler k\u00fcnstlicher Weihnachtsbaum. Dunkelgr\u00fcn, versandkostenfrei, kann daher nicht bei uns abgeholt werden!!\" \/>\n<meta property=\"og:url\" content=\"https:\/\/dev.eliassen.nl\/de\/product\/kunstlicher-weihnachtsbaum-schmaler-edelbaum-150cm\/\" \/>\n<meta property=\"og:site_name\" content=\"Eliassen.nl\" \/>\n<meta property=\"article:publisher\" content=\"https:\/\/www.facebook.com\/TuincentrumEliassenAmmerzoden\" \/>\n<meta property=\"article:modified_time\" content=\"2024-10-29T13:59:51+00:00\" \/>\n<meta property=\"og:image\" content=\"https:\/\/dev.eliassen.nl\/wp-content\/uploads\/2024\/11\/kunstkerstboomnobletreeeliassennl83115_3nd.jpg\" \/>\n\t<meta property=\"og:image:width\" content=\"1365\" \/>\n\t<meta property=\"og:image:height\" content=\"2048\" \/>\n\t<meta property=\"og:image:type\" content=\"image\/jpeg\" \/>\n<meta name=\"twitter:card\" content=\"summary_large_image\" \/>\n<script type=\"application\/ld+json\" class=\"yoast-schema-graph\">{\"@context\":\"https:\/\/schema.org\",\"@graph\":[{\"@type\":\"WebPage\",\"@id\":\"https:\/\/dev.eliassen.nl\/de\/product\/kunstlicher-weihnachtsbaum-schmaler-edelbaum-150cm\/\",\"url\":\"https:\/\/dev.eliassen.nl\/de\/product\/kunstlicher-weihnachtsbaum-schmaler-edelbaum-150cm\/\",\"name\":\"K\u00fcnstlicher Weihnachtsbaum schmaler Edelbaum 150cm\",\"isPartOf\":{\"@id\":\"https:\/\/dev.eliassen.nl\/de\/#website\"},\"primaryImageOfPage\":{\"@id\":\"https:\/\/dev.eliassen.nl\/de\/product\/kunstlicher-weihnachtsbaum-schmaler-edelbaum-150cm\/#primaryimage\"},\"image\":{\"@id\":\"https:\/\/dev.eliassen.nl\/de\/product\/kunstlicher-weihnachtsbaum-schmaler-edelbaum-150cm\/#primaryimage\"},\"thumbnailUrl\":\"https:\/\/dev.eliassen.nl\/wp-content\/uploads\/2024\/11\/kunstkerstboomnobletreeeliassennl83115_3nd.jpg\",\"datePublished\":\"2024-10-25T14:03:37+00:00\",\"dateModified\":\"2024-10-29T13:59:51+00:00\",\"description\":\"Wundersch\u00f6ner schmaler k\u00fcnstlicher Weihnachtsbaum. Dunkelgr\u00fcn, versandkostenfrei, kann daher nicht bei uns abgeholt werden!!\",\"breadcrumb\":{\"@id\":\"https:\/\/dev.eliassen.nl\/de\/product\/kunstlicher-weihnachtsbaum-schmaler-edelbaum-150cm\/#breadcrumb\"},\"inLanguage\":\"de\",\"potentialAction\":[{\"@type\":\"ReadAction\",\"target\":[\"https:\/\/dev.eliassen.nl\/de\/product\/kunstlicher-weihnachtsbaum-schmaler-edelbaum-150cm\/\"]}]},{\"@type\":\"ImageObject\",\"inLanguage\":\"de\",\"@id\":\"https:\/\/dev.eliassen.nl\/de\/product\/kunstlicher-weihnachtsbaum-schmaler-edelbaum-150cm\/#primaryimage\",\"url\":\"https:\/\/dev.eliassen.nl\/wp-content\/uploads\/2024\/11\/kunstkerstboomnobletreeeliassennl83115_3nd.jpg\",\"contentUrl\":\"https:\/\/dev.eliassen.nl\/wp-content\/uploads\/2024\/11\/kunstkerstboomnobletreeeliassennl83115_3nd.jpg\",\"width\":1365,\"height\":2048,\"caption\":\"Kunst kerstboom Noble tree Eliassen.nl 83115\"},{\"@type\":\"BreadcrumbList\",\"@id\":\"https:\/\/dev.eliassen.nl\/de\/product\/kunstlicher-weihnachtsbaum-schmaler-edelbaum-150cm\/#breadcrumb\",\"itemListElement\":[{\"@type\":\"ListItem\",\"position\":1,\"name\":\"Home\",\"item\":\"https:\/\/dev.eliassen.nl\/de\/\"},{\"@type\":\"ListItem\",\"position\":2,\"name\":\"Shop\",\"item\":\"https:\/\/dev.eliassen.nl\/nl\/winkel\/\"},{\"@type\":\"ListItem\",\"position\":3,\"name\":\"K\u00fcnstliche Pflanzen\",\"item\":\"https:\/\/dev.eliassen.nl\/de\/product-categorie\/kuenstliche-pflanzen\/\"},{\"@type\":\"ListItem\",\"position\":4,\"name\":\"K\u00fcnstlicher Weihnachtsbaum schmaler Edelbaum 150cm\"}]},{\"@type\":\"WebSite\",\"@id\":\"https:\/\/dev.eliassen.nl\/de\/#website\",\"url\":\"https:\/\/dev.eliassen.nl\/de\/\",\"name\":\"Eliassen Home & Garden Pleasure\",\"description\":\"\",\"publisher\":{\"@id\":\"https:\/\/dev.eliassen.nl\/de\/#organization\"},\"alternateName\":\"Eliassen.nl\",\"potentialAction\":[{\"@type\":\"SearchAction\",\"target\":{\"@type\":\"EntryPoint\",\"urlTemplate\":\"https:\/\/dev.eliassen.nl\/de\/?s={search_term_string}\"},\"query-input\":{\"@type\":\"PropertyValueSpecification\",\"valueRequired\":true,\"valueName\":\"search_term_string\"}}],\"inLanguage\":\"de\"},{\"@type\":\"Organization\",\"@id\":\"https:\/\/dev.eliassen.nl\/de\/#organization\",\"name\":\"Eliassen Home & Garden Pleasure\",\"url\":\"https:\/\/dev.eliassen.nl\/de\/\",\"logo\":{\"@type\":\"ImageObject\",\"inLanguage\":\"de\",\"@id\":\"https:\/\/dev.eliassen.nl\/de\/#\/schema\/logo\/image\/\",\"url\":\"https:\/\/www.eliassen.nl\/wp-content\/uploads\/2024\/01\/logo_4nd.jpg\",\"contentUrl\":\"https:\/\/www.eliassen.nl\/wp-content\/uploads\/2024\/01\/logo_4nd.jpg\",\"width\":500,\"height\":500,\"caption\":\"Eliassen Home & Garden Pleasure\"},\"image\":{\"@id\":\"https:\/\/dev.eliassen.nl\/de\/#\/schema\/logo\/image\/\"},\"sameAs\":[\"https:\/\/www.facebook.com\/TuincentrumEliassenAmmerzoden\",\"https:\/\/www.instagram.com\/eliassenhomeandgarden\/\",\"https:\/\/nl.pinterest.com\/eliassenhomeandgarden\/\",\"https:\/\/www.youtube.com\/@eliassenhomegardenpleasure4558\"]}]}<\/script>\n<!-- \/ Yoast SEO plugin. -->","yoast_head_json":{"title":"K\u00fcnstlicher Weihnachtsbaum schmaler Edelbaum 150cm","description":"Wundersch\u00f6ner schmaler k\u00fcnstlicher Weihnachtsbaum. Dunkelgr\u00fcn, versandkostenfrei, kann daher nicht bei uns abgeholt werden!!","robots":{"index":"noindex","follow":"follow","max-snippet":"max-snippet:-1","max-image-preview":"max-image-preview:large","max-video-preview":"max-video-preview:-1"},"og_locale":"de_DE","og_type":"article","og_title":"K\u00fcnstlicher Weihnachtsbaum schmaler Edelbaum 150cm","og_description":"Wundersch\u00f6ner schmaler k\u00fcnstlicher Weihnachtsbaum. Dunkelgr\u00fcn, versandkostenfrei, kann daher nicht bei uns abgeholt werden!!","og_url":"https:\/\/dev.eliassen.nl\/de\/product\/kunstlicher-weihnachtsbaum-schmaler-edelbaum-150cm\/","og_site_name":"Eliassen.nl","article_publisher":"https:\/\/www.facebook.com\/TuincentrumEliassenAmmerzoden","article_modified_time":"2024-10-29T13:59:51+00:00","og_image":[{"width":1365,"height":2048,"url":"https:\/\/dev.eliassen.nl\/wp-content\/uploads\/2024\/11\/kunstkerstboomnobletreeeliassennl83115_3nd.jpg","type":"image\/jpeg"}],"twitter_card":"summary_large_image","schema":{"@context":"https:\/\/schema.org","@graph":[{"@type":"WebPage","@id":"https:\/\/dev.eliassen.nl\/de\/product\/kunstlicher-weihnachtsbaum-schmaler-edelbaum-150cm\/","url":"https:\/\/dev.eliassen.nl\/de\/product\/kunstlicher-weihnachtsbaum-schmaler-edelbaum-150cm\/","name":"K\u00fcnstlicher Weihnachtsbaum schmaler Edelbaum 150cm","isPartOf":{"@id":"https:\/\/dev.eliassen.nl\/de\/#website"},"primaryImageOfPage":{"@id":"https:\/\/dev.eliassen.nl\/de\/product\/kunstlicher-weihnachtsbaum-schmaler-edelbaum-150cm\/#primaryimage"},"image":{"@id":"https:\/\/dev.eliassen.nl\/de\/product\/kunstlicher-weihnachtsbaum-schmaler-edelbaum-150cm\/#primaryimage"},"thumbnailUrl":"https:\/\/dev.eliassen.nl\/wp-content\/uploads\/2024\/11\/kunstkerstboomnobletreeeliassennl83115_3nd.jpg","datePublished":"2024-10-25T14:03:37+00:00","dateModified":"2024-10-29T13:59:51+00:00","description":"Wundersch\u00f6ner schmaler k\u00fcnstlicher Weihnachtsbaum. Dunkelgr\u00fcn, versandkostenfrei, kann daher nicht bei uns abgeholt werden!!","breadcrumb":{"@id":"https:\/\/dev.eliassen.nl\/de\/product\/kunstlicher-weihnachtsbaum-schmaler-edelbaum-150cm\/#breadcrumb"},"inLanguage":"de","potentialAction":[{"@type":"ReadAction","target":["https:\/\/dev.eliassen.nl\/de\/product\/kunstlicher-weihnachtsbaum-schmaler-edelbaum-150cm\/"]}]},{"@type":"ImageObject","inLanguage":"de","@id":"https:\/\/dev.eliassen.nl\/de\/product\/kunstlicher-weihnachtsbaum-schmaler-edelbaum-150cm\/#primaryimage","url":"https:\/\/dev.eliassen.nl\/wp-content\/uploads\/2024\/11\/kunstkerstboomnobletreeeliassennl83115_3nd.jpg","contentUrl":"https:\/\/dev.eliassen.nl\/wp-content\/uploads\/2024\/11\/kunstkerstboomnobletreeeliassennl83115_3nd.jpg","width":1365,"height":2048,"caption":"Kunst kerstboom Noble tree Eliassen.nl 83115"},{"@type":"BreadcrumbList","@id":"https:\/\/dev.eliassen.nl\/de\/product\/kunstlicher-weihnachtsbaum-schmaler-edelbaum-150cm\/#breadcrumb","itemListElement":[{"@type":"ListItem","position":1,"name":"Home","item":"https:\/\/dev.eliassen.nl\/de\/"},{"@type":"ListItem","position":2,"name":"Shop","item":"https:\/\/dev.eliassen.nl\/nl\/winkel\/"},{"@type":"ListItem","position":3,"name":"K\u00fcnstliche Pflanzen","item":"https:\/\/dev.eliassen.nl\/de\/product-categorie\/kuenstliche-pflanzen\/"},{"@type":"ListItem","position":4,"name":"K\u00fcnstlicher Weihnachtsbaum schmaler Edelbaum 150cm"}]},{"@type":"WebSite","@id":"https:\/\/dev.eliassen.nl\/de\/#website","url":"https:\/\/dev.eliassen.nl\/de\/","name":"Eliassen Home & Garden Pleasure","description":"","publisher":{"@id":"https:\/\/dev.eliassen.nl\/de\/#organization"},"alternateName":"Eliassen.nl","potentialAction":[{"@type":"SearchAction","target":{"@type":"EntryPoint","urlTemplate":"https:\/\/dev.eliassen.nl\/de\/?s={search_term_string}"},"query-input":{"@type":"PropertyValueSpecification","valueRequired":true,"valueName":"search_term_string"}}],"inLanguage":"de"},{"@type":"Organization","@id":"https:\/\/dev.eliassen.nl\/de\/#organization","name":"Eliassen Home & Garden Pleasure","url":"https:\/\/dev.eliassen.nl\/de\/","logo":{"@type":"ImageObject","inLanguage":"de","@id":"https:\/\/dev.eliassen.nl\/de\/#\/schema\/logo\/image\/","url":"https:\/\/www.eliassen.nl\/wp-content\/uploads\/2024\/01\/logo_4nd.jpg","contentUrl":"https:\/\/www.eliassen.nl\/wp-content\/uploads\/2024\/01\/logo_4nd.jpg","width":500,"height":500,"caption":"Eliassen Home & Garden Pleasure"},"image":{"@id":"https:\/\/dev.eliassen.nl\/de\/#\/schema\/logo\/image\/"},"sameAs":["https:\/\/www.facebook.com\/TuincentrumEliassenAmmerzoden","https:\/\/www.instagram.com\/eliassenhomeandgarden\/","https:\/\/nl.pinterest.com\/eliassenhomeandgarden\/","https:\/\/www.youtube.com\/@eliassenhomegardenpleasure4558"]}]}},"df_price":89,"df_sale_price":"","df_regular_price":89,"df_image_link":"https:\/\/dev.eliassen.nl\/wp-content\/uploads\/2024\/11\/kunstkerstboomnobletreeeliassennl83115_3nd.jpg","image":"https:\/\/dev.eliassen.nl\/wp-content\/uploads\/2024\/11\/kunstkerstboomnobletreeeliassennl83115_3nd.jpg","price_search":"<span class=\"woocommerce-Price-amount amount\"><bdi><span class=\"woocommerce-Price-currencySymbol\">&euro;<\/span>&nbsp;89,00<\/bdi><\/span>","category":"K\u00fcnstliche Pflanzen","_links":{"self":[{"href":"https:\/\/dev.eliassen.nl\/de\/wp-json\/wp\/v2\/product\/164965","targetHints":{"allow":["GET"]}}],"collection":[{"href":"https:\/\/dev.eliassen.nl\/de\/wp-json\/wp\/v2\/product"}],"about":[{"href":"https:\/\/dev.eliassen.nl\/de\/wp-json\/wp\/v2\/types\/product"}],"wp:featuredmedia":[{"embeddable":true,"href":"https:\/\/dev.eliassen.nl\/de\/wp-json\/wp\/v2\/media\/164956"}],"wp:attachment":[{"href":"https:\/\/dev.eliassen.nl\/de\/wp-json\/wp\/v2\/media?parent=164965"}],"wp:term":[{"taxonomy":"product_brand","embeddable":true,"href":"https:\/\/dev.eliassen.nl\/de\/wp-json\/wp\/v2\/product_brand?post=164965"},{"taxonomy":"product_cat","embeddable":true,"href":"https:\/\/dev.eliassen.nl\/de\/wp-json\/wp\/v2\/product_cat?post=164965"},{"taxonomy":"product_tag","embeddable":true,"href":"https:\/\/dev.eliassen.nl\/de\/wp-json\/wp\/v2\/product_tag?post=164965"}],"curies":[{"name":"wp","href":"https:\/\/api.w.org\/{rel}","templated":true}]}}