{"id":165061,"date":"2024-10-19T12:29:03","date_gmt":"2024-10-19T10:29:03","guid":{"rendered":"https:\/\/www.eliassen.nl\/?product=glasschilderij-mario-luis-vuitton-60x80cm"},"modified":"2024-12-05T17:42:11","modified_gmt":"2024-12-05T16:42:11","slug":"glasgemalde-mario-luis-vuitton-60x80cm","status":"publish","type":"product","link":"https:\/\/dev.eliassen.nl\/de\/glasgemalde-mario-luis-vuitton-60x80cm\/","title":{"rendered":"Glasgem\u00e4lde Mario Luis Vuitton 60x80cm"},"content":{"rendered":"<p>Ein wundersch\u00f6nes, modernes Glasgem\u00e4lde in der Gr\u00f6\u00dfe 60x80cm ist eine sch\u00f6ne Wanddekoration f\u00fcr Wohnzimmer, K\u00fcche oder B\u00fcro. Dieses Glasgem\u00e4lde mit dem Bild von Mario aus dem bekannten Computerspiel ist ein gestochen scharfes, alt aussehendes Bild, das als Wandkunst in einem modernen, lustigen Interieur gro\u00dfartig aussieht.<\/p>\n<p>Dieses Glasgem\u00e4lde verleiht als Wanddekoration einen sch\u00f6nen Glanz, da das Foto auf der R\u00fcckseite auf das 4 mm dicke Glas eingebrannt ist. Dieses moderne Glasgem\u00e4lde zeichnet sich au\u00dferdem dadurch aus, dass es Goldfolie enth\u00e4lt, was diesem Glasgem\u00e4lde wundersch\u00f6ne Glanzeffekte verleiht.<\/p>\n<p><strong>Wir haben fast die gesamte auf unserer Website aufgef\u00fchrte Gem\u00e4ldesammlung in unserem Gesch\u00e4ft, was in den Niederlanden einzigartig ist!<\/strong><\/p>\n<ul>\n<li>Gr\u00f6\u00dfe 60x80cm<\/li>\n<li>Schnell geliefert<\/li>\n<li>Praktisch unzerbrechlich<\/li>\n<li>Super scharfes Bild<\/li>\n<li>4 mm dickes geh\u00e4rtetes Glas<\/li>\n<li>Nahezu unempfindlich gegen\u00fcber Kratzern<\/li>\n<li>Einfaches Aufh\u00e4ngen mit 2 Haken<\/li>\n<\/ul>\n","protected":false},"excerpt":{"rendered":"<p>Ein Gem\u00e4lde des schnellen Mario<\/p>\n","protected":false},"featured_media":165058,"template":"","meta":{"_acf_changed":false},"product_brand":[],"product_cat":[410,998,443],"product_tag":[],"class_list":{"0":"post-165061","1":"product","2":"type-product","3":"status-publish","4":"has-post-thumbnail","6":"product_cat-gemaelde","7":"product_cat-glasmalerei-im-format-60x80cm","8":"product_cat-glasmalereien","10":"first","11":"outofstock","12":"taxable","13":"shipping-taxable","14":"purchasable","15":"product-type-simple"},"acf":[],"yoast_head":"<!-- This site is optimized with the Yoast SEO plugin v23.8 - https:\/\/yoast.com\/wordpress\/plugins\/seo\/ -->\n<title>Glasgem\u00e4lde Mario Luis Vuitton 60x80cm<\/title>\n<meta name=\"description\" content=\"Glasmalereien; Kommen Sie gerne vorbei und sehen Sie sich unsere riesige Sammlung live an. Der Kaffee ist fertig!!\" \/>\n<meta name=\"robots\" content=\"noindex, follow, max-snippet:-1, max-image-preview:large, max-video-preview:-1\" \/>\n<meta property=\"og:locale\" content=\"de_DE\" \/>\n<meta property=\"og:type\" content=\"article\" \/>\n<meta property=\"og:title\" content=\"Glasgem\u00e4lde Mario Luis Vuitton 60x80cm\" \/>\n<meta property=\"og:description\" content=\"Glasmalereien; Kommen Sie gerne vorbei und sehen Sie sich unsere riesige Sammlung live an. Der Kaffee ist fertig!!\" \/>\n<meta property=\"og:url\" content=\"https:\/\/dev.eliassen.nl\/de\/glasgemalde-mario-luis-vuitton-60x80cm\/\" \/>\n<meta property=\"og:site_name\" content=\"Eliassen.nl\" \/>\n<meta property=\"article:publisher\" content=\"https:\/\/www.facebook.com\/TuincentrumEliassenAmmerzoden\" \/>\n<meta property=\"article:modified_time\" content=\"2024-12-05T16:42:11+00:00\" \/>\n<meta property=\"og:image\" content=\"https:\/\/dev.eliassen.nl\/wp-content\/uploads\/2024\/11\/glasschilderijmarioeliassennlglas060080bs034.jpg\" \/>\n\t<meta property=\"og:image:width\" content=\"1172\" \/>\n\t<meta property=\"og:image:height\" content=\"1570\" \/>\n\t<meta property=\"og:image:type\" content=\"image\/jpeg\" \/>\n<meta name=\"twitter:card\" content=\"summary_large_image\" \/>\n<script type=\"application\/ld+json\" class=\"yoast-schema-graph\">{\"@context\":\"https:\/\/schema.org\",\"@graph\":[{\"@type\":\"WebPage\",\"@id\":\"https:\/\/dev.eliassen.nl\/de\/glasgemalde-mario-luis-vuitton-60x80cm\/\",\"url\":\"https:\/\/dev.eliassen.nl\/de\/glasgemalde-mario-luis-vuitton-60x80cm\/\",\"name\":\"Glasgem\u00e4lde Mario Luis Vuitton 60x80cm\",\"isPartOf\":{\"@id\":\"https:\/\/dev.eliassen.nl\/de\/#website\"},\"primaryImageOfPage\":{\"@id\":\"https:\/\/dev.eliassen.nl\/de\/glasgemalde-mario-luis-vuitton-60x80cm\/#primaryimage\"},\"image\":{\"@id\":\"https:\/\/dev.eliassen.nl\/de\/glasgemalde-mario-luis-vuitton-60x80cm\/#primaryimage\"},\"thumbnailUrl\":\"https:\/\/dev.eliassen.nl\/wp-content\/uploads\/2024\/11\/glasschilderijmarioeliassennlglas060080bs034.jpg\",\"datePublished\":\"2024-10-19T10:29:03+00:00\",\"dateModified\":\"2024-12-05T16:42:11+00:00\",\"description\":\"Glasmalereien; Kommen Sie gerne vorbei und sehen Sie sich unsere riesige Sammlung live an. Der Kaffee ist fertig!!\",\"breadcrumb\":{\"@id\":\"https:\/\/dev.eliassen.nl\/de\/glasgemalde-mario-luis-vuitton-60x80cm\/#breadcrumb\"},\"inLanguage\":\"de\",\"potentialAction\":[{\"@type\":\"ReadAction\",\"target\":[\"https:\/\/dev.eliassen.nl\/de\/glasgemalde-mario-luis-vuitton-60x80cm\/\"]}]},{\"@type\":\"ImageObject\",\"inLanguage\":\"de\",\"@id\":\"https:\/\/dev.eliassen.nl\/de\/glasgemalde-mario-luis-vuitton-60x80cm\/#primaryimage\",\"url\":\"https:\/\/dev.eliassen.nl\/wp-content\/uploads\/2024\/11\/glasschilderijmarioeliassennlglas060080bs034.jpg\",\"contentUrl\":\"https:\/\/dev.eliassen.nl\/wp-content\/uploads\/2024\/11\/glasschilderijmarioeliassennlglas060080bs034.jpg\",\"width\":1172,\"height\":1570,\"caption\":\"Glasschilderij Mario Eliassen.nl glas060080bs-034\"},{\"@type\":\"BreadcrumbList\",\"@id\":\"https:\/\/dev.eliassen.nl\/de\/glasgemalde-mario-luis-vuitton-60x80cm\/#breadcrumb\",\"itemListElement\":[{\"@type\":\"ListItem\",\"position\":1,\"name\":\"Home\",\"item\":\"https:\/\/dev.eliassen.nl\/de\/\"},{\"@type\":\"ListItem\",\"position\":2,\"name\":\"Shop\",\"item\":\"https:\/\/dev.eliassen.nl\/nl\/winkel\/\"},{\"@type\":\"ListItem\",\"position\":3,\"name\":\"Glasmalereien\",\"item\":\"https:\/\/dev.eliassen.nl\/de\/gemaelde\/glasmalereien\/\"},{\"@type\":\"ListItem\",\"position\":4,\"name\":\"Glasmalerei im Format 60x80cm\",\"item\":\"https:\/\/dev.eliassen.nl\/de\/gemaelde\/glasmalereien\/glasmalerei-im-format-60x80cm\/\"},{\"@type\":\"ListItem\",\"position\":5,\"name\":\"Glasgem\u00e4lde Mario Luis Vuitton 60x80cm\"}]},{\"@type\":\"WebSite\",\"@id\":\"https:\/\/dev.eliassen.nl\/de\/#website\",\"url\":\"https:\/\/dev.eliassen.nl\/de\/\",\"name\":\"Eliassen Home & Garden Pleasure\",\"description\":\"\",\"publisher\":{\"@id\":\"https:\/\/dev.eliassen.nl\/de\/#organization\"},\"alternateName\":\"Eliassen.nl\",\"potentialAction\":[{\"@type\":\"SearchAction\",\"target\":{\"@type\":\"EntryPoint\",\"urlTemplate\":\"https:\/\/dev.eliassen.nl\/de\/?s={search_term_string}\"},\"query-input\":{\"@type\":\"PropertyValueSpecification\",\"valueRequired\":true,\"valueName\":\"search_term_string\"}}],\"inLanguage\":\"de\"},{\"@type\":\"Organization\",\"@id\":\"https:\/\/dev.eliassen.nl\/de\/#organization\",\"name\":\"Eliassen Home & Garden Pleasure\",\"url\":\"https:\/\/dev.eliassen.nl\/de\/\",\"logo\":{\"@type\":\"ImageObject\",\"inLanguage\":\"de\",\"@id\":\"https:\/\/dev.eliassen.nl\/de\/#\/schema\/logo\/image\/\",\"url\":\"https:\/\/www.eliassen.nl\/wp-content\/uploads\/2024\/01\/logo_4nd.jpg\",\"contentUrl\":\"https:\/\/www.eliassen.nl\/wp-content\/uploads\/2024\/01\/logo_4nd.jpg\",\"width\":500,\"height\":500,\"caption\":\"Eliassen Home & Garden Pleasure\"},\"image\":{\"@id\":\"https:\/\/dev.eliassen.nl\/de\/#\/schema\/logo\/image\/\"},\"sameAs\":[\"https:\/\/www.facebook.com\/TuincentrumEliassenAmmerzoden\",\"https:\/\/www.instagram.com\/eliassenhomeandgarden\/\",\"https:\/\/nl.pinterest.com\/eliassenhomeandgarden\/\",\"https:\/\/www.youtube.com\/@eliassenhomegardenpleasure4558\"]}]}<\/script>\n<!-- \/ Yoast SEO plugin. -->","yoast_head_json":{"title":"Glasgem\u00e4lde Mario Luis Vuitton 60x80cm","description":"Glasmalereien; Kommen Sie gerne vorbei und sehen Sie sich unsere riesige Sammlung live an. Der Kaffee ist fertig!!","robots":{"index":"noindex","follow":"follow","max-snippet":"max-snippet:-1","max-image-preview":"max-image-preview:large","max-video-preview":"max-video-preview:-1"},"og_locale":"de_DE","og_type":"article","og_title":"Glasgem\u00e4lde Mario Luis Vuitton 60x80cm","og_description":"Glasmalereien; Kommen Sie gerne vorbei und sehen Sie sich unsere riesige Sammlung live an. Der Kaffee ist fertig!!","og_url":"https:\/\/dev.eliassen.nl\/de\/glasgemalde-mario-luis-vuitton-60x80cm\/","og_site_name":"Eliassen.nl","article_publisher":"https:\/\/www.facebook.com\/TuincentrumEliassenAmmerzoden","article_modified_time":"2024-12-05T16:42:11+00:00","og_image":[{"width":1172,"height":1570,"url":"https:\/\/dev.eliassen.nl\/wp-content\/uploads\/2024\/11\/glasschilderijmarioeliassennlglas060080bs034.jpg","type":"image\/jpeg"}],"twitter_card":"summary_large_image","schema":{"@context":"https:\/\/schema.org","@graph":[{"@type":"WebPage","@id":"https:\/\/dev.eliassen.nl\/de\/glasgemalde-mario-luis-vuitton-60x80cm\/","url":"https:\/\/dev.eliassen.nl\/de\/glasgemalde-mario-luis-vuitton-60x80cm\/","name":"Glasgem\u00e4lde Mario Luis Vuitton 60x80cm","isPartOf":{"@id":"https:\/\/dev.eliassen.nl\/de\/#website"},"primaryImageOfPage":{"@id":"https:\/\/dev.eliassen.nl\/de\/glasgemalde-mario-luis-vuitton-60x80cm\/#primaryimage"},"image":{"@id":"https:\/\/dev.eliassen.nl\/de\/glasgemalde-mario-luis-vuitton-60x80cm\/#primaryimage"},"thumbnailUrl":"https:\/\/dev.eliassen.nl\/wp-content\/uploads\/2024\/11\/glasschilderijmarioeliassennlglas060080bs034.jpg","datePublished":"2024-10-19T10:29:03+00:00","dateModified":"2024-12-05T16:42:11+00:00","description":"Glasmalereien; Kommen Sie gerne vorbei und sehen Sie sich unsere riesige Sammlung live an. Der Kaffee ist fertig!!","breadcrumb":{"@id":"https:\/\/dev.eliassen.nl\/de\/glasgemalde-mario-luis-vuitton-60x80cm\/#breadcrumb"},"inLanguage":"de","potentialAction":[{"@type":"ReadAction","target":["https:\/\/dev.eliassen.nl\/de\/glasgemalde-mario-luis-vuitton-60x80cm\/"]}]},{"@type":"ImageObject","inLanguage":"de","@id":"https:\/\/dev.eliassen.nl\/de\/glasgemalde-mario-luis-vuitton-60x80cm\/#primaryimage","url":"https:\/\/dev.eliassen.nl\/wp-content\/uploads\/2024\/11\/glasschilderijmarioeliassennlglas060080bs034.jpg","contentUrl":"https:\/\/dev.eliassen.nl\/wp-content\/uploads\/2024\/11\/glasschilderijmarioeliassennlglas060080bs034.jpg","width":1172,"height":1570,"caption":"Glasschilderij Mario Eliassen.nl glas060080bs-034"},{"@type":"BreadcrumbList","@id":"https:\/\/dev.eliassen.nl\/de\/glasgemalde-mario-luis-vuitton-60x80cm\/#breadcrumb","itemListElement":[{"@type":"ListItem","position":1,"name":"Home","item":"https:\/\/dev.eliassen.nl\/de\/"},{"@type":"ListItem","position":2,"name":"Shop","item":"https:\/\/dev.eliassen.nl\/nl\/winkel\/"},{"@type":"ListItem","position":3,"name":"Glasmalereien","item":"https:\/\/dev.eliassen.nl\/de\/gemaelde\/glasmalereien\/"},{"@type":"ListItem","position":4,"name":"Glasmalerei im Format 60x80cm","item":"https:\/\/dev.eliassen.nl\/de\/gemaelde\/glasmalereien\/glasmalerei-im-format-60x80cm\/"},{"@type":"ListItem","position":5,"name":"Glasgem\u00e4lde Mario Luis Vuitton 60x80cm"}]},{"@type":"WebSite","@id":"https:\/\/dev.eliassen.nl\/de\/#website","url":"https:\/\/dev.eliassen.nl\/de\/","name":"Eliassen Home & Garden Pleasure","description":"","publisher":{"@id":"https:\/\/dev.eliassen.nl\/de\/#organization"},"alternateName":"Eliassen.nl","potentialAction":[{"@type":"SearchAction","target":{"@type":"EntryPoint","urlTemplate":"https:\/\/dev.eliassen.nl\/de\/?s={search_term_string}"},"query-input":{"@type":"PropertyValueSpecification","valueRequired":true,"valueName":"search_term_string"}}],"inLanguage":"de"},{"@type":"Organization","@id":"https:\/\/dev.eliassen.nl\/de\/#organization","name":"Eliassen Home & Garden Pleasure","url":"https:\/\/dev.eliassen.nl\/de\/","logo":{"@type":"ImageObject","inLanguage":"de","@id":"https:\/\/dev.eliassen.nl\/de\/#\/schema\/logo\/image\/","url":"https:\/\/www.eliassen.nl\/wp-content\/uploads\/2024\/01\/logo_4nd.jpg","contentUrl":"https:\/\/www.eliassen.nl\/wp-content\/uploads\/2024\/01\/logo_4nd.jpg","width":500,"height":500,"caption":"Eliassen Home & Garden Pleasure"},"image":{"@id":"https:\/\/dev.eliassen.nl\/de\/#\/schema\/logo\/image\/"},"sameAs":["https:\/\/www.facebook.com\/TuincentrumEliassenAmmerzoden","https:\/\/www.instagram.com\/eliassenhomeandgarden\/","https:\/\/nl.pinterest.com\/eliassenhomeandgarden\/","https:\/\/www.youtube.com\/@eliassenhomegardenpleasure4558"]}]}},"df_price":119,"df_sale_price":"","df_regular_price":119,"df_image_link":"https:\/\/dev.eliassen.nl\/wp-content\/uploads\/2024\/11\/glasschilderijmarioeliassennlglas060080bs034.jpg","image":"https:\/\/dev.eliassen.nl\/wp-content\/uploads\/2024\/11\/glasschilderijmarioeliassennlglas060080bs034.jpg","price_search":"<span class=\"woocommerce-Price-amount amount\"><bdi><span class=\"woocommerce-Price-currencySymbol\">&euro;<\/span>&nbsp;119,00<\/bdi><\/span>","category":"Gem\u00e4lde","_links":{"self":[{"href":"https:\/\/dev.eliassen.nl\/de\/wp-json\/wp\/v2\/product\/165061","targetHints":{"allow":["GET"]}}],"collection":[{"href":"https:\/\/dev.eliassen.nl\/de\/wp-json\/wp\/v2\/product"}],"about":[{"href":"https:\/\/dev.eliassen.nl\/de\/wp-json\/wp\/v2\/types\/product"}],"wp:featuredmedia":[{"embeddable":true,"href":"https:\/\/dev.eliassen.nl\/de\/wp-json\/wp\/v2\/media\/165058"}],"wp:attachment":[{"href":"https:\/\/dev.eliassen.nl\/de\/wp-json\/wp\/v2\/media?parent=165061"}],"wp:term":[{"taxonomy":"product_brand","embeddable":true,"href":"https:\/\/dev.eliassen.nl\/de\/wp-json\/wp\/v2\/product_brand?post=165061"},{"taxonomy":"product_cat","embeddable":true,"href":"https:\/\/dev.eliassen.nl\/de\/wp-json\/wp\/v2\/product_cat?post=165061"},{"taxonomy":"product_tag","embeddable":true,"href":"https:\/\/dev.eliassen.nl\/de\/wp-json\/wp\/v2\/product_tag?post=165061"}],"curies":[{"name":"wp","href":"https:\/\/api.w.org\/{rel}","templated":true}]}}