{"id":165370,"date":"2024-10-04T10:15:42","date_gmt":"2024-10-04T08:15:42","guid":{"rendered":"https:\/\/www.eliassen.nl\/?product=popart-schilderij-banksy-en-frida-120x60cm"},"modified":"2024-12-05T17:42:53","modified_gmt":"2024-12-05T16:42:53","slug":"pop-art-gemalde-banksy-120x60cm-2","status":"publish","type":"product","link":"https:\/\/dev.eliassen.nl\/de\/pop-art-gemalde-banksy-120x60cm-2\/","title":{"rendered":"Pop-Art-Gem\u00e4lde Banksy 120x60cm"},"content":{"rendered":"<p class=\"x_MsoNormal\" data-olk-copy-source=\"MessageBody\">Suchen Sie ein hypermodernes Leinwandgem\u00e4lde mit vielen leuchtenden Farben? Dann ist dieses Pop-Art-Modellgem\u00e4lde mit einem Banksy-Look, einem sehr ber\u00fchmten Stra\u00dfenk\u00fcnstler, definitiv etwas f\u00fcr Sie. Dieses l\u00e4ngliche Leinwandgem\u00e4lde hat viele auff\u00e4llige Farben und ist in schwarzer Farbe gerahmt und mit viel Liebe zum letzten Schliff mit einer gl\u00e4nzenden Beschichtung versehen.<\/p>\n<p>Dieses Leinwandgem\u00e4lde wurde bei der Herstellung einem sehr modernen Verfahren unterzogen. Die Leinwand ist bedruckt. Das Gem\u00e4lde wird zus\u00e4tzlich mit einer Glanzbeschichtung versehen.<\/p>\n<p class=\"x_MsoNormal\">Wir haben fast die gesamte Kollektion dieser Serie im Gesch\u00e4ft ausgestellt und k\u00f6nnen online bestellt werden, was in den Niederlanden einzigartig ist.<\/p>\n<ul type=\"disc\">\n<li class=\"x_MsoNormal\">Gr\u00f6\u00dfe 120x60cm<\/li>\n<li class=\"x_MsoNormal\">Ausgestattet mit einem schwarzen Backrahmen von 3 cm Dicke und 8 mm Breite vorne<\/li>\n<li class=\"x_MsoNormal\">Robuste Leinwand<\/li>\n<li class=\"x_MsoNormal\">Einfache Aufh\u00e4ngung mit 1 Schraube<\/li>\n<li class=\"x_MsoNormal\">Schnell geliefert<\/li>\n<li class=\"x_MsoNormal\">Gr\u00f6\u00dfte Sammlung in den Benelux-L\u00e4ndern, die auch live besichtigt werden kann.<\/li>\n<li class=\"x_MsoNormal\">1 Jahr Garantie<\/li>\n<li class=\"x_MsoNormal\">Nur zur Verwendung im Innenbereich<\/li>\n<\/ul>\n","protected":false},"excerpt":{"rendered":"<p>Modernes Leinwandgem\u00e4lde mit vielen leuchtenden Farben.<\/p>\n","protected":false},"featured_media":165364,"template":"","meta":{"_acf_changed":false},"product_brand":[6948],"product_cat":[410,476],"product_tag":[],"class_list":{"0":"post-165370","1":"product","2":"type-product","3":"status-publish","4":"has-post-thumbnail","6":"product_brand-homebound-de","7":"product_cat-gemaelde","8":"product_cat-gemaelde-auf-leinwand","10":"first","11":"instock","12":"taxable","13":"shipping-taxable","14":"purchasable","15":"product-type-simple"},"acf":[],"yoast_head":"<!-- This site is optimized with the Yoast SEO plugin v23.8 - https:\/\/yoast.com\/wordpress\/plugins\/seo\/ -->\n<title>Pop-Art-Gem\u00e4lde Banksy und Frida 120x60cm - Eliassen.nl<\/title>\n<meta name=\"description\" content=\"Suchen Sie ein modernes Gem\u00e4lde? Diese modernen Leinwandbilder mit vielen Farben werden Ihnen auf jeden Fall gefallen. Bei uns live zu sehen! Online verf\u00fcgbar.\" \/>\n<meta name=\"robots\" content=\"noindex, follow, max-snippet:-1, max-image-preview:large, max-video-preview:-1\" \/>\n<meta property=\"og:locale\" content=\"de_DE\" \/>\n<meta property=\"og:type\" content=\"article\" \/>\n<meta property=\"og:title\" content=\"Pop-Art-Gem\u00e4lde Banksy und Frida 120x60cm - Eliassen.nl\" \/>\n<meta property=\"og:description\" content=\"Suchen Sie ein modernes Gem\u00e4lde? Diese modernen Leinwandbilder mit vielen Farben werden Ihnen auf jeden Fall gefallen. Bei uns live zu sehen! Online verf\u00fcgbar.\" \/>\n<meta property=\"og:url\" content=\"https:\/\/dev.eliassen.nl\/de\/pop-art-gemalde-banksy-120x60cm-2\/\" \/>\n<meta property=\"og:site_name\" content=\"Eliassen.nl\" \/>\n<meta property=\"article:publisher\" content=\"https:\/\/www.facebook.com\/TuincentrumEliassenAmmerzoden\" \/>\n<meta property=\"article:modified_time\" content=\"2024-12-05T16:42:53+00:00\" \/>\n<meta property=\"og:image\" content=\"https:\/\/dev.eliassen.nl\/wp-content\/uploads\/2024\/11\/popartschilderijfridabanksyeliassennlfk9054.jpg\" \/>\n\t<meta property=\"og:image:width\" content=\"1000\" \/>\n\t<meta property=\"og:image:height\" content=\"500\" \/>\n\t<meta property=\"og:image:type\" content=\"image\/jpeg\" \/>\n<meta name=\"twitter:card\" content=\"summary_large_image\" \/>\n<script type=\"application\/ld+json\" class=\"yoast-schema-graph\">{\"@context\":\"https:\/\/schema.org\",\"@graph\":[{\"@type\":\"WebPage\",\"@id\":\"https:\/\/dev.eliassen.nl\/de\/pop-art-gemalde-banksy-120x60cm-2\/\",\"url\":\"https:\/\/dev.eliassen.nl\/de\/pop-art-gemalde-banksy-120x60cm-2\/\",\"name\":\"Pop-Art-Gem\u00e4lde Banksy und Frida 120x60cm - Eliassen.nl\",\"isPartOf\":{\"@id\":\"https:\/\/dev.eliassen.nl\/de\/#website\"},\"primaryImageOfPage\":{\"@id\":\"https:\/\/dev.eliassen.nl\/de\/pop-art-gemalde-banksy-120x60cm-2\/#primaryimage\"},\"image\":{\"@id\":\"https:\/\/dev.eliassen.nl\/de\/pop-art-gemalde-banksy-120x60cm-2\/#primaryimage\"},\"thumbnailUrl\":\"https:\/\/dev.eliassen.nl\/wp-content\/uploads\/2024\/11\/popartschilderijfridabanksyeliassennlfk9054.jpg\",\"datePublished\":\"2024-10-04T08:15:42+00:00\",\"dateModified\":\"2024-12-05T16:42:53+00:00\",\"description\":\"Suchen Sie ein modernes Gem\u00e4lde? Diese modernen Leinwandbilder mit vielen Farben werden Ihnen auf jeden Fall gefallen. Bei uns live zu sehen! Online verf\u00fcgbar.\",\"breadcrumb\":{\"@id\":\"https:\/\/dev.eliassen.nl\/de\/pop-art-gemalde-banksy-120x60cm-2\/#breadcrumb\"},\"inLanguage\":\"de\",\"potentialAction\":[{\"@type\":\"ReadAction\",\"target\":[\"https:\/\/dev.eliassen.nl\/de\/pop-art-gemalde-banksy-120x60cm-2\/\"]}]},{\"@type\":\"ImageObject\",\"inLanguage\":\"de\",\"@id\":\"https:\/\/dev.eliassen.nl\/de\/pop-art-gemalde-banksy-120x60cm-2\/#primaryimage\",\"url\":\"https:\/\/dev.eliassen.nl\/wp-content\/uploads\/2024\/11\/popartschilderijfridabanksyeliassennlfk9054.jpg\",\"contentUrl\":\"https:\/\/dev.eliassen.nl\/wp-content\/uploads\/2024\/11\/popartschilderijfridabanksyeliassennlfk9054.jpg\",\"width\":1000,\"height\":500,\"caption\":\"Popart schilderij Frida Banksy Eliassen.nl fk9054\"},{\"@type\":\"BreadcrumbList\",\"@id\":\"https:\/\/dev.eliassen.nl\/de\/pop-art-gemalde-banksy-120x60cm-2\/#breadcrumb\",\"itemListElement\":[{\"@type\":\"ListItem\",\"position\":1,\"name\":\"Home\",\"item\":\"https:\/\/dev.eliassen.nl\/de\/\"},{\"@type\":\"ListItem\",\"position\":2,\"name\":\"Shop\",\"item\":\"https:\/\/dev.eliassen.nl\/nl\/winkel\/\"},{\"@type\":\"ListItem\",\"position\":3,\"name\":\"Gem\u00e4lde\",\"item\":\"https:\/\/dev.eliassen.nl\/de\/gemaelde\/\"},{\"@type\":\"ListItem\",\"position\":4,\"name\":\"Gem\u00e4lde auf Leinwand\",\"item\":\"https:\/\/dev.eliassen.nl\/de\/gemaelde\/gemaelde-auf-leinwand\/\"},{\"@type\":\"ListItem\",\"position\":5,\"name\":\"Pop-Art-Gem\u00e4lde Banksy 120x60cm\"}]},{\"@type\":\"WebSite\",\"@id\":\"https:\/\/dev.eliassen.nl\/de\/#website\",\"url\":\"https:\/\/dev.eliassen.nl\/de\/\",\"name\":\"Eliassen Home & Garden Pleasure\",\"description\":\"\",\"publisher\":{\"@id\":\"https:\/\/dev.eliassen.nl\/de\/#organization\"},\"alternateName\":\"Eliassen.nl\",\"potentialAction\":[{\"@type\":\"SearchAction\",\"target\":{\"@type\":\"EntryPoint\",\"urlTemplate\":\"https:\/\/dev.eliassen.nl\/de\/?s={search_term_string}\"},\"query-input\":{\"@type\":\"PropertyValueSpecification\",\"valueRequired\":true,\"valueName\":\"search_term_string\"}}],\"inLanguage\":\"de\"},{\"@type\":\"Organization\",\"@id\":\"https:\/\/dev.eliassen.nl\/de\/#organization\",\"name\":\"Eliassen Home & Garden Pleasure\",\"url\":\"https:\/\/dev.eliassen.nl\/de\/\",\"logo\":{\"@type\":\"ImageObject\",\"inLanguage\":\"de\",\"@id\":\"https:\/\/dev.eliassen.nl\/de\/#\/schema\/logo\/image\/\",\"url\":\"https:\/\/www.eliassen.nl\/wp-content\/uploads\/2024\/01\/logo_4nd.jpg\",\"contentUrl\":\"https:\/\/www.eliassen.nl\/wp-content\/uploads\/2024\/01\/logo_4nd.jpg\",\"width\":500,\"height\":500,\"caption\":\"Eliassen Home & Garden Pleasure\"},\"image\":{\"@id\":\"https:\/\/dev.eliassen.nl\/de\/#\/schema\/logo\/image\/\"},\"sameAs\":[\"https:\/\/www.facebook.com\/TuincentrumEliassenAmmerzoden\",\"https:\/\/www.instagram.com\/eliassenhomeandgarden\/\",\"https:\/\/nl.pinterest.com\/eliassenhomeandgarden\/\",\"https:\/\/www.youtube.com\/@eliassenhomegardenpleasure4558\"]}]}<\/script>\n<!-- \/ Yoast SEO plugin. -->","yoast_head_json":{"title":"Pop-Art-Gem\u00e4lde Banksy und Frida 120x60cm - Eliassen.nl","description":"Suchen Sie ein modernes Gem\u00e4lde? Diese modernen Leinwandbilder mit vielen Farben werden Ihnen auf jeden Fall gefallen. Bei uns live zu sehen! Online verf\u00fcgbar.","robots":{"index":"noindex","follow":"follow","max-snippet":"max-snippet:-1","max-image-preview":"max-image-preview:large","max-video-preview":"max-video-preview:-1"},"og_locale":"de_DE","og_type":"article","og_title":"Pop-Art-Gem\u00e4lde Banksy und Frida 120x60cm - Eliassen.nl","og_description":"Suchen Sie ein modernes Gem\u00e4lde? Diese modernen Leinwandbilder mit vielen Farben werden Ihnen auf jeden Fall gefallen. Bei uns live zu sehen! Online verf\u00fcgbar.","og_url":"https:\/\/dev.eliassen.nl\/de\/pop-art-gemalde-banksy-120x60cm-2\/","og_site_name":"Eliassen.nl","article_publisher":"https:\/\/www.facebook.com\/TuincentrumEliassenAmmerzoden","article_modified_time":"2024-12-05T16:42:53+00:00","og_image":[{"width":1000,"height":500,"url":"https:\/\/dev.eliassen.nl\/wp-content\/uploads\/2024\/11\/popartschilderijfridabanksyeliassennlfk9054.jpg","type":"image\/jpeg"}],"twitter_card":"summary_large_image","schema":{"@context":"https:\/\/schema.org","@graph":[{"@type":"WebPage","@id":"https:\/\/dev.eliassen.nl\/de\/pop-art-gemalde-banksy-120x60cm-2\/","url":"https:\/\/dev.eliassen.nl\/de\/pop-art-gemalde-banksy-120x60cm-2\/","name":"Pop-Art-Gem\u00e4lde Banksy und Frida 120x60cm - Eliassen.nl","isPartOf":{"@id":"https:\/\/dev.eliassen.nl\/de\/#website"},"primaryImageOfPage":{"@id":"https:\/\/dev.eliassen.nl\/de\/pop-art-gemalde-banksy-120x60cm-2\/#primaryimage"},"image":{"@id":"https:\/\/dev.eliassen.nl\/de\/pop-art-gemalde-banksy-120x60cm-2\/#primaryimage"},"thumbnailUrl":"https:\/\/dev.eliassen.nl\/wp-content\/uploads\/2024\/11\/popartschilderijfridabanksyeliassennlfk9054.jpg","datePublished":"2024-10-04T08:15:42+00:00","dateModified":"2024-12-05T16:42:53+00:00","description":"Suchen Sie ein modernes Gem\u00e4lde? Diese modernen Leinwandbilder mit vielen Farben werden Ihnen auf jeden Fall gefallen. Bei uns live zu sehen! Online verf\u00fcgbar.","breadcrumb":{"@id":"https:\/\/dev.eliassen.nl\/de\/pop-art-gemalde-banksy-120x60cm-2\/#breadcrumb"},"inLanguage":"de","potentialAction":[{"@type":"ReadAction","target":["https:\/\/dev.eliassen.nl\/de\/pop-art-gemalde-banksy-120x60cm-2\/"]}]},{"@type":"ImageObject","inLanguage":"de","@id":"https:\/\/dev.eliassen.nl\/de\/pop-art-gemalde-banksy-120x60cm-2\/#primaryimage","url":"https:\/\/dev.eliassen.nl\/wp-content\/uploads\/2024\/11\/popartschilderijfridabanksyeliassennlfk9054.jpg","contentUrl":"https:\/\/dev.eliassen.nl\/wp-content\/uploads\/2024\/11\/popartschilderijfridabanksyeliassennlfk9054.jpg","width":1000,"height":500,"caption":"Popart schilderij Frida Banksy Eliassen.nl fk9054"},{"@type":"BreadcrumbList","@id":"https:\/\/dev.eliassen.nl\/de\/pop-art-gemalde-banksy-120x60cm-2\/#breadcrumb","itemListElement":[{"@type":"ListItem","position":1,"name":"Home","item":"https:\/\/dev.eliassen.nl\/de\/"},{"@type":"ListItem","position":2,"name":"Shop","item":"https:\/\/dev.eliassen.nl\/nl\/winkel\/"},{"@type":"ListItem","position":3,"name":"Gem\u00e4lde","item":"https:\/\/dev.eliassen.nl\/de\/gemaelde\/"},{"@type":"ListItem","position":4,"name":"Gem\u00e4lde auf Leinwand","item":"https:\/\/dev.eliassen.nl\/de\/gemaelde\/gemaelde-auf-leinwand\/"},{"@type":"ListItem","position":5,"name":"Pop-Art-Gem\u00e4lde Banksy 120x60cm"}]},{"@type":"WebSite","@id":"https:\/\/dev.eliassen.nl\/de\/#website","url":"https:\/\/dev.eliassen.nl\/de\/","name":"Eliassen Home & Garden Pleasure","description":"","publisher":{"@id":"https:\/\/dev.eliassen.nl\/de\/#organization"},"alternateName":"Eliassen.nl","potentialAction":[{"@type":"SearchAction","target":{"@type":"EntryPoint","urlTemplate":"https:\/\/dev.eliassen.nl\/de\/?s={search_term_string}"},"query-input":{"@type":"PropertyValueSpecification","valueRequired":true,"valueName":"search_term_string"}}],"inLanguage":"de"},{"@type":"Organization","@id":"https:\/\/dev.eliassen.nl\/de\/#organization","name":"Eliassen Home & Garden Pleasure","url":"https:\/\/dev.eliassen.nl\/de\/","logo":{"@type":"ImageObject","inLanguage":"de","@id":"https:\/\/dev.eliassen.nl\/de\/#\/schema\/logo\/image\/","url":"https:\/\/www.eliassen.nl\/wp-content\/uploads\/2024\/01\/logo_4nd.jpg","contentUrl":"https:\/\/www.eliassen.nl\/wp-content\/uploads\/2024\/01\/logo_4nd.jpg","width":500,"height":500,"caption":"Eliassen Home & Garden Pleasure"},"image":{"@id":"https:\/\/dev.eliassen.nl\/de\/#\/schema\/logo\/image\/"},"sameAs":["https:\/\/www.facebook.com\/TuincentrumEliassenAmmerzoden","https:\/\/www.instagram.com\/eliassenhomeandgarden\/","https:\/\/nl.pinterest.com\/eliassenhomeandgarden\/","https:\/\/www.youtube.com\/@eliassenhomegardenpleasure4558"]}]}},"df_price":155,"df_sale_price":"","df_regular_price":155,"df_image_link":"https:\/\/dev.eliassen.nl\/wp-content\/uploads\/2024\/11\/popartschilderijfridabanksyeliassennlfk9054.jpg","image":"https:\/\/dev.eliassen.nl\/wp-content\/uploads\/2024\/11\/popartschilderijfridabanksyeliassennlfk9054.jpg","price_search":"<span class=\"woocommerce-Price-amount amount\"><bdi><span class=\"woocommerce-Price-currencySymbol\">&euro;<\/span>&nbsp;155,00<\/bdi><\/span>","category":"Gem\u00e4lde","_links":{"self":[{"href":"https:\/\/dev.eliassen.nl\/de\/wp-json\/wp\/v2\/product\/165370","targetHints":{"allow":["GET"]}}],"collection":[{"href":"https:\/\/dev.eliassen.nl\/de\/wp-json\/wp\/v2\/product"}],"about":[{"href":"https:\/\/dev.eliassen.nl\/de\/wp-json\/wp\/v2\/types\/product"}],"wp:featuredmedia":[{"embeddable":true,"href":"https:\/\/dev.eliassen.nl\/de\/wp-json\/wp\/v2\/media\/165364"}],"wp:attachment":[{"href":"https:\/\/dev.eliassen.nl\/de\/wp-json\/wp\/v2\/media?parent=165370"}],"wp:term":[{"taxonomy":"product_brand","embeddable":true,"href":"https:\/\/dev.eliassen.nl\/de\/wp-json\/wp\/v2\/product_brand?post=165370"},{"taxonomy":"product_cat","embeddable":true,"href":"https:\/\/dev.eliassen.nl\/de\/wp-json\/wp\/v2\/product_cat?post=165370"},{"taxonomy":"product_tag","embeddable":true,"href":"https:\/\/dev.eliassen.nl\/de\/wp-json\/wp\/v2\/product_tag?post=165370"}],"curies":[{"name":"wp","href":"https:\/\/api.w.org\/{rel}","templated":true}]}}