{"id":165582,"date":"2024-10-04T09:56:40","date_gmt":"2024-10-04T07:56:40","guid":{"rendered":"https:\/\/www.eliassen.nl\/?product=schilderij-mooie-vrouw-links-70x105cm"},"modified":"2024-12-05T17:43:02","modified_gmt":"2024-12-05T16:43:02","slug":"gemalde-schone-frau-links-70x105cm","status":"publish","type":"product","link":"https:\/\/dev.eliassen.nl\/de\/gemalde-schone-frau-links-70x105cm\/","title":{"rendered":"Gem\u00e4lde Sch\u00f6ne Frau links 70x105cm"},"content":{"rendered":"<p>Sind Sie auf der Suche nach einem wundersch\u00f6nen, mit Acrylfarbe bearbeiteten Leinwandgem\u00e4lde? Dann ist diese Wanddekorationsserie genau das Richtige f\u00fcr Sie. Dieses gro\u00dfe Gem\u00e4lde mit dem Bild einer sch\u00f6nen Frau zwischen den Bl\u00e4ttern auf hellem Hintergrund wurde sorgf\u00e4ltig mit den sch\u00f6nsten Farbkompositionen und mit viel Liebe zum letzten Schliff geschaffen!<br \/>Das Gem\u00e4lde besteht teils aus einem Druck auf der Leinwand und teils aus darauf aufgetragener Acrylfarbe.<br \/>Da es sich um menschliche Arbeit handelt, kann das Foto geringf\u00fcgig vom Original abweichen.<\/p>\n<p>Die Leinwand wird durch einen 5 cm dicken Rahmen sauber abgeschlossen.<\/p>\n<p>Wir haben auch fast die gesamte Kollektion dieser Serie im Gesch\u00e4ft, was in den Niederlanden einzigartig ist.<br \/>Nirgendwo sonst finden Sie eine so gro\u00dfe Sammlung. Gerne geschehen.<\/p>\n<ul>\n<li>Gr\u00f6\u00dfe 70x105cm<\/li>\n<li>Dicke und robuste Leinwand<\/li>\n<li>Einfache Aufh\u00e4ngung mit 1 oder 2 Schrauben<\/li>\n<li>Schnell geliefert<\/li>\n<li><strong>Gr\u00f6\u00dfte Sammlung in den Benelux-L\u00e4ndern, die auch live besichtigt werden kann.<\/strong><\/li>\n<li>1 Jahr Garantie<\/li>\n<\/ul>\n","protected":false},"excerpt":{"rendered":"<p>Wundersch\u00f6nes Leinwandgem\u00e4lde, bearbeitet mit Acrylfarbe. Abmessungen 70x105cm.<\/p>\n","protected":false},"featured_media":165567,"template":"","meta":{"_acf_changed":false},"product_brand":[6948],"product_cat":[410,476],"product_tag":[],"class_list":{"0":"post-165582","1":"product","2":"type-product","3":"status-publish","4":"has-post-thumbnail","6":"product_brand-homebound-de","7":"product_cat-gemaelde","8":"product_cat-gemaelde-auf-leinwand","10":"first","11":"instock","12":"taxable","13":"shipping-taxable","14":"purchasable","15":"product-type-simple"},"acf":[],"yoast_head":"<!-- This site is optimized with the Yoast SEO plugin v23.8 - https:\/\/yoast.com\/wordpress\/plugins\/seo\/ -->\n<title>Gem\u00e4lde Sch\u00f6ne Frau links 70x105cm - Eliassen.nl<\/title>\n<meta name=\"description\" content=\"Sehr dekoratives Leinwandgem\u00e4lde mit einer sch\u00f6nen Frau zwischen den Bl\u00e4ttern auf hellem Hintergrund. Abmessungen 70x105cm. Friedliches Leinwandgem\u00e4lde.\" \/>\n<meta name=\"robots\" content=\"noindex, follow, max-snippet:-1, max-image-preview:large, max-video-preview:-1\" \/>\n<meta property=\"og:locale\" content=\"de_DE\" \/>\n<meta property=\"og:type\" content=\"article\" \/>\n<meta property=\"og:title\" content=\"Gem\u00e4lde Sch\u00f6ne Frau links 70x105cm - Eliassen.nl\" \/>\n<meta property=\"og:description\" content=\"Sehr dekoratives Leinwandgem\u00e4lde mit einer sch\u00f6nen Frau zwischen den Bl\u00e4ttern auf hellem Hintergrund. Abmessungen 70x105cm. Friedliches Leinwandgem\u00e4lde.\" \/>\n<meta property=\"og:url\" content=\"https:\/\/dev.eliassen.nl\/de\/gemalde-schone-frau-links-70x105cm\/\" \/>\n<meta property=\"og:site_name\" content=\"Eliassen.nl\" \/>\n<meta property=\"article:publisher\" content=\"https:\/\/www.facebook.com\/TuincentrumEliassenAmmerzoden\" \/>\n<meta property=\"article:modified_time\" content=\"2024-12-05T16:43:02+00:00\" \/>\n<meta property=\"og:image\" content=\"https:\/\/dev.eliassen.nl\/wp-content\/uploads\/2024\/11\/schilderijmooievrouwlinkseliassennlbfk9034.jpg\" \/>\n\t<meta property=\"og:image:width\" content=\"667\" \/>\n\t<meta property=\"og:image:height\" content=\"1000\" \/>\n\t<meta property=\"og:image:type\" content=\"image\/jpeg\" \/>\n<meta name=\"twitter:card\" content=\"summary_large_image\" \/>\n<script type=\"application\/ld+json\" class=\"yoast-schema-graph\">{\"@context\":\"https:\/\/schema.org\",\"@graph\":[{\"@type\":\"WebPage\",\"@id\":\"https:\/\/dev.eliassen.nl\/de\/gemalde-schone-frau-links-70x105cm\/\",\"url\":\"https:\/\/dev.eliassen.nl\/de\/gemalde-schone-frau-links-70x105cm\/\",\"name\":\"Gem\u00e4lde Sch\u00f6ne Frau links 70x105cm - Eliassen.nl\",\"isPartOf\":{\"@id\":\"https:\/\/dev.eliassen.nl\/de\/#website\"},\"primaryImageOfPage\":{\"@id\":\"https:\/\/dev.eliassen.nl\/de\/gemalde-schone-frau-links-70x105cm\/#primaryimage\"},\"image\":{\"@id\":\"https:\/\/dev.eliassen.nl\/de\/gemalde-schone-frau-links-70x105cm\/#primaryimage\"},\"thumbnailUrl\":\"https:\/\/dev.eliassen.nl\/wp-content\/uploads\/2024\/11\/schilderijmooievrouwlinkseliassennlbfk9034.jpg\",\"datePublished\":\"2024-10-04T07:56:40+00:00\",\"dateModified\":\"2024-12-05T16:43:02+00:00\",\"description\":\"Sehr dekoratives Leinwandgem\u00e4lde mit einer sch\u00f6nen Frau zwischen den Bl\u00e4ttern auf hellem Hintergrund. Abmessungen 70x105cm. Friedliches Leinwandgem\u00e4lde.\",\"breadcrumb\":{\"@id\":\"https:\/\/dev.eliassen.nl\/de\/gemalde-schone-frau-links-70x105cm\/#breadcrumb\"},\"inLanguage\":\"de\",\"potentialAction\":[{\"@type\":\"ReadAction\",\"target\":[\"https:\/\/dev.eliassen.nl\/de\/gemalde-schone-frau-links-70x105cm\/\"]}]},{\"@type\":\"ImageObject\",\"inLanguage\":\"de\",\"@id\":\"https:\/\/dev.eliassen.nl\/de\/gemalde-schone-frau-links-70x105cm\/#primaryimage\",\"url\":\"https:\/\/dev.eliassen.nl\/wp-content\/uploads\/2024\/11\/schilderijmooievrouwlinkseliassennlbfk9034.jpg\",\"contentUrl\":\"https:\/\/dev.eliassen.nl\/wp-content\/uploads\/2024\/11\/schilderijmooievrouwlinkseliassennlbfk9034.jpg\",\"width\":667,\"height\":1000,\"caption\":\"Schilderij Mooie vrouw links Eliassen.nl bfk9034\"},{\"@type\":\"BreadcrumbList\",\"@id\":\"https:\/\/dev.eliassen.nl\/de\/gemalde-schone-frau-links-70x105cm\/#breadcrumb\",\"itemListElement\":[{\"@type\":\"ListItem\",\"position\":1,\"name\":\"Home\",\"item\":\"https:\/\/dev.eliassen.nl\/de\/\"},{\"@type\":\"ListItem\",\"position\":2,\"name\":\"Shop\",\"item\":\"https:\/\/dev.eliassen.nl\/nl\/winkel\/\"},{\"@type\":\"ListItem\",\"position\":3,\"name\":\"Gem\u00e4lde\",\"item\":\"https:\/\/dev.eliassen.nl\/de\/gemaelde\/\"},{\"@type\":\"ListItem\",\"position\":4,\"name\":\"Gem\u00e4lde auf Leinwand\",\"item\":\"https:\/\/dev.eliassen.nl\/de\/gemaelde\/gemaelde-auf-leinwand\/\"},{\"@type\":\"ListItem\",\"position\":5,\"name\":\"Gem\u00e4lde Sch\u00f6ne Frau links 70x105cm\"}]},{\"@type\":\"WebSite\",\"@id\":\"https:\/\/dev.eliassen.nl\/de\/#website\",\"url\":\"https:\/\/dev.eliassen.nl\/de\/\",\"name\":\"Eliassen Home & Garden Pleasure\",\"description\":\"\",\"publisher\":{\"@id\":\"https:\/\/dev.eliassen.nl\/de\/#organization\"},\"alternateName\":\"Eliassen.nl\",\"potentialAction\":[{\"@type\":\"SearchAction\",\"target\":{\"@type\":\"EntryPoint\",\"urlTemplate\":\"https:\/\/dev.eliassen.nl\/de\/?s={search_term_string}\"},\"query-input\":{\"@type\":\"PropertyValueSpecification\",\"valueRequired\":true,\"valueName\":\"search_term_string\"}}],\"inLanguage\":\"de\"},{\"@type\":\"Organization\",\"@id\":\"https:\/\/dev.eliassen.nl\/de\/#organization\",\"name\":\"Eliassen Home & Garden Pleasure\",\"url\":\"https:\/\/dev.eliassen.nl\/de\/\",\"logo\":{\"@type\":\"ImageObject\",\"inLanguage\":\"de\",\"@id\":\"https:\/\/dev.eliassen.nl\/de\/#\/schema\/logo\/image\/\",\"url\":\"https:\/\/www.eliassen.nl\/wp-content\/uploads\/2024\/01\/logo_4nd.jpg\",\"contentUrl\":\"https:\/\/www.eliassen.nl\/wp-content\/uploads\/2024\/01\/logo_4nd.jpg\",\"width\":500,\"height\":500,\"caption\":\"Eliassen Home & Garden Pleasure\"},\"image\":{\"@id\":\"https:\/\/dev.eliassen.nl\/de\/#\/schema\/logo\/image\/\"},\"sameAs\":[\"https:\/\/www.facebook.com\/TuincentrumEliassenAmmerzoden\",\"https:\/\/www.instagram.com\/eliassenhomeandgarden\/\",\"https:\/\/nl.pinterest.com\/eliassenhomeandgarden\/\",\"https:\/\/www.youtube.com\/@eliassenhomegardenpleasure4558\"]}]}<\/script>\n<!-- \/ Yoast SEO plugin. -->","yoast_head_json":{"title":"Gem\u00e4lde Sch\u00f6ne Frau links 70x105cm - Eliassen.nl","description":"Sehr dekoratives Leinwandgem\u00e4lde mit einer sch\u00f6nen Frau zwischen den Bl\u00e4ttern auf hellem Hintergrund. Abmessungen 70x105cm. Friedliches Leinwandgem\u00e4lde.","robots":{"index":"noindex","follow":"follow","max-snippet":"max-snippet:-1","max-image-preview":"max-image-preview:large","max-video-preview":"max-video-preview:-1"},"og_locale":"de_DE","og_type":"article","og_title":"Gem\u00e4lde Sch\u00f6ne Frau links 70x105cm - Eliassen.nl","og_description":"Sehr dekoratives Leinwandgem\u00e4lde mit einer sch\u00f6nen Frau zwischen den Bl\u00e4ttern auf hellem Hintergrund. Abmessungen 70x105cm. Friedliches Leinwandgem\u00e4lde.","og_url":"https:\/\/dev.eliassen.nl\/de\/gemalde-schone-frau-links-70x105cm\/","og_site_name":"Eliassen.nl","article_publisher":"https:\/\/www.facebook.com\/TuincentrumEliassenAmmerzoden","article_modified_time":"2024-12-05T16:43:02+00:00","og_image":[{"width":667,"height":1000,"url":"https:\/\/dev.eliassen.nl\/wp-content\/uploads\/2024\/11\/schilderijmooievrouwlinkseliassennlbfk9034.jpg","type":"image\/jpeg"}],"twitter_card":"summary_large_image","schema":{"@context":"https:\/\/schema.org","@graph":[{"@type":"WebPage","@id":"https:\/\/dev.eliassen.nl\/de\/gemalde-schone-frau-links-70x105cm\/","url":"https:\/\/dev.eliassen.nl\/de\/gemalde-schone-frau-links-70x105cm\/","name":"Gem\u00e4lde Sch\u00f6ne Frau links 70x105cm - Eliassen.nl","isPartOf":{"@id":"https:\/\/dev.eliassen.nl\/de\/#website"},"primaryImageOfPage":{"@id":"https:\/\/dev.eliassen.nl\/de\/gemalde-schone-frau-links-70x105cm\/#primaryimage"},"image":{"@id":"https:\/\/dev.eliassen.nl\/de\/gemalde-schone-frau-links-70x105cm\/#primaryimage"},"thumbnailUrl":"https:\/\/dev.eliassen.nl\/wp-content\/uploads\/2024\/11\/schilderijmooievrouwlinkseliassennlbfk9034.jpg","datePublished":"2024-10-04T07:56:40+00:00","dateModified":"2024-12-05T16:43:02+00:00","description":"Sehr dekoratives Leinwandgem\u00e4lde mit einer sch\u00f6nen Frau zwischen den Bl\u00e4ttern auf hellem Hintergrund. Abmessungen 70x105cm. Friedliches Leinwandgem\u00e4lde.","breadcrumb":{"@id":"https:\/\/dev.eliassen.nl\/de\/gemalde-schone-frau-links-70x105cm\/#breadcrumb"},"inLanguage":"de","potentialAction":[{"@type":"ReadAction","target":["https:\/\/dev.eliassen.nl\/de\/gemalde-schone-frau-links-70x105cm\/"]}]},{"@type":"ImageObject","inLanguage":"de","@id":"https:\/\/dev.eliassen.nl\/de\/gemalde-schone-frau-links-70x105cm\/#primaryimage","url":"https:\/\/dev.eliassen.nl\/wp-content\/uploads\/2024\/11\/schilderijmooievrouwlinkseliassennlbfk9034.jpg","contentUrl":"https:\/\/dev.eliassen.nl\/wp-content\/uploads\/2024\/11\/schilderijmooievrouwlinkseliassennlbfk9034.jpg","width":667,"height":1000,"caption":"Schilderij Mooie vrouw links Eliassen.nl bfk9034"},{"@type":"BreadcrumbList","@id":"https:\/\/dev.eliassen.nl\/de\/gemalde-schone-frau-links-70x105cm\/#breadcrumb","itemListElement":[{"@type":"ListItem","position":1,"name":"Home","item":"https:\/\/dev.eliassen.nl\/de\/"},{"@type":"ListItem","position":2,"name":"Shop","item":"https:\/\/dev.eliassen.nl\/nl\/winkel\/"},{"@type":"ListItem","position":3,"name":"Gem\u00e4lde","item":"https:\/\/dev.eliassen.nl\/de\/gemaelde\/"},{"@type":"ListItem","position":4,"name":"Gem\u00e4lde auf Leinwand","item":"https:\/\/dev.eliassen.nl\/de\/gemaelde\/gemaelde-auf-leinwand\/"},{"@type":"ListItem","position":5,"name":"Gem\u00e4lde Sch\u00f6ne Frau links 70x105cm"}]},{"@type":"WebSite","@id":"https:\/\/dev.eliassen.nl\/de\/#website","url":"https:\/\/dev.eliassen.nl\/de\/","name":"Eliassen Home & Garden Pleasure","description":"","publisher":{"@id":"https:\/\/dev.eliassen.nl\/de\/#organization"},"alternateName":"Eliassen.nl","potentialAction":[{"@type":"SearchAction","target":{"@type":"EntryPoint","urlTemplate":"https:\/\/dev.eliassen.nl\/de\/?s={search_term_string}"},"query-input":{"@type":"PropertyValueSpecification","valueRequired":true,"valueName":"search_term_string"}}],"inLanguage":"de"},{"@type":"Organization","@id":"https:\/\/dev.eliassen.nl\/de\/#organization","name":"Eliassen Home & Garden Pleasure","url":"https:\/\/dev.eliassen.nl\/de\/","logo":{"@type":"ImageObject","inLanguage":"de","@id":"https:\/\/dev.eliassen.nl\/de\/#\/schema\/logo\/image\/","url":"https:\/\/www.eliassen.nl\/wp-content\/uploads\/2024\/01\/logo_4nd.jpg","contentUrl":"https:\/\/www.eliassen.nl\/wp-content\/uploads\/2024\/01\/logo_4nd.jpg","width":500,"height":500,"caption":"Eliassen Home & Garden Pleasure"},"image":{"@id":"https:\/\/dev.eliassen.nl\/de\/#\/schema\/logo\/image\/"},"sameAs":["https:\/\/www.facebook.com\/TuincentrumEliassenAmmerzoden","https:\/\/www.instagram.com\/eliassenhomeandgarden\/","https:\/\/nl.pinterest.com\/eliassenhomeandgarden\/","https:\/\/www.youtube.com\/@eliassenhomegardenpleasure4558"]}]}},"df_price":135,"df_sale_price":"","df_regular_price":135,"df_image_link":"https:\/\/dev.eliassen.nl\/wp-content\/uploads\/2024\/11\/schilderijmooievrouwlinkseliassennlbfk9034.jpg","image":"https:\/\/dev.eliassen.nl\/wp-content\/uploads\/2024\/11\/schilderijmooievrouwlinkseliassennlbfk9034.jpg","price_search":"<span class=\"woocommerce-Price-amount amount\"><bdi><span class=\"woocommerce-Price-currencySymbol\">&euro;<\/span>&nbsp;135,00<\/bdi><\/span>","category":"Gem\u00e4lde","_links":{"self":[{"href":"https:\/\/dev.eliassen.nl\/de\/wp-json\/wp\/v2\/product\/165582","targetHints":{"allow":["GET"]}}],"collection":[{"href":"https:\/\/dev.eliassen.nl\/de\/wp-json\/wp\/v2\/product"}],"about":[{"href":"https:\/\/dev.eliassen.nl\/de\/wp-json\/wp\/v2\/types\/product"}],"wp:featuredmedia":[{"embeddable":true,"href":"https:\/\/dev.eliassen.nl\/de\/wp-json\/wp\/v2\/media\/165567"}],"wp:attachment":[{"href":"https:\/\/dev.eliassen.nl\/de\/wp-json\/wp\/v2\/media?parent=165582"}],"wp:term":[{"taxonomy":"product_brand","embeddable":true,"href":"https:\/\/dev.eliassen.nl\/de\/wp-json\/wp\/v2\/product_brand?post=165582"},{"taxonomy":"product_cat","embeddable":true,"href":"https:\/\/dev.eliassen.nl\/de\/wp-json\/wp\/v2\/product_cat?post=165582"},{"taxonomy":"product_tag","embeddable":true,"href":"https:\/\/dev.eliassen.nl\/de\/wp-json\/wp\/v2\/product_tag?post=165582"}],"curies":[{"name":"wp","href":"https:\/\/api.w.org\/{rel}","templated":true}]}}