{"id":165657,"date":"2024-10-04T09:35:19","date_gmt":"2024-10-04T07:35:19","guid":{"rendered":"https:\/\/www.eliassen.nl\/?product=schilderij-kleurrijk-vrouw-met-vogels"},"modified":"2024-12-05T17:43:09","modified_gmt":"2024-12-05T16:43:09","slug":"buntes-gemalde-frau-mit-vogeln-60x90cm","status":"publish","type":"product","link":"https:\/\/dev.eliassen.nl\/de\/buntes-gemalde-frau-mit-vogeln-60x90cm\/","title":{"rendered":"Buntes Gem\u00e4lde Frau mit V\u00f6geln 60x90cm"},"content":{"rendered":"<p class=\"x_MsoNormal\" data-olk-copy-source=\"MessageBody\">Suchen Sie ein hypermodernes Leinwandgem\u00e4lde mit vielen leuchtenden Farben? Dann ist dieses Modellgem\u00e4lde mit einer sch\u00f6nen Dame mit gro\u00dfer Brille, umgeben von V\u00f6geln, definitiv etwas f\u00fcr Sie. Dieses hohe Leinwandgem\u00e4lde hat viele auff\u00e4llige Farben und einen Rahmen in der gleichen gelben Farbe und mit viel Liebe zum letzten Schliff mit einer gl\u00e4nzenden Beschichtung.<\/p>\n<p>Dieses Leinwandgem\u00e4lde wurde bei der Herstellung einem sehr modernen Verfahren unterzogen. Die Leinwand ist bedruckt. Das Gem\u00e4lde wird au\u00dferdem mit einer Glanzbeschichtung versehen.<\/p>\n<p class=\"x_MsoNormal\">Wir haben fast die gesamte Kollektion dieser Serie im Gesch\u00e4ft ausgestellt und k\u00f6nnen online bestellt werden, was in den Niederlanden einzigartig ist.<\/p>\n<ul type=\"disc\">\n<li class=\"x_MsoNormal\">Gr\u00f6\u00dfe 60x90cm<\/li>\n<li class=\"x_MsoNormal\">Ausgestattet mit einem gelben Backrahmen von 3 cm Dicke und 8 mm Breite vorne<\/li>\n<li class=\"x_MsoNormal\">Robuste Leinwand<\/li>\n<li class=\"x_MsoNormal\">Einfache Aufh\u00e4ngung mit 1 Schraube<\/li>\n<li class=\"x_MsoNormal\">Schnell geliefert<\/li>\n<li class=\"x_MsoNormal\">Gr\u00f6\u00dfte Sammlung in den Benelux-L\u00e4ndern, die auch live besichtigt werden kann.<\/li>\n<li class=\"x_MsoNormal\">1 Jahr Garantie<\/li>\n<li class=\"x_MsoNormal\">Nur zur Verwendung im Innenbereich<\/li>\n<\/ul>\n","protected":false},"excerpt":{"rendered":"<p>Modernes Leinwandgem\u00e4lde mit vielen leuchtenden Farben.<\/p>\n","protected":false},"featured_media":165654,"template":"","meta":{"_acf_changed":false},"product_brand":[6948],"product_cat":[7174],"product_tag":[],"class_list":{"0":"post-165657","1":"product","2":"type-product","3":"status-publish","4":"has-post-thumbnail","6":"product_brand-homebound-de","7":"product_cat-geen-categorie-de","9":"first","10":"outofstock","11":"taxable","12":"shipping-taxable","13":"purchasable","14":"product-type-simple"},"acf":[],"yoast_head":"<!-- This site is optimized with the Yoast SEO plugin v23.8 - https:\/\/yoast.com\/wordpress\/plugins\/seo\/ -->\n<title>Buntes Gem\u00e4lde Frau mit V\u00f6geln 60x90cm - Eliassen.nl<\/title>\n<meta name=\"description\" content=\"Suchen Sie ein modernes Gem\u00e4lde? Diese modernen Leinwandbilder mit vielen Farben werden Ihnen auf jeden Fall gefallen. Bei uns live zu sehen! Online verf\u00fcgbar.\" \/>\n<meta name=\"robots\" content=\"noindex, follow, max-snippet:-1, max-image-preview:large, max-video-preview:-1\" \/>\n<meta property=\"og:locale\" content=\"de_DE\" \/>\n<meta property=\"og:type\" content=\"article\" \/>\n<meta property=\"og:title\" content=\"Buntes Gem\u00e4lde Frau mit V\u00f6geln 60x90cm - Eliassen.nl\" \/>\n<meta property=\"og:description\" content=\"Suchen Sie ein modernes Gem\u00e4lde? Diese modernen Leinwandbilder mit vielen Farben werden Ihnen auf jeden Fall gefallen. Bei uns live zu sehen! Online verf\u00fcgbar.\" \/>\n<meta property=\"og:url\" content=\"https:\/\/dev.eliassen.nl\/de\/buntes-gemalde-frau-mit-vogeln-60x90cm\/\" \/>\n<meta property=\"og:site_name\" content=\"Eliassen.nl\" \/>\n<meta property=\"article:publisher\" content=\"https:\/\/www.facebook.com\/TuincentrumEliassenAmmerzoden\" \/>\n<meta property=\"article:modified_time\" content=\"2024-12-05T16:43:09+00:00\" \/>\n<meta property=\"og:image\" content=\"https:\/\/dev.eliassen.nl\/wp-content\/uploads\/2024\/11\/schilderijvrouwmetvogelseliassennlfk7128.jpg\" \/>\n\t<meta property=\"og:image:width\" content=\"1358\" \/>\n\t<meta property=\"og:image:height\" content=\"2048\" \/>\n\t<meta property=\"og:image:type\" content=\"image\/jpeg\" \/>\n<meta name=\"twitter:card\" content=\"summary_large_image\" \/>\n<script type=\"application\/ld+json\" class=\"yoast-schema-graph\">{\"@context\":\"https:\/\/schema.org\",\"@graph\":[{\"@type\":\"WebPage\",\"@id\":\"https:\/\/dev.eliassen.nl\/de\/buntes-gemalde-frau-mit-vogeln-60x90cm\/\",\"url\":\"https:\/\/dev.eliassen.nl\/de\/buntes-gemalde-frau-mit-vogeln-60x90cm\/\",\"name\":\"Buntes Gem\u00e4lde Frau mit V\u00f6geln 60x90cm - Eliassen.nl\",\"isPartOf\":{\"@id\":\"https:\/\/dev.eliassen.nl\/de\/#website\"},\"primaryImageOfPage\":{\"@id\":\"https:\/\/dev.eliassen.nl\/de\/buntes-gemalde-frau-mit-vogeln-60x90cm\/#primaryimage\"},\"image\":{\"@id\":\"https:\/\/dev.eliassen.nl\/de\/buntes-gemalde-frau-mit-vogeln-60x90cm\/#primaryimage\"},\"thumbnailUrl\":\"https:\/\/dev.eliassen.nl\/wp-content\/uploads\/2024\/11\/schilderijvrouwmetvogelseliassennlfk7128.jpg\",\"datePublished\":\"2024-10-04T07:35:19+00:00\",\"dateModified\":\"2024-12-05T16:43:09+00:00\",\"description\":\"Suchen Sie ein modernes Gem\u00e4lde? Diese modernen Leinwandbilder mit vielen Farben werden Ihnen auf jeden Fall gefallen. Bei uns live zu sehen! Online verf\u00fcgbar.\",\"breadcrumb\":{\"@id\":\"https:\/\/dev.eliassen.nl\/de\/buntes-gemalde-frau-mit-vogeln-60x90cm\/#breadcrumb\"},\"inLanguage\":\"de\",\"potentialAction\":[{\"@type\":\"ReadAction\",\"target\":[\"https:\/\/dev.eliassen.nl\/de\/buntes-gemalde-frau-mit-vogeln-60x90cm\/\"]}]},{\"@type\":\"ImageObject\",\"inLanguage\":\"de\",\"@id\":\"https:\/\/dev.eliassen.nl\/de\/buntes-gemalde-frau-mit-vogeln-60x90cm\/#primaryimage\",\"url\":\"https:\/\/dev.eliassen.nl\/wp-content\/uploads\/2024\/11\/schilderijvrouwmetvogelseliassennlfk7128.jpg\",\"contentUrl\":\"https:\/\/dev.eliassen.nl\/wp-content\/uploads\/2024\/11\/schilderijvrouwmetvogelseliassennlfk7128.jpg\",\"width\":1358,\"height\":2048,\"caption\":\"Schilderij Vrouw met vogels Eliassen.nl fk7128\"},{\"@type\":\"BreadcrumbList\",\"@id\":\"https:\/\/dev.eliassen.nl\/de\/buntes-gemalde-frau-mit-vogeln-60x90cm\/#breadcrumb\",\"itemListElement\":[{\"@type\":\"ListItem\",\"position\":1,\"name\":\"Home\",\"item\":\"https:\/\/dev.eliassen.nl\/de\/\"},{\"@type\":\"ListItem\",\"position\":2,\"name\":\"Shop\",\"item\":\"https:\/\/dev.eliassen.nl\/nl\/winkel\/\"},{\"@type\":\"ListItem\",\"position\":3,\"name\":\"Geen categorie\",\"item\":\"https:\/\/dev.eliassen.nl\/de\/geen-categorie-de\/\"},{\"@type\":\"ListItem\",\"position\":4,\"name\":\"Buntes Gem\u00e4lde Frau mit V\u00f6geln 60x90cm\"}]},{\"@type\":\"WebSite\",\"@id\":\"https:\/\/dev.eliassen.nl\/de\/#website\",\"url\":\"https:\/\/dev.eliassen.nl\/de\/\",\"name\":\"Eliassen Home & Garden Pleasure\",\"description\":\"\",\"publisher\":{\"@id\":\"https:\/\/dev.eliassen.nl\/de\/#organization\"},\"alternateName\":\"Eliassen.nl\",\"potentialAction\":[{\"@type\":\"SearchAction\",\"target\":{\"@type\":\"EntryPoint\",\"urlTemplate\":\"https:\/\/dev.eliassen.nl\/de\/?s={search_term_string}\"},\"query-input\":{\"@type\":\"PropertyValueSpecification\",\"valueRequired\":true,\"valueName\":\"search_term_string\"}}],\"inLanguage\":\"de\"},{\"@type\":\"Organization\",\"@id\":\"https:\/\/dev.eliassen.nl\/de\/#organization\",\"name\":\"Eliassen Home & Garden Pleasure\",\"url\":\"https:\/\/dev.eliassen.nl\/de\/\",\"logo\":{\"@type\":\"ImageObject\",\"inLanguage\":\"de\",\"@id\":\"https:\/\/dev.eliassen.nl\/de\/#\/schema\/logo\/image\/\",\"url\":\"https:\/\/www.eliassen.nl\/wp-content\/uploads\/2024\/01\/logo_4nd.jpg\",\"contentUrl\":\"https:\/\/www.eliassen.nl\/wp-content\/uploads\/2024\/01\/logo_4nd.jpg\",\"width\":500,\"height\":500,\"caption\":\"Eliassen Home & Garden Pleasure\"},\"image\":{\"@id\":\"https:\/\/dev.eliassen.nl\/de\/#\/schema\/logo\/image\/\"},\"sameAs\":[\"https:\/\/www.facebook.com\/TuincentrumEliassenAmmerzoden\",\"https:\/\/www.instagram.com\/eliassenhomeandgarden\/\",\"https:\/\/nl.pinterest.com\/eliassenhomeandgarden\/\",\"https:\/\/www.youtube.com\/@eliassenhomegardenpleasure4558\"]}]}<\/script>\n<!-- \/ Yoast SEO plugin. -->","yoast_head_json":{"title":"Buntes Gem\u00e4lde Frau mit V\u00f6geln 60x90cm - Eliassen.nl","description":"Suchen Sie ein modernes Gem\u00e4lde? Diese modernen Leinwandbilder mit vielen Farben werden Ihnen auf jeden Fall gefallen. Bei uns live zu sehen! Online verf\u00fcgbar.","robots":{"index":"noindex","follow":"follow","max-snippet":"max-snippet:-1","max-image-preview":"max-image-preview:large","max-video-preview":"max-video-preview:-1"},"og_locale":"de_DE","og_type":"article","og_title":"Buntes Gem\u00e4lde Frau mit V\u00f6geln 60x90cm - Eliassen.nl","og_description":"Suchen Sie ein modernes Gem\u00e4lde? Diese modernen Leinwandbilder mit vielen Farben werden Ihnen auf jeden Fall gefallen. Bei uns live zu sehen! Online verf\u00fcgbar.","og_url":"https:\/\/dev.eliassen.nl\/de\/buntes-gemalde-frau-mit-vogeln-60x90cm\/","og_site_name":"Eliassen.nl","article_publisher":"https:\/\/www.facebook.com\/TuincentrumEliassenAmmerzoden","article_modified_time":"2024-12-05T16:43:09+00:00","og_image":[{"width":1358,"height":2048,"url":"https:\/\/dev.eliassen.nl\/wp-content\/uploads\/2024\/11\/schilderijvrouwmetvogelseliassennlfk7128.jpg","type":"image\/jpeg"}],"twitter_card":"summary_large_image","schema":{"@context":"https:\/\/schema.org","@graph":[{"@type":"WebPage","@id":"https:\/\/dev.eliassen.nl\/de\/buntes-gemalde-frau-mit-vogeln-60x90cm\/","url":"https:\/\/dev.eliassen.nl\/de\/buntes-gemalde-frau-mit-vogeln-60x90cm\/","name":"Buntes Gem\u00e4lde Frau mit V\u00f6geln 60x90cm - Eliassen.nl","isPartOf":{"@id":"https:\/\/dev.eliassen.nl\/de\/#website"},"primaryImageOfPage":{"@id":"https:\/\/dev.eliassen.nl\/de\/buntes-gemalde-frau-mit-vogeln-60x90cm\/#primaryimage"},"image":{"@id":"https:\/\/dev.eliassen.nl\/de\/buntes-gemalde-frau-mit-vogeln-60x90cm\/#primaryimage"},"thumbnailUrl":"https:\/\/dev.eliassen.nl\/wp-content\/uploads\/2024\/11\/schilderijvrouwmetvogelseliassennlfk7128.jpg","datePublished":"2024-10-04T07:35:19+00:00","dateModified":"2024-12-05T16:43:09+00:00","description":"Suchen Sie ein modernes Gem\u00e4lde? Diese modernen Leinwandbilder mit vielen Farben werden Ihnen auf jeden Fall gefallen. Bei uns live zu sehen! Online verf\u00fcgbar.","breadcrumb":{"@id":"https:\/\/dev.eliassen.nl\/de\/buntes-gemalde-frau-mit-vogeln-60x90cm\/#breadcrumb"},"inLanguage":"de","potentialAction":[{"@type":"ReadAction","target":["https:\/\/dev.eliassen.nl\/de\/buntes-gemalde-frau-mit-vogeln-60x90cm\/"]}]},{"@type":"ImageObject","inLanguage":"de","@id":"https:\/\/dev.eliassen.nl\/de\/buntes-gemalde-frau-mit-vogeln-60x90cm\/#primaryimage","url":"https:\/\/dev.eliassen.nl\/wp-content\/uploads\/2024\/11\/schilderijvrouwmetvogelseliassennlfk7128.jpg","contentUrl":"https:\/\/dev.eliassen.nl\/wp-content\/uploads\/2024\/11\/schilderijvrouwmetvogelseliassennlfk7128.jpg","width":1358,"height":2048,"caption":"Schilderij Vrouw met vogels Eliassen.nl fk7128"},{"@type":"BreadcrumbList","@id":"https:\/\/dev.eliassen.nl\/de\/buntes-gemalde-frau-mit-vogeln-60x90cm\/#breadcrumb","itemListElement":[{"@type":"ListItem","position":1,"name":"Home","item":"https:\/\/dev.eliassen.nl\/de\/"},{"@type":"ListItem","position":2,"name":"Shop","item":"https:\/\/dev.eliassen.nl\/nl\/winkel\/"},{"@type":"ListItem","position":3,"name":"Geen categorie","item":"https:\/\/dev.eliassen.nl\/de\/geen-categorie-de\/"},{"@type":"ListItem","position":4,"name":"Buntes Gem\u00e4lde Frau mit V\u00f6geln 60x90cm"}]},{"@type":"WebSite","@id":"https:\/\/dev.eliassen.nl\/de\/#website","url":"https:\/\/dev.eliassen.nl\/de\/","name":"Eliassen Home & Garden Pleasure","description":"","publisher":{"@id":"https:\/\/dev.eliassen.nl\/de\/#organization"},"alternateName":"Eliassen.nl","potentialAction":[{"@type":"SearchAction","target":{"@type":"EntryPoint","urlTemplate":"https:\/\/dev.eliassen.nl\/de\/?s={search_term_string}"},"query-input":{"@type":"PropertyValueSpecification","valueRequired":true,"valueName":"search_term_string"}}],"inLanguage":"de"},{"@type":"Organization","@id":"https:\/\/dev.eliassen.nl\/de\/#organization","name":"Eliassen Home & Garden Pleasure","url":"https:\/\/dev.eliassen.nl\/de\/","logo":{"@type":"ImageObject","inLanguage":"de","@id":"https:\/\/dev.eliassen.nl\/de\/#\/schema\/logo\/image\/","url":"https:\/\/www.eliassen.nl\/wp-content\/uploads\/2024\/01\/logo_4nd.jpg","contentUrl":"https:\/\/www.eliassen.nl\/wp-content\/uploads\/2024\/01\/logo_4nd.jpg","width":500,"height":500,"caption":"Eliassen Home & Garden Pleasure"},"image":{"@id":"https:\/\/dev.eliassen.nl\/de\/#\/schema\/logo\/image\/"},"sameAs":["https:\/\/www.facebook.com\/TuincentrumEliassenAmmerzoden","https:\/\/www.instagram.com\/eliassenhomeandgarden\/","https:\/\/nl.pinterest.com\/eliassenhomeandgarden\/","https:\/\/www.youtube.com\/@eliassenhomegardenpleasure4558"]}]}},"df_price":42.95,"df_sale_price":"","df_regular_price":42.95,"df_image_link":"https:\/\/dev.eliassen.nl\/wp-content\/uploads\/2024\/11\/schilderijvrouwmetvogelseliassennlfk7128.jpg","image":"https:\/\/dev.eliassen.nl\/wp-content\/uploads\/2024\/11\/schilderijvrouwmetvogelseliassennlfk7128.jpg","price_search":"<span class=\"woocommerce-Price-amount amount\"><bdi><span class=\"woocommerce-Price-currencySymbol\">&euro;<\/span>&nbsp;42,95<\/bdi><\/span>","category":"Geen categorie","_links":{"self":[{"href":"https:\/\/dev.eliassen.nl\/de\/wp-json\/wp\/v2\/product\/165657","targetHints":{"allow":["GET"]}}],"collection":[{"href":"https:\/\/dev.eliassen.nl\/de\/wp-json\/wp\/v2\/product"}],"about":[{"href":"https:\/\/dev.eliassen.nl\/de\/wp-json\/wp\/v2\/types\/product"}],"wp:featuredmedia":[{"embeddable":true,"href":"https:\/\/dev.eliassen.nl\/de\/wp-json\/wp\/v2\/media\/165654"}],"wp:attachment":[{"href":"https:\/\/dev.eliassen.nl\/de\/wp-json\/wp\/v2\/media?parent=165657"}],"wp:term":[{"taxonomy":"product_brand","embeddable":true,"href":"https:\/\/dev.eliassen.nl\/de\/wp-json\/wp\/v2\/product_brand?post=165657"},{"taxonomy":"product_cat","embeddable":true,"href":"https:\/\/dev.eliassen.nl\/de\/wp-json\/wp\/v2\/product_cat?post=165657"},{"taxonomy":"product_tag","embeddable":true,"href":"https:\/\/dev.eliassen.nl\/de\/wp-json\/wp\/v2\/product_tag?post=165657"}],"curies":[{"name":"wp","href":"https:\/\/api.w.org\/{rel}","templated":true}]}}