{"id":165678,"date":"2024-10-02T20:22:47","date_gmt":"2024-10-02T18:22:47","guid":{"rendered":"https:\/\/www.eliassen.nl\/?product=strass-glasschilderij-vips-80x80cm"},"modified":"2024-12-05T17:43:16","modified_gmt":"2024-12-05T16:43:16","slug":"strassglasgemalde-vips-80x80cm","status":"publish","type":"product","link":"https:\/\/dev.eliassen.nl\/de\/strassglasgemalde-vips-80x80cm\/","title":{"rendered":"Strassglasgem\u00e4lde VIP&#8217;s 80x80cm"},"content":{"rendered":"<p class=\"x_MsoNormal\">Suchen Sie ein hypermodernes Glasgem\u00e4lde mit verschiedenen Strass-Akzenten? Dann ist dieses Glasmalerei-Modell mit einer Vielzahl von Prominenten auf verschiedenen Pl\u00e4tzen genau das Richtige f\u00fcr Sie. Dieses quadratische Glasgem\u00e4lde hat sehr sch\u00f6ne Akzente mit Steinen auf zwei Quadraten in der Mitte, ist sorgf\u00e4ltig mit den sch\u00f6nsten Farbkompositionen und mit viel Liebe zum letzten Schliff gefertigt!<\/p>\n<p class=\"x_MsoNormal\">Das Ergebnis ist ein wundersch\u00f6nes Hochglanzgem\u00e4lde, bei dem die Strasssteine f\u00fcr einen angesagten, aber auch schicken Look sorgen.<\/p>\n<p class=\"x_MsoNormal\">Wir haben auch fast die gesamte Kollektion dieser Serie im Gesch\u00e4ft, was in den Niederlanden einzigartig ist.<\/p>\n<p class=\"x_MsoNormal\" data-olk-copy-source=\"MessageBody\">\u2022 Gr\u00f6\u00dfe 80 x 80 cm x 3 cm dicker Rahmen<\/p>\n<p class=\"x_MsoNormal\">\u2022 Ausgestattet mit Aufh\u00e4ngematerial<\/p>\n<p class=\"x_MsoNormal\">\u2022 4 mm dickes Sicherheitsglas<\/p>\n<p class=\"x_MsoNormal\">\u2022 Einfache Aufh\u00e4ngung mit 2 Schrauben<\/p>\n<p class=\"x_MsoNormal\">\u2022 Schnell geliefert<\/p>\n<p class=\"x_MsoNormal\">\u2022 Gr\u00f6\u00dfte Sammlung in den Benelux-L\u00e4ndern, die auch live besichtigt werden kann.<\/p>\n<p class=\"x_MsoNormal\">\u2022 1 Jahr Garantie<\/p>\n<p class=\"x_MsoNormal\">\u2022 Nur f\u00fcr den Innenbereich geeignet<\/p>\n","protected":false},"excerpt":{"rendered":"<p>Moderne Glasmalerei mit vielen Strass-Akzenten.<\/p>\n","protected":false},"featured_media":165666,"template":"","meta":{"_acf_changed":false},"product_brand":[6948],"product_cat":[410,443,7035],"product_tag":[],"class_list":{"0":"post-165678","1":"product","2":"type-product","3":"status-publish","4":"has-post-thumbnail","6":"product_brand-homebound-de","7":"product_cat-gemaelde","8":"product_cat-glasmalereien","9":"product_cat-strass-glasgemaelde","11":"first","12":"instock","13":"taxable","14":"shipping-taxable","15":"purchasable","16":"product-type-simple"},"acf":[],"yoast_head":"<!-- This site is optimized with the Yoast SEO plugin v23.8 - https:\/\/yoast.com\/wordpress\/plugins\/seo\/ -->\n<title>Strassglasmalerei VIP&#039;s 80x80cm - Eliassen.nl<\/title>\n<meta name=\"description\" content=\"Suchen Sie ein modernes Glasgem\u00e4lde mit Steinen? Diese modernen Glasgem\u00e4lde mit Strasseffekten werden Ihnen bestimmt gefallen. Bei uns live zu sehen!\" \/>\n<meta name=\"robots\" content=\"noindex, follow, max-snippet:-1, max-image-preview:large, max-video-preview:-1\" \/>\n<meta property=\"og:locale\" content=\"de_DE\" \/>\n<meta property=\"og:type\" content=\"article\" \/>\n<meta property=\"og:title\" content=\"Strassglasmalerei VIP&#039;s 80x80cm - Eliassen.nl\" \/>\n<meta property=\"og:description\" content=\"Suchen Sie ein modernes Glasgem\u00e4lde mit Steinen? Diese modernen Glasgem\u00e4lde mit Strasseffekten werden Ihnen bestimmt gefallen. Bei uns live zu sehen!\" \/>\n<meta property=\"og:url\" content=\"https:\/\/dev.eliassen.nl\/de\/strassglasgemalde-vips-80x80cm\/\" \/>\n<meta property=\"og:site_name\" content=\"Eliassen.nl\" \/>\n<meta property=\"article:publisher\" content=\"https:\/\/www.facebook.com\/TuincentrumEliassenAmmerzoden\" \/>\n<meta property=\"article:modified_time\" content=\"2024-12-05T16:43:16+00:00\" \/>\n<meta property=\"og:image\" content=\"https:\/\/dev.eliassen.nl\/wp-content\/uploads\/2024\/11\/glasschilderijvipseliassennlfk7126.jpg\" \/>\n\t<meta property=\"og:image:width\" content=\"403\" \/>\n\t<meta property=\"og:image:height\" content=\"395\" \/>\n\t<meta property=\"og:image:type\" content=\"image\/jpeg\" \/>\n<meta name=\"twitter:card\" content=\"summary_large_image\" \/>\n<script type=\"application\/ld+json\" class=\"yoast-schema-graph\">{\"@context\":\"https:\/\/schema.org\",\"@graph\":[{\"@type\":\"WebPage\",\"@id\":\"https:\/\/dev.eliassen.nl\/de\/strassglasgemalde-vips-80x80cm\/\",\"url\":\"https:\/\/dev.eliassen.nl\/de\/strassglasgemalde-vips-80x80cm\/\",\"name\":\"Strassglasmalerei VIP's 80x80cm - Eliassen.nl\",\"isPartOf\":{\"@id\":\"https:\/\/dev.eliassen.nl\/de\/#website\"},\"primaryImageOfPage\":{\"@id\":\"https:\/\/dev.eliassen.nl\/de\/strassglasgemalde-vips-80x80cm\/#primaryimage\"},\"image\":{\"@id\":\"https:\/\/dev.eliassen.nl\/de\/strassglasgemalde-vips-80x80cm\/#primaryimage\"},\"thumbnailUrl\":\"https:\/\/dev.eliassen.nl\/wp-content\/uploads\/2024\/11\/glasschilderijvipseliassennlfk7126.jpg\",\"datePublished\":\"2024-10-02T18:22:47+00:00\",\"dateModified\":\"2024-12-05T16:43:16+00:00\",\"description\":\"Suchen Sie ein modernes Glasgem\u00e4lde mit Steinen? Diese modernen Glasgem\u00e4lde mit Strasseffekten werden Ihnen bestimmt gefallen. Bei uns live zu sehen!\",\"breadcrumb\":{\"@id\":\"https:\/\/dev.eliassen.nl\/de\/strassglasgemalde-vips-80x80cm\/#breadcrumb\"},\"inLanguage\":\"de\",\"potentialAction\":[{\"@type\":\"ReadAction\",\"target\":[\"https:\/\/dev.eliassen.nl\/de\/strassglasgemalde-vips-80x80cm\/\"]}]},{\"@type\":\"ImageObject\",\"inLanguage\":\"de\",\"@id\":\"https:\/\/dev.eliassen.nl\/de\/strassglasgemalde-vips-80x80cm\/#primaryimage\",\"url\":\"https:\/\/dev.eliassen.nl\/wp-content\/uploads\/2024\/11\/glasschilderijvipseliassennlfk7126.jpg\",\"contentUrl\":\"https:\/\/dev.eliassen.nl\/wp-content\/uploads\/2024\/11\/glasschilderijvipseliassennlfk7126.jpg\",\"width\":403,\"height\":395,\"caption\":\"Glasschilderij VIPS Eliassen.nl fk7126\"},{\"@type\":\"BreadcrumbList\",\"@id\":\"https:\/\/dev.eliassen.nl\/de\/strassglasgemalde-vips-80x80cm\/#breadcrumb\",\"itemListElement\":[{\"@type\":\"ListItem\",\"position\":1,\"name\":\"Home\",\"item\":\"https:\/\/dev.eliassen.nl\/de\/\"},{\"@type\":\"ListItem\",\"position\":2,\"name\":\"Shop\",\"item\":\"https:\/\/dev.eliassen.nl\/nl\/winkel\/\"},{\"@type\":\"ListItem\",\"position\":3,\"name\":\"Glasmalereien\",\"item\":\"https:\/\/dev.eliassen.nl\/de\/gemaelde\/glasmalereien\/\"},{\"@type\":\"ListItem\",\"position\":4,\"name\":\"Strass-Glasgem\u00e4lde\",\"item\":\"https:\/\/dev.eliassen.nl\/de\/product-categorie\/glasmalereien\/strass-glasgemaelde\/\"},{\"@type\":\"ListItem\",\"position\":5,\"name\":\"Strassglasgem\u00e4lde VIP&#8217;s 80x80cm\"}]},{\"@type\":\"WebSite\",\"@id\":\"https:\/\/dev.eliassen.nl\/de\/#website\",\"url\":\"https:\/\/dev.eliassen.nl\/de\/\",\"name\":\"Eliassen Home & Garden Pleasure\",\"description\":\"\",\"publisher\":{\"@id\":\"https:\/\/dev.eliassen.nl\/de\/#organization\"},\"alternateName\":\"Eliassen.nl\",\"potentialAction\":[{\"@type\":\"SearchAction\",\"target\":{\"@type\":\"EntryPoint\",\"urlTemplate\":\"https:\/\/dev.eliassen.nl\/de\/?s={search_term_string}\"},\"query-input\":{\"@type\":\"PropertyValueSpecification\",\"valueRequired\":true,\"valueName\":\"search_term_string\"}}],\"inLanguage\":\"de\"},{\"@type\":\"Organization\",\"@id\":\"https:\/\/dev.eliassen.nl\/de\/#organization\",\"name\":\"Eliassen Home & Garden Pleasure\",\"url\":\"https:\/\/dev.eliassen.nl\/de\/\",\"logo\":{\"@type\":\"ImageObject\",\"inLanguage\":\"de\",\"@id\":\"https:\/\/dev.eliassen.nl\/de\/#\/schema\/logo\/image\/\",\"url\":\"https:\/\/www.eliassen.nl\/wp-content\/uploads\/2024\/01\/logo_4nd.jpg\",\"contentUrl\":\"https:\/\/www.eliassen.nl\/wp-content\/uploads\/2024\/01\/logo_4nd.jpg\",\"width\":500,\"height\":500,\"caption\":\"Eliassen Home & Garden Pleasure\"},\"image\":{\"@id\":\"https:\/\/dev.eliassen.nl\/de\/#\/schema\/logo\/image\/\"},\"sameAs\":[\"https:\/\/www.facebook.com\/TuincentrumEliassenAmmerzoden\",\"https:\/\/www.instagram.com\/eliassenhomeandgarden\/\",\"https:\/\/nl.pinterest.com\/eliassenhomeandgarden\/\",\"https:\/\/www.youtube.com\/@eliassenhomegardenpleasure4558\"]}]}<\/script>\n<!-- \/ Yoast SEO plugin. -->","yoast_head_json":{"title":"Strassglasmalerei VIP's 80x80cm - Eliassen.nl","description":"Suchen Sie ein modernes Glasgem\u00e4lde mit Steinen? Diese modernen Glasgem\u00e4lde mit Strasseffekten werden Ihnen bestimmt gefallen. Bei uns live zu sehen!","robots":{"index":"noindex","follow":"follow","max-snippet":"max-snippet:-1","max-image-preview":"max-image-preview:large","max-video-preview":"max-video-preview:-1"},"og_locale":"de_DE","og_type":"article","og_title":"Strassglasmalerei VIP's 80x80cm - Eliassen.nl","og_description":"Suchen Sie ein modernes Glasgem\u00e4lde mit Steinen? Diese modernen Glasgem\u00e4lde mit Strasseffekten werden Ihnen bestimmt gefallen. Bei uns live zu sehen!","og_url":"https:\/\/dev.eliassen.nl\/de\/strassglasgemalde-vips-80x80cm\/","og_site_name":"Eliassen.nl","article_publisher":"https:\/\/www.facebook.com\/TuincentrumEliassenAmmerzoden","article_modified_time":"2024-12-05T16:43:16+00:00","og_image":[{"width":403,"height":395,"url":"https:\/\/dev.eliassen.nl\/wp-content\/uploads\/2024\/11\/glasschilderijvipseliassennlfk7126.jpg","type":"image\/jpeg"}],"twitter_card":"summary_large_image","schema":{"@context":"https:\/\/schema.org","@graph":[{"@type":"WebPage","@id":"https:\/\/dev.eliassen.nl\/de\/strassglasgemalde-vips-80x80cm\/","url":"https:\/\/dev.eliassen.nl\/de\/strassglasgemalde-vips-80x80cm\/","name":"Strassglasmalerei VIP's 80x80cm - Eliassen.nl","isPartOf":{"@id":"https:\/\/dev.eliassen.nl\/de\/#website"},"primaryImageOfPage":{"@id":"https:\/\/dev.eliassen.nl\/de\/strassglasgemalde-vips-80x80cm\/#primaryimage"},"image":{"@id":"https:\/\/dev.eliassen.nl\/de\/strassglasgemalde-vips-80x80cm\/#primaryimage"},"thumbnailUrl":"https:\/\/dev.eliassen.nl\/wp-content\/uploads\/2024\/11\/glasschilderijvipseliassennlfk7126.jpg","datePublished":"2024-10-02T18:22:47+00:00","dateModified":"2024-12-05T16:43:16+00:00","description":"Suchen Sie ein modernes Glasgem\u00e4lde mit Steinen? Diese modernen Glasgem\u00e4lde mit Strasseffekten werden Ihnen bestimmt gefallen. Bei uns live zu sehen!","breadcrumb":{"@id":"https:\/\/dev.eliassen.nl\/de\/strassglasgemalde-vips-80x80cm\/#breadcrumb"},"inLanguage":"de","potentialAction":[{"@type":"ReadAction","target":["https:\/\/dev.eliassen.nl\/de\/strassglasgemalde-vips-80x80cm\/"]}]},{"@type":"ImageObject","inLanguage":"de","@id":"https:\/\/dev.eliassen.nl\/de\/strassglasgemalde-vips-80x80cm\/#primaryimage","url":"https:\/\/dev.eliassen.nl\/wp-content\/uploads\/2024\/11\/glasschilderijvipseliassennlfk7126.jpg","contentUrl":"https:\/\/dev.eliassen.nl\/wp-content\/uploads\/2024\/11\/glasschilderijvipseliassennlfk7126.jpg","width":403,"height":395,"caption":"Glasschilderij VIPS Eliassen.nl fk7126"},{"@type":"BreadcrumbList","@id":"https:\/\/dev.eliassen.nl\/de\/strassglasgemalde-vips-80x80cm\/#breadcrumb","itemListElement":[{"@type":"ListItem","position":1,"name":"Home","item":"https:\/\/dev.eliassen.nl\/de\/"},{"@type":"ListItem","position":2,"name":"Shop","item":"https:\/\/dev.eliassen.nl\/nl\/winkel\/"},{"@type":"ListItem","position":3,"name":"Glasmalereien","item":"https:\/\/dev.eliassen.nl\/de\/gemaelde\/glasmalereien\/"},{"@type":"ListItem","position":4,"name":"Strass-Glasgem\u00e4lde","item":"https:\/\/dev.eliassen.nl\/de\/product-categorie\/glasmalereien\/strass-glasgemaelde\/"},{"@type":"ListItem","position":5,"name":"Strassglasgem\u00e4lde VIP&#8217;s 80x80cm"}]},{"@type":"WebSite","@id":"https:\/\/dev.eliassen.nl\/de\/#website","url":"https:\/\/dev.eliassen.nl\/de\/","name":"Eliassen Home & Garden Pleasure","description":"","publisher":{"@id":"https:\/\/dev.eliassen.nl\/de\/#organization"},"alternateName":"Eliassen.nl","potentialAction":[{"@type":"SearchAction","target":{"@type":"EntryPoint","urlTemplate":"https:\/\/dev.eliassen.nl\/de\/?s={search_term_string}"},"query-input":{"@type":"PropertyValueSpecification","valueRequired":true,"valueName":"search_term_string"}}],"inLanguage":"de"},{"@type":"Organization","@id":"https:\/\/dev.eliassen.nl\/de\/#organization","name":"Eliassen Home & Garden Pleasure","url":"https:\/\/dev.eliassen.nl\/de\/","logo":{"@type":"ImageObject","inLanguage":"de","@id":"https:\/\/dev.eliassen.nl\/de\/#\/schema\/logo\/image\/","url":"https:\/\/www.eliassen.nl\/wp-content\/uploads\/2024\/01\/logo_4nd.jpg","contentUrl":"https:\/\/www.eliassen.nl\/wp-content\/uploads\/2024\/01\/logo_4nd.jpg","width":500,"height":500,"caption":"Eliassen Home & Garden Pleasure"},"image":{"@id":"https:\/\/dev.eliassen.nl\/de\/#\/schema\/logo\/image\/"},"sameAs":["https:\/\/www.facebook.com\/TuincentrumEliassenAmmerzoden","https:\/\/www.instagram.com\/eliassenhomeandgarden\/","https:\/\/nl.pinterest.com\/eliassenhomeandgarden\/","https:\/\/www.youtube.com\/@eliassenhomegardenpleasure4558"]}]}},"df_price":139,"df_sale_price":"","df_regular_price":139,"df_image_link":"https:\/\/dev.eliassen.nl\/wp-content\/uploads\/2024\/11\/glasschilderijvipseliassennlfk7126.jpg","image":"https:\/\/dev.eliassen.nl\/wp-content\/uploads\/2024\/11\/glasschilderijvipseliassennlfk7126.jpg","price_search":"<span class=\"woocommerce-Price-amount amount\"><bdi><span class=\"woocommerce-Price-currencySymbol\">&euro;<\/span>&nbsp;139,00<\/bdi><\/span>","category":"Gem\u00e4lde","_links":{"self":[{"href":"https:\/\/dev.eliassen.nl\/de\/wp-json\/wp\/v2\/product\/165678","targetHints":{"allow":["GET"]}}],"collection":[{"href":"https:\/\/dev.eliassen.nl\/de\/wp-json\/wp\/v2\/product"}],"about":[{"href":"https:\/\/dev.eliassen.nl\/de\/wp-json\/wp\/v2\/types\/product"}],"wp:featuredmedia":[{"embeddable":true,"href":"https:\/\/dev.eliassen.nl\/de\/wp-json\/wp\/v2\/media\/165666"}],"wp:attachment":[{"href":"https:\/\/dev.eliassen.nl\/de\/wp-json\/wp\/v2\/media?parent=165678"}],"wp:term":[{"taxonomy":"product_brand","embeddable":true,"href":"https:\/\/dev.eliassen.nl\/de\/wp-json\/wp\/v2\/product_brand?post=165678"},{"taxonomy":"product_cat","embeddable":true,"href":"https:\/\/dev.eliassen.nl\/de\/wp-json\/wp\/v2\/product_cat?post=165678"},{"taxonomy":"product_tag","embeddable":true,"href":"https:\/\/dev.eliassen.nl\/de\/wp-json\/wp\/v2\/product_tag?post=165678"}],"curies":[{"name":"wp","href":"https:\/\/api.w.org\/{rel}","templated":true}]}}