{"id":16576,"date":"2019-10-28T18:32:41","date_gmt":"2019-10-28T17:32:41","guid":{"rendered":"https:\/\/www.eliassen.nl\/?product=mist-maker-pondofog-pontec"},"modified":"2024-12-05T15:25:28","modified_gmt":"2024-12-05T14:25:28","slug":"nebelmacher-pondofog-pontec","status":"publish","type":"product","link":"https:\/\/dev.eliassen.nl\/de\/nebelmacher-pondofog-pontec\/","title":{"rendered":"Nebelmacher Pondofog Pontec"},"content":{"rendered":"<p>Mit dem Pontec PondoFog kaufen Sie einen sehr stimmungsvollen Nebelerzeuger, der f\u00fcr die sch\u00f6nsten Effekte in Ihrem Springbrunnen, Wasserspiel oder Teich sorgen wird.<\/p>\n<p>Der Pontec PondoFog hat einen sehr geringen Energieverbrauch. Der Pontec PondoFog verf\u00fcgt \u00fcber eine farbenfrohe LED-Beleuchtung, die zusammen mit dem Nebel Ihren Teich in besondere Atmosph\u00e4ren verwandelt.<\/p>\n<p>F\u00fcr einen besonderen Effekt stellen Sie den Pontec PondoFog direkt in das Wasser Ihres Brunnens oder unter die D\u00fcse in Ihrem Teich, Sie werden sehen, es entsteht eine stimmungsvolle, geheimnisvolle Komposition aus Licht, Wasser und Nebel, an der Sie sich sicher erfreuen werden. Nur f\u00fcr offene Wasserspiele und Springbrunnen zu verwenden, bei denen der Nebelerzeuger direkt im offenen Wasser liegen kann.<\/p>\n<p><b>Technische Spezifikationen:<\/b><\/p>\n<ul>\n<li>RGB-Nebelger\u00e4t f\u00fcr den Innen- und Au\u00dfenbereich, wechselnde Lichtfarben.<\/li>\n<li>Leistung: 24 V 20 Watt<\/li>\n<li>Set mit 10 m Kabel, Kabeltransformator, Nebler und Schwimmring<\/li>\n<li>Mit buntem RGB-LED-Licht f\u00fcr eine mystische Atmosph\u00e4re<\/li>\n<li>Inklusive Ersatzmembran und Schl\u00fcssel zum Austausch<\/li>\n<li>F\u00fcr Nassaufstellung, IP 68<\/li>\n<li>Einfache Installation<\/li>\n<li>Durchmesser 110 mm x H\u00f6he 65 mm<\/li>\n<li>schaltet sich ab, wenn der Wasserstand zu flach ist<\/li>\n<\/ul>\n<p><strong>Verwenden Sie vorzugsweise Regenwasser wegen Kalkablagerungen auf dem Nebler<\/strong><\/p>\n<p>\u00a0<\/p>\n","protected":false},"excerpt":{"rendered":"<p>Mit dem Pontec PondoFog kaufen Sie einen sehr stimmungsvollen Nebelerzeuger, der f\u00fcr die sch\u00f6nsten Effekte in Ihrem Springbrunnen, Wasserspiel oder Teich sorgen wird. Der Pontec PondoFog hat einen sehr geringen Energieverbrauch. Der Pontec PondoFog verf\u00fcgt \u00fcber eine farbenfrohe LED-Beleuchtung, die zusammen mit dem Nebel Ihren Teich in besondere Atmosph\u00e4ren verwandelt. F\u00fcr einen besonderen Effekt stellen &hellip;<\/p>\n","protected":false},"featured_media":16552,"template":"","meta":{"_acf_changed":false},"product_brand":[6932],"product_cat":[545,536],"product_tag":[],"class_list":{"0":"post-16576","1":"product","2":"type-product","3":"status-publish","4":"has-post-thumbnail","6":"product_brand-oase-de","7":"product_cat-teile-wasserspiele","8":"product_cat-wassereigenschaften","10":"first","11":"instock","12":"taxable","13":"shipping-taxable","14":"purchasable","15":"product-type-simple"},"acf":[],"yoast_head":"<!-- This site is optimized with the Yoast SEO plugin v23.8 - https:\/\/yoast.com\/wordpress\/plugins\/seo\/ -->\n<title>Nebelmaschine Pondofog Pontec<\/title>\n<meta name=\"description\" content=\"Bij Eliassen koopt u Mistmaker Pondofog Pontec online of live te bekijken in de showroom. Wij hebben de mooiste waterornamenten, onderdelen waterornamenten\" \/>\n<meta name=\"robots\" content=\"noindex, follow, max-snippet:-1, max-image-preview:large, max-video-preview:-1\" \/>\n<meta property=\"og:locale\" content=\"de_DE\" \/>\n<meta property=\"og:type\" content=\"article\" \/>\n<meta property=\"og:title\" content=\"Nebelmaschine Pondofog Pontec\" \/>\n<meta property=\"og:description\" content=\"Bij Eliassen koopt u Mistmaker Pondofog Pontec online of live te bekijken in de showroom. Wij hebben de mooiste waterornamenten, onderdelen waterornamenten\" \/>\n<meta property=\"og:url\" content=\"https:\/\/dev.eliassen.nl\/de\/nebelmacher-pondofog-pontec\/\" \/>\n<meta property=\"og:site_name\" content=\"Eliassen.nl\" \/>\n<meta property=\"article:publisher\" content=\"https:\/\/www.facebook.com\/TuincentrumEliassenAmmerzoden\" \/>\n<meta property=\"article:modified_time\" content=\"2024-12-05T14:25:28+00:00\" \/>\n<meta property=\"og:image\" content=\"https:\/\/dev.eliassen.nl\/wp-content\/uploads\/2024\/01\/pontecpondofogvijvermistmaker.jpg\" \/>\n\t<meta property=\"og:image:width\" content=\"1000\" \/>\n\t<meta property=\"og:image:height\" content=\"1024\" \/>\n\t<meta property=\"og:image:type\" content=\"image\/jpeg\" \/>\n<meta name=\"twitter:card\" content=\"summary_large_image\" \/>\n<script type=\"application\/ld+json\" class=\"yoast-schema-graph\">{\"@context\":\"https:\/\/schema.org\",\"@graph\":[{\"@type\":\"WebPage\",\"@id\":\"https:\/\/dev.eliassen.nl\/de\/nebelmacher-pondofog-pontec\/\",\"url\":\"https:\/\/dev.eliassen.nl\/de\/nebelmacher-pondofog-pontec\/\",\"name\":\"Nebelmaschine Pondofog Pontec\",\"isPartOf\":{\"@id\":\"https:\/\/dev.eliassen.nl\/de\/#website\"},\"primaryImageOfPage\":{\"@id\":\"https:\/\/dev.eliassen.nl\/de\/nebelmacher-pondofog-pontec\/#primaryimage\"},\"image\":{\"@id\":\"https:\/\/dev.eliassen.nl\/de\/nebelmacher-pondofog-pontec\/#primaryimage\"},\"thumbnailUrl\":\"https:\/\/dev.eliassen.nl\/wp-content\/uploads\/2024\/01\/pontecpondofogvijvermistmaker.jpg\",\"datePublished\":\"2019-10-28T17:32:41+00:00\",\"dateModified\":\"2024-12-05T14:25:28+00:00\",\"description\":\"Bij Eliassen koopt u Mistmaker Pondofog Pontec online of live te bekijken in de showroom. Wij hebben de mooiste waterornamenten, onderdelen waterornamenten\",\"breadcrumb\":{\"@id\":\"https:\/\/dev.eliassen.nl\/de\/nebelmacher-pondofog-pontec\/#breadcrumb\"},\"inLanguage\":\"de\",\"potentialAction\":[{\"@type\":\"ReadAction\",\"target\":[\"https:\/\/dev.eliassen.nl\/de\/nebelmacher-pondofog-pontec\/\"]}]},{\"@type\":\"ImageObject\",\"inLanguage\":\"de\",\"@id\":\"https:\/\/dev.eliassen.nl\/de\/nebelmacher-pondofog-pontec\/#primaryimage\",\"url\":\"https:\/\/dev.eliassen.nl\/wp-content\/uploads\/2024\/01\/pontecpondofogvijvermistmaker.jpg\",\"contentUrl\":\"https:\/\/dev.eliassen.nl\/wp-content\/uploads\/2024\/01\/pontecpondofogvijvermistmaker.jpg\",\"width\":1000,\"height\":1024,\"caption\":\"pontec-pondofog-vijvermistmaker\"},{\"@type\":\"BreadcrumbList\",\"@id\":\"https:\/\/dev.eliassen.nl\/de\/nebelmacher-pondofog-pontec\/#breadcrumb\",\"itemListElement\":[{\"@type\":\"ListItem\",\"position\":1,\"name\":\"Home\",\"item\":\"https:\/\/dev.eliassen.nl\/de\/\"},{\"@type\":\"ListItem\",\"position\":2,\"name\":\"Shop\",\"item\":\"https:\/\/dev.eliassen.nl\/nl\/winkel\/\"},{\"@type\":\"ListItem\",\"position\":3,\"name\":\"Wasserspiele\",\"item\":\"https:\/\/dev.eliassen.nl\/de\/wassereigenschaften\/\"},{\"@type\":\"ListItem\",\"position\":4,\"name\":\"Teile Wasserspiele\",\"item\":\"https:\/\/dev.eliassen.nl\/de\/wassereigenschaften\/teile-wasserspiele\/\"},{\"@type\":\"ListItem\",\"position\":5,\"name\":\"Nebelmacher Pondofog Pontec\"}]},{\"@type\":\"WebSite\",\"@id\":\"https:\/\/dev.eliassen.nl\/de\/#website\",\"url\":\"https:\/\/dev.eliassen.nl\/de\/\",\"name\":\"Eliassen Home & Garden Pleasure\",\"description\":\"\",\"publisher\":{\"@id\":\"https:\/\/dev.eliassen.nl\/de\/#organization\"},\"alternateName\":\"Eliassen.nl\",\"potentialAction\":[{\"@type\":\"SearchAction\",\"target\":{\"@type\":\"EntryPoint\",\"urlTemplate\":\"https:\/\/dev.eliassen.nl\/de\/?s={search_term_string}\"},\"query-input\":{\"@type\":\"PropertyValueSpecification\",\"valueRequired\":true,\"valueName\":\"search_term_string\"}}],\"inLanguage\":\"de\"},{\"@type\":\"Organization\",\"@id\":\"https:\/\/dev.eliassen.nl\/de\/#organization\",\"name\":\"Eliassen Home & Garden Pleasure\",\"url\":\"https:\/\/dev.eliassen.nl\/de\/\",\"logo\":{\"@type\":\"ImageObject\",\"inLanguage\":\"de\",\"@id\":\"https:\/\/dev.eliassen.nl\/de\/#\/schema\/logo\/image\/\",\"url\":\"https:\/\/www.eliassen.nl\/wp-content\/uploads\/2024\/01\/logo_4nd.jpg\",\"contentUrl\":\"https:\/\/www.eliassen.nl\/wp-content\/uploads\/2024\/01\/logo_4nd.jpg\",\"width\":500,\"height\":500,\"caption\":\"Eliassen Home & Garden Pleasure\"},\"image\":{\"@id\":\"https:\/\/dev.eliassen.nl\/de\/#\/schema\/logo\/image\/\"},\"sameAs\":[\"https:\/\/www.facebook.com\/TuincentrumEliassenAmmerzoden\",\"https:\/\/www.instagram.com\/eliassenhomeandgarden\/\",\"https:\/\/nl.pinterest.com\/eliassenhomeandgarden\/\",\"https:\/\/www.youtube.com\/@eliassenhomegardenpleasure4558\"]}]}<\/script>\n<!-- \/ Yoast SEO plugin. -->","yoast_head_json":{"title":"Nebelmaschine Pondofog Pontec","description":"Bij Eliassen koopt u Mistmaker Pondofog Pontec online of live te bekijken in de showroom. Wij hebben de mooiste waterornamenten, onderdelen waterornamenten","robots":{"index":"noindex","follow":"follow","max-snippet":"max-snippet:-1","max-image-preview":"max-image-preview:large","max-video-preview":"max-video-preview:-1"},"og_locale":"de_DE","og_type":"article","og_title":"Nebelmaschine Pondofog Pontec","og_description":"Bij Eliassen koopt u Mistmaker Pondofog Pontec online of live te bekijken in de showroom. Wij hebben de mooiste waterornamenten, onderdelen waterornamenten","og_url":"https:\/\/dev.eliassen.nl\/de\/nebelmacher-pondofog-pontec\/","og_site_name":"Eliassen.nl","article_publisher":"https:\/\/www.facebook.com\/TuincentrumEliassenAmmerzoden","article_modified_time":"2024-12-05T14:25:28+00:00","og_image":[{"width":1000,"height":1024,"url":"https:\/\/dev.eliassen.nl\/wp-content\/uploads\/2024\/01\/pontecpondofogvijvermistmaker.jpg","type":"image\/jpeg"}],"twitter_card":"summary_large_image","schema":{"@context":"https:\/\/schema.org","@graph":[{"@type":"WebPage","@id":"https:\/\/dev.eliassen.nl\/de\/nebelmacher-pondofog-pontec\/","url":"https:\/\/dev.eliassen.nl\/de\/nebelmacher-pondofog-pontec\/","name":"Nebelmaschine Pondofog Pontec","isPartOf":{"@id":"https:\/\/dev.eliassen.nl\/de\/#website"},"primaryImageOfPage":{"@id":"https:\/\/dev.eliassen.nl\/de\/nebelmacher-pondofog-pontec\/#primaryimage"},"image":{"@id":"https:\/\/dev.eliassen.nl\/de\/nebelmacher-pondofog-pontec\/#primaryimage"},"thumbnailUrl":"https:\/\/dev.eliassen.nl\/wp-content\/uploads\/2024\/01\/pontecpondofogvijvermistmaker.jpg","datePublished":"2019-10-28T17:32:41+00:00","dateModified":"2024-12-05T14:25:28+00:00","description":"Bij Eliassen koopt u Mistmaker Pondofog Pontec online of live te bekijken in de showroom. Wij hebben de mooiste waterornamenten, onderdelen waterornamenten","breadcrumb":{"@id":"https:\/\/dev.eliassen.nl\/de\/nebelmacher-pondofog-pontec\/#breadcrumb"},"inLanguage":"de","potentialAction":[{"@type":"ReadAction","target":["https:\/\/dev.eliassen.nl\/de\/nebelmacher-pondofog-pontec\/"]}]},{"@type":"ImageObject","inLanguage":"de","@id":"https:\/\/dev.eliassen.nl\/de\/nebelmacher-pondofog-pontec\/#primaryimage","url":"https:\/\/dev.eliassen.nl\/wp-content\/uploads\/2024\/01\/pontecpondofogvijvermistmaker.jpg","contentUrl":"https:\/\/dev.eliassen.nl\/wp-content\/uploads\/2024\/01\/pontecpondofogvijvermistmaker.jpg","width":1000,"height":1024,"caption":"pontec-pondofog-vijvermistmaker"},{"@type":"BreadcrumbList","@id":"https:\/\/dev.eliassen.nl\/de\/nebelmacher-pondofog-pontec\/#breadcrumb","itemListElement":[{"@type":"ListItem","position":1,"name":"Home","item":"https:\/\/dev.eliassen.nl\/de\/"},{"@type":"ListItem","position":2,"name":"Shop","item":"https:\/\/dev.eliassen.nl\/nl\/winkel\/"},{"@type":"ListItem","position":3,"name":"Wasserspiele","item":"https:\/\/dev.eliassen.nl\/de\/wassereigenschaften\/"},{"@type":"ListItem","position":4,"name":"Teile Wasserspiele","item":"https:\/\/dev.eliassen.nl\/de\/wassereigenschaften\/teile-wasserspiele\/"},{"@type":"ListItem","position":5,"name":"Nebelmacher Pondofog Pontec"}]},{"@type":"WebSite","@id":"https:\/\/dev.eliassen.nl\/de\/#website","url":"https:\/\/dev.eliassen.nl\/de\/","name":"Eliassen Home & Garden Pleasure","description":"","publisher":{"@id":"https:\/\/dev.eliassen.nl\/de\/#organization"},"alternateName":"Eliassen.nl","potentialAction":[{"@type":"SearchAction","target":{"@type":"EntryPoint","urlTemplate":"https:\/\/dev.eliassen.nl\/de\/?s={search_term_string}"},"query-input":{"@type":"PropertyValueSpecification","valueRequired":true,"valueName":"search_term_string"}}],"inLanguage":"de"},{"@type":"Organization","@id":"https:\/\/dev.eliassen.nl\/de\/#organization","name":"Eliassen Home & Garden Pleasure","url":"https:\/\/dev.eliassen.nl\/de\/","logo":{"@type":"ImageObject","inLanguage":"de","@id":"https:\/\/dev.eliassen.nl\/de\/#\/schema\/logo\/image\/","url":"https:\/\/www.eliassen.nl\/wp-content\/uploads\/2024\/01\/logo_4nd.jpg","contentUrl":"https:\/\/www.eliassen.nl\/wp-content\/uploads\/2024\/01\/logo_4nd.jpg","width":500,"height":500,"caption":"Eliassen Home & Garden Pleasure"},"image":{"@id":"https:\/\/dev.eliassen.nl\/de\/#\/schema\/logo\/image\/"},"sameAs":["https:\/\/www.facebook.com\/TuincentrumEliassenAmmerzoden","https:\/\/www.instagram.com\/eliassenhomeandgarden\/","https:\/\/nl.pinterest.com\/eliassenhomeandgarden\/","https:\/\/www.youtube.com\/@eliassenhomegardenpleasure4558"]}]}},"df_price":74.5,"df_sale_price":"","df_regular_price":74.5,"df_image_link":"https:\/\/dev.eliassen.nl\/wp-content\/uploads\/2024\/01\/pontecpondofogvijvermistmaker.jpg","image":"https:\/\/dev.eliassen.nl\/wp-content\/uploads\/2024\/01\/pontecpondofogvijvermistmaker.jpg","price_search":"<span class=\"woocommerce-Price-amount amount\"><bdi><span class=\"woocommerce-Price-currencySymbol\">&euro;<\/span>&nbsp;74,50<\/bdi><\/span>","category":"Teile Wasserspiele","_links":{"self":[{"href":"https:\/\/dev.eliassen.nl\/de\/wp-json\/wp\/v2\/product\/16576","targetHints":{"allow":["GET"]}}],"collection":[{"href":"https:\/\/dev.eliassen.nl\/de\/wp-json\/wp\/v2\/product"}],"about":[{"href":"https:\/\/dev.eliassen.nl\/de\/wp-json\/wp\/v2\/types\/product"}],"wp:featuredmedia":[{"embeddable":true,"href":"https:\/\/dev.eliassen.nl\/de\/wp-json\/wp\/v2\/media\/16552"}],"wp:attachment":[{"href":"https:\/\/dev.eliassen.nl\/de\/wp-json\/wp\/v2\/media?parent=16576"}],"wp:term":[{"taxonomy":"product_brand","embeddable":true,"href":"https:\/\/dev.eliassen.nl\/de\/wp-json\/wp\/v2\/product_brand?post=16576"},{"taxonomy":"product_cat","embeddable":true,"href":"https:\/\/dev.eliassen.nl\/de\/wp-json\/wp\/v2\/product_cat?post=16576"},{"taxonomy":"product_tag","embeddable":true,"href":"https:\/\/dev.eliassen.nl\/de\/wp-json\/wp\/v2\/product_tag?post=16576"}],"curies":[{"name":"wp","href":"https:\/\/api.w.org\/{rel}","templated":true}]}}