{"id":165885,"date":"2024-10-02T19:08:36","date_gmt":"2024-10-02T17:08:36","guid":{"rendered":"https:\/\/www.eliassen.nl\/?product=schilderij-canvas-vrouwengezicht-bruin-80x120cm"},"modified":"2024-12-05T17:43:42","modified_gmt":"2024-12-05T16:43:42","slug":"gemalde-auf-leinwand-frauengesicht-braun-80x120cm","status":"publish","type":"product","link":"https:\/\/dev.eliassen.nl\/de\/gemalde-auf-leinwand-frauengesicht-braun-80x120cm\/","title":{"rendered":"Gem\u00e4lde auf Leinwand Frauengesicht braun 80x120cm"},"content":{"rendered":"<p class=\"x_MsoNormal\" data-olk-copy-source=\"MessageBody\">Suchen Sie ein modernes Leinwandgem\u00e4lde mit ruhigen Farben? Dann ist dieses Modellgem\u00e4lde einer ruhigen Frau, die Sie umgeben von Bl\u00e4ttern direkt ansieht, definitiv etwas f\u00fcr Sie. Dieses hohe Leinwandgem\u00e4lde hat eine Reihe ruhiger Farben und einen Rahmen in schwarzer Farbe und mit viel Liebe zum letzten Schliff.<\/p>\n<p>Dieses Leinwandgem\u00e4lde wurde bei der Herstellung einem sehr modernen Verfahren unterzogen. Die Leinwand ist bedruckt.<\/p>\n<p class=\"x_MsoNormal\">Wir haben fast die gesamte Kollektion dieser Serie im Gesch\u00e4ft ausgestellt und k\u00f6nnen online bestellt werden, was in den Niederlanden einzigartig ist.<\/p>\n<ul type=\"disc\">\n<li class=\"x_MsoNormal\">Gr\u00f6\u00dfe 80x120cm<\/li>\n<li class=\"x_MsoNormal\">Ausgestattet mit einem schwarzen Backrahmen von 3 cm Dicke und 8 mm Breite vorne<\/li>\n<li class=\"x_MsoNormal\">Robuste Leinwand<\/li>\n<li class=\"x_MsoNormal\">Einfache Aufh\u00e4ngung mit 1 Schraube<\/li>\n<li class=\"x_MsoNormal\">Schnell geliefert<\/li>\n<li class=\"x_MsoNormal\">Gr\u00f6\u00dfte Sammlung in den Benelux-L\u00e4ndern, die auch live besichtigt werden kann.<\/li>\n<li class=\"x_MsoNormal\">1 Jahr Garantie<\/li>\n<li class=\"x_MsoNormal\">Nur zur Verwendung im Innenbereich<\/li>\n<\/ul>\n","protected":false},"excerpt":{"rendered":"<p>Modernes Leinwandgem\u00e4lde mit dem Gesicht einer sch\u00f6nen Frau.<\/p>\n","protected":false},"featured_media":165879,"template":"","meta":{"_acf_changed":false},"product_brand":[6948],"product_cat":[410,476],"product_tag":[],"class_list":{"0":"post-165885","1":"product","2":"type-product","3":"status-publish","4":"has-post-thumbnail","6":"product_brand-homebound-de","7":"product_cat-gemaelde","8":"product_cat-gemaelde-auf-leinwand","10":"first","11":"instock","12":"taxable","13":"shipping-taxable","14":"purchasable","15":"product-type-simple"},"acf":[],"yoast_head":"<!-- This site is optimized with the Yoast SEO plugin v23.8 - https:\/\/yoast.com\/wordpress\/plugins\/seo\/ -->\n<title>Gem\u00e4lde auf Leinwand Frauengesicht braun 80x120cm - Eliassen.nl<\/title>\n<meta name=\"description\" content=\"Suchen Sie ein modernes Gem\u00e4lde? Diese modernen Leinwandbilder mit ruhigen Farben werden Ihnen auf jeden Fall gefallen. Bei uns live zu sehen! Online verf\u00fcgbar.\" \/>\n<meta name=\"robots\" content=\"noindex, follow, max-snippet:-1, max-image-preview:large, max-video-preview:-1\" \/>\n<meta property=\"og:locale\" content=\"de_DE\" \/>\n<meta property=\"og:type\" content=\"article\" \/>\n<meta property=\"og:title\" content=\"Gem\u00e4lde auf Leinwand Frauengesicht braun 80x120cm - Eliassen.nl\" \/>\n<meta property=\"og:description\" content=\"Suchen Sie ein modernes Gem\u00e4lde? Diese modernen Leinwandbilder mit ruhigen Farben werden Ihnen auf jeden Fall gefallen. Bei uns live zu sehen! Online verf\u00fcgbar.\" \/>\n<meta property=\"og:url\" content=\"https:\/\/dev.eliassen.nl\/de\/gemalde-auf-leinwand-frauengesicht-braun-80x120cm\/\" \/>\n<meta property=\"og:site_name\" content=\"Eliassen.nl\" \/>\n<meta property=\"article:publisher\" content=\"https:\/\/www.facebook.com\/TuincentrumEliassenAmmerzoden\" \/>\n<meta property=\"article:modified_time\" content=\"2024-12-05T16:43:42+00:00\" \/>\n<meta property=\"og:image\" content=\"https:\/\/dev.eliassen.nl\/wp-content\/uploads\/2024\/11\/canvasschilderijvrouwenhoofdmetgoudeffecteli.jpg\" \/>\n\t<meta property=\"og:image:width\" content=\"1000\" \/>\n\t<meta property=\"og:image:height\" content=\"1000\" \/>\n\t<meta property=\"og:image:type\" content=\"image\/jpeg\" \/>\n<meta name=\"twitter:card\" content=\"summary_large_image\" \/>\n<script type=\"application\/ld+json\" class=\"yoast-schema-graph\">{\"@context\":\"https:\/\/schema.org\",\"@graph\":[{\"@type\":\"WebPage\",\"@id\":\"https:\/\/dev.eliassen.nl\/de\/gemalde-auf-leinwand-frauengesicht-braun-80x120cm\/\",\"url\":\"https:\/\/dev.eliassen.nl\/de\/gemalde-auf-leinwand-frauengesicht-braun-80x120cm\/\",\"name\":\"Gem\u00e4lde auf Leinwand Frauengesicht braun 80x120cm - Eliassen.nl\",\"isPartOf\":{\"@id\":\"https:\/\/dev.eliassen.nl\/de\/#website\"},\"primaryImageOfPage\":{\"@id\":\"https:\/\/dev.eliassen.nl\/de\/gemalde-auf-leinwand-frauengesicht-braun-80x120cm\/#primaryimage\"},\"image\":{\"@id\":\"https:\/\/dev.eliassen.nl\/de\/gemalde-auf-leinwand-frauengesicht-braun-80x120cm\/#primaryimage\"},\"thumbnailUrl\":\"https:\/\/dev.eliassen.nl\/wp-content\/uploads\/2024\/11\/canvasschilderijvrouwenhoofdmetgoudeffecteli.jpg\",\"datePublished\":\"2024-10-02T17:08:36+00:00\",\"dateModified\":\"2024-12-05T16:43:42+00:00\",\"description\":\"Suchen Sie ein modernes Gem\u00e4lde? Diese modernen Leinwandbilder mit ruhigen Farben werden Ihnen auf jeden Fall gefallen. Bei uns live zu sehen! Online verf\u00fcgbar.\",\"breadcrumb\":{\"@id\":\"https:\/\/dev.eliassen.nl\/de\/gemalde-auf-leinwand-frauengesicht-braun-80x120cm\/#breadcrumb\"},\"inLanguage\":\"de\",\"potentialAction\":[{\"@type\":\"ReadAction\",\"target\":[\"https:\/\/dev.eliassen.nl\/de\/gemalde-auf-leinwand-frauengesicht-braun-80x120cm\/\"]}]},{\"@type\":\"ImageObject\",\"inLanguage\":\"de\",\"@id\":\"https:\/\/dev.eliassen.nl\/de\/gemalde-auf-leinwand-frauengesicht-braun-80x120cm\/#primaryimage\",\"url\":\"https:\/\/dev.eliassen.nl\/wp-content\/uploads\/2024\/11\/canvasschilderijvrouwenhoofdmetgoudeffecteli.jpg\",\"contentUrl\":\"https:\/\/dev.eliassen.nl\/wp-content\/uploads\/2024\/11\/canvasschilderijvrouwenhoofdmetgoudeffecteli.jpg\",\"width\":1000,\"height\":1000,\"caption\":\"Canvas schilderij Vrouwen hoofd met goudeffect Eliassen.nl fk2157\"},{\"@type\":\"BreadcrumbList\",\"@id\":\"https:\/\/dev.eliassen.nl\/de\/gemalde-auf-leinwand-frauengesicht-braun-80x120cm\/#breadcrumb\",\"itemListElement\":[{\"@type\":\"ListItem\",\"position\":1,\"name\":\"Home\",\"item\":\"https:\/\/dev.eliassen.nl\/de\/\"},{\"@type\":\"ListItem\",\"position\":2,\"name\":\"Shop\",\"item\":\"https:\/\/dev.eliassen.nl\/nl\/winkel\/\"},{\"@type\":\"ListItem\",\"position\":3,\"name\":\"Gem\u00e4lde\",\"item\":\"https:\/\/dev.eliassen.nl\/de\/gemaelde\/\"},{\"@type\":\"ListItem\",\"position\":4,\"name\":\"Gem\u00e4lde auf Leinwand\",\"item\":\"https:\/\/dev.eliassen.nl\/de\/gemaelde\/gemaelde-auf-leinwand\/\"},{\"@type\":\"ListItem\",\"position\":5,\"name\":\"Gem\u00e4lde auf Leinwand Frauengesicht braun 80x120cm\"}]},{\"@type\":\"WebSite\",\"@id\":\"https:\/\/dev.eliassen.nl\/de\/#website\",\"url\":\"https:\/\/dev.eliassen.nl\/de\/\",\"name\":\"Eliassen Home & Garden Pleasure\",\"description\":\"\",\"publisher\":{\"@id\":\"https:\/\/dev.eliassen.nl\/de\/#organization\"},\"alternateName\":\"Eliassen.nl\",\"potentialAction\":[{\"@type\":\"SearchAction\",\"target\":{\"@type\":\"EntryPoint\",\"urlTemplate\":\"https:\/\/dev.eliassen.nl\/de\/?s={search_term_string}\"},\"query-input\":{\"@type\":\"PropertyValueSpecification\",\"valueRequired\":true,\"valueName\":\"search_term_string\"}}],\"inLanguage\":\"de\"},{\"@type\":\"Organization\",\"@id\":\"https:\/\/dev.eliassen.nl\/de\/#organization\",\"name\":\"Eliassen Home & Garden Pleasure\",\"url\":\"https:\/\/dev.eliassen.nl\/de\/\",\"logo\":{\"@type\":\"ImageObject\",\"inLanguage\":\"de\",\"@id\":\"https:\/\/dev.eliassen.nl\/de\/#\/schema\/logo\/image\/\",\"url\":\"https:\/\/www.eliassen.nl\/wp-content\/uploads\/2024\/01\/logo_4nd.jpg\",\"contentUrl\":\"https:\/\/www.eliassen.nl\/wp-content\/uploads\/2024\/01\/logo_4nd.jpg\",\"width\":500,\"height\":500,\"caption\":\"Eliassen Home & Garden Pleasure\"},\"image\":{\"@id\":\"https:\/\/dev.eliassen.nl\/de\/#\/schema\/logo\/image\/\"},\"sameAs\":[\"https:\/\/www.facebook.com\/TuincentrumEliassenAmmerzoden\",\"https:\/\/www.instagram.com\/eliassenhomeandgarden\/\",\"https:\/\/nl.pinterest.com\/eliassenhomeandgarden\/\",\"https:\/\/www.youtube.com\/@eliassenhomegardenpleasure4558\"]}]}<\/script>\n<!-- \/ Yoast SEO plugin. -->","yoast_head_json":{"title":"Gem\u00e4lde auf Leinwand Frauengesicht braun 80x120cm - Eliassen.nl","description":"Suchen Sie ein modernes Gem\u00e4lde? Diese modernen Leinwandbilder mit ruhigen Farben werden Ihnen auf jeden Fall gefallen. Bei uns live zu sehen! Online verf\u00fcgbar.","robots":{"index":"noindex","follow":"follow","max-snippet":"max-snippet:-1","max-image-preview":"max-image-preview:large","max-video-preview":"max-video-preview:-1"},"og_locale":"de_DE","og_type":"article","og_title":"Gem\u00e4lde auf Leinwand Frauengesicht braun 80x120cm - Eliassen.nl","og_description":"Suchen Sie ein modernes Gem\u00e4lde? Diese modernen Leinwandbilder mit ruhigen Farben werden Ihnen auf jeden Fall gefallen. Bei uns live zu sehen! Online verf\u00fcgbar.","og_url":"https:\/\/dev.eliassen.nl\/de\/gemalde-auf-leinwand-frauengesicht-braun-80x120cm\/","og_site_name":"Eliassen.nl","article_publisher":"https:\/\/www.facebook.com\/TuincentrumEliassenAmmerzoden","article_modified_time":"2024-12-05T16:43:42+00:00","og_image":[{"width":1000,"height":1000,"url":"https:\/\/dev.eliassen.nl\/wp-content\/uploads\/2024\/11\/canvasschilderijvrouwenhoofdmetgoudeffecteli.jpg","type":"image\/jpeg"}],"twitter_card":"summary_large_image","schema":{"@context":"https:\/\/schema.org","@graph":[{"@type":"WebPage","@id":"https:\/\/dev.eliassen.nl\/de\/gemalde-auf-leinwand-frauengesicht-braun-80x120cm\/","url":"https:\/\/dev.eliassen.nl\/de\/gemalde-auf-leinwand-frauengesicht-braun-80x120cm\/","name":"Gem\u00e4lde auf Leinwand Frauengesicht braun 80x120cm - Eliassen.nl","isPartOf":{"@id":"https:\/\/dev.eliassen.nl\/de\/#website"},"primaryImageOfPage":{"@id":"https:\/\/dev.eliassen.nl\/de\/gemalde-auf-leinwand-frauengesicht-braun-80x120cm\/#primaryimage"},"image":{"@id":"https:\/\/dev.eliassen.nl\/de\/gemalde-auf-leinwand-frauengesicht-braun-80x120cm\/#primaryimage"},"thumbnailUrl":"https:\/\/dev.eliassen.nl\/wp-content\/uploads\/2024\/11\/canvasschilderijvrouwenhoofdmetgoudeffecteli.jpg","datePublished":"2024-10-02T17:08:36+00:00","dateModified":"2024-12-05T16:43:42+00:00","description":"Suchen Sie ein modernes Gem\u00e4lde? Diese modernen Leinwandbilder mit ruhigen Farben werden Ihnen auf jeden Fall gefallen. Bei uns live zu sehen! Online verf\u00fcgbar.","breadcrumb":{"@id":"https:\/\/dev.eliassen.nl\/de\/gemalde-auf-leinwand-frauengesicht-braun-80x120cm\/#breadcrumb"},"inLanguage":"de","potentialAction":[{"@type":"ReadAction","target":["https:\/\/dev.eliassen.nl\/de\/gemalde-auf-leinwand-frauengesicht-braun-80x120cm\/"]}]},{"@type":"ImageObject","inLanguage":"de","@id":"https:\/\/dev.eliassen.nl\/de\/gemalde-auf-leinwand-frauengesicht-braun-80x120cm\/#primaryimage","url":"https:\/\/dev.eliassen.nl\/wp-content\/uploads\/2024\/11\/canvasschilderijvrouwenhoofdmetgoudeffecteli.jpg","contentUrl":"https:\/\/dev.eliassen.nl\/wp-content\/uploads\/2024\/11\/canvasschilderijvrouwenhoofdmetgoudeffecteli.jpg","width":1000,"height":1000,"caption":"Canvas schilderij Vrouwen hoofd met goudeffect Eliassen.nl fk2157"},{"@type":"BreadcrumbList","@id":"https:\/\/dev.eliassen.nl\/de\/gemalde-auf-leinwand-frauengesicht-braun-80x120cm\/#breadcrumb","itemListElement":[{"@type":"ListItem","position":1,"name":"Home","item":"https:\/\/dev.eliassen.nl\/de\/"},{"@type":"ListItem","position":2,"name":"Shop","item":"https:\/\/dev.eliassen.nl\/nl\/winkel\/"},{"@type":"ListItem","position":3,"name":"Gem\u00e4lde","item":"https:\/\/dev.eliassen.nl\/de\/gemaelde\/"},{"@type":"ListItem","position":4,"name":"Gem\u00e4lde auf Leinwand","item":"https:\/\/dev.eliassen.nl\/de\/gemaelde\/gemaelde-auf-leinwand\/"},{"@type":"ListItem","position":5,"name":"Gem\u00e4lde auf Leinwand Frauengesicht braun 80x120cm"}]},{"@type":"WebSite","@id":"https:\/\/dev.eliassen.nl\/de\/#website","url":"https:\/\/dev.eliassen.nl\/de\/","name":"Eliassen Home & Garden Pleasure","description":"","publisher":{"@id":"https:\/\/dev.eliassen.nl\/de\/#organization"},"alternateName":"Eliassen.nl","potentialAction":[{"@type":"SearchAction","target":{"@type":"EntryPoint","urlTemplate":"https:\/\/dev.eliassen.nl\/de\/?s={search_term_string}"},"query-input":{"@type":"PropertyValueSpecification","valueRequired":true,"valueName":"search_term_string"}}],"inLanguage":"de"},{"@type":"Organization","@id":"https:\/\/dev.eliassen.nl\/de\/#organization","name":"Eliassen Home & Garden Pleasure","url":"https:\/\/dev.eliassen.nl\/de\/","logo":{"@type":"ImageObject","inLanguage":"de","@id":"https:\/\/dev.eliassen.nl\/de\/#\/schema\/logo\/image\/","url":"https:\/\/www.eliassen.nl\/wp-content\/uploads\/2024\/01\/logo_4nd.jpg","contentUrl":"https:\/\/www.eliassen.nl\/wp-content\/uploads\/2024\/01\/logo_4nd.jpg","width":500,"height":500,"caption":"Eliassen Home & Garden Pleasure"},"image":{"@id":"https:\/\/dev.eliassen.nl\/de\/#\/schema\/logo\/image\/"},"sameAs":["https:\/\/www.facebook.com\/TuincentrumEliassenAmmerzoden","https:\/\/www.instagram.com\/eliassenhomeandgarden\/","https:\/\/nl.pinterest.com\/eliassenhomeandgarden\/","https:\/\/www.youtube.com\/@eliassenhomegardenpleasure4558"]}]}},"df_price":109,"df_sale_price":"","df_regular_price":109,"df_image_link":"https:\/\/dev.eliassen.nl\/wp-content\/uploads\/2024\/11\/canvasschilderijvrouwenhoofdmetgoudeffecteli.jpg","image":"https:\/\/dev.eliassen.nl\/wp-content\/uploads\/2024\/11\/canvasschilderijvrouwenhoofdmetgoudeffecteli.jpg","price_search":"<span class=\"woocommerce-Price-amount amount\"><bdi><span class=\"woocommerce-Price-currencySymbol\">&euro;<\/span>&nbsp;109,00<\/bdi><\/span>","category":"Gem\u00e4lde","_links":{"self":[{"href":"https:\/\/dev.eliassen.nl\/de\/wp-json\/wp\/v2\/product\/165885","targetHints":{"allow":["GET"]}}],"collection":[{"href":"https:\/\/dev.eliassen.nl\/de\/wp-json\/wp\/v2\/product"}],"about":[{"href":"https:\/\/dev.eliassen.nl\/de\/wp-json\/wp\/v2\/types\/product"}],"wp:featuredmedia":[{"embeddable":true,"href":"https:\/\/dev.eliassen.nl\/de\/wp-json\/wp\/v2\/media\/165879"}],"wp:attachment":[{"href":"https:\/\/dev.eliassen.nl\/de\/wp-json\/wp\/v2\/media?parent=165885"}],"wp:term":[{"taxonomy":"product_brand","embeddable":true,"href":"https:\/\/dev.eliassen.nl\/de\/wp-json\/wp\/v2\/product_brand?post=165885"},{"taxonomy":"product_cat","embeddable":true,"href":"https:\/\/dev.eliassen.nl\/de\/wp-json\/wp\/v2\/product_cat?post=165885"},{"taxonomy":"product_tag","embeddable":true,"href":"https:\/\/dev.eliassen.nl\/de\/wp-json\/wp\/v2\/product_tag?post=165885"}],"curies":[{"name":"wp","href":"https:\/\/api.w.org\/{rel}","templated":true}]}}