{"id":16732,"date":"2019-10-28T18:37:52","date_gmt":"2019-10-28T17:37:52","guid":{"rendered":"https:\/\/www.eliassen.nl\/?product=eliassen-wall-of-blumen-wasserwand"},"modified":"2024-12-05T15:25:44","modified_gmt":"2024-12-05T14:25:44","slug":"wasserwand-blumen-blumenwand","status":"publish","type":"product","link":"https:\/\/dev.eliassen.nl\/de\/wasserwand-blumen-blumenwand\/","title":{"rendered":"Wasserwand Blumen Blumenwand"},"content":{"rendered":"<p><strong>Dies ist eine lose Verzierung. Erkundigen Sie sich nach den anderen erforderlichen Teilen.<\/strong><\/p>\n<p>Wasserwand im eigenen Haus hergestellt und entwickelt, nirgendwo anders erh\u00e4ltlich.<\/p>\n<ul>\n<li>Hergestellt aus einem Basaltbrocken<\/li>\n<li>Komplett von Hand gefertigt<\/li>\n<li>Ca. 100 cm hoch<\/li>\n<li>Ein seltenes St\u00fcck in sehr kleiner Auflage<\/li>\n<li>Sieht auch sehr sch\u00f6n aus, wenn sie in einen Teich gestellt wird. Das Wasser tritt auf subtile Weise aus dem obersten Blatt aus und l\u00e4uft \u00fcber die anderen Bl\u00e4tter nach unten.<\/li>\n<\/ul>\n<p><strong>Vergessen Sie nicht, unseren Ausstellungsbereich mit 300 Modellen zu besuchen, wo Sie die meisten Arbeiten sehen und eine gute Erkl\u00e4rung erhalten!<\/strong><\/p>\n<ul>\n<li>Nirgendwo sonst zu verkaufen<\/li>\n<li>Ideal f\u00fcr eine Wandaufstellung<\/li>\n<li>Nat\u00fcrliches Aussehen<\/li>\n<li>Kopie kann vom Foto abweichen<\/li>\n<li>Haben Sie Fragen zu diesem Artikel oder ben\u00f6tigen Sie Rat, um dieses Modell mit allen anderen Notwendigkeiten zu vervollst\u00e4ndigen? Bitte kontaktieren Sie uns telefonisch.<\/li>\n<li><strong>Tipp<\/strong> : Mit einem darauf gerichteten LED-Spot schaffen Sie einen sch\u00f6nen Blickfang f\u00fcr Ihren Garten.<\/li>\n<\/ul>\n","protected":false},"excerpt":{"rendered":"<p>Dies ist eine lose Verzierung. Erkundigen Sie sich nach den anderen erforderlichen Teilen.<\/p>\n","protected":false},"featured_media":16726,"template":"","meta":{"_acf_changed":false},"product_brand":[6916],"product_cat":[539,551,572,536],"product_tag":[],"class_list":{"0":"post-16732","1":"product","2":"type-product","3":"status-publish","4":"has-post-thumbnail","6":"product_brand-eliassen-de","7":"product_cat-einzigartige-eigene-modelle-von-losen-wasserspiele","8":"product_cat-lose-wasserspiele","9":"product_cat-wandbrunnen","10":"product_cat-wassereigenschaften","12":"first","13":"instock","14":"sale","15":"taxable","16":"shipping-taxable","17":"purchasable","18":"product-type-simple"},"acf":[],"yoast_head":"<!-- This site is optimized with the Yoast SEO plugin v23.8 - https:\/\/yoast.com\/wordpress\/plugins\/seo\/ -->\n<title>Wasserwand Blumen | EINZIGARTIGES MODELL! | Eliassen.nl<\/title>\n<meta name=\"description\" content=\"Sch\u00f6ne Wasserwand mit einem Blumenbild. Nirgendwo sonst zu kaufen! Komplett von Hand gefertigt. Au\u00dferdem sind mehr als 300 Wasserspiele LIVE zu sehen!\" \/>\n<meta name=\"robots\" content=\"noindex, follow, max-snippet:-1, max-image-preview:large, max-video-preview:-1\" \/>\n<meta property=\"og:locale\" content=\"de_DE\" \/>\n<meta property=\"og:type\" content=\"article\" \/>\n<meta property=\"og:title\" content=\"Wasserwand Blumen | EINZIGARTIGES MODELL! | Eliassen.nl\" \/>\n<meta property=\"og:description\" content=\"Sch\u00f6ne Wasserwand mit einem Blumenbild. Nirgendwo sonst zu kaufen! Komplett von Hand gefertigt. Au\u00dferdem sind mehr als 300 Wasserspiele LIVE zu sehen!\" \/>\n<meta property=\"og:url\" content=\"https:\/\/dev.eliassen.nl\/de\/wasserwand-blumen-blumenwand\/\" \/>\n<meta property=\"og:site_name\" content=\"Eliassen.nl\" \/>\n<meta property=\"article:publisher\" content=\"https:\/\/www.facebook.com\/TuincentrumEliassenAmmerzoden\" \/>\n<meta property=\"article:modified_time\" content=\"2024-12-05T14:25:44+00:00\" \/>\n<meta property=\"og:image\" content=\"https:\/\/dev.eliassen.nl\/wp-content\/uploads\/2024\/01\/watermuurbloemeneliassennl.jpg\" \/>\n\t<meta property=\"og:image:width\" content=\"575\" \/>\n\t<meta property=\"og:image:height\" content=\"1024\" \/>\n\t<meta property=\"og:image:type\" content=\"image\/jpeg\" \/>\n<meta name=\"twitter:card\" content=\"summary_large_image\" \/>\n<script type=\"application\/ld+json\" class=\"yoast-schema-graph\">{\"@context\":\"https:\/\/schema.org\",\"@graph\":[{\"@type\":\"WebPage\",\"@id\":\"https:\/\/dev.eliassen.nl\/de\/wasserwand-blumen-blumenwand\/\",\"url\":\"https:\/\/dev.eliassen.nl\/de\/wasserwand-blumen-blumenwand\/\",\"name\":\"Wasserwand Blumen | EINZIGARTIGES MODELL! | Eliassen.nl\",\"isPartOf\":{\"@id\":\"https:\/\/dev.eliassen.nl\/de\/#website\"},\"primaryImageOfPage\":{\"@id\":\"https:\/\/dev.eliassen.nl\/de\/wasserwand-blumen-blumenwand\/#primaryimage\"},\"image\":{\"@id\":\"https:\/\/dev.eliassen.nl\/de\/wasserwand-blumen-blumenwand\/#primaryimage\"},\"thumbnailUrl\":\"https:\/\/dev.eliassen.nl\/wp-content\/uploads\/2024\/01\/watermuurbloemeneliassennl.jpg\",\"datePublished\":\"2019-10-28T17:37:52+00:00\",\"dateModified\":\"2024-12-05T14:25:44+00:00\",\"description\":\"Sch\u00f6ne Wasserwand mit einem Blumenbild. Nirgendwo sonst zu kaufen! Komplett von Hand gefertigt. Au\u00dferdem sind mehr als 300 Wasserspiele LIVE zu sehen!\",\"breadcrumb\":{\"@id\":\"https:\/\/dev.eliassen.nl\/de\/wasserwand-blumen-blumenwand\/#breadcrumb\"},\"inLanguage\":\"de\",\"potentialAction\":[{\"@type\":\"ReadAction\",\"target\":[\"https:\/\/dev.eliassen.nl\/de\/wasserwand-blumen-blumenwand\/\"]}]},{\"@type\":\"ImageObject\",\"inLanguage\":\"de\",\"@id\":\"https:\/\/dev.eliassen.nl\/de\/wasserwand-blumen-blumenwand\/#primaryimage\",\"url\":\"https:\/\/dev.eliassen.nl\/wp-content\/uploads\/2024\/01\/watermuurbloemeneliassennl.jpg\",\"contentUrl\":\"https:\/\/dev.eliassen.nl\/wp-content\/uploads\/2024\/01\/watermuurbloemeneliassennl.jpg\",\"width\":575,\"height\":1024,\"caption\":\"Watermuur Bloemen - Eliassen.nl\"},{\"@type\":\"BreadcrumbList\",\"@id\":\"https:\/\/dev.eliassen.nl\/de\/wasserwand-blumen-blumenwand\/#breadcrumb\",\"itemListElement\":[{\"@type\":\"ListItem\",\"position\":1,\"name\":\"Home\",\"item\":\"https:\/\/dev.eliassen.nl\/de\/\"},{\"@type\":\"ListItem\",\"position\":2,\"name\":\"Shop\",\"item\":\"https:\/\/dev.eliassen.nl\/nl\/winkel\/\"},{\"@type\":\"ListItem\",\"position\":3,\"name\":\"Wasserspiele\",\"item\":\"https:\/\/dev.eliassen.nl\/de\/wassereigenschaften\/\"},{\"@type\":\"ListItem\",\"position\":4,\"name\":\"Einzigartige eigene Modelle von losen Wasserspielen\",\"item\":\"https:\/\/dev.eliassen.nl\/de\/wassereigenschaften\/einzigartige-eigene-modelle-von-losen-wasserspiele\/\"},{\"@type\":\"ListItem\",\"position\":5,\"name\":\"Wasserwand Blumen Blumenwand\"}]},{\"@type\":\"WebSite\",\"@id\":\"https:\/\/dev.eliassen.nl\/de\/#website\",\"url\":\"https:\/\/dev.eliassen.nl\/de\/\",\"name\":\"Eliassen Home & Garden Pleasure\",\"description\":\"\",\"publisher\":{\"@id\":\"https:\/\/dev.eliassen.nl\/de\/#organization\"},\"alternateName\":\"Eliassen.nl\",\"potentialAction\":[{\"@type\":\"SearchAction\",\"target\":{\"@type\":\"EntryPoint\",\"urlTemplate\":\"https:\/\/dev.eliassen.nl\/de\/?s={search_term_string}\"},\"query-input\":{\"@type\":\"PropertyValueSpecification\",\"valueRequired\":true,\"valueName\":\"search_term_string\"}}],\"inLanguage\":\"de\"},{\"@type\":\"Organization\",\"@id\":\"https:\/\/dev.eliassen.nl\/de\/#organization\",\"name\":\"Eliassen Home & Garden Pleasure\",\"url\":\"https:\/\/dev.eliassen.nl\/de\/\",\"logo\":{\"@type\":\"ImageObject\",\"inLanguage\":\"de\",\"@id\":\"https:\/\/dev.eliassen.nl\/de\/#\/schema\/logo\/image\/\",\"url\":\"https:\/\/www.eliassen.nl\/wp-content\/uploads\/2024\/01\/logo_4nd.jpg\",\"contentUrl\":\"https:\/\/www.eliassen.nl\/wp-content\/uploads\/2024\/01\/logo_4nd.jpg\",\"width\":500,\"height\":500,\"caption\":\"Eliassen Home & Garden Pleasure\"},\"image\":{\"@id\":\"https:\/\/dev.eliassen.nl\/de\/#\/schema\/logo\/image\/\"},\"sameAs\":[\"https:\/\/www.facebook.com\/TuincentrumEliassenAmmerzoden\",\"https:\/\/www.instagram.com\/eliassenhomeandgarden\/\",\"https:\/\/nl.pinterest.com\/eliassenhomeandgarden\/\",\"https:\/\/www.youtube.com\/@eliassenhomegardenpleasure4558\"]}]}<\/script>\n<!-- \/ Yoast SEO plugin. -->","yoast_head_json":{"title":"Wasserwand Blumen | EINZIGARTIGES MODELL! | Eliassen.nl","description":"Sch\u00f6ne Wasserwand mit einem Blumenbild. Nirgendwo sonst zu kaufen! Komplett von Hand gefertigt. Au\u00dferdem sind mehr als 300 Wasserspiele LIVE zu sehen!","robots":{"index":"noindex","follow":"follow","max-snippet":"max-snippet:-1","max-image-preview":"max-image-preview:large","max-video-preview":"max-video-preview:-1"},"og_locale":"de_DE","og_type":"article","og_title":"Wasserwand Blumen | EINZIGARTIGES MODELL! | Eliassen.nl","og_description":"Sch\u00f6ne Wasserwand mit einem Blumenbild. Nirgendwo sonst zu kaufen! Komplett von Hand gefertigt. Au\u00dferdem sind mehr als 300 Wasserspiele LIVE zu sehen!","og_url":"https:\/\/dev.eliassen.nl\/de\/wasserwand-blumen-blumenwand\/","og_site_name":"Eliassen.nl","article_publisher":"https:\/\/www.facebook.com\/TuincentrumEliassenAmmerzoden","article_modified_time":"2024-12-05T14:25:44+00:00","og_image":[{"width":575,"height":1024,"url":"https:\/\/dev.eliassen.nl\/wp-content\/uploads\/2024\/01\/watermuurbloemeneliassennl.jpg","type":"image\/jpeg"}],"twitter_card":"summary_large_image","schema":{"@context":"https:\/\/schema.org","@graph":[{"@type":"WebPage","@id":"https:\/\/dev.eliassen.nl\/de\/wasserwand-blumen-blumenwand\/","url":"https:\/\/dev.eliassen.nl\/de\/wasserwand-blumen-blumenwand\/","name":"Wasserwand Blumen | EINZIGARTIGES MODELL! | Eliassen.nl","isPartOf":{"@id":"https:\/\/dev.eliassen.nl\/de\/#website"},"primaryImageOfPage":{"@id":"https:\/\/dev.eliassen.nl\/de\/wasserwand-blumen-blumenwand\/#primaryimage"},"image":{"@id":"https:\/\/dev.eliassen.nl\/de\/wasserwand-blumen-blumenwand\/#primaryimage"},"thumbnailUrl":"https:\/\/dev.eliassen.nl\/wp-content\/uploads\/2024\/01\/watermuurbloemeneliassennl.jpg","datePublished":"2019-10-28T17:37:52+00:00","dateModified":"2024-12-05T14:25:44+00:00","description":"Sch\u00f6ne Wasserwand mit einem Blumenbild. Nirgendwo sonst zu kaufen! Komplett von Hand gefertigt. Au\u00dferdem sind mehr als 300 Wasserspiele LIVE zu sehen!","breadcrumb":{"@id":"https:\/\/dev.eliassen.nl\/de\/wasserwand-blumen-blumenwand\/#breadcrumb"},"inLanguage":"de","potentialAction":[{"@type":"ReadAction","target":["https:\/\/dev.eliassen.nl\/de\/wasserwand-blumen-blumenwand\/"]}]},{"@type":"ImageObject","inLanguage":"de","@id":"https:\/\/dev.eliassen.nl\/de\/wasserwand-blumen-blumenwand\/#primaryimage","url":"https:\/\/dev.eliassen.nl\/wp-content\/uploads\/2024\/01\/watermuurbloemeneliassennl.jpg","contentUrl":"https:\/\/dev.eliassen.nl\/wp-content\/uploads\/2024\/01\/watermuurbloemeneliassennl.jpg","width":575,"height":1024,"caption":"Watermuur Bloemen - Eliassen.nl"},{"@type":"BreadcrumbList","@id":"https:\/\/dev.eliassen.nl\/de\/wasserwand-blumen-blumenwand\/#breadcrumb","itemListElement":[{"@type":"ListItem","position":1,"name":"Home","item":"https:\/\/dev.eliassen.nl\/de\/"},{"@type":"ListItem","position":2,"name":"Shop","item":"https:\/\/dev.eliassen.nl\/nl\/winkel\/"},{"@type":"ListItem","position":3,"name":"Wasserspiele","item":"https:\/\/dev.eliassen.nl\/de\/wassereigenschaften\/"},{"@type":"ListItem","position":4,"name":"Einzigartige eigene Modelle von losen Wasserspielen","item":"https:\/\/dev.eliassen.nl\/de\/wassereigenschaften\/einzigartige-eigene-modelle-von-losen-wasserspiele\/"},{"@type":"ListItem","position":5,"name":"Wasserwand Blumen Blumenwand"}]},{"@type":"WebSite","@id":"https:\/\/dev.eliassen.nl\/de\/#website","url":"https:\/\/dev.eliassen.nl\/de\/","name":"Eliassen Home & Garden Pleasure","description":"","publisher":{"@id":"https:\/\/dev.eliassen.nl\/de\/#organization"},"alternateName":"Eliassen.nl","potentialAction":[{"@type":"SearchAction","target":{"@type":"EntryPoint","urlTemplate":"https:\/\/dev.eliassen.nl\/de\/?s={search_term_string}"},"query-input":{"@type":"PropertyValueSpecification","valueRequired":true,"valueName":"search_term_string"}}],"inLanguage":"de"},{"@type":"Organization","@id":"https:\/\/dev.eliassen.nl\/de\/#organization","name":"Eliassen Home & Garden Pleasure","url":"https:\/\/dev.eliassen.nl\/de\/","logo":{"@type":"ImageObject","inLanguage":"de","@id":"https:\/\/dev.eliassen.nl\/de\/#\/schema\/logo\/image\/","url":"https:\/\/www.eliassen.nl\/wp-content\/uploads\/2024\/01\/logo_4nd.jpg","contentUrl":"https:\/\/www.eliassen.nl\/wp-content\/uploads\/2024\/01\/logo_4nd.jpg","width":500,"height":500,"caption":"Eliassen Home & Garden Pleasure"},"image":{"@id":"https:\/\/dev.eliassen.nl\/de\/#\/schema\/logo\/image\/"},"sameAs":["https:\/\/www.facebook.com\/TuincentrumEliassenAmmerzoden","https:\/\/www.instagram.com\/eliassenhomeandgarden\/","https:\/\/nl.pinterest.com\/eliassenhomeandgarden\/","https:\/\/www.youtube.com\/@eliassenhomegardenpleasure4558"]}]}},"df_price":295,"df_sale_price":295,"df_regular_price":595,"df_image_link":"https:\/\/dev.eliassen.nl\/wp-content\/uploads\/2024\/01\/watermuurbloemeneliassennl.jpg","image":"https:\/\/dev.eliassen.nl\/wp-content\/uploads\/2024\/01\/watermuurbloemeneliassennl.jpg","price_search":"<span class=\"woocommerce-Price-amount amount\"><bdi><span class=\"woocommerce-Price-currencySymbol\">&euro;<\/span>&nbsp;295,00<\/bdi><\/span>","category":"Einzigartige eigene Modelle von losen Wasserspielen","_links":{"self":[{"href":"https:\/\/dev.eliassen.nl\/de\/wp-json\/wp\/v2\/product\/16732","targetHints":{"allow":["GET"]}}],"collection":[{"href":"https:\/\/dev.eliassen.nl\/de\/wp-json\/wp\/v2\/product"}],"about":[{"href":"https:\/\/dev.eliassen.nl\/de\/wp-json\/wp\/v2\/types\/product"}],"wp:featuredmedia":[{"embeddable":true,"href":"https:\/\/dev.eliassen.nl\/de\/wp-json\/wp\/v2\/media\/16726"}],"wp:attachment":[{"href":"https:\/\/dev.eliassen.nl\/de\/wp-json\/wp\/v2\/media?parent=16732"}],"wp:term":[{"taxonomy":"product_brand","embeddable":true,"href":"https:\/\/dev.eliassen.nl\/de\/wp-json\/wp\/v2\/product_brand?post=16732"},{"taxonomy":"product_cat","embeddable":true,"href":"https:\/\/dev.eliassen.nl\/de\/wp-json\/wp\/v2\/product_cat?post=16732"},{"taxonomy":"product_tag","embeddable":true,"href":"https:\/\/dev.eliassen.nl\/de\/wp-json\/wp\/v2\/product_tag?post=16732"}],"curies":[{"name":"wp","href":"https:\/\/api.w.org\/{rel}","templated":true}]}}