{"id":16768,"date":"2019-10-28T18:38:00","date_gmt":"2019-10-28T17:38:00","guid":{"rendered":"https:\/\/www.eliassen.nl\/?product=eliassen-harmony-wasserspiel"},"modified":"2024-12-05T15:25:45","modified_gmt":"2024-12-05T14:25:45","slug":"wasserspiel-harmony-aus-massivem-stein","status":"publish","type":"product","link":"https:\/\/dev.eliassen.nl\/de\/wasserspiel-harmony-aus-massivem-stein\/","title":{"rendered":"Wasserspiel Harmony aus massivem Stein"},"content":{"rendered":"<p><strong><video controls=\"controls\" width=\"500\" height=\"250\"><source src=\"https:\/\/cdn.webshopapp.com\/shops\/289658\/files\/444295069\/massief-stenen-waterornament-harmony-eliassen.mp4\" type=\"video\/mp4\" \/><\/video><\/strong><\/p>\n<p><strong>Dies ist ein separates Ornament. Bitte erkundigen Sie sich nach weiteren ben\u00f6tigten Teilen.<\/strong><\/p>\n<p>Eigens entwickeltes Wasserspiel aus massivem Stein, das in diesem Material nirgendwo anders erh\u00e4ltlich ist. Aus Granit in 2 Farben, eine H\u00e4lfte poliert, die andere H\u00e4lfte geh\u00e4mmert. Die S\u00e4ulen sind 60 cm und 45 cm hoch. K\u00f6nnen gegeneinander, aber auch mit Abstand dazwischen platziert werden. Bleibt sch\u00f6n, im Gegensatz zu Blaustein, der Pflege erfordert. Sieht auch sehr sch\u00f6n aus, wenn sie in einen Teich oder ein modernes Teichbecken gestellt wird.<\/p>\n<p><strong>Vergessen Sie nicht, unseren Ausstellungsbereich mit 300 Modellen zu besuchen, wo Sie die meisten der laufenden Arbeiten sehen und eine gute Erkl\u00e4rung erhalten k\u00f6nnen!<\/strong><\/p>\n<ul>\n<li>Massiver Granit<\/li>\n<li>Nirgendwo anders zu verkaufen<\/li>\n<li>Verschiedene Einrichtungsm\u00f6glichkeiten<\/li>\n<li>Haben Sie Fragen zu diesem Artikel oder ben\u00f6tigen Sie Ratschl\u00e4ge, wie Sie dieses Modell mit allen anderen Notwendigkeiten erg\u00e4nzen k\u00f6nnen? Sie k\u00f6nnen uns gerne kontaktieren.<\/li>\n<\/ul>\n<p>\u00a0<\/p>\n","protected":false},"excerpt":{"rendered":"<p>Dies ist ein separates Ornament. Bitte erkundigen Sie sich nach weiteren ben\u00f6tigten Teilen.<\/p>\n","protected":false},"featured_media":16762,"template":"","meta":{"_acf_changed":false},"product_brand":[6916],"product_cat":[539,551,536],"product_tag":[],"class_list":{"0":"post-16768","1":"product","2":"type-product","3":"status-publish","4":"has-post-thumbnail","6":"product_brand-eliassen-de","7":"product_cat-einzigartige-eigene-modelle-von-losen-wasserspiele","8":"product_cat-lose-wasserspiele","9":"product_cat-wassereigenschaften","11":"first","12":"instock","13":"taxable","14":"shipping-taxable","15":"purchasable","16":"product-type-simple"},"acf":[],"yoast_head":"<!-- This site is optimized with the Yoast SEO plugin v23.8 - https:\/\/yoast.com\/wordpress\/plugins\/seo\/ -->\n<title>Wasserspiel aus massivem Stein Harmony | Eliassen.nl<\/title>\n<meta name=\"description\" content=\"Das von Harmony selbst entwickelte Wasserspiel aus massivem Stein ist nirgendwo anders erh\u00e4ltlich! \u221a Sehen Sie sich mehr als 300 Wasserspiele LIVE in unserem...\" \/>\n<meta name=\"robots\" content=\"noindex, follow, max-snippet:-1, max-image-preview:large, max-video-preview:-1\" \/>\n<meta property=\"og:locale\" content=\"de_DE\" \/>\n<meta property=\"og:type\" content=\"article\" \/>\n<meta property=\"og:title\" content=\"Wasserspiel aus massivem Stein Harmony | Eliassen.nl\" \/>\n<meta property=\"og:description\" content=\"Das von Harmony selbst entwickelte Wasserspiel aus massivem Stein ist nirgendwo anders erh\u00e4ltlich! \u221a Sehen Sie sich mehr als 300 Wasserspiele LIVE in unserem...\" \/>\n<meta property=\"og:url\" content=\"https:\/\/dev.eliassen.nl\/de\/wasserspiel-harmony-aus-massivem-stein\/\" \/>\n<meta property=\"og:site_name\" content=\"Eliassen.nl\" \/>\n<meta property=\"article:publisher\" content=\"https:\/\/www.facebook.com\/TuincentrumEliassenAmmerzoden\" \/>\n<meta property=\"article:modified_time\" content=\"2024-12-05T14:25:45+00:00\" \/>\n<meta property=\"og:image\" content=\"https:\/\/dev.eliassen.nl\/wp-content\/uploads\/2024\/01\/waterornamentmassiefgranietharmonyeliassennl.jpg\" \/>\n\t<meta property=\"og:image:width\" content=\"729\" \/>\n\t<meta property=\"og:image:height\" content=\"1024\" \/>\n\t<meta property=\"og:image:type\" content=\"image\/jpeg\" \/>\n<meta name=\"twitter:card\" content=\"summary_large_image\" \/>\n<script type=\"application\/ld+json\" class=\"yoast-schema-graph\">{\"@context\":\"https:\/\/schema.org\",\"@graph\":[{\"@type\":\"WebPage\",\"@id\":\"https:\/\/dev.eliassen.nl\/de\/wasserspiel-harmony-aus-massivem-stein\/\",\"url\":\"https:\/\/dev.eliassen.nl\/de\/wasserspiel-harmony-aus-massivem-stein\/\",\"name\":\"Wasserspiel aus massivem Stein Harmony | Eliassen.nl\",\"isPartOf\":{\"@id\":\"https:\/\/dev.eliassen.nl\/de\/#website\"},\"primaryImageOfPage\":{\"@id\":\"https:\/\/dev.eliassen.nl\/de\/wasserspiel-harmony-aus-massivem-stein\/#primaryimage\"},\"image\":{\"@id\":\"https:\/\/dev.eliassen.nl\/de\/wasserspiel-harmony-aus-massivem-stein\/#primaryimage\"},\"thumbnailUrl\":\"https:\/\/dev.eliassen.nl\/wp-content\/uploads\/2024\/01\/waterornamentmassiefgranietharmonyeliassennl.jpg\",\"datePublished\":\"2019-10-28T17:38:00+00:00\",\"dateModified\":\"2024-12-05T14:25:45+00:00\",\"description\":\"Das von Harmony selbst entwickelte Wasserspiel aus massivem Stein ist nirgendwo anders erh\u00e4ltlich! \u221a Sehen Sie sich mehr als 300 Wasserspiele LIVE in unserem...\",\"breadcrumb\":{\"@id\":\"https:\/\/dev.eliassen.nl\/de\/wasserspiel-harmony-aus-massivem-stein\/#breadcrumb\"},\"inLanguage\":\"de\",\"potentialAction\":[{\"@type\":\"ReadAction\",\"target\":[\"https:\/\/dev.eliassen.nl\/de\/wasserspiel-harmony-aus-massivem-stein\/\"]}]},{\"@type\":\"ImageObject\",\"inLanguage\":\"de\",\"@id\":\"https:\/\/dev.eliassen.nl\/de\/wasserspiel-harmony-aus-massivem-stein\/#primaryimage\",\"url\":\"https:\/\/dev.eliassen.nl\/wp-content\/uploads\/2024\/01\/waterornamentmassiefgranietharmonyeliassennl.jpg\",\"contentUrl\":\"https:\/\/dev.eliassen.nl\/wp-content\/uploads\/2024\/01\/waterornamentmassiefgranietharmonyeliassennl.jpg\",\"width\":729,\"height\":1024,\"caption\":\"Waterornament massief graniet Harmony - Eliassen.nl\"},{\"@type\":\"BreadcrumbList\",\"@id\":\"https:\/\/dev.eliassen.nl\/de\/wasserspiel-harmony-aus-massivem-stein\/#breadcrumb\",\"itemListElement\":[{\"@type\":\"ListItem\",\"position\":1,\"name\":\"Home\",\"item\":\"https:\/\/dev.eliassen.nl\/de\/\"},{\"@type\":\"ListItem\",\"position\":2,\"name\":\"Shop\",\"item\":\"https:\/\/dev.eliassen.nl\/nl\/winkel\/\"},{\"@type\":\"ListItem\",\"position\":3,\"name\":\"Wasserspiele\",\"item\":\"https:\/\/dev.eliassen.nl\/de\/wassereigenschaften\/\"},{\"@type\":\"ListItem\",\"position\":4,\"name\":\"Einzigartige eigene Modelle von losen Wasserspielen\",\"item\":\"https:\/\/dev.eliassen.nl\/de\/wassereigenschaften\/einzigartige-eigene-modelle-von-losen-wasserspiele\/\"},{\"@type\":\"ListItem\",\"position\":5,\"name\":\"Wasserspiel Harmony aus massivem Stein\"}]},{\"@type\":\"WebSite\",\"@id\":\"https:\/\/dev.eliassen.nl\/de\/#website\",\"url\":\"https:\/\/dev.eliassen.nl\/de\/\",\"name\":\"Eliassen Home & Garden Pleasure\",\"description\":\"\",\"publisher\":{\"@id\":\"https:\/\/dev.eliassen.nl\/de\/#organization\"},\"alternateName\":\"Eliassen.nl\",\"potentialAction\":[{\"@type\":\"SearchAction\",\"target\":{\"@type\":\"EntryPoint\",\"urlTemplate\":\"https:\/\/dev.eliassen.nl\/de\/?s={search_term_string}\"},\"query-input\":{\"@type\":\"PropertyValueSpecification\",\"valueRequired\":true,\"valueName\":\"search_term_string\"}}],\"inLanguage\":\"de\"},{\"@type\":\"Organization\",\"@id\":\"https:\/\/dev.eliassen.nl\/de\/#organization\",\"name\":\"Eliassen Home & Garden Pleasure\",\"url\":\"https:\/\/dev.eliassen.nl\/de\/\",\"logo\":{\"@type\":\"ImageObject\",\"inLanguage\":\"de\",\"@id\":\"https:\/\/dev.eliassen.nl\/de\/#\/schema\/logo\/image\/\",\"url\":\"https:\/\/www.eliassen.nl\/wp-content\/uploads\/2024\/01\/logo_4nd.jpg\",\"contentUrl\":\"https:\/\/www.eliassen.nl\/wp-content\/uploads\/2024\/01\/logo_4nd.jpg\",\"width\":500,\"height\":500,\"caption\":\"Eliassen Home & Garden Pleasure\"},\"image\":{\"@id\":\"https:\/\/dev.eliassen.nl\/de\/#\/schema\/logo\/image\/\"},\"sameAs\":[\"https:\/\/www.facebook.com\/TuincentrumEliassenAmmerzoden\",\"https:\/\/www.instagram.com\/eliassenhomeandgarden\/\",\"https:\/\/nl.pinterest.com\/eliassenhomeandgarden\/\",\"https:\/\/www.youtube.com\/@eliassenhomegardenpleasure4558\"]}]}<\/script>\n<!-- \/ Yoast SEO plugin. -->","yoast_head_json":{"title":"Wasserspiel aus massivem Stein Harmony | Eliassen.nl","description":"Das von Harmony selbst entwickelte Wasserspiel aus massivem Stein ist nirgendwo anders erh\u00e4ltlich! \u221a Sehen Sie sich mehr als 300 Wasserspiele LIVE in unserem...","robots":{"index":"noindex","follow":"follow","max-snippet":"max-snippet:-1","max-image-preview":"max-image-preview:large","max-video-preview":"max-video-preview:-1"},"og_locale":"de_DE","og_type":"article","og_title":"Wasserspiel aus massivem Stein Harmony | Eliassen.nl","og_description":"Das von Harmony selbst entwickelte Wasserspiel aus massivem Stein ist nirgendwo anders erh\u00e4ltlich! \u221a Sehen Sie sich mehr als 300 Wasserspiele LIVE in unserem...","og_url":"https:\/\/dev.eliassen.nl\/de\/wasserspiel-harmony-aus-massivem-stein\/","og_site_name":"Eliassen.nl","article_publisher":"https:\/\/www.facebook.com\/TuincentrumEliassenAmmerzoden","article_modified_time":"2024-12-05T14:25:45+00:00","og_image":[{"width":729,"height":1024,"url":"https:\/\/dev.eliassen.nl\/wp-content\/uploads\/2024\/01\/waterornamentmassiefgranietharmonyeliassennl.jpg","type":"image\/jpeg"}],"twitter_card":"summary_large_image","schema":{"@context":"https:\/\/schema.org","@graph":[{"@type":"WebPage","@id":"https:\/\/dev.eliassen.nl\/de\/wasserspiel-harmony-aus-massivem-stein\/","url":"https:\/\/dev.eliassen.nl\/de\/wasserspiel-harmony-aus-massivem-stein\/","name":"Wasserspiel aus massivem Stein Harmony | Eliassen.nl","isPartOf":{"@id":"https:\/\/dev.eliassen.nl\/de\/#website"},"primaryImageOfPage":{"@id":"https:\/\/dev.eliassen.nl\/de\/wasserspiel-harmony-aus-massivem-stein\/#primaryimage"},"image":{"@id":"https:\/\/dev.eliassen.nl\/de\/wasserspiel-harmony-aus-massivem-stein\/#primaryimage"},"thumbnailUrl":"https:\/\/dev.eliassen.nl\/wp-content\/uploads\/2024\/01\/waterornamentmassiefgranietharmonyeliassennl.jpg","datePublished":"2019-10-28T17:38:00+00:00","dateModified":"2024-12-05T14:25:45+00:00","description":"Das von Harmony selbst entwickelte Wasserspiel aus massivem Stein ist nirgendwo anders erh\u00e4ltlich! \u221a Sehen Sie sich mehr als 300 Wasserspiele LIVE in unserem...","breadcrumb":{"@id":"https:\/\/dev.eliassen.nl\/de\/wasserspiel-harmony-aus-massivem-stein\/#breadcrumb"},"inLanguage":"de","potentialAction":[{"@type":"ReadAction","target":["https:\/\/dev.eliassen.nl\/de\/wasserspiel-harmony-aus-massivem-stein\/"]}]},{"@type":"ImageObject","inLanguage":"de","@id":"https:\/\/dev.eliassen.nl\/de\/wasserspiel-harmony-aus-massivem-stein\/#primaryimage","url":"https:\/\/dev.eliassen.nl\/wp-content\/uploads\/2024\/01\/waterornamentmassiefgranietharmonyeliassennl.jpg","contentUrl":"https:\/\/dev.eliassen.nl\/wp-content\/uploads\/2024\/01\/waterornamentmassiefgranietharmonyeliassennl.jpg","width":729,"height":1024,"caption":"Waterornament massief graniet Harmony - Eliassen.nl"},{"@type":"BreadcrumbList","@id":"https:\/\/dev.eliassen.nl\/de\/wasserspiel-harmony-aus-massivem-stein\/#breadcrumb","itemListElement":[{"@type":"ListItem","position":1,"name":"Home","item":"https:\/\/dev.eliassen.nl\/de\/"},{"@type":"ListItem","position":2,"name":"Shop","item":"https:\/\/dev.eliassen.nl\/nl\/winkel\/"},{"@type":"ListItem","position":3,"name":"Wasserspiele","item":"https:\/\/dev.eliassen.nl\/de\/wassereigenschaften\/"},{"@type":"ListItem","position":4,"name":"Einzigartige eigene Modelle von losen Wasserspielen","item":"https:\/\/dev.eliassen.nl\/de\/wassereigenschaften\/einzigartige-eigene-modelle-von-losen-wasserspiele\/"},{"@type":"ListItem","position":5,"name":"Wasserspiel Harmony aus massivem Stein"}]},{"@type":"WebSite","@id":"https:\/\/dev.eliassen.nl\/de\/#website","url":"https:\/\/dev.eliassen.nl\/de\/","name":"Eliassen Home & Garden Pleasure","description":"","publisher":{"@id":"https:\/\/dev.eliassen.nl\/de\/#organization"},"alternateName":"Eliassen.nl","potentialAction":[{"@type":"SearchAction","target":{"@type":"EntryPoint","urlTemplate":"https:\/\/dev.eliassen.nl\/de\/?s={search_term_string}"},"query-input":{"@type":"PropertyValueSpecification","valueRequired":true,"valueName":"search_term_string"}}],"inLanguage":"de"},{"@type":"Organization","@id":"https:\/\/dev.eliassen.nl\/de\/#organization","name":"Eliassen Home & Garden Pleasure","url":"https:\/\/dev.eliassen.nl\/de\/","logo":{"@type":"ImageObject","inLanguage":"de","@id":"https:\/\/dev.eliassen.nl\/de\/#\/schema\/logo\/image\/","url":"https:\/\/www.eliassen.nl\/wp-content\/uploads\/2024\/01\/logo_4nd.jpg","contentUrl":"https:\/\/www.eliassen.nl\/wp-content\/uploads\/2024\/01\/logo_4nd.jpg","width":500,"height":500,"caption":"Eliassen Home & Garden Pleasure"},"image":{"@id":"https:\/\/dev.eliassen.nl\/de\/#\/schema\/logo\/image\/"},"sameAs":["https:\/\/www.facebook.com\/TuincentrumEliassenAmmerzoden","https:\/\/www.instagram.com\/eliassenhomeandgarden\/","https:\/\/nl.pinterest.com\/eliassenhomeandgarden\/","https:\/\/www.youtube.com\/@eliassenhomegardenpleasure4558"]}]}},"df_price":399,"df_sale_price":"","df_regular_price":399,"df_image_link":"https:\/\/dev.eliassen.nl\/wp-content\/uploads\/2024\/01\/waterornamentmassiefgranietharmonyeliassennl.jpg","image":"https:\/\/dev.eliassen.nl\/wp-content\/uploads\/2024\/01\/waterornamentmassiefgranietharmonyeliassennl.jpg","price_search":"<span class=\"woocommerce-Price-amount amount\"><bdi><span class=\"woocommerce-Price-currencySymbol\">&euro;<\/span>&nbsp;399,00<\/bdi><\/span>","category":"Einzigartige eigene Modelle von losen Wasserspielen","_links":{"self":[{"href":"https:\/\/dev.eliassen.nl\/de\/wp-json\/wp\/v2\/product\/16768","targetHints":{"allow":["GET"]}}],"collection":[{"href":"https:\/\/dev.eliassen.nl\/de\/wp-json\/wp\/v2\/product"}],"about":[{"href":"https:\/\/dev.eliassen.nl\/de\/wp-json\/wp\/v2\/types\/product"}],"wp:featuredmedia":[{"embeddable":true,"href":"https:\/\/dev.eliassen.nl\/de\/wp-json\/wp\/v2\/media\/16762"}],"wp:attachment":[{"href":"https:\/\/dev.eliassen.nl\/de\/wp-json\/wp\/v2\/media?parent=16768"}],"wp:term":[{"taxonomy":"product_brand","embeddable":true,"href":"https:\/\/dev.eliassen.nl\/de\/wp-json\/wp\/v2\/product_brand?post=16768"},{"taxonomy":"product_cat","embeddable":true,"href":"https:\/\/dev.eliassen.nl\/de\/wp-json\/wp\/v2\/product_cat?post=16768"},{"taxonomy":"product_tag","embeddable":true,"href":"https:\/\/dev.eliassen.nl\/de\/wp-json\/wp\/v2\/product_tag?post=16768"}],"curies":[{"name":"wp","href":"https:\/\/api.w.org\/{rel}","templated":true}]}}