{"id":169816,"date":"2025-01-08T16:18:24","date_gmt":"2025-01-08T15:18:24","guid":{"rendered":"https:\/\/www.eliassen.nl\/?post_type=product&#038;p=169816"},"modified":"2025-01-22T14:18:01","modified_gmt":"2025-01-22T13:18:01","slug":"metall-3d-gemalde-citroen-fur-cafe-80x120cm-kopie","status":"publish","type":"product","link":"https:\/\/dev.eliassen.nl\/de\/metall-3d-gemalde-citroen-fur-cafe-80x120cm-kopie\/","title":{"rendered":"Metall 3D-Gem\u00e4lde Citro\u00ebn f\u00fcr Caf\u00e9 80x120cm. (kopie)"},"content":{"rendered":"<p>Ein wundersch\u00f6nes 3D-Metallgem\u00e4lde mit dem Bild eines Citro\u00ebn-Autos vor einem Caf\u00e9, erhaben aus einzelnen Metallteilen gefertigt, die alle von Hand zusammengeschwei\u00dft sind, um einen optimalen 3D-Effekt zu erzielen. Eine sch\u00f6ne Wanddekoration f\u00fcr zu Hause, drau\u00dfen unter einem Schutzraum oder in Ihrem Unternehmen. Farben und allgemeines Erscheinungsbild k\u00f6nnen vom Foto abweichen, da das gesamte Objekt von Menschenhand gefertigt wurde.<\/p>\n<p><strong>Fast die gesamte Metallgem\u00e4lde-Serie kann auch live in unserem Shop besichtigt werden, ein Sortiment von ca. 400 Metallgem\u00e4lden!!<\/strong><\/p>\n<ul>\n<li>Gr\u00f6\u00dfe: 80&#215;120 cm hoch<\/li>\n<li>Material: lackiertes Metall<\/li>\n<li>Einfache Aufh\u00e4ngung mit 2 Schrauben<\/li>\n<li>F\u00fcr drinnen oder drau\u00dfen nur unter Schutz<\/li>\n<li>1 Jahr Garantie<\/li>\n<\/ul>\n","protected":false},"excerpt":{"rendered":"<p>Wundersch\u00f6nes 3D-Gem\u00e4lde aus Metall mit den Ma\u00dfen 80x120cm.<\/p>\n","protected":false},"featured_media":169820,"template":"","meta":{"_acf_changed":false},"product_brand":[],"product_cat":[419,434,410],"product_tag":[],"class_list":{"0":"post-169816","1":"product","2":"type-product","3":"status-publish","4":"has-post-thumbnail","6":"product_cat-3d-gemaelde-aus-metall","7":"product_cat-3d-gemaelde-aus-metall-im-format-80x120cm","8":"product_cat-gemaelde","10":"first","11":"instock","12":"taxable","13":"shipping-taxable","14":"purchasable","15":"product-type-simple"},"acf":[],"yoast_head":"<!-- This site is optimized with the Yoast SEO plugin v23.8 - https:\/\/yoast.com\/wordpress\/plugins\/seo\/ -->\n<title>Metall 3D-Gem\u00e4lde Citro\u00ebn f\u00fcr Caf\u00e9 80x120cm. - Eliassen.nl<\/title>\n<meta name=\"description\" content=\"Wundersch\u00f6nes Wandgem\u00e4lde aus Metall mit einem wundersch\u00f6nen Citro\u00ebn vor einem Caf\u00e9. Eine farbenfrohe Szene an der Wand. Live zu sehen und schnell online ver...\" \/>\n<meta name=\"robots\" content=\"noindex, follow, max-snippet:-1, max-image-preview:large, max-video-preview:-1\" \/>\n<meta property=\"og:locale\" content=\"de_DE\" \/>\n<meta property=\"og:type\" content=\"article\" \/>\n<meta property=\"og:title\" content=\"Metall 3D-Gem\u00e4lde Citro\u00ebn f\u00fcr Caf\u00e9 80x120cm. - Eliassen.nl\" \/>\n<meta property=\"og:description\" content=\"Wundersch\u00f6nes Wandgem\u00e4lde aus Metall mit einem wundersch\u00f6nen Citro\u00ebn vor einem Caf\u00e9. Eine farbenfrohe Szene an der Wand. Live zu sehen und schnell online ver...\" \/>\n<meta property=\"og:url\" content=\"https:\/\/dev.eliassen.nl\/de\/metall-3d-gemalde-citroen-fur-cafe-80x120cm-kopie\/\" \/>\n<meta property=\"og:site_name\" content=\"Eliassen.nl\" \/>\n<meta property=\"article:publisher\" content=\"https:\/\/www.facebook.com\/TuincentrumEliassenAmmerzoden\" \/>\n<meta property=\"article:modified_time\" content=\"2025-01-22T13:18:01+00:00\" \/>\n<meta property=\"og:image\" content=\"https:\/\/dev.eliassen.nl\/wp-content\/uploads\/2025\/01\/Metalen-3d-schilderij-vissers-op-roeiboot-80x120cm-eliassen.nl-t2354.jpg\" \/>\n\t<meta property=\"og:image:width\" content=\"1200\" \/>\n\t<meta property=\"og:image:height\" content=\"791\" \/>\n\t<meta property=\"og:image:type\" content=\"image\/jpeg\" \/>\n<meta name=\"twitter:card\" content=\"summary_large_image\" \/>\n<script type=\"application\/ld+json\" class=\"yoast-schema-graph\">{\"@context\":\"https:\/\/schema.org\",\"@graph\":[{\"@type\":\"WebPage\",\"@id\":\"https:\/\/dev.eliassen.nl\/de\/metall-3d-gemalde-citroen-fur-cafe-80x120cm-kopie\/\",\"url\":\"https:\/\/dev.eliassen.nl\/de\/metall-3d-gemalde-citroen-fur-cafe-80x120cm-kopie\/\",\"name\":\"Metall 3D-Gem\u00e4lde Citro\u00ebn f\u00fcr Caf\u00e9 80x120cm. - Eliassen.nl\",\"isPartOf\":{\"@id\":\"https:\/\/dev.eliassen.nl\/de\/#website\"},\"primaryImageOfPage\":{\"@id\":\"https:\/\/dev.eliassen.nl\/de\/metall-3d-gemalde-citroen-fur-cafe-80x120cm-kopie\/#primaryimage\"},\"image\":{\"@id\":\"https:\/\/dev.eliassen.nl\/de\/metall-3d-gemalde-citroen-fur-cafe-80x120cm-kopie\/#primaryimage\"},\"thumbnailUrl\":\"https:\/\/dev.eliassen.nl\/wp-content\/uploads\/2025\/01\/Metalen-3d-schilderij-vissers-op-roeiboot-80x120cm-eliassen.nl-t2354.jpg\",\"datePublished\":\"2025-01-08T15:18:24+00:00\",\"dateModified\":\"2025-01-22T13:18:01+00:00\",\"description\":\"Wundersch\u00f6nes Wandgem\u00e4lde aus Metall mit einem wundersch\u00f6nen Citro\u00ebn vor einem Caf\u00e9. Eine farbenfrohe Szene an der Wand. Live zu sehen und schnell online ver...\",\"breadcrumb\":{\"@id\":\"https:\/\/dev.eliassen.nl\/de\/metall-3d-gemalde-citroen-fur-cafe-80x120cm-kopie\/#breadcrumb\"},\"inLanguage\":\"de\",\"potentialAction\":[{\"@type\":\"ReadAction\",\"target\":[\"https:\/\/dev.eliassen.nl\/de\/metall-3d-gemalde-citroen-fur-cafe-80x120cm-kopie\/\"]}]},{\"@type\":\"ImageObject\",\"inLanguage\":\"de\",\"@id\":\"https:\/\/dev.eliassen.nl\/de\/metall-3d-gemalde-citroen-fur-cafe-80x120cm-kopie\/#primaryimage\",\"url\":\"https:\/\/dev.eliassen.nl\/wp-content\/uploads\/2025\/01\/Metalen-3d-schilderij-vissers-op-roeiboot-80x120cm-eliassen.nl-t2354.jpg\",\"contentUrl\":\"https:\/\/dev.eliassen.nl\/wp-content\/uploads\/2025\/01\/Metalen-3d-schilderij-vissers-op-roeiboot-80x120cm-eliassen.nl-t2354.jpg\",\"width\":1200,\"height\":791,\"caption\":\"Metalen 3d schilderij vissers op roeiboot 80x120cm eliassen.nl t2354\"},{\"@type\":\"BreadcrumbList\",\"@id\":\"https:\/\/dev.eliassen.nl\/de\/metall-3d-gemalde-citroen-fur-cafe-80x120cm-kopie\/#breadcrumb\",\"itemListElement\":[{\"@type\":\"ListItem\",\"position\":1,\"name\":\"Home\",\"item\":\"https:\/\/dev.eliassen.nl\/de\/\"},{\"@type\":\"ListItem\",\"position\":2,\"name\":\"Shop\",\"item\":\"https:\/\/dev.eliassen.nl\/nl\/winkel\/\"},{\"@type\":\"ListItem\",\"position\":3,\"name\":\"Gem\u00e4lde\",\"item\":\"https:\/\/dev.eliassen.nl\/de\/gemaelde\/\"},{\"@type\":\"ListItem\",\"position\":4,\"name\":\"3D-Gem\u00e4lde aus Metall\",\"item\":\"https:\/\/dev.eliassen.nl\/de\/gemaelde\/3d-gemaelde-aus-metall\/\"},{\"@type\":\"ListItem\",\"position\":5,\"name\":\"3D-Gem\u00e4lde aus Metall im Format 80x120cm\",\"item\":\"https:\/\/dev.eliassen.nl\/de\/gemaelde\/3d-gemaelde-aus-metall\/3d-gemaelde-aus-metall-im-format-80x120cm\/\"},{\"@type\":\"ListItem\",\"position\":6,\"name\":\"Metall 3D-Gem\u00e4lde Citro\u00ebn f\u00fcr Caf\u00e9 80x120cm. (kopie)\"}]},{\"@type\":\"WebSite\",\"@id\":\"https:\/\/dev.eliassen.nl\/de\/#website\",\"url\":\"https:\/\/dev.eliassen.nl\/de\/\",\"name\":\"Eliassen Home & Garden Pleasure\",\"description\":\"\",\"publisher\":{\"@id\":\"https:\/\/dev.eliassen.nl\/de\/#organization\"},\"alternateName\":\"Eliassen.nl\",\"potentialAction\":[{\"@type\":\"SearchAction\",\"target\":{\"@type\":\"EntryPoint\",\"urlTemplate\":\"https:\/\/dev.eliassen.nl\/de\/?s={search_term_string}\"},\"query-input\":{\"@type\":\"PropertyValueSpecification\",\"valueRequired\":true,\"valueName\":\"search_term_string\"}}],\"inLanguage\":\"de\"},{\"@type\":\"Organization\",\"@id\":\"https:\/\/dev.eliassen.nl\/de\/#organization\",\"name\":\"Eliassen Home & Garden Pleasure\",\"url\":\"https:\/\/dev.eliassen.nl\/de\/\",\"logo\":{\"@type\":\"ImageObject\",\"inLanguage\":\"de\",\"@id\":\"https:\/\/dev.eliassen.nl\/de\/#\/schema\/logo\/image\/\",\"url\":\"https:\/\/www.eliassen.nl\/wp-content\/uploads\/2024\/01\/logo_4nd.jpg\",\"contentUrl\":\"https:\/\/www.eliassen.nl\/wp-content\/uploads\/2024\/01\/logo_4nd.jpg\",\"width\":500,\"height\":500,\"caption\":\"Eliassen Home & Garden Pleasure\"},\"image\":{\"@id\":\"https:\/\/dev.eliassen.nl\/de\/#\/schema\/logo\/image\/\"},\"sameAs\":[\"https:\/\/www.facebook.com\/TuincentrumEliassenAmmerzoden\",\"https:\/\/www.instagram.com\/eliassenhomeandgarden\/\",\"https:\/\/nl.pinterest.com\/eliassenhomeandgarden\/\",\"https:\/\/www.youtube.com\/@eliassenhomegardenpleasure4558\"]}]}<\/script>\n<!-- \/ Yoast SEO plugin. -->","yoast_head_json":{"title":"Metall 3D-Gem\u00e4lde Citro\u00ebn f\u00fcr Caf\u00e9 80x120cm. - Eliassen.nl","description":"Wundersch\u00f6nes Wandgem\u00e4lde aus Metall mit einem wundersch\u00f6nen Citro\u00ebn vor einem Caf\u00e9. Eine farbenfrohe Szene an der Wand. Live zu sehen und schnell online ver...","robots":{"index":"noindex","follow":"follow","max-snippet":"max-snippet:-1","max-image-preview":"max-image-preview:large","max-video-preview":"max-video-preview:-1"},"og_locale":"de_DE","og_type":"article","og_title":"Metall 3D-Gem\u00e4lde Citro\u00ebn f\u00fcr Caf\u00e9 80x120cm. - Eliassen.nl","og_description":"Wundersch\u00f6nes Wandgem\u00e4lde aus Metall mit einem wundersch\u00f6nen Citro\u00ebn vor einem Caf\u00e9. Eine farbenfrohe Szene an der Wand. Live zu sehen und schnell online ver...","og_url":"https:\/\/dev.eliassen.nl\/de\/metall-3d-gemalde-citroen-fur-cafe-80x120cm-kopie\/","og_site_name":"Eliassen.nl","article_publisher":"https:\/\/www.facebook.com\/TuincentrumEliassenAmmerzoden","article_modified_time":"2025-01-22T13:18:01+00:00","og_image":[{"width":1200,"height":791,"url":"https:\/\/dev.eliassen.nl\/wp-content\/uploads\/2025\/01\/Metalen-3d-schilderij-vissers-op-roeiboot-80x120cm-eliassen.nl-t2354.jpg","type":"image\/jpeg"}],"twitter_card":"summary_large_image","schema":{"@context":"https:\/\/schema.org","@graph":[{"@type":"WebPage","@id":"https:\/\/dev.eliassen.nl\/de\/metall-3d-gemalde-citroen-fur-cafe-80x120cm-kopie\/","url":"https:\/\/dev.eliassen.nl\/de\/metall-3d-gemalde-citroen-fur-cafe-80x120cm-kopie\/","name":"Metall 3D-Gem\u00e4lde Citro\u00ebn f\u00fcr Caf\u00e9 80x120cm. - Eliassen.nl","isPartOf":{"@id":"https:\/\/dev.eliassen.nl\/de\/#website"},"primaryImageOfPage":{"@id":"https:\/\/dev.eliassen.nl\/de\/metall-3d-gemalde-citroen-fur-cafe-80x120cm-kopie\/#primaryimage"},"image":{"@id":"https:\/\/dev.eliassen.nl\/de\/metall-3d-gemalde-citroen-fur-cafe-80x120cm-kopie\/#primaryimage"},"thumbnailUrl":"https:\/\/dev.eliassen.nl\/wp-content\/uploads\/2025\/01\/Metalen-3d-schilderij-vissers-op-roeiboot-80x120cm-eliassen.nl-t2354.jpg","datePublished":"2025-01-08T15:18:24+00:00","dateModified":"2025-01-22T13:18:01+00:00","description":"Wundersch\u00f6nes Wandgem\u00e4lde aus Metall mit einem wundersch\u00f6nen Citro\u00ebn vor einem Caf\u00e9. Eine farbenfrohe Szene an der Wand. Live zu sehen und schnell online ver...","breadcrumb":{"@id":"https:\/\/dev.eliassen.nl\/de\/metall-3d-gemalde-citroen-fur-cafe-80x120cm-kopie\/#breadcrumb"},"inLanguage":"de","potentialAction":[{"@type":"ReadAction","target":["https:\/\/dev.eliassen.nl\/de\/metall-3d-gemalde-citroen-fur-cafe-80x120cm-kopie\/"]}]},{"@type":"ImageObject","inLanguage":"de","@id":"https:\/\/dev.eliassen.nl\/de\/metall-3d-gemalde-citroen-fur-cafe-80x120cm-kopie\/#primaryimage","url":"https:\/\/dev.eliassen.nl\/wp-content\/uploads\/2025\/01\/Metalen-3d-schilderij-vissers-op-roeiboot-80x120cm-eliassen.nl-t2354.jpg","contentUrl":"https:\/\/dev.eliassen.nl\/wp-content\/uploads\/2025\/01\/Metalen-3d-schilderij-vissers-op-roeiboot-80x120cm-eliassen.nl-t2354.jpg","width":1200,"height":791,"caption":"Metalen 3d schilderij vissers op roeiboot 80x120cm eliassen.nl t2354"},{"@type":"BreadcrumbList","@id":"https:\/\/dev.eliassen.nl\/de\/metall-3d-gemalde-citroen-fur-cafe-80x120cm-kopie\/#breadcrumb","itemListElement":[{"@type":"ListItem","position":1,"name":"Home","item":"https:\/\/dev.eliassen.nl\/de\/"},{"@type":"ListItem","position":2,"name":"Shop","item":"https:\/\/dev.eliassen.nl\/nl\/winkel\/"},{"@type":"ListItem","position":3,"name":"Gem\u00e4lde","item":"https:\/\/dev.eliassen.nl\/de\/gemaelde\/"},{"@type":"ListItem","position":4,"name":"3D-Gem\u00e4lde aus Metall","item":"https:\/\/dev.eliassen.nl\/de\/gemaelde\/3d-gemaelde-aus-metall\/"},{"@type":"ListItem","position":5,"name":"3D-Gem\u00e4lde aus Metall im Format 80x120cm","item":"https:\/\/dev.eliassen.nl\/de\/gemaelde\/3d-gemaelde-aus-metall\/3d-gemaelde-aus-metall-im-format-80x120cm\/"},{"@type":"ListItem","position":6,"name":"Metall 3D-Gem\u00e4lde Citro\u00ebn f\u00fcr Caf\u00e9 80x120cm. (kopie)"}]},{"@type":"WebSite","@id":"https:\/\/dev.eliassen.nl\/de\/#website","url":"https:\/\/dev.eliassen.nl\/de\/","name":"Eliassen Home & Garden Pleasure","description":"","publisher":{"@id":"https:\/\/dev.eliassen.nl\/de\/#organization"},"alternateName":"Eliassen.nl","potentialAction":[{"@type":"SearchAction","target":{"@type":"EntryPoint","urlTemplate":"https:\/\/dev.eliassen.nl\/de\/?s={search_term_string}"},"query-input":{"@type":"PropertyValueSpecification","valueRequired":true,"valueName":"search_term_string"}}],"inLanguage":"de"},{"@type":"Organization","@id":"https:\/\/dev.eliassen.nl\/de\/#organization","name":"Eliassen Home & Garden Pleasure","url":"https:\/\/dev.eliassen.nl\/de\/","logo":{"@type":"ImageObject","inLanguage":"de","@id":"https:\/\/dev.eliassen.nl\/de\/#\/schema\/logo\/image\/","url":"https:\/\/www.eliassen.nl\/wp-content\/uploads\/2024\/01\/logo_4nd.jpg","contentUrl":"https:\/\/www.eliassen.nl\/wp-content\/uploads\/2024\/01\/logo_4nd.jpg","width":500,"height":500,"caption":"Eliassen Home & Garden Pleasure"},"image":{"@id":"https:\/\/dev.eliassen.nl\/de\/#\/schema\/logo\/image\/"},"sameAs":["https:\/\/www.facebook.com\/TuincentrumEliassenAmmerzoden","https:\/\/www.instagram.com\/eliassenhomeandgarden\/","https:\/\/nl.pinterest.com\/eliassenhomeandgarden\/","https:\/\/www.youtube.com\/@eliassenhomegardenpleasure4558"]}]}},"df_price":209,"df_sale_price":"","df_regular_price":209,"df_image_link":"https:\/\/dev.eliassen.nl\/wp-content\/uploads\/2025\/01\/Metalen-3d-schilderij-vissers-op-roeiboot-80x120cm-eliassen.nl-t2354-300x198.jpg","image":"https:\/\/dev.eliassen.nl\/wp-content\/uploads\/2025\/01\/Metalen-3d-schilderij-vissers-op-roeiboot-80x120cm-eliassen.nl-t2354-150x150.jpg","price_search":"<span class=\"woocommerce-Price-amount amount\"><bdi><span class=\"woocommerce-Price-currencySymbol\">&euro;<\/span>&nbsp;209,00<\/bdi><\/span>","category":"3D-Gem\u00e4lde aus Metall","_links":{"self":[{"href":"https:\/\/dev.eliassen.nl\/de\/wp-json\/wp\/v2\/product\/169816","targetHints":{"allow":["GET"]}}],"collection":[{"href":"https:\/\/dev.eliassen.nl\/de\/wp-json\/wp\/v2\/product"}],"about":[{"href":"https:\/\/dev.eliassen.nl\/de\/wp-json\/wp\/v2\/types\/product"}],"wp:featuredmedia":[{"embeddable":true,"href":"https:\/\/dev.eliassen.nl\/de\/wp-json\/wp\/v2\/media\/169820"}],"wp:attachment":[{"href":"https:\/\/dev.eliassen.nl\/de\/wp-json\/wp\/v2\/media?parent=169816"}],"wp:term":[{"taxonomy":"product_brand","embeddable":true,"href":"https:\/\/dev.eliassen.nl\/de\/wp-json\/wp\/v2\/product_brand?post=169816"},{"taxonomy":"product_cat","embeddable":true,"href":"https:\/\/dev.eliassen.nl\/de\/wp-json\/wp\/v2\/product_cat?post=169816"},{"taxonomy":"product_tag","embeddable":true,"href":"https:\/\/dev.eliassen.nl\/de\/wp-json\/wp\/v2\/product_tag?post=169816"}],"curies":[{"name":"wp","href":"https:\/\/api.w.org\/{rel}","templated":true}]}}