{"id":169858,"date":"2025-01-08T16:39:20","date_gmt":"2025-01-08T15:39:20","guid":{"rendered":"https:\/\/www.eliassen.nl\/?post_type=product&#038;p=169858"},"modified":"2025-01-23T10:40:37","modified_gmt":"2025-01-23T09:40:37","slug":"tumbler-crow-mit-hut-aus-metall-kopie","status":"publish","type":"product","link":"https:\/\/dev.eliassen.nl\/de\/tumbler-crow-mit-hut-aus-metall-kopie\/","title":{"rendered":"Tumbler Crow mit Hut aus Metall (kopie)"},"content":{"rendered":"<p>Dieser fr\u00f6hliche Gartenstecker mit einem Vogel mit Hut und Brille auf einer Waage bewegt sich mit etwas Wind endlos auf und ab. Vollst\u00e4ndig von Hand aus Eisen gefertigt.<br \/>Da es sich um Handarbeit handelt, kann jedes Modell leicht vom Foto abweichen.<\/p>\n<p><strong>Wir haben fast alles aus dieser Serie im Showroom, schauen Sie vorbei.<\/strong><\/p>\n<ul>\n<li>Gr\u00f6\u00dfe 130 x 30 x 50 cm.<\/li>\n<li>Schnell geliefert.<\/li>\n<li>100 % Handarbeit.<\/li>\n<li>1 Jahr Garantie.<\/li>\n<\/ul>\n","protected":false},"excerpt":{"rendered":"<p>Dieser fr\u00f6hliche Gartenstecker mit einem Vogel mit Hut und Brille auf einer Waage bewegt sich mit etwas Wind endlos auf und ab. Vollst\u00e4ndig von Hand aus Eisen gefertigt.Da es sich um Handarbeit handelt, kann jedes Modell leicht vom Foto abweichen. Wir haben fast alles aus dieser Serie im Showroom, schauen Sie vorbei. Gr\u00f6\u00dfe 130 x &hellip;<\/p>\n","protected":false},"featured_media":169862,"template":"","meta":{"_acf_changed":false},"product_brand":[],"product_cat":[851,836],"product_tag":[],"class_list":{"0":"post-169858","1":"product","2":"type-product","3":"status-publish","4":"has-post-thumbnail","6":"product_cat-gartenpfaehle-aus-still","7":"product_cat-gartenstecker","9":"first","10":"instock","11":"taxable","12":"shipping-taxable","13":"purchasable","14":"product-type-simple"},"acf":[],"yoast_head":"<!-- This site is optimized with the Yoast SEO plugin v23.8 - https:\/\/yoast.com\/wordpress\/plugins\/seo\/ -->\n<title>Becher Kr\u00e4he mit Hut Metall - Eliassen<\/title>\n<meta name=\"description\" content=\"Sie suchen einen G\u00e4rtner? Jetzt bestellen Becher Kr\u00e4he mit Hut Metall. Auf unserer Seite k\u00f6nnen Sie ganz einfach einen Gartenstecker kaufen. \u2713 Gro\u00dfes Sortime...\" \/>\n<meta name=\"robots\" content=\"noindex, follow, max-snippet:-1, max-image-preview:large, max-video-preview:-1\" \/>\n<meta property=\"og:locale\" content=\"de_DE\" \/>\n<meta property=\"og:type\" content=\"article\" \/>\n<meta property=\"og:title\" content=\"Becher Kr\u00e4he mit Hut Metall - Eliassen\" \/>\n<meta property=\"og:description\" content=\"Sie suchen einen G\u00e4rtner? Jetzt bestellen Becher Kr\u00e4he mit Hut Metall. Auf unserer Seite k\u00f6nnen Sie ganz einfach einen Gartenstecker kaufen. \u2713 Gro\u00dfes Sortime...\" \/>\n<meta property=\"og:url\" content=\"https:\/\/dev.eliassen.nl\/de\/tumbler-crow-mit-hut-aus-metall-kopie\/\" \/>\n<meta property=\"og:site_name\" content=\"Eliassen.nl\" \/>\n<meta property=\"article:publisher\" content=\"https:\/\/www.facebook.com\/TuincentrumEliassenAmmerzoden\" \/>\n<meta property=\"article:modified_time\" content=\"2025-01-23T09:40:37+00:00\" \/>\n<meta property=\"og:image\" content=\"https:\/\/dev.eliassen.nl\/wp-content\/uploads\/2025\/01\/MD17163-Tuinsteker-metaal-kraai-met-hoed-op-stenen-133cm-eliassen.nl_.jpg\" \/>\n\t<meta property=\"og:image:width\" content=\"685\" \/>\n\t<meta property=\"og:image:height\" content=\"685\" \/>\n\t<meta property=\"og:image:type\" content=\"image\/jpeg\" \/>\n<meta name=\"twitter:card\" content=\"summary_large_image\" \/>\n<script type=\"application\/ld+json\" class=\"yoast-schema-graph\">{\"@context\":\"https:\/\/schema.org\",\"@graph\":[{\"@type\":\"WebPage\",\"@id\":\"https:\/\/dev.eliassen.nl\/de\/tumbler-crow-mit-hut-aus-metall-kopie\/\",\"url\":\"https:\/\/dev.eliassen.nl\/de\/tumbler-crow-mit-hut-aus-metall-kopie\/\",\"name\":\"Becher Kr\u00e4he mit Hut Metall - Eliassen\",\"isPartOf\":{\"@id\":\"https:\/\/dev.eliassen.nl\/de\/#website\"},\"primaryImageOfPage\":{\"@id\":\"https:\/\/dev.eliassen.nl\/de\/tumbler-crow-mit-hut-aus-metall-kopie\/#primaryimage\"},\"image\":{\"@id\":\"https:\/\/dev.eliassen.nl\/de\/tumbler-crow-mit-hut-aus-metall-kopie\/#primaryimage\"},\"thumbnailUrl\":\"https:\/\/dev.eliassen.nl\/wp-content\/uploads\/2025\/01\/MD17163-Tuinsteker-metaal-kraai-met-hoed-op-stenen-133cm-eliassen.nl_.jpg\",\"datePublished\":\"2025-01-08T15:39:20+00:00\",\"dateModified\":\"2025-01-23T09:40:37+00:00\",\"description\":\"Sie suchen einen G\u00e4rtner? Jetzt bestellen Becher Kr\u00e4he mit Hut Metall. Auf unserer Seite k\u00f6nnen Sie ganz einfach einen Gartenstecker kaufen. \u2713 Gro\u00dfes Sortime...\",\"breadcrumb\":{\"@id\":\"https:\/\/dev.eliassen.nl\/de\/tumbler-crow-mit-hut-aus-metall-kopie\/#breadcrumb\"},\"inLanguage\":\"de\",\"potentialAction\":[{\"@type\":\"ReadAction\",\"target\":[\"https:\/\/dev.eliassen.nl\/de\/tumbler-crow-mit-hut-aus-metall-kopie\/\"]}]},{\"@type\":\"ImageObject\",\"inLanguage\":\"de\",\"@id\":\"https:\/\/dev.eliassen.nl\/de\/tumbler-crow-mit-hut-aus-metall-kopie\/#primaryimage\",\"url\":\"https:\/\/dev.eliassen.nl\/wp-content\/uploads\/2025\/01\/MD17163-Tuinsteker-metaal-kraai-met-hoed-op-stenen-133cm-eliassen.nl_.jpg\",\"contentUrl\":\"https:\/\/dev.eliassen.nl\/wp-content\/uploads\/2025\/01\/MD17163-Tuinsteker-metaal-kraai-met-hoed-op-stenen-133cm-eliassen.nl_.jpg\",\"width\":685,\"height\":685,\"caption\":\"MD17163 Tuinsteker metaal kraai met hoed op stenen 133cm eliassen.nl\"},{\"@type\":\"BreadcrumbList\",\"@id\":\"https:\/\/dev.eliassen.nl\/de\/tumbler-crow-mit-hut-aus-metall-kopie\/#breadcrumb\",\"itemListElement\":[{\"@type\":\"ListItem\",\"position\":1,\"name\":\"Home\",\"item\":\"https:\/\/dev.eliassen.nl\/de\/\"},{\"@type\":\"ListItem\",\"position\":2,\"name\":\"Shop\",\"item\":\"https:\/\/dev.eliassen.nl\/nl\/winkel\/\"},{\"@type\":\"ListItem\",\"position\":3,\"name\":\"Gartenstecker\",\"item\":\"https:\/\/dev.eliassen.nl\/de\/gartenstecker\/\"},{\"@type\":\"ListItem\",\"position\":4,\"name\":\"Tumbler Crow mit Hut aus Metall (kopie)\"}]},{\"@type\":\"WebSite\",\"@id\":\"https:\/\/dev.eliassen.nl\/de\/#website\",\"url\":\"https:\/\/dev.eliassen.nl\/de\/\",\"name\":\"Eliassen Home & Garden Pleasure\",\"description\":\"\",\"publisher\":{\"@id\":\"https:\/\/dev.eliassen.nl\/de\/#organization\"},\"alternateName\":\"Eliassen.nl\",\"potentialAction\":[{\"@type\":\"SearchAction\",\"target\":{\"@type\":\"EntryPoint\",\"urlTemplate\":\"https:\/\/dev.eliassen.nl\/de\/?s={search_term_string}\"},\"query-input\":{\"@type\":\"PropertyValueSpecification\",\"valueRequired\":true,\"valueName\":\"search_term_string\"}}],\"inLanguage\":\"de\"},{\"@type\":\"Organization\",\"@id\":\"https:\/\/dev.eliassen.nl\/de\/#organization\",\"name\":\"Eliassen Home & Garden Pleasure\",\"url\":\"https:\/\/dev.eliassen.nl\/de\/\",\"logo\":{\"@type\":\"ImageObject\",\"inLanguage\":\"de\",\"@id\":\"https:\/\/dev.eliassen.nl\/de\/#\/schema\/logo\/image\/\",\"url\":\"https:\/\/www.eliassen.nl\/wp-content\/uploads\/2024\/01\/logo_4nd.jpg\",\"contentUrl\":\"https:\/\/www.eliassen.nl\/wp-content\/uploads\/2024\/01\/logo_4nd.jpg\",\"width\":500,\"height\":500,\"caption\":\"Eliassen Home & Garden Pleasure\"},\"image\":{\"@id\":\"https:\/\/dev.eliassen.nl\/de\/#\/schema\/logo\/image\/\"},\"sameAs\":[\"https:\/\/www.facebook.com\/TuincentrumEliassenAmmerzoden\",\"https:\/\/www.instagram.com\/eliassenhomeandgarden\/\",\"https:\/\/nl.pinterest.com\/eliassenhomeandgarden\/\",\"https:\/\/www.youtube.com\/@eliassenhomegardenpleasure4558\"]}]}<\/script>\n<!-- \/ Yoast SEO plugin. -->","yoast_head_json":{"title":"Becher Kr\u00e4he mit Hut Metall - Eliassen","description":"Sie suchen einen G\u00e4rtner? Jetzt bestellen Becher Kr\u00e4he mit Hut Metall. Auf unserer Seite k\u00f6nnen Sie ganz einfach einen Gartenstecker kaufen. \u2713 Gro\u00dfes Sortime...","robots":{"index":"noindex","follow":"follow","max-snippet":"max-snippet:-1","max-image-preview":"max-image-preview:large","max-video-preview":"max-video-preview:-1"},"og_locale":"de_DE","og_type":"article","og_title":"Becher Kr\u00e4he mit Hut Metall - Eliassen","og_description":"Sie suchen einen G\u00e4rtner? Jetzt bestellen Becher Kr\u00e4he mit Hut Metall. Auf unserer Seite k\u00f6nnen Sie ganz einfach einen Gartenstecker kaufen. \u2713 Gro\u00dfes Sortime...","og_url":"https:\/\/dev.eliassen.nl\/de\/tumbler-crow-mit-hut-aus-metall-kopie\/","og_site_name":"Eliassen.nl","article_publisher":"https:\/\/www.facebook.com\/TuincentrumEliassenAmmerzoden","article_modified_time":"2025-01-23T09:40:37+00:00","og_image":[{"width":685,"height":685,"url":"https:\/\/dev.eliassen.nl\/wp-content\/uploads\/2025\/01\/MD17163-Tuinsteker-metaal-kraai-met-hoed-op-stenen-133cm-eliassen.nl_.jpg","type":"image\/jpeg"}],"twitter_card":"summary_large_image","schema":{"@context":"https:\/\/schema.org","@graph":[{"@type":"WebPage","@id":"https:\/\/dev.eliassen.nl\/de\/tumbler-crow-mit-hut-aus-metall-kopie\/","url":"https:\/\/dev.eliassen.nl\/de\/tumbler-crow-mit-hut-aus-metall-kopie\/","name":"Becher Kr\u00e4he mit Hut Metall - Eliassen","isPartOf":{"@id":"https:\/\/dev.eliassen.nl\/de\/#website"},"primaryImageOfPage":{"@id":"https:\/\/dev.eliassen.nl\/de\/tumbler-crow-mit-hut-aus-metall-kopie\/#primaryimage"},"image":{"@id":"https:\/\/dev.eliassen.nl\/de\/tumbler-crow-mit-hut-aus-metall-kopie\/#primaryimage"},"thumbnailUrl":"https:\/\/dev.eliassen.nl\/wp-content\/uploads\/2025\/01\/MD17163-Tuinsteker-metaal-kraai-met-hoed-op-stenen-133cm-eliassen.nl_.jpg","datePublished":"2025-01-08T15:39:20+00:00","dateModified":"2025-01-23T09:40:37+00:00","description":"Sie suchen einen G\u00e4rtner? Jetzt bestellen Becher Kr\u00e4he mit Hut Metall. Auf unserer Seite k\u00f6nnen Sie ganz einfach einen Gartenstecker kaufen. \u2713 Gro\u00dfes Sortime...","breadcrumb":{"@id":"https:\/\/dev.eliassen.nl\/de\/tumbler-crow-mit-hut-aus-metall-kopie\/#breadcrumb"},"inLanguage":"de","potentialAction":[{"@type":"ReadAction","target":["https:\/\/dev.eliassen.nl\/de\/tumbler-crow-mit-hut-aus-metall-kopie\/"]}]},{"@type":"ImageObject","inLanguage":"de","@id":"https:\/\/dev.eliassen.nl\/de\/tumbler-crow-mit-hut-aus-metall-kopie\/#primaryimage","url":"https:\/\/dev.eliassen.nl\/wp-content\/uploads\/2025\/01\/MD17163-Tuinsteker-metaal-kraai-met-hoed-op-stenen-133cm-eliassen.nl_.jpg","contentUrl":"https:\/\/dev.eliassen.nl\/wp-content\/uploads\/2025\/01\/MD17163-Tuinsteker-metaal-kraai-met-hoed-op-stenen-133cm-eliassen.nl_.jpg","width":685,"height":685,"caption":"MD17163 Tuinsteker metaal kraai met hoed op stenen 133cm eliassen.nl"},{"@type":"BreadcrumbList","@id":"https:\/\/dev.eliassen.nl\/de\/tumbler-crow-mit-hut-aus-metall-kopie\/#breadcrumb","itemListElement":[{"@type":"ListItem","position":1,"name":"Home","item":"https:\/\/dev.eliassen.nl\/de\/"},{"@type":"ListItem","position":2,"name":"Shop","item":"https:\/\/dev.eliassen.nl\/nl\/winkel\/"},{"@type":"ListItem","position":3,"name":"Gartenstecker","item":"https:\/\/dev.eliassen.nl\/de\/gartenstecker\/"},{"@type":"ListItem","position":4,"name":"Tumbler Crow mit Hut aus Metall (kopie)"}]},{"@type":"WebSite","@id":"https:\/\/dev.eliassen.nl\/de\/#website","url":"https:\/\/dev.eliassen.nl\/de\/","name":"Eliassen Home & Garden Pleasure","description":"","publisher":{"@id":"https:\/\/dev.eliassen.nl\/de\/#organization"},"alternateName":"Eliassen.nl","potentialAction":[{"@type":"SearchAction","target":{"@type":"EntryPoint","urlTemplate":"https:\/\/dev.eliassen.nl\/de\/?s={search_term_string}"},"query-input":{"@type":"PropertyValueSpecification","valueRequired":true,"valueName":"search_term_string"}}],"inLanguage":"de"},{"@type":"Organization","@id":"https:\/\/dev.eliassen.nl\/de\/#organization","name":"Eliassen Home & Garden Pleasure","url":"https:\/\/dev.eliassen.nl\/de\/","logo":{"@type":"ImageObject","inLanguage":"de","@id":"https:\/\/dev.eliassen.nl\/de\/#\/schema\/logo\/image\/","url":"https:\/\/www.eliassen.nl\/wp-content\/uploads\/2024\/01\/logo_4nd.jpg","contentUrl":"https:\/\/www.eliassen.nl\/wp-content\/uploads\/2024\/01\/logo_4nd.jpg","width":500,"height":500,"caption":"Eliassen Home & Garden Pleasure"},"image":{"@id":"https:\/\/dev.eliassen.nl\/de\/#\/schema\/logo\/image\/"},"sameAs":["https:\/\/www.facebook.com\/TuincentrumEliassenAmmerzoden","https:\/\/www.instagram.com\/eliassenhomeandgarden\/","https:\/\/nl.pinterest.com\/eliassenhomeandgarden\/","https:\/\/www.youtube.com\/@eliassenhomegardenpleasure4558"]}]}},"df_price":29.5,"df_sale_price":"","df_regular_price":29.5,"df_image_link":"https:\/\/dev.eliassen.nl\/wp-content\/uploads\/2025\/01\/MD17163-Tuinsteker-metaal-kraai-met-hoed-op-stenen-133cm-eliassen.nl_-300x300.jpg","image":"https:\/\/dev.eliassen.nl\/wp-content\/uploads\/2025\/01\/MD17163-Tuinsteker-metaal-kraai-met-hoed-op-stenen-133cm-eliassen.nl_-150x150.jpg","price_search":"<span class=\"woocommerce-Price-amount amount\"><bdi><span class=\"woocommerce-Price-currencySymbol\">&euro;<\/span>&nbsp;29,50<\/bdi><\/span>","category":"Gartenpf\u00e4hle aus still","_links":{"self":[{"href":"https:\/\/dev.eliassen.nl\/de\/wp-json\/wp\/v2\/product\/169858","targetHints":{"allow":["GET"]}}],"collection":[{"href":"https:\/\/dev.eliassen.nl\/de\/wp-json\/wp\/v2\/product"}],"about":[{"href":"https:\/\/dev.eliassen.nl\/de\/wp-json\/wp\/v2\/types\/product"}],"wp:featuredmedia":[{"embeddable":true,"href":"https:\/\/dev.eliassen.nl\/de\/wp-json\/wp\/v2\/media\/169862"}],"wp:attachment":[{"href":"https:\/\/dev.eliassen.nl\/de\/wp-json\/wp\/v2\/media?parent=169858"}],"wp:term":[{"taxonomy":"product_brand","embeddable":true,"href":"https:\/\/dev.eliassen.nl\/de\/wp-json\/wp\/v2\/product_brand?post=169858"},{"taxonomy":"product_cat","embeddable":true,"href":"https:\/\/dev.eliassen.nl\/de\/wp-json\/wp\/v2\/product_cat?post=169858"},{"taxonomy":"product_tag","embeddable":true,"href":"https:\/\/dev.eliassen.nl\/de\/wp-json\/wp\/v2\/product_tag?post=169858"}],"curies":[{"name":"wp","href":"https:\/\/api.w.org\/{rel}","templated":true}]}}