{"id":17050,"date":"2019-10-28T18:42:15","date_gmt":"2019-10-28T17:42:15","guid":{"rendered":"https:\/\/www.eliassen.nl\/?product=3d-metall-malerei-100x100cm-baeckerei"},"modified":"2023-12-07T12:24:04","modified_gmt":"2023-12-07T12:24:04","slug":"metall-3d-gemalde-100x100cm-fahrrad-fur-backerei","status":"publish","type":"product","link":"https:\/\/dev.eliassen.nl\/de\/metall-3d-gemalde-100x100cm-fahrrad-fur-backerei\/","title":{"rendered":"Metall 3D-Gem\u00e4lde 100x100cm Fahrrad f\u00fcr B\u00e4ckerei"},"content":{"rendered":"<p>Ihr Zuhause, Ihr Gesch\u00e4ft oder Ihre Veranda (unter einem Dach) wird mit dieser Wanddekoration wundersch\u00f6n aussehen. Dieses Modellgem\u00e4lde mit dem Bild einer B\u00e4ckerei ist komplett von Hand gefertigt. An dieser Wanddekoration ist alles aus Metall, der Hintergrund und somit auch die Figur.<\/p>\n<p>Dieses 3D-Gem\u00e4lde aus Metall mit einer B\u00e4ckerei mit Fahrrad ist eine gute Erg\u00e4nzung f\u00fcr Ihr Interieur, wenn Sie Ihr Interieur aufhellen und ihm Gem\u00fctlichkeit verleihen m\u00f6chten. Das 3D-Wandobjekt zeigt warme Farben und einen altmodischen Stil. Diese 3D-Wanddekoration macht in einer B\u00e4ckerei, einem Gastronomiebetrieb oder einfach in Ihrem Wohnzimmer oder Ihrer K\u00fcche eine gute Figur.<\/p>\n<p>Da es von Hand bemalt und hergestellt wird, kann die Farbe leicht vom Foto abweichen, sie sind nie genau gleich. Diese leicht groben Gem\u00e4lde k\u00f6nnen immer kleinere Abweichungen enthalten, manchmal ist dies sogar bewusst so gemacht, um die raue Atmosph\u00e4re zu erzeugen.<\/p>\n<p>Wir haben auch fast die gesamte Kollektion dieser Serie im Gesch\u00e4ft, was in den Niederlanden einzigartig ist.<br \/>Nirgendwo sonst finden Sie eine so gro\u00dfe Sammlung. Gern geschehen.<\/p>\n<ul>\n<li>Gr\u00f6\u00dfe 100x100cm<\/li>\n<li>Einfache Aufh\u00e4ngung mit 2 Schrauben<\/li>\n<li>Schnell geliefert<\/li>\n<li>Gr\u00f6\u00dfte Sammlung in den Benelux-L\u00e4ndern, die auch live besichtigt werden kann<\/li>\n<\/ul>\n","protected":false},"excerpt":{"rendered":"<p>Handbemalt in verschiedenen Farben und im altmodischen Stil.<\/p>\n","protected":false},"featured_media":17047,"template":"","meta":{"_acf_changed":false},"product_brand":[],"product_cat":[419,428,410],"product_tag":[],"class_list":{"0":"post-17050","1":"product","2":"type-product","3":"status-publish","4":"has-post-thumbnail","6":"product_cat-3d-gemaelde-aus-metall","7":"product_cat-3d-gemaelde-aus-metall-im-format-100x100cm","8":"product_cat-gemaelde","10":"first","11":"instock","12":"taxable","13":"shipping-taxable","14":"purchasable","15":"product-type-simple"},"acf":[],"yoast_head":"<!-- This site is optimized with the Yoast SEO plugin v23.8 - https:\/\/yoast.com\/wordpress\/plugins\/seo\/ -->\n<title>Metall 3D Gem\u00e4lde B\u00e4ckerei mit Fahrrad | 100x100cm | Eliassen.nl<\/title>\n<meta name=\"description\" content=\"Metall-3D-Gem\u00e4lde B\u00e4ckerei mit einem mit Blumen geparkten Fahrrad. Wundersch\u00f6n gestaltet in wundersch\u00f6nen Farben. Mehr als 1.500 Gem\u00e4lde sind LIVE zu sehen!\" \/>\n<meta name=\"robots\" content=\"noindex, follow, max-snippet:-1, max-image-preview:large, max-video-preview:-1\" \/>\n<meta property=\"og:locale\" content=\"de_DE\" \/>\n<meta property=\"og:type\" content=\"article\" \/>\n<meta property=\"og:title\" content=\"Metall 3D Gem\u00e4lde B\u00e4ckerei mit Fahrrad | 100x100cm | Eliassen.nl\" \/>\n<meta property=\"og:description\" content=\"Metall-3D-Gem\u00e4lde B\u00e4ckerei mit einem mit Blumen geparkten Fahrrad. Wundersch\u00f6n gestaltet in wundersch\u00f6nen Farben. Mehr als 1.500 Gem\u00e4lde sind LIVE zu sehen!\" \/>\n<meta property=\"og:url\" content=\"https:\/\/dev.eliassen.nl\/de\/metall-3d-gemalde-100x100cm-fahrrad-fur-backerei\/\" \/>\n<meta property=\"og:site_name\" content=\"Eliassen.nl\" \/>\n<meta property=\"article:publisher\" content=\"https:\/\/www.facebook.com\/TuincentrumEliassenAmmerzoden\" \/>\n<meta property=\"article:modified_time\" content=\"2023-12-07T12:24:04+00:00\" \/>\n<meta property=\"og:image\" content=\"https:\/\/dev.eliassen.nl\/wp-content\/uploads\/2024\/01\/metalen3dschilderij100x100cmfietsvoorbakkeri.jpg\" \/>\n\t<meta property=\"og:image:width\" content=\"1024\" \/>\n\t<meta property=\"og:image:height\" content=\"1024\" \/>\n\t<meta property=\"og:image:type\" content=\"image\/jpeg\" \/>\n<meta name=\"twitter:card\" content=\"summary_large_image\" \/>\n<script type=\"application\/ld+json\" class=\"yoast-schema-graph\">{\"@context\":\"https:\/\/schema.org\",\"@graph\":[{\"@type\":\"WebPage\",\"@id\":\"https:\/\/dev.eliassen.nl\/de\/metall-3d-gemalde-100x100cm-fahrrad-fur-backerei\/\",\"url\":\"https:\/\/dev.eliassen.nl\/de\/metall-3d-gemalde-100x100cm-fahrrad-fur-backerei\/\",\"name\":\"Metall 3D Gem\u00e4lde B\u00e4ckerei mit Fahrrad | 100x100cm | Eliassen.nl\",\"isPartOf\":{\"@id\":\"https:\/\/dev.eliassen.nl\/de\/#website\"},\"primaryImageOfPage\":{\"@id\":\"https:\/\/dev.eliassen.nl\/de\/metall-3d-gemalde-100x100cm-fahrrad-fur-backerei\/#primaryimage\"},\"image\":{\"@id\":\"https:\/\/dev.eliassen.nl\/de\/metall-3d-gemalde-100x100cm-fahrrad-fur-backerei\/#primaryimage\"},\"thumbnailUrl\":\"https:\/\/dev.eliassen.nl\/wp-content\/uploads\/2024\/01\/metalen3dschilderij100x100cmfietsvoorbakkeri.jpg\",\"datePublished\":\"2019-10-28T17:42:15+00:00\",\"dateModified\":\"2023-12-07T12:24:04+00:00\",\"description\":\"Metall-3D-Gem\u00e4lde B\u00e4ckerei mit einem mit Blumen geparkten Fahrrad. Wundersch\u00f6n gestaltet in wundersch\u00f6nen Farben. Mehr als 1.500 Gem\u00e4lde sind LIVE zu sehen!\",\"breadcrumb\":{\"@id\":\"https:\/\/dev.eliassen.nl\/de\/metall-3d-gemalde-100x100cm-fahrrad-fur-backerei\/#breadcrumb\"},\"inLanguage\":\"de\",\"potentialAction\":[{\"@type\":\"ReadAction\",\"target\":[\"https:\/\/dev.eliassen.nl\/de\/metall-3d-gemalde-100x100cm-fahrrad-fur-backerei\/\"]}]},{\"@type\":\"ImageObject\",\"inLanguage\":\"de\",\"@id\":\"https:\/\/dev.eliassen.nl\/de\/metall-3d-gemalde-100x100cm-fahrrad-fur-backerei\/#primaryimage\",\"url\":\"https:\/\/dev.eliassen.nl\/wp-content\/uploads\/2024\/01\/metalen3dschilderij100x100cmfietsvoorbakkeri.jpg\",\"contentUrl\":\"https:\/\/dev.eliassen.nl\/wp-content\/uploads\/2024\/01\/metalen3dschilderij100x100cmfietsvoorbakkeri.jpg\",\"width\":1024,\"height\":1024,\"caption\":\"Metalen 3d schilderij 100x100cm fiets voor bakkerij | Eliassen.nl\"},{\"@type\":\"BreadcrumbList\",\"@id\":\"https:\/\/dev.eliassen.nl\/de\/metall-3d-gemalde-100x100cm-fahrrad-fur-backerei\/#breadcrumb\",\"itemListElement\":[{\"@type\":\"ListItem\",\"position\":1,\"name\":\"Home\",\"item\":\"https:\/\/dev.eliassen.nl\/de\/\"},{\"@type\":\"ListItem\",\"position\":2,\"name\":\"Shop\",\"item\":\"https:\/\/dev.eliassen.nl\/nl\/winkel\/\"},{\"@type\":\"ListItem\",\"position\":3,\"name\":\"Gem\u00e4lde\",\"item\":\"https:\/\/dev.eliassen.nl\/de\/gemaelde\/\"},{\"@type\":\"ListItem\",\"position\":4,\"name\":\"3D-Gem\u00e4lde aus Metall\",\"item\":\"https:\/\/dev.eliassen.nl\/de\/gemaelde\/3d-gemaelde-aus-metall\/\"},{\"@type\":\"ListItem\",\"position\":5,\"name\":\"3D-Gem\u00e4lde aus Metall im Format 100x100cm\",\"item\":\"https:\/\/dev.eliassen.nl\/de\/gemaelde\/3d-gemaelde-aus-metall\/3d-gemaelde-aus-metall-im-format-100x100cm\/\"},{\"@type\":\"ListItem\",\"position\":6,\"name\":\"Metall 3D-Gem\u00e4lde 100x100cm Fahrrad f\u00fcr B\u00e4ckerei\"}]},{\"@type\":\"WebSite\",\"@id\":\"https:\/\/dev.eliassen.nl\/de\/#website\",\"url\":\"https:\/\/dev.eliassen.nl\/de\/\",\"name\":\"Eliassen Home & Garden Pleasure\",\"description\":\"\",\"publisher\":{\"@id\":\"https:\/\/dev.eliassen.nl\/de\/#organization\"},\"alternateName\":\"Eliassen.nl\",\"potentialAction\":[{\"@type\":\"SearchAction\",\"target\":{\"@type\":\"EntryPoint\",\"urlTemplate\":\"https:\/\/dev.eliassen.nl\/de\/?s={search_term_string}\"},\"query-input\":{\"@type\":\"PropertyValueSpecification\",\"valueRequired\":true,\"valueName\":\"search_term_string\"}}],\"inLanguage\":\"de\"},{\"@type\":\"Organization\",\"@id\":\"https:\/\/dev.eliassen.nl\/de\/#organization\",\"name\":\"Eliassen Home & Garden Pleasure\",\"url\":\"https:\/\/dev.eliassen.nl\/de\/\",\"logo\":{\"@type\":\"ImageObject\",\"inLanguage\":\"de\",\"@id\":\"https:\/\/dev.eliassen.nl\/de\/#\/schema\/logo\/image\/\",\"url\":\"https:\/\/www.eliassen.nl\/wp-content\/uploads\/2024\/01\/logo_4nd.jpg\",\"contentUrl\":\"https:\/\/www.eliassen.nl\/wp-content\/uploads\/2024\/01\/logo_4nd.jpg\",\"width\":500,\"height\":500,\"caption\":\"Eliassen Home & Garden Pleasure\"},\"image\":{\"@id\":\"https:\/\/dev.eliassen.nl\/de\/#\/schema\/logo\/image\/\"},\"sameAs\":[\"https:\/\/www.facebook.com\/TuincentrumEliassenAmmerzoden\",\"https:\/\/www.instagram.com\/eliassenhomeandgarden\/\",\"https:\/\/nl.pinterest.com\/eliassenhomeandgarden\/\",\"https:\/\/www.youtube.com\/@eliassenhomegardenpleasure4558\"]}]}<\/script>\n<!-- \/ Yoast SEO plugin. -->","yoast_head_json":{"title":"Metall 3D Gem\u00e4lde B\u00e4ckerei mit Fahrrad | 100x100cm | Eliassen.nl","description":"Metall-3D-Gem\u00e4lde B\u00e4ckerei mit einem mit Blumen geparkten Fahrrad. Wundersch\u00f6n gestaltet in wundersch\u00f6nen Farben. Mehr als 1.500 Gem\u00e4lde sind LIVE zu sehen!","robots":{"index":"noindex","follow":"follow","max-snippet":"max-snippet:-1","max-image-preview":"max-image-preview:large","max-video-preview":"max-video-preview:-1"},"og_locale":"de_DE","og_type":"article","og_title":"Metall 3D Gem\u00e4lde B\u00e4ckerei mit Fahrrad | 100x100cm | Eliassen.nl","og_description":"Metall-3D-Gem\u00e4lde B\u00e4ckerei mit einem mit Blumen geparkten Fahrrad. Wundersch\u00f6n gestaltet in wundersch\u00f6nen Farben. Mehr als 1.500 Gem\u00e4lde sind LIVE zu sehen!","og_url":"https:\/\/dev.eliassen.nl\/de\/metall-3d-gemalde-100x100cm-fahrrad-fur-backerei\/","og_site_name":"Eliassen.nl","article_publisher":"https:\/\/www.facebook.com\/TuincentrumEliassenAmmerzoden","article_modified_time":"2023-12-07T12:24:04+00:00","og_image":[{"width":1024,"height":1024,"url":"https:\/\/dev.eliassen.nl\/wp-content\/uploads\/2024\/01\/metalen3dschilderij100x100cmfietsvoorbakkeri.jpg","type":"image\/jpeg"}],"twitter_card":"summary_large_image","schema":{"@context":"https:\/\/schema.org","@graph":[{"@type":"WebPage","@id":"https:\/\/dev.eliassen.nl\/de\/metall-3d-gemalde-100x100cm-fahrrad-fur-backerei\/","url":"https:\/\/dev.eliassen.nl\/de\/metall-3d-gemalde-100x100cm-fahrrad-fur-backerei\/","name":"Metall 3D Gem\u00e4lde B\u00e4ckerei mit Fahrrad | 100x100cm | Eliassen.nl","isPartOf":{"@id":"https:\/\/dev.eliassen.nl\/de\/#website"},"primaryImageOfPage":{"@id":"https:\/\/dev.eliassen.nl\/de\/metall-3d-gemalde-100x100cm-fahrrad-fur-backerei\/#primaryimage"},"image":{"@id":"https:\/\/dev.eliassen.nl\/de\/metall-3d-gemalde-100x100cm-fahrrad-fur-backerei\/#primaryimage"},"thumbnailUrl":"https:\/\/dev.eliassen.nl\/wp-content\/uploads\/2024\/01\/metalen3dschilderij100x100cmfietsvoorbakkeri.jpg","datePublished":"2019-10-28T17:42:15+00:00","dateModified":"2023-12-07T12:24:04+00:00","description":"Metall-3D-Gem\u00e4lde B\u00e4ckerei mit einem mit Blumen geparkten Fahrrad. Wundersch\u00f6n gestaltet in wundersch\u00f6nen Farben. Mehr als 1.500 Gem\u00e4lde sind LIVE zu sehen!","breadcrumb":{"@id":"https:\/\/dev.eliassen.nl\/de\/metall-3d-gemalde-100x100cm-fahrrad-fur-backerei\/#breadcrumb"},"inLanguage":"de","potentialAction":[{"@type":"ReadAction","target":["https:\/\/dev.eliassen.nl\/de\/metall-3d-gemalde-100x100cm-fahrrad-fur-backerei\/"]}]},{"@type":"ImageObject","inLanguage":"de","@id":"https:\/\/dev.eliassen.nl\/de\/metall-3d-gemalde-100x100cm-fahrrad-fur-backerei\/#primaryimage","url":"https:\/\/dev.eliassen.nl\/wp-content\/uploads\/2024\/01\/metalen3dschilderij100x100cmfietsvoorbakkeri.jpg","contentUrl":"https:\/\/dev.eliassen.nl\/wp-content\/uploads\/2024\/01\/metalen3dschilderij100x100cmfietsvoorbakkeri.jpg","width":1024,"height":1024,"caption":"Metalen 3d schilderij 100x100cm fiets voor bakkerij | Eliassen.nl"},{"@type":"BreadcrumbList","@id":"https:\/\/dev.eliassen.nl\/de\/metall-3d-gemalde-100x100cm-fahrrad-fur-backerei\/#breadcrumb","itemListElement":[{"@type":"ListItem","position":1,"name":"Home","item":"https:\/\/dev.eliassen.nl\/de\/"},{"@type":"ListItem","position":2,"name":"Shop","item":"https:\/\/dev.eliassen.nl\/nl\/winkel\/"},{"@type":"ListItem","position":3,"name":"Gem\u00e4lde","item":"https:\/\/dev.eliassen.nl\/de\/gemaelde\/"},{"@type":"ListItem","position":4,"name":"3D-Gem\u00e4lde aus Metall","item":"https:\/\/dev.eliassen.nl\/de\/gemaelde\/3d-gemaelde-aus-metall\/"},{"@type":"ListItem","position":5,"name":"3D-Gem\u00e4lde aus Metall im Format 100x100cm","item":"https:\/\/dev.eliassen.nl\/de\/gemaelde\/3d-gemaelde-aus-metall\/3d-gemaelde-aus-metall-im-format-100x100cm\/"},{"@type":"ListItem","position":6,"name":"Metall 3D-Gem\u00e4lde 100x100cm Fahrrad f\u00fcr B\u00e4ckerei"}]},{"@type":"WebSite","@id":"https:\/\/dev.eliassen.nl\/de\/#website","url":"https:\/\/dev.eliassen.nl\/de\/","name":"Eliassen Home & Garden Pleasure","description":"","publisher":{"@id":"https:\/\/dev.eliassen.nl\/de\/#organization"},"alternateName":"Eliassen.nl","potentialAction":[{"@type":"SearchAction","target":{"@type":"EntryPoint","urlTemplate":"https:\/\/dev.eliassen.nl\/de\/?s={search_term_string}"},"query-input":{"@type":"PropertyValueSpecification","valueRequired":true,"valueName":"search_term_string"}}],"inLanguage":"de"},{"@type":"Organization","@id":"https:\/\/dev.eliassen.nl\/de\/#organization","name":"Eliassen Home & Garden Pleasure","url":"https:\/\/dev.eliassen.nl\/de\/","logo":{"@type":"ImageObject","inLanguage":"de","@id":"https:\/\/dev.eliassen.nl\/de\/#\/schema\/logo\/image\/","url":"https:\/\/www.eliassen.nl\/wp-content\/uploads\/2024\/01\/logo_4nd.jpg","contentUrl":"https:\/\/www.eliassen.nl\/wp-content\/uploads\/2024\/01\/logo_4nd.jpg","width":500,"height":500,"caption":"Eliassen Home & Garden Pleasure"},"image":{"@id":"https:\/\/dev.eliassen.nl\/de\/#\/schema\/logo\/image\/"},"sameAs":["https:\/\/www.facebook.com\/TuincentrumEliassenAmmerzoden","https:\/\/www.instagram.com\/eliassenhomeandgarden\/","https:\/\/nl.pinterest.com\/eliassenhomeandgarden\/","https:\/\/www.youtube.com\/@eliassenhomegardenpleasure4558"]}]}},"df_price":209,"df_sale_price":"","df_regular_price":209,"df_image_link":"https:\/\/dev.eliassen.nl\/wp-content\/uploads\/2024\/01\/metalen3dschilderij100x100cmfietsvoorbakkeri.jpg","image":"https:\/\/dev.eliassen.nl\/wp-content\/uploads\/2024\/01\/metalen3dschilderij100x100cmfietsvoorbakkeri.jpg","price_search":"<span class=\"woocommerce-Price-amount amount\"><bdi><span class=\"woocommerce-Price-currencySymbol\">&euro;<\/span>&nbsp;209,00<\/bdi><\/span>","category":"3D-Gem\u00e4lde aus Metall","_links":{"self":[{"href":"https:\/\/dev.eliassen.nl\/de\/wp-json\/wp\/v2\/product\/17050","targetHints":{"allow":["GET"]}}],"collection":[{"href":"https:\/\/dev.eliassen.nl\/de\/wp-json\/wp\/v2\/product"}],"about":[{"href":"https:\/\/dev.eliassen.nl\/de\/wp-json\/wp\/v2\/types\/product"}],"wp:featuredmedia":[{"embeddable":true,"href":"https:\/\/dev.eliassen.nl\/de\/wp-json\/wp\/v2\/media\/17047"}],"wp:attachment":[{"href":"https:\/\/dev.eliassen.nl\/de\/wp-json\/wp\/v2\/media?parent=17050"}],"wp:term":[{"taxonomy":"product_brand","embeddable":true,"href":"https:\/\/dev.eliassen.nl\/de\/wp-json\/wp\/v2\/product_brand?post=17050"},{"taxonomy":"product_cat","embeddable":true,"href":"https:\/\/dev.eliassen.nl\/de\/wp-json\/wp\/v2\/product_cat?post=17050"},{"taxonomy":"product_tag","embeddable":true,"href":"https:\/\/dev.eliassen.nl\/de\/wp-json\/wp\/v2\/product_tag?post=17050"}],"curies":[{"name":"wp","href":"https:\/\/api.w.org\/{rel}","templated":true}]}}