{"id":174342,"date":"2025-03-14T14:08:07","date_gmt":"2025-03-14T13:08:07","guid":{"rendered":"https:\/\/www.eliassen.nl\/?post_type=product&#038;p=174342"},"modified":"2025-04-15T10:53:38","modified_gmt":"2025-04-15T08:53:38","slug":"pot-turneo-grijsgroen-46cm","status":"publish","type":"product","link":"https:\/\/dev.eliassen.nl\/nl\/pot-turneo-grijsgroen-46cm\/","title":{"rendered":"Pot Turneo grijsgroen 46cm"},"content":{"rendered":"<p>Prachtige grijsgroen gekleurde pot voor in vrijwel alle soorten interieurs, deze keramieken plantenpot.<br \/>\nDeze serie potten zorgt voor een mooi aankleding in uw interieur.<\/p>\n<p>Waterdicht zonder gat, dus opletten voor overbodig veel water.<\/p>\n<p>Prachtig geglazuurd in binnen en buitenkant, gemaakt van keihard keramiek.<\/p>\n<p>Deze pot is een ware eyecatcher en een prachtig decoratie stuk in uw interieur.<\/p>\n<ul>\n<li>Maten: 46x46x42cm hoog<br \/>\nGewicht: ca 16 kg<\/li>\n<li>Kleur(en): dennengroen<\/li>\n<li>Materiaal: Keramiek<\/li>\n<li>Tevens in onze zaak te bekijken<br \/>\nVerpakt in stevige doos<\/li>\n<\/ul>\n","protected":false},"excerpt":{"rendered":"<p>\u2713 Erg sterk keramiek \u2713 Voor binnen of buiten (in de\u00a0 zomer) \u2713 Glazuur in binnen en buitenkant<\/p>\n","protected":false},"featured_media":174336,"template":"","meta":{"_acf_changed":false},"product_brand":[],"product_cat":[721,724],"product_tag":[7086],"class_list":{"0":"post-174342","1":"product","2":"type-product","3":"status-publish","4":"has-post-thumbnail","6":"product_cat-bloempotten-en-bloembakken","7":"product_cat-moderne-design-vazen-en-potten","8":"product_tag-sokkel-steen","10":"first","11":"instock","12":"taxable","13":"shipping-taxable","14":"purchasable","15":"product-type-simple"},"acf":[],"yoast_head":"<!-- This site is optimized with the Yoast SEO plugin v23.8 - https:\/\/yoast.com\/wordpress\/plugins\/seo\/ -->\n<title>Pot Turneo grijsgroen 46cm - Eliassen.nl<\/title>\n<meta name=\"description\" content=\"Zeer mooie, hoge kwaliteit planten pot van grijsgroen keramiek. Hoge kwaliteit en lange levensduur. Afmeting 46x46x42cm hoog. Snel leverbaar.\" \/>\n<meta name=\"robots\" content=\"noindex, follow, max-snippet:-1, max-image-preview:large, max-video-preview:-1\" \/>\n<meta property=\"og:locale\" content=\"de_DE\" \/>\n<meta property=\"og:type\" content=\"article\" \/>\n<meta property=\"og:title\" content=\"Pot Turneo grijsgroen 46cm - Eliassen.nl\" \/>\n<meta property=\"og:description\" content=\"Zeer mooie, hoge kwaliteit planten pot van grijsgroen keramiek. Hoge kwaliteit en lange levensduur. Afmeting 46x46x42cm hoog. Snel leverbaar.\" \/>\n<meta property=\"og:url\" content=\"https:\/\/dev.eliassen.nl\/nl\/pot-turneo-grijsgroen-46cm\/\" \/>\n<meta property=\"og:site_name\" content=\"Eliassen.nl\" \/>\n<meta property=\"article:publisher\" content=\"https:\/\/www.facebook.com\/TuincentrumEliassenAmmerzoden\" \/>\n<meta property=\"article:modified_time\" content=\"2025-04-15T08:53:38+00:00\" \/>\n<meta property=\"og:image\" content=\"https:\/\/dev.eliassen.nl\/wp-content\/uploads\/2025\/02\/Binnenpot-Turneo-Celadon-Eliassen.nl-132760-2-scaled.jpg\" \/>\n\t<meta property=\"og:image:width\" content=\"2397\" \/>\n\t<meta property=\"og:image:height\" content=\"2560\" \/>\n\t<meta property=\"og:image:type\" content=\"image\/jpeg\" \/>\n<meta name=\"twitter:card\" content=\"summary_large_image\" \/>\n<script type=\"application\/ld+json\" class=\"yoast-schema-graph\">{\"@context\":\"https:\/\/schema.org\",\"@graph\":[{\"@type\":\"WebPage\",\"@id\":\"https:\/\/dev.eliassen.nl\/nl\/pot-turneo-grijsgroen-46cm\/\",\"url\":\"https:\/\/dev.eliassen.nl\/nl\/pot-turneo-grijsgroen-46cm\/\",\"name\":\"Pot Turneo grijsgroen 46cm - Eliassen.nl\",\"isPartOf\":{\"@id\":\"https:\/\/dev.eliassen.nl\/de\/#website\"},\"primaryImageOfPage\":{\"@id\":\"https:\/\/dev.eliassen.nl\/nl\/pot-turneo-grijsgroen-46cm\/#primaryimage\"},\"image\":{\"@id\":\"https:\/\/dev.eliassen.nl\/nl\/pot-turneo-grijsgroen-46cm\/#primaryimage\"},\"thumbnailUrl\":\"https:\/\/dev.eliassen.nl\/wp-content\/uploads\/2025\/02\/Binnenpot-Turneo-Celadon-Eliassen.nl-132760-2-scaled.jpg\",\"datePublished\":\"2025-03-14T13:08:07+00:00\",\"dateModified\":\"2025-04-15T08:53:38+00:00\",\"description\":\"Zeer mooie, hoge kwaliteit planten pot van grijsgroen keramiek. Hoge kwaliteit en lange levensduur. Afmeting 46x46x42cm hoog. Snel leverbaar.\",\"breadcrumb\":{\"@id\":\"https:\/\/dev.eliassen.nl\/nl\/pot-turneo-grijsgroen-46cm\/#breadcrumb\"},\"inLanguage\":\"de\",\"potentialAction\":[{\"@type\":\"ReadAction\",\"target\":[\"https:\/\/dev.eliassen.nl\/nl\/pot-turneo-grijsgroen-46cm\/\"]}]},{\"@type\":\"ImageObject\",\"inLanguage\":\"de\",\"@id\":\"https:\/\/dev.eliassen.nl\/nl\/pot-turneo-grijsgroen-46cm\/#primaryimage\",\"url\":\"https:\/\/dev.eliassen.nl\/wp-content\/uploads\/2025\/02\/Binnenpot-Turneo-Celadon-Eliassen.nl-132760-2-scaled.jpg\",\"contentUrl\":\"https:\/\/dev.eliassen.nl\/wp-content\/uploads\/2025\/02\/Binnenpot-Turneo-Celadon-Eliassen.nl-132760-2-scaled.jpg\",\"width\":2397,\"height\":2560},{\"@type\":\"BreadcrumbList\",\"@id\":\"https:\/\/dev.eliassen.nl\/nl\/pot-turneo-grijsgroen-46cm\/#breadcrumb\",\"itemListElement\":[{\"@type\":\"ListItem\",\"position\":1,\"name\":\"Home\",\"item\":\"https:\/\/dev.eliassen.nl\/de\/\"},{\"@type\":\"ListItem\",\"position\":2,\"name\":\"Shop\",\"item\":\"https:\/\/dev.eliassen.nl\/nl\/winkel\/\"},{\"@type\":\"ListItem\",\"position\":3,\"name\":\"Blument\u00f6pfe und Pflanzgef\u00e4\u00dfe\",\"item\":\"https:\/\/dev.eliassen.nl\/de\/blumentoepfe-und-pflanzgefaesse\/\"},{\"@type\":\"ListItem\",\"position\":4,\"name\":\"Pot Turneo grijsgroen 46cm\"}]},{\"@type\":\"WebSite\",\"@id\":\"https:\/\/dev.eliassen.nl\/de\/#website\",\"url\":\"https:\/\/dev.eliassen.nl\/de\/\",\"name\":\"Eliassen Home & Garden Pleasure\",\"description\":\"\",\"publisher\":{\"@id\":\"https:\/\/dev.eliassen.nl\/de\/#organization\"},\"alternateName\":\"Eliassen.nl\",\"potentialAction\":[{\"@type\":\"SearchAction\",\"target\":{\"@type\":\"EntryPoint\",\"urlTemplate\":\"https:\/\/dev.eliassen.nl\/de\/?s={search_term_string}\"},\"query-input\":{\"@type\":\"PropertyValueSpecification\",\"valueRequired\":true,\"valueName\":\"search_term_string\"}}],\"inLanguage\":\"de\"},{\"@type\":\"Organization\",\"@id\":\"https:\/\/dev.eliassen.nl\/de\/#organization\",\"name\":\"Eliassen Home & Garden Pleasure\",\"url\":\"https:\/\/dev.eliassen.nl\/de\/\",\"logo\":{\"@type\":\"ImageObject\",\"inLanguage\":\"de\",\"@id\":\"https:\/\/dev.eliassen.nl\/de\/#\/schema\/logo\/image\/\",\"url\":\"https:\/\/www.eliassen.nl\/wp-content\/uploads\/2024\/01\/logo_4nd.jpg\",\"contentUrl\":\"https:\/\/www.eliassen.nl\/wp-content\/uploads\/2024\/01\/logo_4nd.jpg\",\"width\":500,\"height\":500,\"caption\":\"Eliassen Home & Garden Pleasure\"},\"image\":{\"@id\":\"https:\/\/dev.eliassen.nl\/de\/#\/schema\/logo\/image\/\"},\"sameAs\":[\"https:\/\/www.facebook.com\/TuincentrumEliassenAmmerzoden\",\"https:\/\/www.instagram.com\/eliassenhomeandgarden\/\",\"https:\/\/nl.pinterest.com\/eliassenhomeandgarden\/\",\"https:\/\/www.youtube.com\/@eliassenhomegardenpleasure4558\"]}]}<\/script>\n<!-- \/ Yoast SEO plugin. -->","yoast_head_json":{"title":"Pot Turneo grijsgroen 46cm - Eliassen.nl","description":"Zeer mooie, hoge kwaliteit planten pot van grijsgroen keramiek. Hoge kwaliteit en lange levensduur. Afmeting 46x46x42cm hoog. Snel leverbaar.","robots":{"index":"noindex","follow":"follow","max-snippet":"max-snippet:-1","max-image-preview":"max-image-preview:large","max-video-preview":"max-video-preview:-1"},"og_locale":"de_DE","og_type":"article","og_title":"Pot Turneo grijsgroen 46cm - Eliassen.nl","og_description":"Zeer mooie, hoge kwaliteit planten pot van grijsgroen keramiek. Hoge kwaliteit en lange levensduur. Afmeting 46x46x42cm hoog. Snel leverbaar.","og_url":"https:\/\/dev.eliassen.nl\/nl\/pot-turneo-grijsgroen-46cm\/","og_site_name":"Eliassen.nl","article_publisher":"https:\/\/www.facebook.com\/TuincentrumEliassenAmmerzoden","article_modified_time":"2025-04-15T08:53:38+00:00","og_image":[{"width":2397,"height":2560,"url":"https:\/\/dev.eliassen.nl\/wp-content\/uploads\/2025\/02\/Binnenpot-Turneo-Celadon-Eliassen.nl-132760-2-scaled.jpg","type":"image\/jpeg"}],"twitter_card":"summary_large_image","schema":{"@context":"https:\/\/schema.org","@graph":[{"@type":"WebPage","@id":"https:\/\/dev.eliassen.nl\/nl\/pot-turneo-grijsgroen-46cm\/","url":"https:\/\/dev.eliassen.nl\/nl\/pot-turneo-grijsgroen-46cm\/","name":"Pot Turneo grijsgroen 46cm - Eliassen.nl","isPartOf":{"@id":"https:\/\/dev.eliassen.nl\/de\/#website"},"primaryImageOfPage":{"@id":"https:\/\/dev.eliassen.nl\/nl\/pot-turneo-grijsgroen-46cm\/#primaryimage"},"image":{"@id":"https:\/\/dev.eliassen.nl\/nl\/pot-turneo-grijsgroen-46cm\/#primaryimage"},"thumbnailUrl":"https:\/\/dev.eliassen.nl\/wp-content\/uploads\/2025\/02\/Binnenpot-Turneo-Celadon-Eliassen.nl-132760-2-scaled.jpg","datePublished":"2025-03-14T13:08:07+00:00","dateModified":"2025-04-15T08:53:38+00:00","description":"Zeer mooie, hoge kwaliteit planten pot van grijsgroen keramiek. Hoge kwaliteit en lange levensduur. Afmeting 46x46x42cm hoog. Snel leverbaar.","breadcrumb":{"@id":"https:\/\/dev.eliassen.nl\/nl\/pot-turneo-grijsgroen-46cm\/#breadcrumb"},"inLanguage":"de","potentialAction":[{"@type":"ReadAction","target":["https:\/\/dev.eliassen.nl\/nl\/pot-turneo-grijsgroen-46cm\/"]}]},{"@type":"ImageObject","inLanguage":"de","@id":"https:\/\/dev.eliassen.nl\/nl\/pot-turneo-grijsgroen-46cm\/#primaryimage","url":"https:\/\/dev.eliassen.nl\/wp-content\/uploads\/2025\/02\/Binnenpot-Turneo-Celadon-Eliassen.nl-132760-2-scaled.jpg","contentUrl":"https:\/\/dev.eliassen.nl\/wp-content\/uploads\/2025\/02\/Binnenpot-Turneo-Celadon-Eliassen.nl-132760-2-scaled.jpg","width":2397,"height":2560},{"@type":"BreadcrumbList","@id":"https:\/\/dev.eliassen.nl\/nl\/pot-turneo-grijsgroen-46cm\/#breadcrumb","itemListElement":[{"@type":"ListItem","position":1,"name":"Home","item":"https:\/\/dev.eliassen.nl\/de\/"},{"@type":"ListItem","position":2,"name":"Shop","item":"https:\/\/dev.eliassen.nl\/nl\/winkel\/"},{"@type":"ListItem","position":3,"name":"Blument\u00f6pfe und Pflanzgef\u00e4\u00dfe","item":"https:\/\/dev.eliassen.nl\/de\/blumentoepfe-und-pflanzgefaesse\/"},{"@type":"ListItem","position":4,"name":"Pot Turneo grijsgroen 46cm"}]},{"@type":"WebSite","@id":"https:\/\/dev.eliassen.nl\/de\/#website","url":"https:\/\/dev.eliassen.nl\/de\/","name":"Eliassen Home & Garden Pleasure","description":"","publisher":{"@id":"https:\/\/dev.eliassen.nl\/de\/#organization"},"alternateName":"Eliassen.nl","potentialAction":[{"@type":"SearchAction","target":{"@type":"EntryPoint","urlTemplate":"https:\/\/dev.eliassen.nl\/de\/?s={search_term_string}"},"query-input":{"@type":"PropertyValueSpecification","valueRequired":true,"valueName":"search_term_string"}}],"inLanguage":"de"},{"@type":"Organization","@id":"https:\/\/dev.eliassen.nl\/de\/#organization","name":"Eliassen Home & Garden Pleasure","url":"https:\/\/dev.eliassen.nl\/de\/","logo":{"@type":"ImageObject","inLanguage":"de","@id":"https:\/\/dev.eliassen.nl\/de\/#\/schema\/logo\/image\/","url":"https:\/\/www.eliassen.nl\/wp-content\/uploads\/2024\/01\/logo_4nd.jpg","contentUrl":"https:\/\/www.eliassen.nl\/wp-content\/uploads\/2024\/01\/logo_4nd.jpg","width":500,"height":500,"caption":"Eliassen Home & Garden Pleasure"},"image":{"@id":"https:\/\/dev.eliassen.nl\/de\/#\/schema\/logo\/image\/"},"sameAs":["https:\/\/www.facebook.com\/TuincentrumEliassenAmmerzoden","https:\/\/www.instagram.com\/eliassenhomeandgarden\/","https:\/\/nl.pinterest.com\/eliassenhomeandgarden\/","https:\/\/www.youtube.com\/@eliassenhomegardenpleasure4558"]}]}},"df_price":99,"df_sale_price":"","df_regular_price":99,"df_image_link":"https:\/\/dev.eliassen.nl\/wp-content\/uploads\/2025\/02\/Binnenpot-Turneo-Celadon-Eliassen.nl-132760-2-281x300.jpg","image":"https:\/\/dev.eliassen.nl\/wp-content\/uploads\/2025\/02\/Binnenpot-Turneo-Celadon-Eliassen.nl-132760-2-150x150.jpg","price_search":"<span class=\"woocommerce-Price-amount amount\"><bdi><span class=\"woocommerce-Price-currencySymbol\">&euro;<\/span>&nbsp;99,00<\/bdi><\/span>","category":"Bloempotten en Bloembakken","_links":{"self":[{"href":"https:\/\/dev.eliassen.nl\/de\/wp-json\/wp\/v2\/product\/174342","targetHints":{"allow":["GET"]}}],"collection":[{"href":"https:\/\/dev.eliassen.nl\/de\/wp-json\/wp\/v2\/product"}],"about":[{"href":"https:\/\/dev.eliassen.nl\/de\/wp-json\/wp\/v2\/types\/product"}],"wp:featuredmedia":[{"embeddable":true,"href":"https:\/\/dev.eliassen.nl\/de\/wp-json\/wp\/v2\/media\/174336"}],"wp:attachment":[{"href":"https:\/\/dev.eliassen.nl\/de\/wp-json\/wp\/v2\/media?parent=174342"}],"wp:term":[{"taxonomy":"product_brand","embeddable":true,"href":"https:\/\/dev.eliassen.nl\/de\/wp-json\/wp\/v2\/product_brand?post=174342"},{"taxonomy":"product_cat","embeddable":true,"href":"https:\/\/dev.eliassen.nl\/de\/wp-json\/wp\/v2\/product_cat?post=174342"},{"taxonomy":"product_tag","embeddable":true,"href":"https:\/\/dev.eliassen.nl\/de\/wp-json\/wp\/v2\/product_tag?post=174342"}],"curies":[{"name":"wp","href":"https:\/\/api.w.org\/{rel}","templated":true}]}}