{"id":174506,"date":"2025-03-26T15:57:08","date_gmt":"2025-03-26T14:57:08","guid":{"rendered":"https:\/\/www.eliassen.nl\/?post_type=product&#038;p=174506"},"modified":"2025-03-26T15:57:09","modified_gmt":"2025-03-26T14:57:09","slug":"metalen-3d-schilderij-antique-schip-60x100cm","status":"publish","type":"product","link":"https:\/\/dev.eliassen.nl\/nl\/metalen-3d-schilderij-antique-schip-60x100cm\/","title":{"rendered":"Metalen 3d schilderij Antique schip 60x100cm"},"content":{"rendered":"<p><span style=\"font-weight: 400;\">Mooi wordt uw huis of bedrijf met dit stuk muurdecoratie geheel met de hand gemaakt. <\/span><span style=\"font-weight: 400;\">Subliem gemaakt van losse delen metaal, die allemaal met de hand aan elkaar zijn gelast, om een optimaal 3d effect te verkrijgen. <\/span><span style=\"font-weight: 400;\">Een zeer arbeidsintensief stuk wanddecoratie met elk een uniek karakter. Dit model metaalschilderij met een ouderwets zeilschip is helemaal met de hand gemaakt. Alles van dit wandobject is van metaal, zowel achtergrond en figuur dus.\u00a0<\/span><\/p>\n<p><span style=\"font-weight: 400;\">Omdat het handbeschilderd en gemaakt is, kan de kleur iets afwijken van de foto, 3D schilderijen zijn nooit precies hetzelfde. Op deze een beetje ruig gemaakte schilderijen kunnen altijd nog verder kleine afwijking zitten. Soms is dat zelfs bewust gedaan om de handgeschilderde sfeer te bewerkstelligen.<\/span><\/p>\n<p><b>Wij hebben nagenoeg de gehele collectie van deze serie tevens in de zaak, wat erg uniek is in Nederland<\/b><span style=\"font-weight: 400;\">. <\/span><b>Nergens vindt u zo&#8217;n grote collectie en u bent van harte welkom in onze showroom.<\/b><\/p>\n<p><span style=\"font-weight: 400;\">Dit metalen 3D schilderij met een prachtig zeilschil is een goede toevoeging in uw interieur wanneer u uw interieur wilt opvrolijken en gezelligheid wilt toevoegen. Op het 3d wandobject zijn diverse bruine tinten te zien. Dit 3d wanddecoratie komt dus goed tot zijn recht in een authentiek interieur.<\/span><\/p>\n<ul>\n<li style=\"font-weight: 400;\" aria-level=\"1\"><span style=\"font-weight: 400;\">Maat: 60x100cm<\/span><\/li>\n<li style=\"font-weight: 400;\" aria-level=\"1\"><span style=\"font-weight: 400;\">Simpel op te hangen met 2 schroefjes<\/span><\/li>\n<li style=\"font-weight: 400;\" aria-level=\"1\"><span style=\"font-weight: 400;\">Snel geleverd<\/span><\/li>\n<li style=\"font-weight: 400;\" aria-level=\"1\"><span style=\"font-weight: 400;\">Handgeschilderd<\/span><\/li>\n<li style=\"font-weight: 400;\" aria-level=\"1\"><span style=\"font-weight: 400;\">Voor binnenshuis of onder een veranda<\/span><\/li>\n<li style=\"font-weight: 400;\" aria-level=\"1\"><span style=\"font-weight: 400;\">Grootste collectie van de Benelux die tevens live te bekijken is<\/span><\/li>\n<\/ul>\n","protected":false},"excerpt":{"rendered":"<p>\u2713 Handgemaakt<\/p>\n","protected":false},"featured_media":174507,"template":"","meta":{"_acf_changed":false},"product_brand":[],"product_cat":[418,439,409],"product_tag":[],"class_list":{"0":"post-174506","1":"product","2":"type-product","3":"status-publish","4":"has-post-thumbnail","6":"product_cat-3d-schilderijen-metaal","7":"product_cat-overige-maten-3d-schilderijen-metaal","8":"product_cat-schilderijen","10":"first","11":"onbackorder","12":"taxable","13":"shipping-taxable","14":"purchasable","15":"product-type-simple"},"acf":[],"yoast_head":"<!-- This site is optimized with the Yoast SEO plugin v23.8 - https:\/\/yoast.com\/wordpress\/plugins\/seo\/ -->\n<title>Metalen 3d schilderij Antique schip 60x100cm - Eliassen.nl<\/title>\n<meta name=\"description\" content=\"Bent u opzoek naar een mooi stuk wanddecoratie voor in uw authentieke en ouderwets interieur? Dit model met een oud schip is handgemaakt!\" \/>\n<meta name=\"robots\" content=\"noindex, follow, max-snippet:-1, max-image-preview:large, max-video-preview:-1\" \/>\n<meta property=\"og:locale\" content=\"de_DE\" \/>\n<meta property=\"og:type\" content=\"article\" \/>\n<meta property=\"og:title\" content=\"Metalen 3d schilderij Antique schip 60x100cm - Eliassen.nl\" \/>\n<meta property=\"og:description\" content=\"Bent u opzoek naar een mooi stuk wanddecoratie voor in uw authentieke en ouderwets interieur? Dit model met een oud schip is handgemaakt!\" \/>\n<meta property=\"og:url\" content=\"https:\/\/dev.eliassen.nl\/nl\/metalen-3d-schilderij-antique-schip-60x100cm\/\" \/>\n<meta property=\"og:site_name\" content=\"Eliassen.nl\" \/>\n<meta property=\"article:publisher\" content=\"https:\/\/www.facebook.com\/TuincentrumEliassenAmmerzoden\" \/>\n<meta property=\"article:modified_time\" content=\"2025-03-26T14:57:09+00:00\" \/>\n<meta property=\"og:image\" content=\"https:\/\/dev.eliassen.nl\/wp-content\/uploads\/2025\/02\/metalen-schilderij-antiek-schip-Eliassen.nl_.jpg\" \/>\n\t<meta property=\"og:image:width\" content=\"450\" \/>\n\t<meta property=\"og:image:height\" content=\"750\" \/>\n\t<meta property=\"og:image:type\" content=\"image\/jpeg\" \/>\n<meta name=\"twitter:card\" content=\"summary_large_image\" \/>\n<script type=\"application\/ld+json\" class=\"yoast-schema-graph\">{\"@context\":\"https:\/\/schema.org\",\"@graph\":[{\"@type\":\"WebPage\",\"@id\":\"https:\/\/dev.eliassen.nl\/nl\/metalen-3d-schilderij-antique-schip-60x100cm\/\",\"url\":\"https:\/\/dev.eliassen.nl\/nl\/metalen-3d-schilderij-antique-schip-60x100cm\/\",\"name\":\"Metalen 3d schilderij Antique schip 60x100cm - Eliassen.nl\",\"isPartOf\":{\"@id\":\"https:\/\/dev.eliassen.nl\/de\/#website\"},\"primaryImageOfPage\":{\"@id\":\"https:\/\/dev.eliassen.nl\/nl\/metalen-3d-schilderij-antique-schip-60x100cm\/#primaryimage\"},\"image\":{\"@id\":\"https:\/\/dev.eliassen.nl\/nl\/metalen-3d-schilderij-antique-schip-60x100cm\/#primaryimage\"},\"thumbnailUrl\":\"https:\/\/dev.eliassen.nl\/wp-content\/uploads\/2025\/02\/metalen-schilderij-antiek-schip-Eliassen.nl_.jpg\",\"datePublished\":\"2025-03-26T14:57:08+00:00\",\"dateModified\":\"2025-03-26T14:57:09+00:00\",\"description\":\"Bent u opzoek naar een mooi stuk wanddecoratie voor in uw authentieke en ouderwets interieur? Dit model met een oud schip is handgemaakt!\",\"breadcrumb\":{\"@id\":\"https:\/\/dev.eliassen.nl\/nl\/metalen-3d-schilderij-antique-schip-60x100cm\/#breadcrumb\"},\"inLanguage\":\"de\",\"potentialAction\":[{\"@type\":\"ReadAction\",\"target\":[\"https:\/\/dev.eliassen.nl\/nl\/metalen-3d-schilderij-antique-schip-60x100cm\/\"]}]},{\"@type\":\"ImageObject\",\"inLanguage\":\"de\",\"@id\":\"https:\/\/dev.eliassen.nl\/nl\/metalen-3d-schilderij-antique-schip-60x100cm\/#primaryimage\",\"url\":\"https:\/\/dev.eliassen.nl\/wp-content\/uploads\/2025\/02\/metalen-schilderij-antiek-schip-Eliassen.nl_.jpg\",\"contentUrl\":\"https:\/\/dev.eliassen.nl\/wp-content\/uploads\/2025\/02\/metalen-schilderij-antiek-schip-Eliassen.nl_.jpg\",\"width\":450,\"height\":750},{\"@type\":\"BreadcrumbList\",\"@id\":\"https:\/\/dev.eliassen.nl\/nl\/metalen-3d-schilderij-antique-schip-60x100cm\/#breadcrumb\",\"itemListElement\":[{\"@type\":\"ListItem\",\"position\":1,\"name\":\"Home\",\"item\":\"https:\/\/dev.eliassen.nl\/de\/\"},{\"@type\":\"ListItem\",\"position\":2,\"name\":\"Shop\",\"item\":\"https:\/\/dev.eliassen.nl\/nl\/winkel\/\"},{\"@type\":\"ListItem\",\"position\":3,\"name\":\"Gem\u00e4lde\",\"item\":\"https:\/\/dev.eliassen.nl\/de\/gemaelde\/\"},{\"@type\":\"ListItem\",\"position\":4,\"name\":\"3D-Gem\u00e4lde aus Metall\",\"item\":\"https:\/\/dev.eliassen.nl\/de\/gemaelde\/3d-gemaelde-aus-metall\/\"},{\"@type\":\"ListItem\",\"position\":5,\"name\":\"Andere Gr\u00f6\u00dfen 3D-Gem\u00e4lde aus Metall\",\"item\":\"https:\/\/dev.eliassen.nl\/de\/gemaelde\/3d-gemaelde-aus-metall\/andere-groessen-3d-gemaelde-aus-metall\/\"},{\"@type\":\"ListItem\",\"position\":6,\"name\":\"Metalen 3d schilderij Antique schip 60x100cm\"}]},{\"@type\":\"WebSite\",\"@id\":\"https:\/\/dev.eliassen.nl\/de\/#website\",\"url\":\"https:\/\/dev.eliassen.nl\/de\/\",\"name\":\"Eliassen Home & Garden Pleasure\",\"description\":\"\",\"publisher\":{\"@id\":\"https:\/\/dev.eliassen.nl\/de\/#organization\"},\"alternateName\":\"Eliassen.nl\",\"potentialAction\":[{\"@type\":\"SearchAction\",\"target\":{\"@type\":\"EntryPoint\",\"urlTemplate\":\"https:\/\/dev.eliassen.nl\/de\/?s={search_term_string}\"},\"query-input\":{\"@type\":\"PropertyValueSpecification\",\"valueRequired\":true,\"valueName\":\"search_term_string\"}}],\"inLanguage\":\"de\"},{\"@type\":\"Organization\",\"@id\":\"https:\/\/dev.eliassen.nl\/de\/#organization\",\"name\":\"Eliassen Home & Garden Pleasure\",\"url\":\"https:\/\/dev.eliassen.nl\/de\/\",\"logo\":{\"@type\":\"ImageObject\",\"inLanguage\":\"de\",\"@id\":\"https:\/\/dev.eliassen.nl\/de\/#\/schema\/logo\/image\/\",\"url\":\"https:\/\/www.eliassen.nl\/wp-content\/uploads\/2024\/01\/logo_4nd.jpg\",\"contentUrl\":\"https:\/\/www.eliassen.nl\/wp-content\/uploads\/2024\/01\/logo_4nd.jpg\",\"width\":500,\"height\":500,\"caption\":\"Eliassen Home & Garden Pleasure\"},\"image\":{\"@id\":\"https:\/\/dev.eliassen.nl\/de\/#\/schema\/logo\/image\/\"},\"sameAs\":[\"https:\/\/www.facebook.com\/TuincentrumEliassenAmmerzoden\",\"https:\/\/www.instagram.com\/eliassenhomeandgarden\/\",\"https:\/\/nl.pinterest.com\/eliassenhomeandgarden\/\",\"https:\/\/www.youtube.com\/@eliassenhomegardenpleasure4558\"]}]}<\/script>\n<!-- \/ Yoast SEO plugin. -->","yoast_head_json":{"title":"Metalen 3d schilderij Antique schip 60x100cm - Eliassen.nl","description":"Bent u opzoek naar een mooi stuk wanddecoratie voor in uw authentieke en ouderwets interieur? Dit model met een oud schip is handgemaakt!","robots":{"index":"noindex","follow":"follow","max-snippet":"max-snippet:-1","max-image-preview":"max-image-preview:large","max-video-preview":"max-video-preview:-1"},"og_locale":"de_DE","og_type":"article","og_title":"Metalen 3d schilderij Antique schip 60x100cm - Eliassen.nl","og_description":"Bent u opzoek naar een mooi stuk wanddecoratie voor in uw authentieke en ouderwets interieur? Dit model met een oud schip is handgemaakt!","og_url":"https:\/\/dev.eliassen.nl\/nl\/metalen-3d-schilderij-antique-schip-60x100cm\/","og_site_name":"Eliassen.nl","article_publisher":"https:\/\/www.facebook.com\/TuincentrumEliassenAmmerzoden","article_modified_time":"2025-03-26T14:57:09+00:00","og_image":[{"width":450,"height":750,"url":"https:\/\/dev.eliassen.nl\/wp-content\/uploads\/2025\/02\/metalen-schilderij-antiek-schip-Eliassen.nl_.jpg","type":"image\/jpeg"}],"twitter_card":"summary_large_image","schema":{"@context":"https:\/\/schema.org","@graph":[{"@type":"WebPage","@id":"https:\/\/dev.eliassen.nl\/nl\/metalen-3d-schilderij-antique-schip-60x100cm\/","url":"https:\/\/dev.eliassen.nl\/nl\/metalen-3d-schilderij-antique-schip-60x100cm\/","name":"Metalen 3d schilderij Antique schip 60x100cm - Eliassen.nl","isPartOf":{"@id":"https:\/\/dev.eliassen.nl\/de\/#website"},"primaryImageOfPage":{"@id":"https:\/\/dev.eliassen.nl\/nl\/metalen-3d-schilderij-antique-schip-60x100cm\/#primaryimage"},"image":{"@id":"https:\/\/dev.eliassen.nl\/nl\/metalen-3d-schilderij-antique-schip-60x100cm\/#primaryimage"},"thumbnailUrl":"https:\/\/dev.eliassen.nl\/wp-content\/uploads\/2025\/02\/metalen-schilderij-antiek-schip-Eliassen.nl_.jpg","datePublished":"2025-03-26T14:57:08+00:00","dateModified":"2025-03-26T14:57:09+00:00","description":"Bent u opzoek naar een mooi stuk wanddecoratie voor in uw authentieke en ouderwets interieur? Dit model met een oud schip is handgemaakt!","breadcrumb":{"@id":"https:\/\/dev.eliassen.nl\/nl\/metalen-3d-schilderij-antique-schip-60x100cm\/#breadcrumb"},"inLanguage":"de","potentialAction":[{"@type":"ReadAction","target":["https:\/\/dev.eliassen.nl\/nl\/metalen-3d-schilderij-antique-schip-60x100cm\/"]}]},{"@type":"ImageObject","inLanguage":"de","@id":"https:\/\/dev.eliassen.nl\/nl\/metalen-3d-schilderij-antique-schip-60x100cm\/#primaryimage","url":"https:\/\/dev.eliassen.nl\/wp-content\/uploads\/2025\/02\/metalen-schilderij-antiek-schip-Eliassen.nl_.jpg","contentUrl":"https:\/\/dev.eliassen.nl\/wp-content\/uploads\/2025\/02\/metalen-schilderij-antiek-schip-Eliassen.nl_.jpg","width":450,"height":750},{"@type":"BreadcrumbList","@id":"https:\/\/dev.eliassen.nl\/nl\/metalen-3d-schilderij-antique-schip-60x100cm\/#breadcrumb","itemListElement":[{"@type":"ListItem","position":1,"name":"Home","item":"https:\/\/dev.eliassen.nl\/de\/"},{"@type":"ListItem","position":2,"name":"Shop","item":"https:\/\/dev.eliassen.nl\/nl\/winkel\/"},{"@type":"ListItem","position":3,"name":"Gem\u00e4lde","item":"https:\/\/dev.eliassen.nl\/de\/gemaelde\/"},{"@type":"ListItem","position":4,"name":"3D-Gem\u00e4lde aus Metall","item":"https:\/\/dev.eliassen.nl\/de\/gemaelde\/3d-gemaelde-aus-metall\/"},{"@type":"ListItem","position":5,"name":"Andere Gr\u00f6\u00dfen 3D-Gem\u00e4lde aus Metall","item":"https:\/\/dev.eliassen.nl\/de\/gemaelde\/3d-gemaelde-aus-metall\/andere-groessen-3d-gemaelde-aus-metall\/"},{"@type":"ListItem","position":6,"name":"Metalen 3d schilderij Antique schip 60x100cm"}]},{"@type":"WebSite","@id":"https:\/\/dev.eliassen.nl\/de\/#website","url":"https:\/\/dev.eliassen.nl\/de\/","name":"Eliassen Home & Garden Pleasure","description":"","publisher":{"@id":"https:\/\/dev.eliassen.nl\/de\/#organization"},"alternateName":"Eliassen.nl","potentialAction":[{"@type":"SearchAction","target":{"@type":"EntryPoint","urlTemplate":"https:\/\/dev.eliassen.nl\/de\/?s={search_term_string}"},"query-input":{"@type":"PropertyValueSpecification","valueRequired":true,"valueName":"search_term_string"}}],"inLanguage":"de"},{"@type":"Organization","@id":"https:\/\/dev.eliassen.nl\/de\/#organization","name":"Eliassen Home & Garden Pleasure","url":"https:\/\/dev.eliassen.nl\/de\/","logo":{"@type":"ImageObject","inLanguage":"de","@id":"https:\/\/dev.eliassen.nl\/de\/#\/schema\/logo\/image\/","url":"https:\/\/www.eliassen.nl\/wp-content\/uploads\/2024\/01\/logo_4nd.jpg","contentUrl":"https:\/\/www.eliassen.nl\/wp-content\/uploads\/2024\/01\/logo_4nd.jpg","width":500,"height":500,"caption":"Eliassen Home & Garden Pleasure"},"image":{"@id":"https:\/\/dev.eliassen.nl\/de\/#\/schema\/logo\/image\/"},"sameAs":["https:\/\/www.facebook.com\/TuincentrumEliassenAmmerzoden","https:\/\/www.instagram.com\/eliassenhomeandgarden\/","https:\/\/nl.pinterest.com\/eliassenhomeandgarden\/","https:\/\/www.youtube.com\/@eliassenhomegardenpleasure4558"]}]}},"df_price":199,"df_sale_price":"","df_regular_price":199,"df_image_link":"https:\/\/dev.eliassen.nl\/wp-content\/uploads\/2025\/02\/metalen-schilderij-antiek-schip-Eliassen.nl_-180x300.jpg","image":"https:\/\/dev.eliassen.nl\/wp-content\/uploads\/2025\/02\/metalen-schilderij-antiek-schip-Eliassen.nl_-150x150.jpg","price_search":"<span class=\"woocommerce-Price-amount amount\"><bdi><span class=\"woocommerce-Price-currencySymbol\">&euro;<\/span>&nbsp;199,00<\/bdi><\/span>","category":"3D Schilderijen metaal","_links":{"self":[{"href":"https:\/\/dev.eliassen.nl\/de\/wp-json\/wp\/v2\/product\/174506","targetHints":{"allow":["GET"]}}],"collection":[{"href":"https:\/\/dev.eliassen.nl\/de\/wp-json\/wp\/v2\/product"}],"about":[{"href":"https:\/\/dev.eliassen.nl\/de\/wp-json\/wp\/v2\/types\/product"}],"wp:featuredmedia":[{"embeddable":true,"href":"https:\/\/dev.eliassen.nl\/de\/wp-json\/wp\/v2\/media\/174507"}],"wp:attachment":[{"href":"https:\/\/dev.eliassen.nl\/de\/wp-json\/wp\/v2\/media?parent=174506"}],"wp:term":[{"taxonomy":"product_brand","embeddable":true,"href":"https:\/\/dev.eliassen.nl\/de\/wp-json\/wp\/v2\/product_brand?post=174506"},{"taxonomy":"product_cat","embeddable":true,"href":"https:\/\/dev.eliassen.nl\/de\/wp-json\/wp\/v2\/product_cat?post=174506"},{"taxonomy":"product_tag","embeddable":true,"href":"https:\/\/dev.eliassen.nl\/de\/wp-json\/wp\/v2\/product_tag?post=174506"}],"curies":[{"name":"wp","href":"https:\/\/api.w.org\/{rel}","templated":true}]}}