{"id":17494,"date":"2019-10-28T18:48:16","date_gmt":"2019-10-28T17:48:16","guid":{"rendered":"https:\/\/www.eliassen.nl\/?product=metall-malerei-regen-zeit-80x120cm"},"modified":"2024-12-05T15:27:08","modified_gmt":"2024-12-05T14:27:08","slug":"gemalde-frau-in-rot-mit-regenschirm-3d-aus-metall-80x120cm","status":"publish","type":"product","link":"https:\/\/dev.eliassen.nl\/de\/product\/gemalde-frau-in-rot-mit-regenschirm-3d-aus-metall-80x120cm\/","title":{"rendered":"Gem\u00e4lde Frau in Rot mit Regenschirm 3D aus Metall 80x120cm"},"content":{"rendered":"<p>Ihr Zuhause, Ihr Gesch\u00e4ft oder Ihre Veranda (unter einem Dach) wird mit diesem 3D-Metallgem\u00e4lde einer Frau in Rot mit Regenschirm wundersch\u00f6n aussehen. Dieses Modell mit Menschen im Regen ist komplett von Hand gefertigt. Alles ist aus Metall, auch der Hintergrund und die Figur. Da es handbemalt ist, kann die Farbe leicht vom Foto abweichen, sie sind nie genau gleich.<\/p>\n<p>Mit dieser vollst\u00e4ndig von Hand gefertigten Wanddekoration wird Ihr Zuhause oder Ihr Unternehmen wundersch\u00f6n aussehen. Erhaben aus einzelnen Metallteilen gefertigt, die alle von Hand zusammengeschwei\u00dft werden, um einen optimalen 3D-Effekt zu erzielen. Ein sehr arbeitsintensives St\u00fcck Wanddekoration, jedes mit einem einzigartigen Charakter. Dieses Modell-Metallgem\u00e4lde mit einer roten Frau mit Regenschirm ist komplett handgefertigt. Alles an diesem Wandobjekt ist aus Metall, sowohl der Hintergrund als auch die Figur.<\/p>\n<p>Wir haben auch fast die gesamte Kollektion dieser Serie im Gesch\u00e4ft, was in den Niederlanden einzigartig ist.<br \/>Nirgendwo sonst finden Sie eine so gro\u00dfe Sammlung. Gern geschehen.<\/p>\n<ul>\n<li>Gr\u00f6\u00dfe 80x120cm<\/li>\n<li>Einfache Aufh\u00e4ngung mit 2 Schrauben<\/li>\n<li>Schnell geliefert<\/li>\n<li>Gr\u00f6\u00dfte Sammlung in den Benelux-L\u00e4ndern, die auch live besichtigt werden kann<\/li>\n<\/ul>\n","protected":false},"excerpt":{"rendered":"<p>Handgefertigt im abstrakten Look.<\/p>\n","protected":false},"featured_media":17491,"template":"","meta":{"_acf_changed":false},"product_brand":[6916],"product_cat":[419,434,410],"product_tag":[],"class_list":{"0":"post-17494","1":"product","2":"type-product","3":"status-publish","4":"has-post-thumbnail","6":"product_brand-eliassen-de","7":"product_cat-3d-gemaelde-aus-metall","8":"product_cat-3d-gemaelde-aus-metall-im-format-80x120cm","9":"product_cat-gemaelde","11":"first","12":"instock","13":"taxable","14":"shipping-taxable","15":"purchasable","16":"product-type-simple"},"acf":[],"yoast_head":"<!-- This site is optimized with the Yoast SEO plugin v23.8 - https:\/\/yoast.com\/wordpress\/plugins\/seo\/ -->\n<title>3D-Malerei Frau in Rot mit Regenschirm | 3D-Metall | 80x120cm<\/title>\n<meta name=\"description\" content=\"Gem\u00e4lde Frau in Rot mit Regenschirm aus 3D-Metall als wundersch\u00f6nes Kunstwerk f\u00fcr Ihr Zuhause oder B\u00fcro. Handgefertigt. Auch mehrere Gem\u00e4lde mit Frauen sind ...\" \/>\n<meta name=\"robots\" content=\"noindex, follow, max-snippet:-1, max-image-preview:large, max-video-preview:-1\" \/>\n<meta property=\"og:locale\" content=\"de_DE\" \/>\n<meta property=\"og:type\" content=\"article\" \/>\n<meta property=\"og:title\" content=\"3D-Malerei Frau in Rot mit Regenschirm | 3D-Metall | 80x120cm\" \/>\n<meta property=\"og:description\" content=\"Gem\u00e4lde Frau in Rot mit Regenschirm aus 3D-Metall als wundersch\u00f6nes Kunstwerk f\u00fcr Ihr Zuhause oder B\u00fcro. Handgefertigt. Auch mehrere Gem\u00e4lde mit Frauen sind ...\" \/>\n<meta property=\"og:url\" content=\"https:\/\/dev.eliassen.nl\/de\/product\/gemalde-frau-in-rot-mit-regenschirm-3d-aus-metall-80x120cm\/\" \/>\n<meta property=\"og:site_name\" content=\"Eliassen.nl\" \/>\n<meta property=\"article:publisher\" content=\"https:\/\/www.facebook.com\/TuincentrumEliassenAmmerzoden\" \/>\n<meta property=\"article:modified_time\" content=\"2024-12-05T14:27:08+00:00\" \/>\n<meta property=\"og:image\" content=\"https:\/\/dev.eliassen.nl\/wp-content\/uploads\/2024\/01\/schilderijvrouwinroodmetparaplu3dmetaal80x.jpg\" \/>\n\t<meta property=\"og:image:width\" content=\"1024\" \/>\n\t<meta property=\"og:image:height\" content=\"675\" \/>\n\t<meta property=\"og:image:type\" content=\"image\/jpeg\" \/>\n<meta name=\"twitter:card\" content=\"summary_large_image\" \/>\n<script type=\"application\/ld+json\" class=\"yoast-schema-graph\">{\"@context\":\"https:\/\/schema.org\",\"@graph\":[{\"@type\":\"WebPage\",\"@id\":\"https:\/\/dev.eliassen.nl\/de\/product\/gemalde-frau-in-rot-mit-regenschirm-3d-aus-metall-80x120cm\/\",\"url\":\"https:\/\/dev.eliassen.nl\/de\/product\/gemalde-frau-in-rot-mit-regenschirm-3d-aus-metall-80x120cm\/\",\"name\":\"3D-Malerei Frau in Rot mit Regenschirm | 3D-Metall | 80x120cm\",\"isPartOf\":{\"@id\":\"https:\/\/dev.eliassen.nl\/de\/#website\"},\"primaryImageOfPage\":{\"@id\":\"https:\/\/dev.eliassen.nl\/de\/product\/gemalde-frau-in-rot-mit-regenschirm-3d-aus-metall-80x120cm\/#primaryimage\"},\"image\":{\"@id\":\"https:\/\/dev.eliassen.nl\/de\/product\/gemalde-frau-in-rot-mit-regenschirm-3d-aus-metall-80x120cm\/#primaryimage\"},\"thumbnailUrl\":\"https:\/\/dev.eliassen.nl\/wp-content\/uploads\/2024\/01\/schilderijvrouwinroodmetparaplu3dmetaal80x.jpg\",\"datePublished\":\"2019-10-28T17:48:16+00:00\",\"dateModified\":\"2024-12-05T14:27:08+00:00\",\"description\":\"Gem\u00e4lde Frau in Rot mit Regenschirm aus 3D-Metall als wundersch\u00f6nes Kunstwerk f\u00fcr Ihr Zuhause oder B\u00fcro. Handgefertigt. Auch mehrere Gem\u00e4lde mit Frauen sind ...\",\"breadcrumb\":{\"@id\":\"https:\/\/dev.eliassen.nl\/de\/product\/gemalde-frau-in-rot-mit-regenschirm-3d-aus-metall-80x120cm\/#breadcrumb\"},\"inLanguage\":\"de\",\"potentialAction\":[{\"@type\":\"ReadAction\",\"target\":[\"https:\/\/dev.eliassen.nl\/de\/product\/gemalde-frau-in-rot-mit-regenschirm-3d-aus-metall-80x120cm\/\"]}]},{\"@type\":\"ImageObject\",\"inLanguage\":\"de\",\"@id\":\"https:\/\/dev.eliassen.nl\/de\/product\/gemalde-frau-in-rot-mit-regenschirm-3d-aus-metall-80x120cm\/#primaryimage\",\"url\":\"https:\/\/dev.eliassen.nl\/wp-content\/uploads\/2024\/01\/schilderijvrouwinroodmetparaplu3dmetaal80x.jpg\",\"contentUrl\":\"https:\/\/dev.eliassen.nl\/wp-content\/uploads\/2024\/01\/schilderijvrouwinroodmetparaplu3dmetaal80x.jpg\",\"width\":1024,\"height\":675,\"caption\":\"Schilderij vrouw in rood met paraplu 3D metaal 80x120cm | Eliassen.nl\"},{\"@type\":\"BreadcrumbList\",\"@id\":\"https:\/\/dev.eliassen.nl\/de\/product\/gemalde-frau-in-rot-mit-regenschirm-3d-aus-metall-80x120cm\/#breadcrumb\",\"itemListElement\":[{\"@type\":\"ListItem\",\"position\":1,\"name\":\"Home\",\"item\":\"https:\/\/dev.eliassen.nl\/de\/\"},{\"@type\":\"ListItem\",\"position\":2,\"name\":\"Shop\",\"item\":\"https:\/\/dev.eliassen.nl\/nl\/winkel\/\"},{\"@type\":\"ListItem\",\"position\":3,\"name\":\"Gem\u00e4lde\",\"item\":\"https:\/\/dev.eliassen.nl\/de\/gemaelde\/\"},{\"@type\":\"ListItem\",\"position\":4,\"name\":\"3D-Gem\u00e4lde aus Metall\",\"item\":\"https:\/\/dev.eliassen.nl\/de\/gemaelde\/3d-gemaelde-aus-metall\/\"},{\"@type\":\"ListItem\",\"position\":5,\"name\":\"3D-Gem\u00e4lde aus Metall im Format 80x120cm\",\"item\":\"https:\/\/dev.eliassen.nl\/de\/gemaelde\/3d-gemaelde-aus-metall\/3d-gemaelde-aus-metall-im-format-80x120cm\/\"},{\"@type\":\"ListItem\",\"position\":6,\"name\":\"Gem\u00e4lde Frau in Rot mit Regenschirm 3D aus Metall 80x120cm\"}]},{\"@type\":\"WebSite\",\"@id\":\"https:\/\/dev.eliassen.nl\/de\/#website\",\"url\":\"https:\/\/dev.eliassen.nl\/de\/\",\"name\":\"Eliassen Home & Garden Pleasure\",\"description\":\"\",\"publisher\":{\"@id\":\"https:\/\/dev.eliassen.nl\/de\/#organization\"},\"alternateName\":\"Eliassen.nl\",\"potentialAction\":[{\"@type\":\"SearchAction\",\"target\":{\"@type\":\"EntryPoint\",\"urlTemplate\":\"https:\/\/dev.eliassen.nl\/de\/?s={search_term_string}\"},\"query-input\":{\"@type\":\"PropertyValueSpecification\",\"valueRequired\":true,\"valueName\":\"search_term_string\"}}],\"inLanguage\":\"de\"},{\"@type\":\"Organization\",\"@id\":\"https:\/\/dev.eliassen.nl\/de\/#organization\",\"name\":\"Eliassen Home & Garden Pleasure\",\"url\":\"https:\/\/dev.eliassen.nl\/de\/\",\"logo\":{\"@type\":\"ImageObject\",\"inLanguage\":\"de\",\"@id\":\"https:\/\/dev.eliassen.nl\/de\/#\/schema\/logo\/image\/\",\"url\":\"https:\/\/www.eliassen.nl\/wp-content\/uploads\/2024\/01\/logo_4nd.jpg\",\"contentUrl\":\"https:\/\/www.eliassen.nl\/wp-content\/uploads\/2024\/01\/logo_4nd.jpg\",\"width\":500,\"height\":500,\"caption\":\"Eliassen Home & Garden Pleasure\"},\"image\":{\"@id\":\"https:\/\/dev.eliassen.nl\/de\/#\/schema\/logo\/image\/\"},\"sameAs\":[\"https:\/\/www.facebook.com\/TuincentrumEliassenAmmerzoden\",\"https:\/\/www.instagram.com\/eliassenhomeandgarden\/\",\"https:\/\/nl.pinterest.com\/eliassenhomeandgarden\/\",\"https:\/\/www.youtube.com\/@eliassenhomegardenpleasure4558\"]}]}<\/script>\n<!-- \/ Yoast SEO plugin. -->","yoast_head_json":{"title":"3D-Malerei Frau in Rot mit Regenschirm | 3D-Metall | 80x120cm","description":"Gem\u00e4lde Frau in Rot mit Regenschirm aus 3D-Metall als wundersch\u00f6nes Kunstwerk f\u00fcr Ihr Zuhause oder B\u00fcro. Handgefertigt. Auch mehrere Gem\u00e4lde mit Frauen sind ...","robots":{"index":"noindex","follow":"follow","max-snippet":"max-snippet:-1","max-image-preview":"max-image-preview:large","max-video-preview":"max-video-preview:-1"},"og_locale":"de_DE","og_type":"article","og_title":"3D-Malerei Frau in Rot mit Regenschirm | 3D-Metall | 80x120cm","og_description":"Gem\u00e4lde Frau in Rot mit Regenschirm aus 3D-Metall als wundersch\u00f6nes Kunstwerk f\u00fcr Ihr Zuhause oder B\u00fcro. Handgefertigt. Auch mehrere Gem\u00e4lde mit Frauen sind ...","og_url":"https:\/\/dev.eliassen.nl\/de\/product\/gemalde-frau-in-rot-mit-regenschirm-3d-aus-metall-80x120cm\/","og_site_name":"Eliassen.nl","article_publisher":"https:\/\/www.facebook.com\/TuincentrumEliassenAmmerzoden","article_modified_time":"2024-12-05T14:27:08+00:00","og_image":[{"width":1024,"height":675,"url":"https:\/\/dev.eliassen.nl\/wp-content\/uploads\/2024\/01\/schilderijvrouwinroodmetparaplu3dmetaal80x.jpg","type":"image\/jpeg"}],"twitter_card":"summary_large_image","schema":{"@context":"https:\/\/schema.org","@graph":[{"@type":"WebPage","@id":"https:\/\/dev.eliassen.nl\/de\/product\/gemalde-frau-in-rot-mit-regenschirm-3d-aus-metall-80x120cm\/","url":"https:\/\/dev.eliassen.nl\/de\/product\/gemalde-frau-in-rot-mit-regenschirm-3d-aus-metall-80x120cm\/","name":"3D-Malerei Frau in Rot mit Regenschirm | 3D-Metall | 80x120cm","isPartOf":{"@id":"https:\/\/dev.eliassen.nl\/de\/#website"},"primaryImageOfPage":{"@id":"https:\/\/dev.eliassen.nl\/de\/product\/gemalde-frau-in-rot-mit-regenschirm-3d-aus-metall-80x120cm\/#primaryimage"},"image":{"@id":"https:\/\/dev.eliassen.nl\/de\/product\/gemalde-frau-in-rot-mit-regenschirm-3d-aus-metall-80x120cm\/#primaryimage"},"thumbnailUrl":"https:\/\/dev.eliassen.nl\/wp-content\/uploads\/2024\/01\/schilderijvrouwinroodmetparaplu3dmetaal80x.jpg","datePublished":"2019-10-28T17:48:16+00:00","dateModified":"2024-12-05T14:27:08+00:00","description":"Gem\u00e4lde Frau in Rot mit Regenschirm aus 3D-Metall als wundersch\u00f6nes Kunstwerk f\u00fcr Ihr Zuhause oder B\u00fcro. Handgefertigt. Auch mehrere Gem\u00e4lde mit Frauen sind ...","breadcrumb":{"@id":"https:\/\/dev.eliassen.nl\/de\/product\/gemalde-frau-in-rot-mit-regenschirm-3d-aus-metall-80x120cm\/#breadcrumb"},"inLanguage":"de","potentialAction":[{"@type":"ReadAction","target":["https:\/\/dev.eliassen.nl\/de\/product\/gemalde-frau-in-rot-mit-regenschirm-3d-aus-metall-80x120cm\/"]}]},{"@type":"ImageObject","inLanguage":"de","@id":"https:\/\/dev.eliassen.nl\/de\/product\/gemalde-frau-in-rot-mit-regenschirm-3d-aus-metall-80x120cm\/#primaryimage","url":"https:\/\/dev.eliassen.nl\/wp-content\/uploads\/2024\/01\/schilderijvrouwinroodmetparaplu3dmetaal80x.jpg","contentUrl":"https:\/\/dev.eliassen.nl\/wp-content\/uploads\/2024\/01\/schilderijvrouwinroodmetparaplu3dmetaal80x.jpg","width":1024,"height":675,"caption":"Schilderij vrouw in rood met paraplu 3D metaal 80x120cm | Eliassen.nl"},{"@type":"BreadcrumbList","@id":"https:\/\/dev.eliassen.nl\/de\/product\/gemalde-frau-in-rot-mit-regenschirm-3d-aus-metall-80x120cm\/#breadcrumb","itemListElement":[{"@type":"ListItem","position":1,"name":"Home","item":"https:\/\/dev.eliassen.nl\/de\/"},{"@type":"ListItem","position":2,"name":"Shop","item":"https:\/\/dev.eliassen.nl\/nl\/winkel\/"},{"@type":"ListItem","position":3,"name":"Gem\u00e4lde","item":"https:\/\/dev.eliassen.nl\/de\/gemaelde\/"},{"@type":"ListItem","position":4,"name":"3D-Gem\u00e4lde aus Metall","item":"https:\/\/dev.eliassen.nl\/de\/gemaelde\/3d-gemaelde-aus-metall\/"},{"@type":"ListItem","position":5,"name":"3D-Gem\u00e4lde aus Metall im Format 80x120cm","item":"https:\/\/dev.eliassen.nl\/de\/gemaelde\/3d-gemaelde-aus-metall\/3d-gemaelde-aus-metall-im-format-80x120cm\/"},{"@type":"ListItem","position":6,"name":"Gem\u00e4lde Frau in Rot mit Regenschirm 3D aus Metall 80x120cm"}]},{"@type":"WebSite","@id":"https:\/\/dev.eliassen.nl\/de\/#website","url":"https:\/\/dev.eliassen.nl\/de\/","name":"Eliassen Home & Garden Pleasure","description":"","publisher":{"@id":"https:\/\/dev.eliassen.nl\/de\/#organization"},"alternateName":"Eliassen.nl","potentialAction":[{"@type":"SearchAction","target":{"@type":"EntryPoint","urlTemplate":"https:\/\/dev.eliassen.nl\/de\/?s={search_term_string}"},"query-input":{"@type":"PropertyValueSpecification","valueRequired":true,"valueName":"search_term_string"}}],"inLanguage":"de"},{"@type":"Organization","@id":"https:\/\/dev.eliassen.nl\/de\/#organization","name":"Eliassen Home & Garden Pleasure","url":"https:\/\/dev.eliassen.nl\/de\/","logo":{"@type":"ImageObject","inLanguage":"de","@id":"https:\/\/dev.eliassen.nl\/de\/#\/schema\/logo\/image\/","url":"https:\/\/www.eliassen.nl\/wp-content\/uploads\/2024\/01\/logo_4nd.jpg","contentUrl":"https:\/\/www.eliassen.nl\/wp-content\/uploads\/2024\/01\/logo_4nd.jpg","width":500,"height":500,"caption":"Eliassen Home & Garden Pleasure"},"image":{"@id":"https:\/\/dev.eliassen.nl\/de\/#\/schema\/logo\/image\/"},"sameAs":["https:\/\/www.facebook.com\/TuincentrumEliassenAmmerzoden","https:\/\/www.instagram.com\/eliassenhomeandgarden\/","https:\/\/nl.pinterest.com\/eliassenhomeandgarden\/","https:\/\/www.youtube.com\/@eliassenhomegardenpleasure4558"]}]}},"df_price":209,"df_sale_price":"","df_regular_price":209,"df_image_link":"https:\/\/dev.eliassen.nl\/wp-content\/uploads\/2024\/01\/schilderijvrouwinroodmetparaplu3dmetaal80x.jpg","image":"https:\/\/dev.eliassen.nl\/wp-content\/uploads\/2024\/01\/schilderijvrouwinroodmetparaplu3dmetaal80x.jpg","price_search":"<span class=\"woocommerce-Price-amount amount\"><bdi><span class=\"woocommerce-Price-currencySymbol\">&euro;<\/span>&nbsp;209,00<\/bdi><\/span>","category":"3D-Gem\u00e4lde aus Metall","_links":{"self":[{"href":"https:\/\/dev.eliassen.nl\/de\/wp-json\/wp\/v2\/product\/17494","targetHints":{"allow":["GET"]}}],"collection":[{"href":"https:\/\/dev.eliassen.nl\/de\/wp-json\/wp\/v2\/product"}],"about":[{"href":"https:\/\/dev.eliassen.nl\/de\/wp-json\/wp\/v2\/types\/product"}],"wp:featuredmedia":[{"embeddable":true,"href":"https:\/\/dev.eliassen.nl\/de\/wp-json\/wp\/v2\/media\/17491"}],"wp:attachment":[{"href":"https:\/\/dev.eliassen.nl\/de\/wp-json\/wp\/v2\/media?parent=17494"}],"wp:term":[{"taxonomy":"product_brand","embeddable":true,"href":"https:\/\/dev.eliassen.nl\/de\/wp-json\/wp\/v2\/product_brand?post=17494"},{"taxonomy":"product_cat","embeddable":true,"href":"https:\/\/dev.eliassen.nl\/de\/wp-json\/wp\/v2\/product_cat?post=17494"},{"taxonomy":"product_tag","embeddable":true,"href":"https:\/\/dev.eliassen.nl\/de\/wp-json\/wp\/v2\/product_tag?post=17494"}],"curies":[{"name":"wp","href":"https:\/\/api.w.org\/{rel}","templated":true}]}}